{"id":70965,"date":"2024-09-11T10:12:37","date_gmt":"2024-09-11T09:12:37","guid":{"rendered":"https:\/\/pro.costa-verde.com\/produto\/taca-15h9cm-ambitiousdoubleambitious\/"},"modified":"2024-09-11T10:12:37","modified_gmt":"2024-09-11T09:12:37","slug":"taca-15h9cm-ambitiousdoubleambitious","status":"publish","type":"product","link":"https:\/\/pro.costa-verde.com\/es\/produto\/taca-15h9cm-ambitiousdoubleambitious\/","title":{"rendered":"Ta\u00e7a 15h9cm"},"content":{"rendered":"\t\t<div data-elementor-type=\"product-post\" data-elementor-id=\"70965\" class=\"elementor elementor-70965 elementor-60713\" data-elementor-post-type=\"product\">\n\t\t\t\t\t\t<section class=\"elementor-section elementor-top-section elementor-element elementor-element-5d7996d0 elementor-section-boxed elementor-section-height-default elementor-section-height-default\" data-id=\"5d7996d0\" data-element_type=\"section\">\n\t\t\t\t\t\t<div class=\"elementor-container elementor-column-gap-default\">\n\t\t\t\t\t<div class=\"elementor-column elementor-col-100 elementor-top-column elementor-element elementor-element-17952ef8\" data-id=\"17952ef8\" data-element_type=\"column\">\n\t\t\t<div class=\"elementor-widget-wrap elementor-element-populated\">\n\t\t\t\t\t\t<div class=\"elementor-element elementor-element-2440e4d4 elementor-widget elementor-widget-text-editor\" data-id=\"2440e4d4\" data-element_type=\"widget\" data-widget_type=\"text-editor.default\">\n\t\t\t\t<div class=\"elementor-widget-container\">\n\t\t\t\t\t\t\t\t\t<p>Resultado da combina\u00e7\u00e3o de diversas\u00a0<a href=\"https:\/\/costa-verde.com\/colecoes-costa-verde\/\">cole\u00e7\u00f5es da Costa Verde<\/a>,\u00a0Bubbly transporta-nos para um mundo onde cada momento \u00e9 uma explos\u00e3o de alegria, onde todos os sentidos se despertam e envolvem numa sinfonia de efervesc\u00eancia. Sinta a subtileza da sua textura, ao mesmo tempo que celebra a calma, a tranquilidade e a inova\u00e7\u00e3o do resultado de aplica\u00e7\u00e3o de um vidrado sob impress\u00e3o digital.<\/p><p><div class=\"bg-margin-for-link\"><input type='hidden' bg_collapse_expand='6a050ed8760938064895560' value='6a050ed8760938064895560'><input type='hidden' id='bg-show-more-text-6a050ed8760938064895560' value='Ver mais'><input type='hidden' id='bg-show-less-text-6a050ed8760938064895560' value='Ver menos'><a id='bg-showmore-action-6a050ed8760938064895560' class='bg-showmore-plg-link  '  style=\" color:#414141;;\" href='#'>Ver mais<\/a><div id='bg-showmore-hidden-6a050ed8760938064895560' ><\/p><p><strong><a href=\"https:\/\/costa-verde.com\/colecoes-moods\/\">O conceito Moods<\/a><\/strong><\/p><p>Moods \u00e9 sin\u00f3nimo de estado de esp\u00edrito, de comportamento, de atitude, emo\u00e7\u00e3o, capacidade de resposta, desejo, tend\u00eancia e singularidade.<\/p><p>Estruturado por um estado de esp\u00edrito e comportamento intimamente ligados \u00e0 mudan\u00e7a, Moods personifica a express\u00e3o m\u00e1xima de uma nova atmosfera de emo\u00e7\u00f5es que envolvem a utiliza\u00e7\u00e3o do produto, bem como dos desejos e \u00faltimas tend\u00eancias do mercado; e uma nova atmosfera interna, resultado de um intenso processo de investiga\u00e7\u00e3o e desenvolvimento em porcelana, que resulta numa nova abordagem manual, garantindo o mesmo toque, beleza e sofistica\u00e7\u00e3o que s\u00f3 a porcelana proporciona, em pe\u00e7as com padr\u00f5es \u00fanicos, t\u00e3o singulares como cada um de n\u00f3s.<\/p><p>Orgulhosamente fabricadas em Portugal, naquela que provavelmente \u00e9 a melhor\u00a0<a href=\"https:\/\/costa-verde.com\/fabrica-costa-verde\/\">unidade de fabrico de porcelana<\/a>, a Costa Verde, as pe\u00e7as Moods s\u00e3o amplamente testadas para resistirem \u00e0 utiliza\u00e7\u00e3o intensa e massiva. As suas decora\u00e7\u00f5es assumem um misto de rutura, inova\u00e7\u00e3o e desenvolvimento de produto, ao incorporar vidrados reativos ou mate, fruto de um longo processo de investiga\u00e7\u00e3o.<\/p><p>Na\u00a0<a href=\"https:\/\/costa-verde.com\/\">Costa Verde<\/a>, com a nossa experi\u00eancia e saber fazer, produzimos porcelana com um sentido de desempenho e de performance. Do impacto visual \u00e0s sensa\u00e7\u00f5es t\u00e1teis, a porcelana que produzimos \u00e9 pensada para ser vivida e sentida, porque todos os sentidos contam (<a href=\"https:\/\/www.youtube.com\/watch?v=sGly6zFr_NQ\">All senses matter<\/a>).<\/p><p><\/div><\/div><\/p>\t\t\t\t\t\t\t\t<\/div>\n\t\t\t\t<\/div>\n\t\t\t\t\t<\/div>\n\t\t<\/div>\n\t\t\t\t\t<\/div>\n\t\t<\/section>\n\t\t\t\t<\/div>\n\t\t","protected":false},"excerpt":{"rendered":"<p>Resultado da combina\u00e7\u00e3o de diversas\u00a0cole\u00e7\u00f5es da Costa Verde,\u00a0Bubbly transporta-nos para um mundo onde cada momento \u00e9 uma explos\u00e3o de alegria, onde todos os sentidos se despertam e envolvem numa sinfonia de efervesc\u00eancia. Sinta a subtileza da sua textura, ao mesmo tempo que celebra a calma, a tranquilidade e a inova\u00e7\u00e3o do resultado de aplica\u00e7\u00e3o de [&hellip;]<\/p>\n","protected":false},"featured_media":60576,"comment_status":"open","ping_status":"closed","template":"","meta":[],"product_brand":[],"product_cat":[604],"product_tag":[],"class_list":{"0":"post-70965","1":"product","2":"type-product","3":"status-publish","4":"has-post-thumbnail","6":"product_cat-sin-categorizar","7":"pa_colecao-ambitious-double-ambitious","9":"first","10":"instock","11":"taxable","12":"shipping-taxable","13":"product-type-simple"},"yoast_head":"<!-- This site is optimized with the Yoast SEO plugin v26.9 - https:\/\/yoast.com\/product\/yoast-seo-wordpress\/ -->\n<title>Ta\u00e7a 15h9cm - Costa Verde<\/title>\n<meta name=\"robots\" content=\"index, follow, max-snippet:-1, max-image-preview:large, max-video-preview:-1\" \/>\n<link rel=\"canonical\" href=\"https:\/\/pro.costa-verde.com\/es\/produto\/taca-15h9cm-ambitiousdoubleambitious\/\" \/>\n<meta property=\"og:locale\" content=\"es_ES\" \/>\n<meta property=\"og:type\" content=\"article\" \/>\n<meta property=\"og:title\" content=\"Ta\u00e7a 15h9cm - Costa Verde\" \/>\n<meta property=\"og:description\" content=\"Resultado da combina\u00e7\u00e3o de diversas\u00a0cole\u00e7\u00f5es da Costa Verde,\u00a0Bubbly transporta-nos para um mundo onde cada momento \u00e9 uma explos\u00e3o de alegria, onde todos os sentidos se despertam e envolvem numa sinfonia de efervesc\u00eancia. Sinta a subtileza da sua textura, ao mesmo tempo que celebra a calma, a tranquilidade e a inova\u00e7\u00e3o do resultado de aplica\u00e7\u00e3o de [&hellip;]\" \/>\n<meta property=\"og:url\" content=\"https:\/\/pro.costa-verde.com\/es\/produto\/taca-15h9cm-ambitiousdoubleambitious\/\" \/>\n<meta property=\"og:site_name\" content=\"Costa Verde\" \/>\n<meta property=\"article:publisher\" content=\"https:\/\/www.facebook.com\/costaverdeporcelanas\/\" \/>\n<meta property=\"og:image\" content=\"https:\/\/pro.costa-verde.com\/wp-content\/uploads\/2021\/04\/costa.verde_.png\" \/>\n\t<meta property=\"og:image:width\" content=\"200\" \/>\n\t<meta property=\"og:image:height\" content=\"200\" \/>\n\t<meta property=\"og:image:type\" content=\"image\/png\" \/>\n<meta name=\"twitter:card\" content=\"summary_large_image\" \/>\n<meta name=\"twitter:label1\" content=\"Tiempo de lectura\" \/>\n\t<meta name=\"twitter:data1\" content=\"2 minutos\" \/>\n<script type=\"application\/ld+json\" class=\"yoast-schema-graph\">{\"@context\":\"https:\/\/schema.org\",\"@graph\":[{\"@type\":\"WebPage\",\"@id\":\"https:\/\/pro.costa-verde.com\/es\/produto\/taca-15h9cm-ambitiousdoubleambitious\/\",\"url\":\"https:\/\/pro.costa-verde.com\/es\/produto\/taca-15h9cm-ambitiousdoubleambitious\/\",\"name\":\"Ta\u00e7a 15h9cm - Costa Verde\",\"isPartOf\":{\"@id\":\"https:\/\/pro.costa-verde.com\/#website\"},\"primaryImageOfPage\":{\"@id\":\"https:\/\/pro.costa-verde.com\/es\/produto\/taca-15h9cm-ambitiousdoubleambitious\/#primaryimage\"},\"image\":{\"@id\":\"https:\/\/pro.costa-verde.com\/es\/produto\/taca-15h9cm-ambitiousdoubleambitious\/#primaryimage\"},\"thumbnailUrl\":\"https:\/\/pro.costa-verde.com\/wp-content\/uploads\/2024\/09\/0550090-UNI-TACA-15-H9CM.jpg\",\"datePublished\":\"2024-09-11T09:12:37+00:00\",\"breadcrumb\":{\"@id\":\"https:\/\/pro.costa-verde.com\/es\/produto\/taca-15h9cm-ambitiousdoubleambitious\/#breadcrumb\"},\"inLanguage\":\"es\",\"potentialAction\":[{\"@type\":\"ReadAction\",\"target\":[\"https:\/\/pro.costa-verde.com\/es\/produto\/taca-15h9cm-ambitiousdoubleambitious\/\"]}]},{\"@type\":\"ImageObject\",\"inLanguage\":\"es\",\"@id\":\"https:\/\/pro.costa-verde.com\/es\/produto\/taca-15h9cm-ambitiousdoubleambitious\/#primaryimage\",\"url\":\"https:\/\/pro.costa-verde.com\/wp-content\/uploads\/2024\/09\/0550090-UNI-TACA-15-H9CM.jpg\",\"contentUrl\":\"https:\/\/pro.costa-verde.com\/wp-content\/uploads\/2024\/09\/0550090-UNI-TACA-15-H9CM.jpg\",\"width\":1920,\"height\":1230},{\"@type\":\"BreadcrumbList\",\"@id\":\"https:\/\/pro.costa-verde.com\/es\/produto\/taca-15h9cm-ambitiousdoubleambitious\/#breadcrumb\",\"itemListElement\":[{\"@type\":\"ListItem\",\"position\":1,\"name\":\"In\u00edcio\",\"item\":\"https:\/\/pro.costa-verde.com\/es\/\"},{\"@type\":\"ListItem\",\"position\":2,\"name\":\"Loja online\",\"item\":\"https:\/\/pro.costa-verde.com\/loja-online\/\"},{\"@type\":\"ListItem\",\"position\":3,\"name\":\"Ta\u00e7a 15h9cm\"}]},{\"@type\":\"WebSite\",\"@id\":\"https:\/\/pro.costa-verde.com\/#website\",\"url\":\"https:\/\/pro.costa-verde.com\/\",\"name\":\"Costa Verde\",\"description\":\"Loja Online\",\"potentialAction\":[{\"@type\":\"SearchAction\",\"target\":{\"@type\":\"EntryPoint\",\"urlTemplate\":\"https:\/\/pro.costa-verde.com\/?s={search_term_string}\"},\"query-input\":{\"@type\":\"PropertyValueSpecification\",\"valueRequired\":true,\"valueName\":\"search_term_string\"}}],\"inLanguage\":\"es\"}]}<\/script>\n<!-- \/ Yoast SEO plugin. -->","yoast_head_json":{"title":"Ta\u00e7a 15h9cm - Costa Verde","robots":{"index":"index","follow":"follow","max-snippet":"max-snippet:-1","max-image-preview":"max-image-preview:large","max-video-preview":"max-video-preview:-1"},"canonical":"https:\/\/pro.costa-verde.com\/es\/produto\/taca-15h9cm-ambitiousdoubleambitious\/","og_locale":"es_ES","og_type":"article","og_title":"Ta\u00e7a 15h9cm - Costa Verde","og_description":"Resultado da combina\u00e7\u00e3o de diversas\u00a0cole\u00e7\u00f5es da Costa Verde,\u00a0Bubbly transporta-nos para um mundo onde cada momento \u00e9 uma explos\u00e3o de alegria, onde todos os sentidos se despertam e envolvem numa sinfonia de efervesc\u00eancia. Sinta a subtileza da sua textura, ao mesmo tempo que celebra a calma, a tranquilidade e a inova\u00e7\u00e3o do resultado de aplica\u00e7\u00e3o de [&hellip;]","og_url":"https:\/\/pro.costa-verde.com\/es\/produto\/taca-15h9cm-ambitiousdoubleambitious\/","og_site_name":"Costa Verde","article_publisher":"https:\/\/www.facebook.com\/costaverdeporcelanas\/","og_image":[{"width":200,"height":200,"url":"https:\/\/pro.costa-verde.com\/wp-content\/uploads\/2021\/04\/costa.verde_.png","type":"image\/png"}],"twitter_card":"summary_large_image","twitter_misc":{"Tiempo de lectura":"2 minutos"},"schema":{"@context":"https:\/\/schema.org","@graph":[{"@type":"WebPage","@id":"https:\/\/pro.costa-verde.com\/es\/produto\/taca-15h9cm-ambitiousdoubleambitious\/","url":"https:\/\/pro.costa-verde.com\/es\/produto\/taca-15h9cm-ambitiousdoubleambitious\/","name":"Ta\u00e7a 15h9cm - Costa Verde","isPartOf":{"@id":"https:\/\/pro.costa-verde.com\/#website"},"primaryImageOfPage":{"@id":"https:\/\/pro.costa-verde.com\/es\/produto\/taca-15h9cm-ambitiousdoubleambitious\/#primaryimage"},"image":{"@id":"https:\/\/pro.costa-verde.com\/es\/produto\/taca-15h9cm-ambitiousdoubleambitious\/#primaryimage"},"thumbnailUrl":"https:\/\/pro.costa-verde.com\/wp-content\/uploads\/2024\/09\/0550090-UNI-TACA-15-H9CM.jpg","datePublished":"2024-09-11T09:12:37+00:00","breadcrumb":{"@id":"https:\/\/pro.costa-verde.com\/es\/produto\/taca-15h9cm-ambitiousdoubleambitious\/#breadcrumb"},"inLanguage":"es","potentialAction":[{"@type":"ReadAction","target":["https:\/\/pro.costa-verde.com\/es\/produto\/taca-15h9cm-ambitiousdoubleambitious\/"]}]},{"@type":"ImageObject","inLanguage":"es","@id":"https:\/\/pro.costa-verde.com\/es\/produto\/taca-15h9cm-ambitiousdoubleambitious\/#primaryimage","url":"https:\/\/pro.costa-verde.com\/wp-content\/uploads\/2024\/09\/0550090-UNI-TACA-15-H9CM.jpg","contentUrl":"https:\/\/pro.costa-verde.com\/wp-content\/uploads\/2024\/09\/0550090-UNI-TACA-15-H9CM.jpg","width":1920,"height":1230},{"@type":"BreadcrumbList","@id":"https:\/\/pro.costa-verde.com\/es\/produto\/taca-15h9cm-ambitiousdoubleambitious\/#breadcrumb","itemListElement":[{"@type":"ListItem","position":1,"name":"In\u00edcio","item":"https:\/\/pro.costa-verde.com\/es\/"},{"@type":"ListItem","position":2,"name":"Loja online","item":"https:\/\/pro.costa-verde.com\/loja-online\/"},{"@type":"ListItem","position":3,"name":"Ta\u00e7a 15h9cm"}]},{"@type":"WebSite","@id":"https:\/\/pro.costa-verde.com\/#website","url":"https:\/\/pro.costa-verde.com\/","name":"Costa Verde","description":"Loja Online","potentialAction":[{"@type":"SearchAction","target":{"@type":"EntryPoint","urlTemplate":"https:\/\/pro.costa-verde.com\/?s={search_term_string}"},"query-input":{"@type":"PropertyValueSpecification","valueRequired":true,"valueName":"search_term_string"}}],"inLanguage":"es"}]}},"_links":{"self":[{"href":"https:\/\/pro.costa-verde.com\/es\/wp-json\/wp\/v2\/product\/70965","targetHints":{"allow":["GET"]}}],"collection":[{"href":"https:\/\/pro.costa-verde.com\/es\/wp-json\/wp\/v2\/product"}],"about":[{"href":"https:\/\/pro.costa-verde.com\/es\/wp-json\/wp\/v2\/types\/product"}],"replies":[{"embeddable":true,"href":"https:\/\/pro.costa-verde.com\/es\/wp-json\/wp\/v2\/comments?post=70965"}],"version-history":[{"count":0,"href":"https:\/\/pro.costa-verde.com\/es\/wp-json\/wp\/v2\/product\/70965\/revisions"}],"wp:featuredmedia":[{"embeddable":true,"href":"https:\/\/pro.costa-verde.com\/es\/wp-json\/wp\/v2\/media\/60576"}],"wp:attachment":[{"href":"https:\/\/pro.costa-verde.com\/es\/wp-json\/wp\/v2\/media?parent=70965"}],"wp:term":[{"taxonomy":"product_brand","embeddable":true,"href":"https:\/\/pro.costa-verde.com\/es\/wp-json\/wp\/v2\/product_brand?post=70965"},{"taxonomy":"product_cat","embeddable":true,"href":"https:\/\/pro.costa-verde.com\/es\/wp-json\/wp\/v2\/product_cat?post=70965"},{"taxonomy":"product_tag","embeddable":true,"href":"https:\/\/pro.costa-verde.com\/es\/wp-json\/wp\/v2\/product_tag?post=70965"}],"curies":[{"name":"wp","href":"https:\/\/api.w.org\/{rel}","templated":true}]}}