{"id":70306,"date":"2026-04-13T15:56:04","date_gmt":"2026-04-13T14:56:04","guid":{"rendered":"https:\/\/pro.costa-verde.com\/produto\/prato-coupe-26-cm-harmonyflow\/"},"modified":"2026-04-15T10:37:01","modified_gmt":"2026-04-15T09:37:01","slug":"plato-coupe-26-cm-harmonyflow","status":"publish","type":"product","link":"https:\/\/pro.costa-verde.com\/es\/produto\/plato-coupe-26-cm-harmonyflow\/","title":{"rendered":"Plato Coupe 26 cm"},"content":{"rendered":"","protected":false},"excerpt":{"rendered":"","protected":false},"featured_media":68623,"comment_status":"open","ping_status":"closed","template":"","meta":[],"product_brand":[],"product_cat":[604],"product_tag":[],"class_list":{"0":"post-70306","1":"product","2":"type-product","3":"status-publish","4":"has-post-thumbnail","6":"product_cat-sin-categorizar","7":"pa_colecao-harmony-flow","9":"first","10":"instock","11":"taxable","12":"shipping-taxable","13":"product-type-simple"},"yoast_head":"<!-- This site is optimized with the Yoast SEO plugin v26.9 - https:\/\/yoast.com\/product\/yoast-seo-wordpress\/ -->\n<title>Plato Coupe 26 cm - Costa Verde<\/title>\n<meta name=\"description\" content=\"Para al\u00e9m do Prato Coupe 26 cm da cole\u00e7\u00e3o Angry, veja aqui o restante servi\u00e7o de mesa! Crie empratamentos incr\u00edveis em sua casa.\" \/>\n<meta name=\"robots\" content=\"index, follow, max-snippet:-1, max-image-preview:large, max-video-preview:-1\" \/>\n<link rel=\"canonical\" href=\"https:\/\/pro.costa-verde.com\/es\/produto\/plato-coupe-26-cm-harmonyflow\/\" \/>\n<meta property=\"og:locale\" content=\"es_ES\" \/>\n<meta property=\"og:type\" content=\"article\" \/>\n<meta property=\"og:title\" content=\"Plato Coupe 26 cm - Costa Verde\" \/>\n<meta property=\"og:description\" content=\"Para al\u00e9m do Prato Coupe 26 cm da cole\u00e7\u00e3o Angry, veja aqui o restante servi\u00e7o de mesa! Crie empratamentos incr\u00edveis em sua casa.\" \/>\n<meta property=\"og:url\" content=\"https:\/\/pro.costa-verde.com\/es\/produto\/plato-coupe-26-cm-harmonyflow\/\" \/>\n<meta property=\"og:site_name\" content=\"Costa Verde\" \/>\n<meta property=\"article:publisher\" content=\"https:\/\/www.facebook.com\/costaverdeporcelanas\/\" \/>\n<meta property=\"article:modified_time\" content=\"2026-04-15T09:37:01+00:00\" \/>\n<meta property=\"og:image\" content=\"https:\/\/pro.costa-verde.com\/wp-content\/uploads\/2026\/01\/047001504595-SAC-PRATO-COUPE-26CM.jpg\" \/>\n\t<meta property=\"og:image:width\" content=\"1920\" \/>\n\t<meta property=\"og:image:height\" content=\"1230\" \/>\n\t<meta property=\"og:image:type\" content=\"image\/jpeg\" \/>\n<meta name=\"twitter:card\" content=\"summary_large_image\" \/>\n<meta name=\"twitter:label1\" content=\"Tiempo de lectura\" \/>\n\t<meta name=\"twitter:data1\" content=\"1 minuto\" \/>\n<script type=\"application\/ld+json\" class=\"yoast-schema-graph\">{\"@context\":\"https:\/\/schema.org\",\"@graph\":[{\"@type\":\"WebPage\",\"@id\":\"https:\/\/pro.costa-verde.com\/es\/produto\/plato-coupe-26-cm-harmonyflow\/\",\"url\":\"https:\/\/pro.costa-verde.com\/es\/produto\/plato-coupe-26-cm-harmonyflow\/\",\"name\":\"Plato Coupe 26 cm - Costa Verde\",\"isPartOf\":{\"@id\":\"https:\/\/pro.costa-verde.com\/#website\"},\"primaryImageOfPage\":{\"@id\":\"https:\/\/pro.costa-verde.com\/es\/produto\/plato-coupe-26-cm-harmonyflow\/#primaryimage\"},\"image\":{\"@id\":\"https:\/\/pro.costa-verde.com\/es\/produto\/plato-coupe-26-cm-harmonyflow\/#primaryimage\"},\"thumbnailUrl\":\"https:\/\/pro.costa-verde.com\/wp-content\/uploads\/2026\/01\/047001504595-SAC-PRATO-COUPE-26CM.jpg\",\"datePublished\":\"2026-04-13T14:56:04+00:00\",\"dateModified\":\"2026-04-15T09:37:01+00:00\",\"description\":\"Para al\u00e9m do Prato Coupe 26 cm da cole\u00e7\u00e3o Angry, veja aqui o restante servi\u00e7o de mesa! Crie empratamentos incr\u00edveis em sua casa.\",\"breadcrumb\":{\"@id\":\"https:\/\/pro.costa-verde.com\/es\/produto\/plato-coupe-26-cm-harmonyflow\/#breadcrumb\"},\"inLanguage\":\"es\",\"potentialAction\":[{\"@type\":\"ReadAction\",\"target\":[\"https:\/\/pro.costa-verde.com\/es\/produto\/plato-coupe-26-cm-harmonyflow\/\"]}]},{\"@type\":\"ImageObject\",\"inLanguage\":\"es\",\"@id\":\"https:\/\/pro.costa-verde.com\/es\/produto\/plato-coupe-26-cm-harmonyflow\/#primaryimage\",\"url\":\"https:\/\/pro.costa-verde.com\/wp-content\/uploads\/2026\/01\/047001504595-SAC-PRATO-COUPE-26CM.jpg\",\"contentUrl\":\"https:\/\/pro.costa-verde.com\/wp-content\/uploads\/2026\/01\/047001504595-SAC-PRATO-COUPE-26CM.jpg\",\"width\":1920,\"height\":1230},{\"@type\":\"BreadcrumbList\",\"@id\":\"https:\/\/pro.costa-verde.com\/es\/produto\/plato-coupe-26-cm-harmonyflow\/#breadcrumb\",\"itemListElement\":[{\"@type\":\"ListItem\",\"position\":1,\"name\":\"In\u00edcio\",\"item\":\"https:\/\/pro.costa-verde.com\/es\/\"},{\"@type\":\"ListItem\",\"position\":2,\"name\":\"Loja online\",\"item\":\"https:\/\/pro.costa-verde.com\/loja-online\/\"},{\"@type\":\"ListItem\",\"position\":3,\"name\":\"Plato Coupe 26 cm\"}]},{\"@type\":\"WebSite\",\"@id\":\"https:\/\/pro.costa-verde.com\/#website\",\"url\":\"https:\/\/pro.costa-verde.com\/\",\"name\":\"Costa Verde\",\"description\":\"Loja Online\",\"potentialAction\":[{\"@type\":\"SearchAction\",\"target\":{\"@type\":\"EntryPoint\",\"urlTemplate\":\"https:\/\/pro.costa-verde.com\/?s={search_term_string}\"},\"query-input\":{\"@type\":\"PropertyValueSpecification\",\"valueRequired\":true,\"valueName\":\"search_term_string\"}}],\"inLanguage\":\"es\"}]}<\/script>\n<!-- \/ Yoast SEO plugin. -->","yoast_head_json":{"title":"Plato Coupe 26 cm - Costa Verde","description":"Para al\u00e9m do Prato Coupe 26 cm da cole\u00e7\u00e3o Angry, veja aqui o restante servi\u00e7o de mesa! Crie empratamentos incr\u00edveis em sua casa.","robots":{"index":"index","follow":"follow","max-snippet":"max-snippet:-1","max-image-preview":"max-image-preview:large","max-video-preview":"max-video-preview:-1"},"canonical":"https:\/\/pro.costa-verde.com\/es\/produto\/plato-coupe-26-cm-harmonyflow\/","og_locale":"es_ES","og_type":"article","og_title":"Plato Coupe 26 cm - Costa Verde","og_description":"Para al\u00e9m do Prato Coupe 26 cm da cole\u00e7\u00e3o Angry, veja aqui o restante servi\u00e7o de mesa! Crie empratamentos incr\u00edveis em sua casa.","og_url":"https:\/\/pro.costa-verde.com\/es\/produto\/plato-coupe-26-cm-harmonyflow\/","og_site_name":"Costa Verde","article_publisher":"https:\/\/www.facebook.com\/costaverdeporcelanas\/","article_modified_time":"2026-04-15T09:37:01+00:00","og_image":[{"width":1920,"height":1230,"url":"https:\/\/pro.costa-verde.com\/wp-content\/uploads\/2026\/01\/047001504595-SAC-PRATO-COUPE-26CM.jpg","type":"image\/jpeg"}],"twitter_card":"summary_large_image","twitter_misc":{"Tiempo de lectura":"1 minuto"},"schema":{"@context":"https:\/\/schema.org","@graph":[{"@type":"WebPage","@id":"https:\/\/pro.costa-verde.com\/es\/produto\/plato-coupe-26-cm-harmonyflow\/","url":"https:\/\/pro.costa-verde.com\/es\/produto\/plato-coupe-26-cm-harmonyflow\/","name":"Plato Coupe 26 cm - Costa Verde","isPartOf":{"@id":"https:\/\/pro.costa-verde.com\/#website"},"primaryImageOfPage":{"@id":"https:\/\/pro.costa-verde.com\/es\/produto\/plato-coupe-26-cm-harmonyflow\/#primaryimage"},"image":{"@id":"https:\/\/pro.costa-verde.com\/es\/produto\/plato-coupe-26-cm-harmonyflow\/#primaryimage"},"thumbnailUrl":"https:\/\/pro.costa-verde.com\/wp-content\/uploads\/2026\/01\/047001504595-SAC-PRATO-COUPE-26CM.jpg","datePublished":"2026-04-13T14:56:04+00:00","dateModified":"2026-04-15T09:37:01+00:00","description":"Para al\u00e9m do Prato Coupe 26 cm da cole\u00e7\u00e3o Angry, veja aqui o restante servi\u00e7o de mesa! Crie empratamentos incr\u00edveis em sua casa.","breadcrumb":{"@id":"https:\/\/pro.costa-verde.com\/es\/produto\/plato-coupe-26-cm-harmonyflow\/#breadcrumb"},"inLanguage":"es","potentialAction":[{"@type":"ReadAction","target":["https:\/\/pro.costa-verde.com\/es\/produto\/plato-coupe-26-cm-harmonyflow\/"]}]},{"@type":"ImageObject","inLanguage":"es","@id":"https:\/\/pro.costa-verde.com\/es\/produto\/plato-coupe-26-cm-harmonyflow\/#primaryimage","url":"https:\/\/pro.costa-verde.com\/wp-content\/uploads\/2026\/01\/047001504595-SAC-PRATO-COUPE-26CM.jpg","contentUrl":"https:\/\/pro.costa-verde.com\/wp-content\/uploads\/2026\/01\/047001504595-SAC-PRATO-COUPE-26CM.jpg","width":1920,"height":1230},{"@type":"BreadcrumbList","@id":"https:\/\/pro.costa-verde.com\/es\/produto\/plato-coupe-26-cm-harmonyflow\/#breadcrumb","itemListElement":[{"@type":"ListItem","position":1,"name":"In\u00edcio","item":"https:\/\/pro.costa-verde.com\/es\/"},{"@type":"ListItem","position":2,"name":"Loja online","item":"https:\/\/pro.costa-verde.com\/loja-online\/"},{"@type":"ListItem","position":3,"name":"Plato Coupe 26 cm"}]},{"@type":"WebSite","@id":"https:\/\/pro.costa-verde.com\/#website","url":"https:\/\/pro.costa-verde.com\/","name":"Costa Verde","description":"Loja Online","potentialAction":[{"@type":"SearchAction","target":{"@type":"EntryPoint","urlTemplate":"https:\/\/pro.costa-verde.com\/?s={search_term_string}"},"query-input":{"@type":"PropertyValueSpecification","valueRequired":true,"valueName":"search_term_string"}}],"inLanguage":"es"}]}},"_links":{"self":[{"href":"https:\/\/pro.costa-verde.com\/es\/wp-json\/wp\/v2\/product\/70306","targetHints":{"allow":["GET"]}}],"collection":[{"href":"https:\/\/pro.costa-verde.com\/es\/wp-json\/wp\/v2\/product"}],"about":[{"href":"https:\/\/pro.costa-verde.com\/es\/wp-json\/wp\/v2\/types\/product"}],"replies":[{"embeddable":true,"href":"https:\/\/pro.costa-verde.com\/es\/wp-json\/wp\/v2\/comments?post=70306"}],"version-history":[{"count":1,"href":"https:\/\/pro.costa-verde.com\/es\/wp-json\/wp\/v2\/product\/70306\/revisions"}],"predecessor-version":[{"id":70370,"href":"https:\/\/pro.costa-verde.com\/es\/wp-json\/wp\/v2\/product\/70306\/revisions\/70370"}],"wp:featuredmedia":[{"embeddable":true,"href":"https:\/\/pro.costa-verde.com\/es\/wp-json\/wp\/v2\/media\/68623"}],"wp:attachment":[{"href":"https:\/\/pro.costa-verde.com\/es\/wp-json\/wp\/v2\/media?parent=70306"}],"wp:term":[{"taxonomy":"product_brand","embeddable":true,"href":"https:\/\/pro.costa-verde.com\/es\/wp-json\/wp\/v2\/product_brand?post=70306"},{"taxonomy":"product_cat","embeddable":true,"href":"https:\/\/pro.costa-verde.com\/es\/wp-json\/wp\/v2\/product_cat?post=70306"},{"taxonomy":"product_tag","embeddable":true,"href":"https:\/\/pro.costa-verde.com\/es\/wp-json\/wp\/v2\/product_tag?post=70306"}],"curies":[{"name":"wp","href":"https:\/\/api.w.org\/{rel}","templated":true}]}}