{"id":61635,"date":"2024-11-27T14:33:55","date_gmt":"2024-11-27T14:33:56","guid":{"rendered":"https:\/\/pro.costa-verde.com\/?post_type=product&#038;p=61635"},"modified":"2024-11-27T16:44:23","modified_gmt":"2024-11-27T16:44:23","slug":"jarron-cono-de-pino","status":"publish","type":"product","link":"https:\/\/pro.costa-verde.com\/es\/produto\/jarron-cono-de-pino\/","title":{"rendered":"Jarr\u00f3n Cono de Pino"},"content":{"rendered":"\t\t<div data-elementor-type=\"product-post\" data-elementor-id=\"61635\" class=\"elementor elementor-61635 elementor-61633\" data-elementor-post-type=\"product\">\n\t\t\t\t\t\t<section class=\"elementor-section elementor-top-section elementor-element elementor-element-4ac1758f elementor-section-boxed elementor-section-height-default elementor-section-height-default\" data-id=\"4ac1758f\" data-element_type=\"section\">\n\t\t\t\t\t\t<div class=\"elementor-container elementor-column-gap-default\">\n\t\t\t\t\t<div class=\"elementor-column elementor-col-100 elementor-top-column elementor-element elementor-element-3e8cd277\" data-id=\"3e8cd277\" data-element_type=\"column\">\n\t\t\t<div class=\"elementor-widget-wrap elementor-element-populated\">\n\t\t\t\t\t\t<div class=\"elementor-element elementor-element-61c5fe94 elementor-widget elementor-widget-text-editor\" data-id=\"61c5fe94\" data-element_type=\"widget\" data-widget_type=\"text-editor.default\">\n\t\t\t\t<div class=\"elementor-widget-container\">\n\t\t\t\t\t\t\t\t\t<p>El\u00a0<strong>Jarr\u00f3n de Navidad<\/strong>\u00a0es una pieza 100% sostenible, desarrollada con responsabilidad y dedicaci\u00f3n. En\u00a0<strong>forma de pino<\/strong>, es un reflejo de nuestro continuo compromiso con el medio ambiente, desarrollado utilizando y reconvirtiendo los residuos de producci\u00f3n. Cada producci\u00f3n es \u00fanica, ya que el lodo depende del proceso de producci\u00f3n en el momento de la extracci\u00f3n, con un meticuloso proceso artesanal, pasando por las h\u00e1biles manos de nuestro alfarer\u00eda, desde el llenado de los moldes hasta el acabado final.<\/p>\n<p>Dise\u00f1ada y desarrollada por\u00a0<strong>Costa Verde<\/strong>, esta pieza es una celebraci\u00f3n del arte, la naturaleza y la creatividad. Al elegir este pino, no s\u00f3lo est\u00e1 adquiriendo un art\u00edculo \u00fanico y hermoso, sino que tambi\u00e9n est\u00e1 haciendo una elecci\u00f3n consciente y sostenible para esta Navidad.<\/p>\n<p>Un verdadero reflejo de la naturaleza y sus imperfecciones.<\/p>\n\t\t\t\t\t\t\t\t<\/div>\n\t\t\t\t<\/div>\n\t\t\t\t\t<\/div>\n\t\t<\/div>\n\t\t\t\t\t<\/div>\n\t\t<\/section>\n\t\t\t\t<\/div>\n\t\t","protected":false},"excerpt":{"rendered":"<p>El\u00a0Jarr\u00f3n de Navidad\u00a0es una pieza 100% sostenible, desarrollada con responsabilidad y dedicaci\u00f3n. En\u00a0forma de pino, es un reflejo de nuestro continuo compromiso con el medio ambiente, desarrollado utilizando y reconvirtiendo los residuos de producci\u00f3n. Cada producci\u00f3n es \u00fanica, ya que el lodo depende del proceso de producci\u00f3n en el momento de la extracci\u00f3n, con un [&hellip;]<\/p>\n","protected":false},"featured_media":61640,"comment_status":"open","ping_status":"closed","template":"","meta":[],"product_brand":[],"product_cat":[604],"product_tag":[],"class_list":{"0":"post-61635","1":"product","2":"type-product","3":"status-publish","4":"has-post-thumbnail","6":"product_cat-sin-categorizar","8":"first","9":"instock","10":"taxable","11":"shipping-taxable","12":"purchasable","13":"product-type-simple"},"yoast_head":"<!-- This site is optimized with the Yoast SEO plugin v26.9 - https:\/\/yoast.com\/product\/yoast-seo-wordpress\/ -->\n<title>Jarr\u00f3n Cono de Pino - Costa Verde<\/title>\n<meta name=\"robots\" content=\"index, follow, max-snippet:-1, max-image-preview:large, max-video-preview:-1\" \/>\n<link rel=\"canonical\" href=\"https:\/\/pro.costa-verde.com\/produto\/vaso-pinha\/\" \/>\n<meta property=\"og:locale\" content=\"es_ES\" \/>\n<meta property=\"og:type\" content=\"article\" \/>\n<meta property=\"og:title\" content=\"Jarr\u00f3n Cono de Pino - Costa Verde\" \/>\n<meta property=\"og:description\" content=\"El\u00a0Jarr\u00f3n de Navidad\u00a0es una pieza 100% sostenible, desarrollada con responsabilidad y dedicaci\u00f3n. En\u00a0forma de pino, es un reflejo de nuestro continuo compromiso con el medio ambiente, desarrollado utilizando y reconvirtiendo los residuos de producci\u00f3n. Cada producci\u00f3n es \u00fanica, ya que el lodo depende del proceso de producci\u00f3n en el momento de la extracci\u00f3n, con un [&hellip;]\" \/>\n<meta property=\"og:url\" content=\"https:\/\/pro.costa-verde.com\/produto\/vaso-pinha\/\" \/>\n<meta property=\"og:site_name\" content=\"Costa Verde\" \/>\n<meta property=\"article:publisher\" content=\"https:\/\/www.facebook.com\/costaverdeporcelanas\/\" \/>\n<meta property=\"article:modified_time\" content=\"2024-11-27T16:44:23+00:00\" \/>\n<meta property=\"og:image\" content=\"https:\/\/pro.costa-verde.com\/wp-content\/uploads\/2024\/11\/fotografia-5-final.jpg\" \/>\n\t<meta property=\"og:image:width\" content=\"1920\" \/>\n\t<meta property=\"og:image:height\" content=\"1280\" \/>\n\t<meta property=\"og:image:type\" content=\"image\/jpeg\" \/>\n<meta name=\"twitter:card\" content=\"summary_large_image\" \/>\n<meta name=\"twitter:label1\" content=\"Tiempo de lectura\" \/>\n\t<meta name=\"twitter:data1\" content=\"1 minuto\" \/>\n<script type=\"application\/ld+json\" class=\"yoast-schema-graph\">{\"@context\":\"https:\/\/schema.org\",\"@graph\":[{\"@type\":\"WebPage\",\"@id\":\"https:\/\/pro.costa-verde.com\/produto\/vaso-pinha\/\",\"url\":\"https:\/\/pro.costa-verde.com\/produto\/vaso-pinha\/\",\"name\":\"Jarr\u00f3n Cono de Pino - Costa Verde\",\"isPartOf\":{\"@id\":\"https:\/\/pro.costa-verde.com\/#website\"},\"primaryImageOfPage\":{\"@id\":\"https:\/\/pro.costa-verde.com\/produto\/vaso-pinha\/#primaryimage\"},\"image\":{\"@id\":\"https:\/\/pro.costa-verde.com\/produto\/vaso-pinha\/#primaryimage\"},\"thumbnailUrl\":\"https:\/\/pro.costa-verde.com\/wp-content\/uploads\/2024\/11\/fotografia-5-final.jpg\",\"datePublished\":\"2024-11-27T14:33:56+00:00\",\"dateModified\":\"2024-11-27T16:44:23+00:00\",\"breadcrumb\":{\"@id\":\"https:\/\/pro.costa-verde.com\/produto\/vaso-pinha\/#breadcrumb\"},\"inLanguage\":\"es\",\"potentialAction\":[{\"@type\":\"ReadAction\",\"target\":[\"https:\/\/pro.costa-verde.com\/produto\/vaso-pinha\/\"]}]},{\"@type\":\"ImageObject\",\"inLanguage\":\"es\",\"@id\":\"https:\/\/pro.costa-verde.com\/produto\/vaso-pinha\/#primaryimage\",\"url\":\"https:\/\/pro.costa-verde.com\/wp-content\/uploads\/2024\/11\/fotografia-5-final.jpg\",\"contentUrl\":\"https:\/\/pro.costa-verde.com\/wp-content\/uploads\/2024\/11\/fotografia-5-final.jpg\",\"width\":1920,\"height\":1280},{\"@type\":\"BreadcrumbList\",\"@id\":\"https:\/\/pro.costa-verde.com\/produto\/vaso-pinha\/#breadcrumb\",\"itemListElement\":[{\"@type\":\"ListItem\",\"position\":1,\"name\":\"In\u00edcio\",\"item\":\"https:\/\/pro.costa-verde.com\/es\/\"},{\"@type\":\"ListItem\",\"position\":2,\"name\":\"Loja online\",\"item\":\"https:\/\/pro.costa-verde.com\/loja-online\/\"},{\"@type\":\"ListItem\",\"position\":3,\"name\":\"Jarr\u00f3n Cono de Pino\"}]},{\"@type\":\"WebSite\",\"@id\":\"https:\/\/pro.costa-verde.com\/#website\",\"url\":\"https:\/\/pro.costa-verde.com\/\",\"name\":\"Costa Verde\",\"description\":\"Loja Online\",\"potentialAction\":[{\"@type\":\"SearchAction\",\"target\":{\"@type\":\"EntryPoint\",\"urlTemplate\":\"https:\/\/pro.costa-verde.com\/?s={search_term_string}\"},\"query-input\":{\"@type\":\"PropertyValueSpecification\",\"valueRequired\":true,\"valueName\":\"search_term_string\"}}],\"inLanguage\":\"es\"}]}<\/script>\n<!-- \/ Yoast SEO plugin. -->","yoast_head_json":{"title":"Jarr\u00f3n Cono de Pino - Costa Verde","robots":{"index":"index","follow":"follow","max-snippet":"max-snippet:-1","max-image-preview":"max-image-preview:large","max-video-preview":"max-video-preview:-1"},"canonical":"https:\/\/pro.costa-verde.com\/produto\/vaso-pinha\/","og_locale":"es_ES","og_type":"article","og_title":"Jarr\u00f3n Cono de Pino - Costa Verde","og_description":"El\u00a0Jarr\u00f3n de Navidad\u00a0es una pieza 100% sostenible, desarrollada con responsabilidad y dedicaci\u00f3n. En\u00a0forma de pino, es un reflejo de nuestro continuo compromiso con el medio ambiente, desarrollado utilizando y reconvirtiendo los residuos de producci\u00f3n. Cada producci\u00f3n es \u00fanica, ya que el lodo depende del proceso de producci\u00f3n en el momento de la extracci\u00f3n, con un [&hellip;]","og_url":"https:\/\/pro.costa-verde.com\/produto\/vaso-pinha\/","og_site_name":"Costa Verde","article_publisher":"https:\/\/www.facebook.com\/costaverdeporcelanas\/","article_modified_time":"2024-11-27T16:44:23+00:00","og_image":[{"width":1920,"height":1280,"url":"https:\/\/pro.costa-verde.com\/wp-content\/uploads\/2024\/11\/fotografia-5-final.jpg","type":"image\/jpeg"}],"twitter_card":"summary_large_image","twitter_misc":{"Tiempo de lectura":"1 minuto"},"schema":{"@context":"https:\/\/schema.org","@graph":[{"@type":"WebPage","@id":"https:\/\/pro.costa-verde.com\/produto\/vaso-pinha\/","url":"https:\/\/pro.costa-verde.com\/produto\/vaso-pinha\/","name":"Jarr\u00f3n Cono de Pino - Costa Verde","isPartOf":{"@id":"https:\/\/pro.costa-verde.com\/#website"},"primaryImageOfPage":{"@id":"https:\/\/pro.costa-verde.com\/produto\/vaso-pinha\/#primaryimage"},"image":{"@id":"https:\/\/pro.costa-verde.com\/produto\/vaso-pinha\/#primaryimage"},"thumbnailUrl":"https:\/\/pro.costa-verde.com\/wp-content\/uploads\/2024\/11\/fotografia-5-final.jpg","datePublished":"2024-11-27T14:33:56+00:00","dateModified":"2024-11-27T16:44:23+00:00","breadcrumb":{"@id":"https:\/\/pro.costa-verde.com\/produto\/vaso-pinha\/#breadcrumb"},"inLanguage":"es","potentialAction":[{"@type":"ReadAction","target":["https:\/\/pro.costa-verde.com\/produto\/vaso-pinha\/"]}]},{"@type":"ImageObject","inLanguage":"es","@id":"https:\/\/pro.costa-verde.com\/produto\/vaso-pinha\/#primaryimage","url":"https:\/\/pro.costa-verde.com\/wp-content\/uploads\/2024\/11\/fotografia-5-final.jpg","contentUrl":"https:\/\/pro.costa-verde.com\/wp-content\/uploads\/2024\/11\/fotografia-5-final.jpg","width":1920,"height":1280},{"@type":"BreadcrumbList","@id":"https:\/\/pro.costa-verde.com\/produto\/vaso-pinha\/#breadcrumb","itemListElement":[{"@type":"ListItem","position":1,"name":"In\u00edcio","item":"https:\/\/pro.costa-verde.com\/es\/"},{"@type":"ListItem","position":2,"name":"Loja online","item":"https:\/\/pro.costa-verde.com\/loja-online\/"},{"@type":"ListItem","position":3,"name":"Jarr\u00f3n Cono de Pino"}]},{"@type":"WebSite","@id":"https:\/\/pro.costa-verde.com\/#website","url":"https:\/\/pro.costa-verde.com\/","name":"Costa Verde","description":"Loja Online","potentialAction":[{"@type":"SearchAction","target":{"@type":"EntryPoint","urlTemplate":"https:\/\/pro.costa-verde.com\/?s={search_term_string}"},"query-input":{"@type":"PropertyValueSpecification","valueRequired":true,"valueName":"search_term_string"}}],"inLanguage":"es"}]}},"_links":{"self":[{"href":"https:\/\/pro.costa-verde.com\/es\/wp-json\/wp\/v2\/product\/61635","targetHints":{"allow":["GET"]}}],"collection":[{"href":"https:\/\/pro.costa-verde.com\/es\/wp-json\/wp\/v2\/product"}],"about":[{"href":"https:\/\/pro.costa-verde.com\/es\/wp-json\/wp\/v2\/types\/product"}],"replies":[{"embeddable":true,"href":"https:\/\/pro.costa-verde.com\/es\/wp-json\/wp\/v2\/comments?post=61635"}],"version-history":[{"count":2,"href":"https:\/\/pro.costa-verde.com\/es\/wp-json\/wp\/v2\/product\/61635\/revisions"}],"predecessor-version":[{"id":61657,"href":"https:\/\/pro.costa-verde.com\/es\/wp-json\/wp\/v2\/product\/61635\/revisions\/61657"}],"wp:featuredmedia":[{"embeddable":true,"href":"https:\/\/pro.costa-verde.com\/es\/wp-json\/wp\/v2\/media\/61640"}],"wp:attachment":[{"href":"https:\/\/pro.costa-verde.com\/es\/wp-json\/wp\/v2\/media?parent=61635"}],"wp:term":[{"taxonomy":"product_brand","embeddable":true,"href":"https:\/\/pro.costa-verde.com\/es\/wp-json\/wp\/v2\/product_brand?post=61635"},{"taxonomy":"product_cat","embeddable":true,"href":"https:\/\/pro.costa-verde.com\/es\/wp-json\/wp\/v2\/product_cat?post=61635"},{"taxonomy":"product_tag","embeddable":true,"href":"https:\/\/pro.costa-verde.com\/es\/wp-json\/wp\/v2\/product_tag?post=61635"}],"curies":[{"name":"wp","href":"https:\/\/api.w.org\/{rel}","templated":true}]}}