{"id":61330,"date":"2024-11-13T10:05:35","date_gmt":"2024-11-13T10:05:36","guid":{"rendered":"https:\/\/pro.costa-verde.com\/?post_type=product&#038;p=61330"},"modified":"2024-11-13T11:41:43","modified_gmt":"2024-11-13T11:41:43","slug":"plato-hondo-25cm-mistletoe","status":"publish","type":"product","link":"https:\/\/pro.costa-verde.com\/es\/produto\/plato-hondo-25cm-mistletoe\/","title":{"rendered":"Plato Hondo 25cm"},"content":{"rendered":"<p><strong>Mistletoe<\/strong> es el equilibrio perfecto entre tradici\u00f3n e innovaci\u00f3n, proporcionando una Navidad \u00fanica e inolvidable. Inspirada en los colores cl\u00e1sicos de la Navidad, la colecci\u00f3n nos conecta con el esp\u00edritu acogedor de la estaci\u00f3n. El verde, con su conexi\u00f3n con la naturaleza, el rojo, que transmite la calidez y la alegr\u00eda de la Navidad, y el marr\u00f3n, que hace referencia al acogimiento y la tradici\u00f3n, se unen para crear una atm\u00f3sfera \u00fanica.<\/p>\n<p>&nbsp;<\/p>\n","protected":false},"excerpt":{"rendered":"<p>Mistletoe es el equilibrio perfecto entre tradici\u00f3n e innovaci\u00f3n, proporcionando una Navidad \u00fanica e inolvidable. Inspirada en los colores cl\u00e1sicos de la Navidad, la colecci\u00f3n nos conecta con el esp\u00edritu acogedor de la estaci\u00f3n. El verde, con su conexi\u00f3n con la naturaleza, el rojo, que transmite la calidez y la alegr\u00eda de la Navidad, y [&hellip;]<\/p>\n","protected":false},"featured_media":61305,"comment_status":"open","ping_status":"closed","template":"","meta":[],"product_brand":[],"product_cat":[1339],"product_tag":[],"class_list":{"0":"post-61330","1":"product","2":"type-product","3":"status-publish","4":"has-post-thumbnail","6":"product_cat-platos-hondo","7":"pa_colecao-mistletoe-es","9":"first","10":"instock","11":"taxable","12":"shipping-taxable","13":"purchasable","14":"product-type-simple"},"yoast_head":"<!-- This site is optimized with the Yoast SEO plugin v26.9 - https:\/\/yoast.com\/product\/yoast-seo-wordpress\/ -->\n<title>Plato Hondo 25cm - Costa Verde<\/title>\n<meta name=\"robots\" content=\"index, follow, max-snippet:-1, max-image-preview:large, max-video-preview:-1\" \/>\n<link rel=\"canonical\" href=\"https:\/\/pro.costa-verde.com\/produto\/prato-fundo-25cm-mistletoe\/\" \/>\n<meta property=\"og:locale\" content=\"es_ES\" \/>\n<meta property=\"og:type\" content=\"article\" \/>\n<meta property=\"og:title\" content=\"Plato Hondo 25cm - Costa Verde\" \/>\n<meta property=\"og:description\" content=\"Mistletoe es el equilibrio perfecto entre tradici\u00f3n e innovaci\u00f3n, proporcionando una Navidad \u00fanica e inolvidable. Inspirada en los colores cl\u00e1sicos de la Navidad, la colecci\u00f3n nos conecta con el esp\u00edritu acogedor de la estaci\u00f3n. El verde, con su conexi\u00f3n con la naturaleza, el rojo, que transmite la calidez y la alegr\u00eda de la Navidad, y [&hellip;]\" \/>\n<meta property=\"og:url\" content=\"https:\/\/pro.costa-verde.com\/produto\/prato-fundo-25cm-mistletoe\/\" \/>\n<meta property=\"og:site_name\" content=\"Costa Verde\" \/>\n<meta property=\"article:publisher\" content=\"https:\/\/www.facebook.com\/costaverdeporcelanas\/\" \/>\n<meta property=\"article:modified_time\" content=\"2024-11-13T11:41:43+00:00\" \/>\n<meta property=\"og:image\" content=\"https:\/\/pro.costa-verde.com\/wp-content\/uploads\/2024\/11\/4525-SAT-PRATO-FUNDO-25CM.jpg\" \/>\n\t<meta property=\"og:image:width\" content=\"1920\" \/>\n\t<meta property=\"og:image:height\" content=\"1230\" \/>\n\t<meta property=\"og:image:type\" content=\"image\/jpeg\" \/>\n<meta name=\"twitter:card\" content=\"summary_large_image\" \/>\n<script type=\"application\/ld+json\" class=\"yoast-schema-graph\">{\"@context\":\"https:\/\/schema.org\",\"@graph\":[{\"@type\":\"WebPage\",\"@id\":\"https:\/\/pro.costa-verde.com\/produto\/prato-fundo-25cm-mistletoe\/\",\"url\":\"https:\/\/pro.costa-verde.com\/produto\/prato-fundo-25cm-mistletoe\/\",\"name\":\"Plato Hondo 25cm - Costa Verde\",\"isPartOf\":{\"@id\":\"https:\/\/pro.costa-verde.com\/#website\"},\"primaryImageOfPage\":{\"@id\":\"https:\/\/pro.costa-verde.com\/produto\/prato-fundo-25cm-mistletoe\/#primaryimage\"},\"image\":{\"@id\":\"https:\/\/pro.costa-verde.com\/produto\/prato-fundo-25cm-mistletoe\/#primaryimage\"},\"thumbnailUrl\":\"https:\/\/pro.costa-verde.com\/wp-content\/uploads\/2024\/11\/4525-SAT-PRATO-FUNDO-25CM.jpg\",\"datePublished\":\"2024-11-13T10:05:36+00:00\",\"dateModified\":\"2024-11-13T11:41:43+00:00\",\"breadcrumb\":{\"@id\":\"https:\/\/pro.costa-verde.com\/produto\/prato-fundo-25cm-mistletoe\/#breadcrumb\"},\"inLanguage\":\"es\",\"potentialAction\":[{\"@type\":\"ReadAction\",\"target\":[\"https:\/\/pro.costa-verde.com\/produto\/prato-fundo-25cm-mistletoe\/\"]}]},{\"@type\":\"ImageObject\",\"inLanguage\":\"es\",\"@id\":\"https:\/\/pro.costa-verde.com\/produto\/prato-fundo-25cm-mistletoe\/#primaryimage\",\"url\":\"https:\/\/pro.costa-verde.com\/wp-content\/uploads\/2024\/11\/4525-SAT-PRATO-FUNDO-25CM.jpg\",\"contentUrl\":\"https:\/\/pro.costa-verde.com\/wp-content\/uploads\/2024\/11\/4525-SAT-PRATO-FUNDO-25CM.jpg\",\"width\":1920,\"height\":1230},{\"@type\":\"BreadcrumbList\",\"@id\":\"https:\/\/pro.costa-verde.com\/produto\/prato-fundo-25cm-mistletoe\/#breadcrumb\",\"itemListElement\":[{\"@type\":\"ListItem\",\"position\":1,\"name\":\"In\u00edcio\",\"item\":\"https:\/\/pro.costa-verde.com\/es\/\"},{\"@type\":\"ListItem\",\"position\":2,\"name\":\"Loja online\",\"item\":\"https:\/\/pro.costa-verde.com\/loja-online\/\"},{\"@type\":\"ListItem\",\"position\":3,\"name\":\"Plato Hondo 25cm\"}]},{\"@type\":\"WebSite\",\"@id\":\"https:\/\/pro.costa-verde.com\/#website\",\"url\":\"https:\/\/pro.costa-verde.com\/\",\"name\":\"Costa Verde\",\"description\":\"Loja Online\",\"potentialAction\":[{\"@type\":\"SearchAction\",\"target\":{\"@type\":\"EntryPoint\",\"urlTemplate\":\"https:\/\/pro.costa-verde.com\/?s={search_term_string}\"},\"query-input\":{\"@type\":\"PropertyValueSpecification\",\"valueRequired\":true,\"valueName\":\"search_term_string\"}}],\"inLanguage\":\"es\"}]}<\/script>\n<!-- \/ Yoast SEO plugin. -->","yoast_head_json":{"title":"Plato Hondo 25cm - Costa Verde","robots":{"index":"index","follow":"follow","max-snippet":"max-snippet:-1","max-image-preview":"max-image-preview:large","max-video-preview":"max-video-preview:-1"},"canonical":"https:\/\/pro.costa-verde.com\/produto\/prato-fundo-25cm-mistletoe\/","og_locale":"es_ES","og_type":"article","og_title":"Plato Hondo 25cm - Costa Verde","og_description":"Mistletoe es el equilibrio perfecto entre tradici\u00f3n e innovaci\u00f3n, proporcionando una Navidad \u00fanica e inolvidable. Inspirada en los colores cl\u00e1sicos de la Navidad, la colecci\u00f3n nos conecta con el esp\u00edritu acogedor de la estaci\u00f3n. El verde, con su conexi\u00f3n con la naturaleza, el rojo, que transmite la calidez y la alegr\u00eda de la Navidad, y [&hellip;]","og_url":"https:\/\/pro.costa-verde.com\/produto\/prato-fundo-25cm-mistletoe\/","og_site_name":"Costa Verde","article_publisher":"https:\/\/www.facebook.com\/costaverdeporcelanas\/","article_modified_time":"2024-11-13T11:41:43+00:00","og_image":[{"width":1920,"height":1230,"url":"https:\/\/pro.costa-verde.com\/wp-content\/uploads\/2024\/11\/4525-SAT-PRATO-FUNDO-25CM.jpg","type":"image\/jpeg"}],"twitter_card":"summary_large_image","schema":{"@context":"https:\/\/schema.org","@graph":[{"@type":"WebPage","@id":"https:\/\/pro.costa-verde.com\/produto\/prato-fundo-25cm-mistletoe\/","url":"https:\/\/pro.costa-verde.com\/produto\/prato-fundo-25cm-mistletoe\/","name":"Plato Hondo 25cm - Costa Verde","isPartOf":{"@id":"https:\/\/pro.costa-verde.com\/#website"},"primaryImageOfPage":{"@id":"https:\/\/pro.costa-verde.com\/produto\/prato-fundo-25cm-mistletoe\/#primaryimage"},"image":{"@id":"https:\/\/pro.costa-verde.com\/produto\/prato-fundo-25cm-mistletoe\/#primaryimage"},"thumbnailUrl":"https:\/\/pro.costa-verde.com\/wp-content\/uploads\/2024\/11\/4525-SAT-PRATO-FUNDO-25CM.jpg","datePublished":"2024-11-13T10:05:36+00:00","dateModified":"2024-11-13T11:41:43+00:00","breadcrumb":{"@id":"https:\/\/pro.costa-verde.com\/produto\/prato-fundo-25cm-mistletoe\/#breadcrumb"},"inLanguage":"es","potentialAction":[{"@type":"ReadAction","target":["https:\/\/pro.costa-verde.com\/produto\/prato-fundo-25cm-mistletoe\/"]}]},{"@type":"ImageObject","inLanguage":"es","@id":"https:\/\/pro.costa-verde.com\/produto\/prato-fundo-25cm-mistletoe\/#primaryimage","url":"https:\/\/pro.costa-verde.com\/wp-content\/uploads\/2024\/11\/4525-SAT-PRATO-FUNDO-25CM.jpg","contentUrl":"https:\/\/pro.costa-verde.com\/wp-content\/uploads\/2024\/11\/4525-SAT-PRATO-FUNDO-25CM.jpg","width":1920,"height":1230},{"@type":"BreadcrumbList","@id":"https:\/\/pro.costa-verde.com\/produto\/prato-fundo-25cm-mistletoe\/#breadcrumb","itemListElement":[{"@type":"ListItem","position":1,"name":"In\u00edcio","item":"https:\/\/pro.costa-verde.com\/es\/"},{"@type":"ListItem","position":2,"name":"Loja online","item":"https:\/\/pro.costa-verde.com\/loja-online\/"},{"@type":"ListItem","position":3,"name":"Plato Hondo 25cm"}]},{"@type":"WebSite","@id":"https:\/\/pro.costa-verde.com\/#website","url":"https:\/\/pro.costa-verde.com\/","name":"Costa Verde","description":"Loja Online","potentialAction":[{"@type":"SearchAction","target":{"@type":"EntryPoint","urlTemplate":"https:\/\/pro.costa-verde.com\/?s={search_term_string}"},"query-input":{"@type":"PropertyValueSpecification","valueRequired":true,"valueName":"search_term_string"}}],"inLanguage":"es"}]}},"_links":{"self":[{"href":"https:\/\/pro.costa-verde.com\/es\/wp-json\/wp\/v2\/product\/61330","targetHints":{"allow":["GET"]}}],"collection":[{"href":"https:\/\/pro.costa-verde.com\/es\/wp-json\/wp\/v2\/product"}],"about":[{"href":"https:\/\/pro.costa-verde.com\/es\/wp-json\/wp\/v2\/types\/product"}],"replies":[{"embeddable":true,"href":"https:\/\/pro.costa-verde.com\/es\/wp-json\/wp\/v2\/comments?post=61330"}],"version-history":[{"count":1,"href":"https:\/\/pro.costa-verde.com\/es\/wp-json\/wp\/v2\/product\/61330\/revisions"}],"predecessor-version":[{"id":61366,"href":"https:\/\/pro.costa-verde.com\/es\/wp-json\/wp\/v2\/product\/61330\/revisions\/61366"}],"wp:featuredmedia":[{"embeddable":true,"href":"https:\/\/pro.costa-verde.com\/es\/wp-json\/wp\/v2\/media\/61305"}],"wp:attachment":[{"href":"https:\/\/pro.costa-verde.com\/es\/wp-json\/wp\/v2\/media?parent=61330"}],"wp:term":[{"taxonomy":"product_brand","embeddable":true,"href":"https:\/\/pro.costa-verde.com\/es\/wp-json\/wp\/v2\/product_brand?post=61330"},{"taxonomy":"product_cat","embeddable":true,"href":"https:\/\/pro.costa-verde.com\/es\/wp-json\/wp\/v2\/product_cat?post=61330"},{"taxonomy":"product_tag","embeddable":true,"href":"https:\/\/pro.costa-verde.com\/es\/wp-json\/wp\/v2\/product_tag?post=61330"}],"curies":[{"name":"wp","href":"https:\/\/api.w.org\/{rel}","templated":true}]}}