{"id":60037,"date":"2024-06-25T17:23:54","date_gmt":"2024-11-28T09:11:57","guid":{"rendered":"https:\/\/pro.costa-verde.com\/?post_type=product&#038;p=60037"},"modified":"2024-11-28T09:11:58","modified_gmt":"2024-11-28T09:11:58","slug":"taza-sin-asa-80ml-marina","status":"publish","type":"product","link":"https:\/\/pro.costa-verde.com\/es\/produto\/taza-sin-asa-80ml-marina\/","title":{"rendered":"Taza sin asa 80ml"},"content":{"rendered":"<p>La pureza de las l\u00edneas y la suavidad t\u00e1ctil de la colecci\u00f3n Marina son algunas de las principales razones de su \u00e9xito y longevidad, pero eso no es todo. Siendo una de las l\u00edneas m\u00e1s antiguas de Costa Verde, es sobre todo el espejo de un sentido refinado del uso profesional de la porcelana, habiendo superado la prueba de los a\u00f1os en t\u00e9rminos de fiabilidad, versatilidad y compatibilidad de cada pieza con los principales sistemas mundiales de distribuci\u00f3n de alimentos. Un cl\u00e1sico creado para el presente por quienes miran hacia el futuro.<\/p>\n","protected":false},"excerpt":{"rendered":"<p>La pureza de las l\u00edneas y la suavidad t\u00e1ctil de la colecci\u00f3n Marina son algunas de las principales razones de su \u00e9xito y longevidad, pero eso no es todo. Siendo una de las l\u00edneas m\u00e1s antiguas de Costa Verde, es sobre todo el espejo de un sentido refinado del uso profesional de la porcelana, habiendo [&hellip;]<\/p>\n","protected":false},"featured_media":60979,"comment_status":"open","ping_status":"closed","template":"","meta":[],"product_brand":[],"product_cat":[604],"product_tag":[],"class_list":{"0":"post-60037","1":"product","2":"type-product","3":"status-publish","4":"has-post-thumbnail","6":"product_cat-sin-categorizar","7":"pa_colecao-marina-es","9":"first","10":"instock","11":"taxable","12":"shipping-taxable","13":"product-type-simple"},"yoast_head":"<!-- This site is optimized with the Yoast SEO plugin v26.9 - https:\/\/yoast.com\/product\/yoast-seo-wordpress\/ -->\n<title>Taza sin asa 80ml - Costa Verde<\/title>\n<meta name=\"robots\" content=\"index, follow, max-snippet:-1, max-image-preview:large, max-video-preview:-1\" \/>\n<link rel=\"canonical\" href=\"https:\/\/pro.costa-verde.com\/produto\/chavena-sem-asa-80ml-marina\/\" \/>\n<meta property=\"og:locale\" content=\"es_ES\" \/>\n<meta property=\"og:type\" content=\"article\" \/>\n<meta property=\"og:title\" content=\"Taza sin asa 80ml - Costa Verde\" \/>\n<meta property=\"og:description\" content=\"La pureza de las l\u00edneas y la suavidad t\u00e1ctil de la colecci\u00f3n Marina son algunas de las principales razones de su \u00e9xito y longevidad, pero eso no es todo. Siendo una de las l\u00edneas m\u00e1s antiguas de Costa Verde, es sobre todo el espejo de un sentido refinado del uso profesional de la porcelana, habiendo [&hellip;]\" \/>\n<meta property=\"og:url\" content=\"https:\/\/pro.costa-verde.com\/produto\/chavena-sem-asa-80ml-marina\/\" \/>\n<meta property=\"og:site_name\" content=\"Costa Verde\" \/>\n<meta property=\"article:publisher\" content=\"https:\/\/www.facebook.com\/costaverdeporcelanas\/\" \/>\n<meta property=\"article:modified_time\" content=\"2024-11-28T09:11:58+00:00\" \/>\n<meta property=\"og:image\" content=\"https:\/\/pro.costa-verde.com\/wp-content\/uploads\/2024\/10\/002020700001-MAR-CHAV.4-S_ASA-80ML.jpg\" \/>\n\t<meta property=\"og:image:width\" content=\"1920\" \/>\n\t<meta property=\"og:image:height\" content=\"1230\" \/>\n\t<meta property=\"og:image:type\" content=\"image\/jpeg\" \/>\n<meta name=\"twitter:card\" content=\"summary_large_image\" \/>\n<meta name=\"twitter:label1\" content=\"Tiempo de lectura\" \/>\n\t<meta name=\"twitter:data1\" content=\"1 minuto\" \/>\n<script type=\"application\/ld+json\" class=\"yoast-schema-graph\">{\"@context\":\"https:\/\/schema.org\",\"@graph\":[{\"@type\":\"WebPage\",\"@id\":\"https:\/\/pro.costa-verde.com\/produto\/chavena-sem-asa-80ml-marina\/\",\"url\":\"https:\/\/pro.costa-verde.com\/produto\/chavena-sem-asa-80ml-marina\/\",\"name\":\"Taza sin asa 80ml - Costa Verde\",\"isPartOf\":{\"@id\":\"https:\/\/pro.costa-verde.com\/#website\"},\"primaryImageOfPage\":{\"@id\":\"https:\/\/pro.costa-verde.com\/produto\/chavena-sem-asa-80ml-marina\/#primaryimage\"},\"image\":{\"@id\":\"https:\/\/pro.costa-verde.com\/produto\/chavena-sem-asa-80ml-marina\/#primaryimage\"},\"thumbnailUrl\":\"https:\/\/pro.costa-verde.com\/wp-content\/uploads\/2024\/10\/002020700001-MAR-CHAV.4-S_ASA-80ML.jpg\",\"datePublished\":\"2024-11-28T09:11:57+00:00\",\"dateModified\":\"2024-11-28T09:11:58+00:00\",\"breadcrumb\":{\"@id\":\"https:\/\/pro.costa-verde.com\/produto\/chavena-sem-asa-80ml-marina\/#breadcrumb\"},\"inLanguage\":\"es\",\"potentialAction\":[{\"@type\":\"ReadAction\",\"target\":[\"https:\/\/pro.costa-verde.com\/produto\/chavena-sem-asa-80ml-marina\/\"]}]},{\"@type\":\"ImageObject\",\"inLanguage\":\"es\",\"@id\":\"https:\/\/pro.costa-verde.com\/produto\/chavena-sem-asa-80ml-marina\/#primaryimage\",\"url\":\"https:\/\/pro.costa-verde.com\/wp-content\/uploads\/2024\/10\/002020700001-MAR-CHAV.4-S_ASA-80ML.jpg\",\"contentUrl\":\"https:\/\/pro.costa-verde.com\/wp-content\/uploads\/2024\/10\/002020700001-MAR-CHAV.4-S_ASA-80ML.jpg\",\"width\":1920,\"height\":1230},{\"@type\":\"BreadcrumbList\",\"@id\":\"https:\/\/pro.costa-verde.com\/produto\/chavena-sem-asa-80ml-marina\/#breadcrumb\",\"itemListElement\":[{\"@type\":\"ListItem\",\"position\":1,\"name\":\"In\u00edcio\",\"item\":\"https:\/\/pro.costa-verde.com\/es\/\"},{\"@type\":\"ListItem\",\"position\":2,\"name\":\"Loja online\",\"item\":\"https:\/\/pro.costa-verde.com\/loja-online\/\"},{\"@type\":\"ListItem\",\"position\":3,\"name\":\"Taza sin asa 80ml\"}]},{\"@type\":\"WebSite\",\"@id\":\"https:\/\/pro.costa-verde.com\/#website\",\"url\":\"https:\/\/pro.costa-verde.com\/\",\"name\":\"Costa Verde\",\"description\":\"Loja Online\",\"potentialAction\":[{\"@type\":\"SearchAction\",\"target\":{\"@type\":\"EntryPoint\",\"urlTemplate\":\"https:\/\/pro.costa-verde.com\/?s={search_term_string}\"},\"query-input\":{\"@type\":\"PropertyValueSpecification\",\"valueRequired\":true,\"valueName\":\"search_term_string\"}}],\"inLanguage\":\"es\"}]}<\/script>\n<!-- \/ Yoast SEO plugin. -->","yoast_head_json":{"title":"Taza sin asa 80ml - Costa Verde","robots":{"index":"index","follow":"follow","max-snippet":"max-snippet:-1","max-image-preview":"max-image-preview:large","max-video-preview":"max-video-preview:-1"},"canonical":"https:\/\/pro.costa-verde.com\/produto\/chavena-sem-asa-80ml-marina\/","og_locale":"es_ES","og_type":"article","og_title":"Taza sin asa 80ml - Costa Verde","og_description":"La pureza de las l\u00edneas y la suavidad t\u00e1ctil de la colecci\u00f3n Marina son algunas de las principales razones de su \u00e9xito y longevidad, pero eso no es todo. Siendo una de las l\u00edneas m\u00e1s antiguas de Costa Verde, es sobre todo el espejo de un sentido refinado del uso profesional de la porcelana, habiendo [&hellip;]","og_url":"https:\/\/pro.costa-verde.com\/produto\/chavena-sem-asa-80ml-marina\/","og_site_name":"Costa Verde","article_publisher":"https:\/\/www.facebook.com\/costaverdeporcelanas\/","article_modified_time":"2024-11-28T09:11:58+00:00","og_image":[{"width":1920,"height":1230,"url":"https:\/\/pro.costa-verde.com\/wp-content\/uploads\/2024\/10\/002020700001-MAR-CHAV.4-S_ASA-80ML.jpg","type":"image\/jpeg"}],"twitter_card":"summary_large_image","twitter_misc":{"Tiempo de lectura":"1 minuto"},"schema":{"@context":"https:\/\/schema.org","@graph":[{"@type":"WebPage","@id":"https:\/\/pro.costa-verde.com\/produto\/chavena-sem-asa-80ml-marina\/","url":"https:\/\/pro.costa-verde.com\/produto\/chavena-sem-asa-80ml-marina\/","name":"Taza sin asa 80ml - Costa Verde","isPartOf":{"@id":"https:\/\/pro.costa-verde.com\/#website"},"primaryImageOfPage":{"@id":"https:\/\/pro.costa-verde.com\/produto\/chavena-sem-asa-80ml-marina\/#primaryimage"},"image":{"@id":"https:\/\/pro.costa-verde.com\/produto\/chavena-sem-asa-80ml-marina\/#primaryimage"},"thumbnailUrl":"https:\/\/pro.costa-verde.com\/wp-content\/uploads\/2024\/10\/002020700001-MAR-CHAV.4-S_ASA-80ML.jpg","datePublished":"2024-11-28T09:11:57+00:00","dateModified":"2024-11-28T09:11:58+00:00","breadcrumb":{"@id":"https:\/\/pro.costa-verde.com\/produto\/chavena-sem-asa-80ml-marina\/#breadcrumb"},"inLanguage":"es","potentialAction":[{"@type":"ReadAction","target":["https:\/\/pro.costa-verde.com\/produto\/chavena-sem-asa-80ml-marina\/"]}]},{"@type":"ImageObject","inLanguage":"es","@id":"https:\/\/pro.costa-verde.com\/produto\/chavena-sem-asa-80ml-marina\/#primaryimage","url":"https:\/\/pro.costa-verde.com\/wp-content\/uploads\/2024\/10\/002020700001-MAR-CHAV.4-S_ASA-80ML.jpg","contentUrl":"https:\/\/pro.costa-verde.com\/wp-content\/uploads\/2024\/10\/002020700001-MAR-CHAV.4-S_ASA-80ML.jpg","width":1920,"height":1230},{"@type":"BreadcrumbList","@id":"https:\/\/pro.costa-verde.com\/produto\/chavena-sem-asa-80ml-marina\/#breadcrumb","itemListElement":[{"@type":"ListItem","position":1,"name":"In\u00edcio","item":"https:\/\/pro.costa-verde.com\/es\/"},{"@type":"ListItem","position":2,"name":"Loja online","item":"https:\/\/pro.costa-verde.com\/loja-online\/"},{"@type":"ListItem","position":3,"name":"Taza sin asa 80ml"}]},{"@type":"WebSite","@id":"https:\/\/pro.costa-verde.com\/#website","url":"https:\/\/pro.costa-verde.com\/","name":"Costa Verde","description":"Loja Online","potentialAction":[{"@type":"SearchAction","target":{"@type":"EntryPoint","urlTemplate":"https:\/\/pro.costa-verde.com\/?s={search_term_string}"},"query-input":{"@type":"PropertyValueSpecification","valueRequired":true,"valueName":"search_term_string"}}],"inLanguage":"es"}]}},"_links":{"self":[{"href":"https:\/\/pro.costa-verde.com\/es\/wp-json\/wp\/v2\/product\/60037","targetHints":{"allow":["GET"]}}],"collection":[{"href":"https:\/\/pro.costa-verde.com\/es\/wp-json\/wp\/v2\/product"}],"about":[{"href":"https:\/\/pro.costa-verde.com\/es\/wp-json\/wp\/v2\/types\/product"}],"replies":[{"embeddable":true,"href":"https:\/\/pro.costa-verde.com\/es\/wp-json\/wp\/v2\/comments?post=60037"}],"version-history":[{"count":1,"href":"https:\/\/pro.costa-verde.com\/es\/wp-json\/wp\/v2\/product\/60037\/revisions"}],"predecessor-version":[{"id":61728,"href":"https:\/\/pro.costa-verde.com\/es\/wp-json\/wp\/v2\/product\/60037\/revisions\/61728"}],"wp:featuredmedia":[{"embeddable":true,"href":"https:\/\/pro.costa-verde.com\/es\/wp-json\/wp\/v2\/media\/60979"}],"wp:attachment":[{"href":"https:\/\/pro.costa-verde.com\/es\/wp-json\/wp\/v2\/media?parent=60037"}],"wp:term":[{"taxonomy":"product_brand","embeddable":true,"href":"https:\/\/pro.costa-verde.com\/es\/wp-json\/wp\/v2\/product_brand?post=60037"},{"taxonomy":"product_cat","embeddable":true,"href":"https:\/\/pro.costa-verde.com\/es\/wp-json\/wp\/v2\/product_cat?post=60037"},{"taxonomy":"product_tag","embeddable":true,"href":"https:\/\/pro.costa-verde.com\/es\/wp-json\/wp\/v2\/product_tag?post=60037"}],"curies":[{"name":"wp","href":"https:\/\/api.w.org\/{rel}","templated":true}]}}