{"id":59984,"date":"2024-06-26T15:36:49","date_gmt":"2024-10-24T12:00:21","guid":{"rendered":"https:\/\/pro.costa-verde.com\/?post_type=product&#038;p=59984"},"modified":"2024-10-24T13:00:22","modified_gmt":"2024-10-24T12:00:22","slug":"cafetera-790ml-oceanus","status":"publish","type":"product","link":"https:\/\/pro.costa-verde.com\/es\/produto\/cafetera-790ml-oceanus\/","title":{"rendered":"Cafetera 790ml"},"content":{"rendered":"<p>El sentido de universalidad est\u00e1 en el coraz\u00f3n del desarrollo de la colecci\u00f3n Oceanus. Dise\u00f1adas por los equipos de dise\u00f1o de Costa Verde, estas colecciones tienen como objetivo garantizar el acceso al refinamiento de la porcelana por parte de todos los profesionales de la hosteler\u00eda y la restauraci\u00f3n, garantizando la m\u00e1xima eficacia en t\u00e9rminos de coste, durabilidad y cuidado est\u00e9tico.<\/p>\n<p>La colecci\u00f3n Oceanus representa la mejor tradici\u00f3n de porcelana del sector profesional, y su posibilidad de combinaci\u00f3n con las colecciones Marina y Turismo son la garant\u00eda de una soluci\u00f3n diferenciada y original, al servicio de cada empresa, autor y cliente.<\/p>\n","protected":false},"excerpt":{"rendered":"<p>El sentido de universalidad est\u00e1 en el coraz\u00f3n del desarrollo de la colecci\u00f3n Oceanus. Dise\u00f1adas por los equipos de dise\u00f1o de Costa Verde, estas colecciones tienen como objetivo garantizar el acceso al refinamiento de la porcelana por parte de todos los profesionales de la hosteler\u00eda y la restauraci\u00f3n, garantizando la m\u00e1xima eficacia en t\u00e9rminos de [&hellip;]<\/p>\n","protected":false},"featured_media":60935,"comment_status":"open","ping_status":"closed","template":"","meta":[],"product_brand":[],"product_cat":[604],"product_tag":[],"class_list":{"0":"post-59984","1":"product","2":"type-product","3":"status-publish","4":"has-post-thumbnail","6":"product_cat-sin-categorizar","7":"pa_colecao-oceanus-es","9":"first","10":"instock","11":"taxable","12":"shipping-taxable","13":"product-type-simple"},"yoast_head":"<!-- This site is optimized with the Yoast SEO plugin v26.9 - https:\/\/yoast.com\/product\/yoast-seo-wordpress\/ -->\n<title>Cafetera 790ml - Costa Verde<\/title>\n<meta name=\"robots\" content=\"index, follow, max-snippet:-1, max-image-preview:large, max-video-preview:-1\" \/>\n<link rel=\"canonical\" href=\"https:\/\/pro.costa-verde.com\/produto\/cafeteira-790ml-oceanus\/\" \/>\n<meta property=\"og:locale\" content=\"es_ES\" \/>\n<meta property=\"og:type\" content=\"article\" \/>\n<meta property=\"og:title\" content=\"Cafetera 790ml - Costa Verde\" \/>\n<meta property=\"og:description\" content=\"El sentido de universalidad est\u00e1 en el coraz\u00f3n del desarrollo de la colecci\u00f3n Oceanus. Dise\u00f1adas por los equipos de dise\u00f1o de Costa Verde, estas colecciones tienen como objetivo garantizar el acceso al refinamiento de la porcelana por parte de todos los profesionales de la hosteler\u00eda y la restauraci\u00f3n, garantizando la m\u00e1xima eficacia en t\u00e9rminos de [&hellip;]\" \/>\n<meta property=\"og:url\" content=\"https:\/\/pro.costa-verde.com\/produto\/cafeteira-790ml-oceanus\/\" \/>\n<meta property=\"og:site_name\" content=\"Costa Verde\" \/>\n<meta property=\"article:publisher\" content=\"https:\/\/www.facebook.com\/costaverdeporcelanas\/\" \/>\n<meta property=\"article:modified_time\" content=\"2024-10-24T12:00:22+00:00\" \/>\n<meta property=\"og:image\" content=\"https:\/\/pro.costa-verde.com\/wp-content\/uploads\/2024\/06\/006011000001-OCE-CAFETEIRA-1-790ML.effectsResult.jpg\" \/>\n\t<meta property=\"og:image:width\" content=\"1920\" \/>\n\t<meta property=\"og:image:height\" content=\"1230\" \/>\n\t<meta property=\"og:image:type\" content=\"image\/jpeg\" \/>\n<meta name=\"twitter:card\" content=\"summary_large_image\" \/>\n<meta name=\"twitter:label1\" content=\"Tiempo de lectura\" \/>\n\t<meta name=\"twitter:data1\" content=\"1 minuto\" \/>\n<script type=\"application\/ld+json\" class=\"yoast-schema-graph\">{\"@context\":\"https:\/\/schema.org\",\"@graph\":[{\"@type\":\"WebPage\",\"@id\":\"https:\/\/pro.costa-verde.com\/produto\/cafeteira-790ml-oceanus\/\",\"url\":\"https:\/\/pro.costa-verde.com\/produto\/cafeteira-790ml-oceanus\/\",\"name\":\"Cafetera 790ml - Costa Verde\",\"isPartOf\":{\"@id\":\"https:\/\/pro.costa-verde.com\/#website\"},\"primaryImageOfPage\":{\"@id\":\"https:\/\/pro.costa-verde.com\/produto\/cafeteira-790ml-oceanus\/#primaryimage\"},\"image\":{\"@id\":\"https:\/\/pro.costa-verde.com\/produto\/cafeteira-790ml-oceanus\/#primaryimage\"},\"thumbnailUrl\":\"https:\/\/pro.costa-verde.com\/wp-content\/uploads\/2024\/06\/006011000001-OCE-CAFETEIRA-1-790ML.effectsResult.jpg\",\"datePublished\":\"2024-10-24T12:00:21+00:00\",\"dateModified\":\"2024-10-24T12:00:22+00:00\",\"breadcrumb\":{\"@id\":\"https:\/\/pro.costa-verde.com\/produto\/cafeteira-790ml-oceanus\/#breadcrumb\"},\"inLanguage\":\"es\",\"potentialAction\":[{\"@type\":\"ReadAction\",\"target\":[\"https:\/\/pro.costa-verde.com\/produto\/cafeteira-790ml-oceanus\/\"]}]},{\"@type\":\"ImageObject\",\"inLanguage\":\"es\",\"@id\":\"https:\/\/pro.costa-verde.com\/produto\/cafeteira-790ml-oceanus\/#primaryimage\",\"url\":\"https:\/\/pro.costa-verde.com\/wp-content\/uploads\/2024\/06\/006011000001-OCE-CAFETEIRA-1-790ML.effectsResult.jpg\",\"contentUrl\":\"https:\/\/pro.costa-verde.com\/wp-content\/uploads\/2024\/06\/006011000001-OCE-CAFETEIRA-1-790ML.effectsResult.jpg\",\"width\":1920,\"height\":1230},{\"@type\":\"BreadcrumbList\",\"@id\":\"https:\/\/pro.costa-verde.com\/produto\/cafeteira-790ml-oceanus\/#breadcrumb\",\"itemListElement\":[{\"@type\":\"ListItem\",\"position\":1,\"name\":\"In\u00edcio\",\"item\":\"https:\/\/pro.costa-verde.com\/es\/\"},{\"@type\":\"ListItem\",\"position\":2,\"name\":\"Loja online\",\"item\":\"https:\/\/pro.costa-verde.com\/loja-online\/\"},{\"@type\":\"ListItem\",\"position\":3,\"name\":\"Cafetera 790ml\"}]},{\"@type\":\"WebSite\",\"@id\":\"https:\/\/pro.costa-verde.com\/#website\",\"url\":\"https:\/\/pro.costa-verde.com\/\",\"name\":\"Costa Verde\",\"description\":\"Loja Online\",\"potentialAction\":[{\"@type\":\"SearchAction\",\"target\":{\"@type\":\"EntryPoint\",\"urlTemplate\":\"https:\/\/pro.costa-verde.com\/?s={search_term_string}\"},\"query-input\":{\"@type\":\"PropertyValueSpecification\",\"valueRequired\":true,\"valueName\":\"search_term_string\"}}],\"inLanguage\":\"es\"}]}<\/script>\n<!-- \/ Yoast SEO plugin. -->","yoast_head_json":{"title":"Cafetera 790ml - Costa Verde","robots":{"index":"index","follow":"follow","max-snippet":"max-snippet:-1","max-image-preview":"max-image-preview:large","max-video-preview":"max-video-preview:-1"},"canonical":"https:\/\/pro.costa-verde.com\/produto\/cafeteira-790ml-oceanus\/","og_locale":"es_ES","og_type":"article","og_title":"Cafetera 790ml - Costa Verde","og_description":"El sentido de universalidad est\u00e1 en el coraz\u00f3n del desarrollo de la colecci\u00f3n Oceanus. Dise\u00f1adas por los equipos de dise\u00f1o de Costa Verde, estas colecciones tienen como objetivo garantizar el acceso al refinamiento de la porcelana por parte de todos los profesionales de la hosteler\u00eda y la restauraci\u00f3n, garantizando la m\u00e1xima eficacia en t\u00e9rminos de [&hellip;]","og_url":"https:\/\/pro.costa-verde.com\/produto\/cafeteira-790ml-oceanus\/","og_site_name":"Costa Verde","article_publisher":"https:\/\/www.facebook.com\/costaverdeporcelanas\/","article_modified_time":"2024-10-24T12:00:22+00:00","og_image":[{"width":1920,"height":1230,"url":"https:\/\/pro.costa-verde.com\/wp-content\/uploads\/2024\/06\/006011000001-OCE-CAFETEIRA-1-790ML.effectsResult.jpg","type":"image\/jpeg"}],"twitter_card":"summary_large_image","twitter_misc":{"Tiempo de lectura":"1 minuto"},"schema":{"@context":"https:\/\/schema.org","@graph":[{"@type":"WebPage","@id":"https:\/\/pro.costa-verde.com\/produto\/cafeteira-790ml-oceanus\/","url":"https:\/\/pro.costa-verde.com\/produto\/cafeteira-790ml-oceanus\/","name":"Cafetera 790ml - Costa Verde","isPartOf":{"@id":"https:\/\/pro.costa-verde.com\/#website"},"primaryImageOfPage":{"@id":"https:\/\/pro.costa-verde.com\/produto\/cafeteira-790ml-oceanus\/#primaryimage"},"image":{"@id":"https:\/\/pro.costa-verde.com\/produto\/cafeteira-790ml-oceanus\/#primaryimage"},"thumbnailUrl":"https:\/\/pro.costa-verde.com\/wp-content\/uploads\/2024\/06\/006011000001-OCE-CAFETEIRA-1-790ML.effectsResult.jpg","datePublished":"2024-10-24T12:00:21+00:00","dateModified":"2024-10-24T12:00:22+00:00","breadcrumb":{"@id":"https:\/\/pro.costa-verde.com\/produto\/cafeteira-790ml-oceanus\/#breadcrumb"},"inLanguage":"es","potentialAction":[{"@type":"ReadAction","target":["https:\/\/pro.costa-verde.com\/produto\/cafeteira-790ml-oceanus\/"]}]},{"@type":"ImageObject","inLanguage":"es","@id":"https:\/\/pro.costa-verde.com\/produto\/cafeteira-790ml-oceanus\/#primaryimage","url":"https:\/\/pro.costa-verde.com\/wp-content\/uploads\/2024\/06\/006011000001-OCE-CAFETEIRA-1-790ML.effectsResult.jpg","contentUrl":"https:\/\/pro.costa-verde.com\/wp-content\/uploads\/2024\/06\/006011000001-OCE-CAFETEIRA-1-790ML.effectsResult.jpg","width":1920,"height":1230},{"@type":"BreadcrumbList","@id":"https:\/\/pro.costa-verde.com\/produto\/cafeteira-790ml-oceanus\/#breadcrumb","itemListElement":[{"@type":"ListItem","position":1,"name":"In\u00edcio","item":"https:\/\/pro.costa-verde.com\/es\/"},{"@type":"ListItem","position":2,"name":"Loja online","item":"https:\/\/pro.costa-verde.com\/loja-online\/"},{"@type":"ListItem","position":3,"name":"Cafetera 790ml"}]},{"@type":"WebSite","@id":"https:\/\/pro.costa-verde.com\/#website","url":"https:\/\/pro.costa-verde.com\/","name":"Costa Verde","description":"Loja Online","potentialAction":[{"@type":"SearchAction","target":{"@type":"EntryPoint","urlTemplate":"https:\/\/pro.costa-verde.com\/?s={search_term_string}"},"query-input":{"@type":"PropertyValueSpecification","valueRequired":true,"valueName":"search_term_string"}}],"inLanguage":"es"}]}},"_links":{"self":[{"href":"https:\/\/pro.costa-verde.com\/es\/wp-json\/wp\/v2\/product\/59984","targetHints":{"allow":["GET"]}}],"collection":[{"href":"https:\/\/pro.costa-verde.com\/es\/wp-json\/wp\/v2\/product"}],"about":[{"href":"https:\/\/pro.costa-verde.com\/es\/wp-json\/wp\/v2\/types\/product"}],"replies":[{"embeddable":true,"href":"https:\/\/pro.costa-verde.com\/es\/wp-json\/wp\/v2\/comments?post=59984"}],"version-history":[{"count":1,"href":"https:\/\/pro.costa-verde.com\/es\/wp-json\/wp\/v2\/product\/59984\/revisions"}],"predecessor-version":[{"id":61229,"href":"https:\/\/pro.costa-verde.com\/es\/wp-json\/wp\/v2\/product\/59984\/revisions\/61229"}],"wp:featuredmedia":[{"embeddable":true,"href":"https:\/\/pro.costa-verde.com\/es\/wp-json\/wp\/v2\/media\/60935"}],"wp:attachment":[{"href":"https:\/\/pro.costa-verde.com\/es\/wp-json\/wp\/v2\/media?parent=59984"}],"wp:term":[{"taxonomy":"product_brand","embeddable":true,"href":"https:\/\/pro.costa-verde.com\/es\/wp-json\/wp\/v2\/product_brand?post=59984"},{"taxonomy":"product_cat","embeddable":true,"href":"https:\/\/pro.costa-verde.com\/es\/wp-json\/wp\/v2\/product_cat?post=59984"},{"taxonomy":"product_tag","embeddable":true,"href":"https:\/\/pro.costa-verde.com\/es\/wp-json\/wp\/v2\/product_tag?post=59984"}],"curies":[{"name":"wp","href":"https:\/\/api.w.org\/{rel}","templated":true}]}}