{"id":59957,"date":"2024-06-27T11:09:17","date_gmt":"2024-11-28T08:49:16","guid":{"rendered":"https:\/\/pro.costa-verde.com\/?post_type=product&#038;p=59957"},"modified":"2024-11-28T08:49:17","modified_gmt":"2024-11-28T08:49:17","slug":"taza-1-2-leche-sin-asa-190ml-turismo","status":"publish","type":"product","link":"https:\/\/pro.costa-verde.com\/es\/produto\/taza-1-2-leche-sin-asa-190ml-turismo\/","title":{"rendered":"Taza 1\/2 leche sin asa 190ml"},"content":{"rendered":"<p>Un refinado sentido de la funcionalidad es el origen de la colecci\u00f3n Turismo, de Costa Verde, una colecci\u00f3n definida por un dise\u00f1o capaz de resistir la volatilidad de la moda y una robustez capaz de resistir la intensidad del uso. La simplicidad de sus l\u00edneas, su modularidad, as\u00ed como su perfecta capacidad de apilamiento son un valor a\u00f1adido para una gesti\u00f3n racional tanto del espacio como de la inversi\u00f3n.<\/p>\n","protected":false},"excerpt":{"rendered":"<p>Un refinado sentido de la funcionalidad es el origen de la colecci\u00f3n Turismo, de Costa Verde, una colecci\u00f3n definida por un dise\u00f1o capaz de resistir la volatilidad de la moda y una robustez capaz de resistir la intensidad del uso. La simplicidad de sus l\u00edneas, su modularidad, as\u00ed como su perfecta capacidad de apilamiento son [&hellip;]<\/p>\n","protected":false},"featured_media":60252,"comment_status":"open","ping_status":"closed","template":"","meta":[],"product_brand":[],"product_cat":[604],"product_tag":[],"class_list":{"0":"post-59957","1":"product","2":"type-product","3":"status-publish","4":"has-post-thumbnail","6":"product_cat-sin-categorizar","7":"pa_colecao-turismo-es","9":"first","10":"instock","11":"taxable","12":"shipping-taxable","13":"product-type-simple"},"yoast_head":"<!-- This site is optimized with the Yoast SEO plugin v26.9 - https:\/\/yoast.com\/product\/yoast-seo-wordpress\/ -->\n<title>Taza 1\/2 leche sin asa 190ml - Costa Verde<\/title>\n<meta name=\"robots\" content=\"index, follow, max-snippet:-1, max-image-preview:large, max-video-preview:-1\" \/>\n<link rel=\"canonical\" href=\"https:\/\/pro.costa-verde.com\/produto\/chavena-1-2-leite-s-asa-190ml-turismo\/\" \/>\n<meta property=\"og:locale\" content=\"es_ES\" \/>\n<meta property=\"og:type\" content=\"article\" \/>\n<meta property=\"og:title\" content=\"Taza 1\/2 leche sin asa 190ml - Costa Verde\" \/>\n<meta property=\"og:description\" content=\"Un refinado sentido de la funcionalidad es el origen de la colecci\u00f3n Turismo, de Costa Verde, una colecci\u00f3n definida por un dise\u00f1o capaz de resistir la volatilidad de la moda y una robustez capaz de resistir la intensidad del uso. La simplicidad de sus l\u00edneas, su modularidad, as\u00ed como su perfecta capacidad de apilamiento son [&hellip;]\" \/>\n<meta property=\"og:url\" content=\"https:\/\/pro.costa-verde.com\/produto\/chavena-1-2-leite-s-asa-190ml-turismo\/\" \/>\n<meta property=\"og:site_name\" content=\"Costa Verde\" \/>\n<meta property=\"article:publisher\" content=\"https:\/\/www.facebook.com\/costaverdeporcelanas\/\" \/>\n<meta property=\"article:modified_time\" content=\"2024-11-28T08:49:17+00:00\" \/>\n<meta property=\"og:image\" content=\"https:\/\/pro.costa-verde.com\/wp-content\/uploads\/2024\/09\/001024500001-TUR-CHAV-MEIA-DE-LEITE-SEM-ASA.jpg\" \/>\n\t<meta property=\"og:image:width\" content=\"1920\" \/>\n\t<meta property=\"og:image:height\" content=\"1230\" \/>\n\t<meta property=\"og:image:type\" content=\"image\/jpeg\" \/>\n<meta name=\"twitter:card\" content=\"summary_large_image\" \/>\n<script type=\"application\/ld+json\" class=\"yoast-schema-graph\">{\"@context\":\"https:\/\/schema.org\",\"@graph\":[{\"@type\":\"WebPage\",\"@id\":\"https:\/\/pro.costa-verde.com\/produto\/chavena-1-2-leite-s-asa-190ml-turismo\/\",\"url\":\"https:\/\/pro.costa-verde.com\/produto\/chavena-1-2-leite-s-asa-190ml-turismo\/\",\"name\":\"Taza 1\/2 leche sin asa 190ml - Costa Verde\",\"isPartOf\":{\"@id\":\"https:\/\/pro.costa-verde.com\/#website\"},\"primaryImageOfPage\":{\"@id\":\"https:\/\/pro.costa-verde.com\/produto\/chavena-1-2-leite-s-asa-190ml-turismo\/#primaryimage\"},\"image\":{\"@id\":\"https:\/\/pro.costa-verde.com\/produto\/chavena-1-2-leite-s-asa-190ml-turismo\/#primaryimage\"},\"thumbnailUrl\":\"https:\/\/pro.costa-verde.com\/wp-content\/uploads\/2024\/09\/001024500001-TUR-CHAV-MEIA-DE-LEITE-SEM-ASA.jpg\",\"datePublished\":\"2024-11-28T08:49:16+00:00\",\"dateModified\":\"2024-11-28T08:49:17+00:00\",\"breadcrumb\":{\"@id\":\"https:\/\/pro.costa-verde.com\/produto\/chavena-1-2-leite-s-asa-190ml-turismo\/#breadcrumb\"},\"inLanguage\":\"es\",\"potentialAction\":[{\"@type\":\"ReadAction\",\"target\":[\"https:\/\/pro.costa-verde.com\/produto\/chavena-1-2-leite-s-asa-190ml-turismo\/\"]}]},{\"@type\":\"ImageObject\",\"inLanguage\":\"es\",\"@id\":\"https:\/\/pro.costa-verde.com\/produto\/chavena-1-2-leite-s-asa-190ml-turismo\/#primaryimage\",\"url\":\"https:\/\/pro.costa-verde.com\/wp-content\/uploads\/2024\/09\/001024500001-TUR-CHAV-MEIA-DE-LEITE-SEM-ASA.jpg\",\"contentUrl\":\"https:\/\/pro.costa-verde.com\/wp-content\/uploads\/2024\/09\/001024500001-TUR-CHAV-MEIA-DE-LEITE-SEM-ASA.jpg\",\"width\":1920,\"height\":1230},{\"@type\":\"BreadcrumbList\",\"@id\":\"https:\/\/pro.costa-verde.com\/produto\/chavena-1-2-leite-s-asa-190ml-turismo\/#breadcrumb\",\"itemListElement\":[{\"@type\":\"ListItem\",\"position\":1,\"name\":\"In\u00edcio\",\"item\":\"https:\/\/pro.costa-verde.com\/es\/\"},{\"@type\":\"ListItem\",\"position\":2,\"name\":\"Loja online\",\"item\":\"https:\/\/pro.costa-verde.com\/loja-online\/\"},{\"@type\":\"ListItem\",\"position\":3,\"name\":\"Taza 1\/2 leche sin asa 190ml\"}]},{\"@type\":\"WebSite\",\"@id\":\"https:\/\/pro.costa-verde.com\/#website\",\"url\":\"https:\/\/pro.costa-verde.com\/\",\"name\":\"Costa Verde\",\"description\":\"Loja Online\",\"potentialAction\":[{\"@type\":\"SearchAction\",\"target\":{\"@type\":\"EntryPoint\",\"urlTemplate\":\"https:\/\/pro.costa-verde.com\/?s={search_term_string}\"},\"query-input\":{\"@type\":\"PropertyValueSpecification\",\"valueRequired\":true,\"valueName\":\"search_term_string\"}}],\"inLanguage\":\"es\"}]}<\/script>\n<!-- \/ Yoast SEO plugin. -->","yoast_head_json":{"title":"Taza 1\/2 leche sin asa 190ml - Costa Verde","robots":{"index":"index","follow":"follow","max-snippet":"max-snippet:-1","max-image-preview":"max-image-preview:large","max-video-preview":"max-video-preview:-1"},"canonical":"https:\/\/pro.costa-verde.com\/produto\/chavena-1-2-leite-s-asa-190ml-turismo\/","og_locale":"es_ES","og_type":"article","og_title":"Taza 1\/2 leche sin asa 190ml - Costa Verde","og_description":"Un refinado sentido de la funcionalidad es el origen de la colecci\u00f3n Turismo, de Costa Verde, una colecci\u00f3n definida por un dise\u00f1o capaz de resistir la volatilidad de la moda y una robustez capaz de resistir la intensidad del uso. La simplicidad de sus l\u00edneas, su modularidad, as\u00ed como su perfecta capacidad de apilamiento son [&hellip;]","og_url":"https:\/\/pro.costa-verde.com\/produto\/chavena-1-2-leite-s-asa-190ml-turismo\/","og_site_name":"Costa Verde","article_publisher":"https:\/\/www.facebook.com\/costaverdeporcelanas\/","article_modified_time":"2024-11-28T08:49:17+00:00","og_image":[{"width":1920,"height":1230,"url":"https:\/\/pro.costa-verde.com\/wp-content\/uploads\/2024\/09\/001024500001-TUR-CHAV-MEIA-DE-LEITE-SEM-ASA.jpg","type":"image\/jpeg"}],"twitter_card":"summary_large_image","schema":{"@context":"https:\/\/schema.org","@graph":[{"@type":"WebPage","@id":"https:\/\/pro.costa-verde.com\/produto\/chavena-1-2-leite-s-asa-190ml-turismo\/","url":"https:\/\/pro.costa-verde.com\/produto\/chavena-1-2-leite-s-asa-190ml-turismo\/","name":"Taza 1\/2 leche sin asa 190ml - Costa Verde","isPartOf":{"@id":"https:\/\/pro.costa-verde.com\/#website"},"primaryImageOfPage":{"@id":"https:\/\/pro.costa-verde.com\/produto\/chavena-1-2-leite-s-asa-190ml-turismo\/#primaryimage"},"image":{"@id":"https:\/\/pro.costa-verde.com\/produto\/chavena-1-2-leite-s-asa-190ml-turismo\/#primaryimage"},"thumbnailUrl":"https:\/\/pro.costa-verde.com\/wp-content\/uploads\/2024\/09\/001024500001-TUR-CHAV-MEIA-DE-LEITE-SEM-ASA.jpg","datePublished":"2024-11-28T08:49:16+00:00","dateModified":"2024-11-28T08:49:17+00:00","breadcrumb":{"@id":"https:\/\/pro.costa-verde.com\/produto\/chavena-1-2-leite-s-asa-190ml-turismo\/#breadcrumb"},"inLanguage":"es","potentialAction":[{"@type":"ReadAction","target":["https:\/\/pro.costa-verde.com\/produto\/chavena-1-2-leite-s-asa-190ml-turismo\/"]}]},{"@type":"ImageObject","inLanguage":"es","@id":"https:\/\/pro.costa-verde.com\/produto\/chavena-1-2-leite-s-asa-190ml-turismo\/#primaryimage","url":"https:\/\/pro.costa-verde.com\/wp-content\/uploads\/2024\/09\/001024500001-TUR-CHAV-MEIA-DE-LEITE-SEM-ASA.jpg","contentUrl":"https:\/\/pro.costa-verde.com\/wp-content\/uploads\/2024\/09\/001024500001-TUR-CHAV-MEIA-DE-LEITE-SEM-ASA.jpg","width":1920,"height":1230},{"@type":"BreadcrumbList","@id":"https:\/\/pro.costa-verde.com\/produto\/chavena-1-2-leite-s-asa-190ml-turismo\/#breadcrumb","itemListElement":[{"@type":"ListItem","position":1,"name":"In\u00edcio","item":"https:\/\/pro.costa-verde.com\/es\/"},{"@type":"ListItem","position":2,"name":"Loja online","item":"https:\/\/pro.costa-verde.com\/loja-online\/"},{"@type":"ListItem","position":3,"name":"Taza 1\/2 leche sin asa 190ml"}]},{"@type":"WebSite","@id":"https:\/\/pro.costa-verde.com\/#website","url":"https:\/\/pro.costa-verde.com\/","name":"Costa Verde","description":"Loja Online","potentialAction":[{"@type":"SearchAction","target":{"@type":"EntryPoint","urlTemplate":"https:\/\/pro.costa-verde.com\/?s={search_term_string}"},"query-input":{"@type":"PropertyValueSpecification","valueRequired":true,"valueName":"search_term_string"}}],"inLanguage":"es"}]}},"_links":{"self":[{"href":"https:\/\/pro.costa-verde.com\/es\/wp-json\/wp\/v2\/product\/59957","targetHints":{"allow":["GET"]}}],"collection":[{"href":"https:\/\/pro.costa-verde.com\/es\/wp-json\/wp\/v2\/product"}],"about":[{"href":"https:\/\/pro.costa-verde.com\/es\/wp-json\/wp\/v2\/types\/product"}],"replies":[{"embeddable":true,"href":"https:\/\/pro.costa-verde.com\/es\/wp-json\/wp\/v2\/comments?post=59957"}],"version-history":[{"count":1,"href":"https:\/\/pro.costa-verde.com\/es\/wp-json\/wp\/v2\/product\/59957\/revisions"}],"predecessor-version":[{"id":61702,"href":"https:\/\/pro.costa-verde.com\/es\/wp-json\/wp\/v2\/product\/59957\/revisions\/61702"}],"wp:featuredmedia":[{"embeddable":true,"href":"https:\/\/pro.costa-verde.com\/es\/wp-json\/wp\/v2\/media\/60252"}],"wp:attachment":[{"href":"https:\/\/pro.costa-verde.com\/es\/wp-json\/wp\/v2\/media?parent=59957"}],"wp:term":[{"taxonomy":"product_brand","embeddable":true,"href":"https:\/\/pro.costa-verde.com\/es\/wp-json\/wp\/v2\/product_brand?post=59957"},{"taxonomy":"product_cat","embeddable":true,"href":"https:\/\/pro.costa-verde.com\/es\/wp-json\/wp\/v2\/product_cat?post=59957"},{"taxonomy":"product_tag","embeddable":true,"href":"https:\/\/pro.costa-verde.com\/es\/wp-json\/wp\/v2\/product_tag?post=59957"}],"curies":[{"name":"wp","href":"https:\/\/api.w.org\/{rel}","templated":true}]}}