{"id":54650,"date":"2023-11-04T00:17:55","date_gmt":"2023-11-04T00:17:56","guid":{"rendered":"https:\/\/pro.costa-verde.com\/?post_type=product&#038;p=54650"},"modified":"2023-11-06T13:59:02","modified_gmt":"2023-11-06T13:59:02","slug":"taza-260-ml-eccentric","status":"publish","type":"product","link":"https:\/\/pro.costa-verde.com\/es\/produto\/taza-260-ml-eccentric\/","title":{"rendered":"Taza 260 ml"},"content":{"rendered":"\t\t<div data-elementor-type=\"product-post\" data-elementor-id=\"54650\" class=\"elementor elementor-54650 elementor-54649\" data-elementor-post-type=\"product\">\n\t\t\t\t\t\t<section class=\"elementor-section elementor-top-section elementor-element elementor-element-5b080b0 elementor-section-boxed elementor-section-height-default elementor-section-height-default\" data-id=\"5b080b0\" data-element_type=\"section\">\n\t\t\t\t\t\t<div class=\"elementor-container elementor-column-gap-default\">\n\t\t\t\t\t<div class=\"elementor-column elementor-col-100 elementor-top-column elementor-element elementor-element-7ab9f962\" data-id=\"7ab9f962\" data-element_type=\"column\">\n\t\t\t<div class=\"elementor-widget-wrap elementor-element-populated\">\n\t\t\t\t\t\t<div class=\"elementor-element elementor-element-36f4e7e7 elementor-widget elementor-widget-text-editor\" data-id=\"36f4e7e7\" data-element_type=\"widget\" data-widget_type=\"text-editor.default\">\n\t\t\t\t<div class=\"elementor-widget-container\">\n\t\t\t\t\t\t\t\t\t<p><span data-contrast=\"auto\">Eccentric, desarrollada a partir de las l\u00edneas cl\u00e1sicas y tradicionales de Costa Verde, Saturno, Saturno Coupe y Oceanus, nace con la ilusi\u00f3n de crear lo no convencional a trav\u00e9s de lo convencional.\u00a0<\/span><span data-ccp-props=\"{\">\u00a0<\/span><\/p>\n<p><span data-contrast=\"auto\">Los tonos grises claros, presentes en la colecci\u00f3n, permiten crear un entorno de mesa con estabilidad, madurez y elegancia. Su sublime esmalte reactivo marr\u00f3n, aplicado en el borde, y los efectos creados por \u00e9ste en toda la geometr\u00eda de las piezas, insin\u00faan un lado m\u00e1s r\u00fastico y disruptivo.<\/span><\/p>\n<p><span style=\"color: var( --e-global-color-text );\" data-ccp-props=\"{\"><span style=\"font-family: Roboto, sans-serif; font-size: 15px; font-style: normal; font-variant-ligatures: normal; font-variant-caps: normal; font-weight: 400; color: var( --e-global-color-text );\"><div class=\"bg-margin-for-link\"><input type='hidden' bg_collapse_expand='69dee860a6d1b1045469446' value='69dee860a6d1b1045469446'><input type='hidden' id='bg-show-more-text-69dee860a6d1b1045469446' value='Ver m\u00e1s'><input type='hidden' id='bg-show-less-text-69dee860a6d1b1045469446' value='Ver menos'><a id='bg-showmore-action-69dee860a6d1b1045469446' class='bg-showmore-plg-link  '  style=\" color:#414141;;\" href='#'>Ver m\u00e1s<\/a><div id='bg-showmore-hidden-69dee860a6d1b1045469446' ><\/span>\u00a0<\/span><\/p>\n<p style=\"font-style: normal;font-weight: 400;font-size: 15px;font-family: Roboto, sans-serif\"><a href=\"https:\/\/costa-verde.com\/es\/moods\/\">El concepto Moods<\/a><\/p>\n<p style=\"font-style: normal;font-weight: 400;font-size: 15px;font-family: Roboto, sans-serif\">Moods es sin\u00f3nimo de estado de \u00e1nimo, comportamiento, actitud, emoci\u00f3n, capacidad de respuesta, deseo y tendencia.<\/p>\n<p style=\"font-style: normal;font-weight: 400;font-size: 15px;font-family: Roboto, sans-serif\">Estructurado por un estado de \u00e1nimo y comportamiento estrechamente vinculado al cambio, que nos ha llevado a nuevas actitudes y procesos, teniendo en cuenta las emociones con las que se relaciona con nuestro producto, as\u00ed como sus deseos y las \u00faltimas tendencias del mercado, Moods encarna la m\u00e1xima expresi\u00f3n de una nueva atm\u00f3sfera.<\/p>\n<p style=\"font-style: normal;font-weight: 400;font-size: 15px;font-family: Roboto, sans-serif\">En\u00a0<a href=\"https:\/\/costa-verde.com\/es\/\">Costa Verde<\/a>\u00a0y con nuestra experiencia y saber hacer,\u00a0<a href=\"https:\/\/costa-verde.com\/es\/fabrica-costa-verde\/\">producimos porcelana<\/a>\u00a0con un sentido de desempe\u00f1o. Desde el impacto visual hasta las sensaciones t\u00e1ctiles, la porcelana que producimos est\u00e1 pensada para ser vivida y sentida.<\/p>\n<p style=\"font-style: normal;font-weight: 400;font-size: 15px;font-family: Roboto, sans-serif\">Moods es el resultado de un intenso proceso de investigaci\u00f3n y desarrollo en porcelana, que tiene como resultado un nuevo enfoque artesanal, garantizando el mismo tacto, belleza y sofisticaci\u00f3n que s\u00f3lo la porcelana proporciona.<\/p>\n<p style=\"font-style: normal;font-weight: 400;font-size: 15px;font-family: Roboto, sans-serif\"><\/div><\/div><\/p>\n\t\t\t\t\t\t\t\t<\/div>\n\t\t\t\t<\/div>\n\t\t\t\t\t<\/div>\n\t\t<\/div>\n\t\t\t\t\t<\/div>\n\t\t<\/section>\n\t\t\t\t<\/div>\n\t\t","protected":false},"excerpt":{"rendered":"<p>Eccentric, desarrollada a partir de las l\u00edneas cl\u00e1sicas y tradicionales de Costa Verde, Saturno, Saturno Coupe y Oceanus, nace con la ilusi\u00f3n de crear lo no convencional a trav\u00e9s de lo convencional.\u00a0\u00a0 Los tonos grises claros, presentes en la colecci\u00f3n, permiten crear un entorno de mesa con estabilidad, madurez y elegancia. Su sublime esmalte reactivo [&hellip;]<\/p>\n","protected":false},"featured_media":54583,"comment_status":"open","ping_status":"closed","template":"","meta":[],"product_brand":[],"product_cat":[604],"product_tag":[],"class_list":{"0":"post-54650","1":"product","2":"type-product","3":"status-publish","4":"has-post-thumbnail","6":"product_cat-sin-categorizar","7":"pa_colecao-eccentric-es","9":"first","10":"instock","11":"taxable","12":"shipping-taxable","13":"purchasable","14":"product-type-simple"},"yoast_head":"<!-- This site is optimized with the Yoast SEO plugin v26.9 - https:\/\/yoast.com\/product\/yoast-seo-wordpress\/ -->\n<title>Taza 260 ml - Costa Verde<\/title>\n<meta name=\"robots\" content=\"index, follow, max-snippet:-1, max-image-preview:large, max-video-preview:-1\" \/>\n<link rel=\"canonical\" href=\"https:\/\/pro.costa-verde.com\/produto\/chavena-260-ml\/\" \/>\n<meta property=\"og:locale\" content=\"es_ES\" \/>\n<meta property=\"og:type\" content=\"article\" \/>\n<meta property=\"og:title\" content=\"Taza 260 ml - Costa Verde\" \/>\n<meta property=\"og:description\" content=\"Eccentric, desarrollada a partir de las l\u00edneas cl\u00e1sicas y tradicionales de Costa Verde, Saturno, Saturno Coupe y Oceanus, nace con la ilusi\u00f3n de crear lo no convencional a trav\u00e9s de lo convencional.\u00a0\u00a0 Los tonos grises claros, presentes en la colecci\u00f3n, permiten crear un entorno de mesa con estabilidad, madurez y elegancia. Su sublime esmalte reactivo [&hellip;]\" \/>\n<meta property=\"og:url\" content=\"https:\/\/pro.costa-verde.com\/produto\/chavena-260-ml\/\" \/>\n<meta property=\"og:site_name\" content=\"Costa Verde\" \/>\n<meta property=\"article:publisher\" content=\"https:\/\/www.facebook.com\/costaverdeporcelanas\/\" \/>\n<meta property=\"article:modified_time\" content=\"2023-11-06T13:59:02+00:00\" \/>\n<meta property=\"og:image\" content=\"https:\/\/pro.costa-verde.com\/wp-content\/uploads\/2023\/11\/006018104620-CHAV-1-12-260ML.jpg\" \/>\n\t<meta property=\"og:image:width\" content=\"1920\" \/>\n\t<meta property=\"og:image:height\" content=\"1230\" \/>\n\t<meta property=\"og:image:type\" content=\"image\/jpeg\" \/>\n<meta name=\"twitter:card\" content=\"summary_large_image\" \/>\n<meta name=\"twitter:label1\" content=\"Tiempo de lectura\" \/>\n\t<meta name=\"twitter:data1\" content=\"1 minuto\" \/>\n<script type=\"application\/ld+json\" class=\"yoast-schema-graph\">{\"@context\":\"https:\/\/schema.org\",\"@graph\":[{\"@type\":\"WebPage\",\"@id\":\"https:\/\/pro.costa-verde.com\/produto\/chavena-260-ml\/\",\"url\":\"https:\/\/pro.costa-verde.com\/produto\/chavena-260-ml\/\",\"name\":\"Taza 260 ml - Costa Verde\",\"isPartOf\":{\"@id\":\"https:\/\/pro.costa-verde.com\/#website\"},\"primaryImageOfPage\":{\"@id\":\"https:\/\/pro.costa-verde.com\/produto\/chavena-260-ml\/#primaryimage\"},\"image\":{\"@id\":\"https:\/\/pro.costa-verde.com\/produto\/chavena-260-ml\/#primaryimage\"},\"thumbnailUrl\":\"https:\/\/pro.costa-verde.com\/wp-content\/uploads\/2023\/11\/006018104620-CHAV-1-12-260ML.jpg\",\"datePublished\":\"2023-11-04T00:17:56+00:00\",\"dateModified\":\"2023-11-06T13:59:02+00:00\",\"breadcrumb\":{\"@id\":\"https:\/\/pro.costa-verde.com\/produto\/chavena-260-ml\/#breadcrumb\"},\"inLanguage\":\"es\",\"potentialAction\":[{\"@type\":\"ReadAction\",\"target\":[\"https:\/\/pro.costa-verde.com\/produto\/chavena-260-ml\/\"]}]},{\"@type\":\"ImageObject\",\"inLanguage\":\"es\",\"@id\":\"https:\/\/pro.costa-verde.com\/produto\/chavena-260-ml\/#primaryimage\",\"url\":\"https:\/\/pro.costa-verde.com\/wp-content\/uploads\/2023\/11\/006018104620-CHAV-1-12-260ML.jpg\",\"contentUrl\":\"https:\/\/pro.costa-verde.com\/wp-content\/uploads\/2023\/11\/006018104620-CHAV-1-12-260ML.jpg\",\"width\":1920,\"height\":1230,\"caption\":\"Taza 260ML Eccentric\"},{\"@type\":\"BreadcrumbList\",\"@id\":\"https:\/\/pro.costa-verde.com\/produto\/chavena-260-ml\/#breadcrumb\",\"itemListElement\":[{\"@type\":\"ListItem\",\"position\":1,\"name\":\"In\u00edcio\",\"item\":\"https:\/\/pro.costa-verde.com\/es\/\"},{\"@type\":\"ListItem\",\"position\":2,\"name\":\"Loja online\",\"item\":\"https:\/\/pro.costa-verde.com\/loja-online\/\"},{\"@type\":\"ListItem\",\"position\":3,\"name\":\"Taza 260 ml\"}]},{\"@type\":\"WebSite\",\"@id\":\"https:\/\/pro.costa-verde.com\/#website\",\"url\":\"https:\/\/pro.costa-verde.com\/\",\"name\":\"Costa Verde\",\"description\":\"Loja Online\",\"potentialAction\":[{\"@type\":\"SearchAction\",\"target\":{\"@type\":\"EntryPoint\",\"urlTemplate\":\"https:\/\/pro.costa-verde.com\/?s={search_term_string}\"},\"query-input\":{\"@type\":\"PropertyValueSpecification\",\"valueRequired\":true,\"valueName\":\"search_term_string\"}}],\"inLanguage\":\"es\"}]}<\/script>\n<!-- \/ Yoast SEO plugin. -->","yoast_head_json":{"title":"Taza 260 ml - Costa Verde","robots":{"index":"index","follow":"follow","max-snippet":"max-snippet:-1","max-image-preview":"max-image-preview:large","max-video-preview":"max-video-preview:-1"},"canonical":"https:\/\/pro.costa-verde.com\/produto\/chavena-260-ml\/","og_locale":"es_ES","og_type":"article","og_title":"Taza 260 ml - Costa Verde","og_description":"Eccentric, desarrollada a partir de las l\u00edneas cl\u00e1sicas y tradicionales de Costa Verde, Saturno, Saturno Coupe y Oceanus, nace con la ilusi\u00f3n de crear lo no convencional a trav\u00e9s de lo convencional.\u00a0\u00a0 Los tonos grises claros, presentes en la colecci\u00f3n, permiten crear un entorno de mesa con estabilidad, madurez y elegancia. Su sublime esmalte reactivo [&hellip;]","og_url":"https:\/\/pro.costa-verde.com\/produto\/chavena-260-ml\/","og_site_name":"Costa Verde","article_publisher":"https:\/\/www.facebook.com\/costaverdeporcelanas\/","article_modified_time":"2023-11-06T13:59:02+00:00","og_image":[{"width":1920,"height":1230,"url":"https:\/\/pro.costa-verde.com\/wp-content\/uploads\/2023\/11\/006018104620-CHAV-1-12-260ML.jpg","type":"image\/jpeg"}],"twitter_card":"summary_large_image","twitter_misc":{"Tiempo de lectura":"1 minuto"},"schema":{"@context":"https:\/\/schema.org","@graph":[{"@type":"WebPage","@id":"https:\/\/pro.costa-verde.com\/produto\/chavena-260-ml\/","url":"https:\/\/pro.costa-verde.com\/produto\/chavena-260-ml\/","name":"Taza 260 ml - Costa Verde","isPartOf":{"@id":"https:\/\/pro.costa-verde.com\/#website"},"primaryImageOfPage":{"@id":"https:\/\/pro.costa-verde.com\/produto\/chavena-260-ml\/#primaryimage"},"image":{"@id":"https:\/\/pro.costa-verde.com\/produto\/chavena-260-ml\/#primaryimage"},"thumbnailUrl":"https:\/\/pro.costa-verde.com\/wp-content\/uploads\/2023\/11\/006018104620-CHAV-1-12-260ML.jpg","datePublished":"2023-11-04T00:17:56+00:00","dateModified":"2023-11-06T13:59:02+00:00","breadcrumb":{"@id":"https:\/\/pro.costa-verde.com\/produto\/chavena-260-ml\/#breadcrumb"},"inLanguage":"es","potentialAction":[{"@type":"ReadAction","target":["https:\/\/pro.costa-verde.com\/produto\/chavena-260-ml\/"]}]},{"@type":"ImageObject","inLanguage":"es","@id":"https:\/\/pro.costa-verde.com\/produto\/chavena-260-ml\/#primaryimage","url":"https:\/\/pro.costa-verde.com\/wp-content\/uploads\/2023\/11\/006018104620-CHAV-1-12-260ML.jpg","contentUrl":"https:\/\/pro.costa-verde.com\/wp-content\/uploads\/2023\/11\/006018104620-CHAV-1-12-260ML.jpg","width":1920,"height":1230,"caption":"Taza 260ML Eccentric"},{"@type":"BreadcrumbList","@id":"https:\/\/pro.costa-verde.com\/produto\/chavena-260-ml\/#breadcrumb","itemListElement":[{"@type":"ListItem","position":1,"name":"In\u00edcio","item":"https:\/\/pro.costa-verde.com\/es\/"},{"@type":"ListItem","position":2,"name":"Loja online","item":"https:\/\/pro.costa-verde.com\/loja-online\/"},{"@type":"ListItem","position":3,"name":"Taza 260 ml"}]},{"@type":"WebSite","@id":"https:\/\/pro.costa-verde.com\/#website","url":"https:\/\/pro.costa-verde.com\/","name":"Costa Verde","description":"Loja Online","potentialAction":[{"@type":"SearchAction","target":{"@type":"EntryPoint","urlTemplate":"https:\/\/pro.costa-verde.com\/?s={search_term_string}"},"query-input":{"@type":"PropertyValueSpecification","valueRequired":true,"valueName":"search_term_string"}}],"inLanguage":"es"}]}},"_links":{"self":[{"href":"https:\/\/pro.costa-verde.com\/es\/wp-json\/wp\/v2\/product\/54650","targetHints":{"allow":["GET"]}}],"collection":[{"href":"https:\/\/pro.costa-verde.com\/es\/wp-json\/wp\/v2\/product"}],"about":[{"href":"https:\/\/pro.costa-verde.com\/es\/wp-json\/wp\/v2\/types\/product"}],"replies":[{"embeddable":true,"href":"https:\/\/pro.costa-verde.com\/es\/wp-json\/wp\/v2\/comments?post=54650"}],"version-history":[{"count":4,"href":"https:\/\/pro.costa-verde.com\/es\/wp-json\/wp\/v2\/product\/54650\/revisions"}],"predecessor-version":[{"id":55005,"href":"https:\/\/pro.costa-verde.com\/es\/wp-json\/wp\/v2\/product\/54650\/revisions\/55005"}],"wp:featuredmedia":[{"embeddable":true,"href":"https:\/\/pro.costa-verde.com\/es\/wp-json\/wp\/v2\/media\/54583"}],"wp:attachment":[{"href":"https:\/\/pro.costa-verde.com\/es\/wp-json\/wp\/v2\/media?parent=54650"}],"wp:term":[{"taxonomy":"product_brand","embeddable":true,"href":"https:\/\/pro.costa-verde.com\/es\/wp-json\/wp\/v2\/product_brand?post=54650"},{"taxonomy":"product_cat","embeddable":true,"href":"https:\/\/pro.costa-verde.com\/es\/wp-json\/wp\/v2\/product_cat?post=54650"},{"taxonomy":"product_tag","embeddable":true,"href":"https:\/\/pro.costa-verde.com\/es\/wp-json\/wp\/v2\/product_tag?post=54650"}],"curies":[{"name":"wp","href":"https:\/\/api.w.org\/{rel}","templated":true}]}}