{"id":52823,"date":"2023-10-09T11:42:56","date_gmt":"2023-10-09T10:42:58","guid":{"rendered":"https:\/\/pro.costa-verde.com\/?post_type=product&#038;p=52823"},"modified":"2023-10-10T09:52:51","modified_gmt":"2023-10-10T08:52:51","slug":"bol-9-h4cm-foggy-sandy-groundy","status":"publish","type":"product","link":"https:\/\/pro.costa-verde.com\/es\/produto\/bol-9-h4cm-foggy-sandy-groundy\/","title":{"rendered":"Bol 9 h4cm"},"content":{"rendered":"\t\t<div data-elementor-type=\"product-post\" data-elementor-id=\"52823\" class=\"elementor elementor-52823 elementor-52814\" data-elementor-post-type=\"product\">\n\t\t\t\t\t\t<section class=\"elementor-section elementor-top-section elementor-element elementor-element-78e08b58 elementor-section-boxed elementor-section-height-default elementor-section-height-default\" data-id=\"78e08b58\" data-element_type=\"section\">\n\t\t\t\t\t\t<div class=\"elementor-container elementor-column-gap-default\">\n\t\t\t\t\t<div class=\"elementor-column elementor-col-100 elementor-top-column elementor-element elementor-element-758b1a7c\" data-id=\"758b1a7c\" data-element_type=\"column\">\n\t\t\t<div class=\"elementor-widget-wrap elementor-element-populated\">\n\t\t\t\t\t\t<div class=\"elementor-element elementor-element-24ea3d66 elementor-widget elementor-widget-text-editor\" data-id=\"24ea3d66\" data-element_type=\"widget\" data-widget_type=\"text-editor.default\">\n\t\t\t\t<div class=\"elementor-widget-container\">\n\t\t\t\t\t\t\t\t\t<p><span lang=\"PT-PT\" style=\"font-family: Roboto, sans-serif; font-size: 15px; font-style: normal; font-variant-ligatures: normal; font-variant-caps: normal; font-weight: 400; color: var( --e-global-color-text );\" xml:lang=\"PT-PT\" data-contrast=\"auto\">A cole\u00e7\u00e3o Foggy evoca a beleza misteriosa da quietude, com tons suaves de cinza que nos transportam para um estado de introspe\u00e7\u00e3o e serenidade.\u00a0<\/span><span lang=\"PT-PT\" style=\"font-family: Roboto, sans-serif; font-size: 15px; font-style: normal; font-variant-ligatures: normal; font-variant-caps: normal; font-weight: 400; color: var( --e-global-color-text );\" xml:lang=\"PT-PT\" data-contrast=\"auto\">Groundy transmite a for\u00e7a da terra e da natureza, com tons quentes e acolhedores de terracota, criando uma atmosfera de calor e maturidade.\u00a0<\/span><span lang=\"PT-PT\" style=\"font-family: Roboto, sans-serif; font-size: 15px; font-style: normal; font-variant-ligatures: normal; font-variant-caps: normal; font-weight: 400; color: var( --e-global-color-text );\" xml:lang=\"PT-PT\" data-contrast=\"auto\">A estabilidade e confian\u00e7a distinguem-se atrav\u00e9s da cole\u00e7\u00e3o Sandy, com tons atemporais de bege e uma eleg\u00e2ncia sofisticada que homenageia a tradi\u00e7\u00e3o e a mem\u00f3ria.\u00a0<\/span><span style=\"font-family: Roboto, sans-serif; font-size: 15px; font-style: normal; font-variant-ligatures: normal; font-variant-caps: normal; font-weight: 400; color: var( --e-global-color-text );\">\u00a0<\/span><\/p><div style=\"font-style: normal; font-variant-ligatures: normal; font-variant-caps: normal; font-weight: 400; font-size: 15px; font-family: Roboto, sans-serif;\"><p><span lang=\"PT-PT\" xml:lang=\"PT-PT\" data-contrast=\"auto\">Estas cole\u00e7\u00f5es s\u00e3o dotadas de uma eleg\u00e2ncia discreta e \u00fanica que ter\u00e3o sempre um lugar \u00e0 mesa.<\/span>\u00a0<\/p><\/div>\t\t\t\t\t\t\t\t<\/div>\n\t\t\t\t<\/div>\n\t\t\t\t\t<\/div>\n\t\t<\/div>\n\t\t\t\t\t<\/div>\n\t\t<\/section>\n\t\t\t\t<\/div>\n\t\t","protected":false},"excerpt":{"rendered":"<p>RUSTICO La artesan\u00eda elevada a la porcelana. La colecci\u00f3n de la granja a la mesa de Costa Verde parte de los conceptos m\u00e1s cercanos al gres, para desarrollar piezas excepcionales con la suavidad, delicadeza y elegancia de la porcelana. Es por este sentido de respeto a la tradici\u00f3n y a la ascendencia de los productos [&hellip;]<\/p>\n","protected":false},"featured_media":53496,"comment_status":"open","ping_status":"closed","template":"","meta":[],"product_brand":[],"product_cat":[604],"product_tag":[],"class_list":{"0":"post-52823","1":"product","2":"type-product","3":"status-publish","4":"has-post-thumbnail","6":"product_cat-sin-categorizar","7":"pa_colecao-foggy-sandy-groundy-es","9":"first","10":"instock","11":"taxable","12":"shipping-taxable","13":"product-type-variable"},"yoast_head":"<!-- This site is optimized with the Yoast SEO plugin v26.9 - https:\/\/yoast.com\/product\/yoast-seo-wordpress\/ -->\n<title>Bol 9 h4cm - Costa Verde<\/title>\n<meta name=\"robots\" content=\"index, follow, max-snippet:-1, max-image-preview:large, max-video-preview:-1\" \/>\n<link rel=\"canonical\" href=\"https:\/\/pro.costa-verde.com\/produto\/taca-9-h4cm-foggy-sandy-groundy\/\" \/>\n<meta property=\"og:locale\" content=\"es_ES\" \/>\n<meta property=\"og:type\" content=\"article\" \/>\n<meta property=\"og:title\" content=\"Bol 9 h4cm - Costa Verde\" \/>\n<meta property=\"og:description\" content=\"RUSTICO La artesan\u00eda elevada a la porcelana. La colecci\u00f3n de la granja a la mesa de Costa Verde parte de los conceptos m\u00e1s cercanos al gres, para desarrollar piezas excepcionales con la suavidad, delicadeza y elegancia de la porcelana. Es por este sentido de respeto a la tradici\u00f3n y a la ascendencia de los productos [&hellip;]\" \/>\n<meta property=\"og:url\" content=\"https:\/\/pro.costa-verde.com\/produto\/taca-9-h4cm-foggy-sandy-groundy\/\" \/>\n<meta property=\"og:site_name\" content=\"Costa Verde\" \/>\n<meta property=\"article:publisher\" content=\"https:\/\/www.facebook.com\/costaverdeporcelanas\/\" \/>\n<meta property=\"article:modified_time\" content=\"2023-10-10T08:52:51+00:00\" \/>\n<meta property=\"og:image\" content=\"https:\/\/pro.costa-verde.com\/wp-content\/uploads\/2023\/10\/055023604595-UNI-TACA-9-H4CM.jpg\" \/>\n\t<meta property=\"og:image:width\" content=\"1920\" \/>\n\t<meta property=\"og:image:height\" content=\"1230\" \/>\n\t<meta property=\"og:image:type\" content=\"image\/jpeg\" \/>\n<meta name=\"twitter:card\" content=\"summary_large_image\" \/>\n<meta name=\"twitter:label1\" content=\"Tiempo de lectura\" \/>\n\t<meta name=\"twitter:data1\" content=\"1 minuto\" \/>\n<script type=\"application\/ld+json\" class=\"yoast-schema-graph\">{\"@context\":\"https:\/\/schema.org\",\"@graph\":[{\"@type\":\"WebPage\",\"@id\":\"https:\/\/pro.costa-verde.com\/produto\/taca-9-h4cm-foggy-sandy-groundy\/\",\"url\":\"https:\/\/pro.costa-verde.com\/produto\/taca-9-h4cm-foggy-sandy-groundy\/\",\"name\":\"Bol 9 h4cm - Costa Verde\",\"isPartOf\":{\"@id\":\"https:\/\/pro.costa-verde.com\/#website\"},\"primaryImageOfPage\":{\"@id\":\"https:\/\/pro.costa-verde.com\/produto\/taca-9-h4cm-foggy-sandy-groundy\/#primaryimage\"},\"image\":{\"@id\":\"https:\/\/pro.costa-verde.com\/produto\/taca-9-h4cm-foggy-sandy-groundy\/#primaryimage\"},\"thumbnailUrl\":\"https:\/\/pro.costa-verde.com\/wp-content\/uploads\/2023\/10\/055023604595-UNI-TACA-9-H4CM.jpg\",\"datePublished\":\"2023-10-09T10:42:58+00:00\",\"dateModified\":\"2023-10-10T08:52:51+00:00\",\"breadcrumb\":{\"@id\":\"https:\/\/pro.costa-verde.com\/produto\/taca-9-h4cm-foggy-sandy-groundy\/#breadcrumb\"},\"inLanguage\":\"es\",\"potentialAction\":[{\"@type\":\"ReadAction\",\"target\":[\"https:\/\/pro.costa-verde.com\/produto\/taca-9-h4cm-foggy-sandy-groundy\/\"]}]},{\"@type\":\"ImageObject\",\"inLanguage\":\"es\",\"@id\":\"https:\/\/pro.costa-verde.com\/produto\/taca-9-h4cm-foggy-sandy-groundy\/#primaryimage\",\"url\":\"https:\/\/pro.costa-verde.com\/wp-content\/uploads\/2023\/10\/055023604595-UNI-TACA-9-H4CM.jpg\",\"contentUrl\":\"https:\/\/pro.costa-verde.com\/wp-content\/uploads\/2023\/10\/055023604595-UNI-TACA-9-H4CM.jpg\",\"width\":1920,\"height\":1230},{\"@type\":\"BreadcrumbList\",\"@id\":\"https:\/\/pro.costa-verde.com\/produto\/taca-9-h4cm-foggy-sandy-groundy\/#breadcrumb\",\"itemListElement\":[{\"@type\":\"ListItem\",\"position\":1,\"name\":\"In\u00edcio\",\"item\":\"https:\/\/pro.costa-verde.com\/es\/\"},{\"@type\":\"ListItem\",\"position\":2,\"name\":\"Loja online\",\"item\":\"https:\/\/pro.costa-verde.com\/loja-online\/\"},{\"@type\":\"ListItem\",\"position\":3,\"name\":\"Bol 9 h4cm\"}]},{\"@type\":\"WebSite\",\"@id\":\"https:\/\/pro.costa-verde.com\/#website\",\"url\":\"https:\/\/pro.costa-verde.com\/\",\"name\":\"Costa Verde\",\"description\":\"Loja Online\",\"potentialAction\":[{\"@type\":\"SearchAction\",\"target\":{\"@type\":\"EntryPoint\",\"urlTemplate\":\"https:\/\/pro.costa-verde.com\/?s={search_term_string}\"},\"query-input\":{\"@type\":\"PropertyValueSpecification\",\"valueRequired\":true,\"valueName\":\"search_term_string\"}}],\"inLanguage\":\"es\"}]}<\/script>\n<!-- \/ Yoast SEO plugin. -->","yoast_head_json":{"title":"Bol 9 h4cm - Costa Verde","robots":{"index":"index","follow":"follow","max-snippet":"max-snippet:-1","max-image-preview":"max-image-preview:large","max-video-preview":"max-video-preview:-1"},"canonical":"https:\/\/pro.costa-verde.com\/produto\/taca-9-h4cm-foggy-sandy-groundy\/","og_locale":"es_ES","og_type":"article","og_title":"Bol 9 h4cm - Costa Verde","og_description":"RUSTICO La artesan\u00eda elevada a la porcelana. La colecci\u00f3n de la granja a la mesa de Costa Verde parte de los conceptos m\u00e1s cercanos al gres, para desarrollar piezas excepcionales con la suavidad, delicadeza y elegancia de la porcelana. Es por este sentido de respeto a la tradici\u00f3n y a la ascendencia de los productos [&hellip;]","og_url":"https:\/\/pro.costa-verde.com\/produto\/taca-9-h4cm-foggy-sandy-groundy\/","og_site_name":"Costa Verde","article_publisher":"https:\/\/www.facebook.com\/costaverdeporcelanas\/","article_modified_time":"2023-10-10T08:52:51+00:00","og_image":[{"width":1920,"height":1230,"url":"https:\/\/pro.costa-verde.com\/wp-content\/uploads\/2023\/10\/055023604595-UNI-TACA-9-H4CM.jpg","type":"image\/jpeg"}],"twitter_card":"summary_large_image","twitter_misc":{"Tiempo de lectura":"1 minuto"},"schema":{"@context":"https:\/\/schema.org","@graph":[{"@type":"WebPage","@id":"https:\/\/pro.costa-verde.com\/produto\/taca-9-h4cm-foggy-sandy-groundy\/","url":"https:\/\/pro.costa-verde.com\/produto\/taca-9-h4cm-foggy-sandy-groundy\/","name":"Bol 9 h4cm - Costa Verde","isPartOf":{"@id":"https:\/\/pro.costa-verde.com\/#website"},"primaryImageOfPage":{"@id":"https:\/\/pro.costa-verde.com\/produto\/taca-9-h4cm-foggy-sandy-groundy\/#primaryimage"},"image":{"@id":"https:\/\/pro.costa-verde.com\/produto\/taca-9-h4cm-foggy-sandy-groundy\/#primaryimage"},"thumbnailUrl":"https:\/\/pro.costa-verde.com\/wp-content\/uploads\/2023\/10\/055023604595-UNI-TACA-9-H4CM.jpg","datePublished":"2023-10-09T10:42:58+00:00","dateModified":"2023-10-10T08:52:51+00:00","breadcrumb":{"@id":"https:\/\/pro.costa-verde.com\/produto\/taca-9-h4cm-foggy-sandy-groundy\/#breadcrumb"},"inLanguage":"es","potentialAction":[{"@type":"ReadAction","target":["https:\/\/pro.costa-verde.com\/produto\/taca-9-h4cm-foggy-sandy-groundy\/"]}]},{"@type":"ImageObject","inLanguage":"es","@id":"https:\/\/pro.costa-verde.com\/produto\/taca-9-h4cm-foggy-sandy-groundy\/#primaryimage","url":"https:\/\/pro.costa-verde.com\/wp-content\/uploads\/2023\/10\/055023604595-UNI-TACA-9-H4CM.jpg","contentUrl":"https:\/\/pro.costa-verde.com\/wp-content\/uploads\/2023\/10\/055023604595-UNI-TACA-9-H4CM.jpg","width":1920,"height":1230},{"@type":"BreadcrumbList","@id":"https:\/\/pro.costa-verde.com\/produto\/taca-9-h4cm-foggy-sandy-groundy\/#breadcrumb","itemListElement":[{"@type":"ListItem","position":1,"name":"In\u00edcio","item":"https:\/\/pro.costa-verde.com\/es\/"},{"@type":"ListItem","position":2,"name":"Loja online","item":"https:\/\/pro.costa-verde.com\/loja-online\/"},{"@type":"ListItem","position":3,"name":"Bol 9 h4cm"}]},{"@type":"WebSite","@id":"https:\/\/pro.costa-verde.com\/#website","url":"https:\/\/pro.costa-verde.com\/","name":"Costa Verde","description":"Loja Online","potentialAction":[{"@type":"SearchAction","target":{"@type":"EntryPoint","urlTemplate":"https:\/\/pro.costa-verde.com\/?s={search_term_string}"},"query-input":{"@type":"PropertyValueSpecification","valueRequired":true,"valueName":"search_term_string"}}],"inLanguage":"es"}]}},"_links":{"self":[{"href":"https:\/\/pro.costa-verde.com\/es\/wp-json\/wp\/v2\/product\/52823","targetHints":{"allow":["GET"]}}],"collection":[{"href":"https:\/\/pro.costa-verde.com\/es\/wp-json\/wp\/v2\/product"}],"about":[{"href":"https:\/\/pro.costa-verde.com\/es\/wp-json\/wp\/v2\/types\/product"}],"replies":[{"embeddable":true,"href":"https:\/\/pro.costa-verde.com\/es\/wp-json\/wp\/v2\/comments?post=52823"}],"version-history":[{"count":1,"href":"https:\/\/pro.costa-verde.com\/es\/wp-json\/wp\/v2\/product\/52823\/revisions"}],"predecessor-version":[{"id":54180,"href":"https:\/\/pro.costa-verde.com\/es\/wp-json\/wp\/v2\/product\/52823\/revisions\/54180"}],"wp:featuredmedia":[{"embeddable":true,"href":"https:\/\/pro.costa-verde.com\/es\/wp-json\/wp\/v2\/media\/53496"}],"wp:attachment":[{"href":"https:\/\/pro.costa-verde.com\/es\/wp-json\/wp\/v2\/media?parent=52823"}],"wp:term":[{"taxonomy":"product_brand","embeddable":true,"href":"https:\/\/pro.costa-verde.com\/es\/wp-json\/wp\/v2\/product_brand?post=52823"},{"taxonomy":"product_cat","embeddable":true,"href":"https:\/\/pro.costa-verde.com\/es\/wp-json\/wp\/v2\/product_cat?post=52823"},{"taxonomy":"product_tag","embeddable":true,"href":"https:\/\/pro.costa-verde.com\/es\/wp-json\/wp\/v2\/product_tag?post=52823"}],"curies":[{"name":"wp","href":"https:\/\/api.w.org\/{rel}","templated":true}]}}