{"id":50740,"date":"2023-06-05T09:55:20","date_gmt":"2023-06-05T08:55:21","guid":{"rendered":"https:\/\/pro.costa-verde.com\/?post_type=product&#038;p=50740"},"modified":"2023-06-06T12:20:30","modified_gmt":"2023-06-06T11:20:30","slug":"plato-hondo-29cm-angry","status":"publish","type":"product","link":"https:\/\/pro.costa-verde.com\/es\/produto\/plato-hondo-29cm-angry\/","title":{"rendered":"Plato Hondo 29cm"},"content":{"rendered":"<p><span data-contrast=\"auto\">La\u00a0colecci\u00f3n Angry\u00a0promete una sensaci\u00f3n de grandeza a trav\u00e9s de su color y sus delicadas l\u00edneas.<\/span><span data-ccp-props=\"{&quot;201341983&quot;:0,&quot;335551550&quot;:6,&quot;335551620&quot;:6,&quot;335559739&quot;:240,&quot;335559740&quot;:240}\">\u00a0<\/span><\/p>\n<p><span data-contrast=\"auto\">Su vidriado negro reactivo envuelve el ambiente en una atm\u00f3sfera de fuerza y \u200b\u200bpoder que fomenta la audacia nel emplatado.<\/span><span data-ccp-props=\"{&quot;201341983&quot;:0,&quot;335551550&quot;:6,&quot;335551620&quot;:6,&quot;335559739&quot;:240,&quot;335559740&quot;:240}\">\u00a0<\/span><span data-contrast=\"auto\">Representa la innovaci\u00f3n, escapando de la norma de forma refinada, y adopta esta posici\u00f3n con seguridad. Asume un car\u00e1cter elegante y transmite gracia y serenidad a la mesa.<\/span><span data-ccp-props=\"{&quot;201341983&quot;:0,&quot;335551550&quot;:6,&quot;335551620&quot;:6,&quot;335559739&quot;:240,&quot;335559740&quot;:240}\">\u00a0<\/span><\/p>\n","protected":false},"excerpt":{"rendered":"<p>La\u00a0colecci\u00f3n Angry\u00a0promete una sensaci\u00f3n de grandeza a trav\u00e9s de su color y sus delicadas l\u00edneas.\u00a0 Su vidriado negro reactivo envuelve el ambiente en una atm\u00f3sfera de fuerza y \u200b\u200bpoder que fomenta la audacia nel emplatado.\u00a0Representa la innovaci\u00f3n, escapando de la norma de forma refinada, y adopta esta posici\u00f3n con seguridad. Asume un car\u00e1cter elegante y [&hellip;]<\/p>\n","protected":false},"featured_media":50630,"comment_status":"open","ping_status":"closed","template":"","meta":[],"product_brand":[],"product_cat":[1324],"product_tag":[],"class_list":{"0":"post-50740","1":"product","2":"type-product","3":"status-publish","4":"has-post-thumbnail","6":"product_cat-platos-pasta","7":"pa_colecao-angry-es","9":"first","10":"instock","11":"taxable","12":"shipping-taxable","13":"purchasable","14":"product-type-simple"},"yoast_head":"<!-- This site is optimized with the Yoast SEO plugin v26.9 - https:\/\/yoast.com\/product\/yoast-seo-wordpress\/ -->\n<title>Plato Hondo 29cm - Costa Verde<\/title>\n<meta name=\"robots\" content=\"index, follow, max-snippet:-1, max-image-preview:large, max-video-preview:-1\" \/>\n<link rel=\"canonical\" href=\"https:\/\/pro.costa-verde.com\/produto\/prato-fundo-29cm-angry\/\" \/>\n<meta property=\"og:locale\" content=\"es_ES\" \/>\n<meta property=\"og:type\" content=\"article\" \/>\n<meta property=\"og:title\" content=\"Plato Hondo 29cm - Costa Verde\" \/>\n<meta property=\"og:description\" content=\"La\u00a0colecci\u00f3n Angry\u00a0promete una sensaci\u00f3n de grandeza a trav\u00e9s de su color y sus delicadas l\u00edneas.\u00a0 Su vidriado negro reactivo envuelve el ambiente en una atm\u00f3sfera de fuerza y \u200b\u200bpoder que fomenta la audacia nel emplatado.\u00a0Representa la innovaci\u00f3n, escapando de la norma de forma refinada, y adopta esta posici\u00f3n con seguridad. Asume un car\u00e1cter elegante y [&hellip;]\" \/>\n<meta property=\"og:url\" content=\"https:\/\/pro.costa-verde.com\/produto\/prato-fundo-29cm-angry\/\" \/>\n<meta property=\"og:site_name\" content=\"Costa Verde\" \/>\n<meta property=\"article:publisher\" content=\"https:\/\/www.facebook.com\/costaverdeporcelanas\/\" \/>\n<meta property=\"article:modified_time\" content=\"2023-06-06T11:20:30+00:00\" \/>\n<meta property=\"og:image\" content=\"https:\/\/pro.costa-verde.com\/wp-content\/uploads\/2023\/06\/0450006-SAT-PRATO-FUNDO-29CM.jpg\" \/>\n\t<meta property=\"og:image:width\" content=\"1920\" \/>\n\t<meta property=\"og:image:height\" content=\"1230\" \/>\n\t<meta property=\"og:image:type\" content=\"image\/jpeg\" \/>\n<meta name=\"twitter:card\" content=\"summary_large_image\" \/>\n<meta name=\"twitter:label1\" content=\"Tiempo de lectura\" \/>\n\t<meta name=\"twitter:data1\" content=\"1 minuto\" \/>\n<script type=\"application\/ld+json\" class=\"yoast-schema-graph\">{\"@context\":\"https:\/\/schema.org\",\"@graph\":[{\"@type\":\"WebPage\",\"@id\":\"https:\/\/pro.costa-verde.com\/produto\/prato-fundo-29cm-angry\/\",\"url\":\"https:\/\/pro.costa-verde.com\/produto\/prato-fundo-29cm-angry\/\",\"name\":\"Plato Hondo 29cm - Costa Verde\",\"isPartOf\":{\"@id\":\"https:\/\/pro.costa-verde.com\/#website\"},\"primaryImageOfPage\":{\"@id\":\"https:\/\/pro.costa-verde.com\/produto\/prato-fundo-29cm-angry\/#primaryimage\"},\"image\":{\"@id\":\"https:\/\/pro.costa-verde.com\/produto\/prato-fundo-29cm-angry\/#primaryimage\"},\"thumbnailUrl\":\"https:\/\/pro.costa-verde.com\/wp-content\/uploads\/2023\/06\/0450006-SAT-PRATO-FUNDO-29CM.jpg\",\"datePublished\":\"2023-06-05T08:55:21+00:00\",\"dateModified\":\"2023-06-06T11:20:30+00:00\",\"breadcrumb\":{\"@id\":\"https:\/\/pro.costa-verde.com\/produto\/prato-fundo-29cm-angry\/#breadcrumb\"},\"inLanguage\":\"es\",\"potentialAction\":[{\"@type\":\"ReadAction\",\"target\":[\"https:\/\/pro.costa-verde.com\/produto\/prato-fundo-29cm-angry\/\"]}]},{\"@type\":\"ImageObject\",\"inLanguage\":\"es\",\"@id\":\"https:\/\/pro.costa-verde.com\/produto\/prato-fundo-29cm-angry\/#primaryimage\",\"url\":\"https:\/\/pro.costa-verde.com\/wp-content\/uploads\/2023\/06\/0450006-SAT-PRATO-FUNDO-29CM.jpg\",\"contentUrl\":\"https:\/\/pro.costa-verde.com\/wp-content\/uploads\/2023\/06\/0450006-SAT-PRATO-FUNDO-29CM.jpg\",\"width\":1920,\"height\":1230,\"caption\":\"Angry Plato Hondo 29 cm\"},{\"@type\":\"BreadcrumbList\",\"@id\":\"https:\/\/pro.costa-verde.com\/produto\/prato-fundo-29cm-angry\/#breadcrumb\",\"itemListElement\":[{\"@type\":\"ListItem\",\"position\":1,\"name\":\"In\u00edcio\",\"item\":\"https:\/\/pro.costa-verde.com\/es\/\"},{\"@type\":\"ListItem\",\"position\":2,\"name\":\"Loja online\",\"item\":\"https:\/\/pro.costa-verde.com\/loja-online\/\"},{\"@type\":\"ListItem\",\"position\":3,\"name\":\"Plato Hondo 29cm\"}]},{\"@type\":\"WebSite\",\"@id\":\"https:\/\/pro.costa-verde.com\/#website\",\"url\":\"https:\/\/pro.costa-verde.com\/\",\"name\":\"Costa Verde\",\"description\":\"Loja Online\",\"potentialAction\":[{\"@type\":\"SearchAction\",\"target\":{\"@type\":\"EntryPoint\",\"urlTemplate\":\"https:\/\/pro.costa-verde.com\/?s={search_term_string}\"},\"query-input\":{\"@type\":\"PropertyValueSpecification\",\"valueRequired\":true,\"valueName\":\"search_term_string\"}}],\"inLanguage\":\"es\"}]}<\/script>\n<!-- \/ Yoast SEO plugin. -->","yoast_head_json":{"title":"Plato Hondo 29cm - Costa Verde","robots":{"index":"index","follow":"follow","max-snippet":"max-snippet:-1","max-image-preview":"max-image-preview:large","max-video-preview":"max-video-preview:-1"},"canonical":"https:\/\/pro.costa-verde.com\/produto\/prato-fundo-29cm-angry\/","og_locale":"es_ES","og_type":"article","og_title":"Plato Hondo 29cm - Costa Verde","og_description":"La\u00a0colecci\u00f3n Angry\u00a0promete una sensaci\u00f3n de grandeza a trav\u00e9s de su color y sus delicadas l\u00edneas.\u00a0 Su vidriado negro reactivo envuelve el ambiente en una atm\u00f3sfera de fuerza y \u200b\u200bpoder que fomenta la audacia nel emplatado.\u00a0Representa la innovaci\u00f3n, escapando de la norma de forma refinada, y adopta esta posici\u00f3n con seguridad. Asume un car\u00e1cter elegante y [&hellip;]","og_url":"https:\/\/pro.costa-verde.com\/produto\/prato-fundo-29cm-angry\/","og_site_name":"Costa Verde","article_publisher":"https:\/\/www.facebook.com\/costaverdeporcelanas\/","article_modified_time":"2023-06-06T11:20:30+00:00","og_image":[{"width":1920,"height":1230,"url":"https:\/\/pro.costa-verde.com\/wp-content\/uploads\/2023\/06\/0450006-SAT-PRATO-FUNDO-29CM.jpg","type":"image\/jpeg"}],"twitter_card":"summary_large_image","twitter_misc":{"Tiempo de lectura":"1 minuto"},"schema":{"@context":"https:\/\/schema.org","@graph":[{"@type":"WebPage","@id":"https:\/\/pro.costa-verde.com\/produto\/prato-fundo-29cm-angry\/","url":"https:\/\/pro.costa-verde.com\/produto\/prato-fundo-29cm-angry\/","name":"Plato Hondo 29cm - Costa Verde","isPartOf":{"@id":"https:\/\/pro.costa-verde.com\/#website"},"primaryImageOfPage":{"@id":"https:\/\/pro.costa-verde.com\/produto\/prato-fundo-29cm-angry\/#primaryimage"},"image":{"@id":"https:\/\/pro.costa-verde.com\/produto\/prato-fundo-29cm-angry\/#primaryimage"},"thumbnailUrl":"https:\/\/pro.costa-verde.com\/wp-content\/uploads\/2023\/06\/0450006-SAT-PRATO-FUNDO-29CM.jpg","datePublished":"2023-06-05T08:55:21+00:00","dateModified":"2023-06-06T11:20:30+00:00","breadcrumb":{"@id":"https:\/\/pro.costa-verde.com\/produto\/prato-fundo-29cm-angry\/#breadcrumb"},"inLanguage":"es","potentialAction":[{"@type":"ReadAction","target":["https:\/\/pro.costa-verde.com\/produto\/prato-fundo-29cm-angry\/"]}]},{"@type":"ImageObject","inLanguage":"es","@id":"https:\/\/pro.costa-verde.com\/produto\/prato-fundo-29cm-angry\/#primaryimage","url":"https:\/\/pro.costa-verde.com\/wp-content\/uploads\/2023\/06\/0450006-SAT-PRATO-FUNDO-29CM.jpg","contentUrl":"https:\/\/pro.costa-verde.com\/wp-content\/uploads\/2023\/06\/0450006-SAT-PRATO-FUNDO-29CM.jpg","width":1920,"height":1230,"caption":"Angry Plato Hondo 29 cm"},{"@type":"BreadcrumbList","@id":"https:\/\/pro.costa-verde.com\/produto\/prato-fundo-29cm-angry\/#breadcrumb","itemListElement":[{"@type":"ListItem","position":1,"name":"In\u00edcio","item":"https:\/\/pro.costa-verde.com\/es\/"},{"@type":"ListItem","position":2,"name":"Loja online","item":"https:\/\/pro.costa-verde.com\/loja-online\/"},{"@type":"ListItem","position":3,"name":"Plato Hondo 29cm"}]},{"@type":"WebSite","@id":"https:\/\/pro.costa-verde.com\/#website","url":"https:\/\/pro.costa-verde.com\/","name":"Costa Verde","description":"Loja Online","potentialAction":[{"@type":"SearchAction","target":{"@type":"EntryPoint","urlTemplate":"https:\/\/pro.costa-verde.com\/?s={search_term_string}"},"query-input":{"@type":"PropertyValueSpecification","valueRequired":true,"valueName":"search_term_string"}}],"inLanguage":"es"}]}},"_links":{"self":[{"href":"https:\/\/pro.costa-verde.com\/es\/wp-json\/wp\/v2\/product\/50740","targetHints":{"allow":["GET"]}}],"collection":[{"href":"https:\/\/pro.costa-verde.com\/es\/wp-json\/wp\/v2\/product"}],"about":[{"href":"https:\/\/pro.costa-verde.com\/es\/wp-json\/wp\/v2\/types\/product"}],"replies":[{"embeddable":true,"href":"https:\/\/pro.costa-verde.com\/es\/wp-json\/wp\/v2\/comments?post=50740"}],"version-history":[{"count":1,"href":"https:\/\/pro.costa-verde.com\/es\/wp-json\/wp\/v2\/product\/50740\/revisions"}],"predecessor-version":[{"id":50866,"href":"https:\/\/pro.costa-verde.com\/es\/wp-json\/wp\/v2\/product\/50740\/revisions\/50866"}],"wp:featuredmedia":[{"embeddable":true,"href":"https:\/\/pro.costa-verde.com\/es\/wp-json\/wp\/v2\/media\/50630"}],"wp:attachment":[{"href":"https:\/\/pro.costa-verde.com\/es\/wp-json\/wp\/v2\/media?parent=50740"}],"wp:term":[{"taxonomy":"product_brand","embeddable":true,"href":"https:\/\/pro.costa-verde.com\/es\/wp-json\/wp\/v2\/product_brand?post=50740"},{"taxonomy":"product_cat","embeddable":true,"href":"https:\/\/pro.costa-verde.com\/es\/wp-json\/wp\/v2\/product_cat?post=50740"},{"taxonomy":"product_tag","embeddable":true,"href":"https:\/\/pro.costa-verde.com\/es\/wp-json\/wp\/v2\/product_tag?post=50740"}],"curies":[{"name":"wp","href":"https:\/\/api.w.org\/{rel}","templated":true}]}}