{"id":45956,"date":"2022-04-28T09:34:45","date_gmt":"2022-04-28T08:34:46","guid":{"rendered":"https:\/\/pro.costa-verde.com\/?post_type=product&#038;p=45956"},"modified":"2022-06-03T12:57:28","modified_gmt":"2022-06-03T11:57:28","slug":"ensaladera-23-h9cm-5","status":"publish","type":"product","link":"https:\/\/pro.costa-verde.com\/es\/produto\/ensaladera-23-h9cm-5\/","title":{"rendered":"Ensaladera 23 h9cm"},"content":{"rendered":"<p>La elegancia en la sencillez.<\/p>\n<p><span data-contrast=\"auto\">Elegante, sencillo y serena. Peaceful es una colecci\u00f3n dise\u00f1ada pensando en usted y en su capacidad para proporcionarle momentos de calma y tranquilidad. Perm\u00edtase ser audaz en sus emplatados, mediante la blancura tradicional de la porcelana, combinada con el sutil toque de azul reactivo en el borde.\u00a0<\/span><span data-ccp-props=\"{&quot;201341983&quot;:0,&quot;335559739&quot;:240,&quot;335559740&quot;:240}\">\u00a0<\/span><\/p>\n<p><span data-contrast=\"auto\">Ofrezca a sus invitados un momento de ocio, donde la paz y la armon\u00eda son los elementos m\u00e1s importantes. Una excelente decoraci\u00f3n para crear una mesa incre\u00edble, moderna y elegante.<\/span><span data-ccp-props=\"{&quot;201341983&quot;:0,&quot;335551550&quot;:6,&quot;335551620&quot;:6,&quot;335559739&quot;:240,&quot;335559740&quot;:240}\">\u00a0<\/span><\/p>\n","protected":false},"excerpt":{"rendered":"<p>La elegancia en la sencillez. Elegante, sencillo y serena. Peaceful es una colecci\u00f3n dise\u00f1ada pensando en usted y en su capacidad para proporcionarle momentos de calma y tranquilidad. Perm\u00edtase ser audaz en sus emplatados, mediante la blancura tradicional de la porcelana, combinada con el sutil toque de azul reactivo en el borde.\u00a0\u00a0 Ofrezca a sus [&hellip;]<\/p>\n","protected":false},"featured_media":46199,"comment_status":"open","ping_status":"closed","template":"","meta":[],"product_brand":[],"product_cat":[1355],"product_tag":[],"class_list":{"0":"post-45956","1":"product","2":"type-product","3":"status-publish","4":"has-post-thumbnail","6":"product_cat-ensaladeras","7":"pa_colecao-peaceful-es","9":"first","10":"instock","11":"taxable","12":"shipping-taxable","13":"purchasable","14":"product-type-simple"},"yoast_head":"<!-- This site is optimized with the Yoast SEO plugin v26.9 - https:\/\/yoast.com\/product\/yoast-seo-wordpress\/ -->\n<title>Ensaladera 23 h9cm - Costa Verde<\/title>\n<meta name=\"robots\" content=\"index, follow, max-snippet:-1, max-image-preview:large, max-video-preview:-1\" \/>\n<link rel=\"canonical\" href=\"https:\/\/pro.costa-verde.com\/produto\/saladeira-23-h9cm-5\/\" \/>\n<meta property=\"og:locale\" content=\"es_ES\" \/>\n<meta property=\"og:type\" content=\"article\" \/>\n<meta property=\"og:title\" content=\"Ensaladera 23 h9cm - Costa Verde\" \/>\n<meta property=\"og:description\" content=\"La elegancia en la sencillez. Elegante, sencillo y serena. Peaceful es una colecci\u00f3n dise\u00f1ada pensando en usted y en su capacidad para proporcionarle momentos de calma y tranquilidad. Perm\u00edtase ser audaz en sus emplatados, mediante la blancura tradicional de la porcelana, combinada con el sutil toque de azul reactivo en el borde.\u00a0\u00a0 Ofrezca a sus [&hellip;]\" \/>\n<meta property=\"og:url\" content=\"https:\/\/pro.costa-verde.com\/produto\/saladeira-23-h9cm-5\/\" \/>\n<meta property=\"og:site_name\" content=\"Costa Verde\" \/>\n<meta property=\"article:publisher\" content=\"https:\/\/www.facebook.com\/costaverdeporcelanas\/\" \/>\n<meta property=\"article:modified_time\" content=\"2022-06-03T11:57:28+00:00\" \/>\n<meta property=\"og:image\" content=\"https:\/\/pro.costa-verde.com\/wp-content\/uploads\/2022\/04\/Peaceful_Saladeira23h9cm-1.jpg\" \/>\n\t<meta property=\"og:image:width\" content=\"1920\" \/>\n\t<meta property=\"og:image:height\" content=\"1230\" \/>\n\t<meta property=\"og:image:type\" content=\"image\/jpeg\" \/>\n<meta name=\"twitter:card\" content=\"summary_large_image\" \/>\n<script type=\"application\/ld+json\" class=\"yoast-schema-graph\">{\"@context\":\"https:\/\/schema.org\",\"@graph\":[{\"@type\":\"WebPage\",\"@id\":\"https:\/\/pro.costa-verde.com\/produto\/saladeira-23-h9cm-5\/\",\"url\":\"https:\/\/pro.costa-verde.com\/produto\/saladeira-23-h9cm-5\/\",\"name\":\"Ensaladera 23 h9cm - Costa Verde\",\"isPartOf\":{\"@id\":\"https:\/\/pro.costa-verde.com\/#website\"},\"primaryImageOfPage\":{\"@id\":\"https:\/\/pro.costa-verde.com\/produto\/saladeira-23-h9cm-5\/#primaryimage\"},\"image\":{\"@id\":\"https:\/\/pro.costa-verde.com\/produto\/saladeira-23-h9cm-5\/#primaryimage\"},\"thumbnailUrl\":\"https:\/\/pro.costa-verde.com\/wp-content\/uploads\/2022\/04\/Peaceful_Saladeira23h9cm-1.jpg\",\"datePublished\":\"2022-04-28T08:34:46+00:00\",\"dateModified\":\"2022-06-03T11:57:28+00:00\",\"breadcrumb\":{\"@id\":\"https:\/\/pro.costa-verde.com\/produto\/saladeira-23-h9cm-5\/#breadcrumb\"},\"inLanguage\":\"es\",\"potentialAction\":[{\"@type\":\"ReadAction\",\"target\":[\"https:\/\/pro.costa-verde.com\/produto\/saladeira-23-h9cm-5\/\"]}]},{\"@type\":\"ImageObject\",\"inLanguage\":\"es\",\"@id\":\"https:\/\/pro.costa-verde.com\/produto\/saladeira-23-h9cm-5\/#primaryimage\",\"url\":\"https:\/\/pro.costa-verde.com\/wp-content\/uploads\/2022\/04\/Peaceful_Saladeira23h9cm-1.jpg\",\"contentUrl\":\"https:\/\/pro.costa-verde.com\/wp-content\/uploads\/2022\/04\/Peaceful_Saladeira23h9cm-1.jpg\",\"width\":1920,\"height\":1230,\"caption\":\"Peaceful_Ensaladera 23 h9cm\"},{\"@type\":\"BreadcrumbList\",\"@id\":\"https:\/\/pro.costa-verde.com\/produto\/saladeira-23-h9cm-5\/#breadcrumb\",\"itemListElement\":[{\"@type\":\"ListItem\",\"position\":1,\"name\":\"In\u00edcio\",\"item\":\"https:\/\/pro.costa-verde.com\/es\/\"},{\"@type\":\"ListItem\",\"position\":2,\"name\":\"Loja online\",\"item\":\"https:\/\/pro.costa-verde.com\/loja-online\/\"},{\"@type\":\"ListItem\",\"position\":3,\"name\":\"Ensaladera 23 h9cm\"}]},{\"@type\":\"WebSite\",\"@id\":\"https:\/\/pro.costa-verde.com\/#website\",\"url\":\"https:\/\/pro.costa-verde.com\/\",\"name\":\"Costa Verde\",\"description\":\"Loja Online\",\"potentialAction\":[{\"@type\":\"SearchAction\",\"target\":{\"@type\":\"EntryPoint\",\"urlTemplate\":\"https:\/\/pro.costa-verde.com\/?s={search_term_string}\"},\"query-input\":{\"@type\":\"PropertyValueSpecification\",\"valueRequired\":true,\"valueName\":\"search_term_string\"}}],\"inLanguage\":\"es\"}]}<\/script>\n<!-- \/ Yoast SEO plugin. -->","yoast_head_json":{"title":"Ensaladera 23 h9cm - Costa Verde","robots":{"index":"index","follow":"follow","max-snippet":"max-snippet:-1","max-image-preview":"max-image-preview:large","max-video-preview":"max-video-preview:-1"},"canonical":"https:\/\/pro.costa-verde.com\/produto\/saladeira-23-h9cm-5\/","og_locale":"es_ES","og_type":"article","og_title":"Ensaladera 23 h9cm - Costa Verde","og_description":"La elegancia en la sencillez. Elegante, sencillo y serena. Peaceful es una colecci\u00f3n dise\u00f1ada pensando en usted y en su capacidad para proporcionarle momentos de calma y tranquilidad. Perm\u00edtase ser audaz en sus emplatados, mediante la blancura tradicional de la porcelana, combinada con el sutil toque de azul reactivo en el borde.\u00a0\u00a0 Ofrezca a sus [&hellip;]","og_url":"https:\/\/pro.costa-verde.com\/produto\/saladeira-23-h9cm-5\/","og_site_name":"Costa Verde","article_publisher":"https:\/\/www.facebook.com\/costaverdeporcelanas\/","article_modified_time":"2022-06-03T11:57:28+00:00","og_image":[{"width":1920,"height":1230,"url":"https:\/\/pro.costa-verde.com\/wp-content\/uploads\/2022\/04\/Peaceful_Saladeira23h9cm-1.jpg","type":"image\/jpeg"}],"twitter_card":"summary_large_image","schema":{"@context":"https:\/\/schema.org","@graph":[{"@type":"WebPage","@id":"https:\/\/pro.costa-verde.com\/produto\/saladeira-23-h9cm-5\/","url":"https:\/\/pro.costa-verde.com\/produto\/saladeira-23-h9cm-5\/","name":"Ensaladera 23 h9cm - Costa Verde","isPartOf":{"@id":"https:\/\/pro.costa-verde.com\/#website"},"primaryImageOfPage":{"@id":"https:\/\/pro.costa-verde.com\/produto\/saladeira-23-h9cm-5\/#primaryimage"},"image":{"@id":"https:\/\/pro.costa-verde.com\/produto\/saladeira-23-h9cm-5\/#primaryimage"},"thumbnailUrl":"https:\/\/pro.costa-verde.com\/wp-content\/uploads\/2022\/04\/Peaceful_Saladeira23h9cm-1.jpg","datePublished":"2022-04-28T08:34:46+00:00","dateModified":"2022-06-03T11:57:28+00:00","breadcrumb":{"@id":"https:\/\/pro.costa-verde.com\/produto\/saladeira-23-h9cm-5\/#breadcrumb"},"inLanguage":"es","potentialAction":[{"@type":"ReadAction","target":["https:\/\/pro.costa-verde.com\/produto\/saladeira-23-h9cm-5\/"]}]},{"@type":"ImageObject","inLanguage":"es","@id":"https:\/\/pro.costa-verde.com\/produto\/saladeira-23-h9cm-5\/#primaryimage","url":"https:\/\/pro.costa-verde.com\/wp-content\/uploads\/2022\/04\/Peaceful_Saladeira23h9cm-1.jpg","contentUrl":"https:\/\/pro.costa-verde.com\/wp-content\/uploads\/2022\/04\/Peaceful_Saladeira23h9cm-1.jpg","width":1920,"height":1230,"caption":"Peaceful_Ensaladera 23 h9cm"},{"@type":"BreadcrumbList","@id":"https:\/\/pro.costa-verde.com\/produto\/saladeira-23-h9cm-5\/#breadcrumb","itemListElement":[{"@type":"ListItem","position":1,"name":"In\u00edcio","item":"https:\/\/pro.costa-verde.com\/es\/"},{"@type":"ListItem","position":2,"name":"Loja online","item":"https:\/\/pro.costa-verde.com\/loja-online\/"},{"@type":"ListItem","position":3,"name":"Ensaladera 23 h9cm"}]},{"@type":"WebSite","@id":"https:\/\/pro.costa-verde.com\/#website","url":"https:\/\/pro.costa-verde.com\/","name":"Costa Verde","description":"Loja Online","potentialAction":[{"@type":"SearchAction","target":{"@type":"EntryPoint","urlTemplate":"https:\/\/pro.costa-verde.com\/?s={search_term_string}"},"query-input":{"@type":"PropertyValueSpecification","valueRequired":true,"valueName":"search_term_string"}}],"inLanguage":"es"}]}},"_links":{"self":[{"href":"https:\/\/pro.costa-verde.com\/es\/wp-json\/wp\/v2\/product\/45956","targetHints":{"allow":["GET"]}}],"collection":[{"href":"https:\/\/pro.costa-verde.com\/es\/wp-json\/wp\/v2\/product"}],"about":[{"href":"https:\/\/pro.costa-verde.com\/es\/wp-json\/wp\/v2\/types\/product"}],"replies":[{"embeddable":true,"href":"https:\/\/pro.costa-verde.com\/es\/wp-json\/wp\/v2\/comments?post=45956"}],"version-history":[{"count":2,"href":"https:\/\/pro.costa-verde.com\/es\/wp-json\/wp\/v2\/product\/45956\/revisions"}],"predecessor-version":[{"id":46175,"href":"https:\/\/pro.costa-verde.com\/es\/wp-json\/wp\/v2\/product\/45956\/revisions\/46175"}],"wp:featuredmedia":[{"embeddable":true,"href":"https:\/\/pro.costa-verde.com\/es\/wp-json\/wp\/v2\/media\/46199"}],"wp:attachment":[{"href":"https:\/\/pro.costa-verde.com\/es\/wp-json\/wp\/v2\/media?parent=45956"}],"wp:term":[{"taxonomy":"product_brand","embeddable":true,"href":"https:\/\/pro.costa-verde.com\/es\/wp-json\/wp\/v2\/product_brand?post=45956"},{"taxonomy":"product_cat","embeddable":true,"href":"https:\/\/pro.costa-verde.com\/es\/wp-json\/wp\/v2\/product_cat?post=45956"},{"taxonomy":"product_tag","embeddable":true,"href":"https:\/\/pro.costa-verde.com\/es\/wp-json\/wp\/v2\/product_tag?post=45956"}],"curies":[{"name":"wp","href":"https:\/\/api.w.org\/{rel}","templated":true}]}}