{"id":43821,"date":"2022-02-24T15:40:07","date_gmt":"2022-02-24T15:40:07","guid":{"rendered":"https:\/\/pro.costa-verde.com\/?post_type=product&#038;p=43821"},"modified":"2022-06-03T12:57:29","modified_gmt":"2022-06-03T11:57:29","slug":"jarra-2","status":"publish","type":"product","link":"https:\/\/pro.costa-verde.com\/es\/produto\/jarra-2\/","title":{"rendered":"Jarra 2"},"content":{"rendered":"<p>Costa Verde, con su experiencia en porcelana, siempre ha reutilizado durante el proceso, su pasta, el agua y el vidriado, con un serio compromiso de preservar los recursos naturales y ser parte del cambio de nuestro planeta.<\/p>\n<p>Consciente de esta realidad y en colaboraci\u00f3n con clementinAtelier, desarroll\u00f3 una colecci\u00f3n de productos \u00fanicos, utilizando y reconvirtiendo los residuos de producci\u00f3n.<\/p>\n<p>El reciclaje es el acto de transformar los residuos en algo nuevo. Los lodos que utilizan reflejan el proceso, dando lugar a piezas \u00fanicas y singulares, donde cada pieza es una pieza, marcada por su forma y color variables.<\/p>\n<p>Bas\u00e1ndonos en conceptos como la econom\u00eda circular y la sostenibilidad, presentamos este producto \u00fanico, dise\u00f1ado con gran dedicaci\u00f3n, cuidado, calidad e innovaci\u00f3n.<\/p>\n<p>\u00a1Bienvenido al mundo 100% reciclado! \u00a1Bienvenido a Endless!<\/p>\n<p>Conozca nuestras pol\u00edticas de sostenibilidad en <a href=\"https:\/\/pro.costa-verde.com\/es\/sostenibilidad\/\">https:\/\/pro.costa-verde.com\/es\/sostenibilidad\/<\/a><\/p>\n<p>Costa Verde y ClementinAtelier, centrados en mejorar el mundo, \u00a1con usted!<\/p>\n","protected":false},"excerpt":{"rendered":"<p>Costa Verde, con su experiencia en porcelana, siempre ha reutilizado durante el proceso, su pasta, el agua y el vidriado, con un serio compromiso de preservar los recursos naturales y ser parte del cambio de nuestro planeta. Consciente de esta realidad y en colaboraci\u00f3n con clementinAtelier, desarroll\u00f3 una colecci\u00f3n de productos \u00fanicos, utilizando y reconvirtiendo [&hellip;]<\/p>\n","protected":false},"featured_media":43773,"comment_status":"open","ping_status":"closed","template":"","meta":[],"product_brand":[],"product_cat":[1770],"product_tag":[],"class_list":{"0":"post-43821","1":"product","2":"type-product","3":"status-publish","4":"has-post-thumbnail","6":"product_cat-vase-es","7":"pa_colecao-endless-es","9":"first","10":"instock","11":"taxable","12":"shipping-taxable","13":"purchasable","14":"product-type-simple"},"yoast_head":"<!-- This site is optimized with the Yoast SEO plugin v26.9 - https:\/\/yoast.com\/product\/yoast-seo-wordpress\/ -->\n<title>Jarra 2 - Costa Verde<\/title>\n<meta name=\"description\" content=\"\u00a1Bienvenido al mundo 100% reciclado! \u00a1Bienvenido a Endless!\" \/>\n<meta name=\"robots\" content=\"index, follow, max-snippet:-1, max-image-preview:large, max-video-preview:-1\" \/>\n<link rel=\"canonical\" href=\"https:\/\/pro.costa-verde.com\/produto\/jarra-2\/\" \/>\n<meta property=\"og:locale\" content=\"es_ES\" \/>\n<meta property=\"og:type\" content=\"article\" \/>\n<meta property=\"og:title\" content=\"Jarra 2 - Costa Verde\" \/>\n<meta property=\"og:description\" content=\"\u00a1Bienvenido al mundo 100% reciclado! \u00a1Bienvenido a Endless!\" \/>\n<meta property=\"og:url\" content=\"https:\/\/pro.costa-verde.com\/produto\/jarra-2\/\" \/>\n<meta property=\"og:site_name\" content=\"Costa Verde\" \/>\n<meta property=\"article:publisher\" content=\"https:\/\/www.facebook.com\/costaverdeporcelanas\/\" \/>\n<meta property=\"article:modified_time\" content=\"2022-06-03T11:57:29+00:00\" \/>\n<meta property=\"og:image\" content=\"https:\/\/pro.costa-verde.com\/wp-content\/uploads\/2022\/02\/Endless_Moods_Jarra2.jpg\" \/>\n\t<meta property=\"og:image:width\" content=\"1230\" \/>\n\t<meta property=\"og:image:height\" content=\"1920\" \/>\n\t<meta property=\"og:image:type\" content=\"image\/jpeg\" \/>\n<meta name=\"twitter:card\" content=\"summary_large_image\" \/>\n<meta name=\"twitter:label1\" content=\"Tiempo de lectura\" \/>\n\t<meta name=\"twitter:data1\" content=\"1 minuto\" \/>\n<script type=\"application\/ld+json\" class=\"yoast-schema-graph\">{\"@context\":\"https:\/\/schema.org\",\"@graph\":[{\"@type\":\"WebPage\",\"@id\":\"https:\/\/pro.costa-verde.com\/produto\/jarra-2\/\",\"url\":\"https:\/\/pro.costa-verde.com\/produto\/jarra-2\/\",\"name\":\"Jarra 2 - Costa Verde\",\"isPartOf\":{\"@id\":\"https:\/\/pro.costa-verde.com\/#website\"},\"primaryImageOfPage\":{\"@id\":\"https:\/\/pro.costa-verde.com\/produto\/jarra-2\/#primaryimage\"},\"image\":{\"@id\":\"https:\/\/pro.costa-verde.com\/produto\/jarra-2\/#primaryimage\"},\"thumbnailUrl\":\"https:\/\/pro.costa-verde.com\/wp-content\/uploads\/2022\/02\/Endless_Moods_Jarra2.jpg\",\"datePublished\":\"2022-02-24T15:40:07+00:00\",\"dateModified\":\"2022-06-03T11:57:29+00:00\",\"description\":\"\u00a1Bienvenido al mundo 100% reciclado! \u00a1Bienvenido a Endless!\",\"breadcrumb\":{\"@id\":\"https:\/\/pro.costa-verde.com\/produto\/jarra-2\/#breadcrumb\"},\"inLanguage\":\"es\",\"potentialAction\":[{\"@type\":\"ReadAction\",\"target\":[\"https:\/\/pro.costa-verde.com\/produto\/jarra-2\/\"]}]},{\"@type\":\"ImageObject\",\"inLanguage\":\"es\",\"@id\":\"https:\/\/pro.costa-verde.com\/produto\/jarra-2\/#primaryimage\",\"url\":\"https:\/\/pro.costa-verde.com\/wp-content\/uploads\/2022\/02\/Endless_Moods_Jarra2.jpg\",\"contentUrl\":\"https:\/\/pro.costa-verde.com\/wp-content\/uploads\/2022\/02\/Endless_Moods_Jarra2.jpg\",\"width\":1230,\"height\":1920,\"caption\":\"ClementinAtelier\"},{\"@type\":\"BreadcrumbList\",\"@id\":\"https:\/\/pro.costa-verde.com\/produto\/jarra-2\/#breadcrumb\",\"itemListElement\":[{\"@type\":\"ListItem\",\"position\":1,\"name\":\"In\u00edcio\",\"item\":\"https:\/\/pro.costa-verde.com\/es\/\"},{\"@type\":\"ListItem\",\"position\":2,\"name\":\"Loja online\",\"item\":\"https:\/\/pro.costa-verde.com\/loja-online\/\"},{\"@type\":\"ListItem\",\"position\":3,\"name\":\"Jarra 2\"}]},{\"@type\":\"WebSite\",\"@id\":\"https:\/\/pro.costa-verde.com\/#website\",\"url\":\"https:\/\/pro.costa-verde.com\/\",\"name\":\"Costa Verde\",\"description\":\"Loja Online\",\"potentialAction\":[{\"@type\":\"SearchAction\",\"target\":{\"@type\":\"EntryPoint\",\"urlTemplate\":\"https:\/\/pro.costa-verde.com\/?s={search_term_string}\"},\"query-input\":{\"@type\":\"PropertyValueSpecification\",\"valueRequired\":true,\"valueName\":\"search_term_string\"}}],\"inLanguage\":\"es\"}]}<\/script>\n<!-- \/ Yoast SEO plugin. -->","yoast_head_json":{"title":"Jarra 2 - Costa Verde","description":"\u00a1Bienvenido al mundo 100% reciclado! \u00a1Bienvenido a Endless!","robots":{"index":"index","follow":"follow","max-snippet":"max-snippet:-1","max-image-preview":"max-image-preview:large","max-video-preview":"max-video-preview:-1"},"canonical":"https:\/\/pro.costa-verde.com\/produto\/jarra-2\/","og_locale":"es_ES","og_type":"article","og_title":"Jarra 2 - Costa Verde","og_description":"\u00a1Bienvenido al mundo 100% reciclado! \u00a1Bienvenido a Endless!","og_url":"https:\/\/pro.costa-verde.com\/produto\/jarra-2\/","og_site_name":"Costa Verde","article_publisher":"https:\/\/www.facebook.com\/costaverdeporcelanas\/","article_modified_time":"2022-06-03T11:57:29+00:00","og_image":[{"width":1230,"height":1920,"url":"https:\/\/pro.costa-verde.com\/wp-content\/uploads\/2022\/02\/Endless_Moods_Jarra2.jpg","type":"image\/jpeg"}],"twitter_card":"summary_large_image","twitter_misc":{"Tiempo de lectura":"1 minuto"},"schema":{"@context":"https:\/\/schema.org","@graph":[{"@type":"WebPage","@id":"https:\/\/pro.costa-verde.com\/produto\/jarra-2\/","url":"https:\/\/pro.costa-verde.com\/produto\/jarra-2\/","name":"Jarra 2 - Costa Verde","isPartOf":{"@id":"https:\/\/pro.costa-verde.com\/#website"},"primaryImageOfPage":{"@id":"https:\/\/pro.costa-verde.com\/produto\/jarra-2\/#primaryimage"},"image":{"@id":"https:\/\/pro.costa-verde.com\/produto\/jarra-2\/#primaryimage"},"thumbnailUrl":"https:\/\/pro.costa-verde.com\/wp-content\/uploads\/2022\/02\/Endless_Moods_Jarra2.jpg","datePublished":"2022-02-24T15:40:07+00:00","dateModified":"2022-06-03T11:57:29+00:00","description":"\u00a1Bienvenido al mundo 100% reciclado! \u00a1Bienvenido a Endless!","breadcrumb":{"@id":"https:\/\/pro.costa-verde.com\/produto\/jarra-2\/#breadcrumb"},"inLanguage":"es","potentialAction":[{"@type":"ReadAction","target":["https:\/\/pro.costa-verde.com\/produto\/jarra-2\/"]}]},{"@type":"ImageObject","inLanguage":"es","@id":"https:\/\/pro.costa-verde.com\/produto\/jarra-2\/#primaryimage","url":"https:\/\/pro.costa-verde.com\/wp-content\/uploads\/2022\/02\/Endless_Moods_Jarra2.jpg","contentUrl":"https:\/\/pro.costa-verde.com\/wp-content\/uploads\/2022\/02\/Endless_Moods_Jarra2.jpg","width":1230,"height":1920,"caption":"ClementinAtelier"},{"@type":"BreadcrumbList","@id":"https:\/\/pro.costa-verde.com\/produto\/jarra-2\/#breadcrumb","itemListElement":[{"@type":"ListItem","position":1,"name":"In\u00edcio","item":"https:\/\/pro.costa-verde.com\/es\/"},{"@type":"ListItem","position":2,"name":"Loja online","item":"https:\/\/pro.costa-verde.com\/loja-online\/"},{"@type":"ListItem","position":3,"name":"Jarra 2"}]},{"@type":"WebSite","@id":"https:\/\/pro.costa-verde.com\/#website","url":"https:\/\/pro.costa-verde.com\/","name":"Costa Verde","description":"Loja Online","potentialAction":[{"@type":"SearchAction","target":{"@type":"EntryPoint","urlTemplate":"https:\/\/pro.costa-verde.com\/?s={search_term_string}"},"query-input":{"@type":"PropertyValueSpecification","valueRequired":true,"valueName":"search_term_string"}}],"inLanguage":"es"}]}},"_links":{"self":[{"href":"https:\/\/pro.costa-verde.com\/es\/wp-json\/wp\/v2\/product\/43821","targetHints":{"allow":["GET"]}}],"collection":[{"href":"https:\/\/pro.costa-verde.com\/es\/wp-json\/wp\/v2\/product"}],"about":[{"href":"https:\/\/pro.costa-verde.com\/es\/wp-json\/wp\/v2\/types\/product"}],"replies":[{"embeddable":true,"href":"https:\/\/pro.costa-verde.com\/es\/wp-json\/wp\/v2\/comments?post=43821"}],"version-history":[{"count":3,"href":"https:\/\/pro.costa-verde.com\/es\/wp-json\/wp\/v2\/product\/43821\/revisions"}],"predecessor-version":[{"id":44494,"href":"https:\/\/pro.costa-verde.com\/es\/wp-json\/wp\/v2\/product\/43821\/revisions\/44494"}],"wp:featuredmedia":[{"embeddable":true,"href":"https:\/\/pro.costa-verde.com\/es\/wp-json\/wp\/v2\/media\/43773"}],"wp:attachment":[{"href":"https:\/\/pro.costa-verde.com\/es\/wp-json\/wp\/v2\/media?parent=43821"}],"wp:term":[{"taxonomy":"product_brand","embeddable":true,"href":"https:\/\/pro.costa-verde.com\/es\/wp-json\/wp\/v2\/product_brand?post=43821"},{"taxonomy":"product_cat","embeddable":true,"href":"https:\/\/pro.costa-verde.com\/es\/wp-json\/wp\/v2\/product_cat?post=43821"},{"taxonomy":"product_tag","embeddable":true,"href":"https:\/\/pro.costa-verde.com\/es\/wp-json\/wp\/v2\/product_tag?post=43821"}],"curies":[{"name":"wp","href":"https:\/\/api.w.org\/{rel}","templated":true}]}}