{"id":40877,"date":"2022-01-17T09:56:04","date_gmt":"2022-01-17T09:56:07","guid":{"rendered":"https:\/\/pro.costa-verde.com\/?post_type=product&#038;p=40877"},"modified":"2022-06-03T12:57:35","modified_gmt":"2022-06-03T11:57:35","slug":"plato-oval-38x28cm-3","status":"publish","type":"product","link":"https:\/\/pro.costa-verde.com\/es\/produto\/plato-oval-38x28cm-3\/","title":{"rendered":"Plato Oval 38X28Cm"},"content":{"rendered":"\t\t<div data-elementor-type=\"product-post\" data-elementor-id=\"40877\" class=\"elementor elementor-40877 elementor-40871\" data-elementor-post-type=\"product\">\n\t\t\t\t\t\t<section class=\"elementor-section elementor-top-section elementor-element elementor-element-33b24f59 elementor-section-boxed elementor-section-height-default elementor-section-height-default\" data-id=\"33b24f59\" data-element_type=\"section\">\n\t\t\t\t\t\t<div class=\"elementor-container elementor-column-gap-default\">\n\t\t\t\t\t<div class=\"elementor-column elementor-col-100 elementor-top-column elementor-element elementor-element-c0a0449\" data-id=\"c0a0449\" data-element_type=\"column\">\n\t\t\t<div class=\"elementor-widget-wrap elementor-element-populated\">\n\t\t\t\t\t\t<div class=\"elementor-element elementor-element-7ed2692f elementor-widget elementor-widget-text-editor\" data-id=\"7ed2692f\" data-element_type=\"widget\" data-widget_type=\"text-editor.default\">\n\t\t\t\t<div class=\"elementor-widget-container\">\n\t\t\t\t\t\t\t\t\t<p><a href=\"https:\/\/pro.costa-verde.com\/es\/colecciones-costa-verde\/agma-breeze\/\">Breeze<\/a>, la serenidad del quinto elemento.<\/p><p>Inspirada en la ligereza que nos transmite el elemento aire, Breeze despierta la calma y la tranquilidad de los relieves ondulados de la <a href=\"https:\/\/pro.costa-verde.com\/es\/colecciones-costa-verde\/agma\/\">colecci\u00f3n Agma<\/a>, uni\u00e9ndola cada vez m\u00e1s a los elementos que dan forma a los sentidos.<\/p><p>Una colecci\u00f3n con sentido de desempe\u00f1o, visual, t\u00e1ctil, pr\u00e1ctico y de inspiraci\u00f3n, capaz de hacer su comida m\u00e1s elegante y serena, despertando en usted todas las sensaciones que el arte del emplatado puede proporcionarle.<\/p>\t\t\t\t\t\t\t\t<\/div>\n\t\t\t\t<\/div>\n\t\t\t\t\t<\/div>\n\t\t<\/div>\n\t\t\t\t\t<\/div>\n\t\t<\/section>\n\t\t\t\t<\/div>\n\t\t","protected":false},"excerpt":{"rendered":"<p>Marino, el azul suave del quinto elemento Fruto de una cuidadosa investigaci\u00f3n y desarrollo t\u00e9cnico por parte de Costa Verde, Marino es un nuevo enfoque de la aplicaci\u00f3n de esmalte de color, caracterizado por la irregularidad y el efecto degrad\u00e9. La colecci\u00f3n Agma, marcada por relieves ondulados, en un juego de reflejos y sombras, promoviendo [&hellip;]<\/p>\n","protected":false},"featured_media":40908,"comment_status":"open","ping_status":"closed","template":"","meta":[],"product_brand":[],"product_cat":[1323],"product_tag":[],"class_list":{"0":"post-40877","1":"product","2":"type-product","3":"status-publish","4":"has-post-thumbnail","6":"product_cat-platos-es-4","7":"pa_colecao-agma-breeze-es","9":"first","10":"instock","11":"taxable","12":"shipping-taxable","13":"purchasable","14":"product-type-simple"},"yoast_head":"<!-- This site is optimized with the Yoast SEO plugin v26.9 - https:\/\/yoast.com\/product\/yoast-seo-wordpress\/ -->\n<title>Plato Oval 38X28Cm - Costa Verde<\/title>\n<meta name=\"robots\" content=\"index, follow, max-snippet:-1, max-image-preview:large, max-video-preview:-1\" \/>\n<link rel=\"canonical\" href=\"https:\/\/pro.costa-verde.com\/produto\/prato-oval-38x28cm-3\/\" \/>\n<meta property=\"og:locale\" content=\"es_ES\" \/>\n<meta property=\"og:type\" content=\"article\" \/>\n<meta property=\"og:title\" content=\"Plato Oval 38X28Cm - Costa Verde\" \/>\n<meta property=\"og:description\" content=\"Marino, el azul suave del quinto elemento Fruto de una cuidadosa investigaci\u00f3n y desarrollo t\u00e9cnico por parte de Costa Verde, Marino es un nuevo enfoque de la aplicaci\u00f3n de esmalte de color, caracterizado por la irregularidad y el efecto degrad\u00e9. La colecci\u00f3n Agma, marcada por relieves ondulados, en un juego de reflejos y sombras, promoviendo [&hellip;]\" \/>\n<meta property=\"og:url\" content=\"https:\/\/pro.costa-verde.com\/produto\/prato-oval-38x28cm-3\/\" \/>\n<meta property=\"og:site_name\" content=\"Costa Verde\" \/>\n<meta property=\"article:publisher\" content=\"https:\/\/www.facebook.com\/costaverdeporcelanas\/\" \/>\n<meta property=\"article:modified_time\" content=\"2022-06-03T11:57:35+00:00\" \/>\n<meta property=\"og:image\" content=\"https:\/\/pro.costa-verde.com\/wp-content\/uploads\/2022\/01\/Prato-Oval-38X28Cm-Agma-Breeze.jpg\" \/>\n\t<meta property=\"og:image:width\" content=\"1920\" \/>\n\t<meta property=\"og:image:height\" content=\"1230\" \/>\n\t<meta property=\"og:image:type\" content=\"image\/jpeg\" \/>\n<meta name=\"twitter:card\" content=\"summary_large_image\" \/>\n<script type=\"application\/ld+json\" class=\"yoast-schema-graph\">{\"@context\":\"https:\/\/schema.org\",\"@graph\":[{\"@type\":\"WebPage\",\"@id\":\"https:\/\/pro.costa-verde.com\/produto\/prato-oval-38x28cm-3\/\",\"url\":\"https:\/\/pro.costa-verde.com\/produto\/prato-oval-38x28cm-3\/\",\"name\":\"Plato Oval 38X28Cm - Costa Verde\",\"isPartOf\":{\"@id\":\"https:\/\/pro.costa-verde.com\/#website\"},\"primaryImageOfPage\":{\"@id\":\"https:\/\/pro.costa-verde.com\/produto\/prato-oval-38x28cm-3\/#primaryimage\"},\"image\":{\"@id\":\"https:\/\/pro.costa-verde.com\/produto\/prato-oval-38x28cm-3\/#primaryimage\"},\"thumbnailUrl\":\"https:\/\/pro.costa-verde.com\/wp-content\/uploads\/2022\/01\/Prato-Oval-38X28Cm-Agma-Breeze.jpg\",\"datePublished\":\"2022-01-17T09:56:07+00:00\",\"dateModified\":\"2022-06-03T11:57:35+00:00\",\"breadcrumb\":{\"@id\":\"https:\/\/pro.costa-verde.com\/produto\/prato-oval-38x28cm-3\/#breadcrumb\"},\"inLanguage\":\"es\",\"potentialAction\":[{\"@type\":\"ReadAction\",\"target\":[\"https:\/\/pro.costa-verde.com\/produto\/prato-oval-38x28cm-3\/\"]}]},{\"@type\":\"ImageObject\",\"inLanguage\":\"es\",\"@id\":\"https:\/\/pro.costa-verde.com\/produto\/prato-oval-38x28cm-3\/#primaryimage\",\"url\":\"https:\/\/pro.costa-verde.com\/wp-content\/uploads\/2022\/01\/Prato-Oval-38X28Cm-Agma-Breeze.jpg\",\"contentUrl\":\"https:\/\/pro.costa-verde.com\/wp-content\/uploads\/2022\/01\/Prato-Oval-38X28Cm-Agma-Breeze.jpg\",\"width\":1920,\"height\":1230,\"caption\":\"Prato Oval 38X28Cm Agma Breeze\"},{\"@type\":\"BreadcrumbList\",\"@id\":\"https:\/\/pro.costa-verde.com\/produto\/prato-oval-38x28cm-3\/#breadcrumb\",\"itemListElement\":[{\"@type\":\"ListItem\",\"position\":1,\"name\":\"In\u00edcio\",\"item\":\"https:\/\/pro.costa-verde.com\/es\/\"},{\"@type\":\"ListItem\",\"position\":2,\"name\":\"Loja online\",\"item\":\"https:\/\/pro.costa-verde.com\/loja-online\/\"},{\"@type\":\"ListItem\",\"position\":3,\"name\":\"Plato Oval 38X28Cm\"}]},{\"@type\":\"WebSite\",\"@id\":\"https:\/\/pro.costa-verde.com\/#website\",\"url\":\"https:\/\/pro.costa-verde.com\/\",\"name\":\"Costa Verde\",\"description\":\"Loja Online\",\"potentialAction\":[{\"@type\":\"SearchAction\",\"target\":{\"@type\":\"EntryPoint\",\"urlTemplate\":\"https:\/\/pro.costa-verde.com\/?s={search_term_string}\"},\"query-input\":{\"@type\":\"PropertyValueSpecification\",\"valueRequired\":true,\"valueName\":\"search_term_string\"}}],\"inLanguage\":\"es\"}]}<\/script>\n<!-- \/ Yoast SEO plugin. -->","yoast_head_json":{"title":"Plato Oval 38X28Cm - Costa Verde","robots":{"index":"index","follow":"follow","max-snippet":"max-snippet:-1","max-image-preview":"max-image-preview:large","max-video-preview":"max-video-preview:-1"},"canonical":"https:\/\/pro.costa-verde.com\/produto\/prato-oval-38x28cm-3\/","og_locale":"es_ES","og_type":"article","og_title":"Plato Oval 38X28Cm - Costa Verde","og_description":"Marino, el azul suave del quinto elemento Fruto de una cuidadosa investigaci\u00f3n y desarrollo t\u00e9cnico por parte de Costa Verde, Marino es un nuevo enfoque de la aplicaci\u00f3n de esmalte de color, caracterizado por la irregularidad y el efecto degrad\u00e9. La colecci\u00f3n Agma, marcada por relieves ondulados, en un juego de reflejos y sombras, promoviendo [&hellip;]","og_url":"https:\/\/pro.costa-verde.com\/produto\/prato-oval-38x28cm-3\/","og_site_name":"Costa Verde","article_publisher":"https:\/\/www.facebook.com\/costaverdeporcelanas\/","article_modified_time":"2022-06-03T11:57:35+00:00","og_image":[{"width":1920,"height":1230,"url":"https:\/\/pro.costa-verde.com\/wp-content\/uploads\/2022\/01\/Prato-Oval-38X28Cm-Agma-Breeze.jpg","type":"image\/jpeg"}],"twitter_card":"summary_large_image","schema":{"@context":"https:\/\/schema.org","@graph":[{"@type":"WebPage","@id":"https:\/\/pro.costa-verde.com\/produto\/prato-oval-38x28cm-3\/","url":"https:\/\/pro.costa-verde.com\/produto\/prato-oval-38x28cm-3\/","name":"Plato Oval 38X28Cm - Costa Verde","isPartOf":{"@id":"https:\/\/pro.costa-verde.com\/#website"},"primaryImageOfPage":{"@id":"https:\/\/pro.costa-verde.com\/produto\/prato-oval-38x28cm-3\/#primaryimage"},"image":{"@id":"https:\/\/pro.costa-verde.com\/produto\/prato-oval-38x28cm-3\/#primaryimage"},"thumbnailUrl":"https:\/\/pro.costa-verde.com\/wp-content\/uploads\/2022\/01\/Prato-Oval-38X28Cm-Agma-Breeze.jpg","datePublished":"2022-01-17T09:56:07+00:00","dateModified":"2022-06-03T11:57:35+00:00","breadcrumb":{"@id":"https:\/\/pro.costa-verde.com\/produto\/prato-oval-38x28cm-3\/#breadcrumb"},"inLanguage":"es","potentialAction":[{"@type":"ReadAction","target":["https:\/\/pro.costa-verde.com\/produto\/prato-oval-38x28cm-3\/"]}]},{"@type":"ImageObject","inLanguage":"es","@id":"https:\/\/pro.costa-verde.com\/produto\/prato-oval-38x28cm-3\/#primaryimage","url":"https:\/\/pro.costa-verde.com\/wp-content\/uploads\/2022\/01\/Prato-Oval-38X28Cm-Agma-Breeze.jpg","contentUrl":"https:\/\/pro.costa-verde.com\/wp-content\/uploads\/2022\/01\/Prato-Oval-38X28Cm-Agma-Breeze.jpg","width":1920,"height":1230,"caption":"Prato Oval 38X28Cm Agma Breeze"},{"@type":"BreadcrumbList","@id":"https:\/\/pro.costa-verde.com\/produto\/prato-oval-38x28cm-3\/#breadcrumb","itemListElement":[{"@type":"ListItem","position":1,"name":"In\u00edcio","item":"https:\/\/pro.costa-verde.com\/es\/"},{"@type":"ListItem","position":2,"name":"Loja online","item":"https:\/\/pro.costa-verde.com\/loja-online\/"},{"@type":"ListItem","position":3,"name":"Plato Oval 38X28Cm"}]},{"@type":"WebSite","@id":"https:\/\/pro.costa-verde.com\/#website","url":"https:\/\/pro.costa-verde.com\/","name":"Costa Verde","description":"Loja Online","potentialAction":[{"@type":"SearchAction","target":{"@type":"EntryPoint","urlTemplate":"https:\/\/pro.costa-verde.com\/?s={search_term_string}"},"query-input":{"@type":"PropertyValueSpecification","valueRequired":true,"valueName":"search_term_string"}}],"inLanguage":"es"}]}},"_links":{"self":[{"href":"https:\/\/pro.costa-verde.com\/es\/wp-json\/wp\/v2\/product\/40877","targetHints":{"allow":["GET"]}}],"collection":[{"href":"https:\/\/pro.costa-verde.com\/es\/wp-json\/wp\/v2\/product"}],"about":[{"href":"https:\/\/pro.costa-verde.com\/es\/wp-json\/wp\/v2\/types\/product"}],"replies":[{"embeddable":true,"href":"https:\/\/pro.costa-verde.com\/es\/wp-json\/wp\/v2\/comments?post=40877"}],"version-history":[{"count":8,"href":"https:\/\/pro.costa-verde.com\/es\/wp-json\/wp\/v2\/product\/40877\/revisions"}],"predecessor-version":[{"id":41444,"href":"https:\/\/pro.costa-verde.com\/es\/wp-json\/wp\/v2\/product\/40877\/revisions\/41444"}],"wp:featuredmedia":[{"embeddable":true,"href":"https:\/\/pro.costa-verde.com\/es\/wp-json\/wp\/v2\/media\/40908"}],"wp:attachment":[{"href":"https:\/\/pro.costa-verde.com\/es\/wp-json\/wp\/v2\/media?parent=40877"}],"wp:term":[{"taxonomy":"product_brand","embeddable":true,"href":"https:\/\/pro.costa-verde.com\/es\/wp-json\/wp\/v2\/product_brand?post=40877"},{"taxonomy":"product_cat","embeddable":true,"href":"https:\/\/pro.costa-verde.com\/es\/wp-json\/wp\/v2\/product_cat?post=40877"},{"taxonomy":"product_tag","embeddable":true,"href":"https:\/\/pro.costa-verde.com\/es\/wp-json\/wp\/v2\/product_tag?post=40877"}],"curies":[{"name":"wp","href":"https:\/\/api.w.org\/{rel}","templated":true}]}}