{"id":36638,"date":"2021-11-12T17:41:14","date_gmt":"2021-10-12T16:41:15","guid":{"rendered":"https:\/\/pro.costa-verde.com\/?post_type=product&#038;p=36638"},"modified":"2023-01-12T16:46:20","modified_gmt":"2023-01-12T16:46:20","slug":"presepio","status":"publish","type":"product","link":"https:\/\/pro.costa-verde.com\/es\/produto\/presepio\/","title":{"rendered":"Pres\u00e9pio"},"content":{"rendered":"\t\t<div data-elementor-type=\"product-post\" data-elementor-id=\"36638\" class=\"elementor elementor-36638 elementor-36636\" data-elementor-post-type=\"product\">\n\t\t\t\t\t\t<section class=\"elementor-section elementor-top-section elementor-element elementor-element-4ac1758f elementor-section-boxed elementor-section-height-default elementor-section-height-default\" data-id=\"4ac1758f\" data-element_type=\"section\">\n\t\t\t\t\t\t<div class=\"elementor-container elementor-column-gap-default\">\n\t\t\t\t\t<div class=\"elementor-column elementor-col-100 elementor-top-column elementor-element elementor-element-3e8cd277\" data-id=\"3e8cd277\" data-element_type=\"column\">\n\t\t\t<div class=\"elementor-widget-wrap elementor-element-populated\">\n\t\t\t\t\t\t<div class=\"elementor-element elementor-element-61c5fe94 elementor-widget elementor-widget-text-editor\" data-id=\"61c5fe94\" data-element_type=\"widget\" data-widget_type=\"text-editor.default\">\n\t\t\t\t<div class=\"elementor-widget-container\">\n\t\t\t\t\t\t\t\t\t<p>\u00a1La Sagrada Familia, por Costa Verde!<\/p>\n<p>Una interpretaci\u00f3n del significado de la familia, y del momento del nacimiento de Jes\u00fas, representado en una pieza \u00fanica de arte, en porcelana de bizcocho.<br \/>\nEmpaquetado en una digna caja de regalo, se trata de una pieza de celebraci\u00f3n familiar, para conservar u ofrecer.<br \/>\nDise\u00f1ado por el Departamento de Dise\u00f1o de Costa Verde<\/p>\n\t\t\t\t\t\t\t\t<\/div>\n\t\t\t\t<\/div>\n\t\t\t\t\t<\/div>\n\t\t<\/div>\n\t\t\t\t\t<\/div>\n\t\t<\/section>\n\t\t\t\t<\/div>\n\t\t","protected":false},"excerpt":{"rendered":"<p>\u00a1La Sagrada Familia, por Costa Verde! Una interpretaci\u00f3n del significado de la familia, y del momento del nacimiento de Jes\u00fas, representado en una pieza \u00fanica de arte, en porcelana de bizcocho. Empaquetado en una digna caja de regalo, se trata de una pieza de celebraci\u00f3n familiar, para conservar u ofrecer. Dise\u00f1ado por el Departamento de [&hellip;]<\/p>\n","protected":false},"featured_media":38283,"comment_status":"open","ping_status":"closed","template":"","meta":[],"product_brand":[],"product_cat":[1705],"product_tag":[],"class_list":{"0":"post-36638","1":"product","2":"type-product","3":"status-publish","4":"has-post-thumbnail","6":"product_cat-presepio-es","7":"pa_colecao-presepio-es","9":"first","10":"instock","11":"taxable","12":"shipping-taxable","13":"purchasable","14":"product-type-simple"},"yoast_head":"<!-- This site is optimized with the Yoast SEO plugin v26.9 - https:\/\/yoast.com\/product\/yoast-seo-wordpress\/ -->\n<title>Pres\u00e9pio - Costa Verde<\/title>\n<meta name=\"robots\" content=\"index, follow, max-snippet:-1, max-image-preview:large, max-video-preview:-1\" \/>\n<link rel=\"canonical\" href=\"https:\/\/pro.costa-verde.com\/produto\/presepio\/\" \/>\n<meta property=\"og:locale\" content=\"es_ES\" \/>\n<meta property=\"og:type\" content=\"article\" \/>\n<meta property=\"og:title\" content=\"Pres\u00e9pio - Costa Verde\" \/>\n<meta property=\"og:description\" content=\"\u00a1La Sagrada Familia, por Costa Verde! Una interpretaci\u00f3n del significado de la familia, y del momento del nacimiento de Jes\u00fas, representado en una pieza \u00fanica de arte, en porcelana de bizcocho. Empaquetado en una digna caja de regalo, se trata de una pieza de celebraci\u00f3n familiar, para conservar u ofrecer. Dise\u00f1ado por el Departamento de [&hellip;]\" \/>\n<meta property=\"og:url\" content=\"https:\/\/pro.costa-verde.com\/produto\/presepio\/\" \/>\n<meta property=\"og:site_name\" content=\"Costa Verde\" \/>\n<meta property=\"article:publisher\" content=\"https:\/\/www.facebook.com\/costaverdeporcelanas\/\" \/>\n<meta property=\"article:modified_time\" content=\"2023-01-12T16:46:20+00:00\" \/>\n<meta property=\"og:image\" content=\"https:\/\/pro.costa-verde.com\/wp-content\/uploads\/2021\/11\/Presepio_01.jpg\" \/>\n\t<meta property=\"og:image:width\" content=\"1920\" \/>\n\t<meta property=\"og:image:height\" content=\"1230\" \/>\n\t<meta property=\"og:image:type\" content=\"image\/jpeg\" \/>\n<meta name=\"twitter:card\" content=\"summary_large_image\" \/>\n<script type=\"application\/ld+json\" class=\"yoast-schema-graph\">{\"@context\":\"https:\/\/schema.org\",\"@graph\":[{\"@type\":\"WebPage\",\"@id\":\"https:\/\/pro.costa-verde.com\/produto\/presepio\/\",\"url\":\"https:\/\/pro.costa-verde.com\/produto\/presepio\/\",\"name\":\"Pres\u00e9pio - Costa Verde\",\"isPartOf\":{\"@id\":\"https:\/\/pro.costa-verde.com\/#website\"},\"primaryImageOfPage\":{\"@id\":\"https:\/\/pro.costa-verde.com\/produto\/presepio\/#primaryimage\"},\"image\":{\"@id\":\"https:\/\/pro.costa-verde.com\/produto\/presepio\/#primaryimage\"},\"thumbnailUrl\":\"https:\/\/pro.costa-verde.com\/wp-content\/uploads\/2021\/11\/Presepio_01.jpg\",\"datePublished\":\"2021-10-12T16:41:15+00:00\",\"dateModified\":\"2023-01-12T16:46:20+00:00\",\"breadcrumb\":{\"@id\":\"https:\/\/pro.costa-verde.com\/produto\/presepio\/#breadcrumb\"},\"inLanguage\":\"es\",\"potentialAction\":[{\"@type\":\"ReadAction\",\"target\":[\"https:\/\/pro.costa-verde.com\/produto\/presepio\/\"]}]},{\"@type\":\"ImageObject\",\"inLanguage\":\"es\",\"@id\":\"https:\/\/pro.costa-verde.com\/produto\/presepio\/#primaryimage\",\"url\":\"https:\/\/pro.costa-verde.com\/wp-content\/uploads\/2021\/11\/Presepio_01.jpg\",\"contentUrl\":\"https:\/\/pro.costa-verde.com\/wp-content\/uploads\/2021\/11\/Presepio_01.jpg\",\"width\":1920,\"height\":1230},{\"@type\":\"BreadcrumbList\",\"@id\":\"https:\/\/pro.costa-verde.com\/produto\/presepio\/#breadcrumb\",\"itemListElement\":[{\"@type\":\"ListItem\",\"position\":1,\"name\":\"In\u00edcio\",\"item\":\"https:\/\/pro.costa-verde.com\/es\/\"},{\"@type\":\"ListItem\",\"position\":2,\"name\":\"Loja online\",\"item\":\"https:\/\/pro.costa-verde.com\/loja-online\/\"},{\"@type\":\"ListItem\",\"position\":3,\"name\":\"Pres\u00e9pio\"}]},{\"@type\":\"WebSite\",\"@id\":\"https:\/\/pro.costa-verde.com\/#website\",\"url\":\"https:\/\/pro.costa-verde.com\/\",\"name\":\"Costa Verde\",\"description\":\"Loja Online\",\"potentialAction\":[{\"@type\":\"SearchAction\",\"target\":{\"@type\":\"EntryPoint\",\"urlTemplate\":\"https:\/\/pro.costa-verde.com\/?s={search_term_string}\"},\"query-input\":{\"@type\":\"PropertyValueSpecification\",\"valueRequired\":true,\"valueName\":\"search_term_string\"}}],\"inLanguage\":\"es\"}]}<\/script>\n<!-- \/ Yoast SEO plugin. -->","yoast_head_json":{"title":"Pres\u00e9pio - Costa Verde","robots":{"index":"index","follow":"follow","max-snippet":"max-snippet:-1","max-image-preview":"max-image-preview:large","max-video-preview":"max-video-preview:-1"},"canonical":"https:\/\/pro.costa-verde.com\/produto\/presepio\/","og_locale":"es_ES","og_type":"article","og_title":"Pres\u00e9pio - Costa Verde","og_description":"\u00a1La Sagrada Familia, por Costa Verde! Una interpretaci\u00f3n del significado de la familia, y del momento del nacimiento de Jes\u00fas, representado en una pieza \u00fanica de arte, en porcelana de bizcocho. Empaquetado en una digna caja de regalo, se trata de una pieza de celebraci\u00f3n familiar, para conservar u ofrecer. Dise\u00f1ado por el Departamento de [&hellip;]","og_url":"https:\/\/pro.costa-verde.com\/produto\/presepio\/","og_site_name":"Costa Verde","article_publisher":"https:\/\/www.facebook.com\/costaverdeporcelanas\/","article_modified_time":"2023-01-12T16:46:20+00:00","og_image":[{"width":1920,"height":1230,"url":"https:\/\/pro.costa-verde.com\/wp-content\/uploads\/2021\/11\/Presepio_01.jpg","type":"image\/jpeg"}],"twitter_card":"summary_large_image","schema":{"@context":"https:\/\/schema.org","@graph":[{"@type":"WebPage","@id":"https:\/\/pro.costa-verde.com\/produto\/presepio\/","url":"https:\/\/pro.costa-verde.com\/produto\/presepio\/","name":"Pres\u00e9pio - Costa Verde","isPartOf":{"@id":"https:\/\/pro.costa-verde.com\/#website"},"primaryImageOfPage":{"@id":"https:\/\/pro.costa-verde.com\/produto\/presepio\/#primaryimage"},"image":{"@id":"https:\/\/pro.costa-verde.com\/produto\/presepio\/#primaryimage"},"thumbnailUrl":"https:\/\/pro.costa-verde.com\/wp-content\/uploads\/2021\/11\/Presepio_01.jpg","datePublished":"2021-10-12T16:41:15+00:00","dateModified":"2023-01-12T16:46:20+00:00","breadcrumb":{"@id":"https:\/\/pro.costa-verde.com\/produto\/presepio\/#breadcrumb"},"inLanguage":"es","potentialAction":[{"@type":"ReadAction","target":["https:\/\/pro.costa-verde.com\/produto\/presepio\/"]}]},{"@type":"ImageObject","inLanguage":"es","@id":"https:\/\/pro.costa-verde.com\/produto\/presepio\/#primaryimage","url":"https:\/\/pro.costa-verde.com\/wp-content\/uploads\/2021\/11\/Presepio_01.jpg","contentUrl":"https:\/\/pro.costa-verde.com\/wp-content\/uploads\/2021\/11\/Presepio_01.jpg","width":1920,"height":1230},{"@type":"BreadcrumbList","@id":"https:\/\/pro.costa-verde.com\/produto\/presepio\/#breadcrumb","itemListElement":[{"@type":"ListItem","position":1,"name":"In\u00edcio","item":"https:\/\/pro.costa-verde.com\/es\/"},{"@type":"ListItem","position":2,"name":"Loja online","item":"https:\/\/pro.costa-verde.com\/loja-online\/"},{"@type":"ListItem","position":3,"name":"Pres\u00e9pio"}]},{"@type":"WebSite","@id":"https:\/\/pro.costa-verde.com\/#website","url":"https:\/\/pro.costa-verde.com\/","name":"Costa Verde","description":"Loja Online","potentialAction":[{"@type":"SearchAction","target":{"@type":"EntryPoint","urlTemplate":"https:\/\/pro.costa-verde.com\/?s={search_term_string}"},"query-input":{"@type":"PropertyValueSpecification","valueRequired":true,"valueName":"search_term_string"}}],"inLanguage":"es"}]}},"_links":{"self":[{"href":"https:\/\/pro.costa-verde.com\/es\/wp-json\/wp\/v2\/product\/36638","targetHints":{"allow":["GET"]}}],"collection":[{"href":"https:\/\/pro.costa-verde.com\/es\/wp-json\/wp\/v2\/product"}],"about":[{"href":"https:\/\/pro.costa-verde.com\/es\/wp-json\/wp\/v2\/types\/product"}],"replies":[{"embeddable":true,"href":"https:\/\/pro.costa-verde.com\/es\/wp-json\/wp\/v2\/comments?post=36638"}],"version-history":[{"count":15,"href":"https:\/\/pro.costa-verde.com\/es\/wp-json\/wp\/v2\/product\/36638\/revisions"}],"predecessor-version":[{"id":48698,"href":"https:\/\/pro.costa-verde.com\/es\/wp-json\/wp\/v2\/product\/36638\/revisions\/48698"}],"wp:featuredmedia":[{"embeddable":true,"href":"https:\/\/pro.costa-verde.com\/es\/wp-json\/wp\/v2\/media\/38283"}],"wp:attachment":[{"href":"https:\/\/pro.costa-verde.com\/es\/wp-json\/wp\/v2\/media?parent=36638"}],"wp:term":[{"taxonomy":"product_brand","embeddable":true,"href":"https:\/\/pro.costa-verde.com\/es\/wp-json\/wp\/v2\/product_brand?post=36638"},{"taxonomy":"product_cat","embeddable":true,"href":"https:\/\/pro.costa-verde.com\/es\/wp-json\/wp\/v2\/product_cat?post=36638"},{"taxonomy":"product_tag","embeddable":true,"href":"https:\/\/pro.costa-verde.com\/es\/wp-json\/wp\/v2\/product_tag?post=36638"}],"curies":[{"name":"wp","href":"https:\/\/api.w.org\/{rel}","templated":true}]}}