{"id":32441,"date":"2021-06-29T10:48:02","date_gmt":"2021-06-29T09:48:04","guid":{"rendered":"https:\/\/pro.costa-verde.com\/?post_type=product&#038;p=32441"},"modified":"2021-12-30T15:52:19","modified_gmt":"2021-12-30T15:52:19","slug":"plato-wave-30cm-2","status":"publish","type":"product","link":"https:\/\/pro.costa-verde.com\/es\/produto\/plato-wave-30cm-2\/","title":{"rendered":"Plato Wave 30Cm"},"content":{"rendered":"\t\t<div data-elementor-type=\"product-post\" data-elementor-id=\"32441\" class=\"elementor elementor-32441 elementor-32435\" data-elementor-post-type=\"product\">\n\t\t\t\t\t\t<section class=\"elementor-section elementor-top-section elementor-element elementor-element-7814fa8b elementor-section-boxed elementor-section-height-default elementor-section-height-default\" data-id=\"7814fa8b\" data-element_type=\"section\">\n\t\t\t\t\t\t<div class=\"elementor-container elementor-column-gap-default\">\n\t\t\t\t\t<div class=\"elementor-column elementor-col-100 elementor-top-column elementor-element elementor-element-5c4fd0e7\" data-id=\"5c4fd0e7\" data-element_type=\"column\">\n\t\t\t<div class=\"elementor-widget-wrap elementor-element-populated\">\n\t\t\t\t\t\t<div class=\"elementor-element elementor-element-54294ab1 elementor-widget elementor-widget-text-editor\" data-id=\"54294ab1\" data-element_type=\"widget\" data-widget_type=\"text-editor.default\">\n\t\t\t\t<div class=\"elementor-widget-container\">\n\t\t\t\t\t\t\t\t\t<p>O prato wave 30cm Agma Marino \u00e9 um prato elevado especialmente pensado para a apresenta\u00e7\u00e3o de pratos de autor.<br \/>Combine o vidrado de cor azul e efeito degrad\u00ea, nas formas onduladas desta pe\u00e7a em porcelana, com a frescura do seu prato preferido.<\/p><p>Conhe\u00e7a as pe\u00e7as da cole\u00e7\u00e3o do prato wave 30cm, <a href=\"https:\/\/pro.costa-verde.com\/colecoes-costa-verde\/agma-marino\/\">Agma Marino<\/a>, e ainda pe\u00e7as de outras <a href=\"https:\/\/pro.costa-verde.com\/colecoes-costa-verde\/\">cole\u00e7\u00f5es Costa Verde<\/a>.<\/p><p><div class=\"bg-margin-for-link\"><input type='hidden' bg_collapse_expand='69dfc0937f9552072184694' value='69dfc0937f9552072184694'><input type='hidden' id='bg-show-more-text-69dfc0937f9552072184694' value='Ver mais'><input type='hidden' id='bg-show-less-text-69dfc0937f9552072184694' value='Ver menos'><a id='bg-showmore-action-69dfc0937f9552072184694' class='bg-showmore-plg-link  '  style=\" color:#414141;;\" href='#'>Ver mais<\/a><div id='bg-showmore-hidden-69dfc0937f9552072184694' ><\/p><p><strong><a href=\"https:\/\/pro.costa-verde.com\/colecoes-costa-verde\/agma-marino\/\">A cole\u00e7\u00e3o Agma Marino<\/a><\/strong><\/p><p>Marino, o azul suave do quinto elemento<\/p><p>Resultado de uma apurada investiga\u00e7\u00e3o e desenvolvimento t\u00e9cnico da Costa Verde, Marino \u00e9 uma nova abordagem de aplica\u00e7\u00e3o de vidrado de cor, caracterizado pela irregularidade e efeito degrad\u00ea.<\/p><p>A <a href=\"https:\/\/pro.costa-verde.com\/colecoes-costa-verde\/agma\/\">linha Agma<\/a>, marcada por relevos ondulados, num jogo de reflexos e sombras, promove assim um conceito in\u00e9dito, criativo e disruptivo \u00e0 arte de empratar.<\/p><p>Uma linha com sentido de performance, visual, toque, pratico e de inspira\u00e7\u00e3o!<\/p><p><strong><a href=\"https:\/\/pro.costa-verde.com\/porcelana-opcao-segura\/\">A Porcelana Costa Verde<\/a><\/strong><\/p><p>Em muitos sentidos, a porcelana \u00e9 excecional. Distingue-se dos demais produtos cera\u0302micos pela coexiste\u0302ncia de tre\u0302s caracteri\u0301sticas te\u0301cnicas, u\u0301nicas e fundamentais: a dureza, a brancura e a translucidez.<\/p><p>Do empratamento ao ambiente da sala, o\u00a0<em>tableware<\/em>\u00a0assume-se como uma forma de express\u00e3o. Na\u00a0<a href=\"https:\/\/pro.costa-verde.com\/sobre-nos\/\">Costa Verde<\/a>, com a nossa experi\u00eancia e saber fazer, produzimos porcelana com um sentido de desempenho e de performance. Do impacto visual \u00e0s sensa\u00e7\u00f5es t\u00e1teis, a porcelana que produzimos \u00e9 pensada para ser vivida e sentida, porque todos os sentidos contam (<a href=\"https:\/\/pro.costa-verde.com\/wp-content\/uploads\/2021\/03\/Catalogo-2021-1.pdf.pagespeed.ce.dZ5B5LtiG4.pdf\">All senses matter<\/a>).<\/p><p>Orgulhosamente fabricadas em Portugal, naquela que provavelmente \u00e9 a melhor\u00a0<a href=\"https:\/\/pro.costa-verde.com\/fabrica-costa-verde\/\">unidade de fabrico de porcelana<\/a>, a Costa Verde, todas as pe\u00e7as s\u00e3o amplamente testadas para resistirem \u00e0 utiliza\u00e7\u00e3o intensa e massiva, como se espera da lou\u00e7a para hotelaria e restaura\u00e7\u00e3o, promovendo a sustentabilidade e a preserva\u00e7\u00e3o do ambiente.<\/p><p><a href=\"https:\/\/pro.costa-verde.com\/colecoes-costa-verde\/\">Conhe\u00e7a todas as cole\u00e7\u00f5es Costa Verde!<\/a> <\/div><\/div><\/p><p>Pe\u00e7as resistentes ao microondas, forno, frigor\u00edfico e m\u00e1quina de lavar.<\/p>\t\t\t\t\t\t\t\t<\/div>\n\t\t\t\t<\/div>\n\t\t\t\t\t<\/div>\n\t\t<\/div>\n\t\t\t\t\t<\/div>\n\t\t<\/section>\n\t\t\t\t<\/div>\n\t\t","protected":false},"excerpt":{"rendered":"<p>Fruto de una cuidadosa investigaci\u00f3n y desarrollo t\u00e9cnico por parte de Costa Verde, Marino es un nuevo enfoque de la aplicaci\u00f3n de esmalte de color, caracterizado por la irregularidad y el efecto degrad\u00e9. La colecci\u00f3n Agma, marcada por relieves ondulados, en un juego de reflejos y sombras, promoviendo as\u00ed un concepto nuevo, creativo y disruptivo [&hellip;]<\/p>\n","protected":false},"featured_media":34503,"comment_status":"open","ping_status":"closed","template":"","meta":[],"product_brand":[],"product_cat":[1380,1340,1345],"product_tag":[],"class_list":{"0":"post-32441","1":"product","2":"type-product","3":"status-publish","4":"has-post-thumbnail","6":"product_cat-degustacion","7":"product_cat-gourmet-es","8":"product_cat-platos-es-17","9":"pa_colecao-agma-marino-es","11":"first","12":"instock","13":"taxable","14":"shipping-taxable","15":"purchasable","16":"product-type-simple"},"yoast_head":"<!-- This site is optimized with the Yoast SEO plugin v26.9 - https:\/\/yoast.com\/product\/yoast-seo-wordpress\/ -->\n<title>Plato Wave 30Cm - Costa Verde<\/title>\n<meta name=\"description\" content=\"Agma Marino Plato Wave 30Cm\" \/>\n<meta name=\"robots\" content=\"index, follow, max-snippet:-1, max-image-preview:large, max-video-preview:-1\" \/>\n<link rel=\"canonical\" href=\"https:\/\/pro.costa-verde.com\/produto\/prato-wave-30cm-2\/\" \/>\n<meta property=\"og:locale\" content=\"es_ES\" \/>\n<meta property=\"og:type\" content=\"article\" \/>\n<meta property=\"og:title\" content=\"Plato Wave 30Cm - Costa Verde\" \/>\n<meta property=\"og:description\" content=\"Agma Marino Plato Wave 30Cm\" \/>\n<meta property=\"og:url\" content=\"https:\/\/pro.costa-verde.com\/produto\/prato-wave-30cm-2\/\" \/>\n<meta property=\"og:site_name\" content=\"Costa Verde\" \/>\n<meta property=\"article:publisher\" content=\"https:\/\/www.facebook.com\/costaverdeporcelanas\/\" \/>\n<meta property=\"article:modified_time\" content=\"2021-12-30T15:52:19+00:00\" \/>\n<meta property=\"og:image\" content=\"https:\/\/pro.costa-verde.com\/wp-content\/uploads\/2021\/09\/Prato-Wave-30Cm-Agma-Marino.jpg\" \/>\n\t<meta property=\"og:image:width\" content=\"1920\" \/>\n\t<meta property=\"og:image:height\" content=\"1230\" \/>\n\t<meta property=\"og:image:type\" content=\"image\/jpeg\" \/>\n<meta name=\"twitter:card\" content=\"summary_large_image\" \/>\n<script type=\"application\/ld+json\" class=\"yoast-schema-graph\">{\"@context\":\"https:\/\/schema.org\",\"@graph\":[{\"@type\":\"WebPage\",\"@id\":\"https:\/\/pro.costa-verde.com\/produto\/prato-wave-30cm-2\/\",\"url\":\"https:\/\/pro.costa-verde.com\/produto\/prato-wave-30cm-2\/\",\"name\":\"Plato Wave 30Cm - Costa Verde\",\"isPartOf\":{\"@id\":\"https:\/\/pro.costa-verde.com\/#website\"},\"primaryImageOfPage\":{\"@id\":\"https:\/\/pro.costa-verde.com\/produto\/prato-wave-30cm-2\/#primaryimage\"},\"image\":{\"@id\":\"https:\/\/pro.costa-verde.com\/produto\/prato-wave-30cm-2\/#primaryimage\"},\"thumbnailUrl\":\"https:\/\/pro.costa-verde.com\/wp-content\/uploads\/2021\/09\/Prato-Wave-30Cm-Agma-Marino.jpg\",\"datePublished\":\"2021-06-29T09:48:04+00:00\",\"dateModified\":\"2021-12-30T15:52:19+00:00\",\"description\":\"Agma Marino Plato Wave 30Cm\",\"breadcrumb\":{\"@id\":\"https:\/\/pro.costa-verde.com\/produto\/prato-wave-30cm-2\/#breadcrumb\"},\"inLanguage\":\"es\",\"potentialAction\":[{\"@type\":\"ReadAction\",\"target\":[\"https:\/\/pro.costa-verde.com\/produto\/prato-wave-30cm-2\/\"]}]},{\"@type\":\"ImageObject\",\"inLanguage\":\"es\",\"@id\":\"https:\/\/pro.costa-verde.com\/produto\/prato-wave-30cm-2\/#primaryimage\",\"url\":\"https:\/\/pro.costa-verde.com\/wp-content\/uploads\/2021\/09\/Prato-Wave-30Cm-Agma-Marino.jpg\",\"contentUrl\":\"https:\/\/pro.costa-verde.com\/wp-content\/uploads\/2021\/09\/Prato-Wave-30Cm-Agma-Marino.jpg\",\"width\":1920,\"height\":1230,\"caption\":\"Plato Wave 30Cm Agma Marino\"},{\"@type\":\"BreadcrumbList\",\"@id\":\"https:\/\/pro.costa-verde.com\/produto\/prato-wave-30cm-2\/#breadcrumb\",\"itemListElement\":[{\"@type\":\"ListItem\",\"position\":1,\"name\":\"In\u00edcio\",\"item\":\"https:\/\/pro.costa-verde.com\/es\/\"},{\"@type\":\"ListItem\",\"position\":2,\"name\":\"Loja online\",\"item\":\"https:\/\/pro.costa-verde.com\/loja-online\/\"},{\"@type\":\"ListItem\",\"position\":3,\"name\":\"Plato Wave 30Cm\"}]},{\"@type\":\"WebSite\",\"@id\":\"https:\/\/pro.costa-verde.com\/#website\",\"url\":\"https:\/\/pro.costa-verde.com\/\",\"name\":\"Costa Verde\",\"description\":\"Loja Online\",\"potentialAction\":[{\"@type\":\"SearchAction\",\"target\":{\"@type\":\"EntryPoint\",\"urlTemplate\":\"https:\/\/pro.costa-verde.com\/?s={search_term_string}\"},\"query-input\":{\"@type\":\"PropertyValueSpecification\",\"valueRequired\":true,\"valueName\":\"search_term_string\"}}],\"inLanguage\":\"es\"}]}<\/script>\n<!-- \/ Yoast SEO plugin. -->","yoast_head_json":{"title":"Plato Wave 30Cm - Costa Verde","description":"Agma Marino Plato Wave 30Cm","robots":{"index":"index","follow":"follow","max-snippet":"max-snippet:-1","max-image-preview":"max-image-preview:large","max-video-preview":"max-video-preview:-1"},"canonical":"https:\/\/pro.costa-verde.com\/produto\/prato-wave-30cm-2\/","og_locale":"es_ES","og_type":"article","og_title":"Plato Wave 30Cm - Costa Verde","og_description":"Agma Marino Plato Wave 30Cm","og_url":"https:\/\/pro.costa-verde.com\/produto\/prato-wave-30cm-2\/","og_site_name":"Costa Verde","article_publisher":"https:\/\/www.facebook.com\/costaverdeporcelanas\/","article_modified_time":"2021-12-30T15:52:19+00:00","og_image":[{"width":1920,"height":1230,"url":"https:\/\/pro.costa-verde.com\/wp-content\/uploads\/2021\/09\/Prato-Wave-30Cm-Agma-Marino.jpg","type":"image\/jpeg"}],"twitter_card":"summary_large_image","schema":{"@context":"https:\/\/schema.org","@graph":[{"@type":"WebPage","@id":"https:\/\/pro.costa-verde.com\/produto\/prato-wave-30cm-2\/","url":"https:\/\/pro.costa-verde.com\/produto\/prato-wave-30cm-2\/","name":"Plato Wave 30Cm - Costa Verde","isPartOf":{"@id":"https:\/\/pro.costa-verde.com\/#website"},"primaryImageOfPage":{"@id":"https:\/\/pro.costa-verde.com\/produto\/prato-wave-30cm-2\/#primaryimage"},"image":{"@id":"https:\/\/pro.costa-verde.com\/produto\/prato-wave-30cm-2\/#primaryimage"},"thumbnailUrl":"https:\/\/pro.costa-verde.com\/wp-content\/uploads\/2021\/09\/Prato-Wave-30Cm-Agma-Marino.jpg","datePublished":"2021-06-29T09:48:04+00:00","dateModified":"2021-12-30T15:52:19+00:00","description":"Agma Marino Plato Wave 30Cm","breadcrumb":{"@id":"https:\/\/pro.costa-verde.com\/produto\/prato-wave-30cm-2\/#breadcrumb"},"inLanguage":"es","potentialAction":[{"@type":"ReadAction","target":["https:\/\/pro.costa-verde.com\/produto\/prato-wave-30cm-2\/"]}]},{"@type":"ImageObject","inLanguage":"es","@id":"https:\/\/pro.costa-verde.com\/produto\/prato-wave-30cm-2\/#primaryimage","url":"https:\/\/pro.costa-verde.com\/wp-content\/uploads\/2021\/09\/Prato-Wave-30Cm-Agma-Marino.jpg","contentUrl":"https:\/\/pro.costa-verde.com\/wp-content\/uploads\/2021\/09\/Prato-Wave-30Cm-Agma-Marino.jpg","width":1920,"height":1230,"caption":"Plato Wave 30Cm Agma Marino"},{"@type":"BreadcrumbList","@id":"https:\/\/pro.costa-verde.com\/produto\/prato-wave-30cm-2\/#breadcrumb","itemListElement":[{"@type":"ListItem","position":1,"name":"In\u00edcio","item":"https:\/\/pro.costa-verde.com\/es\/"},{"@type":"ListItem","position":2,"name":"Loja online","item":"https:\/\/pro.costa-verde.com\/loja-online\/"},{"@type":"ListItem","position":3,"name":"Plato Wave 30Cm"}]},{"@type":"WebSite","@id":"https:\/\/pro.costa-verde.com\/#website","url":"https:\/\/pro.costa-verde.com\/","name":"Costa Verde","description":"Loja Online","potentialAction":[{"@type":"SearchAction","target":{"@type":"EntryPoint","urlTemplate":"https:\/\/pro.costa-verde.com\/?s={search_term_string}"},"query-input":{"@type":"PropertyValueSpecification","valueRequired":true,"valueName":"search_term_string"}}],"inLanguage":"es"}]}},"_links":{"self":[{"href":"https:\/\/pro.costa-verde.com\/es\/wp-json\/wp\/v2\/product\/32441","targetHints":{"allow":["GET"]}}],"collection":[{"href":"https:\/\/pro.costa-verde.com\/es\/wp-json\/wp\/v2\/product"}],"about":[{"href":"https:\/\/pro.costa-verde.com\/es\/wp-json\/wp\/v2\/types\/product"}],"replies":[{"embeddable":true,"href":"https:\/\/pro.costa-verde.com\/es\/wp-json\/wp\/v2\/comments?post=32441"}],"version-history":[{"count":2,"href":"https:\/\/pro.costa-verde.com\/es\/wp-json\/wp\/v2\/product\/32441\/revisions"}],"predecessor-version":[{"id":34712,"href":"https:\/\/pro.costa-verde.com\/es\/wp-json\/wp\/v2\/product\/32441\/revisions\/34712"}],"wp:featuredmedia":[{"embeddable":true,"href":"https:\/\/pro.costa-verde.com\/es\/wp-json\/wp\/v2\/media\/34503"}],"wp:attachment":[{"href":"https:\/\/pro.costa-verde.com\/es\/wp-json\/wp\/v2\/media?parent=32441"}],"wp:term":[{"taxonomy":"product_brand","embeddable":true,"href":"https:\/\/pro.costa-verde.com\/es\/wp-json\/wp\/v2\/product_brand?post=32441"},{"taxonomy":"product_cat","embeddable":true,"href":"https:\/\/pro.costa-verde.com\/es\/wp-json\/wp\/v2\/product_cat?post=32441"},{"taxonomy":"product_tag","embeddable":true,"href":"https:\/\/pro.costa-verde.com\/es\/wp-json\/wp\/v2\/product_tag?post=32441"}],"curies":[{"name":"wp","href":"https:\/\/api.w.org\/{rel}","templated":true}]}}