{"id":31710,"date":"2021-06-25T12:34:27","date_gmt":"2021-06-25T11:34:28","guid":{"rendered":"https:\/\/pro.costa-verde.com\/?post_type=product&#038;p=31710"},"modified":"2021-12-30T15:54:14","modified_gmt":"2021-12-30T15:54:14","slug":"plato-hondo-29cm-5","status":"publish","type":"product","link":"https:\/\/pro.costa-verde.com\/es\/produto\/plato-hondo-29cm-5\/","title":{"rendered":"Plato Hondo 29cm"},"content":{"rendered":"\t\t<div data-elementor-type=\"product-post\" data-elementor-id=\"31710\" class=\"elementor elementor-31710 elementor-31708\" data-elementor-post-type=\"product\">\n\t\t\t\t\t\t<section class=\"elementor-section elementor-top-section elementor-element elementor-element-67b79729 elementor-section-boxed elementor-section-height-default elementor-section-height-default\" data-id=\"67b79729\" data-element_type=\"section\">\n\t\t\t\t\t\t<div class=\"elementor-container elementor-column-gap-default\">\n\t\t\t\t\t<div class=\"elementor-column elementor-col-100 elementor-top-column elementor-element elementor-element-5f6252f4\" data-id=\"5f6252f4\" data-element_type=\"column\">\n\t\t\t<div class=\"elementor-widget-wrap elementor-element-populated\">\n\t\t\t\t\t\t<div class=\"elementor-element elementor-element-30a4978c elementor-widget elementor-widget-text-editor\" data-id=\"30a4978c\" data-element_type=\"widget\" data-widget_type=\"text-editor.default\">\n\t\t\t\t<div class=\"elementor-widget-container\">\n\t\t\t\t\t\t\t\t\t<p>O prato fundo 29cm <a href=\"https:\/\/pro.costa-verde.com\/colecoes-costa-verde\/raw\/\">Raw<\/a>, com uma aba larga, de textura \u00e1spera e rugosa, e uma zona central funda e branca, permite um contraste que resulta num maior destaque das cria\u00e7\u00f5es gastron\u00f3micas nele apresentadas.<\/p><p>Conhe\u00e7a todas as pe\u00e7as da cole\u00e7\u00e3o deste prato fundo 29cm, <a href=\"https:\/\/pro.costa-verde.com\/colecoes-costa-verde\/raw\/\">Raw<\/a>.<\/p><p><div class=\"bg-margin-for-link\"><input type='hidden' bg_collapse_expand='69e144d4a567e5073581581' value='69e144d4a567e5073581581'><input type='hidden' id='bg-show-more-text-69e144d4a567e5073581581' value='Ver mais'><input type='hidden' id='bg-show-less-text-69e144d4a567e5073581581' value='Ver menos'><a id='bg-showmore-action-69e144d4a567e5073581581' class='bg-showmore-plg-link  '  style=\" color:#414141;;\" href='#'>Ver mais<\/a><div id='bg-showmore-hidden-69e144d4a567e5073581581' ><\/p><p><strong><a href=\"https:\/\/pro.costa-verde.com\/colecoes-costa-verde\/raw\/\">A cole\u00e7\u00e3o Raw<\/a><\/strong><\/p><p>A cole\u00e7\u00e3o Raw eleva o processo de cria\u00e7\u00e3o e desenvolvimento de pratos de autor.<\/p><p>Uma nova abordagem em porcelana branca, pura e transl\u00facida, em contraste com uma superf\u00edcie gran\u00edtica \u00e1spera e de aspeto rochoso, transportando a porcelana para um novo espa\u00e7o, tempo e experi\u00eancia.<\/p><p>\u00a0<\/p><p><strong><a href=\"https:\/\/pro.costa-verde.com\/sobre-nos\/\">A Porcelana Costa Verde<\/a><\/strong><\/p><p>Em muitos sentidos, a porcelana \u00e9 excecional. Distingue-se dos demais produtos cera\u0302micos pela coexiste\u0302ncia de tre\u0302s caracteri\u0301sticas te\u0301cnicas, u\u0301nicas e fundamentais: a dureza, a brancura e a translucidez.<\/p><p>Na <a href=\"https:\/\/pro.costa-verde.com\/\">Costa Verde<\/a>, com a nossa experi\u00eancia e saber fazer, produzimos porcelana com um sentido de desempenho e de performance. Do impacto visual \u00e0s sensa\u00e7\u00f5es t\u00e1teis, a porcelana que produzimos \u00e9 pensada para ser vivida e sentida, porque todos os sentidos contam (<a href=\"https:\/\/pro.costa-verde.com\/wp-content\/uploads\/2021\/03\/Catalogo-2021-1.pdf.pagespeed.ce.dZ5B5LtiG4.pdf\">All senses matter<\/a>).<\/p><p>Do empratamento ao ambiente da sala, o tableware assume-se como uma forma de express\u00e3o. Seja enquanto tela onde as cria\u00e7\u00f5es culin\u00e1rias assumem forma, ou enquanto elemento estruturante do espa\u00e7o que acolhe as pessoas, na Costa Verde olhamos para o desempenho visual como um elemento essencial \u00e0 nossa qualidade.<\/p><p>Orgulhosamente fabricadas em Portugal, naquela que provavelmente \u00e9 a melhor <a href=\"https:\/\/pro.costa-verde.com\/fabrica-costa-verde\/\">unidade de fabrico de porcelana<\/a>, a Costa Verde, todas as pe\u00e7as s\u00e3o amplamente testadas para resistirem \u00e0 utiliza\u00e7\u00e3o intensa e massiva, como se espera da lou\u00e7a de hotelaria e restaura\u00e7\u00e3o.<\/p><p>A <a href=\"https:\/\/pro.costa-verde.com\/sustentabilidade\/\">sustentabilidade<\/a> e a preserva\u00e7\u00e3o do ambiente fazem parte da nossa natureza e s\u00e3o um rumo de sentido \u00fanico que trilhamos desde sempre. Por isso, contribu\u00edmos ativamente para a preserva\u00e7\u00e3o do meio ambiente, diminuindo o impacto na regi\u00e3o. <\/div><\/div><\/p><p><a href=\"https:\/\/pro.costa-verde.com\/colecoes-costa-verde\/\">Conhe\u00e7a todas as cole\u00e7\u00f5es Costa Verde!<\/a><\/p>\t\t\t\t\t\t\t\t<\/div>\n\t\t\t\t<\/div>\n\t\t\t\t\t<\/div>\n\t\t<\/div>\n\t\t\t\t\t<\/div>\n\t\t<\/section>\n\t\t\t\t<\/div>\n\t\t","protected":false},"excerpt":{"rendered":"<p>La colecci\u00f3n Raw eleva el proceso de creaci\u00f3n y desarrollo de platos de autor. Un nuevo enfoque en porcelana blanca pura y transl\u00facida, en contraste con una superficie rugosa de granito con aspecto rocoso, transportando la porcelana a un nuevo espacio, tiempo y experiencia. &nbsp;<\/p>\n","protected":false},"featured_media":31739,"comment_status":"open","ping_status":"closed","template":"","meta":[],"product_brand":[],"product_cat":[1324],"product_tag":[],"class_list":{"0":"post-31710","1":"product","2":"type-product","3":"status-publish","4":"has-post-thumbnail","6":"product_cat-platos-pasta","7":"pa_colecao-raw-es","9":"first","10":"instock","11":"taxable","12":"shipping-taxable","13":"purchasable","14":"product-type-simple"},"yoast_head":"<!-- This site is optimized with the Yoast SEO plugin v26.9 - https:\/\/yoast.com\/product\/yoast-seo-wordpress\/ -->\n<title>Plato Hondo 29cm - Costa Verde<\/title>\n<meta name=\"robots\" content=\"index, follow, max-snippet:-1, max-image-preview:large, max-video-preview:-1\" \/>\n<link rel=\"canonical\" href=\"https:\/\/pro.costa-verde.com\/produto\/prato-fundo-29cm-5\/\" \/>\n<meta property=\"og:locale\" content=\"es_ES\" \/>\n<meta property=\"og:type\" content=\"article\" \/>\n<meta property=\"og:title\" content=\"Plato Hondo 29cm - Costa Verde\" \/>\n<meta property=\"og:description\" content=\"La colecci\u00f3n Raw eleva el proceso de creaci\u00f3n y desarrollo de platos de autor. Un nuevo enfoque en porcelana blanca pura y transl\u00facida, en contraste con una superficie rugosa de granito con aspecto rocoso, transportando la porcelana a un nuevo espacio, tiempo y experiencia. &nbsp;\" \/>\n<meta property=\"og:url\" content=\"https:\/\/pro.costa-verde.com\/produto\/prato-fundo-29cm-5\/\" \/>\n<meta property=\"og:site_name\" content=\"Costa Verde\" \/>\n<meta property=\"article:publisher\" content=\"https:\/\/www.facebook.com\/costaverdeporcelanas\/\" \/>\n<meta property=\"article:modified_time\" content=\"2021-12-30T15:54:14+00:00\" \/>\n<meta property=\"og:image\" content=\"https:\/\/pro.costa-verde.com\/wp-content\/uploads\/2021\/06\/045000604257-PRATO-FUNDO-29CM.jpg\" \/>\n\t<meta property=\"og:image:width\" content=\"1920\" \/>\n\t<meta property=\"og:image:height\" content=\"1230\" \/>\n\t<meta property=\"og:image:type\" content=\"image\/jpeg\" \/>\n<meta name=\"twitter:card\" content=\"summary_large_image\" \/>\n<script type=\"application\/ld+json\" class=\"yoast-schema-graph\">{\"@context\":\"https:\/\/schema.org\",\"@graph\":[{\"@type\":\"WebPage\",\"@id\":\"https:\/\/pro.costa-verde.com\/produto\/prato-fundo-29cm-5\/\",\"url\":\"https:\/\/pro.costa-verde.com\/produto\/prato-fundo-29cm-5\/\",\"name\":\"Plato Hondo 29cm - Costa Verde\",\"isPartOf\":{\"@id\":\"https:\/\/pro.costa-verde.com\/#website\"},\"primaryImageOfPage\":{\"@id\":\"https:\/\/pro.costa-verde.com\/produto\/prato-fundo-29cm-5\/#primaryimage\"},\"image\":{\"@id\":\"https:\/\/pro.costa-verde.com\/produto\/prato-fundo-29cm-5\/#primaryimage\"},\"thumbnailUrl\":\"https:\/\/pro.costa-verde.com\/wp-content\/uploads\/2021\/06\/045000604257-PRATO-FUNDO-29CM.jpg\",\"datePublished\":\"2021-06-25T11:34:28+00:00\",\"dateModified\":\"2021-12-30T15:54:14+00:00\",\"breadcrumb\":{\"@id\":\"https:\/\/pro.costa-verde.com\/produto\/prato-fundo-29cm-5\/#breadcrumb\"},\"inLanguage\":\"es\",\"potentialAction\":[{\"@type\":\"ReadAction\",\"target\":[\"https:\/\/pro.costa-verde.com\/produto\/prato-fundo-29cm-5\/\"]}]},{\"@type\":\"ImageObject\",\"inLanguage\":\"es\",\"@id\":\"https:\/\/pro.costa-verde.com\/produto\/prato-fundo-29cm-5\/#primaryimage\",\"url\":\"https:\/\/pro.costa-verde.com\/wp-content\/uploads\/2021\/06\/045000604257-PRATO-FUNDO-29CM.jpg\",\"contentUrl\":\"https:\/\/pro.costa-verde.com\/wp-content\/uploads\/2021\/06\/045000604257-PRATO-FUNDO-29CM.jpg\",\"width\":1920,\"height\":1230,\"caption\":\"Plato Hondo 29cm RAW\"},{\"@type\":\"BreadcrumbList\",\"@id\":\"https:\/\/pro.costa-verde.com\/produto\/prato-fundo-29cm-5\/#breadcrumb\",\"itemListElement\":[{\"@type\":\"ListItem\",\"position\":1,\"name\":\"In\u00edcio\",\"item\":\"https:\/\/pro.costa-verde.com\/es\/\"},{\"@type\":\"ListItem\",\"position\":2,\"name\":\"Loja online\",\"item\":\"https:\/\/pro.costa-verde.com\/loja-online\/\"},{\"@type\":\"ListItem\",\"position\":3,\"name\":\"Plato Hondo 29cm\"}]},{\"@type\":\"WebSite\",\"@id\":\"https:\/\/pro.costa-verde.com\/#website\",\"url\":\"https:\/\/pro.costa-verde.com\/\",\"name\":\"Costa Verde\",\"description\":\"Loja Online\",\"potentialAction\":[{\"@type\":\"SearchAction\",\"target\":{\"@type\":\"EntryPoint\",\"urlTemplate\":\"https:\/\/pro.costa-verde.com\/?s={search_term_string}\"},\"query-input\":{\"@type\":\"PropertyValueSpecification\",\"valueRequired\":true,\"valueName\":\"search_term_string\"}}],\"inLanguage\":\"es\"}]}<\/script>\n<!-- \/ Yoast SEO plugin. -->","yoast_head_json":{"title":"Plato Hondo 29cm - Costa Verde","robots":{"index":"index","follow":"follow","max-snippet":"max-snippet:-1","max-image-preview":"max-image-preview:large","max-video-preview":"max-video-preview:-1"},"canonical":"https:\/\/pro.costa-verde.com\/produto\/prato-fundo-29cm-5\/","og_locale":"es_ES","og_type":"article","og_title":"Plato Hondo 29cm - Costa Verde","og_description":"La colecci\u00f3n Raw eleva el proceso de creaci\u00f3n y desarrollo de platos de autor. Un nuevo enfoque en porcelana blanca pura y transl\u00facida, en contraste con una superficie rugosa de granito con aspecto rocoso, transportando la porcelana a un nuevo espacio, tiempo y experiencia. &nbsp;","og_url":"https:\/\/pro.costa-verde.com\/produto\/prato-fundo-29cm-5\/","og_site_name":"Costa Verde","article_publisher":"https:\/\/www.facebook.com\/costaverdeporcelanas\/","article_modified_time":"2021-12-30T15:54:14+00:00","og_image":[{"width":1920,"height":1230,"url":"https:\/\/pro.costa-verde.com\/wp-content\/uploads\/2021\/06\/045000604257-PRATO-FUNDO-29CM.jpg","type":"image\/jpeg"}],"twitter_card":"summary_large_image","schema":{"@context":"https:\/\/schema.org","@graph":[{"@type":"WebPage","@id":"https:\/\/pro.costa-verde.com\/produto\/prato-fundo-29cm-5\/","url":"https:\/\/pro.costa-verde.com\/produto\/prato-fundo-29cm-5\/","name":"Plato Hondo 29cm - Costa Verde","isPartOf":{"@id":"https:\/\/pro.costa-verde.com\/#website"},"primaryImageOfPage":{"@id":"https:\/\/pro.costa-verde.com\/produto\/prato-fundo-29cm-5\/#primaryimage"},"image":{"@id":"https:\/\/pro.costa-verde.com\/produto\/prato-fundo-29cm-5\/#primaryimage"},"thumbnailUrl":"https:\/\/pro.costa-verde.com\/wp-content\/uploads\/2021\/06\/045000604257-PRATO-FUNDO-29CM.jpg","datePublished":"2021-06-25T11:34:28+00:00","dateModified":"2021-12-30T15:54:14+00:00","breadcrumb":{"@id":"https:\/\/pro.costa-verde.com\/produto\/prato-fundo-29cm-5\/#breadcrumb"},"inLanguage":"es","potentialAction":[{"@type":"ReadAction","target":["https:\/\/pro.costa-verde.com\/produto\/prato-fundo-29cm-5\/"]}]},{"@type":"ImageObject","inLanguage":"es","@id":"https:\/\/pro.costa-verde.com\/produto\/prato-fundo-29cm-5\/#primaryimage","url":"https:\/\/pro.costa-verde.com\/wp-content\/uploads\/2021\/06\/045000604257-PRATO-FUNDO-29CM.jpg","contentUrl":"https:\/\/pro.costa-verde.com\/wp-content\/uploads\/2021\/06\/045000604257-PRATO-FUNDO-29CM.jpg","width":1920,"height":1230,"caption":"Plato Hondo 29cm RAW"},{"@type":"BreadcrumbList","@id":"https:\/\/pro.costa-verde.com\/produto\/prato-fundo-29cm-5\/#breadcrumb","itemListElement":[{"@type":"ListItem","position":1,"name":"In\u00edcio","item":"https:\/\/pro.costa-verde.com\/es\/"},{"@type":"ListItem","position":2,"name":"Loja online","item":"https:\/\/pro.costa-verde.com\/loja-online\/"},{"@type":"ListItem","position":3,"name":"Plato Hondo 29cm"}]},{"@type":"WebSite","@id":"https:\/\/pro.costa-verde.com\/#website","url":"https:\/\/pro.costa-verde.com\/","name":"Costa Verde","description":"Loja Online","potentialAction":[{"@type":"SearchAction","target":{"@type":"EntryPoint","urlTemplate":"https:\/\/pro.costa-verde.com\/?s={search_term_string}"},"query-input":{"@type":"PropertyValueSpecification","valueRequired":true,"valueName":"search_term_string"}}],"inLanguage":"es"}]}},"_links":{"self":[{"href":"https:\/\/pro.costa-verde.com\/es\/wp-json\/wp\/v2\/product\/31710","targetHints":{"allow":["GET"]}}],"collection":[{"href":"https:\/\/pro.costa-verde.com\/es\/wp-json\/wp\/v2\/product"}],"about":[{"href":"https:\/\/pro.costa-verde.com\/es\/wp-json\/wp\/v2\/types\/product"}],"replies":[{"embeddable":true,"href":"https:\/\/pro.costa-verde.com\/es\/wp-json\/wp\/v2\/comments?post=31710"}],"version-history":[{"count":1,"href":"https:\/\/pro.costa-verde.com\/es\/wp-json\/wp\/v2\/product\/31710\/revisions"}],"predecessor-version":[{"id":31812,"href":"https:\/\/pro.costa-verde.com\/es\/wp-json\/wp\/v2\/product\/31710\/revisions\/31812"}],"wp:featuredmedia":[{"embeddable":true,"href":"https:\/\/pro.costa-verde.com\/es\/wp-json\/wp\/v2\/media\/31739"}],"wp:attachment":[{"href":"https:\/\/pro.costa-verde.com\/es\/wp-json\/wp\/v2\/media?parent=31710"}],"wp:term":[{"taxonomy":"product_brand","embeddable":true,"href":"https:\/\/pro.costa-verde.com\/es\/wp-json\/wp\/v2\/product_brand?post=31710"},{"taxonomy":"product_cat","embeddable":true,"href":"https:\/\/pro.costa-verde.com\/es\/wp-json\/wp\/v2\/product_cat?post=31710"},{"taxonomy":"product_tag","embeddable":true,"href":"https:\/\/pro.costa-verde.com\/es\/wp-json\/wp\/v2\/product_tag?post=31710"}],"curies":[{"name":"wp","href":"https:\/\/api.w.org\/{rel}","templated":true}]}}