{"id":28145,"date":"2021-05-25T15:15:59","date_gmt":"2021-05-25T15:16:01","guid":{"rendered":"https:\/\/pro.costa-verde.com\/?post_type=product&#038;p=28145"},"modified":"2022-05-13T16:00:31","modified_gmt":"2022-05-13T15:00:31","slug":"tetera-1100ml-6","status":"publish","type":"product","link":"https:\/\/pro.costa-verde.com\/es\/produto\/tetera-1100ml-6\/","title":{"rendered":"Tetera 1100ml"},"content":{"rendered":"<p>Flirty<br \/>\n\u00a1La seducci\u00f3n provocadora!<br \/>\nFlirty es sin\u00f3nimo de romanticismo y ternura, asumiendo la suavidad, belleza y delicadeza de una l\u00ednea de porcelana en tonos rosados, con la intervenci\u00f3n de elementos reactivos. \u00a1La fantas\u00eda y el encanto del amor verdadero!<\/p>\n","protected":false},"excerpt":{"rendered":"<p>Flirty \u00a1La seducci\u00f3n provocadora! Flirty es sin\u00f3nimo de romanticismo y ternura, asumiendo la suavidad, belleza y delicadeza de una l\u00ednea de porcelana en tonos rosados, con la intervenci\u00f3n de elementos reactivos. \u00a1La fantas\u00eda y el encanto del amor verdadero!<\/p>\n","protected":false},"featured_media":47389,"comment_status":"open","ping_status":"closed","template":"","meta":[],"product_brand":[],"product_cat":[624],"product_tag":[],"class_list":{"0":"post-28145","1":"product","2":"type-product","3":"status-publish","4":"has-post-thumbnail","6":"product_cat-tetera","7":"pa_colecao-flirty-es","9":"first","10":"instock","11":"taxable","12":"shipping-taxable","13":"purchasable","14":"product-type-simple"},"yoast_head":"<!-- This site is optimized with the Yoast SEO plugin v26.9 - https:\/\/yoast.com\/product\/yoast-seo-wordpress\/ -->\n<title>Tetera 1100ml - Costa Verde<\/title>\n<meta name=\"description\" content=\"La tetera 1100ml Flirty, del concepto Moods, en porcelana y en color rosa, es ideal para completar tu servicio de t\u00e9.\" \/>\n<meta name=\"robots\" content=\"index, follow, max-snippet:-1, max-image-preview:large, max-video-preview:-1\" \/>\n<link rel=\"canonical\" href=\"https:\/\/pro.costa-verde.com\/produto\/bule-1100ml-6\/\" \/>\n<meta property=\"og:locale\" content=\"es_ES\" \/>\n<meta property=\"og:type\" content=\"article\" \/>\n<meta property=\"og:title\" content=\"Tetera 1100ml - Costa Verde\" \/>\n<meta property=\"og:description\" content=\"La tetera 1100ml Flirty, del concepto Moods, en porcelana y en color rosa, es ideal para completar tu servicio de t\u00e9.\" \/>\n<meta property=\"og:url\" content=\"https:\/\/pro.costa-verde.com\/produto\/bule-1100ml-6\/\" \/>\n<meta property=\"og:site_name\" content=\"Costa Verde\" \/>\n<meta property=\"article:publisher\" content=\"https:\/\/www.facebook.com\/costaverdeporcelanas\/\" \/>\n<meta property=\"article:modified_time\" content=\"2022-05-13T15:00:31+00:00\" \/>\n<meta property=\"og:image\" content=\"https:\/\/pro.costa-verde.com\/wp-content\/uploads\/2022\/05\/Bule-1100ml-Flirty.jpg\" \/>\n\t<meta property=\"og:image:width\" content=\"1920\" \/>\n\t<meta property=\"og:image:height\" content=\"1230\" \/>\n\t<meta property=\"og:image:type\" content=\"image\/jpeg\" \/>\n<meta name=\"twitter:card\" content=\"summary_large_image\" \/>\n<script type=\"application\/ld+json\" class=\"yoast-schema-graph\">{\"@context\":\"https:\/\/schema.org\",\"@graph\":[{\"@type\":\"WebPage\",\"@id\":\"https:\/\/pro.costa-verde.com\/produto\/bule-1100ml-6\/\",\"url\":\"https:\/\/pro.costa-verde.com\/produto\/bule-1100ml-6\/\",\"name\":\"Tetera 1100ml - Costa Verde\",\"isPartOf\":{\"@id\":\"https:\/\/pro.costa-verde.com\/#website\"},\"primaryImageOfPage\":{\"@id\":\"https:\/\/pro.costa-verde.com\/produto\/bule-1100ml-6\/#primaryimage\"},\"image\":{\"@id\":\"https:\/\/pro.costa-verde.com\/produto\/bule-1100ml-6\/#primaryimage\"},\"thumbnailUrl\":\"https:\/\/pro.costa-verde.com\/wp-content\/uploads\/2022\/05\/Bule-1100ml-Flirty.jpg\",\"datePublished\":\"2021-05-25T15:16:01+00:00\",\"dateModified\":\"2022-05-13T15:00:31+00:00\",\"description\":\"La tetera 1100ml Flirty, del concepto Moods, en porcelana y en color rosa, es ideal para completar tu servicio de t\u00e9.\",\"breadcrumb\":{\"@id\":\"https:\/\/pro.costa-verde.com\/produto\/bule-1100ml-6\/#breadcrumb\"},\"inLanguage\":\"es\",\"potentialAction\":[{\"@type\":\"ReadAction\",\"target\":[\"https:\/\/pro.costa-verde.com\/produto\/bule-1100ml-6\/\"]}]},{\"@type\":\"ImageObject\",\"inLanguage\":\"es\",\"@id\":\"https:\/\/pro.costa-verde.com\/produto\/bule-1100ml-6\/#primaryimage\",\"url\":\"https:\/\/pro.costa-verde.com\/wp-content\/uploads\/2022\/05\/Bule-1100ml-Flirty.jpg\",\"contentUrl\":\"https:\/\/pro.costa-verde.com\/wp-content\/uploads\/2022\/05\/Bule-1100ml-Flirty.jpg\",\"width\":1920,\"height\":1230,\"caption\":\"Tetera 1100ml Flirty\"},{\"@type\":\"BreadcrumbList\",\"@id\":\"https:\/\/pro.costa-verde.com\/produto\/bule-1100ml-6\/#breadcrumb\",\"itemListElement\":[{\"@type\":\"ListItem\",\"position\":1,\"name\":\"In\u00edcio\",\"item\":\"https:\/\/pro.costa-verde.com\/es\/\"},{\"@type\":\"ListItem\",\"position\":2,\"name\":\"Loja online\",\"item\":\"https:\/\/pro.costa-verde.com\/loja-online\/\"},{\"@type\":\"ListItem\",\"position\":3,\"name\":\"Tetera 1100ml\"}]},{\"@type\":\"WebSite\",\"@id\":\"https:\/\/pro.costa-verde.com\/#website\",\"url\":\"https:\/\/pro.costa-verde.com\/\",\"name\":\"Costa Verde\",\"description\":\"Loja Online\",\"potentialAction\":[{\"@type\":\"SearchAction\",\"target\":{\"@type\":\"EntryPoint\",\"urlTemplate\":\"https:\/\/pro.costa-verde.com\/?s={search_term_string}\"},\"query-input\":{\"@type\":\"PropertyValueSpecification\",\"valueRequired\":true,\"valueName\":\"search_term_string\"}}],\"inLanguage\":\"es\"}]}<\/script>\n<!-- \/ Yoast SEO plugin. -->","yoast_head_json":{"title":"Tetera 1100ml - Costa Verde","description":"La tetera 1100ml Flirty, del concepto Moods, en porcelana y en color rosa, es ideal para completar tu servicio de t\u00e9.","robots":{"index":"index","follow":"follow","max-snippet":"max-snippet:-1","max-image-preview":"max-image-preview:large","max-video-preview":"max-video-preview:-1"},"canonical":"https:\/\/pro.costa-verde.com\/produto\/bule-1100ml-6\/","og_locale":"es_ES","og_type":"article","og_title":"Tetera 1100ml - Costa Verde","og_description":"La tetera 1100ml Flirty, del concepto Moods, en porcelana y en color rosa, es ideal para completar tu servicio de t\u00e9.","og_url":"https:\/\/pro.costa-verde.com\/produto\/bule-1100ml-6\/","og_site_name":"Costa Verde","article_publisher":"https:\/\/www.facebook.com\/costaverdeporcelanas\/","article_modified_time":"2022-05-13T15:00:31+00:00","og_image":[{"width":1920,"height":1230,"url":"https:\/\/pro.costa-verde.com\/wp-content\/uploads\/2022\/05\/Bule-1100ml-Flirty.jpg","type":"image\/jpeg"}],"twitter_card":"summary_large_image","schema":{"@context":"https:\/\/schema.org","@graph":[{"@type":"WebPage","@id":"https:\/\/pro.costa-verde.com\/produto\/bule-1100ml-6\/","url":"https:\/\/pro.costa-verde.com\/produto\/bule-1100ml-6\/","name":"Tetera 1100ml - Costa Verde","isPartOf":{"@id":"https:\/\/pro.costa-verde.com\/#website"},"primaryImageOfPage":{"@id":"https:\/\/pro.costa-verde.com\/produto\/bule-1100ml-6\/#primaryimage"},"image":{"@id":"https:\/\/pro.costa-verde.com\/produto\/bule-1100ml-6\/#primaryimage"},"thumbnailUrl":"https:\/\/pro.costa-verde.com\/wp-content\/uploads\/2022\/05\/Bule-1100ml-Flirty.jpg","datePublished":"2021-05-25T15:16:01+00:00","dateModified":"2022-05-13T15:00:31+00:00","description":"La tetera 1100ml Flirty, del concepto Moods, en porcelana y en color rosa, es ideal para completar tu servicio de t\u00e9.","breadcrumb":{"@id":"https:\/\/pro.costa-verde.com\/produto\/bule-1100ml-6\/#breadcrumb"},"inLanguage":"es","potentialAction":[{"@type":"ReadAction","target":["https:\/\/pro.costa-verde.com\/produto\/bule-1100ml-6\/"]}]},{"@type":"ImageObject","inLanguage":"es","@id":"https:\/\/pro.costa-verde.com\/produto\/bule-1100ml-6\/#primaryimage","url":"https:\/\/pro.costa-verde.com\/wp-content\/uploads\/2022\/05\/Bule-1100ml-Flirty.jpg","contentUrl":"https:\/\/pro.costa-verde.com\/wp-content\/uploads\/2022\/05\/Bule-1100ml-Flirty.jpg","width":1920,"height":1230,"caption":"Tetera 1100ml Flirty"},{"@type":"BreadcrumbList","@id":"https:\/\/pro.costa-verde.com\/produto\/bule-1100ml-6\/#breadcrumb","itemListElement":[{"@type":"ListItem","position":1,"name":"In\u00edcio","item":"https:\/\/pro.costa-verde.com\/es\/"},{"@type":"ListItem","position":2,"name":"Loja online","item":"https:\/\/pro.costa-verde.com\/loja-online\/"},{"@type":"ListItem","position":3,"name":"Tetera 1100ml"}]},{"@type":"WebSite","@id":"https:\/\/pro.costa-verde.com\/#website","url":"https:\/\/pro.costa-verde.com\/","name":"Costa Verde","description":"Loja Online","potentialAction":[{"@type":"SearchAction","target":{"@type":"EntryPoint","urlTemplate":"https:\/\/pro.costa-verde.com\/?s={search_term_string}"},"query-input":{"@type":"PropertyValueSpecification","valueRequired":true,"valueName":"search_term_string"}}],"inLanguage":"es"}]}},"_links":{"self":[{"href":"https:\/\/pro.costa-verde.com\/es\/wp-json\/wp\/v2\/product\/28145","targetHints":{"allow":["GET"]}}],"collection":[{"href":"https:\/\/pro.costa-verde.com\/es\/wp-json\/wp\/v2\/product"}],"about":[{"href":"https:\/\/pro.costa-verde.com\/es\/wp-json\/wp\/v2\/types\/product"}],"replies":[{"embeddable":true,"href":"https:\/\/pro.costa-verde.com\/es\/wp-json\/wp\/v2\/comments?post=28145"}],"version-history":[{"count":2,"href":"https:\/\/pro.costa-verde.com\/es\/wp-json\/wp\/v2\/product\/28145\/revisions"}],"predecessor-version":[{"id":28478,"href":"https:\/\/pro.costa-verde.com\/es\/wp-json\/wp\/v2\/product\/28145\/revisions\/28478"}],"wp:featuredmedia":[{"embeddable":true,"href":"https:\/\/pro.costa-verde.com\/es\/wp-json\/wp\/v2\/media\/47389"}],"wp:attachment":[{"href":"https:\/\/pro.costa-verde.com\/es\/wp-json\/wp\/v2\/media?parent=28145"}],"wp:term":[{"taxonomy":"product_brand","embeddable":true,"href":"https:\/\/pro.costa-verde.com\/es\/wp-json\/wp\/v2\/product_brand?post=28145"},{"taxonomy":"product_cat","embeddable":true,"href":"https:\/\/pro.costa-verde.com\/es\/wp-json\/wp\/v2\/product_cat?post=28145"},{"taxonomy":"product_tag","embeddable":true,"href":"https:\/\/pro.costa-verde.com\/es\/wp-json\/wp\/v2\/product_tag?post=28145"}],"curies":[{"name":"wp","href":"https:\/\/api.w.org\/{rel}","templated":true}]}}