{"id":28094,"date":"2021-05-25T15:15:44","date_gmt":"2021-05-25T15:15:46","guid":{"rendered":"https:\/\/pro.costa-verde.com\/?post_type=product&#038;p=28094"},"modified":"2021-12-30T15:59:01","modified_gmt":"2021-12-30T15:59:01","slug":"plato-hondo-24-h4cm-6","status":"publish","type":"product","link":"https:\/\/pro.costa-verde.com\/es\/produto\/plato-hondo-24-h4cm-6\/","title":{"rendered":"Plato Hondo 24 h4cm"},"content":{"rendered":"\t\t<div data-elementor-type=\"product-post\" data-elementor-id=\"28094\" class=\"elementor elementor-28094 elementor-28087\" data-elementor-post-type=\"product\">\n\t\t\t\t\t\t<section class=\"elementor-section elementor-top-section elementor-element elementor-element-22d417b elementor-section-boxed elementor-section-height-default elementor-section-height-default\" data-id=\"22d417b\" data-element_type=\"section\">\n\t\t\t\t\t\t<div class=\"elementor-container elementor-column-gap-default\">\n\t\t\t\t\t<div class=\"elementor-column elementor-col-100 elementor-top-column elementor-element elementor-element-29fca873\" data-id=\"29fca873\" data-element_type=\"column\">\n\t\t\t<div class=\"elementor-widget-wrap elementor-element-populated\">\n\t\t\t\t\t\t<div class=\"elementor-element elementor-element-5f240b72 elementor-widget elementor-widget-text-editor\" data-id=\"5f240b72\" data-element_type=\"widget\" data-widget_type=\"text-editor.default\">\n\t\t\t\t<div class=\"elementor-widget-container\">\n\t\t\t\t\t\t\t\t\tO <strong>prato fundo 24 h4cm<\/strong> <a href=\"https:\/\/pro.costa-verde.com\/colecoes-moods\/flirty\/\">Flirty<\/a>, do conceito <a href=\"https:\/\/pro.costa-verde.com\/colecoes-moods\/\">Moods<\/a>, pode ser utilizado com diversos fins, como os de <strong>prato de pasta <\/strong>ou<strong> prato de risotto<\/strong> ou <strong>salada<\/strong>. Combine a <strong>cor rosa<\/strong> desta pe\u00e7a em <strong>porcelana<\/strong>, marcada por <strong>vidrados reativos<\/strong>, com o conforto do seu prato preferido.\r\n\r\nConhe\u00e7a outras pe\u00e7as da cole\u00e7\u00e3o do <strong>prato fundo 24 h4cm<\/strong>, <a href=\"https:\/\/pro.costa-verde.com\/colecoes-moods\/flirty\/\">Flirty<\/a>, e ainda as pe\u00e7as de outras cole\u00e7\u00f5es do conceito <a href=\"https:\/\/pro.costa-verde.com\/colecoes-moods\/\">Moods<\/a>. <div class=\"bg-margin-for-link\"><input type='hidden' bg_collapse_expand='69e086655db1c9096955699' value='69e086655db1c9096955699'><input type='hidden' id='bg-show-more-text-69e086655db1c9096955699' value='Ver mais'><input type='hidden' id='bg-show-less-text-69e086655db1c9096955699' value='Ver menos'><a id='bg-showmore-action-69e086655db1c9096955699' class='bg-showmore-plg-link  '  style=\" color:#414141;;\" href='#'>Ver mais<\/a><div id='bg-showmore-hidden-69e086655db1c9096955699' >\r\n\r\n<a href=\"https:\/\/pro.costa-verde.com\/colecoes-moods\/flirty\/\">A cole\u00e7\u00e3o Flirty<\/a>\r\n\r\nFlirty \u00e9 sin\u00f3nimo de romantismo e ternura, assumindo a suavidade, beleza e a delicadeza de uma linha de porcelana em tons rosa, com a interven\u00e7\u00e3o de elementos reativos.\r\n\r\nDo atrevimento e curiosidade de uma equipa multidisciplinar da Costa Verde, nasceu esta decora\u00e7\u00e3o do conceito <a href=\"https:\/\/pro.costa-verde.com\/colecoes-moods\/\">Moods<\/a>, de tom rosa suave marcado pela interven\u00e7\u00e3o de vidrados reativos aplicados manualmente, tornando cada pe\u00e7a singular e \u00fanica.\r\n\r\nFlirty combina duplamente conceitos quase dicot\u00f3micos: a suavidade e a provoca\u00e7\u00e3o, e todas as caracter\u00edsticas da porcelana com a irrever\u00eancia dos vidrados reativos, nela aplicados.\r\n\r\nTendo como base a cole\u00e7\u00e3o <a href=\"https:\/\/pro.costa-verde.com\/colecoes-costa-verde\/nordika\/\">Nordika<\/a>, de linhas simples, combinando um design coupe com um design com aba, que se projetam para l\u00e1 do cuidado est\u00e9tico. Uma linha inspirada nas latitudes mais frias, capaz de aquecer, com a decora\u00e7\u00e3o Flirty, a imagina\u00e7\u00e3o dos que nela exprimem o seu talento.\r\n\r\n<a href=\"https:\/\/pro.costa-verde.com\/colecoes-moods\/\">O conceito Moods<\/a>\r\n\r\nMoods \u00e9 sin\u00f3nimo de estado de esp\u00edrito, de comportamento, de atitude, emo\u00e7\u00e3o, capacidade de resposta, desejo, tend\u00eancia e singularidade.\r\n\r\nEstruturado por um estado de esp\u00edrito e comportamento intimamente ligados \u00e0 mudan\u00e7a, Moods personifica a express\u00e3o m\u00e1xima de uma nova atmosfera de emo\u00e7\u00f5es que envolvem a utiliza\u00e7\u00e3o do produto, bem como dos desejos e \u00faltimas tend\u00eancias do mercado; e uma nova atmosfera interna, resultado de um intenso processo de investiga\u00e7\u00e3o e desenvolvimento em porcelana, que resulta numa nova abordagem manual, garantindo o mesmo toque, beleza e sofistica\u00e7\u00e3o que s\u00f3 a porcelana proporciona, em pe\u00e7as com padr\u00f5es \u00fanicos, t\u00e3o singulares como cada um de n\u00f3s.\r\n\r\nOrgulhosamente fabricadas em Portugal, naquela que provavelmente \u00e9 a melhor <a href=\"https:\/\/pro.costa-verde.com\/fabrica-costa-verde\/\">unidade de fabrico de porcelana<\/a>, a Costa Verde, as pe\u00e7as Moods s\u00e3o amplamente testadas para resistirem \u00e0 utiliza\u00e7\u00e3o intensa e massiva. As suas decora\u00e7\u00f5es assumem um misto de rutura, inova\u00e7\u00e3o e desenvolvimento de produto, ao incorporar vidrados reativos ou mate, fruto de um longo processo de investiga\u00e7\u00e3o.\r\n\r\nNa Costa Verde, com a nossa experi\u00eancia e saber fazer, produzimos porcelana com um sentido de desempenho e de performance. Do impacto visual \u00e0s sensa\u00e7\u00f5es t\u00e1teis, a porcelana que produzimos \u00e9 pensada para ser vivida e sentida, porque todos os sentidos contam (All senses matter).\r\n\r\n<a href=\"https:\/\/pro.costa-verde.com\/colecoes-moods\/\">Conhe\u00e7a todas as decora\u00e7\u00f5es Moods!<\/a>\r\n\r\n<\/div><\/div>\r\n\r\nPe\u00e7as resistentes ao microondas, forno, frigor\u00edfico e m\u00e1quina de lavar.\t\t\t\t\t\t\t\t<\/div>\n\t\t\t\t<\/div>\n\t\t\t\t\t<\/div>\n\t\t<\/div>\n\t\t\t\t\t<\/div>\n\t\t<\/section>\n\t\t\t\t<\/div>\n\t\t","protected":false},"excerpt":{"rendered":"<p>Flirty \u00a1La seducci\u00f3n provocadora! Flirty es sin\u00f3nimo de romanticismo y ternura, asumiendo la suavidad, belleza y delicadeza de una l\u00ednea de porcelana en tonos rosados, con la intervenci\u00f3n de elementos reactivos. \u00a1La fantas\u00eda y el encanto del amor verdadero!<\/p>\n","protected":false},"featured_media":29668,"comment_status":"open","ping_status":"closed","template":"","meta":[],"product_brand":[],"product_cat":[1324],"product_tag":[],"class_list":{"0":"post-28094","1":"product","2":"type-product","3":"status-publish","4":"has-post-thumbnail","6":"product_cat-platos-pasta","7":"pa_colecao-flirty-es","9":"first","10":"instock","11":"taxable","12":"shipping-taxable","13":"purchasable","14":"product-type-simple"},"yoast_head":"<!-- This site is optimized with the Yoast SEO plugin v26.9 - https:\/\/yoast.com\/product\/yoast-seo-wordpress\/ -->\n<title>Plato Hondo 24 h4cm - Costa Verde<\/title>\n<meta name=\"description\" content=\"El plato hondo 24 h4cm, del concepto Moods, en porcelana y en color rosa, es utilizado como plato de pasta, para risotto o para ensalada.\" \/>\n<meta name=\"robots\" content=\"index, follow, max-snippet:-1, max-image-preview:large, max-video-preview:-1\" \/>\n<link rel=\"canonical\" href=\"https:\/\/pro.costa-verde.com\/produto\/prato-fundo-24-h4cm-6\/\" \/>\n<meta property=\"og:locale\" content=\"es_ES\" \/>\n<meta property=\"og:type\" content=\"article\" \/>\n<meta property=\"og:title\" content=\"Plato Hondo 24 h4cm - Costa Verde\" \/>\n<meta property=\"og:description\" content=\"El plato hondo 24 h4cm, del concepto Moods, en porcelana y en color rosa, es utilizado como plato de pasta, para risotto o para ensalada.\" \/>\n<meta property=\"og:url\" content=\"https:\/\/pro.costa-verde.com\/produto\/prato-fundo-24-h4cm-6\/\" \/>\n<meta property=\"og:site_name\" content=\"Costa Verde\" \/>\n<meta property=\"article:publisher\" content=\"https:\/\/www.facebook.com\/costaverdeporcelanas\/\" \/>\n<meta property=\"article:modified_time\" content=\"2021-12-30T15:59:01+00:00\" \/>\n<meta property=\"og:image\" content=\"https:\/\/pro.costa-verde.com\/wp-content\/uploads\/2021\/06\/Prato-Fundo-24-h4cm-Flirty.jpg\" \/>\n\t<meta property=\"og:image:width\" content=\"1920\" \/>\n\t<meta property=\"og:image:height\" content=\"1234\" \/>\n\t<meta property=\"og:image:type\" content=\"image\/jpeg\" \/>\n<meta name=\"twitter:card\" content=\"summary_large_image\" \/>\n<script type=\"application\/ld+json\" class=\"yoast-schema-graph\">{\"@context\":\"https:\/\/schema.org\",\"@graph\":[{\"@type\":\"WebPage\",\"@id\":\"https:\/\/pro.costa-verde.com\/produto\/prato-fundo-24-h4cm-6\/\",\"url\":\"https:\/\/pro.costa-verde.com\/produto\/prato-fundo-24-h4cm-6\/\",\"name\":\"Plato Hondo 24 h4cm - Costa Verde\",\"isPartOf\":{\"@id\":\"https:\/\/pro.costa-verde.com\/#website\"},\"primaryImageOfPage\":{\"@id\":\"https:\/\/pro.costa-verde.com\/produto\/prato-fundo-24-h4cm-6\/#primaryimage\"},\"image\":{\"@id\":\"https:\/\/pro.costa-verde.com\/produto\/prato-fundo-24-h4cm-6\/#primaryimage\"},\"thumbnailUrl\":\"https:\/\/pro.costa-verde.com\/wp-content\/uploads\/2021\/06\/Prato-Fundo-24-h4cm-Flirty.jpg\",\"datePublished\":\"2021-05-25T15:15:46+00:00\",\"dateModified\":\"2021-12-30T15:59:01+00:00\",\"description\":\"El plato hondo 24 h4cm, del concepto Moods, en porcelana y en color rosa, es utilizado como plato de pasta, para risotto o para ensalada.\",\"breadcrumb\":{\"@id\":\"https:\/\/pro.costa-verde.com\/produto\/prato-fundo-24-h4cm-6\/#breadcrumb\"},\"inLanguage\":\"es\",\"potentialAction\":[{\"@type\":\"ReadAction\",\"target\":[\"https:\/\/pro.costa-verde.com\/produto\/prato-fundo-24-h4cm-6\/\"]}]},{\"@type\":\"ImageObject\",\"inLanguage\":\"es\",\"@id\":\"https:\/\/pro.costa-verde.com\/produto\/prato-fundo-24-h4cm-6\/#primaryimage\",\"url\":\"https:\/\/pro.costa-verde.com\/wp-content\/uploads\/2021\/06\/Prato-Fundo-24-h4cm-Flirty.jpg\",\"contentUrl\":\"https:\/\/pro.costa-verde.com\/wp-content\/uploads\/2021\/06\/Prato-Fundo-24-h4cm-Flirty.jpg\",\"width\":1920,\"height\":1234,\"caption\":\"Plato Hondo 24 h4cm Flirty\"},{\"@type\":\"BreadcrumbList\",\"@id\":\"https:\/\/pro.costa-verde.com\/produto\/prato-fundo-24-h4cm-6\/#breadcrumb\",\"itemListElement\":[{\"@type\":\"ListItem\",\"position\":1,\"name\":\"In\u00edcio\",\"item\":\"https:\/\/pro.costa-verde.com\/es\/\"},{\"@type\":\"ListItem\",\"position\":2,\"name\":\"Loja online\",\"item\":\"https:\/\/pro.costa-verde.com\/loja-online\/\"},{\"@type\":\"ListItem\",\"position\":3,\"name\":\"Plato Hondo 24 h4cm\"}]},{\"@type\":\"WebSite\",\"@id\":\"https:\/\/pro.costa-verde.com\/#website\",\"url\":\"https:\/\/pro.costa-verde.com\/\",\"name\":\"Costa Verde\",\"description\":\"Loja Online\",\"potentialAction\":[{\"@type\":\"SearchAction\",\"target\":{\"@type\":\"EntryPoint\",\"urlTemplate\":\"https:\/\/pro.costa-verde.com\/?s={search_term_string}\"},\"query-input\":{\"@type\":\"PropertyValueSpecification\",\"valueRequired\":true,\"valueName\":\"search_term_string\"}}],\"inLanguage\":\"es\"}]}<\/script>\n<!-- \/ Yoast SEO plugin. -->","yoast_head_json":{"title":"Plato Hondo 24 h4cm - Costa Verde","description":"El plato hondo 24 h4cm, del concepto Moods, en porcelana y en color rosa, es utilizado como plato de pasta, para risotto o para ensalada.","robots":{"index":"index","follow":"follow","max-snippet":"max-snippet:-1","max-image-preview":"max-image-preview:large","max-video-preview":"max-video-preview:-1"},"canonical":"https:\/\/pro.costa-verde.com\/produto\/prato-fundo-24-h4cm-6\/","og_locale":"es_ES","og_type":"article","og_title":"Plato Hondo 24 h4cm - Costa Verde","og_description":"El plato hondo 24 h4cm, del concepto Moods, en porcelana y en color rosa, es utilizado como plato de pasta, para risotto o para ensalada.","og_url":"https:\/\/pro.costa-verde.com\/produto\/prato-fundo-24-h4cm-6\/","og_site_name":"Costa Verde","article_publisher":"https:\/\/www.facebook.com\/costaverdeporcelanas\/","article_modified_time":"2021-12-30T15:59:01+00:00","og_image":[{"width":1920,"height":1234,"url":"https:\/\/pro.costa-verde.com\/wp-content\/uploads\/2021\/06\/Prato-Fundo-24-h4cm-Flirty.jpg","type":"image\/jpeg"}],"twitter_card":"summary_large_image","schema":{"@context":"https:\/\/schema.org","@graph":[{"@type":"WebPage","@id":"https:\/\/pro.costa-verde.com\/produto\/prato-fundo-24-h4cm-6\/","url":"https:\/\/pro.costa-verde.com\/produto\/prato-fundo-24-h4cm-6\/","name":"Plato Hondo 24 h4cm - Costa Verde","isPartOf":{"@id":"https:\/\/pro.costa-verde.com\/#website"},"primaryImageOfPage":{"@id":"https:\/\/pro.costa-verde.com\/produto\/prato-fundo-24-h4cm-6\/#primaryimage"},"image":{"@id":"https:\/\/pro.costa-verde.com\/produto\/prato-fundo-24-h4cm-6\/#primaryimage"},"thumbnailUrl":"https:\/\/pro.costa-verde.com\/wp-content\/uploads\/2021\/06\/Prato-Fundo-24-h4cm-Flirty.jpg","datePublished":"2021-05-25T15:15:46+00:00","dateModified":"2021-12-30T15:59:01+00:00","description":"El plato hondo 24 h4cm, del concepto Moods, en porcelana y en color rosa, es utilizado como plato de pasta, para risotto o para ensalada.","breadcrumb":{"@id":"https:\/\/pro.costa-verde.com\/produto\/prato-fundo-24-h4cm-6\/#breadcrumb"},"inLanguage":"es","potentialAction":[{"@type":"ReadAction","target":["https:\/\/pro.costa-verde.com\/produto\/prato-fundo-24-h4cm-6\/"]}]},{"@type":"ImageObject","inLanguage":"es","@id":"https:\/\/pro.costa-verde.com\/produto\/prato-fundo-24-h4cm-6\/#primaryimage","url":"https:\/\/pro.costa-verde.com\/wp-content\/uploads\/2021\/06\/Prato-Fundo-24-h4cm-Flirty.jpg","contentUrl":"https:\/\/pro.costa-verde.com\/wp-content\/uploads\/2021\/06\/Prato-Fundo-24-h4cm-Flirty.jpg","width":1920,"height":1234,"caption":"Plato Hondo 24 h4cm Flirty"},{"@type":"BreadcrumbList","@id":"https:\/\/pro.costa-verde.com\/produto\/prato-fundo-24-h4cm-6\/#breadcrumb","itemListElement":[{"@type":"ListItem","position":1,"name":"In\u00edcio","item":"https:\/\/pro.costa-verde.com\/es\/"},{"@type":"ListItem","position":2,"name":"Loja online","item":"https:\/\/pro.costa-verde.com\/loja-online\/"},{"@type":"ListItem","position":3,"name":"Plato Hondo 24 h4cm"}]},{"@type":"WebSite","@id":"https:\/\/pro.costa-verde.com\/#website","url":"https:\/\/pro.costa-verde.com\/","name":"Costa Verde","description":"Loja Online","potentialAction":[{"@type":"SearchAction","target":{"@type":"EntryPoint","urlTemplate":"https:\/\/pro.costa-verde.com\/?s={search_term_string}"},"query-input":{"@type":"PropertyValueSpecification","valueRequired":true,"valueName":"search_term_string"}}],"inLanguage":"es"}]}},"_links":{"self":[{"href":"https:\/\/pro.costa-verde.com\/es\/wp-json\/wp\/v2\/product\/28094","targetHints":{"allow":["GET"]}}],"collection":[{"href":"https:\/\/pro.costa-verde.com\/es\/wp-json\/wp\/v2\/product"}],"about":[{"href":"https:\/\/pro.costa-verde.com\/es\/wp-json\/wp\/v2\/types\/product"}],"replies":[{"embeddable":true,"href":"https:\/\/pro.costa-verde.com\/es\/wp-json\/wp\/v2\/comments?post=28094"}],"version-history":[{"count":2,"href":"https:\/\/pro.costa-verde.com\/es\/wp-json\/wp\/v2\/product\/28094\/revisions"}],"predecessor-version":[{"id":28468,"href":"https:\/\/pro.costa-verde.com\/es\/wp-json\/wp\/v2\/product\/28094\/revisions\/28468"}],"wp:featuredmedia":[{"embeddable":true,"href":"https:\/\/pro.costa-verde.com\/es\/wp-json\/wp\/v2\/media\/29668"}],"wp:attachment":[{"href":"https:\/\/pro.costa-verde.com\/es\/wp-json\/wp\/v2\/media?parent=28094"}],"wp:term":[{"taxonomy":"product_brand","embeddable":true,"href":"https:\/\/pro.costa-verde.com\/es\/wp-json\/wp\/v2\/product_brand?post=28094"},{"taxonomy":"product_cat","embeddable":true,"href":"https:\/\/pro.costa-verde.com\/es\/wp-json\/wp\/v2\/product_cat?post=28094"},{"taxonomy":"product_tag","embeddable":true,"href":"https:\/\/pro.costa-verde.com\/es\/wp-json\/wp\/v2\/product_tag?post=28094"}],"curies":[{"name":"wp","href":"https:\/\/api.w.org\/{rel}","templated":true}]}}