{"id":24309,"date":"2021-04-08T13:40:18","date_gmt":"2021-04-08T13:40:20","guid":{"rendered":"https:\/\/pro.costa-verde.com\/?post_type=product&#038;p=24309"},"modified":"2021-12-30T16:09:13","modified_gmt":"2021-12-30T16:09:13","slug":"cuchara-12x5cm-2","status":"publish","type":"product","link":"https:\/\/pro.costa-verde.com\/es\/produto\/cuchara-12x5cm-2\/","title":{"rendered":"Cuchara 12X5cm"},"content":{"rendered":"\t\t<div data-elementor-type=\"product-post\" data-elementor-id=\"24309\" class=\"elementor elementor-24309 elementor-24307\" data-elementor-post-type=\"product\">\n\t\t\t\t\t\t<section class=\"elementor-section elementor-top-section elementor-element elementor-element-6fa3a17a elementor-section-boxed elementor-section-height-default elementor-section-height-default\" data-id=\"6fa3a17a\" data-element_type=\"section\">\n\t\t\t\t\t\t<div class=\"elementor-container elementor-column-gap-default\">\n\t\t\t\t\t<div class=\"elementor-column elementor-col-100 elementor-top-column elementor-element elementor-element-71a3e75f\" data-id=\"71a3e75f\" data-element_type=\"column\">\n\t\t\t<div class=\"elementor-widget-wrap elementor-element-populated\">\n\t\t\t\t\t\t<div class=\"elementor-element elementor-element-44e9e0b9 elementor-widget elementor-widget-text-editor\" data-id=\"44e9e0b9\" data-element_type=\"widget\" data-widget_type=\"text-editor.default\">\n\t\t\t\t<div class=\"elementor-widget-container\">\n\t\t\t\t\t\t\t\t\tA <strong>colher 12x5cm<\/strong>, ou <strong>colher de degusta\u00e7\u00e3o<\/strong> <a href=\"https:\/\/pro.costa-verde.com\/colecoes-moods\/mature\/\">Mature<\/a>, do conceito <a href=\"https:\/\/pro.costa-verde.com\/colecoes-moods\/\">Moods<\/a><strong>, <\/strong>al\u00e9m de <strong>elemento decorativo<\/strong>, potencia a apresenta\u00e7\u00e3o de pratos num conceito <strong>finger food<\/strong><em>. <\/em>Com uma forma menos convencional e mais org\u00e2nica, esta pe\u00e7a promove o destaque das cria\u00e7\u00f5es que serve, contrastantes com a sua <strong>cor terracota<\/strong> marcada por <strong>vidrados reativos<\/strong> manualmente aplicados em <strong>porcelana.<\/strong>\r\n\r\nConhe\u00e7a outras pe\u00e7as da cole\u00e7\u00e3o da <strong>colher 12x5cm<\/strong>, <a href=\"https:\/\/pro.costa-verde.com\/colecoes-moods\/mature\/\">Mature<\/a>, e ainda as pe\u00e7as de outras <a href=\"https:\/\/pro.costa-verde.com\/colecoes-moods\/\">cole\u00e7\u00f5es do conceito Moods.<\/a><div class=\"bg-margin-for-link\"><input type='hidden' bg_collapse_expand='69f3910c8f1123018276943' value='69f3910c8f1123018276943'><input type='hidden' id='bg-show-more-text-69f3910c8f1123018276943' value='Ver mais'><input type='hidden' id='bg-show-less-text-69f3910c8f1123018276943' value='Ver menos'><a id='bg-showmore-action-69f3910c8f1123018276943' class='bg-showmore-plg-link  '  style=\" color:#414141;;\" href='#'>Ver mais<\/a><div id='bg-showmore-hidden-69f3910c8f1123018276943' >\r\n\r\n<strong><a href=\"https:\/\/pro.costa-verde.com\/colecoes-moods\/mature\/\">A cole\u00e7\u00e3o Mature<\/a><\/strong>\r\n\r\nMature \u00e9 uma cole\u00e7\u00e3o cheia de vida e personalidade, com um vidrado de nuances castanha e laranja, trabalhado com elementos reativos, ao mesmo tempo que nos reporta para ambientes mais r\u00fasticos e igualmente elegantes.\r\n\r\nA cole\u00e7\u00e3o Mature \u00e9 o expoente m\u00e1ximo do calor e a homenagem \u00e0 argila, uma das mat\u00e9rias-primas do produto porcelana. A cor, tamb\u00e9m conhecida por terracota, representa ainda alegria e vitalidade, energia e prosperidade, assim como est\u00e1 fortemente associada \u00e0 criatividade.\r\n\r\nE foi da criatividade de uma equipa multidisciplinar, que consegue reproduzir este sentido e conceito em porcelana, que nasceu esta decora\u00e7\u00e3o do conceito <a href=\"https:\/\/pro.costa-verde.com\/colecoes-moods\/\">Moods<\/a>, desenvolvida na linha <a href=\"https:\/\/pro.costa-verde.com\/colecoes-costa-verde\/isola\/\">Isola<\/a>, de formas marcadamente org\u00e2nicas e elegantes, com um sentido contempor\u00e2neo e global.\r\n\r\n<a href=\"https:\/\/pro.costa-verde.com\/colecoes-moods\/\"><strong>O conceito Moods<\/strong><\/a>\r\n\r\nMoods \u00e9 sin\u00f3nimo de estado de esp\u00edrito, de comportamento, de atitude, emo\u00e7\u00e3o, capacidade de resposta, desejo, tend\u00eancia e singularidade.\r\n\r\nEstruturado por um estado de esp\u00edrito e comportamento intimamente ligados \u00e0 mudan\u00e7a, Moods personifica a express\u00e3o m\u00e1xima de uma nova atmosfera de emo\u00e7\u00f5es que envolvem a utiliza\u00e7\u00e3o do produto, bem como dos desejos e \u00faltimas tend\u00eancias do mercado; e uma nova atmosfera interna, resultado de um intenso processo de investiga\u00e7\u00e3o e desenvolvimento em porcelana, que resulta numa nova abordagem manual, garantindo o mesmo toque, beleza e sofistica\u00e7\u00e3o que s\u00f3 a porcelana proporciona, em pe\u00e7as com padr\u00f5es \u00fanicos, t\u00e3o singulares como cada um de n\u00f3s.\r\n\r\nOrgulhosamente fabricadas em Portugal, naquela que provavelmente \u00e9 a melhor unidade de <a href=\"https:\/\/pro.costa-verde.com\/fabrica-costa-verde\/\">fabrico de porcelana<\/a>, a Costa Verde, as pe\u00e7as Moods s\u00e3o amplamente testadas para resistirem \u00e0 utiliza\u00e7\u00e3o intensa e massiva. As suas decora\u00e7\u00f5es assumem um misto de rutura, inova\u00e7\u00e3o e desenvolvimento de produto, ao incorporar vidrados reativos ou mate, fruto de um longo processo de investiga\u00e7\u00e3o.\r\n\r\n<a href=\"https:\/\/pro.costa-verde.com\/colecoes-moods\/\">Conhe\u00e7a todas as decora\u00e7\u00f5es Moods!<\/a> <\/div><\/div>\r\n\r\nPe\u00e7as resistentes ao microondas, forno, frigor\u00edfico e m\u00e1quina de lavar.\t\t\t\t\t\t\t\t<\/div>\n\t\t\t\t<\/div>\n\t\t\t\t\t<\/div>\n\t\t<\/div>\n\t\t\t\t\t<\/div>\n\t\t<\/section>\n\t\t\t\t<\/div>\n\t\t","protected":false},"excerpt":{"rendered":"<p>Mature Alegr\u00eda y personalidad en la mesa Mature es el m\u00e1ximo exponente del calor y un homenaje a la arcilla, una de las materias primas del producto de porcelana. Con un esmalte de tonos marrones y anaranjados, trabajado con elementos reactivos, Mature es una colecci\u00f3n con vida y llena de personalidad, mientras nos transporta a [&hellip;]<\/p>\n","protected":false},"featured_media":28831,"comment_status":"open","ping_status":"closed","template":"","meta":[],"product_brand":[],"product_cat":[1302],"product_tag":[],"class_list":{"0":"post-24309","1":"product","2":"type-product","3":"status-publish","4":"has-post-thumbnail","6":"product_cat-cucharas","7":"pa_colecao-mature-es","9":"first","10":"instock","11":"taxable","12":"shipping-taxable","13":"purchasable","14":"product-type-simple"},"yoast_head":"<!-- This site is optimized with the Yoast SEO plugin v26.9 - https:\/\/yoast.com\/product\/yoast-seo-wordpress\/ -->\n<title>Cuchara 12X5cm - Costa Verde<\/title>\n<meta name=\"description\" content=\"La cuchara 12x5cm degus Mature, del concepto Moods, en porcelana y de color terracota, es utilizada para presentar e degustar los pratos.\" \/>\n<meta name=\"robots\" content=\"index, follow, max-snippet:-1, max-image-preview:large, max-video-preview:-1\" \/>\n<link rel=\"canonical\" href=\"https:\/\/pro.costa-verde.com\/produto\/colher-12x5cm-2\/\" \/>\n<meta property=\"og:locale\" content=\"es_ES\" \/>\n<meta property=\"og:type\" content=\"article\" \/>\n<meta property=\"og:title\" content=\"Cuchara 12X5cm - Costa Verde\" \/>\n<meta property=\"og:description\" content=\"La cuchara 12x5cm degus Mature, del concepto Moods, en porcelana y de color terracota, es utilizada para presentar e degustar los pratos.\" \/>\n<meta property=\"og:url\" content=\"https:\/\/pro.costa-verde.com\/produto\/colher-12x5cm-2\/\" \/>\n<meta property=\"og:site_name\" content=\"Costa Verde\" \/>\n<meta property=\"article:publisher\" content=\"https:\/\/www.facebook.com\/costaverdeporcelanas\/\" \/>\n<meta property=\"article:modified_time\" content=\"2021-12-30T16:09:13+00:00\" \/>\n<meta property=\"og:image\" content=\"https:\/\/pro.costa-verde.com\/wp-content\/uploads\/2021\/06\/Colher-12X5cm-Mature.jpg\" \/>\n\t<meta property=\"og:image:width\" content=\"1920\" \/>\n\t<meta property=\"og:image:height\" content=\"1234\" \/>\n\t<meta property=\"og:image:type\" content=\"image\/jpeg\" \/>\n<meta name=\"twitter:card\" content=\"summary_large_image\" \/>\n<meta name=\"twitter:label1\" content=\"Tiempo de lectura\" \/>\n\t<meta name=\"twitter:data1\" content=\"1 minuto\" \/>\n<script type=\"application\/ld+json\" class=\"yoast-schema-graph\">{\"@context\":\"https:\/\/schema.org\",\"@graph\":[{\"@type\":\"WebPage\",\"@id\":\"https:\/\/pro.costa-verde.com\/produto\/colher-12x5cm-2\/\",\"url\":\"https:\/\/pro.costa-verde.com\/produto\/colher-12x5cm-2\/\",\"name\":\"Cuchara 12X5cm - Costa Verde\",\"isPartOf\":{\"@id\":\"https:\/\/pro.costa-verde.com\/#website\"},\"primaryImageOfPage\":{\"@id\":\"https:\/\/pro.costa-verde.com\/produto\/colher-12x5cm-2\/#primaryimage\"},\"image\":{\"@id\":\"https:\/\/pro.costa-verde.com\/produto\/colher-12x5cm-2\/#primaryimage\"},\"thumbnailUrl\":\"https:\/\/pro.costa-verde.com\/wp-content\/uploads\/2021\/06\/Colher-12X5cm-Mature.jpg\",\"datePublished\":\"2021-04-08T13:40:20+00:00\",\"dateModified\":\"2021-12-30T16:09:13+00:00\",\"description\":\"La cuchara 12x5cm degus Mature, del concepto Moods, en porcelana y de color terracota, es utilizada para presentar e degustar los pratos.\",\"breadcrumb\":{\"@id\":\"https:\/\/pro.costa-verde.com\/produto\/colher-12x5cm-2\/#breadcrumb\"},\"inLanguage\":\"es\",\"potentialAction\":[{\"@type\":\"ReadAction\",\"target\":[\"https:\/\/pro.costa-verde.com\/produto\/colher-12x5cm-2\/\"]}]},{\"@type\":\"ImageObject\",\"inLanguage\":\"es\",\"@id\":\"https:\/\/pro.costa-verde.com\/produto\/colher-12x5cm-2\/#primaryimage\",\"url\":\"https:\/\/pro.costa-verde.com\/wp-content\/uploads\/2021\/06\/Colher-12X5cm-Mature.jpg\",\"contentUrl\":\"https:\/\/pro.costa-verde.com\/wp-content\/uploads\/2021\/06\/Colher-12X5cm-Mature.jpg\",\"width\":1920,\"height\":1234,\"caption\":\"Cuchara 12X5cm Mature\"},{\"@type\":\"BreadcrumbList\",\"@id\":\"https:\/\/pro.costa-verde.com\/produto\/colher-12x5cm-2\/#breadcrumb\",\"itemListElement\":[{\"@type\":\"ListItem\",\"position\":1,\"name\":\"In\u00edcio\",\"item\":\"https:\/\/pro.costa-verde.com\/es\/\"},{\"@type\":\"ListItem\",\"position\":2,\"name\":\"Loja online\",\"item\":\"https:\/\/pro.costa-verde.com\/loja-online\/\"},{\"@type\":\"ListItem\",\"position\":3,\"name\":\"Cuchara 12X5cm\"}]},{\"@type\":\"WebSite\",\"@id\":\"https:\/\/pro.costa-verde.com\/#website\",\"url\":\"https:\/\/pro.costa-verde.com\/\",\"name\":\"Costa Verde\",\"description\":\"Loja Online\",\"potentialAction\":[{\"@type\":\"SearchAction\",\"target\":{\"@type\":\"EntryPoint\",\"urlTemplate\":\"https:\/\/pro.costa-verde.com\/?s={search_term_string}\"},\"query-input\":{\"@type\":\"PropertyValueSpecification\",\"valueRequired\":true,\"valueName\":\"search_term_string\"}}],\"inLanguage\":\"es\"}]}<\/script>\n<!-- \/ Yoast SEO plugin. -->","yoast_head_json":{"title":"Cuchara 12X5cm - Costa Verde","description":"La cuchara 12x5cm degus Mature, del concepto Moods, en porcelana y de color terracota, es utilizada para presentar e degustar los pratos.","robots":{"index":"index","follow":"follow","max-snippet":"max-snippet:-1","max-image-preview":"max-image-preview:large","max-video-preview":"max-video-preview:-1"},"canonical":"https:\/\/pro.costa-verde.com\/produto\/colher-12x5cm-2\/","og_locale":"es_ES","og_type":"article","og_title":"Cuchara 12X5cm - Costa Verde","og_description":"La cuchara 12x5cm degus Mature, del concepto Moods, en porcelana y de color terracota, es utilizada para presentar e degustar los pratos.","og_url":"https:\/\/pro.costa-verde.com\/produto\/colher-12x5cm-2\/","og_site_name":"Costa Verde","article_publisher":"https:\/\/www.facebook.com\/costaverdeporcelanas\/","article_modified_time":"2021-12-30T16:09:13+00:00","og_image":[{"width":1920,"height":1234,"url":"https:\/\/pro.costa-verde.com\/wp-content\/uploads\/2021\/06\/Colher-12X5cm-Mature.jpg","type":"image\/jpeg"}],"twitter_card":"summary_large_image","twitter_misc":{"Tiempo de lectura":"1 minuto"},"schema":{"@context":"https:\/\/schema.org","@graph":[{"@type":"WebPage","@id":"https:\/\/pro.costa-verde.com\/produto\/colher-12x5cm-2\/","url":"https:\/\/pro.costa-verde.com\/produto\/colher-12x5cm-2\/","name":"Cuchara 12X5cm - Costa Verde","isPartOf":{"@id":"https:\/\/pro.costa-verde.com\/#website"},"primaryImageOfPage":{"@id":"https:\/\/pro.costa-verde.com\/produto\/colher-12x5cm-2\/#primaryimage"},"image":{"@id":"https:\/\/pro.costa-verde.com\/produto\/colher-12x5cm-2\/#primaryimage"},"thumbnailUrl":"https:\/\/pro.costa-verde.com\/wp-content\/uploads\/2021\/06\/Colher-12X5cm-Mature.jpg","datePublished":"2021-04-08T13:40:20+00:00","dateModified":"2021-12-30T16:09:13+00:00","description":"La cuchara 12x5cm degus Mature, del concepto Moods, en porcelana y de color terracota, es utilizada para presentar e degustar los pratos.","breadcrumb":{"@id":"https:\/\/pro.costa-verde.com\/produto\/colher-12x5cm-2\/#breadcrumb"},"inLanguage":"es","potentialAction":[{"@type":"ReadAction","target":["https:\/\/pro.costa-verde.com\/produto\/colher-12x5cm-2\/"]}]},{"@type":"ImageObject","inLanguage":"es","@id":"https:\/\/pro.costa-verde.com\/produto\/colher-12x5cm-2\/#primaryimage","url":"https:\/\/pro.costa-verde.com\/wp-content\/uploads\/2021\/06\/Colher-12X5cm-Mature.jpg","contentUrl":"https:\/\/pro.costa-verde.com\/wp-content\/uploads\/2021\/06\/Colher-12X5cm-Mature.jpg","width":1920,"height":1234,"caption":"Cuchara 12X5cm Mature"},{"@type":"BreadcrumbList","@id":"https:\/\/pro.costa-verde.com\/produto\/colher-12x5cm-2\/#breadcrumb","itemListElement":[{"@type":"ListItem","position":1,"name":"In\u00edcio","item":"https:\/\/pro.costa-verde.com\/es\/"},{"@type":"ListItem","position":2,"name":"Loja online","item":"https:\/\/pro.costa-verde.com\/loja-online\/"},{"@type":"ListItem","position":3,"name":"Cuchara 12X5cm"}]},{"@type":"WebSite","@id":"https:\/\/pro.costa-verde.com\/#website","url":"https:\/\/pro.costa-verde.com\/","name":"Costa Verde","description":"Loja Online","potentialAction":[{"@type":"SearchAction","target":{"@type":"EntryPoint","urlTemplate":"https:\/\/pro.costa-verde.com\/?s={search_term_string}"},"query-input":{"@type":"PropertyValueSpecification","valueRequired":true,"valueName":"search_term_string"}}],"inLanguage":"es"}]}},"_links":{"self":[{"href":"https:\/\/pro.costa-verde.com\/es\/wp-json\/wp\/v2\/product\/24309","targetHints":{"allow":["GET"]}}],"collection":[{"href":"https:\/\/pro.costa-verde.com\/es\/wp-json\/wp\/v2\/product"}],"about":[{"href":"https:\/\/pro.costa-verde.com\/es\/wp-json\/wp\/v2\/types\/product"}],"replies":[{"embeddable":true,"href":"https:\/\/pro.costa-verde.com\/es\/wp-json\/wp\/v2\/comments?post=24309"}],"version-history":[{"count":1,"href":"https:\/\/pro.costa-verde.com\/es\/wp-json\/wp\/v2\/product\/24309\/revisions"}],"predecessor-version":[{"id":28320,"href":"https:\/\/pro.costa-verde.com\/es\/wp-json\/wp\/v2\/product\/24309\/revisions\/28320"}],"wp:featuredmedia":[{"embeddable":true,"href":"https:\/\/pro.costa-verde.com\/es\/wp-json\/wp\/v2\/media\/28831"}],"wp:attachment":[{"href":"https:\/\/pro.costa-verde.com\/es\/wp-json\/wp\/v2\/media?parent=24309"}],"wp:term":[{"taxonomy":"product_brand","embeddable":true,"href":"https:\/\/pro.costa-verde.com\/es\/wp-json\/wp\/v2\/product_brand?post=24309"},{"taxonomy":"product_cat","embeddable":true,"href":"https:\/\/pro.costa-verde.com\/es\/wp-json\/wp\/v2\/product_cat?post=24309"},{"taxonomy":"product_tag","embeddable":true,"href":"https:\/\/pro.costa-verde.com\/es\/wp-json\/wp\/v2\/product_tag?post=24309"}],"curies":[{"name":"wp","href":"https:\/\/api.w.org\/{rel}","templated":true}]}}