{"id":23818,"date":"2021-04-06T14:04:15","date_gmt":"2021-04-06T14:04:15","guid":{"rendered":"https:\/\/pro.costa-verde.com\/?post_type=product&#038;p=23818"},"modified":"2021-12-30T16:11:53","modified_gmt":"2021-12-30T16:11:53","slug":"bol-10-h6cm-2","status":"publish","type":"product","link":"https:\/\/pro.costa-verde.com\/es\/produto\/bol-10-h6cm-2\/","title":{"rendered":"Bol 10 h6cm"},"content":{"rendered":"<p>Joyful<br \/>\nLa pureza de la elegancia en azul<br \/>\nJoyful representa la alegr\u00eda y al mismo tiempo la tranquilidad, la serenidad, la armon\u00eda y la espiritualidad que s\u00f3lo una colecci\u00f3n de tonos azules puede transmitir, en una perspectiva contempor\u00e1nea de esmaltados reactivos en porcelana.<br \/>\nEn una celebraci\u00f3n de la historia creativa de la cer\u00e1mica, en general, y de la porcelana, en particular, Joyful es un resultado m\u00e1s del amplio trabajo realizado por los t\u00e9cnicos de Costa Verde, en coordinaci\u00f3n con las \u00faltimas tendencias del mercado, que encarnan as\u00ed el cambio asociado a elementos naturales como el agua, el cielo iluminado y el infinito.<br \/>\nDesarrollado en la renombrada colecci\u00f3n Nordika, Joyful asocia as\u00ed la reinterpretaci\u00f3n del azul claro con la pureza de las l\u00edneas de la colecci\u00f3n Nordika, que le proporcionar\u00e1 soluciones ideales de emplatado, con personalidad y sutileza.<\/p>\n<p>&nbsp;<\/p>\n","protected":false},"excerpt":{"rendered":"<p>Joyful La pureza de la elegancia en azul Joyful representa la alegr\u00eda y al mismo tiempo la tranquilidad, la serenidad, la armon\u00eda y la espiritualidad que s\u00f3lo una colecci\u00f3n de tonos azules puede transmitir, en una perspectiva contempor\u00e1nea de esmaltados reactivos en porcelana. En una celebraci\u00f3n de la historia creativa de la cer\u00e1mica, en general, [&hellip;]<\/p>\n","protected":false},"featured_media":47585,"comment_status":"open","ping_status":"closed","template":"","meta":[],"product_brand":[],"product_cat":[1364],"product_tag":[],"class_list":{"0":"post-23818","1":"product","2":"type-product","3":"status-publish","4":"has-post-thumbnail","6":"product_cat-bols-es-2","7":"pa_colecao-joyful-es","9":"first","10":"instock","11":"taxable","12":"shipping-taxable","13":"purchasable","14":"product-type-simple"},"yoast_head":"<!-- This site is optimized with the Yoast SEO plugin v26.9 - https:\/\/yoast.com\/product\/yoast-seo-wordpress\/ -->\n<title>Bol 10 h6cm - Costa Verde<\/title>\n<meta name=\"robots\" content=\"index, follow, max-snippet:-1, max-image-preview:large, max-video-preview:-1\" \/>\n<link rel=\"canonical\" href=\"https:\/\/pro.costa-verde.com\/produto\/taca-10-h6cm-3\/\" \/>\n<meta property=\"og:locale\" content=\"es_ES\" \/>\n<meta property=\"og:type\" content=\"article\" \/>\n<meta property=\"og:title\" content=\"Bol 10 h6cm - Costa Verde\" \/>\n<meta property=\"og:description\" content=\"Joyful La pureza de la elegancia en azul Joyful representa la alegr\u00eda y al mismo tiempo la tranquilidad, la serenidad, la armon\u00eda y la espiritualidad que s\u00f3lo una colecci\u00f3n de tonos azules puede transmitir, en una perspectiva contempor\u00e1nea de esmaltados reactivos en porcelana. En una celebraci\u00f3n de la historia creativa de la cer\u00e1mica, en general, [&hellip;]\" \/>\n<meta property=\"og:url\" content=\"https:\/\/pro.costa-verde.com\/produto\/taca-10-h6cm-3\/\" \/>\n<meta property=\"og:site_name\" content=\"Costa Verde\" \/>\n<meta property=\"article:publisher\" content=\"https:\/\/www.facebook.com\/costaverdeporcelanas\/\" \/>\n<meta property=\"article:modified_time\" content=\"2021-12-30T16:11:53+00:00\" \/>\n<meta property=\"og:image\" content=\"https:\/\/pro.costa-verde.com\/wp-content\/uploads\/2022\/05\/056101604194-Taca-10-h6cm.jpg\" \/>\n\t<meta property=\"og:image:width\" content=\"1920\" \/>\n\t<meta property=\"og:image:height\" content=\"1234\" \/>\n\t<meta property=\"og:image:type\" content=\"image\/jpeg\" \/>\n<meta name=\"twitter:card\" content=\"summary_large_image\" \/>\n<meta name=\"twitter:label1\" content=\"Tiempo de lectura\" \/>\n\t<meta name=\"twitter:data1\" content=\"1 minuto\" \/>\n<script type=\"application\/ld+json\" class=\"yoast-schema-graph\">{\"@context\":\"https:\/\/schema.org\",\"@graph\":[{\"@type\":\"WebPage\",\"@id\":\"https:\/\/pro.costa-verde.com\/produto\/taca-10-h6cm-3\/\",\"url\":\"https:\/\/pro.costa-verde.com\/produto\/taca-10-h6cm-3\/\",\"name\":\"Bol 10 h6cm - Costa Verde\",\"isPartOf\":{\"@id\":\"https:\/\/pro.costa-verde.com\/#website\"},\"primaryImageOfPage\":{\"@id\":\"https:\/\/pro.costa-verde.com\/produto\/taca-10-h6cm-3\/#primaryimage\"},\"image\":{\"@id\":\"https:\/\/pro.costa-verde.com\/produto\/taca-10-h6cm-3\/#primaryimage\"},\"thumbnailUrl\":\"https:\/\/pro.costa-verde.com\/wp-content\/uploads\/2022\/05\/056101604194-Taca-10-h6cm.jpg\",\"datePublished\":\"2021-04-06T14:04:15+00:00\",\"dateModified\":\"2021-12-30T16:11:53+00:00\",\"breadcrumb\":{\"@id\":\"https:\/\/pro.costa-verde.com\/produto\/taca-10-h6cm-3\/#breadcrumb\"},\"inLanguage\":\"es\",\"potentialAction\":[{\"@type\":\"ReadAction\",\"target\":[\"https:\/\/pro.costa-verde.com\/produto\/taca-10-h6cm-3\/\"]}]},{\"@type\":\"ImageObject\",\"inLanguage\":\"es\",\"@id\":\"https:\/\/pro.costa-verde.com\/produto\/taca-10-h6cm-3\/#primaryimage\",\"url\":\"https:\/\/pro.costa-verde.com\/wp-content\/uploads\/2022\/05\/056101604194-Taca-10-h6cm.jpg\",\"contentUrl\":\"https:\/\/pro.costa-verde.com\/wp-content\/uploads\/2022\/05\/056101604194-Taca-10-h6cm.jpg\",\"width\":1920,\"height\":1234,\"caption\":\"Ta\u00e7a 10 h6cm - Joyful\"},{\"@type\":\"BreadcrumbList\",\"@id\":\"https:\/\/pro.costa-verde.com\/produto\/taca-10-h6cm-3\/#breadcrumb\",\"itemListElement\":[{\"@type\":\"ListItem\",\"position\":1,\"name\":\"In\u00edcio\",\"item\":\"https:\/\/pro.costa-verde.com\/es\/\"},{\"@type\":\"ListItem\",\"position\":2,\"name\":\"Loja online\",\"item\":\"https:\/\/pro.costa-verde.com\/loja-online\/\"},{\"@type\":\"ListItem\",\"position\":3,\"name\":\"Bol 10 h6cm\"}]},{\"@type\":\"WebSite\",\"@id\":\"https:\/\/pro.costa-verde.com\/#website\",\"url\":\"https:\/\/pro.costa-verde.com\/\",\"name\":\"Costa Verde\",\"description\":\"Loja Online\",\"potentialAction\":[{\"@type\":\"SearchAction\",\"target\":{\"@type\":\"EntryPoint\",\"urlTemplate\":\"https:\/\/pro.costa-verde.com\/?s={search_term_string}\"},\"query-input\":{\"@type\":\"PropertyValueSpecification\",\"valueRequired\":true,\"valueName\":\"search_term_string\"}}],\"inLanguage\":\"es\"}]}<\/script>\n<!-- \/ Yoast SEO plugin. -->","yoast_head_json":{"title":"Bol 10 h6cm - Costa Verde","robots":{"index":"index","follow":"follow","max-snippet":"max-snippet:-1","max-image-preview":"max-image-preview:large","max-video-preview":"max-video-preview:-1"},"canonical":"https:\/\/pro.costa-verde.com\/produto\/taca-10-h6cm-3\/","og_locale":"es_ES","og_type":"article","og_title":"Bol 10 h6cm - Costa Verde","og_description":"Joyful La pureza de la elegancia en azul Joyful representa la alegr\u00eda y al mismo tiempo la tranquilidad, la serenidad, la armon\u00eda y la espiritualidad que s\u00f3lo una colecci\u00f3n de tonos azules puede transmitir, en una perspectiva contempor\u00e1nea de esmaltados reactivos en porcelana. En una celebraci\u00f3n de la historia creativa de la cer\u00e1mica, en general, [&hellip;]","og_url":"https:\/\/pro.costa-verde.com\/produto\/taca-10-h6cm-3\/","og_site_name":"Costa Verde","article_publisher":"https:\/\/www.facebook.com\/costaverdeporcelanas\/","article_modified_time":"2021-12-30T16:11:53+00:00","og_image":[{"width":1920,"height":1234,"url":"https:\/\/pro.costa-verde.com\/wp-content\/uploads\/2022\/05\/056101604194-Taca-10-h6cm.jpg","type":"image\/jpeg"}],"twitter_card":"summary_large_image","twitter_misc":{"Tiempo de lectura":"1 minuto"},"schema":{"@context":"https:\/\/schema.org","@graph":[{"@type":"WebPage","@id":"https:\/\/pro.costa-verde.com\/produto\/taca-10-h6cm-3\/","url":"https:\/\/pro.costa-verde.com\/produto\/taca-10-h6cm-3\/","name":"Bol 10 h6cm - Costa Verde","isPartOf":{"@id":"https:\/\/pro.costa-verde.com\/#website"},"primaryImageOfPage":{"@id":"https:\/\/pro.costa-verde.com\/produto\/taca-10-h6cm-3\/#primaryimage"},"image":{"@id":"https:\/\/pro.costa-verde.com\/produto\/taca-10-h6cm-3\/#primaryimage"},"thumbnailUrl":"https:\/\/pro.costa-verde.com\/wp-content\/uploads\/2022\/05\/056101604194-Taca-10-h6cm.jpg","datePublished":"2021-04-06T14:04:15+00:00","dateModified":"2021-12-30T16:11:53+00:00","breadcrumb":{"@id":"https:\/\/pro.costa-verde.com\/produto\/taca-10-h6cm-3\/#breadcrumb"},"inLanguage":"es","potentialAction":[{"@type":"ReadAction","target":["https:\/\/pro.costa-verde.com\/produto\/taca-10-h6cm-3\/"]}]},{"@type":"ImageObject","inLanguage":"es","@id":"https:\/\/pro.costa-verde.com\/produto\/taca-10-h6cm-3\/#primaryimage","url":"https:\/\/pro.costa-verde.com\/wp-content\/uploads\/2022\/05\/056101604194-Taca-10-h6cm.jpg","contentUrl":"https:\/\/pro.costa-verde.com\/wp-content\/uploads\/2022\/05\/056101604194-Taca-10-h6cm.jpg","width":1920,"height":1234,"caption":"Ta\u00e7a 10 h6cm - Joyful"},{"@type":"BreadcrumbList","@id":"https:\/\/pro.costa-verde.com\/produto\/taca-10-h6cm-3\/#breadcrumb","itemListElement":[{"@type":"ListItem","position":1,"name":"In\u00edcio","item":"https:\/\/pro.costa-verde.com\/es\/"},{"@type":"ListItem","position":2,"name":"Loja online","item":"https:\/\/pro.costa-verde.com\/loja-online\/"},{"@type":"ListItem","position":3,"name":"Bol 10 h6cm"}]},{"@type":"WebSite","@id":"https:\/\/pro.costa-verde.com\/#website","url":"https:\/\/pro.costa-verde.com\/","name":"Costa Verde","description":"Loja Online","potentialAction":[{"@type":"SearchAction","target":{"@type":"EntryPoint","urlTemplate":"https:\/\/pro.costa-verde.com\/?s={search_term_string}"},"query-input":{"@type":"PropertyValueSpecification","valueRequired":true,"valueName":"search_term_string"}}],"inLanguage":"es"}]}},"_links":{"self":[{"href":"https:\/\/pro.costa-verde.com\/es\/wp-json\/wp\/v2\/product\/23818","targetHints":{"allow":["GET"]}}],"collection":[{"href":"https:\/\/pro.costa-verde.com\/es\/wp-json\/wp\/v2\/product"}],"about":[{"href":"https:\/\/pro.costa-verde.com\/es\/wp-json\/wp\/v2\/types\/product"}],"replies":[{"embeddable":true,"href":"https:\/\/pro.costa-verde.com\/es\/wp-json\/wp\/v2\/comments?post=23818"}],"version-history":[{"count":1,"href":"https:\/\/pro.costa-verde.com\/es\/wp-json\/wp\/v2\/product\/23818\/revisions"}],"predecessor-version":[{"id":24142,"href":"https:\/\/pro.costa-verde.com\/es\/wp-json\/wp\/v2\/product\/23818\/revisions\/24142"}],"wp:featuredmedia":[{"embeddable":true,"href":"https:\/\/pro.costa-verde.com\/es\/wp-json\/wp\/v2\/media\/47585"}],"wp:attachment":[{"href":"https:\/\/pro.costa-verde.com\/es\/wp-json\/wp\/v2\/media?parent=23818"}],"wp:term":[{"taxonomy":"product_brand","embeddable":true,"href":"https:\/\/pro.costa-verde.com\/es\/wp-json\/wp\/v2\/product_brand?post=23818"},{"taxonomy":"product_cat","embeddable":true,"href":"https:\/\/pro.costa-verde.com\/es\/wp-json\/wp\/v2\/product_cat?post=23818"},{"taxonomy":"product_tag","embeddable":true,"href":"https:\/\/pro.costa-verde.com\/es\/wp-json\/wp\/v2\/product_tag?post=23818"}],"curies":[{"name":"wp","href":"https:\/\/api.w.org\/{rel}","templated":true}]}}