{"id":20107,"date":"2020-11-12T18:11:02","date_gmt":"2020-11-12T18:11:02","guid":{"rendered":"https:\/\/pro.costa-verde.com\/produto\/oveiro-h4cm-stk\/"},"modified":"2021-12-30T16:48:08","modified_gmt":"2021-12-30T16:48:08","slug":"oveiro-h4cm-stk","status":"publish","type":"product","link":"https:\/\/pro.costa-verde.com\/es\/produto\/oveiro-h4cm-stk\/","title":{"rendered":"Oveiro h4cm Stk"},"content":{"rendered":"<table width=\"357\">\n<tbody>\n<tr>\n<td width=\"357\">DUO<br \/>\nDos universos en uno.<br \/>\nLa Colecci\u00f3n Duo se present\u00f3 en 2003, teniendo en su g\u00e9nesis un refinado sentido de la adaptabilidad, fusionando en una sola propuesta valencias que se cre\u00edan separadas. Dise\u00f1ada por Studio Levien, la Colecci\u00f3n Duo se ha convertido en un cl\u00e1sico del world casual dinning , tanto en el \u00e1mbito dom\u00e9stico como en el m\u00e1s exigente de los universos profesionales. La elegancia y adaptabilidad de las m\u00e1s de 70 piezas que componen la Colecci\u00f3n Duo, la posibilidad de elegir entre la forma redonda, ovalada o cuadrada de los platos, entre piezas apilables y no apilables, complementadas con piezas de horno o de buffet, hacen de la Colecci\u00f3n Duo una elecci\u00f3n para quienes un sentido funcional vive acompa\u00f1ado de un sentido est\u00e9tico.<\/td>\n<\/tr>\n<\/tbody>\n<\/table>\n","protected":false},"excerpt":{"rendered":"<p>DUO Dos universos en uno. La Colecci\u00f3n Duo se present\u00f3 en 2003, teniendo en su g\u00e9nesis un refinado sentido de la adaptabilidad, fusionando en una sola propuesta valencias que se cre\u00edan separadas. Dise\u00f1ada por Studio Levien, la Colecci\u00f3n Duo se ha convertido en un cl\u00e1sico del world casual dinning , tanto en el \u00e1mbito dom\u00e9stico [&hellip;]<\/p>\n","protected":false},"featured_media":27125,"comment_status":"open","ping_status":"closed","template":"","meta":[],"product_brand":[],"product_cat":[1308],"product_tag":[],"class_list":{"0":"post-20107","1":"product","2":"type-product","3":"status-publish","4":"has-post-thumbnail","6":"product_cat-hueveras","7":"pa_colecao-duo-es","9":"first","10":"instock","11":"taxable","12":"shipping-taxable","13":"purchasable","14":"product-type-simple"},"yoast_head":"<!-- This site is optimized with the Yoast SEO plugin v26.9 - https:\/\/yoast.com\/product\/yoast-seo-wordpress\/ -->\n<title>Oveiro h4cm Stk - Costa Verde<\/title>\n<meta name=\"robots\" content=\"index, follow, max-snippet:-1, max-image-preview:large, max-video-preview:-1\" \/>\n<link rel=\"canonical\" href=\"https:\/\/pro.costa-verde.com\/produto\/oveiro-h4cm-stk\/\" \/>\n<meta property=\"og:locale\" content=\"es_ES\" \/>\n<meta property=\"og:type\" content=\"article\" \/>\n<meta property=\"og:title\" content=\"Oveiro h4cm Stk - Costa Verde\" \/>\n<meta property=\"og:description\" content=\"DUO Dos universos en uno. La Colecci\u00f3n Duo se present\u00f3 en 2003, teniendo en su g\u00e9nesis un refinado sentido de la adaptabilidad, fusionando en una sola propuesta valencias que se cre\u00edan separadas. Dise\u00f1ada por Studio Levien, la Colecci\u00f3n Duo se ha convertido en un cl\u00e1sico del world casual dinning , tanto en el \u00e1mbito dom\u00e9stico [&hellip;]\" \/>\n<meta property=\"og:url\" content=\"https:\/\/pro.costa-verde.com\/produto\/oveiro-h4cm-stk\/\" \/>\n<meta property=\"og:site_name\" content=\"Costa Verde\" \/>\n<meta property=\"article:publisher\" content=\"https:\/\/www.facebook.com\/costaverdeporcelanas\/\" \/>\n<meta property=\"article:modified_time\" content=\"2021-12-30T16:48:08+00:00\" \/>\n<meta property=\"og:image\" content=\"https:\/\/pro.costa-verde.com\/wp-content\/uploads\/2020\/11\/010029100001-2.jpg\" \/>\n\t<meta property=\"og:image:width\" content=\"1920\" \/>\n\t<meta property=\"og:image:height\" content=\"1230\" \/>\n\t<meta property=\"og:image:type\" content=\"image\/jpeg\" \/>\n<meta name=\"twitter:card\" content=\"summary_large_image\" \/>\n<meta name=\"twitter:label1\" content=\"Tiempo de lectura\" \/>\n\t<meta name=\"twitter:data1\" content=\"1 minuto\" \/>\n<script type=\"application\/ld+json\" class=\"yoast-schema-graph\">{\"@context\":\"https:\/\/schema.org\",\"@graph\":[{\"@type\":\"WebPage\",\"@id\":\"https:\/\/pro.costa-verde.com\/produto\/oveiro-h4cm-stk\/\",\"url\":\"https:\/\/pro.costa-verde.com\/produto\/oveiro-h4cm-stk\/\",\"name\":\"Oveiro h4cm Stk - Costa Verde\",\"isPartOf\":{\"@id\":\"https:\/\/pro.costa-verde.com\/#website\"},\"primaryImageOfPage\":{\"@id\":\"https:\/\/pro.costa-verde.com\/produto\/oveiro-h4cm-stk\/#primaryimage\"},\"image\":{\"@id\":\"https:\/\/pro.costa-verde.com\/produto\/oveiro-h4cm-stk\/#primaryimage\"},\"thumbnailUrl\":\"https:\/\/pro.costa-verde.com\/wp-content\/uploads\/2020\/11\/010029100001-2.jpg\",\"datePublished\":\"2020-11-12T18:11:02+00:00\",\"dateModified\":\"2021-12-30T16:48:08+00:00\",\"breadcrumb\":{\"@id\":\"https:\/\/pro.costa-verde.com\/produto\/oveiro-h4cm-stk\/#breadcrumb\"},\"inLanguage\":\"es\",\"potentialAction\":[{\"@type\":\"ReadAction\",\"target\":[\"https:\/\/pro.costa-verde.com\/produto\/oveiro-h4cm-stk\/\"]}]},{\"@type\":\"ImageObject\",\"inLanguage\":\"es\",\"@id\":\"https:\/\/pro.costa-verde.com\/produto\/oveiro-h4cm-stk\/#primaryimage\",\"url\":\"https:\/\/pro.costa-verde.com\/wp-content\/uploads\/2020\/11\/010029100001-2.jpg\",\"contentUrl\":\"https:\/\/pro.costa-verde.com\/wp-content\/uploads\/2020\/11\/010029100001-2.jpg\",\"width\":1920,\"height\":1230,\"caption\":\"Duo Oveiro h4cm Stk\"},{\"@type\":\"BreadcrumbList\",\"@id\":\"https:\/\/pro.costa-verde.com\/produto\/oveiro-h4cm-stk\/#breadcrumb\",\"itemListElement\":[{\"@type\":\"ListItem\",\"position\":1,\"name\":\"In\u00edcio\",\"item\":\"https:\/\/pro.costa-verde.com\/es\/\"},{\"@type\":\"ListItem\",\"position\":2,\"name\":\"Loja online\",\"item\":\"https:\/\/pro.costa-verde.com\/loja-online\/\"},{\"@type\":\"ListItem\",\"position\":3,\"name\":\"Oveiro h4cm Stk\"}]},{\"@type\":\"WebSite\",\"@id\":\"https:\/\/pro.costa-verde.com\/#website\",\"url\":\"https:\/\/pro.costa-verde.com\/\",\"name\":\"Costa Verde\",\"description\":\"Loja Online\",\"potentialAction\":[{\"@type\":\"SearchAction\",\"target\":{\"@type\":\"EntryPoint\",\"urlTemplate\":\"https:\/\/pro.costa-verde.com\/?s={search_term_string}\"},\"query-input\":{\"@type\":\"PropertyValueSpecification\",\"valueRequired\":true,\"valueName\":\"search_term_string\"}}],\"inLanguage\":\"es\"}]}<\/script>\n<!-- \/ Yoast SEO plugin. -->","yoast_head_json":{"title":"Oveiro h4cm Stk - Costa Verde","robots":{"index":"index","follow":"follow","max-snippet":"max-snippet:-1","max-image-preview":"max-image-preview:large","max-video-preview":"max-video-preview:-1"},"canonical":"https:\/\/pro.costa-verde.com\/produto\/oveiro-h4cm-stk\/","og_locale":"es_ES","og_type":"article","og_title":"Oveiro h4cm Stk - Costa Verde","og_description":"DUO Dos universos en uno. La Colecci\u00f3n Duo se present\u00f3 en 2003, teniendo en su g\u00e9nesis un refinado sentido de la adaptabilidad, fusionando en una sola propuesta valencias que se cre\u00edan separadas. Dise\u00f1ada por Studio Levien, la Colecci\u00f3n Duo se ha convertido en un cl\u00e1sico del world casual dinning , tanto en el \u00e1mbito dom\u00e9stico [&hellip;]","og_url":"https:\/\/pro.costa-verde.com\/produto\/oveiro-h4cm-stk\/","og_site_name":"Costa Verde","article_publisher":"https:\/\/www.facebook.com\/costaverdeporcelanas\/","article_modified_time":"2021-12-30T16:48:08+00:00","og_image":[{"width":1920,"height":1230,"url":"https:\/\/pro.costa-verde.com\/wp-content\/uploads\/2020\/11\/010029100001-2.jpg","type":"image\/jpeg"}],"twitter_card":"summary_large_image","twitter_misc":{"Tiempo de lectura":"1 minuto"},"schema":{"@context":"https:\/\/schema.org","@graph":[{"@type":"WebPage","@id":"https:\/\/pro.costa-verde.com\/produto\/oveiro-h4cm-stk\/","url":"https:\/\/pro.costa-verde.com\/produto\/oveiro-h4cm-stk\/","name":"Oveiro h4cm Stk - Costa Verde","isPartOf":{"@id":"https:\/\/pro.costa-verde.com\/#website"},"primaryImageOfPage":{"@id":"https:\/\/pro.costa-verde.com\/produto\/oveiro-h4cm-stk\/#primaryimage"},"image":{"@id":"https:\/\/pro.costa-verde.com\/produto\/oveiro-h4cm-stk\/#primaryimage"},"thumbnailUrl":"https:\/\/pro.costa-verde.com\/wp-content\/uploads\/2020\/11\/010029100001-2.jpg","datePublished":"2020-11-12T18:11:02+00:00","dateModified":"2021-12-30T16:48:08+00:00","breadcrumb":{"@id":"https:\/\/pro.costa-verde.com\/produto\/oveiro-h4cm-stk\/#breadcrumb"},"inLanguage":"es","potentialAction":[{"@type":"ReadAction","target":["https:\/\/pro.costa-verde.com\/produto\/oveiro-h4cm-stk\/"]}]},{"@type":"ImageObject","inLanguage":"es","@id":"https:\/\/pro.costa-verde.com\/produto\/oveiro-h4cm-stk\/#primaryimage","url":"https:\/\/pro.costa-verde.com\/wp-content\/uploads\/2020\/11\/010029100001-2.jpg","contentUrl":"https:\/\/pro.costa-verde.com\/wp-content\/uploads\/2020\/11\/010029100001-2.jpg","width":1920,"height":1230,"caption":"Duo Oveiro h4cm Stk"},{"@type":"BreadcrumbList","@id":"https:\/\/pro.costa-verde.com\/produto\/oveiro-h4cm-stk\/#breadcrumb","itemListElement":[{"@type":"ListItem","position":1,"name":"In\u00edcio","item":"https:\/\/pro.costa-verde.com\/es\/"},{"@type":"ListItem","position":2,"name":"Loja online","item":"https:\/\/pro.costa-verde.com\/loja-online\/"},{"@type":"ListItem","position":3,"name":"Oveiro h4cm Stk"}]},{"@type":"WebSite","@id":"https:\/\/pro.costa-verde.com\/#website","url":"https:\/\/pro.costa-verde.com\/","name":"Costa Verde","description":"Loja Online","potentialAction":[{"@type":"SearchAction","target":{"@type":"EntryPoint","urlTemplate":"https:\/\/pro.costa-verde.com\/?s={search_term_string}"},"query-input":{"@type":"PropertyValueSpecification","valueRequired":true,"valueName":"search_term_string"}}],"inLanguage":"es"}]}},"_links":{"self":[{"href":"https:\/\/pro.costa-verde.com\/es\/wp-json\/wp\/v2\/product\/20107","targetHints":{"allow":["GET"]}}],"collection":[{"href":"https:\/\/pro.costa-verde.com\/es\/wp-json\/wp\/v2\/product"}],"about":[{"href":"https:\/\/pro.costa-verde.com\/es\/wp-json\/wp\/v2\/types\/product"}],"replies":[{"embeddable":true,"href":"https:\/\/pro.costa-verde.com\/es\/wp-json\/wp\/v2\/comments?post=20107"}],"version-history":[{"count":1,"href":"https:\/\/pro.costa-verde.com\/es\/wp-json\/wp\/v2\/product\/20107\/revisions"}],"predecessor-version":[{"id":40369,"href":"https:\/\/pro.costa-verde.com\/es\/wp-json\/wp\/v2\/product\/20107\/revisions\/40369"}],"wp:featuredmedia":[{"embeddable":true,"href":"https:\/\/pro.costa-verde.com\/es\/wp-json\/wp\/v2\/media\/27125"}],"wp:attachment":[{"href":"https:\/\/pro.costa-verde.com\/es\/wp-json\/wp\/v2\/media?parent=20107"}],"wp:term":[{"taxonomy":"product_brand","embeddable":true,"href":"https:\/\/pro.costa-verde.com\/es\/wp-json\/wp\/v2\/product_brand?post=20107"},{"taxonomy":"product_cat","embeddable":true,"href":"https:\/\/pro.costa-verde.com\/es\/wp-json\/wp\/v2\/product_cat?post=20107"},{"taxonomy":"product_tag","embeddable":true,"href":"https:\/\/pro.costa-verde.com\/es\/wp-json\/wp\/v2\/product_tag?post=20107"}],"curies":[{"name":"wp","href":"https:\/\/api.w.org\/{rel}","templated":true}]}}