{"id":20024,"date":"2020-11-13T16:58:12","date_gmt":"2020-11-13T16:58:12","guid":{"rendered":"https:\/\/pro.costa-verde.com\/produto\/bol-6x5cm\/"},"modified":"2021-12-30T16:45:40","modified_gmt":"2021-12-30T16:45:40","slug":"bol-6x5cm","status":"publish","type":"product","link":"https:\/\/pro.costa-verde.com\/es\/produto\/bol-6x5cm\/","title":{"rendered":"Bol 6x5cm"},"content":{"rendered":"<table width=\"234\">\n<tbody>\n<tr>\n<td width=\"234\">ISOLA<br \/>\nUn mundo unido por la diferencia.<br \/>\nOrg\u00e1nica y elegante, la colecci\u00f3n Isola fue desarrollada para ser una suma consistente de influencias globales. Una colecci\u00f3n de significado contempor\u00e1neo, que se destaca cuando se utiliza en forma exclusiva o complementaria a otras colecciones, es una invitaci\u00f3n a la creatividad de los equipos, desde el emparejamiento de las piezas hasta su emplatado. Una colecci\u00f3n cuya diversidad la hace particularmente vers\u00e1til para satisfacer las demandas de la cocina global. Desde los men\u00fas de degustaci\u00f3n donde se expone el arte de la cocina, hasta la delicadeza est\u00e9tica de un sushi, un sashimi o una tempura, desde un satay hasta las tapas m\u00e1s informales, la colecci\u00f3n Isola le da a cada creador local el estatus de ciudadano del mundo.<\/td>\n<\/tr>\n<\/tbody>\n<\/table>\n","protected":false},"excerpt":{"rendered":"<p>ISOLA Un mundo unido por la diferencia. Org\u00e1nica y elegante, la colecci\u00f3n Isola fue desarrollada para ser una suma consistente de influencias globales. Una colecci\u00f3n de significado contempor\u00e1neo, que se destaca cuando se utiliza en forma exclusiva o complementaria a otras colecciones, es una invitaci\u00f3n a la creatividad de los equipos, desde el emparejamiento de [&hellip;]<\/p>\n","protected":false},"featured_media":33320,"comment_status":"open","ping_status":"closed","template":"","meta":[],"product_brand":[],"product_cat":[1364],"product_tag":[],"class_list":{"0":"post-20024","1":"product","2":"type-product","3":"status-publish","4":"has-post-thumbnail","6":"product_cat-bols-es-2","7":"pa_colecao-isola-es","9":"first","10":"instock","11":"taxable","12":"shipping-taxable","13":"purchasable","14":"product-type-simple"},"yoast_head":"<!-- This site is optimized with the Yoast SEO plugin v26.9 - https:\/\/yoast.com\/product\/yoast-seo-wordpress\/ -->\n<title>Bol 6x5cm - Costa Verde<\/title>\n<meta name=\"robots\" content=\"index, follow, max-snippet:-1, max-image-preview:large, max-video-preview:-1\" \/>\n<link rel=\"canonical\" href=\"https:\/\/pro.costa-verde.com\/produto\/taca-6x5cm\/\" \/>\n<meta property=\"og:locale\" content=\"es_ES\" \/>\n<meta property=\"og:type\" content=\"article\" \/>\n<meta property=\"og:title\" content=\"Bol 6x5cm - Costa Verde\" \/>\n<meta property=\"og:description\" content=\"ISOLA Un mundo unido por la diferencia. Org\u00e1nica y elegante, la colecci\u00f3n Isola fue desarrollada para ser una suma consistente de influencias globales. Una colecci\u00f3n de significado contempor\u00e1neo, que se destaca cuando se utiliza en forma exclusiva o complementaria a otras colecciones, es una invitaci\u00f3n a la creatividad de los equipos, desde el emparejamiento de [&hellip;]\" \/>\n<meta property=\"og:url\" content=\"https:\/\/pro.costa-verde.com\/produto\/taca-6x5cm\/\" \/>\n<meta property=\"og:site_name\" content=\"Costa Verde\" \/>\n<meta property=\"article:publisher\" content=\"https:\/\/www.facebook.com\/costaverdeporcelanas\/\" \/>\n<meta property=\"article:modified_time\" content=\"2021-12-30T16:45:40+00:00\" \/>\n<meta property=\"og:image\" content=\"https:\/\/pro.costa-verde.com\/wp-content\/uploads\/2021\/07\/TACA-6X5CM-ISOLA.jpg\" \/>\n\t<meta property=\"og:image:width\" content=\"1920\" \/>\n\t<meta property=\"og:image:height\" content=\"1230\" \/>\n\t<meta property=\"og:image:type\" content=\"image\/jpeg\" \/>\n<meta name=\"twitter:card\" content=\"summary_large_image\" \/>\n<meta name=\"twitter:label1\" content=\"Tiempo de lectura\" \/>\n\t<meta name=\"twitter:data1\" content=\"1 minuto\" \/>\n<script type=\"application\/ld+json\" class=\"yoast-schema-graph\">{\"@context\":\"https:\/\/schema.org\",\"@graph\":[{\"@type\":\"WebPage\",\"@id\":\"https:\/\/pro.costa-verde.com\/produto\/taca-6x5cm\/\",\"url\":\"https:\/\/pro.costa-verde.com\/produto\/taca-6x5cm\/\",\"name\":\"Bol 6x5cm - Costa Verde\",\"isPartOf\":{\"@id\":\"https:\/\/pro.costa-verde.com\/#website\"},\"primaryImageOfPage\":{\"@id\":\"https:\/\/pro.costa-verde.com\/produto\/taca-6x5cm\/#primaryimage\"},\"image\":{\"@id\":\"https:\/\/pro.costa-verde.com\/produto\/taca-6x5cm\/#primaryimage\"},\"thumbnailUrl\":\"https:\/\/pro.costa-verde.com\/wp-content\/uploads\/2021\/07\/TACA-6X5CM-ISOLA.jpg\",\"datePublished\":\"2020-11-13T16:58:12+00:00\",\"dateModified\":\"2021-12-30T16:45:40+00:00\",\"breadcrumb\":{\"@id\":\"https:\/\/pro.costa-verde.com\/produto\/taca-6x5cm\/#breadcrumb\"},\"inLanguage\":\"es\",\"potentialAction\":[{\"@type\":\"ReadAction\",\"target\":[\"https:\/\/pro.costa-verde.com\/produto\/taca-6x5cm\/\"]}]},{\"@type\":\"ImageObject\",\"inLanguage\":\"es\",\"@id\":\"https:\/\/pro.costa-verde.com\/produto\/taca-6x5cm\/#primaryimage\",\"url\":\"https:\/\/pro.costa-verde.com\/wp-content\/uploads\/2021\/07\/TACA-6X5CM-ISOLA.jpg\",\"contentUrl\":\"https:\/\/pro.costa-verde.com\/wp-content\/uploads\/2021\/07\/TACA-6X5CM-ISOLA.jpg\",\"width\":1920,\"height\":1230,\"caption\":\"Bol 6x5cm ISOLA\"},{\"@type\":\"BreadcrumbList\",\"@id\":\"https:\/\/pro.costa-verde.com\/produto\/taca-6x5cm\/#breadcrumb\",\"itemListElement\":[{\"@type\":\"ListItem\",\"position\":1,\"name\":\"In\u00edcio\",\"item\":\"https:\/\/pro.costa-verde.com\/es\/\"},{\"@type\":\"ListItem\",\"position\":2,\"name\":\"Loja online\",\"item\":\"https:\/\/pro.costa-verde.com\/loja-online\/\"},{\"@type\":\"ListItem\",\"position\":3,\"name\":\"Bol 6x5cm\"}]},{\"@type\":\"WebSite\",\"@id\":\"https:\/\/pro.costa-verde.com\/#website\",\"url\":\"https:\/\/pro.costa-verde.com\/\",\"name\":\"Costa Verde\",\"description\":\"Loja Online\",\"potentialAction\":[{\"@type\":\"SearchAction\",\"target\":{\"@type\":\"EntryPoint\",\"urlTemplate\":\"https:\/\/pro.costa-verde.com\/?s={search_term_string}\"},\"query-input\":{\"@type\":\"PropertyValueSpecification\",\"valueRequired\":true,\"valueName\":\"search_term_string\"}}],\"inLanguage\":\"es\"}]}<\/script>\n<!-- \/ Yoast SEO plugin. -->","yoast_head_json":{"title":"Bol 6x5cm - Costa Verde","robots":{"index":"index","follow":"follow","max-snippet":"max-snippet:-1","max-image-preview":"max-image-preview:large","max-video-preview":"max-video-preview:-1"},"canonical":"https:\/\/pro.costa-verde.com\/produto\/taca-6x5cm\/","og_locale":"es_ES","og_type":"article","og_title":"Bol 6x5cm - Costa Verde","og_description":"ISOLA Un mundo unido por la diferencia. Org\u00e1nica y elegante, la colecci\u00f3n Isola fue desarrollada para ser una suma consistente de influencias globales. Una colecci\u00f3n de significado contempor\u00e1neo, que se destaca cuando se utiliza en forma exclusiva o complementaria a otras colecciones, es una invitaci\u00f3n a la creatividad de los equipos, desde el emparejamiento de [&hellip;]","og_url":"https:\/\/pro.costa-verde.com\/produto\/taca-6x5cm\/","og_site_name":"Costa Verde","article_publisher":"https:\/\/www.facebook.com\/costaverdeporcelanas\/","article_modified_time":"2021-12-30T16:45:40+00:00","og_image":[{"width":1920,"height":1230,"url":"https:\/\/pro.costa-verde.com\/wp-content\/uploads\/2021\/07\/TACA-6X5CM-ISOLA.jpg","type":"image\/jpeg"}],"twitter_card":"summary_large_image","twitter_misc":{"Tiempo de lectura":"1 minuto"},"schema":{"@context":"https:\/\/schema.org","@graph":[{"@type":"WebPage","@id":"https:\/\/pro.costa-verde.com\/produto\/taca-6x5cm\/","url":"https:\/\/pro.costa-verde.com\/produto\/taca-6x5cm\/","name":"Bol 6x5cm - Costa Verde","isPartOf":{"@id":"https:\/\/pro.costa-verde.com\/#website"},"primaryImageOfPage":{"@id":"https:\/\/pro.costa-verde.com\/produto\/taca-6x5cm\/#primaryimage"},"image":{"@id":"https:\/\/pro.costa-verde.com\/produto\/taca-6x5cm\/#primaryimage"},"thumbnailUrl":"https:\/\/pro.costa-verde.com\/wp-content\/uploads\/2021\/07\/TACA-6X5CM-ISOLA.jpg","datePublished":"2020-11-13T16:58:12+00:00","dateModified":"2021-12-30T16:45:40+00:00","breadcrumb":{"@id":"https:\/\/pro.costa-verde.com\/produto\/taca-6x5cm\/#breadcrumb"},"inLanguage":"es","potentialAction":[{"@type":"ReadAction","target":["https:\/\/pro.costa-verde.com\/produto\/taca-6x5cm\/"]}]},{"@type":"ImageObject","inLanguage":"es","@id":"https:\/\/pro.costa-verde.com\/produto\/taca-6x5cm\/#primaryimage","url":"https:\/\/pro.costa-verde.com\/wp-content\/uploads\/2021\/07\/TACA-6X5CM-ISOLA.jpg","contentUrl":"https:\/\/pro.costa-verde.com\/wp-content\/uploads\/2021\/07\/TACA-6X5CM-ISOLA.jpg","width":1920,"height":1230,"caption":"Bol 6x5cm ISOLA"},{"@type":"BreadcrumbList","@id":"https:\/\/pro.costa-verde.com\/produto\/taca-6x5cm\/#breadcrumb","itemListElement":[{"@type":"ListItem","position":1,"name":"In\u00edcio","item":"https:\/\/pro.costa-verde.com\/es\/"},{"@type":"ListItem","position":2,"name":"Loja online","item":"https:\/\/pro.costa-verde.com\/loja-online\/"},{"@type":"ListItem","position":3,"name":"Bol 6x5cm"}]},{"@type":"WebSite","@id":"https:\/\/pro.costa-verde.com\/#website","url":"https:\/\/pro.costa-verde.com\/","name":"Costa Verde","description":"Loja Online","potentialAction":[{"@type":"SearchAction","target":{"@type":"EntryPoint","urlTemplate":"https:\/\/pro.costa-verde.com\/?s={search_term_string}"},"query-input":{"@type":"PropertyValueSpecification","valueRequired":true,"valueName":"search_term_string"}}],"inLanguage":"es"}]}},"_links":{"self":[{"href":"https:\/\/pro.costa-verde.com\/es\/wp-json\/wp\/v2\/product\/20024","targetHints":{"allow":["GET"]}}],"collection":[{"href":"https:\/\/pro.costa-verde.com\/es\/wp-json\/wp\/v2\/product"}],"about":[{"href":"https:\/\/pro.costa-verde.com\/es\/wp-json\/wp\/v2\/types\/product"}],"replies":[{"embeddable":true,"href":"https:\/\/pro.costa-verde.com\/es\/wp-json\/wp\/v2\/comments?post=20024"}],"version-history":[{"count":1,"href":"https:\/\/pro.costa-verde.com\/es\/wp-json\/wp\/v2\/product\/20024\/revisions"}],"predecessor-version":[{"id":40291,"href":"https:\/\/pro.costa-verde.com\/es\/wp-json\/wp\/v2\/product\/20024\/revisions\/40291"}],"wp:featuredmedia":[{"embeddable":true,"href":"https:\/\/pro.costa-verde.com\/es\/wp-json\/wp\/v2\/media\/33320"}],"wp:attachment":[{"href":"https:\/\/pro.costa-verde.com\/es\/wp-json\/wp\/v2\/media?parent=20024"}],"wp:term":[{"taxonomy":"product_brand","embeddable":true,"href":"https:\/\/pro.costa-verde.com\/es\/wp-json\/wp\/v2\/product_brand?post=20024"},{"taxonomy":"product_cat","embeddable":true,"href":"https:\/\/pro.costa-verde.com\/es\/wp-json\/wp\/v2\/product_cat?post=20024"},{"taxonomy":"product_tag","embeddable":true,"href":"https:\/\/pro.costa-verde.com\/es\/wp-json\/wp\/v2\/product_tag?post=20024"}],"curies":[{"name":"wp","href":"https:\/\/api.w.org\/{rel}","templated":true}]}}