{"id":19849,"date":"2020-12-04T16:21:07","date_gmt":"2020-12-04T16:21:07","guid":{"rendered":"https:\/\/pro.costa-verde.com\/produto\/plato-hondo-29cm-con-tapa\/"},"modified":"2021-12-30T16:38:45","modified_gmt":"2021-12-30T16:38:45","slug":"plato-hondo-29cm-con-tapa","status":"publish","type":"product","link":"https:\/\/pro.costa-verde.com\/es\/produto\/plato-hondo-29cm-con-tapa\/","title":{"rendered":"Plato Hondo 29cm con Tapa"},"content":{"rendered":"<table width=\"234\">\n<tbody>\n<tr>\n<td width=\"234\">SATURNO<br \/>\nRefinamiento y todo lo dem\u00e1s.<br \/>\nLa colecci\u00f3n de Saturno fue concebida con un refinado sentido de la intemporalidad y del fine dinning. Gracias a su dise\u00f1o y a su extraordinaria construcci\u00f3n t\u00e9cnica, esta colecci\u00f3n se caracteriza por las generosas solapas que permiten elevar cada emplatado a la condici\u00f3n de arte. Desde entremeses hasta postres, desde ensaladeras y platos de buffet hasta platos gourmet de 18, 25 y 29 cm de di\u00e1metro, esta es la colecci\u00f3n que garantiza que el ingrediente m\u00e1s com\u00fan brille en el universo exclusivo.<\/td>\n<\/tr>\n<\/tbody>\n<\/table>\n","protected":false},"excerpt":{"rendered":"<p>SATURNO Refinamiento y todo lo dem\u00e1s. La colecci\u00f3n de Saturno fue concebida con un refinado sentido de la intemporalidad y del fine dinning. Gracias a su dise\u00f1o y a su extraordinaria construcci\u00f3n t\u00e9cnica, esta colecci\u00f3n se caracteriza por las generosas solapas que permiten elevar cada emplatado a la condici\u00f3n de arte. Desde entremeses hasta postres, [&hellip;]<\/p>\n","protected":false},"featured_media":35556,"comment_status":"open","ping_status":"closed","template":"","meta":[],"product_brand":[],"product_cat":[1324],"product_tag":[],"class_list":{"0":"post-19849","1":"product","2":"type-product","3":"status-publish","4":"has-post-thumbnail","6":"product_cat-platos-pasta","7":"pa_colecao-saturno-es","9":"first","10":"instock","11":"taxable","12":"shipping-taxable","13":"purchasable","14":"product-type-simple"},"yoast_head":"<!-- This site is optimized with the Yoast SEO plugin v26.9 - https:\/\/yoast.com\/product\/yoast-seo-wordpress\/ -->\n<title>Plato Hondo 29cm con Tapa - Costa Verde<\/title>\n<meta name=\"robots\" content=\"index, follow, max-snippet:-1, max-image-preview:large, max-video-preview:-1\" \/>\n<link rel=\"canonical\" href=\"https:\/\/pro.costa-verde.com\/produto\/prato-fundo-29cm-com-tampa\/\" \/>\n<meta property=\"og:locale\" content=\"es_ES\" \/>\n<meta property=\"og:type\" content=\"article\" \/>\n<meta property=\"og:title\" content=\"Plato Hondo 29cm con Tapa - Costa Verde\" \/>\n<meta property=\"og:description\" content=\"SATURNO Refinamiento y todo lo dem\u00e1s. La colecci\u00f3n de Saturno fue concebida con un refinado sentido de la intemporalidad y del fine dinning. Gracias a su dise\u00f1o y a su extraordinaria construcci\u00f3n t\u00e9cnica, esta colecci\u00f3n se caracteriza por las generosas solapas que permiten elevar cada emplatado a la condici\u00f3n de arte. Desde entremeses hasta postres, [&hellip;]\" \/>\n<meta property=\"og:url\" content=\"https:\/\/pro.costa-verde.com\/produto\/prato-fundo-29cm-com-tampa\/\" \/>\n<meta property=\"og:site_name\" content=\"Costa Verde\" \/>\n<meta property=\"article:publisher\" content=\"https:\/\/www.facebook.com\/costaverdeporcelanas\/\" \/>\n<meta property=\"article:modified_time\" content=\"2021-12-30T16:38:45+00:00\" \/>\n<meta property=\"og:image\" content=\"https:\/\/pro.costa-verde.com\/wp-content\/uploads\/2021\/09\/SATURNO-Prato-Fundo-29cm-com-Tampa.jpg\" \/>\n\t<meta property=\"og:image:width\" content=\"960\" \/>\n\t<meta property=\"og:image:height\" content=\"615\" \/>\n\t<meta property=\"og:image:type\" content=\"image\/jpeg\" \/>\n<meta name=\"twitter:card\" content=\"summary_large_image\" \/>\n<script type=\"application\/ld+json\" class=\"yoast-schema-graph\">{\"@context\":\"https:\/\/schema.org\",\"@graph\":[{\"@type\":\"WebPage\",\"@id\":\"https:\/\/pro.costa-verde.com\/produto\/prato-fundo-29cm-com-tampa\/\",\"url\":\"https:\/\/pro.costa-verde.com\/produto\/prato-fundo-29cm-com-tampa\/\",\"name\":\"Plato Hondo 29cm con Tapa - Costa Verde\",\"isPartOf\":{\"@id\":\"https:\/\/pro.costa-verde.com\/#website\"},\"primaryImageOfPage\":{\"@id\":\"https:\/\/pro.costa-verde.com\/produto\/prato-fundo-29cm-com-tampa\/#primaryimage\"},\"image\":{\"@id\":\"https:\/\/pro.costa-verde.com\/produto\/prato-fundo-29cm-com-tampa\/#primaryimage\"},\"thumbnailUrl\":\"https:\/\/pro.costa-verde.com\/wp-content\/uploads\/2021\/09\/SATURNO-Prato-Fundo-29cm-com-Tampa.jpg\",\"datePublished\":\"2020-12-04T16:21:07+00:00\",\"dateModified\":\"2021-12-30T16:38:45+00:00\",\"breadcrumb\":{\"@id\":\"https:\/\/pro.costa-verde.com\/produto\/prato-fundo-29cm-com-tampa\/#breadcrumb\"},\"inLanguage\":\"es\",\"potentialAction\":[{\"@type\":\"ReadAction\",\"target\":[\"https:\/\/pro.costa-verde.com\/produto\/prato-fundo-29cm-com-tampa\/\"]}]},{\"@type\":\"ImageObject\",\"inLanguage\":\"es\",\"@id\":\"https:\/\/pro.costa-verde.com\/produto\/prato-fundo-29cm-com-tampa\/#primaryimage\",\"url\":\"https:\/\/pro.costa-verde.com\/wp-content\/uploads\/2021\/09\/SATURNO-Prato-Fundo-29cm-com-Tampa.jpg\",\"contentUrl\":\"https:\/\/pro.costa-verde.com\/wp-content\/uploads\/2021\/09\/SATURNO-Prato-Fundo-29cm-com-Tampa.jpg\",\"width\":960,\"height\":615,\"caption\":\"SATURNO-Prato-Fundo-29cm-com-Tampa\"},{\"@type\":\"BreadcrumbList\",\"@id\":\"https:\/\/pro.costa-verde.com\/produto\/prato-fundo-29cm-com-tampa\/#breadcrumb\",\"itemListElement\":[{\"@type\":\"ListItem\",\"position\":1,\"name\":\"In\u00edcio\",\"item\":\"https:\/\/pro.costa-verde.com\/es\/\"},{\"@type\":\"ListItem\",\"position\":2,\"name\":\"Loja online\",\"item\":\"https:\/\/pro.costa-verde.com\/loja-online\/\"},{\"@type\":\"ListItem\",\"position\":3,\"name\":\"Plato Hondo 29cm con Tapa\"}]},{\"@type\":\"WebSite\",\"@id\":\"https:\/\/pro.costa-verde.com\/#website\",\"url\":\"https:\/\/pro.costa-verde.com\/\",\"name\":\"Costa Verde\",\"description\":\"Loja Online\",\"potentialAction\":[{\"@type\":\"SearchAction\",\"target\":{\"@type\":\"EntryPoint\",\"urlTemplate\":\"https:\/\/pro.costa-verde.com\/?s={search_term_string}\"},\"query-input\":{\"@type\":\"PropertyValueSpecification\",\"valueRequired\":true,\"valueName\":\"search_term_string\"}}],\"inLanguage\":\"es\"}]}<\/script>\n<!-- \/ Yoast SEO plugin. -->","yoast_head_json":{"title":"Plato Hondo 29cm con Tapa - Costa Verde","robots":{"index":"index","follow":"follow","max-snippet":"max-snippet:-1","max-image-preview":"max-image-preview:large","max-video-preview":"max-video-preview:-1"},"canonical":"https:\/\/pro.costa-verde.com\/produto\/prato-fundo-29cm-com-tampa\/","og_locale":"es_ES","og_type":"article","og_title":"Plato Hondo 29cm con Tapa - Costa Verde","og_description":"SATURNO Refinamiento y todo lo dem\u00e1s. La colecci\u00f3n de Saturno fue concebida con un refinado sentido de la intemporalidad y del fine dinning. Gracias a su dise\u00f1o y a su extraordinaria construcci\u00f3n t\u00e9cnica, esta colecci\u00f3n se caracteriza por las generosas solapas que permiten elevar cada emplatado a la condici\u00f3n de arte. Desde entremeses hasta postres, [&hellip;]","og_url":"https:\/\/pro.costa-verde.com\/produto\/prato-fundo-29cm-com-tampa\/","og_site_name":"Costa Verde","article_publisher":"https:\/\/www.facebook.com\/costaverdeporcelanas\/","article_modified_time":"2021-12-30T16:38:45+00:00","og_image":[{"width":960,"height":615,"url":"https:\/\/pro.costa-verde.com\/wp-content\/uploads\/2021\/09\/SATURNO-Prato-Fundo-29cm-com-Tampa.jpg","type":"image\/jpeg"}],"twitter_card":"summary_large_image","schema":{"@context":"https:\/\/schema.org","@graph":[{"@type":"WebPage","@id":"https:\/\/pro.costa-verde.com\/produto\/prato-fundo-29cm-com-tampa\/","url":"https:\/\/pro.costa-verde.com\/produto\/prato-fundo-29cm-com-tampa\/","name":"Plato Hondo 29cm con Tapa - Costa Verde","isPartOf":{"@id":"https:\/\/pro.costa-verde.com\/#website"},"primaryImageOfPage":{"@id":"https:\/\/pro.costa-verde.com\/produto\/prato-fundo-29cm-com-tampa\/#primaryimage"},"image":{"@id":"https:\/\/pro.costa-verde.com\/produto\/prato-fundo-29cm-com-tampa\/#primaryimage"},"thumbnailUrl":"https:\/\/pro.costa-verde.com\/wp-content\/uploads\/2021\/09\/SATURNO-Prato-Fundo-29cm-com-Tampa.jpg","datePublished":"2020-12-04T16:21:07+00:00","dateModified":"2021-12-30T16:38:45+00:00","breadcrumb":{"@id":"https:\/\/pro.costa-verde.com\/produto\/prato-fundo-29cm-com-tampa\/#breadcrumb"},"inLanguage":"es","potentialAction":[{"@type":"ReadAction","target":["https:\/\/pro.costa-verde.com\/produto\/prato-fundo-29cm-com-tampa\/"]}]},{"@type":"ImageObject","inLanguage":"es","@id":"https:\/\/pro.costa-verde.com\/produto\/prato-fundo-29cm-com-tampa\/#primaryimage","url":"https:\/\/pro.costa-verde.com\/wp-content\/uploads\/2021\/09\/SATURNO-Prato-Fundo-29cm-com-Tampa.jpg","contentUrl":"https:\/\/pro.costa-verde.com\/wp-content\/uploads\/2021\/09\/SATURNO-Prato-Fundo-29cm-com-Tampa.jpg","width":960,"height":615,"caption":"SATURNO-Prato-Fundo-29cm-com-Tampa"},{"@type":"BreadcrumbList","@id":"https:\/\/pro.costa-verde.com\/produto\/prato-fundo-29cm-com-tampa\/#breadcrumb","itemListElement":[{"@type":"ListItem","position":1,"name":"In\u00edcio","item":"https:\/\/pro.costa-verde.com\/es\/"},{"@type":"ListItem","position":2,"name":"Loja online","item":"https:\/\/pro.costa-verde.com\/loja-online\/"},{"@type":"ListItem","position":3,"name":"Plato Hondo 29cm con Tapa"}]},{"@type":"WebSite","@id":"https:\/\/pro.costa-verde.com\/#website","url":"https:\/\/pro.costa-verde.com\/","name":"Costa Verde","description":"Loja Online","potentialAction":[{"@type":"SearchAction","target":{"@type":"EntryPoint","urlTemplate":"https:\/\/pro.costa-verde.com\/?s={search_term_string}"},"query-input":{"@type":"PropertyValueSpecification","valueRequired":true,"valueName":"search_term_string"}}],"inLanguage":"es"}]}},"_links":{"self":[{"href":"https:\/\/pro.costa-verde.com\/es\/wp-json\/wp\/v2\/product\/19849","targetHints":{"allow":["GET"]}}],"collection":[{"href":"https:\/\/pro.costa-verde.com\/es\/wp-json\/wp\/v2\/product"}],"about":[{"href":"https:\/\/pro.costa-verde.com\/es\/wp-json\/wp\/v2\/types\/product"}],"replies":[{"embeddable":true,"href":"https:\/\/pro.costa-verde.com\/es\/wp-json\/wp\/v2\/comments?post=19849"}],"version-history":[{"count":1,"href":"https:\/\/pro.costa-verde.com\/es\/wp-json\/wp\/v2\/product\/19849\/revisions"}],"predecessor-version":[{"id":40030,"href":"https:\/\/pro.costa-verde.com\/es\/wp-json\/wp\/v2\/product\/19849\/revisions\/40030"}],"wp:featuredmedia":[{"embeddable":true,"href":"https:\/\/pro.costa-verde.com\/es\/wp-json\/wp\/v2\/media\/35556"}],"wp:attachment":[{"href":"https:\/\/pro.costa-verde.com\/es\/wp-json\/wp\/v2\/media?parent=19849"}],"wp:term":[{"taxonomy":"product_brand","embeddable":true,"href":"https:\/\/pro.costa-verde.com\/es\/wp-json\/wp\/v2\/product_brand?post=19849"},{"taxonomy":"product_cat","embeddable":true,"href":"https:\/\/pro.costa-verde.com\/es\/wp-json\/wp\/v2\/product_cat?post=19849"},{"taxonomy":"product_tag","embeddable":true,"href":"https:\/\/pro.costa-verde.com\/es\/wp-json\/wp\/v2\/product_tag?post=19849"}],"curies":[{"name":"wp","href":"https:\/\/api.w.org\/{rel}","templated":true}]}}