{"id":19822,"date":"2020-12-04T16:31:29","date_gmt":"2020-12-04T16:31:29","guid":{"rendered":"https:\/\/pro.costa-verde.com\/produto\/plato-coupe-16cm-2\/"},"modified":"2025-12-09T09:50:15","modified_gmt":"2025-12-09T09:50:15","slug":"plato-coupe-16cm-2","status":"publish","type":"product","link":"https:\/\/pro.costa-verde.com\/es\/produto\/plato-coupe-16cm-2\/","title":{"rendered":"Plato Coupe 16cm"},"content":{"rendered":"<table width=\"234\">\n<tbody>\n<tr>\n<td width=\"234\">SATURNO COUPE<br \/>\nBajo, abierto, elegante. Una colecci\u00f3n desarrollada para que cada creaci\u00f3n gastron\u00f3mica forme parte de un conjunto sensorial, con un enfoque especial en el emplatado. Descubre en cada una de las 10 piezas diferentes, el sentido de elegir y hacer cosas diferentes.<\/td>\n<\/tr>\n<\/tbody>\n<\/table>\n","protected":false},"excerpt":{"rendered":"<p>SATURNO COUPE Bajo, abierto, elegante. Una colecci\u00f3n desarrollada para que cada creaci\u00f3n gastron\u00f3mica forme parte de un conjunto sensorial, con un enfoque especial en el emplatado. Descubre en cada una de las 10 piezas diferentes, el sentido de elegir y hacer cosas diferentes.<\/p>\n","protected":false},"featured_media":35769,"comment_status":"open","ping_status":"closed","template":"","meta":[],"product_brand":[],"product_cat":[1320],"product_tag":[],"class_list":{"0":"post-19822","1":"product","2":"type-product","3":"status-publish","4":"has-post-thumbnail","6":"product_cat-platos-es-2","7":"pa_colecao-satuno-coupe-es","9":"first","10":"instock","11":"taxable","12":"shipping-taxable","13":"product-type-simple"},"yoast_head":"<!-- This site is optimized with the Yoast SEO plugin v26.9 - https:\/\/yoast.com\/product\/yoast-seo-wordpress\/ -->\n<title>Plato Coupe 16cm - Costa Verde<\/title>\n<meta name=\"robots\" content=\"index, follow, max-snippet:-1, max-image-preview:large, max-video-preview:-1\" \/>\n<link rel=\"canonical\" href=\"https:\/\/pro.costa-verde.com\/es\/produto\/plato-coupe-16cm-2\/\" \/>\n<meta property=\"og:locale\" content=\"es_ES\" \/>\n<meta property=\"og:type\" content=\"article\" \/>\n<meta property=\"og:title\" content=\"Plato Coupe 16cm - Costa Verde\" \/>\n<meta property=\"og:description\" content=\"SATURNO COUPE Bajo, abierto, elegante. Una colecci\u00f3n desarrollada para que cada creaci\u00f3n gastron\u00f3mica forme parte de un conjunto sensorial, con un enfoque especial en el emplatado. Descubre en cada una de las 10 piezas diferentes, el sentido de elegir y hacer cosas diferentes.\" \/>\n<meta property=\"og:url\" content=\"https:\/\/pro.costa-verde.com\/es\/produto\/plato-coupe-16cm-2\/\" \/>\n<meta property=\"og:site_name\" content=\"Costa Verde\" \/>\n<meta property=\"article:publisher\" content=\"https:\/\/www.facebook.com\/costaverdeporcelanas\/\" \/>\n<meta property=\"article:modified_time\" content=\"2025-12-09T09:50:15+00:00\" \/>\n<meta property=\"og:image\" content=\"https:\/\/pro.costa-verde.com\/wp-content\/uploads\/2021\/09\/SATURNO-COUPE-Prato-Coupe-16cm.jpg\" \/>\n\t<meta property=\"og:image:width\" content=\"1920\" \/>\n\t<meta property=\"og:image:height\" content=\"1230\" \/>\n\t<meta property=\"og:image:type\" content=\"image\/jpeg\" \/>\n<meta name=\"twitter:card\" content=\"summary_large_image\" \/>\n<meta name=\"twitter:label1\" content=\"Tiempo de lectura\" \/>\n\t<meta name=\"twitter:data1\" content=\"1 minuto\" \/>\n<script type=\"application\/ld+json\" class=\"yoast-schema-graph\">{\"@context\":\"https:\/\/schema.org\",\"@graph\":[{\"@type\":\"WebPage\",\"@id\":\"https:\/\/pro.costa-verde.com\/es\/produto\/plato-coupe-16cm-2\/\",\"url\":\"https:\/\/pro.costa-verde.com\/es\/produto\/plato-coupe-16cm-2\/\",\"name\":\"Plato Coupe 16cm - Costa Verde\",\"isPartOf\":{\"@id\":\"https:\/\/pro.costa-verde.com\/#website\"},\"primaryImageOfPage\":{\"@id\":\"https:\/\/pro.costa-verde.com\/es\/produto\/plato-coupe-16cm-2\/#primaryimage\"},\"image\":{\"@id\":\"https:\/\/pro.costa-verde.com\/es\/produto\/plato-coupe-16cm-2\/#primaryimage\"},\"thumbnailUrl\":\"https:\/\/pro.costa-verde.com\/wp-content\/uploads\/2021\/09\/SATURNO-COUPE-Prato-Coupe-16cm.jpg\",\"datePublished\":\"2020-12-04T16:31:29+00:00\",\"dateModified\":\"2025-12-09T09:50:15+00:00\",\"breadcrumb\":{\"@id\":\"https:\/\/pro.costa-verde.com\/es\/produto\/plato-coupe-16cm-2\/#breadcrumb\"},\"inLanguage\":\"es\",\"potentialAction\":[{\"@type\":\"ReadAction\",\"target\":[\"https:\/\/pro.costa-verde.com\/es\/produto\/plato-coupe-16cm-2\/\"]}]},{\"@type\":\"ImageObject\",\"inLanguage\":\"es\",\"@id\":\"https:\/\/pro.costa-verde.com\/es\/produto\/plato-coupe-16cm-2\/#primaryimage\",\"url\":\"https:\/\/pro.costa-verde.com\/wp-content\/uploads\/2021\/09\/SATURNO-COUPE-Prato-Coupe-16cm.jpg\",\"contentUrl\":\"https:\/\/pro.costa-verde.com\/wp-content\/uploads\/2021\/09\/SATURNO-COUPE-Prato-Coupe-16cm.jpg\",\"width\":1920,\"height\":1230,\"caption\":\"SATURNO COUPE Plato Coupe 16cm\"},{\"@type\":\"BreadcrumbList\",\"@id\":\"https:\/\/pro.costa-verde.com\/es\/produto\/plato-coupe-16cm-2\/#breadcrumb\",\"itemListElement\":[{\"@type\":\"ListItem\",\"position\":1,\"name\":\"In\u00edcio\",\"item\":\"https:\/\/pro.costa-verde.com\/es\/\"},{\"@type\":\"ListItem\",\"position\":2,\"name\":\"Loja online\",\"item\":\"https:\/\/pro.costa-verde.com\/loja-online\/\"},{\"@type\":\"ListItem\",\"position\":3,\"name\":\"Plato Coupe 16cm\"}]},{\"@type\":\"WebSite\",\"@id\":\"https:\/\/pro.costa-verde.com\/#website\",\"url\":\"https:\/\/pro.costa-verde.com\/\",\"name\":\"Costa Verde\",\"description\":\"Loja Online\",\"potentialAction\":[{\"@type\":\"SearchAction\",\"target\":{\"@type\":\"EntryPoint\",\"urlTemplate\":\"https:\/\/pro.costa-verde.com\/?s={search_term_string}\"},\"query-input\":{\"@type\":\"PropertyValueSpecification\",\"valueRequired\":true,\"valueName\":\"search_term_string\"}}],\"inLanguage\":\"es\"}]}<\/script>\n<!-- \/ Yoast SEO plugin. -->","yoast_head_json":{"title":"Plato Coupe 16cm - Costa Verde","robots":{"index":"index","follow":"follow","max-snippet":"max-snippet:-1","max-image-preview":"max-image-preview:large","max-video-preview":"max-video-preview:-1"},"canonical":"https:\/\/pro.costa-verde.com\/es\/produto\/plato-coupe-16cm-2\/","og_locale":"es_ES","og_type":"article","og_title":"Plato Coupe 16cm - Costa Verde","og_description":"SATURNO COUPE Bajo, abierto, elegante. Una colecci\u00f3n desarrollada para que cada creaci\u00f3n gastron\u00f3mica forme parte de un conjunto sensorial, con un enfoque especial en el emplatado. Descubre en cada una de las 10 piezas diferentes, el sentido de elegir y hacer cosas diferentes.","og_url":"https:\/\/pro.costa-verde.com\/es\/produto\/plato-coupe-16cm-2\/","og_site_name":"Costa Verde","article_publisher":"https:\/\/www.facebook.com\/costaverdeporcelanas\/","article_modified_time":"2025-12-09T09:50:15+00:00","og_image":[{"width":1920,"height":1230,"url":"https:\/\/pro.costa-verde.com\/wp-content\/uploads\/2021\/09\/SATURNO-COUPE-Prato-Coupe-16cm.jpg","type":"image\/jpeg"}],"twitter_card":"summary_large_image","twitter_misc":{"Tiempo de lectura":"1 minuto"},"schema":{"@context":"https:\/\/schema.org","@graph":[{"@type":"WebPage","@id":"https:\/\/pro.costa-verde.com\/es\/produto\/plato-coupe-16cm-2\/","url":"https:\/\/pro.costa-verde.com\/es\/produto\/plato-coupe-16cm-2\/","name":"Plato Coupe 16cm - Costa Verde","isPartOf":{"@id":"https:\/\/pro.costa-verde.com\/#website"},"primaryImageOfPage":{"@id":"https:\/\/pro.costa-verde.com\/es\/produto\/plato-coupe-16cm-2\/#primaryimage"},"image":{"@id":"https:\/\/pro.costa-verde.com\/es\/produto\/plato-coupe-16cm-2\/#primaryimage"},"thumbnailUrl":"https:\/\/pro.costa-verde.com\/wp-content\/uploads\/2021\/09\/SATURNO-COUPE-Prato-Coupe-16cm.jpg","datePublished":"2020-12-04T16:31:29+00:00","dateModified":"2025-12-09T09:50:15+00:00","breadcrumb":{"@id":"https:\/\/pro.costa-verde.com\/es\/produto\/plato-coupe-16cm-2\/#breadcrumb"},"inLanguage":"es","potentialAction":[{"@type":"ReadAction","target":["https:\/\/pro.costa-verde.com\/es\/produto\/plato-coupe-16cm-2\/"]}]},{"@type":"ImageObject","inLanguage":"es","@id":"https:\/\/pro.costa-verde.com\/es\/produto\/plato-coupe-16cm-2\/#primaryimage","url":"https:\/\/pro.costa-verde.com\/wp-content\/uploads\/2021\/09\/SATURNO-COUPE-Prato-Coupe-16cm.jpg","contentUrl":"https:\/\/pro.costa-verde.com\/wp-content\/uploads\/2021\/09\/SATURNO-COUPE-Prato-Coupe-16cm.jpg","width":1920,"height":1230,"caption":"SATURNO COUPE Plato Coupe 16cm"},{"@type":"BreadcrumbList","@id":"https:\/\/pro.costa-verde.com\/es\/produto\/plato-coupe-16cm-2\/#breadcrumb","itemListElement":[{"@type":"ListItem","position":1,"name":"In\u00edcio","item":"https:\/\/pro.costa-verde.com\/es\/"},{"@type":"ListItem","position":2,"name":"Loja online","item":"https:\/\/pro.costa-verde.com\/loja-online\/"},{"@type":"ListItem","position":3,"name":"Plato Coupe 16cm"}]},{"@type":"WebSite","@id":"https:\/\/pro.costa-verde.com\/#website","url":"https:\/\/pro.costa-verde.com\/","name":"Costa Verde","description":"Loja Online","potentialAction":[{"@type":"SearchAction","target":{"@type":"EntryPoint","urlTemplate":"https:\/\/pro.costa-verde.com\/?s={search_term_string}"},"query-input":{"@type":"PropertyValueSpecification","valueRequired":true,"valueName":"search_term_string"}}],"inLanguage":"es"}]}},"_links":{"self":[{"href":"https:\/\/pro.costa-verde.com\/es\/wp-json\/wp\/v2\/product\/19822","targetHints":{"allow":["GET"]}}],"collection":[{"href":"https:\/\/pro.costa-verde.com\/es\/wp-json\/wp\/v2\/product"}],"about":[{"href":"https:\/\/pro.costa-verde.com\/es\/wp-json\/wp\/v2\/types\/product"}],"replies":[{"embeddable":true,"href":"https:\/\/pro.costa-verde.com\/es\/wp-json\/wp\/v2\/comments?post=19822"}],"version-history":[{"count":2,"href":"https:\/\/pro.costa-verde.com\/es\/wp-json\/wp\/v2\/product\/19822\/revisions"}],"predecessor-version":[{"id":67970,"href":"https:\/\/pro.costa-verde.com\/es\/wp-json\/wp\/v2\/product\/19822\/revisions\/67970"}],"wp:featuredmedia":[{"embeddable":true,"href":"https:\/\/pro.costa-verde.com\/es\/wp-json\/wp\/v2\/media\/35769"}],"wp:attachment":[{"href":"https:\/\/pro.costa-verde.com\/es\/wp-json\/wp\/v2\/media?parent=19822"}],"wp:term":[{"taxonomy":"product_brand","embeddable":true,"href":"https:\/\/pro.costa-verde.com\/es\/wp-json\/wp\/v2\/product_brand?post=19822"},{"taxonomy":"product_cat","embeddable":true,"href":"https:\/\/pro.costa-verde.com\/es\/wp-json\/wp\/v2\/product_cat?post=19822"},{"taxonomy":"product_tag","embeddable":true,"href":"https:\/\/pro.costa-verde.com\/es\/wp-json\/wp\/v2\/product_tag?post=19822"}],"curies":[{"name":"wp","href":"https:\/\/api.w.org\/{rel}","templated":true}]}}