{"id":19776,"date":"2020-12-04T16:55:11","date_gmt":"2020-12-04T16:55:11","guid":{"rendered":"https:\/\/pro.costa-verde.com\/produto\/platillo-15x13cm\/"},"modified":"2025-11-13T14:42:25","modified_gmt":"2025-11-13T14:42:25","slug":"platillo-15x13cm","status":"publish","type":"product","link":"https:\/\/pro.costa-verde.com\/es\/produto\/platillo-15x13cm\/","title":{"rendered":"Platillo 15X13cm"},"content":{"rendered":"<table width=\"234\">\n<tbody>\n<tr>\n<td width=\"234\">OPERA<br \/>\nUna orquesta y sus solistas.<br \/>\nLa colecci\u00f3n Opera es una colecci\u00f3n rom\u00e1ntica concebida con un sentido de complementariedad y personalizaci\u00f3n. Una colecci\u00f3n vasta y completa con diversas formas que se complementan, dirigida esencialmente al sector profesional y que da a cada autor la capacidad de infundir en el emplatado su sello personal. Este sentido de la autor\u00eda se refuerza a\u00fan m\u00e1s por la conexi\u00f3n entre la colecci\u00f3n Opera y las colecciones Boheme y Aria, nacidas para acompa\u00f1ar la colecci\u00f3n de base con detalles que enriquecen el conjunto.<\/td>\n<\/tr>\n<\/tbody>\n<\/table>\n","protected":false},"excerpt":{"rendered":"<p>OPERA Una orquesta y sus solistas. La colecci\u00f3n Opera es una colecci\u00f3n rom\u00e1ntica concebida con un sentido de complementariedad y personalizaci\u00f3n. Una colecci\u00f3n vasta y completa con diversas formas que se complementan, dirigida esencialmente al sector profesional y que da a cada autor la capacidad de infundir en el emplatado su sello personal. Este sentido [&hellip;]<\/p>\n","protected":false},"featured_media":35205,"comment_status":"open","ping_status":"closed","template":"","meta":[],"product_brand":[],"product_cat":[1310],"product_tag":[],"class_list":{"0":"post-19776","1":"product","2":"type-product","3":"status-publish","4":"has-post-thumbnail","6":"product_cat-platillos","7":"pa_colecao-opera-es","9":"first","10":"instock","11":"taxable","12":"shipping-taxable","13":"product-type-simple"},"yoast_head":"<!-- This site is optimized with the Yoast SEO plugin v26.9 - https:\/\/yoast.com\/product\/yoast-seo-wordpress\/ -->\n<title>Platillo 15X13cm - Costa Verde<\/title>\n<meta name=\"robots\" content=\"index, follow, max-snippet:-1, max-image-preview:large, max-video-preview:-1\" \/>\n<link rel=\"canonical\" href=\"https:\/\/pro.costa-verde.com\/es\/produto\/platillo-15x13cm\/\" \/>\n<meta property=\"og:locale\" content=\"es_ES\" \/>\n<meta property=\"og:type\" content=\"article\" \/>\n<meta property=\"og:title\" content=\"Platillo 15X13cm - Costa Verde\" \/>\n<meta property=\"og:description\" content=\"OPERA Una orquesta y sus solistas. La colecci\u00f3n Opera es una colecci\u00f3n rom\u00e1ntica concebida con un sentido de complementariedad y personalizaci\u00f3n. Una colecci\u00f3n vasta y completa con diversas formas que se complementan, dirigida esencialmente al sector profesional y que da a cada autor la capacidad de infundir en el emplatado su sello personal. Este sentido [&hellip;]\" \/>\n<meta property=\"og:url\" content=\"https:\/\/pro.costa-verde.com\/es\/produto\/platillo-15x13cm\/\" \/>\n<meta property=\"og:site_name\" content=\"Costa Verde\" \/>\n<meta property=\"article:publisher\" content=\"https:\/\/www.facebook.com\/costaverdeporcelanas\/\" \/>\n<meta property=\"article:modified_time\" content=\"2025-11-13T14:42:25+00:00\" \/>\n<meta property=\"og:image\" content=\"https:\/\/pro.costa-verde.com\/wp-content\/uploads\/2021\/09\/Opera-Pires-15X13cm.jpg\" \/>\n\t<meta property=\"og:image:width\" content=\"1920\" \/>\n\t<meta property=\"og:image:height\" content=\"1230\" \/>\n\t<meta property=\"og:image:type\" content=\"image\/jpeg\" \/>\n<meta name=\"twitter:card\" content=\"summary_large_image\" \/>\n<meta name=\"twitter:label1\" content=\"Tiempo de lectura\" \/>\n\t<meta name=\"twitter:data1\" content=\"1 minuto\" \/>\n<script type=\"application\/ld+json\" class=\"yoast-schema-graph\">{\"@context\":\"https:\/\/schema.org\",\"@graph\":[{\"@type\":\"WebPage\",\"@id\":\"https:\/\/pro.costa-verde.com\/es\/produto\/platillo-15x13cm\/\",\"url\":\"https:\/\/pro.costa-verde.com\/es\/produto\/platillo-15x13cm\/\",\"name\":\"Platillo 15X13cm - Costa Verde\",\"isPartOf\":{\"@id\":\"https:\/\/pro.costa-verde.com\/#website\"},\"primaryImageOfPage\":{\"@id\":\"https:\/\/pro.costa-verde.com\/es\/produto\/platillo-15x13cm\/#primaryimage\"},\"image\":{\"@id\":\"https:\/\/pro.costa-verde.com\/es\/produto\/platillo-15x13cm\/#primaryimage\"},\"thumbnailUrl\":\"https:\/\/pro.costa-verde.com\/wp-content\/uploads\/2021\/09\/Opera-Pires-15X13cm.jpg\",\"datePublished\":\"2020-12-04T16:55:11+00:00\",\"dateModified\":\"2025-11-13T14:42:25+00:00\",\"breadcrumb\":{\"@id\":\"https:\/\/pro.costa-verde.com\/es\/produto\/platillo-15x13cm\/#breadcrumb\"},\"inLanguage\":\"es\",\"potentialAction\":[{\"@type\":\"ReadAction\",\"target\":[\"https:\/\/pro.costa-verde.com\/es\/produto\/platillo-15x13cm\/\"]}]},{\"@type\":\"ImageObject\",\"inLanguage\":\"es\",\"@id\":\"https:\/\/pro.costa-verde.com\/es\/produto\/platillo-15x13cm\/#primaryimage\",\"url\":\"https:\/\/pro.costa-verde.com\/wp-content\/uploads\/2021\/09\/Opera-Pires-15X13cm.jpg\",\"contentUrl\":\"https:\/\/pro.costa-verde.com\/wp-content\/uploads\/2021\/09\/Opera-Pires-15X13cm.jpg\",\"width\":1920,\"height\":1230,\"caption\":\"Opera-Pires-15X13cm\"},{\"@type\":\"BreadcrumbList\",\"@id\":\"https:\/\/pro.costa-verde.com\/es\/produto\/platillo-15x13cm\/#breadcrumb\",\"itemListElement\":[{\"@type\":\"ListItem\",\"position\":1,\"name\":\"In\u00edcio\",\"item\":\"https:\/\/pro.costa-verde.com\/es\/\"},{\"@type\":\"ListItem\",\"position\":2,\"name\":\"Loja online\",\"item\":\"https:\/\/pro.costa-verde.com\/loja-online\/\"},{\"@type\":\"ListItem\",\"position\":3,\"name\":\"Platillo 15X13cm\"}]},{\"@type\":\"WebSite\",\"@id\":\"https:\/\/pro.costa-verde.com\/#website\",\"url\":\"https:\/\/pro.costa-verde.com\/\",\"name\":\"Costa Verde\",\"description\":\"Loja Online\",\"potentialAction\":[{\"@type\":\"SearchAction\",\"target\":{\"@type\":\"EntryPoint\",\"urlTemplate\":\"https:\/\/pro.costa-verde.com\/?s={search_term_string}\"},\"query-input\":{\"@type\":\"PropertyValueSpecification\",\"valueRequired\":true,\"valueName\":\"search_term_string\"}}],\"inLanguage\":\"es\"}]}<\/script>\n<!-- \/ Yoast SEO plugin. -->","yoast_head_json":{"title":"Platillo 15X13cm - Costa Verde","robots":{"index":"index","follow":"follow","max-snippet":"max-snippet:-1","max-image-preview":"max-image-preview:large","max-video-preview":"max-video-preview:-1"},"canonical":"https:\/\/pro.costa-verde.com\/es\/produto\/platillo-15x13cm\/","og_locale":"es_ES","og_type":"article","og_title":"Platillo 15X13cm - Costa Verde","og_description":"OPERA Una orquesta y sus solistas. La colecci\u00f3n Opera es una colecci\u00f3n rom\u00e1ntica concebida con un sentido de complementariedad y personalizaci\u00f3n. Una colecci\u00f3n vasta y completa con diversas formas que se complementan, dirigida esencialmente al sector profesional y que da a cada autor la capacidad de infundir en el emplatado su sello personal. Este sentido [&hellip;]","og_url":"https:\/\/pro.costa-verde.com\/es\/produto\/platillo-15x13cm\/","og_site_name":"Costa Verde","article_publisher":"https:\/\/www.facebook.com\/costaverdeporcelanas\/","article_modified_time":"2025-11-13T14:42:25+00:00","og_image":[{"width":1920,"height":1230,"url":"https:\/\/pro.costa-verde.com\/wp-content\/uploads\/2021\/09\/Opera-Pires-15X13cm.jpg","type":"image\/jpeg"}],"twitter_card":"summary_large_image","twitter_misc":{"Tiempo de lectura":"1 minuto"},"schema":{"@context":"https:\/\/schema.org","@graph":[{"@type":"WebPage","@id":"https:\/\/pro.costa-verde.com\/es\/produto\/platillo-15x13cm\/","url":"https:\/\/pro.costa-verde.com\/es\/produto\/platillo-15x13cm\/","name":"Platillo 15X13cm - Costa Verde","isPartOf":{"@id":"https:\/\/pro.costa-verde.com\/#website"},"primaryImageOfPage":{"@id":"https:\/\/pro.costa-verde.com\/es\/produto\/platillo-15x13cm\/#primaryimage"},"image":{"@id":"https:\/\/pro.costa-verde.com\/es\/produto\/platillo-15x13cm\/#primaryimage"},"thumbnailUrl":"https:\/\/pro.costa-verde.com\/wp-content\/uploads\/2021\/09\/Opera-Pires-15X13cm.jpg","datePublished":"2020-12-04T16:55:11+00:00","dateModified":"2025-11-13T14:42:25+00:00","breadcrumb":{"@id":"https:\/\/pro.costa-verde.com\/es\/produto\/platillo-15x13cm\/#breadcrumb"},"inLanguage":"es","potentialAction":[{"@type":"ReadAction","target":["https:\/\/pro.costa-verde.com\/es\/produto\/platillo-15x13cm\/"]}]},{"@type":"ImageObject","inLanguage":"es","@id":"https:\/\/pro.costa-verde.com\/es\/produto\/platillo-15x13cm\/#primaryimage","url":"https:\/\/pro.costa-verde.com\/wp-content\/uploads\/2021\/09\/Opera-Pires-15X13cm.jpg","contentUrl":"https:\/\/pro.costa-verde.com\/wp-content\/uploads\/2021\/09\/Opera-Pires-15X13cm.jpg","width":1920,"height":1230,"caption":"Opera-Pires-15X13cm"},{"@type":"BreadcrumbList","@id":"https:\/\/pro.costa-verde.com\/es\/produto\/platillo-15x13cm\/#breadcrumb","itemListElement":[{"@type":"ListItem","position":1,"name":"In\u00edcio","item":"https:\/\/pro.costa-verde.com\/es\/"},{"@type":"ListItem","position":2,"name":"Loja online","item":"https:\/\/pro.costa-verde.com\/loja-online\/"},{"@type":"ListItem","position":3,"name":"Platillo 15X13cm"}]},{"@type":"WebSite","@id":"https:\/\/pro.costa-verde.com\/#website","url":"https:\/\/pro.costa-verde.com\/","name":"Costa Verde","description":"Loja Online","potentialAction":[{"@type":"SearchAction","target":{"@type":"EntryPoint","urlTemplate":"https:\/\/pro.costa-verde.com\/?s={search_term_string}"},"query-input":{"@type":"PropertyValueSpecification","valueRequired":true,"valueName":"search_term_string"}}],"inLanguage":"es"}]}},"_links":{"self":[{"href":"https:\/\/pro.costa-verde.com\/es\/wp-json\/wp\/v2\/product\/19776","targetHints":{"allow":["GET"]}}],"collection":[{"href":"https:\/\/pro.costa-verde.com\/es\/wp-json\/wp\/v2\/product"}],"about":[{"href":"https:\/\/pro.costa-verde.com\/es\/wp-json\/wp\/v2\/types\/product"}],"replies":[{"embeddable":true,"href":"https:\/\/pro.costa-verde.com\/es\/wp-json\/wp\/v2\/comments?post=19776"}],"version-history":[{"count":1,"href":"https:\/\/pro.costa-verde.com\/es\/wp-json\/wp\/v2\/product\/19776\/revisions"}],"predecessor-version":[{"id":39890,"href":"https:\/\/pro.costa-verde.com\/es\/wp-json\/wp\/v2\/product\/19776\/revisions\/39890"}],"wp:featuredmedia":[{"embeddable":true,"href":"https:\/\/pro.costa-verde.com\/es\/wp-json\/wp\/v2\/media\/35205"}],"wp:attachment":[{"href":"https:\/\/pro.costa-verde.com\/es\/wp-json\/wp\/v2\/media?parent=19776"}],"wp:term":[{"taxonomy":"product_brand","embeddable":true,"href":"https:\/\/pro.costa-verde.com\/es\/wp-json\/wp\/v2\/product_brand?post=19776"},{"taxonomy":"product_cat","embeddable":true,"href":"https:\/\/pro.costa-verde.com\/es\/wp-json\/wp\/v2\/product_cat?post=19776"},{"taxonomy":"product_tag","embeddable":true,"href":"https:\/\/pro.costa-verde.com\/es\/wp-json\/wp\/v2\/product_tag?post=19776"}],"curies":[{"name":"wp","href":"https:\/\/api.w.org\/{rel}","templated":true}]}}