{"id":19560,"date":"2020-12-07T23:32:45","date_gmt":"2020-12-07T23:32:45","guid":{"rendered":"https:\/\/pro.costa-verde.com\/produto\/bol-12-h6cm-2\/"},"modified":"2021-12-30T16:28:15","modified_gmt":"2021-12-30T16:28:15","slug":"bol-12-h6cm-2","status":"publish","type":"product","link":"https:\/\/pro.costa-verde.com\/es\/produto\/bol-12-h6cm-2\/","title":{"rendered":"Bol 12 h6cm"},"content":{"rendered":"<table width=\"234\">\n<tbody>\n<tr>\n<td width=\"234\">UNIVERSAL<br \/>\nEl mundo entero en una sola taza.<br \/>\nEs un sentido de la globalidad que inspira la colecci\u00f3n Universal de Costa Verde. Una vasta colecci\u00f3n de tazas inspiradas en los llamados bowl food de todo el mundo, que responde a la necesidad de dar a las m\u00e1s dispares creaciones culinarias la misma originalidad, funcionalidad, elegancia y sentido est\u00e9tico.\u00a0 Ya sea un ramen o una pasta, un curry, una sopa o el m\u00e1s elaborado de los postres, cada pieza de la colecci\u00f3n Universal ha sido dise\u00f1ada para que en ella, m\u00e1s que una comida, tenga la posibilidad de descubrir el mundo.<\/td>\n<\/tr>\n<\/tbody>\n<\/table>\n","protected":false},"excerpt":{"rendered":"<p>UNIVERSAL El mundo entero en una sola taza. Es un sentido de la globalidad que inspira la colecci\u00f3n Universal de Costa Verde. Una vasta colecci\u00f3n de tazas inspiradas en los llamados bowl food de todo el mundo, que responde a la necesidad de dar a las m\u00e1s dispares creaciones culinarias la misma originalidad, funcionalidad, elegancia [&hellip;]<\/p>\n","protected":false},"featured_media":36099,"comment_status":"open","ping_status":"closed","template":"","meta":[],"product_brand":[],"product_cat":[1364],"product_tag":[],"class_list":{"0":"post-19560","1":"product","2":"type-product","3":"status-publish","4":"has-post-thumbnail","6":"product_cat-bols-es-2","7":"pa_colecao-universal-es","9":"first","10":"instock","11":"taxable","12":"shipping-taxable","13":"product-type-variable"},"yoast_head":"<!-- This site is optimized with the Yoast SEO plugin v26.9 - https:\/\/yoast.com\/product\/yoast-seo-wordpress\/ -->\n<title>Bol 12 h6cm - Costa Verde<\/title>\n<meta name=\"robots\" content=\"index, follow, max-snippet:-1, max-image-preview:large, max-video-preview:-1\" \/>\n<link rel=\"canonical\" href=\"https:\/\/pro.costa-verde.com\/produto\/taca-12-h6cm\/\" \/>\n<meta property=\"og:locale\" content=\"es_ES\" \/>\n<meta property=\"og:type\" content=\"article\" \/>\n<meta property=\"og:title\" content=\"Bol 12 h6cm - Costa Verde\" \/>\n<meta property=\"og:description\" content=\"UNIVERSAL El mundo entero en una sola taza. Es un sentido de la globalidad que inspira la colecci\u00f3n Universal de Costa Verde. Una vasta colecci\u00f3n de tazas inspiradas en los llamados bowl food de todo el mundo, que responde a la necesidad de dar a las m\u00e1s dispares creaciones culinarias la misma originalidad, funcionalidad, elegancia [&hellip;]\" \/>\n<meta property=\"og:url\" content=\"https:\/\/pro.costa-verde.com\/produto\/taca-12-h6cm\/\" \/>\n<meta property=\"og:site_name\" content=\"Costa Verde\" \/>\n<meta property=\"article:publisher\" content=\"https:\/\/www.facebook.com\/costaverdeporcelanas\/\" \/>\n<meta property=\"article:modified_time\" content=\"2021-12-30T16:28:15+00:00\" \/>\n<meta property=\"og:image\" content=\"https:\/\/pro.costa-verde.com\/wp-content\/uploads\/2021\/09\/UNIVERSAL-Taca-12-h6cm.jpg\" \/>\n\t<meta property=\"og:image:width\" content=\"1920\" \/>\n\t<meta property=\"og:image:height\" content=\"1230\" \/>\n\t<meta property=\"og:image:type\" content=\"image\/jpeg\" \/>\n<meta name=\"twitter:card\" content=\"summary_large_image\" \/>\n<meta name=\"twitter:label1\" content=\"Tiempo de lectura\" \/>\n\t<meta name=\"twitter:data1\" content=\"1 minuto\" \/>\n<script type=\"application\/ld+json\" class=\"yoast-schema-graph\">{\"@context\":\"https:\/\/schema.org\",\"@graph\":[{\"@type\":\"WebPage\",\"@id\":\"https:\/\/pro.costa-verde.com\/produto\/taca-12-h6cm\/\",\"url\":\"https:\/\/pro.costa-verde.com\/produto\/taca-12-h6cm\/\",\"name\":\"Bol 12 h6cm - Costa Verde\",\"isPartOf\":{\"@id\":\"https:\/\/pro.costa-verde.com\/#website\"},\"primaryImageOfPage\":{\"@id\":\"https:\/\/pro.costa-verde.com\/produto\/taca-12-h6cm\/#primaryimage\"},\"image\":{\"@id\":\"https:\/\/pro.costa-verde.com\/produto\/taca-12-h6cm\/#primaryimage\"},\"thumbnailUrl\":\"https:\/\/pro.costa-verde.com\/wp-content\/uploads\/2021\/09\/UNIVERSAL-Taca-12-h6cm.jpg\",\"datePublished\":\"2020-12-07T23:32:45+00:00\",\"dateModified\":\"2021-12-30T16:28:15+00:00\",\"breadcrumb\":{\"@id\":\"https:\/\/pro.costa-verde.com\/produto\/taca-12-h6cm\/#breadcrumb\"},\"inLanguage\":\"es\",\"potentialAction\":[{\"@type\":\"ReadAction\",\"target\":[\"https:\/\/pro.costa-verde.com\/produto\/taca-12-h6cm\/\"]}]},{\"@type\":\"ImageObject\",\"inLanguage\":\"es\",\"@id\":\"https:\/\/pro.costa-verde.com\/produto\/taca-12-h6cm\/#primaryimage\",\"url\":\"https:\/\/pro.costa-verde.com\/wp-content\/uploads\/2021\/09\/UNIVERSAL-Taca-12-h6cm.jpg\",\"contentUrl\":\"https:\/\/pro.costa-verde.com\/wp-content\/uploads\/2021\/09\/UNIVERSAL-Taca-12-h6cm.jpg\",\"width\":1920,\"height\":1230,\"caption\":\"UNIVERSAL -Bol 12 h6cm\"},{\"@type\":\"BreadcrumbList\",\"@id\":\"https:\/\/pro.costa-verde.com\/produto\/taca-12-h6cm\/#breadcrumb\",\"itemListElement\":[{\"@type\":\"ListItem\",\"position\":1,\"name\":\"In\u00edcio\",\"item\":\"https:\/\/pro.costa-verde.com\/es\/\"},{\"@type\":\"ListItem\",\"position\":2,\"name\":\"Loja online\",\"item\":\"https:\/\/pro.costa-verde.com\/loja-online\/\"},{\"@type\":\"ListItem\",\"position\":3,\"name\":\"Bol 12 h6cm\"}]},{\"@type\":\"WebSite\",\"@id\":\"https:\/\/pro.costa-verde.com\/#website\",\"url\":\"https:\/\/pro.costa-verde.com\/\",\"name\":\"Costa Verde\",\"description\":\"Loja Online\",\"potentialAction\":[{\"@type\":\"SearchAction\",\"target\":{\"@type\":\"EntryPoint\",\"urlTemplate\":\"https:\/\/pro.costa-verde.com\/?s={search_term_string}\"},\"query-input\":{\"@type\":\"PropertyValueSpecification\",\"valueRequired\":true,\"valueName\":\"search_term_string\"}}],\"inLanguage\":\"es\"}]}<\/script>\n<!-- \/ Yoast SEO plugin. -->","yoast_head_json":{"title":"Bol 12 h6cm - Costa Verde","robots":{"index":"index","follow":"follow","max-snippet":"max-snippet:-1","max-image-preview":"max-image-preview:large","max-video-preview":"max-video-preview:-1"},"canonical":"https:\/\/pro.costa-verde.com\/produto\/taca-12-h6cm\/","og_locale":"es_ES","og_type":"article","og_title":"Bol 12 h6cm - Costa Verde","og_description":"UNIVERSAL El mundo entero en una sola taza. Es un sentido de la globalidad que inspira la colecci\u00f3n Universal de Costa Verde. Una vasta colecci\u00f3n de tazas inspiradas en los llamados bowl food de todo el mundo, que responde a la necesidad de dar a las m\u00e1s dispares creaciones culinarias la misma originalidad, funcionalidad, elegancia [&hellip;]","og_url":"https:\/\/pro.costa-verde.com\/produto\/taca-12-h6cm\/","og_site_name":"Costa Verde","article_publisher":"https:\/\/www.facebook.com\/costaverdeporcelanas\/","article_modified_time":"2021-12-30T16:28:15+00:00","og_image":[{"width":1920,"height":1230,"url":"https:\/\/pro.costa-verde.com\/wp-content\/uploads\/2021\/09\/UNIVERSAL-Taca-12-h6cm.jpg","type":"image\/jpeg"}],"twitter_card":"summary_large_image","twitter_misc":{"Tiempo de lectura":"1 minuto"},"schema":{"@context":"https:\/\/schema.org","@graph":[{"@type":"WebPage","@id":"https:\/\/pro.costa-verde.com\/produto\/taca-12-h6cm\/","url":"https:\/\/pro.costa-verde.com\/produto\/taca-12-h6cm\/","name":"Bol 12 h6cm - Costa Verde","isPartOf":{"@id":"https:\/\/pro.costa-verde.com\/#website"},"primaryImageOfPage":{"@id":"https:\/\/pro.costa-verde.com\/produto\/taca-12-h6cm\/#primaryimage"},"image":{"@id":"https:\/\/pro.costa-verde.com\/produto\/taca-12-h6cm\/#primaryimage"},"thumbnailUrl":"https:\/\/pro.costa-verde.com\/wp-content\/uploads\/2021\/09\/UNIVERSAL-Taca-12-h6cm.jpg","datePublished":"2020-12-07T23:32:45+00:00","dateModified":"2021-12-30T16:28:15+00:00","breadcrumb":{"@id":"https:\/\/pro.costa-verde.com\/produto\/taca-12-h6cm\/#breadcrumb"},"inLanguage":"es","potentialAction":[{"@type":"ReadAction","target":["https:\/\/pro.costa-verde.com\/produto\/taca-12-h6cm\/"]}]},{"@type":"ImageObject","inLanguage":"es","@id":"https:\/\/pro.costa-verde.com\/produto\/taca-12-h6cm\/#primaryimage","url":"https:\/\/pro.costa-verde.com\/wp-content\/uploads\/2021\/09\/UNIVERSAL-Taca-12-h6cm.jpg","contentUrl":"https:\/\/pro.costa-verde.com\/wp-content\/uploads\/2021\/09\/UNIVERSAL-Taca-12-h6cm.jpg","width":1920,"height":1230,"caption":"UNIVERSAL -Bol 12 h6cm"},{"@type":"BreadcrumbList","@id":"https:\/\/pro.costa-verde.com\/produto\/taca-12-h6cm\/#breadcrumb","itemListElement":[{"@type":"ListItem","position":1,"name":"In\u00edcio","item":"https:\/\/pro.costa-verde.com\/es\/"},{"@type":"ListItem","position":2,"name":"Loja online","item":"https:\/\/pro.costa-verde.com\/loja-online\/"},{"@type":"ListItem","position":3,"name":"Bol 12 h6cm"}]},{"@type":"WebSite","@id":"https:\/\/pro.costa-verde.com\/#website","url":"https:\/\/pro.costa-verde.com\/","name":"Costa Verde","description":"Loja Online","potentialAction":[{"@type":"SearchAction","target":{"@type":"EntryPoint","urlTemplate":"https:\/\/pro.costa-verde.com\/?s={search_term_string}"},"query-input":{"@type":"PropertyValueSpecification","valueRequired":true,"valueName":"search_term_string"}}],"inLanguage":"es"}]}},"_links":{"self":[{"href":"https:\/\/pro.costa-verde.com\/es\/wp-json\/wp\/v2\/product\/19560","targetHints":{"allow":["GET"]}}],"collection":[{"href":"https:\/\/pro.costa-verde.com\/es\/wp-json\/wp\/v2\/product"}],"about":[{"href":"https:\/\/pro.costa-verde.com\/es\/wp-json\/wp\/v2\/types\/product"}],"replies":[{"embeddable":true,"href":"https:\/\/pro.costa-verde.com\/es\/wp-json\/wp\/v2\/comments?post=19560"}],"version-history":[{"count":1,"href":"https:\/\/pro.costa-verde.com\/es\/wp-json\/wp\/v2\/product\/19560\/revisions"}],"predecessor-version":[{"id":39758,"href":"https:\/\/pro.costa-verde.com\/es\/wp-json\/wp\/v2\/product\/19560\/revisions\/39758"}],"wp:featuredmedia":[{"embeddable":true,"href":"https:\/\/pro.costa-verde.com\/es\/wp-json\/wp\/v2\/media\/36099"}],"wp:attachment":[{"href":"https:\/\/pro.costa-verde.com\/es\/wp-json\/wp\/v2\/media?parent=19560"}],"wp:term":[{"taxonomy":"product_brand","embeddable":true,"href":"https:\/\/pro.costa-verde.com\/es\/wp-json\/wp\/v2\/product_brand?post=19560"},{"taxonomy":"product_cat","embeddable":true,"href":"https:\/\/pro.costa-verde.com\/es\/wp-json\/wp\/v2\/product_cat?post=19560"},{"taxonomy":"product_tag","embeddable":true,"href":"https:\/\/pro.costa-verde.com\/es\/wp-json\/wp\/v2\/product_tag?post=19560"}],"curies":[{"name":"wp","href":"https:\/\/api.w.org\/{rel}","templated":true}]}}