{"id":69886,"date":"2026-04-09T17:14:56","date_gmt":"2026-04-09T16:14:56","guid":{"rendered":"https:\/\/pro.costa-verde.com\/?page_id=69886"},"modified":"2026-04-10T11:26:11","modified_gmt":"2026-04-10T10:26:11","slug":"costa-verde-en-el-evento-gastronomico-peixe-corte","status":"publish","type":"page","link":"https:\/\/pro.costa-verde.com\/es\/costa-verde-en-el-evento-gastronomico-peixe-corte\/","title":{"rendered":"Costa Verde en el evento gastron\u00f3mico Peixe &#038; Corte"},"content":{"rendered":"\t\t<div data-elementor-type=\"wp-page\" data-elementor-id=\"69886\" class=\"elementor elementor-69886 elementor-69884\" data-elementor-post-type=\"page\">\n\t\t\t\t\t\t<section class=\"elementor-section elementor-top-section elementor-element elementor-element-4e696d57 elementor-section-boxed elementor-section-height-default elementor-section-height-default\" data-id=\"4e696d57\" data-element_type=\"section\">\n\t\t\t\t\t\t<div class=\"elementor-container elementor-column-gap-default\">\n\t\t\t\t\t<div class=\"elementor-column elementor-col-100 elementor-top-column elementor-element elementor-element-7149df70\" data-id=\"7149df70\" data-element_type=\"column\">\n\t\t\t<div class=\"elementor-widget-wrap elementor-element-populated\">\n\t\t\t\t\t\t<div class=\"elementor-element elementor-element-3311861 elementor-widget elementor-widget-image\" data-id=\"3311861\" data-element_type=\"widget\" data-widget_type=\"image.default\">\n\t\t\t\t<div class=\"elementor-widget-container\">\n\t\t\t\t\t\t\t\t\t\t\t\t\t\t\t<img fetchpriority=\"high\" decoding=\"async\" width=\"605\" height=\"876\" src=\"https:\/\/pro.costa-verde.com\/wp-content\/uploads\/2026\/04\/Novo_Chefes.jpg\" class=\"attachment-large size-large wp-image-69934\" alt=\"\" srcset=\"https:\/\/pro.costa-verde.com\/wp-content\/uploads\/2026\/04\/Novo_Chefes.jpg 605w, https:\/\/pro.costa-verde.com\/wp-content\/uploads\/2026\/04\/Novo_Chefes-207x300.jpg 207w, https:\/\/pro.costa-verde.com\/wp-content\/uploads\/2026\/04\/Novo_Chefes-300x434.jpg 300w, https:\/\/pro.costa-verde.com\/wp-content\/uploads\/2026\/04\/Novo_Chefes-600x869.jpg 600w, https:\/\/pro.costa-verde.com\/wp-content\/uploads\/2026\/04\/Novo_Chefes-104x150.jpg 104w\" sizes=\"(max-width: 605px) 100vw, 605px\" \/>\t\t\t\t\t\t\t\t\t\t\t\t\t\t\t<\/div>\n\t\t\t\t<\/div>\n\t\t\t\t<div class=\"elementor-element elementor-element-7843fbcb elementor-widget elementor-widget-text-editor\" data-id=\"7843fbcb\" data-element_type=\"widget\" data-widget_type=\"text-editor.default\">\n\t\t\t\t<div class=\"elementor-widget-container\">\n\t\t\t\t\t\t\t\t\t<p data-start=\"897\" data-end=\"1283\">El <strong>restaurante S\u00f3ce<\/strong>, en Set\u00fabal, acogi\u00f3 la segunda edici\u00f3n del <strong>evento gastron\u00f3mico <em data-start=\"980\" data-end=\"995\">Peixe &amp; Corte<\/em><\/strong>, bajo la direcci\u00f3n del <strong>chef Mauro Loureiro<\/strong>. La cena reuni\u00f3 a los chefs <strong>Vasco Coelho Santos<\/strong> y <strong>Nicu Iastremschii<\/strong> en un concepto centrado en la valorizaci\u00f3n del pez espada capturado frente a la costa de Sesimbra, incluyendo un despiece en vivo que dio lugar a un men\u00fa creado en tiempo real.<\/p><p data-start=\"1285\" data-end=\"1680\">El evento destac\u00f3 la sostenibilidad, el aprovechamiento integral del producto y la conexi\u00f3n entre gastronom\u00eda y vino, con maridaje de <strong>Quinta do Vallado<\/strong>. La experiencia cont\u00f3 adem\u00e1s con la participaci\u00f3n de alumnos de la <strong>Escuela de Hosteler\u00eda y Turismo de Set\u00fabal<\/strong> y con la colaboraci\u00f3n de <strong>Costa Verde<\/strong>, cuya vajilla contribuy\u00f3 de forma decisiva a la presentaci\u00f3n y elevaci\u00f3n est\u00e9tica de los platos.<\/p>\t\t\t\t\t\t\t\t<\/div>\n\t\t\t\t<\/div>\n\t\t\t\t\t<\/div>\n\t\t<\/div>\n\t\t\t\t\t<\/div>\n\t\t<\/section>\n\t\t\t\t<\/div>\n\t\t","protected":false},"excerpt":{"rendered":"<p>El restaurante S\u00f3ce, en Set\u00fabal, acogi\u00f3 la segunda edici\u00f3n del evento gastron\u00f3mico Peixe &amp; Corte, bajo la direcci\u00f3n del chef Mauro Loureiro. La cena reuni\u00f3 a los chefs Vasco Coelho Santos y Nicu Iastremschii en un concepto centrado en la valorizaci\u00f3n del pez espada capturado frente a la costa de Sesimbra, incluyendo un despiece en [&hellip;]<\/p>\n","protected":false},"author":438,"featured_media":69934,"parent":0,"menu_order":0,"comment_status":"open","ping_status":"closed","template":"","meta":{"footnotes":""},"class_list":["post-69886","page","type-page","status-publish","has-post-thumbnail","hentry"],"yoast_head":"<!-- This site is optimized with the Yoast SEO plugin v26.9 - https:\/\/yoast.com\/product\/yoast-seo-wordpress\/ -->\n<title>Costa Verde en el evento gastron\u00f3mico Peixe &amp; Corte - Costa Verde<\/title>\n<meta name=\"description\" content=\"El restaurante S\u00f3ce, en Set\u00fabal, acogi\u00f3 la segunda edici\u00f3n del evento gastron\u00f3mico Peixe &amp; Corte, bajo la direcci\u00f3n del chef Mauro Loureiro!\" \/>\n<meta name=\"robots\" content=\"index, follow, max-snippet:-1, max-image-preview:large, max-video-preview:-1\" \/>\n<link rel=\"canonical\" href=\"https:\/\/pro.costa-verde.com\/es\/costa-verde-en-el-evento-gastronomico-peixe-corte\/\" \/>\n<meta property=\"og:locale\" content=\"es_ES\" \/>\n<meta property=\"og:type\" content=\"article\" \/>\n<meta property=\"og:title\" content=\"Costa Verde en el evento gastron\u00f3mico Peixe &amp; Corte - Costa Verde\" \/>\n<meta property=\"og:description\" content=\"El restaurante S\u00f3ce, en Set\u00fabal, acogi\u00f3 la segunda edici\u00f3n del evento gastron\u00f3mico Peixe &amp; Corte, bajo la direcci\u00f3n del chef Mauro Loureiro!\" \/>\n<meta property=\"og:url\" content=\"https:\/\/pro.costa-verde.com\/es\/costa-verde-en-el-evento-gastronomico-peixe-corte\/\" \/>\n<meta property=\"og:site_name\" content=\"Costa Verde\" \/>\n<meta property=\"article:publisher\" content=\"https:\/\/www.facebook.com\/costaverdeporcelanas\/\" \/>\n<meta property=\"article:modified_time\" content=\"2026-04-10T10:26:11+00:00\" \/>\n<meta property=\"og:image\" content=\"https:\/\/pro.costa-verde.com\/wp-content\/uploads\/2026\/04\/Chefes.jpg\" \/>\n\t<meta property=\"og:image:width\" content=\"631\" \/>\n\t<meta property=\"og:image:height\" content=\"876\" \/>\n\t<meta property=\"og:image:type\" content=\"image\/jpeg\" \/>\n<meta name=\"twitter:card\" content=\"summary_large_image\" \/>\n<meta name=\"twitter:label1\" content=\"Tiempo de lectura\" \/>\n\t<meta name=\"twitter:data1\" content=\"1 minuto\" \/>\n<script type=\"application\/ld+json\" class=\"yoast-schema-graph\">{\"@context\":\"https:\/\/schema.org\",\"@graph\":[{\"@type\":\"WebPage\",\"@id\":\"https:\/\/pro.costa-verde.com\/es\/costa-verde-en-el-evento-gastronomico-peixe-corte\/\",\"url\":\"https:\/\/pro.costa-verde.com\/es\/costa-verde-en-el-evento-gastronomico-peixe-corte\/\",\"name\":\"Costa Verde en el evento gastron\u00f3mico Peixe & Corte - Costa Verde\",\"isPartOf\":{\"@id\":\"https:\/\/pro.costa-verde.com\/#website\"},\"primaryImageOfPage\":{\"@id\":\"https:\/\/pro.costa-verde.com\/es\/costa-verde-en-el-evento-gastronomico-peixe-corte\/#primaryimage\"},\"image\":{\"@id\":\"https:\/\/pro.costa-verde.com\/es\/costa-verde-en-el-evento-gastronomico-peixe-corte\/#primaryimage\"},\"thumbnailUrl\":\"https:\/\/pro.costa-verde.com\/wp-content\/uploads\/2026\/04\/Novo_Chefes.jpg\",\"datePublished\":\"2026-04-09T16:14:56+00:00\",\"dateModified\":\"2026-04-10T10:26:11+00:00\",\"description\":\"El restaurante S\u00f3ce, en Set\u00fabal, acogi\u00f3 la segunda edici\u00f3n del evento gastron\u00f3mico Peixe & Corte, bajo la direcci\u00f3n del chef Mauro Loureiro!\",\"breadcrumb\":{\"@id\":\"https:\/\/pro.costa-verde.com\/es\/costa-verde-en-el-evento-gastronomico-peixe-corte\/#breadcrumb\"},\"inLanguage\":\"es\",\"potentialAction\":[{\"@type\":\"ReadAction\",\"target\":[\"https:\/\/pro.costa-verde.com\/es\/costa-verde-en-el-evento-gastronomico-peixe-corte\/\"]}]},{\"@type\":\"ImageObject\",\"inLanguage\":\"es\",\"@id\":\"https:\/\/pro.costa-verde.com\/es\/costa-verde-en-el-evento-gastronomico-peixe-corte\/#primaryimage\",\"url\":\"https:\/\/pro.costa-verde.com\/wp-content\/uploads\/2026\/04\/Novo_Chefes.jpg\",\"contentUrl\":\"https:\/\/pro.costa-verde.com\/wp-content\/uploads\/2026\/04\/Novo_Chefes.jpg\",\"width\":605,\"height\":876},{\"@type\":\"BreadcrumbList\",\"@id\":\"https:\/\/pro.costa-verde.com\/es\/costa-verde-en-el-evento-gastronomico-peixe-corte\/#breadcrumb\",\"itemListElement\":[{\"@type\":\"ListItem\",\"position\":1,\"name\":\"In\u00edcio\",\"item\":\"https:\/\/pro.costa-verde.com\/es\/\"},{\"@type\":\"ListItem\",\"position\":2,\"name\":\"Costa Verde en el evento gastron\u00f3mico Peixe &#038; Corte\"}]},{\"@type\":\"WebSite\",\"@id\":\"https:\/\/pro.costa-verde.com\/#website\",\"url\":\"https:\/\/pro.costa-verde.com\/\",\"name\":\"Costa Verde\",\"description\":\"Loja Online\",\"potentialAction\":[{\"@type\":\"SearchAction\",\"target\":{\"@type\":\"EntryPoint\",\"urlTemplate\":\"https:\/\/pro.costa-verde.com\/?s={search_term_string}\"},\"query-input\":{\"@type\":\"PropertyValueSpecification\",\"valueRequired\":true,\"valueName\":\"search_term_string\"}}],\"inLanguage\":\"es\"}]}<\/script>\n<!-- \/ Yoast SEO plugin. -->","yoast_head_json":{"title":"Costa Verde en el evento gastron\u00f3mico Peixe & Corte - Costa Verde","description":"El restaurante S\u00f3ce, en Set\u00fabal, acogi\u00f3 la segunda edici\u00f3n del evento gastron\u00f3mico Peixe & Corte, bajo la direcci\u00f3n del chef Mauro Loureiro!","robots":{"index":"index","follow":"follow","max-snippet":"max-snippet:-1","max-image-preview":"max-image-preview:large","max-video-preview":"max-video-preview:-1"},"canonical":"https:\/\/pro.costa-verde.com\/es\/costa-verde-en-el-evento-gastronomico-peixe-corte\/","og_locale":"es_ES","og_type":"article","og_title":"Costa Verde en el evento gastron\u00f3mico Peixe & Corte - Costa Verde","og_description":"El restaurante S\u00f3ce, en Set\u00fabal, acogi\u00f3 la segunda edici\u00f3n del evento gastron\u00f3mico Peixe & Corte, bajo la direcci\u00f3n del chef Mauro Loureiro!","og_url":"https:\/\/pro.costa-verde.com\/es\/costa-verde-en-el-evento-gastronomico-peixe-corte\/","og_site_name":"Costa Verde","article_publisher":"https:\/\/www.facebook.com\/costaverdeporcelanas\/","article_modified_time":"2026-04-10T10:26:11+00:00","og_image":[{"width":631,"height":876,"url":"https:\/\/pro.costa-verde.com\/wp-content\/uploads\/2026\/04\/Chefes.jpg","type":"image\/jpeg"}],"twitter_card":"summary_large_image","twitter_misc":{"Tiempo de lectura":"1 minuto"},"schema":{"@context":"https:\/\/schema.org","@graph":[{"@type":"WebPage","@id":"https:\/\/pro.costa-verde.com\/es\/costa-verde-en-el-evento-gastronomico-peixe-corte\/","url":"https:\/\/pro.costa-verde.com\/es\/costa-verde-en-el-evento-gastronomico-peixe-corte\/","name":"Costa Verde en el evento gastron\u00f3mico Peixe & Corte - Costa Verde","isPartOf":{"@id":"https:\/\/pro.costa-verde.com\/#website"},"primaryImageOfPage":{"@id":"https:\/\/pro.costa-verde.com\/es\/costa-verde-en-el-evento-gastronomico-peixe-corte\/#primaryimage"},"image":{"@id":"https:\/\/pro.costa-verde.com\/es\/costa-verde-en-el-evento-gastronomico-peixe-corte\/#primaryimage"},"thumbnailUrl":"https:\/\/pro.costa-verde.com\/wp-content\/uploads\/2026\/04\/Novo_Chefes.jpg","datePublished":"2026-04-09T16:14:56+00:00","dateModified":"2026-04-10T10:26:11+00:00","description":"El restaurante S\u00f3ce, en Set\u00fabal, acogi\u00f3 la segunda edici\u00f3n del evento gastron\u00f3mico Peixe & Corte, bajo la direcci\u00f3n del chef Mauro Loureiro!","breadcrumb":{"@id":"https:\/\/pro.costa-verde.com\/es\/costa-verde-en-el-evento-gastronomico-peixe-corte\/#breadcrumb"},"inLanguage":"es","potentialAction":[{"@type":"ReadAction","target":["https:\/\/pro.costa-verde.com\/es\/costa-verde-en-el-evento-gastronomico-peixe-corte\/"]}]},{"@type":"ImageObject","inLanguage":"es","@id":"https:\/\/pro.costa-verde.com\/es\/costa-verde-en-el-evento-gastronomico-peixe-corte\/#primaryimage","url":"https:\/\/pro.costa-verde.com\/wp-content\/uploads\/2026\/04\/Novo_Chefes.jpg","contentUrl":"https:\/\/pro.costa-verde.com\/wp-content\/uploads\/2026\/04\/Novo_Chefes.jpg","width":605,"height":876},{"@type":"BreadcrumbList","@id":"https:\/\/pro.costa-verde.com\/es\/costa-verde-en-el-evento-gastronomico-peixe-corte\/#breadcrumb","itemListElement":[{"@type":"ListItem","position":1,"name":"In\u00edcio","item":"https:\/\/pro.costa-verde.com\/es\/"},{"@type":"ListItem","position":2,"name":"Costa Verde en el evento gastron\u00f3mico Peixe &#038; Corte"}]},{"@type":"WebSite","@id":"https:\/\/pro.costa-verde.com\/#website","url":"https:\/\/pro.costa-verde.com\/","name":"Costa Verde","description":"Loja Online","potentialAction":[{"@type":"SearchAction","target":{"@type":"EntryPoint","urlTemplate":"https:\/\/pro.costa-verde.com\/?s={search_term_string}"},"query-input":{"@type":"PropertyValueSpecification","valueRequired":true,"valueName":"search_term_string"}}],"inLanguage":"es"}]}},"_links":{"self":[{"href":"https:\/\/pro.costa-verde.com\/es\/wp-json\/wp\/v2\/pages\/69886","targetHints":{"allow":["GET"]}}],"collection":[{"href":"https:\/\/pro.costa-verde.com\/es\/wp-json\/wp\/v2\/pages"}],"about":[{"href":"https:\/\/pro.costa-verde.com\/es\/wp-json\/wp\/v2\/types\/page"}],"author":[{"embeddable":true,"href":"https:\/\/pro.costa-verde.com\/es\/wp-json\/wp\/v2\/users\/438"}],"replies":[{"embeddable":true,"href":"https:\/\/pro.costa-verde.com\/es\/wp-json\/wp\/v2\/comments?post=69886"}],"version-history":[{"count":10,"href":"https:\/\/pro.costa-verde.com\/es\/wp-json\/wp\/v2\/pages\/69886\/revisions"}],"predecessor-version":[{"id":69948,"href":"https:\/\/pro.costa-verde.com\/es\/wp-json\/wp\/v2\/pages\/69886\/revisions\/69948"}],"wp:featuredmedia":[{"embeddable":true,"href":"https:\/\/pro.costa-verde.com\/es\/wp-json\/wp\/v2\/media\/69934"}],"wp:attachment":[{"href":"https:\/\/pro.costa-verde.com\/es\/wp-json\/wp\/v2\/media?parent=69886"}],"curies":[{"name":"wp","href":"https:\/\/api.w.org\/{rel}","templated":true}]}}