{"id":69198,"date":"2026-02-10T10:21:56","date_gmt":"2026-02-10T10:21:56","guid":{"rendered":"https:\/\/pro.costa-verde.com\/?page_id=69198"},"modified":"2026-02-10T10:24:53","modified_gmt":"2026-02-10T10:24:53","slug":"accion-de-difusion-y-divulgacion-de-resultados-del-proyecto-cipocer","status":"publish","type":"page","link":"https:\/\/pro.costa-verde.com\/es\/accion-de-difusion-y-divulgacion-de-resultados-del-proyecto-cipocer\/","title":{"rendered":"Acci\u00f3n de difusi\u00f3n y divulgaci\u00f3n de resultados del proyecto CiPoCer"},"content":{"rendered":"\t\t<div data-elementor-type=\"wp-page\" data-elementor-id=\"69198\" class=\"elementor elementor-69198 elementor-69196\" data-elementor-post-type=\"page\">\n\t\t\t\t\t\t<section class=\"elementor-section elementor-top-section elementor-element elementor-element-4e696d57 elementor-section-boxed elementor-section-height-default elementor-section-height-default\" data-id=\"4e696d57\" data-element_type=\"section\">\n\t\t\t\t\t\t<div class=\"elementor-container elementor-column-gap-default\">\n\t\t\t\t\t<div class=\"elementor-column elementor-col-100 elementor-top-column elementor-element elementor-element-7149df70\" data-id=\"7149df70\" data-element_type=\"column\">\n\t\t\t<div class=\"elementor-widget-wrap elementor-element-populated\">\n\t\t\t\t\t\t<div class=\"elementor-element elementor-element-3311861 elementor-widget elementor-widget-image\" data-id=\"3311861\" data-element_type=\"widget\" data-widget_type=\"image.default\">\n\t\t\t\t<div class=\"elementor-widget-container\">\n\t\t\t\t\t\t\t\t\t\t\t\t\t\t\t<img fetchpriority=\"high\" decoding=\"async\" width=\"1024\" height=\"768\" src=\"https:\/\/pro.costa-verde.com\/wp-content\/uploads\/2026\/02\/Apresentacao-de-tese-Sofia-Caldas-1-1024x768.jpg\" class=\"attachment-large size-large wp-image-69202\" alt=\"\" srcset=\"https:\/\/pro.costa-verde.com\/wp-content\/uploads\/2026\/02\/Apresentacao-de-tese-Sofia-Caldas-1-1024x768.jpg 1024w, https:\/\/pro.costa-verde.com\/wp-content\/uploads\/2026\/02\/Apresentacao-de-tese-Sofia-Caldas-1-300x225.jpg 300w, https:\/\/pro.costa-verde.com\/wp-content\/uploads\/2026\/02\/Apresentacao-de-tese-Sofia-Caldas-1-768x576.jpg 768w, https:\/\/pro.costa-verde.com\/wp-content\/uploads\/2026\/02\/Apresentacao-de-tese-Sofia-Caldas-1-1536x1152.jpg 1536w, https:\/\/pro.costa-verde.com\/wp-content\/uploads\/2026\/02\/Apresentacao-de-tese-Sofia-Caldas-1-600x450.jpg 600w, https:\/\/pro.costa-verde.com\/wp-content\/uploads\/2026\/02\/Apresentacao-de-tese-Sofia-Caldas-1-120x90.jpg 120w, https:\/\/pro.costa-verde.com\/wp-content\/uploads\/2026\/02\/Apresentacao-de-tese-Sofia-Caldas-1.jpg 1920w\" sizes=\"(max-width: 1024px) 100vw, 1024px\" \/>\t\t\t\t\t\t\t\t\t\t\t\t\t\t\t<\/div>\n\t\t\t\t<\/div>\n\t\t\t\t<div class=\"elementor-element elementor-element-7843fbcb elementor-widget elementor-widget-text-editor\" data-id=\"7843fbcb\" data-element_type=\"widget\" data-widget_type=\"text-editor.default\">\n\t\t\t\t<div class=\"elementor-widget-container\">\n\t\t\t\t\t\t\t\t\t<p data-start=\"1371\" data-end=\"1683\">La <strong>Universidad de Aveiro<\/strong> fue el escenario de una acci\u00f3n de difusi\u00f3n y divulgaci\u00f3n de resultados del <strong>proyecto CiPoCer<\/strong>, a trav\u00e9s de la presentaci\u00f3n de la tesis de m\u00e1ster en <strong>Ingenier\u00eda Qu\u00edmica<\/strong> titulada <em data-start=\"1570\" data-end=\"1640\">\u201cCircularidad aplicada a residuos polim\u00e9ricos en el sector cer\u00e1mico\u201d<\/em>, elaborada por la estudiante<strong> Sofia Caldas<\/strong>.<\/p><p data-start=\"1685\" data-end=\"2045\">Esta presentaci\u00f3n se enmarca en los objetivos del proyecto CiPoCer, cuyo enfoque se centra en el desarrollo de procesos innovadores para la valorizaci\u00f3n de residuos polim\u00e9ricos generados durante la producci\u00f3n de cer\u00e1mica de mesa. En el \u00e1mbito del trabajo desarrollado, la investigaci\u00f3n se centr\u00f3 espec\u00edficamente en el reciclaje de residuos de poliuretano (PU).<\/p><p data-start=\"2047\" data-end=\"2434\">A lo largo del estudio, se analizaron y optimizaron las condiciones de reciclaje con el objetivo de reincorporar el material reciclado en el proceso de producci\u00f3n. Los resultados obtenidos demuestran el potencial de este m\u00e9todo de reciclaje como sustituto parcial de materias primas v\u00edrgenes, contribuyendo as\u00ed a la promoci\u00f3n de la circularidad y la sostenibilidad en el sector cer\u00e1mico.<\/p><p data-start=\"2436\" data-end=\"2711\">La presentaci\u00f3n de la tesis constituy\u00f3, de este modo, un importante momento de intercambio de conocimiento y de difusi\u00f3n de los resultados alcanzados en el marco del proyecto CiPoCer, reforzando el compromiso con la innovaci\u00f3n y la econom\u00eda circular en la industria cer\u00e1mica.<\/p><p data-start=\"2713\" data-end=\"2744\">\u00a1Conozca m\u00e1s sobre el <a href=\"https:\/\/pro.costa-verde.com\/es\/proyecto-cipocer\/\">proyecto<\/a>!<\/p>\t\t\t\t\t\t\t\t<\/div>\n\t\t\t\t<\/div>\n\t\t\t\t\t<\/div>\n\t\t<\/div>\n\t\t\t\t\t<\/div>\n\t\t<\/section>\n\t\t\t\t<\/div>\n\t\t","protected":false},"excerpt":{"rendered":"<p>La Universidad de Aveiro fue el escenario de una acci\u00f3n de difusi\u00f3n y divulgaci\u00f3n de resultados del proyecto CiPoCer, a trav\u00e9s de la presentaci\u00f3n de la tesis de m\u00e1ster en Ingenier\u00eda Qu\u00edmica titulada \u201cCircularidad aplicada a residuos polim\u00e9ricos en el sector cer\u00e1mico\u201d, elaborada por la estudiante Sofia Caldas. Esta presentaci\u00f3n se enmarca en los objetivos [&hellip;]<\/p>\n","protected":false},"author":438,"featured_media":69202,"parent":0,"menu_order":0,"comment_status":"open","ping_status":"closed","template":"","meta":{"footnotes":""},"class_list":["post-69198","page","type-page","status-publish","has-post-thumbnail","hentry"],"yoast_head":"<!-- This site is optimized with the Yoast SEO plugin v26.9 - https:\/\/yoast.com\/product\/yoast-seo-wordpress\/ -->\n<title>Acci\u00f3n de difusi\u00f3n y divulgaci\u00f3n de resultados del proyecto CiPoCer - Costa Verde<\/title>\n<meta name=\"description\" content=\"La Universidad de Aveiro fue el escenario de una acci\u00f3n de difusi\u00f3n y divulgaci\u00f3n de resultados del proyecto CiPoCer. Sepa m\u00e1s!\" \/>\n<meta name=\"robots\" content=\"index, follow, max-snippet:-1, max-image-preview:large, max-video-preview:-1\" \/>\n<link rel=\"canonical\" href=\"https:\/\/pro.costa-verde.com\/es\/accion-de-difusion-y-divulgacion-de-resultados-del-proyecto-cipocer\/\" \/>\n<meta property=\"og:locale\" content=\"es_ES\" \/>\n<meta property=\"og:type\" content=\"article\" \/>\n<meta property=\"og:title\" content=\"Acci\u00f3n de difusi\u00f3n y divulgaci\u00f3n de resultados del proyecto CiPoCer - Costa Verde\" \/>\n<meta property=\"og:description\" content=\"La Universidad de Aveiro fue el escenario de una acci\u00f3n de difusi\u00f3n y divulgaci\u00f3n de resultados del proyecto CiPoCer. Sepa m\u00e1s!\" \/>\n<meta property=\"og:url\" content=\"https:\/\/pro.costa-verde.com\/es\/accion-de-difusion-y-divulgacion-de-resultados-del-proyecto-cipocer\/\" \/>\n<meta property=\"og:site_name\" content=\"Costa Verde\" \/>\n<meta property=\"article:publisher\" content=\"https:\/\/www.facebook.com\/costaverdeporcelanas\/\" \/>\n<meta property=\"article:modified_time\" content=\"2026-02-10T10:24:53+00:00\" \/>\n<meta property=\"og:image\" content=\"https:\/\/pro.costa-verde.com\/wp-content\/uploads\/2026\/02\/Apresentacao-de-tese-Sofia-Caldas-1.jpg\" \/>\n\t<meta property=\"og:image:width\" content=\"1920\" \/>\n\t<meta property=\"og:image:height\" content=\"1440\" \/>\n\t<meta property=\"og:image:type\" content=\"image\/jpeg\" \/>\n<meta name=\"twitter:card\" content=\"summary_large_image\" \/>\n<meta name=\"twitter:label1\" content=\"Tiempo de lectura\" \/>\n\t<meta name=\"twitter:data1\" content=\"2 minutos\" \/>\n<script type=\"application\/ld+json\" class=\"yoast-schema-graph\">{\"@context\":\"https:\/\/schema.org\",\"@graph\":[{\"@type\":\"WebPage\",\"@id\":\"https:\/\/pro.costa-verde.com\/es\/accion-de-difusion-y-divulgacion-de-resultados-del-proyecto-cipocer\/\",\"url\":\"https:\/\/pro.costa-verde.com\/es\/accion-de-difusion-y-divulgacion-de-resultados-del-proyecto-cipocer\/\",\"name\":\"Acci\u00f3n de difusi\u00f3n y divulgaci\u00f3n de resultados del proyecto CiPoCer - Costa Verde\",\"isPartOf\":{\"@id\":\"https:\/\/pro.costa-verde.com\/#website\"},\"primaryImageOfPage\":{\"@id\":\"https:\/\/pro.costa-verde.com\/es\/accion-de-difusion-y-divulgacion-de-resultados-del-proyecto-cipocer\/#primaryimage\"},\"image\":{\"@id\":\"https:\/\/pro.costa-verde.com\/es\/accion-de-difusion-y-divulgacion-de-resultados-del-proyecto-cipocer\/#primaryimage\"},\"thumbnailUrl\":\"https:\/\/pro.costa-verde.com\/wp-content\/uploads\/2026\/02\/Apresentacao-de-tese-Sofia-Caldas-1.jpg\",\"datePublished\":\"2026-02-10T10:21:56+00:00\",\"dateModified\":\"2026-02-10T10:24:53+00:00\",\"description\":\"La Universidad de Aveiro fue el escenario de una acci\u00f3n de difusi\u00f3n y divulgaci\u00f3n de resultados del proyecto CiPoCer. Sepa m\u00e1s!\",\"breadcrumb\":{\"@id\":\"https:\/\/pro.costa-verde.com\/es\/accion-de-difusion-y-divulgacion-de-resultados-del-proyecto-cipocer\/#breadcrumb\"},\"inLanguage\":\"es\",\"potentialAction\":[{\"@type\":\"ReadAction\",\"target\":[\"https:\/\/pro.costa-verde.com\/es\/accion-de-difusion-y-divulgacion-de-resultados-del-proyecto-cipocer\/\"]}]},{\"@type\":\"ImageObject\",\"inLanguage\":\"es\",\"@id\":\"https:\/\/pro.costa-verde.com\/es\/accion-de-difusion-y-divulgacion-de-resultados-del-proyecto-cipocer\/#primaryimage\",\"url\":\"https:\/\/pro.costa-verde.com\/wp-content\/uploads\/2026\/02\/Apresentacao-de-tese-Sofia-Caldas-1.jpg\",\"contentUrl\":\"https:\/\/pro.costa-verde.com\/wp-content\/uploads\/2026\/02\/Apresentacao-de-tese-Sofia-Caldas-1.jpg\",\"width\":1920,\"height\":1440},{\"@type\":\"BreadcrumbList\",\"@id\":\"https:\/\/pro.costa-verde.com\/es\/accion-de-difusion-y-divulgacion-de-resultados-del-proyecto-cipocer\/#breadcrumb\",\"itemListElement\":[{\"@type\":\"ListItem\",\"position\":1,\"name\":\"In\u00edcio\",\"item\":\"https:\/\/pro.costa-verde.com\/es\/\"},{\"@type\":\"ListItem\",\"position\":2,\"name\":\"Acci\u00f3n de difusi\u00f3n y divulgaci\u00f3n de resultados del proyecto CiPoCer\"}]},{\"@type\":\"WebSite\",\"@id\":\"https:\/\/pro.costa-verde.com\/#website\",\"url\":\"https:\/\/pro.costa-verde.com\/\",\"name\":\"Costa Verde\",\"description\":\"Loja Online\",\"potentialAction\":[{\"@type\":\"SearchAction\",\"target\":{\"@type\":\"EntryPoint\",\"urlTemplate\":\"https:\/\/pro.costa-verde.com\/?s={search_term_string}\"},\"query-input\":{\"@type\":\"PropertyValueSpecification\",\"valueRequired\":true,\"valueName\":\"search_term_string\"}}],\"inLanguage\":\"es\"}]}<\/script>\n<!-- \/ Yoast SEO plugin. -->","yoast_head_json":{"title":"Acci\u00f3n de difusi\u00f3n y divulgaci\u00f3n de resultados del proyecto CiPoCer - Costa Verde","description":"La Universidad de Aveiro fue el escenario de una acci\u00f3n de difusi\u00f3n y divulgaci\u00f3n de resultados del proyecto CiPoCer. Sepa m\u00e1s!","robots":{"index":"index","follow":"follow","max-snippet":"max-snippet:-1","max-image-preview":"max-image-preview:large","max-video-preview":"max-video-preview:-1"},"canonical":"https:\/\/pro.costa-verde.com\/es\/accion-de-difusion-y-divulgacion-de-resultados-del-proyecto-cipocer\/","og_locale":"es_ES","og_type":"article","og_title":"Acci\u00f3n de difusi\u00f3n y divulgaci\u00f3n de resultados del proyecto CiPoCer - Costa Verde","og_description":"La Universidad de Aveiro fue el escenario de una acci\u00f3n de difusi\u00f3n y divulgaci\u00f3n de resultados del proyecto CiPoCer. Sepa m\u00e1s!","og_url":"https:\/\/pro.costa-verde.com\/es\/accion-de-difusion-y-divulgacion-de-resultados-del-proyecto-cipocer\/","og_site_name":"Costa Verde","article_publisher":"https:\/\/www.facebook.com\/costaverdeporcelanas\/","article_modified_time":"2026-02-10T10:24:53+00:00","og_image":[{"width":1920,"height":1440,"url":"https:\/\/pro.costa-verde.com\/wp-content\/uploads\/2026\/02\/Apresentacao-de-tese-Sofia-Caldas-1.jpg","type":"image\/jpeg"}],"twitter_card":"summary_large_image","twitter_misc":{"Tiempo de lectura":"2 minutos"},"schema":{"@context":"https:\/\/schema.org","@graph":[{"@type":"WebPage","@id":"https:\/\/pro.costa-verde.com\/es\/accion-de-difusion-y-divulgacion-de-resultados-del-proyecto-cipocer\/","url":"https:\/\/pro.costa-verde.com\/es\/accion-de-difusion-y-divulgacion-de-resultados-del-proyecto-cipocer\/","name":"Acci\u00f3n de difusi\u00f3n y divulgaci\u00f3n de resultados del proyecto CiPoCer - Costa Verde","isPartOf":{"@id":"https:\/\/pro.costa-verde.com\/#website"},"primaryImageOfPage":{"@id":"https:\/\/pro.costa-verde.com\/es\/accion-de-difusion-y-divulgacion-de-resultados-del-proyecto-cipocer\/#primaryimage"},"image":{"@id":"https:\/\/pro.costa-verde.com\/es\/accion-de-difusion-y-divulgacion-de-resultados-del-proyecto-cipocer\/#primaryimage"},"thumbnailUrl":"https:\/\/pro.costa-verde.com\/wp-content\/uploads\/2026\/02\/Apresentacao-de-tese-Sofia-Caldas-1.jpg","datePublished":"2026-02-10T10:21:56+00:00","dateModified":"2026-02-10T10:24:53+00:00","description":"La Universidad de Aveiro fue el escenario de una acci\u00f3n de difusi\u00f3n y divulgaci\u00f3n de resultados del proyecto CiPoCer. Sepa m\u00e1s!","breadcrumb":{"@id":"https:\/\/pro.costa-verde.com\/es\/accion-de-difusion-y-divulgacion-de-resultados-del-proyecto-cipocer\/#breadcrumb"},"inLanguage":"es","potentialAction":[{"@type":"ReadAction","target":["https:\/\/pro.costa-verde.com\/es\/accion-de-difusion-y-divulgacion-de-resultados-del-proyecto-cipocer\/"]}]},{"@type":"ImageObject","inLanguage":"es","@id":"https:\/\/pro.costa-verde.com\/es\/accion-de-difusion-y-divulgacion-de-resultados-del-proyecto-cipocer\/#primaryimage","url":"https:\/\/pro.costa-verde.com\/wp-content\/uploads\/2026\/02\/Apresentacao-de-tese-Sofia-Caldas-1.jpg","contentUrl":"https:\/\/pro.costa-verde.com\/wp-content\/uploads\/2026\/02\/Apresentacao-de-tese-Sofia-Caldas-1.jpg","width":1920,"height":1440},{"@type":"BreadcrumbList","@id":"https:\/\/pro.costa-verde.com\/es\/accion-de-difusion-y-divulgacion-de-resultados-del-proyecto-cipocer\/#breadcrumb","itemListElement":[{"@type":"ListItem","position":1,"name":"In\u00edcio","item":"https:\/\/pro.costa-verde.com\/es\/"},{"@type":"ListItem","position":2,"name":"Acci\u00f3n de difusi\u00f3n y divulgaci\u00f3n de resultados del proyecto CiPoCer"}]},{"@type":"WebSite","@id":"https:\/\/pro.costa-verde.com\/#website","url":"https:\/\/pro.costa-verde.com\/","name":"Costa Verde","description":"Loja Online","potentialAction":[{"@type":"SearchAction","target":{"@type":"EntryPoint","urlTemplate":"https:\/\/pro.costa-verde.com\/?s={search_term_string}"},"query-input":{"@type":"PropertyValueSpecification","valueRequired":true,"valueName":"search_term_string"}}],"inLanguage":"es"}]}},"_links":{"self":[{"href":"https:\/\/pro.costa-verde.com\/es\/wp-json\/wp\/v2\/pages\/69198","targetHints":{"allow":["GET"]}}],"collection":[{"href":"https:\/\/pro.costa-verde.com\/es\/wp-json\/wp\/v2\/pages"}],"about":[{"href":"https:\/\/pro.costa-verde.com\/es\/wp-json\/wp\/v2\/types\/page"}],"author":[{"embeddable":true,"href":"https:\/\/pro.costa-verde.com\/es\/wp-json\/wp\/v2\/users\/438"}],"replies":[{"embeddable":true,"href":"https:\/\/pro.costa-verde.com\/es\/wp-json\/wp\/v2\/comments?post=69198"}],"version-history":[{"count":7,"href":"https:\/\/pro.costa-verde.com\/es\/wp-json\/wp\/v2\/pages\/69198\/revisions"}],"predecessor-version":[{"id":69223,"href":"https:\/\/pro.costa-verde.com\/es\/wp-json\/wp\/v2\/pages\/69198\/revisions\/69223"}],"wp:featuredmedia":[{"embeddable":true,"href":"https:\/\/pro.costa-verde.com\/es\/wp-json\/wp\/v2\/media\/69202"}],"wp:attachment":[{"href":"https:\/\/pro.costa-verde.com\/es\/wp-json\/wp\/v2\/media?parent=69198"}],"curies":[{"name":"wp","href":"https:\/\/api.w.org\/{rel}","templated":true}]}}