{"id":69047,"date":"2026-01-28T16:51:05","date_gmt":"2026-01-28T16:51:05","guid":{"rendered":"https:\/\/pro.costa-verde.com\/?page_id=69047"},"modified":"2026-01-30T11:37:46","modified_gmt":"2026-01-30T11:37:46","slug":"el-proyecto-lasermarker-promueve-la-conexion-entre-la-ciencia-y-la-industria-ceramica","status":"publish","type":"page","link":"https:\/\/pro.costa-verde.com\/es\/el-proyecto-lasermarker-promueve-la-conexion-entre-la-ciencia-y-la-industria-ceramica\/","title":{"rendered":"El Proyecto LaserMarKer promueve la conexi\u00f3n entre la ciencia y la industria cer\u00e1mica"},"content":{"rendered":"\t\t<div data-elementor-type=\"wp-page\" data-elementor-id=\"69047\" class=\"elementor elementor-69047\" data-elementor-post-type=\"page\">\n\t\t\t\t\t\t<section class=\"elementor-section elementor-top-section elementor-element elementor-element-4e696d57 elementor-section-boxed elementor-section-height-default elementor-section-height-default\" data-id=\"4e696d57\" data-element_type=\"section\">\n\t\t\t\t\t\t<div class=\"elementor-container elementor-column-gap-default\">\n\t\t\t\t\t<div class=\"elementor-column elementor-col-100 elementor-top-column elementor-element elementor-element-7149df70\" data-id=\"7149df70\" data-element_type=\"column\">\n\t\t\t<div class=\"elementor-widget-wrap elementor-element-populated\">\n\t\t\t\t\t\t<div class=\"elementor-element elementor-element-3311861 elementor-widget elementor-widget-image\" data-id=\"3311861\" data-element_type=\"widget\" data-widget_type=\"image.default\">\n\t\t\t\t<div class=\"elementor-widget-container\">\n\t\t\t\t\t\t\t\t\t\t\t\t\t\t\t<img fetchpriority=\"high\" decoding=\"async\" width=\"1024\" height=\"768\" src=\"https:\/\/pro.costa-verde.com\/wp-content\/uploads\/2026\/01\/Fotografia-de-grupo-1-1024x768.jpg\" class=\"attachment-large size-large wp-image-69053\" alt=\"\" srcset=\"https:\/\/pro.costa-verde.com\/wp-content\/uploads\/2026\/01\/Fotografia-de-grupo-1-1024x768.jpg 1024w, https:\/\/pro.costa-verde.com\/wp-content\/uploads\/2026\/01\/Fotografia-de-grupo-1-300x225.jpg 300w, https:\/\/pro.costa-verde.com\/wp-content\/uploads\/2026\/01\/Fotografia-de-grupo-1-768x576.jpg 768w, https:\/\/pro.costa-verde.com\/wp-content\/uploads\/2026\/01\/Fotografia-de-grupo-1-1536x1152.jpg 1536w, https:\/\/pro.costa-verde.com\/wp-content\/uploads\/2026\/01\/Fotografia-de-grupo-1-600x450.jpg 600w, https:\/\/pro.costa-verde.com\/wp-content\/uploads\/2026\/01\/Fotografia-de-grupo-1-120x90.jpg 120w, https:\/\/pro.costa-verde.com\/wp-content\/uploads\/2026\/01\/Fotografia-de-grupo-1.jpg 1920w\" sizes=\"(max-width: 1024px) 100vw, 1024px\" \/>\t\t\t\t\t\t\t\t\t\t\t\t\t\t\t<\/div>\n\t\t\t\t<\/div>\n\t\t\t\t<div class=\"elementor-element elementor-element-ca34671 elementor-widget elementor-widget-spacer\" data-id=\"ca34671\" data-element_type=\"widget\" data-widget_type=\"spacer.default\">\n\t\t\t\t<div class=\"elementor-widget-container\">\n\t\t\t\t\t\t\t<div class=\"elementor-spacer\">\n\t\t\t<div class=\"elementor-spacer-inner\"><\/div>\n\t\t<\/div>\n\t\t\t\t\t\t<\/div>\n\t\t\t\t<\/div>\n\t\t\t\t<div class=\"elementor-element elementor-element-7843fbcb elementor-widget elementor-widget-text-editor\" data-id=\"7843fbcb\" data-element_type=\"widget\" data-widget_type=\"text-editor.default\">\n\t\t\t\t<div class=\"elementor-widget-container\">\n\t\t\t\t\t\t\t\t\t<p style=\"text-align: justify;\">En enero de 2026, en el marco del <strong data-start=\"2287\" data-end=\"2311\">Proyecto LaserMarKer<\/strong>, se realiz\u00f3 una visita que reuni\u00f3 a estudiantes de m\u00e1ster y doctorado del Departamento de F\u00edsica con la industria cer\u00e1mica, reforzando la conexi\u00f3n entre la investigaci\u00f3n cient\u00edfica y la aplicaci\u00f3n industrial.<\/p><p data-start=\"2524\" data-end=\"2994\">La iniciativa cont\u00f3 con la participaci\u00f3n de estudiantes de la <strong data-start=\"2586\" data-end=\"2612\">Universidade de Aveiro<\/strong>, quienes tuvieron la oportunidad de visitar las instalaciones de <strong data-start=\"2678\" data-end=\"2693\">Costa Verde<\/strong>, donde pudieron conocer de cerca el proceso de producci\u00f3n. Esta visita permiti\u00f3 una comprensi\u00f3n detallada de las diferentes fases de fabricaci\u00f3n, desde la conformaci\u00f3n hasta las etapas finales de acabado, destacando los desaf\u00edos y oportunidades asociados con la innovaci\u00f3n tecnol\u00f3gica en el sector.<\/p><p data-start=\"2996\" data-end=\"3395\">Uno de los principales focos del <strong data-start=\"3029\" data-end=\"3053\">Proyecto LaserMarKer<\/strong> es la integraci\u00f3n de la tecnolog\u00eda l\u00e1ser para la identificaci\u00f3n de piezas a lo largo del proceso de producci\u00f3n, enmarcada en el concepto de <strong data-start=\"3194\" data-end=\"3233\">Pasaporte Digital de Producto (PDP)<\/strong>. Durante la visita se exploraron las potencialidades de esta tecnolog\u00eda como herramienta de trazabilidad, control de calidad y valorizaci\u00f3n del producto final.<\/p><p data-start=\"3397\" data-end=\"3668\">Paralelamente, el proyecto tambi\u00e9n apuesta por el desarrollo de nuevas decoraciones y backstamps aplicados a las piezas de <strong data-start=\"3520\" data-end=\"3526\">CV<\/strong> mediante la tecnolog\u00eda l\u00e1ser, abriendo camino a soluciones innovadoras que combinan funcionalidad, est\u00e9tica y diferenciaci\u00f3n en el mercado.<\/p><p data-start=\"3670\" data-end=\"4169\">La visita cont\u00f3 adem\u00e1s con la participaci\u00f3n de un miembro del <strong data-start=\"3732\" data-end=\"3784\">Centro Tecnol\u00f3gico da Cer\u00e2mica e do Vidro (CTCV)<\/strong>, socio activo en la iniciativa, subrayando la naturaleza colaborativa del consorcio del <strong data-start=\"3873\" data-end=\"3897\">Proyecto LaserMarKer<\/strong>, constituido por <strong data-start=\"3915\" data-end=\"3930\">Costa Verde<\/strong>, <strong data-start=\"3932\" data-end=\"3940\">CTCV<\/strong> y la <strong data-start=\"3946\" data-end=\"3972\">Universidade de Aveiro<\/strong>. Esta colaboraci\u00f3n multidisciplinaria es esencial para el \u00e9xito del proyecto, promoviendo la transferencia de conocimiento, la innovaci\u00f3n tecnol\u00f3gica y la formaci\u00f3n avanzada de recursos humanos.<\/p><p data-start=\"4171\" data-end=\"4452\">El <strong data-start=\"4174\" data-end=\"4198\">Proyecto LaserMarKer<\/strong> se presenta as\u00ed como un ejemplo de cooperaci\u00f3n eficaz entre academia, centros tecnol\u00f3gicos e industria, contribuyendo a la modernizaci\u00f3n del sector cer\u00e1mico y a la adopci\u00f3n de soluciones alineadas con los principios de digitalizaci\u00f3n y sostenibilidad.<\/p>\t\t\t\t\t\t\t\t<\/div>\n\t\t\t\t<\/div>\n\t\t\t\t\t<\/div>\n\t\t<\/div>\n\t\t\t\t\t<\/div>\n\t\t<\/section>\n\t\t\t\t<\/div>\n\t\t","protected":false},"excerpt":{"rendered":"<p>En enero de 2026, en el marco del Proyecto LaserMarKer, se realiz\u00f3 una visita que reuni\u00f3 a estudiantes de m\u00e1ster y doctorado del Departamento de F\u00edsica con la industria cer\u00e1mica, reforzando la conexi\u00f3n entre la investigaci\u00f3n cient\u00edfica y la aplicaci\u00f3n industrial. La iniciativa cont\u00f3 con la participaci\u00f3n de estudiantes de la Universidade de Aveiro, quienes [&hellip;]<\/p>\n","protected":false},"author":438,"featured_media":69053,"parent":0,"menu_order":0,"comment_status":"open","ping_status":"closed","template":"","meta":{"footnotes":""},"class_list":["post-69047","page","type-page","status-publish","has-post-thumbnail","hentry"],"yoast_head":"<!-- This site is optimized with the Yoast SEO plugin v26.9 - https:\/\/yoast.com\/product\/yoast-seo-wordpress\/ -->\n<title>El Proyecto LaserMarKer promueve la conexi\u00f3n entre la ciencia y la industria cer\u00e1mica<\/title>\n<meta name=\"description\" content=\"En enero de 2026, en el marco del Proyecto LaserMarKer, se realiz\u00f3 una visita que reuni\u00f3 a estudiantes del Departamento de F\u00edsica.\" \/>\n<meta name=\"robots\" content=\"index, follow, max-snippet:-1, max-image-preview:large, max-video-preview:-1\" \/>\n<link rel=\"canonical\" href=\"https:\/\/pro.costa-verde.com\/es\/el-proyecto-lasermarker-promueve-la-conexion-entre-la-ciencia-y-la-industria-ceramica\/\" \/>\n<meta property=\"og:locale\" content=\"es_ES\" \/>\n<meta property=\"og:type\" content=\"article\" \/>\n<meta property=\"og:title\" content=\"El Proyecto LaserMarKer promueve la conexi\u00f3n entre la ciencia y la industria cer\u00e1mica\" \/>\n<meta property=\"og:description\" content=\"En enero de 2026, en el marco del Proyecto LaserMarKer, se realiz\u00f3 una visita que reuni\u00f3 a estudiantes del Departamento de F\u00edsica.\" \/>\n<meta property=\"og:url\" content=\"https:\/\/pro.costa-verde.com\/es\/el-proyecto-lasermarker-promueve-la-conexion-entre-la-ciencia-y-la-industria-ceramica\/\" \/>\n<meta property=\"og:site_name\" content=\"Costa Verde\" \/>\n<meta property=\"article:publisher\" content=\"https:\/\/www.facebook.com\/costaverdeporcelanas\/\" \/>\n<meta property=\"article:modified_time\" content=\"2026-01-30T11:37:46+00:00\" \/>\n<meta property=\"og:image\" content=\"https:\/\/pro.costa-verde.com\/wp-content\/uploads\/2026\/01\/Fotografia-de-grupo-1.jpg\" \/>\n\t<meta property=\"og:image:width\" content=\"1920\" \/>\n\t<meta property=\"og:image:height\" content=\"1440\" \/>\n\t<meta property=\"og:image:type\" content=\"image\/jpeg\" \/>\n<meta name=\"twitter:card\" content=\"summary_large_image\" \/>\n<meta name=\"twitter:label1\" content=\"Tiempo de lectura\" \/>\n\t<meta name=\"twitter:data1\" content=\"2 minutos\" \/>\n<script type=\"application\/ld+json\" class=\"yoast-schema-graph\">{\"@context\":\"https:\/\/schema.org\",\"@graph\":[{\"@type\":\"WebPage\",\"@id\":\"https:\/\/pro.costa-verde.com\/es\/el-proyecto-lasermarker-promueve-la-conexion-entre-la-ciencia-y-la-industria-ceramica\/\",\"url\":\"https:\/\/pro.costa-verde.com\/es\/el-proyecto-lasermarker-promueve-la-conexion-entre-la-ciencia-y-la-industria-ceramica\/\",\"name\":\"El Proyecto LaserMarKer promueve la conexi\u00f3n entre la ciencia y la industria cer\u00e1mica\",\"isPartOf\":{\"@id\":\"https:\/\/pro.costa-verde.com\/#website\"},\"primaryImageOfPage\":{\"@id\":\"https:\/\/pro.costa-verde.com\/es\/el-proyecto-lasermarker-promueve-la-conexion-entre-la-ciencia-y-la-industria-ceramica\/#primaryimage\"},\"image\":{\"@id\":\"https:\/\/pro.costa-verde.com\/es\/el-proyecto-lasermarker-promueve-la-conexion-entre-la-ciencia-y-la-industria-ceramica\/#primaryimage\"},\"thumbnailUrl\":\"https:\/\/pro.costa-verde.com\/wp-content\/uploads\/2026\/01\/Fotografia-de-grupo-1.jpg\",\"datePublished\":\"2026-01-28T16:51:05+00:00\",\"dateModified\":\"2026-01-30T11:37:46+00:00\",\"description\":\"En enero de 2026, en el marco del Proyecto LaserMarKer, se realiz\u00f3 una visita que reuni\u00f3 a estudiantes del Departamento de F\u00edsica.\",\"breadcrumb\":{\"@id\":\"https:\/\/pro.costa-verde.com\/es\/el-proyecto-lasermarker-promueve-la-conexion-entre-la-ciencia-y-la-industria-ceramica\/#breadcrumb\"},\"inLanguage\":\"es\",\"potentialAction\":[{\"@type\":\"ReadAction\",\"target\":[\"https:\/\/pro.costa-verde.com\/es\/el-proyecto-lasermarker-promueve-la-conexion-entre-la-ciencia-y-la-industria-ceramica\/\"]}]},{\"@type\":\"ImageObject\",\"inLanguage\":\"es\",\"@id\":\"https:\/\/pro.costa-verde.com\/es\/el-proyecto-lasermarker-promueve-la-conexion-entre-la-ciencia-y-la-industria-ceramica\/#primaryimage\",\"url\":\"https:\/\/pro.costa-verde.com\/wp-content\/uploads\/2026\/01\/Fotografia-de-grupo-1.jpg\",\"contentUrl\":\"https:\/\/pro.costa-verde.com\/wp-content\/uploads\/2026\/01\/Fotografia-de-grupo-1.jpg\",\"width\":1920,\"height\":1440},{\"@type\":\"BreadcrumbList\",\"@id\":\"https:\/\/pro.costa-verde.com\/es\/el-proyecto-lasermarker-promueve-la-conexion-entre-la-ciencia-y-la-industria-ceramica\/#breadcrumb\",\"itemListElement\":[{\"@type\":\"ListItem\",\"position\":1,\"name\":\"In\u00edcio\",\"item\":\"https:\/\/pro.costa-verde.com\/es\/\"},{\"@type\":\"ListItem\",\"position\":2,\"name\":\"El Proyecto LaserMarKer promueve la conexi\u00f3n entre la ciencia y la industria cer\u00e1mica\"}]},{\"@type\":\"WebSite\",\"@id\":\"https:\/\/pro.costa-verde.com\/#website\",\"url\":\"https:\/\/pro.costa-verde.com\/\",\"name\":\"Costa Verde\",\"description\":\"Loja Online\",\"potentialAction\":[{\"@type\":\"SearchAction\",\"target\":{\"@type\":\"EntryPoint\",\"urlTemplate\":\"https:\/\/pro.costa-verde.com\/?s={search_term_string}\"},\"query-input\":{\"@type\":\"PropertyValueSpecification\",\"valueRequired\":true,\"valueName\":\"search_term_string\"}}],\"inLanguage\":\"es\"}]}<\/script>\n<!-- \/ Yoast SEO plugin. -->","yoast_head_json":{"title":"El Proyecto LaserMarKer promueve la conexi\u00f3n entre la ciencia y la industria cer\u00e1mica","description":"En enero de 2026, en el marco del Proyecto LaserMarKer, se realiz\u00f3 una visita que reuni\u00f3 a estudiantes del Departamento de F\u00edsica.","robots":{"index":"index","follow":"follow","max-snippet":"max-snippet:-1","max-image-preview":"max-image-preview:large","max-video-preview":"max-video-preview:-1"},"canonical":"https:\/\/pro.costa-verde.com\/es\/el-proyecto-lasermarker-promueve-la-conexion-entre-la-ciencia-y-la-industria-ceramica\/","og_locale":"es_ES","og_type":"article","og_title":"El Proyecto LaserMarKer promueve la conexi\u00f3n entre la ciencia y la industria cer\u00e1mica","og_description":"En enero de 2026, en el marco del Proyecto LaserMarKer, se realiz\u00f3 una visita que reuni\u00f3 a estudiantes del Departamento de F\u00edsica.","og_url":"https:\/\/pro.costa-verde.com\/es\/el-proyecto-lasermarker-promueve-la-conexion-entre-la-ciencia-y-la-industria-ceramica\/","og_site_name":"Costa Verde","article_publisher":"https:\/\/www.facebook.com\/costaverdeporcelanas\/","article_modified_time":"2026-01-30T11:37:46+00:00","og_image":[{"width":1920,"height":1440,"url":"https:\/\/pro.costa-verde.com\/wp-content\/uploads\/2026\/01\/Fotografia-de-grupo-1.jpg","type":"image\/jpeg"}],"twitter_card":"summary_large_image","twitter_misc":{"Tiempo de lectura":"2 minutos"},"schema":{"@context":"https:\/\/schema.org","@graph":[{"@type":"WebPage","@id":"https:\/\/pro.costa-verde.com\/es\/el-proyecto-lasermarker-promueve-la-conexion-entre-la-ciencia-y-la-industria-ceramica\/","url":"https:\/\/pro.costa-verde.com\/es\/el-proyecto-lasermarker-promueve-la-conexion-entre-la-ciencia-y-la-industria-ceramica\/","name":"El Proyecto LaserMarKer promueve la conexi\u00f3n entre la ciencia y la industria cer\u00e1mica","isPartOf":{"@id":"https:\/\/pro.costa-verde.com\/#website"},"primaryImageOfPage":{"@id":"https:\/\/pro.costa-verde.com\/es\/el-proyecto-lasermarker-promueve-la-conexion-entre-la-ciencia-y-la-industria-ceramica\/#primaryimage"},"image":{"@id":"https:\/\/pro.costa-verde.com\/es\/el-proyecto-lasermarker-promueve-la-conexion-entre-la-ciencia-y-la-industria-ceramica\/#primaryimage"},"thumbnailUrl":"https:\/\/pro.costa-verde.com\/wp-content\/uploads\/2026\/01\/Fotografia-de-grupo-1.jpg","datePublished":"2026-01-28T16:51:05+00:00","dateModified":"2026-01-30T11:37:46+00:00","description":"En enero de 2026, en el marco del Proyecto LaserMarKer, se realiz\u00f3 una visita que reuni\u00f3 a estudiantes del Departamento de F\u00edsica.","breadcrumb":{"@id":"https:\/\/pro.costa-verde.com\/es\/el-proyecto-lasermarker-promueve-la-conexion-entre-la-ciencia-y-la-industria-ceramica\/#breadcrumb"},"inLanguage":"es","potentialAction":[{"@type":"ReadAction","target":["https:\/\/pro.costa-verde.com\/es\/el-proyecto-lasermarker-promueve-la-conexion-entre-la-ciencia-y-la-industria-ceramica\/"]}]},{"@type":"ImageObject","inLanguage":"es","@id":"https:\/\/pro.costa-verde.com\/es\/el-proyecto-lasermarker-promueve-la-conexion-entre-la-ciencia-y-la-industria-ceramica\/#primaryimage","url":"https:\/\/pro.costa-verde.com\/wp-content\/uploads\/2026\/01\/Fotografia-de-grupo-1.jpg","contentUrl":"https:\/\/pro.costa-verde.com\/wp-content\/uploads\/2026\/01\/Fotografia-de-grupo-1.jpg","width":1920,"height":1440},{"@type":"BreadcrumbList","@id":"https:\/\/pro.costa-verde.com\/es\/el-proyecto-lasermarker-promueve-la-conexion-entre-la-ciencia-y-la-industria-ceramica\/#breadcrumb","itemListElement":[{"@type":"ListItem","position":1,"name":"In\u00edcio","item":"https:\/\/pro.costa-verde.com\/es\/"},{"@type":"ListItem","position":2,"name":"El Proyecto LaserMarKer promueve la conexi\u00f3n entre la ciencia y la industria cer\u00e1mica"}]},{"@type":"WebSite","@id":"https:\/\/pro.costa-verde.com\/#website","url":"https:\/\/pro.costa-verde.com\/","name":"Costa Verde","description":"Loja Online","potentialAction":[{"@type":"SearchAction","target":{"@type":"EntryPoint","urlTemplate":"https:\/\/pro.costa-verde.com\/?s={search_term_string}"},"query-input":{"@type":"PropertyValueSpecification","valueRequired":true,"valueName":"search_term_string"}}],"inLanguage":"es"}]}},"_links":{"self":[{"href":"https:\/\/pro.costa-verde.com\/es\/wp-json\/wp\/v2\/pages\/69047","targetHints":{"allow":["GET"]}}],"collection":[{"href":"https:\/\/pro.costa-verde.com\/es\/wp-json\/wp\/v2\/pages"}],"about":[{"href":"https:\/\/pro.costa-verde.com\/es\/wp-json\/wp\/v2\/types\/page"}],"author":[{"embeddable":true,"href":"https:\/\/pro.costa-verde.com\/es\/wp-json\/wp\/v2\/users\/438"}],"replies":[{"embeddable":true,"href":"https:\/\/pro.costa-verde.com\/es\/wp-json\/wp\/v2\/comments?post=69047"}],"version-history":[{"count":11,"href":"https:\/\/pro.costa-verde.com\/es\/wp-json\/wp\/v2\/pages\/69047\/revisions"}],"predecessor-version":[{"id":69079,"href":"https:\/\/pro.costa-verde.com\/es\/wp-json\/wp\/v2\/pages\/69047\/revisions\/69079"}],"wp:featuredmedia":[{"embeddable":true,"href":"https:\/\/pro.costa-verde.com\/es\/wp-json\/wp\/v2\/media\/69053"}],"wp:attachment":[{"href":"https:\/\/pro.costa-verde.com\/es\/wp-json\/wp\/v2\/media?parent=69047"}],"curies":[{"name":"wp","href":"https:\/\/api.w.org\/{rel}","templated":true}]}}