{"id":68040,"date":"2025-12-19T10:59:13","date_gmt":"2025-12-19T10:59:13","guid":{"rendered":"https:\/\/pro.costa-verde.com\/?page_id=68040"},"modified":"2025-12-19T11:07:59","modified_gmt":"2025-12-19T11:07:59","slug":"costa-verde-comparte-buenas-practicas-de-circularidad-en-la-sesion-regional-de-aveiro-de-ecircular","status":"publish","type":"page","link":"https:\/\/pro.costa-verde.com\/es\/costa-verde-comparte-buenas-practicas-de-circularidad-en-la-sesion-regional-de-aveiro-de-ecircular\/","title":{"rendered":"Costa Verde comparte buenas pr\u00e1cticas de circularidad en la Sesi\u00f3n Regional de Aveiro de eCircular"},"content":{"rendered":"\t\t<div data-elementor-type=\"wp-page\" data-elementor-id=\"68040\" class=\"elementor elementor-68040 elementor-68038\" data-elementor-post-type=\"page\">\n\t\t\t\t\t\t<section class=\"elementor-section elementor-top-section elementor-element elementor-element-4e696d57 elementor-section-boxed elementor-section-height-default elementor-section-height-default\" data-id=\"4e696d57\" data-element_type=\"section\">\n\t\t\t\t\t\t<div class=\"elementor-container elementor-column-gap-default\">\n\t\t\t\t\t<div class=\"elementor-column elementor-col-100 elementor-top-column elementor-element elementor-element-7149df70\" data-id=\"7149df70\" data-element_type=\"column\">\n\t\t\t<div class=\"elementor-widget-wrap elementor-element-populated\">\n\t\t\t\t\t\t<div class=\"elementor-element elementor-element-3311861 elementor-widget elementor-widget-image\" data-id=\"3311861\" data-element_type=\"widget\" data-widget_type=\"image.default\">\n\t\t\t\t<div class=\"elementor-widget-container\">\n\t\t\t\t\t\t\t\t\t\t\t\t\t\t\t<img fetchpriority=\"high\" decoding=\"async\" width=\"1024\" height=\"1024\" src=\"https:\/\/pro.costa-verde.com\/wp-content\/uploads\/2025\/12\/noticia_Circular-1024x1024.jpeg\" class=\"attachment-large size-large wp-image-68045\" alt=\"\" srcset=\"https:\/\/pro.costa-verde.com\/wp-content\/uploads\/2025\/12\/noticia_Circular-1024x1024.jpeg 1024w, https:\/\/pro.costa-verde.com\/wp-content\/uploads\/2025\/12\/noticia_Circular-300x300.jpeg 300w, https:\/\/pro.costa-verde.com\/wp-content\/uploads\/2025\/12\/noticia_Circular-150x150.jpeg 150w, https:\/\/pro.costa-verde.com\/wp-content\/uploads\/2025\/12\/noticia_Circular-768x768.jpeg 768w, https:\/\/pro.costa-verde.com\/wp-content\/uploads\/2025\/12\/noticia_Circular-600x600.jpeg 600w, https:\/\/pro.costa-verde.com\/wp-content\/uploads\/2025\/12\/noticia_Circular-120x120.jpeg 120w, https:\/\/pro.costa-verde.com\/wp-content\/uploads\/2025\/12\/noticia_Circular.jpeg 1080w\" sizes=\"(max-width: 1024px) 100vw, 1024px\" \/>\t\t\t\t\t\t\t\t\t\t\t\t\t\t\t<\/div>\n\t\t\t\t<\/div>\n\t\t\t\t<div class=\"elementor-element elementor-element-7843fbcb elementor-widget elementor-widget-text-editor\" data-id=\"7843fbcb\" data-element_type=\"widget\" data-widget_type=\"text-editor.default\">\n\t\t\t\t<div class=\"elementor-widget-container\">\n\t\t\t\t\t\t\t\t\t<p data-start=\"1399\" data-end=\"1676\">Costa Verde estuvo representada por <strong data-start=\"1435\" data-end=\"1453\">Leonor Tavares<\/strong>, responsable del Sistema Integrado de Gesti\u00f3n, en la <strong data-start=\"1507\" data-end=\"1549\">Sesi\u00f3n Regional de Aveiro de eCircular<\/strong>, donde present\u00f3 la estrategia de la empresa en materia de circularidad y los principales resultados alcanzados hasta la fecha.<\/p><p data-start=\"1678\" data-end=\"2096\">Entre las pr\u00e1cticas destacadas se encuentran la reintegraci\u00f3n total de los recortes de producci\u00f3n, el modelo <strong data-start=\"1787\" data-end=\"1798\">Endless<\/strong> fabricado con el 100% de los lodos de <strong data-start=\"1837\" data-end=\"1846\">ETARI<\/strong>, la valorizaci\u00f3n externa del 98% de los residuos, el reciclaje interno de agua, la instalaci\u00f3n de 1MW de paneles fotovoltaicos y la recuperaci\u00f3n de calor de los hornos. Tambi\u00e9n se mencionaron proyectos innovadores como <strong data-start=\"2066\" data-end=\"2077\">CiPoCer<\/strong> y <strong data-start=\"2080\" data-end=\"2095\">LaserMarKer<\/strong>.<\/p><p data-start=\"2098\" data-end=\"2361\">Leonor Tavares subray\u00f3 los principales retos de esta transici\u00f3n, en particular la integraci\u00f3n de residuos complejos y las inversiones en eficiencia energ\u00e9tica, superados mediante una monitorizaci\u00f3n rigurosa, la innovaci\u00f3n y las alianzas con entidades cient\u00edficas.<\/p><p data-start=\"2363\" data-end=\"2569\">Costa Verde reforz\u00f3 que la circularidad es hoy un pilar estrat\u00e9gico, contribuyendo a una mayor eficiencia, a la reducci\u00f3n de los impactos ambientales y al fortalecimiento de la competitividad de la empresa.<\/p>\t\t\t\t\t\t\t\t<\/div>\n\t\t\t\t<\/div>\n\t\t\t\t\t<\/div>\n\t\t<\/div>\n\t\t\t\t\t<\/div>\n\t\t<\/section>\n\t\t\t\t<\/div>\n\t\t","protected":false},"excerpt":{"rendered":"<p>Costa Verde estuvo representada por Leonor Tavares, responsable del Sistema Integrado de Gesti\u00f3n, en la Sesi\u00f3n Regional de Aveiro de eCircular, donde present\u00f3 la estrategia de la empresa en materia de circularidad y los principales resultados alcanzados hasta la fecha. Entre las pr\u00e1cticas destacadas se encuentran la reintegraci\u00f3n total de los recortes de producci\u00f3n, el [&hellip;]<\/p>\n","protected":false},"author":438,"featured_media":68045,"parent":0,"menu_order":0,"comment_status":"open","ping_status":"closed","template":"","meta":{"footnotes":""},"class_list":["post-68040","page","type-page","status-publish","has-post-thumbnail","hentry"],"yoast_head":"<!-- This site is optimized with the Yoast SEO plugin v26.9 - https:\/\/yoast.com\/product\/yoast-seo-wordpress\/ -->\n<title>Costa Verde comparte buenas pr\u00e1cticas de circularidad en la Sesi\u00f3n Regional de Aveiro de eCircular<\/title>\n<meta name=\"description\" content=\"Responsable del CVIS, present\u00f3 en la Sesi\u00f3n Regional de Aveiro de eCircular la estrategia de la empresa en materia de circularidad y los principales resultados alcanzados.\" \/>\n<meta name=\"robots\" content=\"index, follow, max-snippet:-1, max-image-preview:large, max-video-preview:-1\" \/>\n<link rel=\"canonical\" href=\"https:\/\/pro.costa-verde.com\/es\/costa-verde-comparte-buenas-practicas-de-circularidad-en-la-sesion-regional-de-aveiro-de-ecircular\/\" \/>\n<meta property=\"og:locale\" content=\"es_ES\" \/>\n<meta property=\"og:type\" content=\"article\" \/>\n<meta property=\"og:title\" content=\"Costa Verde comparte buenas pr\u00e1cticas de circularidad en la Sesi\u00f3n Regional de Aveiro de eCircular\" \/>\n<meta property=\"og:description\" content=\"Responsable del CVIS, present\u00f3 en la Sesi\u00f3n Regional de Aveiro de eCircular la estrategia de la empresa en materia de circularidad y los principales resultados alcanzados.\" \/>\n<meta property=\"og:url\" content=\"https:\/\/pro.costa-verde.com\/es\/costa-verde-comparte-buenas-practicas-de-circularidad-en-la-sesion-regional-de-aveiro-de-ecircular\/\" \/>\n<meta property=\"og:site_name\" content=\"Costa Verde\" \/>\n<meta property=\"article:publisher\" content=\"https:\/\/www.facebook.com\/costaverdeporcelanas\/\" \/>\n<meta property=\"article:modified_time\" content=\"2025-12-19T11:07:59+00:00\" \/>\n<meta property=\"og:image\" content=\"https:\/\/pro.costa-verde.com\/wp-content\/uploads\/2025\/12\/noticia_Circular.jpeg\" \/>\n\t<meta property=\"og:image:width\" content=\"1080\" \/>\n\t<meta property=\"og:image:height\" content=\"1080\" \/>\n\t<meta property=\"og:image:type\" content=\"image\/jpeg\" \/>\n<meta name=\"twitter:card\" content=\"summary_large_image\" \/>\n<meta name=\"twitter:label1\" content=\"Tiempo de lectura\" \/>\n\t<meta name=\"twitter:data1\" content=\"1 minuto\" \/>\n<script type=\"application\/ld+json\" class=\"yoast-schema-graph\">{\"@context\":\"https:\/\/schema.org\",\"@graph\":[{\"@type\":\"WebPage\",\"@id\":\"https:\/\/pro.costa-verde.com\/es\/costa-verde-comparte-buenas-practicas-de-circularidad-en-la-sesion-regional-de-aveiro-de-ecircular\/\",\"url\":\"https:\/\/pro.costa-verde.com\/es\/costa-verde-comparte-buenas-practicas-de-circularidad-en-la-sesion-regional-de-aveiro-de-ecircular\/\",\"name\":\"Costa Verde comparte buenas pr\u00e1cticas de circularidad en la Sesi\u00f3n Regional de Aveiro de eCircular\",\"isPartOf\":{\"@id\":\"https:\/\/pro.costa-verde.com\/#website\"},\"primaryImageOfPage\":{\"@id\":\"https:\/\/pro.costa-verde.com\/es\/costa-verde-comparte-buenas-practicas-de-circularidad-en-la-sesion-regional-de-aveiro-de-ecircular\/#primaryimage\"},\"image\":{\"@id\":\"https:\/\/pro.costa-verde.com\/es\/costa-verde-comparte-buenas-practicas-de-circularidad-en-la-sesion-regional-de-aveiro-de-ecircular\/#primaryimage\"},\"thumbnailUrl\":\"https:\/\/pro.costa-verde.com\/wp-content\/uploads\/2025\/12\/noticia_Circular.jpeg\",\"datePublished\":\"2025-12-19T10:59:13+00:00\",\"dateModified\":\"2025-12-19T11:07:59+00:00\",\"description\":\"Responsable del CVIS, present\u00f3 en la Sesi\u00f3n Regional de Aveiro de eCircular la estrategia de la empresa en materia de circularidad y los principales resultados alcanzados.\",\"breadcrumb\":{\"@id\":\"https:\/\/pro.costa-verde.com\/es\/costa-verde-comparte-buenas-practicas-de-circularidad-en-la-sesion-regional-de-aveiro-de-ecircular\/#breadcrumb\"},\"inLanguage\":\"es\",\"potentialAction\":[{\"@type\":\"ReadAction\",\"target\":[\"https:\/\/pro.costa-verde.com\/es\/costa-verde-comparte-buenas-practicas-de-circularidad-en-la-sesion-regional-de-aveiro-de-ecircular\/\"]}]},{\"@type\":\"ImageObject\",\"inLanguage\":\"es\",\"@id\":\"https:\/\/pro.costa-verde.com\/es\/costa-verde-comparte-buenas-practicas-de-circularidad-en-la-sesion-regional-de-aveiro-de-ecircular\/#primaryimage\",\"url\":\"https:\/\/pro.costa-verde.com\/wp-content\/uploads\/2025\/12\/noticia_Circular.jpeg\",\"contentUrl\":\"https:\/\/pro.costa-verde.com\/wp-content\/uploads\/2025\/12\/noticia_Circular.jpeg\",\"width\":1080,\"height\":1080},{\"@type\":\"BreadcrumbList\",\"@id\":\"https:\/\/pro.costa-verde.com\/es\/costa-verde-comparte-buenas-practicas-de-circularidad-en-la-sesion-regional-de-aveiro-de-ecircular\/#breadcrumb\",\"itemListElement\":[{\"@type\":\"ListItem\",\"position\":1,\"name\":\"In\u00edcio\",\"item\":\"https:\/\/pro.costa-verde.com\/es\/\"},{\"@type\":\"ListItem\",\"position\":2,\"name\":\"Costa Verde comparte buenas pr\u00e1cticas de circularidad en la Sesi\u00f3n Regional de Aveiro de eCircular\"}]},{\"@type\":\"WebSite\",\"@id\":\"https:\/\/pro.costa-verde.com\/#website\",\"url\":\"https:\/\/pro.costa-verde.com\/\",\"name\":\"Costa Verde\",\"description\":\"Loja Online\",\"potentialAction\":[{\"@type\":\"SearchAction\",\"target\":{\"@type\":\"EntryPoint\",\"urlTemplate\":\"https:\/\/pro.costa-verde.com\/?s={search_term_string}\"},\"query-input\":{\"@type\":\"PropertyValueSpecification\",\"valueRequired\":true,\"valueName\":\"search_term_string\"}}],\"inLanguage\":\"es\"}]}<\/script>\n<!-- \/ Yoast SEO plugin. -->","yoast_head_json":{"title":"Costa Verde comparte buenas pr\u00e1cticas de circularidad en la Sesi\u00f3n Regional de Aveiro de eCircular","description":"Responsable del CVIS, present\u00f3 en la Sesi\u00f3n Regional de Aveiro de eCircular la estrategia de la empresa en materia de circularidad y los principales resultados alcanzados.","robots":{"index":"index","follow":"follow","max-snippet":"max-snippet:-1","max-image-preview":"max-image-preview:large","max-video-preview":"max-video-preview:-1"},"canonical":"https:\/\/pro.costa-verde.com\/es\/costa-verde-comparte-buenas-practicas-de-circularidad-en-la-sesion-regional-de-aveiro-de-ecircular\/","og_locale":"es_ES","og_type":"article","og_title":"Costa Verde comparte buenas pr\u00e1cticas de circularidad en la Sesi\u00f3n Regional de Aveiro de eCircular","og_description":"Responsable del CVIS, present\u00f3 en la Sesi\u00f3n Regional de Aveiro de eCircular la estrategia de la empresa en materia de circularidad y los principales resultados alcanzados.","og_url":"https:\/\/pro.costa-verde.com\/es\/costa-verde-comparte-buenas-practicas-de-circularidad-en-la-sesion-regional-de-aveiro-de-ecircular\/","og_site_name":"Costa Verde","article_publisher":"https:\/\/www.facebook.com\/costaverdeporcelanas\/","article_modified_time":"2025-12-19T11:07:59+00:00","og_image":[{"width":1080,"height":1080,"url":"https:\/\/pro.costa-verde.com\/wp-content\/uploads\/2025\/12\/noticia_Circular.jpeg","type":"image\/jpeg"}],"twitter_card":"summary_large_image","twitter_misc":{"Tiempo de lectura":"1 minuto"},"schema":{"@context":"https:\/\/schema.org","@graph":[{"@type":"WebPage","@id":"https:\/\/pro.costa-verde.com\/es\/costa-verde-comparte-buenas-practicas-de-circularidad-en-la-sesion-regional-de-aveiro-de-ecircular\/","url":"https:\/\/pro.costa-verde.com\/es\/costa-verde-comparte-buenas-practicas-de-circularidad-en-la-sesion-regional-de-aveiro-de-ecircular\/","name":"Costa Verde comparte buenas pr\u00e1cticas de circularidad en la Sesi\u00f3n Regional de Aveiro de eCircular","isPartOf":{"@id":"https:\/\/pro.costa-verde.com\/#website"},"primaryImageOfPage":{"@id":"https:\/\/pro.costa-verde.com\/es\/costa-verde-comparte-buenas-practicas-de-circularidad-en-la-sesion-regional-de-aveiro-de-ecircular\/#primaryimage"},"image":{"@id":"https:\/\/pro.costa-verde.com\/es\/costa-verde-comparte-buenas-practicas-de-circularidad-en-la-sesion-regional-de-aveiro-de-ecircular\/#primaryimage"},"thumbnailUrl":"https:\/\/pro.costa-verde.com\/wp-content\/uploads\/2025\/12\/noticia_Circular.jpeg","datePublished":"2025-12-19T10:59:13+00:00","dateModified":"2025-12-19T11:07:59+00:00","description":"Responsable del CVIS, present\u00f3 en la Sesi\u00f3n Regional de Aveiro de eCircular la estrategia de la empresa en materia de circularidad y los principales resultados alcanzados.","breadcrumb":{"@id":"https:\/\/pro.costa-verde.com\/es\/costa-verde-comparte-buenas-practicas-de-circularidad-en-la-sesion-regional-de-aveiro-de-ecircular\/#breadcrumb"},"inLanguage":"es","potentialAction":[{"@type":"ReadAction","target":["https:\/\/pro.costa-verde.com\/es\/costa-verde-comparte-buenas-practicas-de-circularidad-en-la-sesion-regional-de-aveiro-de-ecircular\/"]}]},{"@type":"ImageObject","inLanguage":"es","@id":"https:\/\/pro.costa-verde.com\/es\/costa-verde-comparte-buenas-practicas-de-circularidad-en-la-sesion-regional-de-aveiro-de-ecircular\/#primaryimage","url":"https:\/\/pro.costa-verde.com\/wp-content\/uploads\/2025\/12\/noticia_Circular.jpeg","contentUrl":"https:\/\/pro.costa-verde.com\/wp-content\/uploads\/2025\/12\/noticia_Circular.jpeg","width":1080,"height":1080},{"@type":"BreadcrumbList","@id":"https:\/\/pro.costa-verde.com\/es\/costa-verde-comparte-buenas-practicas-de-circularidad-en-la-sesion-regional-de-aveiro-de-ecircular\/#breadcrumb","itemListElement":[{"@type":"ListItem","position":1,"name":"In\u00edcio","item":"https:\/\/pro.costa-verde.com\/es\/"},{"@type":"ListItem","position":2,"name":"Costa Verde comparte buenas pr\u00e1cticas de circularidad en la Sesi\u00f3n Regional de Aveiro de eCircular"}]},{"@type":"WebSite","@id":"https:\/\/pro.costa-verde.com\/#website","url":"https:\/\/pro.costa-verde.com\/","name":"Costa Verde","description":"Loja Online","potentialAction":[{"@type":"SearchAction","target":{"@type":"EntryPoint","urlTemplate":"https:\/\/pro.costa-verde.com\/?s={search_term_string}"},"query-input":{"@type":"PropertyValueSpecification","valueRequired":true,"valueName":"search_term_string"}}],"inLanguage":"es"}]}},"_links":{"self":[{"href":"https:\/\/pro.costa-verde.com\/es\/wp-json\/wp\/v2\/pages\/68040","targetHints":{"allow":["GET"]}}],"collection":[{"href":"https:\/\/pro.costa-verde.com\/es\/wp-json\/wp\/v2\/pages"}],"about":[{"href":"https:\/\/pro.costa-verde.com\/es\/wp-json\/wp\/v2\/types\/page"}],"author":[{"embeddable":true,"href":"https:\/\/pro.costa-verde.com\/es\/wp-json\/wp\/v2\/users\/438"}],"replies":[{"embeddable":true,"href":"https:\/\/pro.costa-verde.com\/es\/wp-json\/wp\/v2\/comments?post=68040"}],"version-history":[{"count":7,"href":"https:\/\/pro.costa-verde.com\/es\/wp-json\/wp\/v2\/pages\/68040\/revisions"}],"predecessor-version":[{"id":68066,"href":"https:\/\/pro.costa-verde.com\/es\/wp-json\/wp\/v2\/pages\/68040\/revisions\/68066"}],"wp:featuredmedia":[{"embeddable":true,"href":"https:\/\/pro.costa-verde.com\/es\/wp-json\/wp\/v2\/media\/68045"}],"wp:attachment":[{"href":"https:\/\/pro.costa-verde.com\/es\/wp-json\/wp\/v2\/media?parent=68040"}],"curies":[{"name":"wp","href":"https:\/\/api.w.org\/{rel}","templated":true}]}}