{"id":67808,"date":"2025-11-25T14:31:23","date_gmt":"2025-11-25T14:31:23","guid":{"rendered":"https:\/\/pro.costa-verde.com\/?page_id=67808"},"modified":"2025-11-28T11:08:51","modified_gmt":"2025-11-28T11:08:51","slug":"costa-verde-en-las-jornadas-tecnicas-da-ceramica-2025","status":"publish","type":"page","link":"https:\/\/pro.costa-verde.com\/es\/costa-verde-en-las-jornadas-tecnicas-da-ceramica-2025\/","title":{"rendered":"Costa Verde en las Jornadas T\u00e9cnicas da Cer\u00e2mica 2025"},"content":{"rendered":"\t\t<div data-elementor-type=\"wp-page\" data-elementor-id=\"67808\" class=\"elementor elementor-67808 elementor-67806\" data-elementor-post-type=\"page\">\n\t\t\t\t\t\t<section class=\"elementor-section elementor-top-section elementor-element elementor-element-4e696d57 elementor-section-boxed elementor-section-height-default elementor-section-height-default\" data-id=\"4e696d57\" data-element_type=\"section\">\n\t\t\t\t\t\t<div class=\"elementor-container elementor-column-gap-default\">\n\t\t\t\t\t<div class=\"elementor-column elementor-col-100 elementor-top-column elementor-element elementor-element-7149df70\" data-id=\"7149df70\" data-element_type=\"column\">\n\t\t\t<div class=\"elementor-widget-wrap elementor-element-populated\">\n\t\t\t\t\t\t<div class=\"elementor-element elementor-element-3311861 elementor-widget elementor-widget-image\" data-id=\"3311861\" data-element_type=\"widget\" data-widget_type=\"image.default\">\n\t\t\t\t<div class=\"elementor-widget-container\">\n\t\t\t\t\t\t\t\t\t\t\t\t\t\t\t<img fetchpriority=\"high\" decoding=\"async\" width=\"800\" height=\"533\" src=\"https:\/\/pro.costa-verde.com\/wp-content\/uploads\/2025\/11\/Apresentacao_Costa_Verde.jpg\" class=\"attachment-large size-large wp-image-67857\" alt=\"\" srcset=\"https:\/\/pro.costa-verde.com\/wp-content\/uploads\/2025\/11\/Apresentacao_Costa_Verde.jpg 800w, https:\/\/pro.costa-verde.com\/wp-content\/uploads\/2025\/11\/Apresentacao_Costa_Verde-300x200.jpg 300w, https:\/\/pro.costa-verde.com\/wp-content\/uploads\/2025\/11\/Apresentacao_Costa_Verde-768x512.jpg 768w, https:\/\/pro.costa-verde.com\/wp-content\/uploads\/2025\/11\/Apresentacao_Costa_Verde-600x400.jpg 600w, https:\/\/pro.costa-verde.com\/wp-content\/uploads\/2025\/11\/Apresentacao_Costa_Verde-120x80.jpg 120w\" sizes=\"(max-width: 800px) 100vw, 800px\" \/>\t\t\t\t\t\t\t\t\t\t\t\t\t\t\t<\/div>\n\t\t\t\t<\/div>\n\t\t\t\t<div class=\"elementor-element elementor-element-7843fbcb elementor-widget elementor-widget-text-editor\" data-id=\"7843fbcb\" data-element_type=\"widget\" data-widget_type=\"text-editor.default\">\n\t\t\t\t<div class=\"elementor-widget-container\">\n\t\t\t\t\t\t\t\t\t<h5 data-start=\"1996\" data-end=\"2082\"><strong data-start=\"1996\" data-end=\"2082\">Costa Verde presenta proyectos de I+D en las Jornadas T\u00e9cnicas da Cer\u00e2mica 2025<\/strong><\/h5><p data-start=\"2084\" data-end=\"2467\">Costa Verde particip\u00f3 en las Jornadas T\u00e9cnicas da Cer\u00e2mica, organizadas por el CTCV, que tuvieron lugar en el Convento de S\u00e3o Francisco, en Coimbra, los d\u00edas 19, 20 y 21 de noviembre. El evento reuni\u00f3 a profesionales, empresas y entidades del sector en un espacio dedicado a la difusi\u00f3n del conocimiento, la innovaci\u00f3n y el desarrollo tecnol\u00f3gico aplicado a la industria cer\u00e1mica.<\/p><p data-start=\"2469\" data-end=\"2851\">El d\u00eda 20, la empresa estuvo en destaque gracias a la participaci\u00f3n de Jorge Marinheiro, Director T\u00e9cnico de Costa Verde, en la sesi\u00f3n <em data-start=\"2604\" data-end=\"2658\">\u201cEcosistemas de Innovaci\u00f3n en la Industria Cer\u00e1mica\u201d<\/em>, que reuni\u00f3 a representantes de diversas industrias nacionales para presentar y debatir trabajos y proyectos de Investigaci\u00f3n y Desarrollo (I+D) alineados con los desaf\u00edos actuales del sector.<\/p><p data-start=\"2853\" data-end=\"3120\">Costa Verde particip\u00f3 con una presentaci\u00f3n dedicada a sus principales proyectos de investigaci\u00f3n en curso, PorCoating, CiPoCer, LaserCer y LaserMarKer, con especial \u00e9nfasis en los dos \u00faltimos debido a la naturaleza innovadora de las tecnolog\u00edas l\u00e1ser que incorporan.<\/p><p data-start=\"3122\" data-end=\"3605\">La comunicaci\u00f3n, titulada <em data-start=\"3148\" data-end=\"3186\">\u201cTecnolog\u00edas L\u00e1ser para la Cer\u00e1mica\u201d<\/em>, abord\u00f3 los objetivos centrales de cada proyecto y present\u00f3 algunos resultados preliminares, ilustrados mediante v\u00eddeos y registros fotogr\u00e1ficos de tecnolog\u00edas l\u00e1ser aplicadas a piezas de porcelana. Los cuatro proyectos de investigaci\u00f3n tambi\u00e9n estuvieron presentes en formato p\u00f3ster en el evento PosterTalks, ofreciendo un contacto m\u00e1s cercano con el p\u00fablico y acerc\u00e1ndolo a los principales detalles de cada proyecto.<\/p><p data-start=\"3607\" data-end=\"3819\">La presencia de Costa Verde en las Jornadas T\u00e9cnicas de la Cer\u00e1mica refuerza el compromiso de la empresa con la innovaci\u00f3n, el desarrollo tecnol\u00f3gico y la continua modernizaci\u00f3n de la industria cer\u00e1mica nacional.<\/p><p data-start=\"3821\" data-end=\"3899\">Costa Verde agradece la invitaci\u00f3n y la oportunidad de compartir conocimiento. \u00a1Vea la presentaci\u00f3n <a href=\"https:\/\/www.youtube.com\/watch?v=LJ2eYBzAKqs\">aqu\u00ed<\/a>!<\/p>\t\t\t\t\t\t\t\t<\/div>\n\t\t\t\t<\/div>\n\t\t\t\t\t<\/div>\n\t\t<\/div>\n\t\t\t\t\t<\/div>\n\t\t<\/section>\n\t\t\t\t<\/div>\n\t\t","protected":false},"excerpt":{"rendered":"<p>Costa Verde presenta proyectos de I+D en las Jornadas T\u00e9cnicas da Cer\u00e2mica 2025 Costa Verde particip\u00f3 en las Jornadas T\u00e9cnicas da Cer\u00e2mica, organizadas por el CTCV, que tuvieron lugar en el Convento de S\u00e3o Francisco, en Coimbra, los d\u00edas 19, 20 y 21 de noviembre. El evento reuni\u00f3 a profesionales, empresas y entidades del sector [&hellip;]<\/p>\n","protected":false},"author":438,"featured_media":67857,"parent":0,"menu_order":0,"comment_status":"open","ping_status":"closed","template":"","meta":{"footnotes":""},"class_list":["post-67808","page","type-page","status-publish","has-post-thumbnail","hentry"],"yoast_head":"<!-- This site is optimized with the Yoast SEO plugin v26.9 - https:\/\/yoast.com\/product\/yoast-seo-wordpress\/ -->\n<title>Costa Verde en las Jornadas T\u00e9cnicas da Cer\u00e2mica 2025<\/title>\n<meta name=\"description\" content=\"Costa Verde particip\u00f3 en las Jornadas T\u00e9cnicas da Cer\u00e2mica, organizadas por el CTCV, que tuvieron lugar en el Convento de S\u00e3o Francisco!\" \/>\n<meta name=\"robots\" content=\"index, follow, max-snippet:-1, max-image-preview:large, max-video-preview:-1\" \/>\n<link rel=\"canonical\" href=\"https:\/\/pro.costa-verde.com\/es\/costa-verde-en-las-jornadas-tecnicas-da-ceramica-2025\/\" \/>\n<meta property=\"og:locale\" content=\"es_ES\" \/>\n<meta property=\"og:type\" content=\"article\" \/>\n<meta property=\"og:title\" content=\"Costa Verde en las Jornadas T\u00e9cnicas da Cer\u00e2mica 2025\" \/>\n<meta property=\"og:description\" content=\"Costa Verde particip\u00f3 en las Jornadas T\u00e9cnicas da Cer\u00e2mica, organizadas por el CTCV, que tuvieron lugar en el Convento de S\u00e3o Francisco!\" \/>\n<meta property=\"og:url\" content=\"https:\/\/pro.costa-verde.com\/es\/costa-verde-en-las-jornadas-tecnicas-da-ceramica-2025\/\" \/>\n<meta property=\"og:site_name\" content=\"Costa Verde\" \/>\n<meta property=\"article:publisher\" content=\"https:\/\/www.facebook.com\/costaverdeporcelanas\/\" \/>\n<meta property=\"article:modified_time\" content=\"2025-11-28T11:08:51+00:00\" \/>\n<meta property=\"og:image\" content=\"https:\/\/pro.costa-verde.com\/wp-content\/uploads\/2025\/11\/Apresentacao_Costa_Verde.jpg\" \/>\n\t<meta property=\"og:image:width\" content=\"800\" \/>\n\t<meta property=\"og:image:height\" content=\"533\" \/>\n\t<meta property=\"og:image:type\" content=\"image\/jpeg\" \/>\n<meta name=\"twitter:card\" content=\"summary_large_image\" \/>\n<meta name=\"twitter:label1\" content=\"Tiempo de lectura\" \/>\n\t<meta name=\"twitter:data1\" content=\"2 minutos\" \/>\n<script type=\"application\/ld+json\" class=\"yoast-schema-graph\">{\"@context\":\"https:\/\/schema.org\",\"@graph\":[{\"@type\":\"WebPage\",\"@id\":\"https:\/\/pro.costa-verde.com\/es\/costa-verde-en-las-jornadas-tecnicas-da-ceramica-2025\/\",\"url\":\"https:\/\/pro.costa-verde.com\/es\/costa-verde-en-las-jornadas-tecnicas-da-ceramica-2025\/\",\"name\":\"Costa Verde en las Jornadas T\u00e9cnicas da Cer\u00e2mica 2025\",\"isPartOf\":{\"@id\":\"https:\/\/pro.costa-verde.com\/#website\"},\"primaryImageOfPage\":{\"@id\":\"https:\/\/pro.costa-verde.com\/es\/costa-verde-en-las-jornadas-tecnicas-da-ceramica-2025\/#primaryimage\"},\"image\":{\"@id\":\"https:\/\/pro.costa-verde.com\/es\/costa-verde-en-las-jornadas-tecnicas-da-ceramica-2025\/#primaryimage\"},\"thumbnailUrl\":\"https:\/\/pro.costa-verde.com\/wp-content\/uploads\/2025\/11\/Apresentacao_Costa_Verde.jpg\",\"datePublished\":\"2025-11-25T14:31:23+00:00\",\"dateModified\":\"2025-11-28T11:08:51+00:00\",\"description\":\"Costa Verde particip\u00f3 en las Jornadas T\u00e9cnicas da Cer\u00e2mica, organizadas por el CTCV, que tuvieron lugar en el Convento de S\u00e3o Francisco!\",\"breadcrumb\":{\"@id\":\"https:\/\/pro.costa-verde.com\/es\/costa-verde-en-las-jornadas-tecnicas-da-ceramica-2025\/#breadcrumb\"},\"inLanguage\":\"es\",\"potentialAction\":[{\"@type\":\"ReadAction\",\"target\":[\"https:\/\/pro.costa-verde.com\/es\/costa-verde-en-las-jornadas-tecnicas-da-ceramica-2025\/\"]}]},{\"@type\":\"ImageObject\",\"inLanguage\":\"es\",\"@id\":\"https:\/\/pro.costa-verde.com\/es\/costa-verde-en-las-jornadas-tecnicas-da-ceramica-2025\/#primaryimage\",\"url\":\"https:\/\/pro.costa-verde.com\/wp-content\/uploads\/2025\/11\/Apresentacao_Costa_Verde.jpg\",\"contentUrl\":\"https:\/\/pro.costa-verde.com\/wp-content\/uploads\/2025\/11\/Apresentacao_Costa_Verde.jpg\",\"width\":800,\"height\":533},{\"@type\":\"BreadcrumbList\",\"@id\":\"https:\/\/pro.costa-verde.com\/es\/costa-verde-en-las-jornadas-tecnicas-da-ceramica-2025\/#breadcrumb\",\"itemListElement\":[{\"@type\":\"ListItem\",\"position\":1,\"name\":\"In\u00edcio\",\"item\":\"https:\/\/pro.costa-verde.com\/es\/\"},{\"@type\":\"ListItem\",\"position\":2,\"name\":\"Costa Verde en las Jornadas T\u00e9cnicas da Cer\u00e2mica 2025\"}]},{\"@type\":\"WebSite\",\"@id\":\"https:\/\/pro.costa-verde.com\/#website\",\"url\":\"https:\/\/pro.costa-verde.com\/\",\"name\":\"Costa Verde\",\"description\":\"Loja Online\",\"potentialAction\":[{\"@type\":\"SearchAction\",\"target\":{\"@type\":\"EntryPoint\",\"urlTemplate\":\"https:\/\/pro.costa-verde.com\/?s={search_term_string}\"},\"query-input\":{\"@type\":\"PropertyValueSpecification\",\"valueRequired\":true,\"valueName\":\"search_term_string\"}}],\"inLanguage\":\"es\"}]}<\/script>\n<!-- \/ Yoast SEO plugin. -->","yoast_head_json":{"title":"Costa Verde en las Jornadas T\u00e9cnicas da Cer\u00e2mica 2025","description":"Costa Verde particip\u00f3 en las Jornadas T\u00e9cnicas da Cer\u00e2mica, organizadas por el CTCV, que tuvieron lugar en el Convento de S\u00e3o Francisco!","robots":{"index":"index","follow":"follow","max-snippet":"max-snippet:-1","max-image-preview":"max-image-preview:large","max-video-preview":"max-video-preview:-1"},"canonical":"https:\/\/pro.costa-verde.com\/es\/costa-verde-en-las-jornadas-tecnicas-da-ceramica-2025\/","og_locale":"es_ES","og_type":"article","og_title":"Costa Verde en las Jornadas T\u00e9cnicas da Cer\u00e2mica 2025","og_description":"Costa Verde particip\u00f3 en las Jornadas T\u00e9cnicas da Cer\u00e2mica, organizadas por el CTCV, que tuvieron lugar en el Convento de S\u00e3o Francisco!","og_url":"https:\/\/pro.costa-verde.com\/es\/costa-verde-en-las-jornadas-tecnicas-da-ceramica-2025\/","og_site_name":"Costa Verde","article_publisher":"https:\/\/www.facebook.com\/costaverdeporcelanas\/","article_modified_time":"2025-11-28T11:08:51+00:00","og_image":[{"width":800,"height":533,"url":"https:\/\/pro.costa-verde.com\/wp-content\/uploads\/2025\/11\/Apresentacao_Costa_Verde.jpg","type":"image\/jpeg"}],"twitter_card":"summary_large_image","twitter_misc":{"Tiempo de lectura":"2 minutos"},"schema":{"@context":"https:\/\/schema.org","@graph":[{"@type":"WebPage","@id":"https:\/\/pro.costa-verde.com\/es\/costa-verde-en-las-jornadas-tecnicas-da-ceramica-2025\/","url":"https:\/\/pro.costa-verde.com\/es\/costa-verde-en-las-jornadas-tecnicas-da-ceramica-2025\/","name":"Costa Verde en las Jornadas T\u00e9cnicas da Cer\u00e2mica 2025","isPartOf":{"@id":"https:\/\/pro.costa-verde.com\/#website"},"primaryImageOfPage":{"@id":"https:\/\/pro.costa-verde.com\/es\/costa-verde-en-las-jornadas-tecnicas-da-ceramica-2025\/#primaryimage"},"image":{"@id":"https:\/\/pro.costa-verde.com\/es\/costa-verde-en-las-jornadas-tecnicas-da-ceramica-2025\/#primaryimage"},"thumbnailUrl":"https:\/\/pro.costa-verde.com\/wp-content\/uploads\/2025\/11\/Apresentacao_Costa_Verde.jpg","datePublished":"2025-11-25T14:31:23+00:00","dateModified":"2025-11-28T11:08:51+00:00","description":"Costa Verde particip\u00f3 en las Jornadas T\u00e9cnicas da Cer\u00e2mica, organizadas por el CTCV, que tuvieron lugar en el Convento de S\u00e3o Francisco!","breadcrumb":{"@id":"https:\/\/pro.costa-verde.com\/es\/costa-verde-en-las-jornadas-tecnicas-da-ceramica-2025\/#breadcrumb"},"inLanguage":"es","potentialAction":[{"@type":"ReadAction","target":["https:\/\/pro.costa-verde.com\/es\/costa-verde-en-las-jornadas-tecnicas-da-ceramica-2025\/"]}]},{"@type":"ImageObject","inLanguage":"es","@id":"https:\/\/pro.costa-verde.com\/es\/costa-verde-en-las-jornadas-tecnicas-da-ceramica-2025\/#primaryimage","url":"https:\/\/pro.costa-verde.com\/wp-content\/uploads\/2025\/11\/Apresentacao_Costa_Verde.jpg","contentUrl":"https:\/\/pro.costa-verde.com\/wp-content\/uploads\/2025\/11\/Apresentacao_Costa_Verde.jpg","width":800,"height":533},{"@type":"BreadcrumbList","@id":"https:\/\/pro.costa-verde.com\/es\/costa-verde-en-las-jornadas-tecnicas-da-ceramica-2025\/#breadcrumb","itemListElement":[{"@type":"ListItem","position":1,"name":"In\u00edcio","item":"https:\/\/pro.costa-verde.com\/es\/"},{"@type":"ListItem","position":2,"name":"Costa Verde en las Jornadas T\u00e9cnicas da Cer\u00e2mica 2025"}]},{"@type":"WebSite","@id":"https:\/\/pro.costa-verde.com\/#website","url":"https:\/\/pro.costa-verde.com\/","name":"Costa Verde","description":"Loja Online","potentialAction":[{"@type":"SearchAction","target":{"@type":"EntryPoint","urlTemplate":"https:\/\/pro.costa-verde.com\/?s={search_term_string}"},"query-input":{"@type":"PropertyValueSpecification","valueRequired":true,"valueName":"search_term_string"}}],"inLanguage":"es"}]}},"_links":{"self":[{"href":"https:\/\/pro.costa-verde.com\/es\/wp-json\/wp\/v2\/pages\/67808","targetHints":{"allow":["GET"]}}],"collection":[{"href":"https:\/\/pro.costa-verde.com\/es\/wp-json\/wp\/v2\/pages"}],"about":[{"href":"https:\/\/pro.costa-verde.com\/es\/wp-json\/wp\/v2\/types\/page"}],"author":[{"embeddable":true,"href":"https:\/\/pro.costa-verde.com\/es\/wp-json\/wp\/v2\/users\/438"}],"replies":[{"embeddable":true,"href":"https:\/\/pro.costa-verde.com\/es\/wp-json\/wp\/v2\/comments?post=67808"}],"version-history":[{"count":15,"href":"https:\/\/pro.costa-verde.com\/es\/wp-json\/wp\/v2\/pages\/67808\/revisions"}],"predecessor-version":[{"id":67876,"href":"https:\/\/pro.costa-verde.com\/es\/wp-json\/wp\/v2\/pages\/67808\/revisions\/67876"}],"wp:featuredmedia":[{"embeddable":true,"href":"https:\/\/pro.costa-verde.com\/es\/wp-json\/wp\/v2\/media\/67857"}],"wp:attachment":[{"href":"https:\/\/pro.costa-verde.com\/es\/wp-json\/wp\/v2\/media?parent=67808"}],"curies":[{"name":"wp","href":"https:\/\/api.w.org\/{rel}","templated":true}]}}