{"id":67734,"date":"2025-11-18T10:26:43","date_gmt":"2025-11-18T10:26:43","guid":{"rendered":"https:\/\/pro.costa-verde.com\/?page_id=67734"},"modified":"2025-11-18T10:29:42","modified_gmt":"2025-11-18T10:29:42","slug":"costa-verde-en-el-dia-do-gerente","status":"publish","type":"page","link":"https:\/\/pro.costa-verde.com\/es\/costa-verde-en-el-dia-do-gerente\/","title":{"rendered":"Costa Verde en el Dia do Gerente"},"content":{"rendered":"\t\t<div data-elementor-type=\"wp-page\" data-elementor-id=\"67734\" class=\"elementor elementor-67734 elementor-67732\" data-elementor-post-type=\"page\">\n\t\t\t\t\t\t<section class=\"elementor-section elementor-top-section elementor-element elementor-element-4e696d57 elementor-section-boxed elementor-section-height-default elementor-section-height-default\" data-id=\"4e696d57\" data-element_type=\"section\">\n\t\t\t\t\t\t<div class=\"elementor-container elementor-column-gap-default\">\n\t\t\t\t\t<div class=\"elementor-column elementor-col-100 elementor-top-column elementor-element elementor-element-7149df70\" data-id=\"7149df70\" data-element_type=\"column\">\n\t\t\t<div class=\"elementor-widget-wrap elementor-element-populated\">\n\t\t\t\t\t\t<div class=\"elementor-element elementor-element-3311861 elementor-widget elementor-widget-image\" data-id=\"3311861\" data-element_type=\"widget\" data-widget_type=\"image.default\">\n\t\t\t\t<div class=\"elementor-widget-container\">\n\t\t\t\t\t\t\t\t\t\t\t\t\t\t\t<img fetchpriority=\"high\" decoding=\"async\" width=\"1024\" height=\"1024\" src=\"https:\/\/pro.costa-verde.com\/wp-content\/uploads\/2025\/11\/Nova_Edicao_Dia_do_Gerente-1024x1024.jpeg\" class=\"attachment-large size-large wp-image-67738\" alt=\"\" srcset=\"https:\/\/pro.costa-verde.com\/wp-content\/uploads\/2025\/11\/Nova_Edicao_Dia_do_Gerente-1024x1024.jpeg 1024w, https:\/\/pro.costa-verde.com\/wp-content\/uploads\/2025\/11\/Nova_Edicao_Dia_do_Gerente-300x300.jpeg 300w, https:\/\/pro.costa-verde.com\/wp-content\/uploads\/2025\/11\/Nova_Edicao_Dia_do_Gerente-150x150.jpeg 150w, https:\/\/pro.costa-verde.com\/wp-content\/uploads\/2025\/11\/Nova_Edicao_Dia_do_Gerente-768x768.jpeg 768w, https:\/\/pro.costa-verde.com\/wp-content\/uploads\/2025\/11\/Nova_Edicao_Dia_do_Gerente-600x600.jpeg 600w, https:\/\/pro.costa-verde.com\/wp-content\/uploads\/2025\/11\/Nova_Edicao_Dia_do_Gerente-120x120.jpeg 120w, https:\/\/pro.costa-verde.com\/wp-content\/uploads\/2025\/11\/Nova_Edicao_Dia_do_Gerente.jpeg 1280w\" sizes=\"(max-width: 1024px) 100vw, 1024px\" \/>\t\t\t\t\t\t\t\t\t\t\t\t\t\t\t<\/div>\n\t\t\t\t<\/div>\n\t\t\t\t<div class=\"elementor-element elementor-element-7843fbcb elementor-widget elementor-widget-text-editor\" data-id=\"7843fbcb\" data-element_type=\"widget\" data-widget_type=\"text-editor.default\">\n\t\t\t\t<div class=\"elementor-widget-container\">\n\t\t\t\t\t\t\t\t\t<p style=\"text-align: justify;\">Costa Verde estuvo presente en la m\u00e1s reciente edici\u00f3n del Dia do Gerente, que tuvo lugar en la Escola Superior de Hotelaria e Turismo de Vila do Conde, un espacio de referencia para el sector.<\/p><p style=\"text-align: justify;\">Adem\u00e1s de un momento de intercambio en el escenario, protagonizado por nuestro Director de Marketing, Paulo Pinto Santos, quien abord\u00f3 el impacto del dise\u00f1o y de la experiencia sensorial en la restauraci\u00f3n, tambi\u00e9n tuvimos la oportunidad de exhibir nuestros productos y presentar las novedades m\u00e1s recientes desarrolladas para el canal HoReCa.<\/p><p style=\"text-align: justify;\">Fue un fin de semana marcado por el contacto directo con profesionales del sector, por el debate de ideas y por la puesta en valor de aquello que nos mueve: crear soluciones que elevan la experiencia gastron\u00f3mica y refuerzan la identidad de cada cliente.<\/p><p style=\"text-align: justify;\">Nuestro agradecimiento a la organizaci\u00f3n, a la escuela anfitriona y a todos los participantes por una edici\u00f3n m\u00e1s tan enriquecedora.<\/p>\t\t\t\t\t\t\t\t<\/div>\n\t\t\t\t<\/div>\n\t\t\t\t\t<\/div>\n\t\t<\/div>\n\t\t\t\t\t<\/div>\n\t\t<\/section>\n\t\t\t\t<\/div>\n\t\t","protected":false},"excerpt":{"rendered":"<p>Costa Verde estuvo presente en la m\u00e1s reciente edici\u00f3n del Dia do Gerente, que tuvo lugar en la Escola Superior de Hotelaria e Turismo de Vila do Conde, un espacio de referencia para el sector. Adem\u00e1s de un momento de intercambio en el escenario, protagonizado por nuestro Director de Marketing, Paulo Pinto Santos, quien abord\u00f3 [&hellip;]<\/p>\n","protected":false},"author":438,"featured_media":67738,"parent":0,"menu_order":0,"comment_status":"open","ping_status":"closed","template":"","meta":{"footnotes":""},"class_list":["post-67734","page","type-page","status-publish","has-post-thumbnail","hentry"],"yoast_head":"<!-- This site is optimized with the Yoast SEO plugin v26.9 - https:\/\/yoast.com\/product\/yoast-seo-wordpress\/ -->\n<title>Costa Verde en el Dia do Gerente - Costa Verde<\/title>\n<meta name=\"description\" content=\"Costa Verde estuvo presente en la m\u00e1s reciente edici\u00f3n del D\u00eda del Gerente, que tuvo lugar en la Escuela Superior de Hosteler\u00eda y Turismo de Vila do Conde.\" \/>\n<meta name=\"robots\" content=\"index, follow, max-snippet:-1, max-image-preview:large, max-video-preview:-1\" \/>\n<link rel=\"canonical\" href=\"https:\/\/pro.costa-verde.com\/es\/costa-verde-en-el-dia-do-gerente\/\" \/>\n<meta property=\"og:locale\" content=\"es_ES\" \/>\n<meta property=\"og:type\" content=\"article\" \/>\n<meta property=\"og:title\" content=\"Costa Verde en el Dia do Gerente - Costa Verde\" \/>\n<meta property=\"og:description\" content=\"Costa Verde estuvo presente en la m\u00e1s reciente edici\u00f3n del D\u00eda del Gerente, que tuvo lugar en la Escuela Superior de Hosteler\u00eda y Turismo de Vila do Conde.\" \/>\n<meta property=\"og:url\" content=\"https:\/\/pro.costa-verde.com\/es\/costa-verde-en-el-dia-do-gerente\/\" \/>\n<meta property=\"og:site_name\" content=\"Costa Verde\" \/>\n<meta property=\"article:publisher\" content=\"https:\/\/www.facebook.com\/costaverdeporcelanas\/\" \/>\n<meta property=\"article:modified_time\" content=\"2025-11-18T10:29:42+00:00\" \/>\n<meta property=\"og:image\" content=\"https:\/\/pro.costa-verde.com\/wp-content\/uploads\/2025\/11\/Nova_Edicao_Dia_do_Gerente.jpeg\" \/>\n\t<meta property=\"og:image:width\" content=\"1280\" \/>\n\t<meta property=\"og:image:height\" content=\"1280\" \/>\n\t<meta property=\"og:image:type\" content=\"image\/jpeg\" \/>\n<meta name=\"twitter:card\" content=\"summary_large_image\" \/>\n<meta name=\"twitter:label1\" content=\"Tiempo de lectura\" \/>\n\t<meta name=\"twitter:data1\" content=\"1 minuto\" \/>\n<script type=\"application\/ld+json\" class=\"yoast-schema-graph\">{\"@context\":\"https:\/\/schema.org\",\"@graph\":[{\"@type\":\"WebPage\",\"@id\":\"https:\/\/pro.costa-verde.com\/es\/costa-verde-en-el-dia-do-gerente\/\",\"url\":\"https:\/\/pro.costa-verde.com\/es\/costa-verde-en-el-dia-do-gerente\/\",\"name\":\"Costa Verde en el Dia do Gerente - Costa Verde\",\"isPartOf\":{\"@id\":\"https:\/\/pro.costa-verde.com\/#website\"},\"primaryImageOfPage\":{\"@id\":\"https:\/\/pro.costa-verde.com\/es\/costa-verde-en-el-dia-do-gerente\/#primaryimage\"},\"image\":{\"@id\":\"https:\/\/pro.costa-verde.com\/es\/costa-verde-en-el-dia-do-gerente\/#primaryimage\"},\"thumbnailUrl\":\"https:\/\/pro.costa-verde.com\/wp-content\/uploads\/2025\/11\/Nova_Edicao_Dia_do_Gerente.jpeg\",\"datePublished\":\"2025-11-18T10:26:43+00:00\",\"dateModified\":\"2025-11-18T10:29:42+00:00\",\"description\":\"Costa Verde estuvo presente en la m\u00e1s reciente edici\u00f3n del D\u00eda del Gerente, que tuvo lugar en la Escuela Superior de Hosteler\u00eda y Turismo de Vila do Conde.\",\"breadcrumb\":{\"@id\":\"https:\/\/pro.costa-verde.com\/es\/costa-verde-en-el-dia-do-gerente\/#breadcrumb\"},\"inLanguage\":\"es\",\"potentialAction\":[{\"@type\":\"ReadAction\",\"target\":[\"https:\/\/pro.costa-verde.com\/es\/costa-verde-en-el-dia-do-gerente\/\"]}]},{\"@type\":\"ImageObject\",\"inLanguage\":\"es\",\"@id\":\"https:\/\/pro.costa-verde.com\/es\/costa-verde-en-el-dia-do-gerente\/#primaryimage\",\"url\":\"https:\/\/pro.costa-verde.com\/wp-content\/uploads\/2025\/11\/Nova_Edicao_Dia_do_Gerente.jpeg\",\"contentUrl\":\"https:\/\/pro.costa-verde.com\/wp-content\/uploads\/2025\/11\/Nova_Edicao_Dia_do_Gerente.jpeg\",\"width\":1280,\"height\":1280},{\"@type\":\"BreadcrumbList\",\"@id\":\"https:\/\/pro.costa-verde.com\/es\/costa-verde-en-el-dia-do-gerente\/#breadcrumb\",\"itemListElement\":[{\"@type\":\"ListItem\",\"position\":1,\"name\":\"In\u00edcio\",\"item\":\"https:\/\/pro.costa-verde.com\/es\/\"},{\"@type\":\"ListItem\",\"position\":2,\"name\":\"Costa Verde en el Dia do Gerente\"}]},{\"@type\":\"WebSite\",\"@id\":\"https:\/\/pro.costa-verde.com\/#website\",\"url\":\"https:\/\/pro.costa-verde.com\/\",\"name\":\"Costa Verde\",\"description\":\"Loja Online\",\"potentialAction\":[{\"@type\":\"SearchAction\",\"target\":{\"@type\":\"EntryPoint\",\"urlTemplate\":\"https:\/\/pro.costa-verde.com\/?s={search_term_string}\"},\"query-input\":{\"@type\":\"PropertyValueSpecification\",\"valueRequired\":true,\"valueName\":\"search_term_string\"}}],\"inLanguage\":\"es\"}]}<\/script>\n<!-- \/ Yoast SEO plugin. -->","yoast_head_json":{"title":"Costa Verde en el Dia do Gerente - Costa Verde","description":"Costa Verde estuvo presente en la m\u00e1s reciente edici\u00f3n del D\u00eda del Gerente, que tuvo lugar en la Escuela Superior de Hosteler\u00eda y Turismo de Vila do Conde.","robots":{"index":"index","follow":"follow","max-snippet":"max-snippet:-1","max-image-preview":"max-image-preview:large","max-video-preview":"max-video-preview:-1"},"canonical":"https:\/\/pro.costa-verde.com\/es\/costa-verde-en-el-dia-do-gerente\/","og_locale":"es_ES","og_type":"article","og_title":"Costa Verde en el Dia do Gerente - Costa Verde","og_description":"Costa Verde estuvo presente en la m\u00e1s reciente edici\u00f3n del D\u00eda del Gerente, que tuvo lugar en la Escuela Superior de Hosteler\u00eda y Turismo de Vila do Conde.","og_url":"https:\/\/pro.costa-verde.com\/es\/costa-verde-en-el-dia-do-gerente\/","og_site_name":"Costa Verde","article_publisher":"https:\/\/www.facebook.com\/costaverdeporcelanas\/","article_modified_time":"2025-11-18T10:29:42+00:00","og_image":[{"width":1280,"height":1280,"url":"https:\/\/pro.costa-verde.com\/wp-content\/uploads\/2025\/11\/Nova_Edicao_Dia_do_Gerente.jpeg","type":"image\/jpeg"}],"twitter_card":"summary_large_image","twitter_misc":{"Tiempo de lectura":"1 minuto"},"schema":{"@context":"https:\/\/schema.org","@graph":[{"@type":"WebPage","@id":"https:\/\/pro.costa-verde.com\/es\/costa-verde-en-el-dia-do-gerente\/","url":"https:\/\/pro.costa-verde.com\/es\/costa-verde-en-el-dia-do-gerente\/","name":"Costa Verde en el Dia do Gerente - Costa Verde","isPartOf":{"@id":"https:\/\/pro.costa-verde.com\/#website"},"primaryImageOfPage":{"@id":"https:\/\/pro.costa-verde.com\/es\/costa-verde-en-el-dia-do-gerente\/#primaryimage"},"image":{"@id":"https:\/\/pro.costa-verde.com\/es\/costa-verde-en-el-dia-do-gerente\/#primaryimage"},"thumbnailUrl":"https:\/\/pro.costa-verde.com\/wp-content\/uploads\/2025\/11\/Nova_Edicao_Dia_do_Gerente.jpeg","datePublished":"2025-11-18T10:26:43+00:00","dateModified":"2025-11-18T10:29:42+00:00","description":"Costa Verde estuvo presente en la m\u00e1s reciente edici\u00f3n del D\u00eda del Gerente, que tuvo lugar en la Escuela Superior de Hosteler\u00eda y Turismo de Vila do Conde.","breadcrumb":{"@id":"https:\/\/pro.costa-verde.com\/es\/costa-verde-en-el-dia-do-gerente\/#breadcrumb"},"inLanguage":"es","potentialAction":[{"@type":"ReadAction","target":["https:\/\/pro.costa-verde.com\/es\/costa-verde-en-el-dia-do-gerente\/"]}]},{"@type":"ImageObject","inLanguage":"es","@id":"https:\/\/pro.costa-verde.com\/es\/costa-verde-en-el-dia-do-gerente\/#primaryimage","url":"https:\/\/pro.costa-verde.com\/wp-content\/uploads\/2025\/11\/Nova_Edicao_Dia_do_Gerente.jpeg","contentUrl":"https:\/\/pro.costa-verde.com\/wp-content\/uploads\/2025\/11\/Nova_Edicao_Dia_do_Gerente.jpeg","width":1280,"height":1280},{"@type":"BreadcrumbList","@id":"https:\/\/pro.costa-verde.com\/es\/costa-verde-en-el-dia-do-gerente\/#breadcrumb","itemListElement":[{"@type":"ListItem","position":1,"name":"In\u00edcio","item":"https:\/\/pro.costa-verde.com\/es\/"},{"@type":"ListItem","position":2,"name":"Costa Verde en el Dia do Gerente"}]},{"@type":"WebSite","@id":"https:\/\/pro.costa-verde.com\/#website","url":"https:\/\/pro.costa-verde.com\/","name":"Costa Verde","description":"Loja Online","potentialAction":[{"@type":"SearchAction","target":{"@type":"EntryPoint","urlTemplate":"https:\/\/pro.costa-verde.com\/?s={search_term_string}"},"query-input":{"@type":"PropertyValueSpecification","valueRequired":true,"valueName":"search_term_string"}}],"inLanguage":"es"}]}},"_links":{"self":[{"href":"https:\/\/pro.costa-verde.com\/es\/wp-json\/wp\/v2\/pages\/67734","targetHints":{"allow":["GET"]}}],"collection":[{"href":"https:\/\/pro.costa-verde.com\/es\/wp-json\/wp\/v2\/pages"}],"about":[{"href":"https:\/\/pro.costa-verde.com\/es\/wp-json\/wp\/v2\/types\/page"}],"author":[{"embeddable":true,"href":"https:\/\/pro.costa-verde.com\/es\/wp-json\/wp\/v2\/users\/438"}],"replies":[{"embeddable":true,"href":"https:\/\/pro.costa-verde.com\/es\/wp-json\/wp\/v2\/comments?post=67734"}],"version-history":[{"count":7,"href":"https:\/\/pro.costa-verde.com\/es\/wp-json\/wp\/v2\/pages\/67734\/revisions"}],"predecessor-version":[{"id":67759,"href":"https:\/\/pro.costa-verde.com\/es\/wp-json\/wp\/v2\/pages\/67734\/revisions\/67759"}],"wp:featuredmedia":[{"embeddable":true,"href":"https:\/\/pro.costa-verde.com\/es\/wp-json\/wp\/v2\/media\/67738"}],"wp:attachment":[{"href":"https:\/\/pro.costa-verde.com\/es\/wp-json\/wp\/v2\/media?parent=67734"}],"curies":[{"name":"wp","href":"https:\/\/api.w.org\/{rel}","templated":true}]}}