{"id":67596,"date":"2025-10-30T12:48:44","date_gmt":"2025-10-30T12:48:44","guid":{"rendered":"https:\/\/pro.costa-verde.com\/?page_id=67596"},"modified":"2025-10-31T09:13:42","modified_gmt":"2025-10-31T09:13:42","slug":"costa-verde-participo-en-cersaie-en-colaboracion-con-recer","status":"publish","type":"page","link":"https:\/\/pro.costa-verde.com\/es\/costa-verde-participo-en-cersaie-en-colaboracion-con-recer\/","title":{"rendered":"Costa Verde particip\u00f3 en Cersaie en colaboraci\u00f3n con Recer"},"content":{"rendered":"\t\t<div data-elementor-type=\"wp-page\" data-elementor-id=\"67596\" class=\"elementor elementor-67596 elementor-67594\" data-elementor-post-type=\"page\">\n\t\t\t\t\t\t<section class=\"elementor-section elementor-top-section elementor-element elementor-element-4e696d57 elementor-section-boxed elementor-section-height-default elementor-section-height-default\" data-id=\"4e696d57\" data-element_type=\"section\">\n\t\t\t\t\t\t<div class=\"elementor-container elementor-column-gap-default\">\n\t\t\t\t\t<div class=\"elementor-column elementor-col-100 elementor-top-column elementor-element elementor-element-7149df70\" data-id=\"7149df70\" data-element_type=\"column\">\n\t\t\t<div class=\"elementor-widget-wrap elementor-element-populated\">\n\t\t\t\t\t\t<div class=\"elementor-element elementor-element-3311861 elementor-widget elementor-widget-image\" data-id=\"3311861\" data-element_type=\"widget\" data-widget_type=\"image.default\">\n\t\t\t\t<div class=\"elementor-widget-container\">\n\t\t\t\t\t\t\t\t\t\t\t\t\t\t\t<img fetchpriority=\"high\" decoding=\"async\" width=\"768\" height=\"614\" src=\"https:\/\/pro.costa-verde.com\/wp-content\/uploads\/2025\/10\/Brown-Autumn-Photo-Collage-768x614.jpg\" class=\"attachment-medium_large size-medium_large wp-image-67656\" alt=\"\" srcset=\"https:\/\/pro.costa-verde.com\/wp-content\/uploads\/2025\/10\/Brown-Autumn-Photo-Collage-768x614.jpg 768w, https:\/\/pro.costa-verde.com\/wp-content\/uploads\/2025\/10\/Brown-Autumn-Photo-Collage-300x240.jpg 300w, https:\/\/pro.costa-verde.com\/wp-content\/uploads\/2025\/10\/Brown-Autumn-Photo-Collage-1024x819.jpg 1024w, https:\/\/pro.costa-verde.com\/wp-content\/uploads\/2025\/10\/Brown-Autumn-Photo-Collage-1536x1229.jpg 1536w, https:\/\/pro.costa-verde.com\/wp-content\/uploads\/2025\/10\/Brown-Autumn-Photo-Collage-600x480.jpg 600w, https:\/\/pro.costa-verde.com\/wp-content\/uploads\/2025\/10\/Brown-Autumn-Photo-Collage-120x96.jpg 120w, https:\/\/pro.costa-verde.com\/wp-content\/uploads\/2025\/10\/Brown-Autumn-Photo-Collage.jpg 1920w\" sizes=\"(max-width: 768px) 100vw, 768px\" \/>\t\t\t\t\t\t\t\t\t\t\t\t\t\t\t<\/div>\n\t\t\t\t<\/div>\n\t\t\t\t<div class=\"elementor-element elementor-element-7843fbcb elementor-widget elementor-widget-text-editor\" data-id=\"7843fbcb\" data-element_type=\"widget\" data-widget_type=\"text-editor.default\">\n\t\t\t\t<div class=\"elementor-widget-container\">\n\t\t\t\t\t\t\t\t\t<p data-start=\"886\" data-end=\"1191\"><a href=\"https:\/\/pro.costa-verde.com\/es\/\"><strong>Costa Verde<\/strong><\/a> estuvo presente en la m\u00e1s reciente edici\u00f3n de la feria <a href=\"https:\/\/www.recer.pt\/melhores-momentos-da-cersaie-2025\/\"><strong>Cersaie<\/strong><\/a>, celebrada en Bolonia, Italia. Invitada por Recer, Costa Verde suministr\u00f3 piezas de porcelana para los diferentes espacios del stand de esta reconocida empresa nacional e internacional del sector de la cer\u00e1mica de revestimiento.<\/p><p data-start=\"1193\" data-end=\"1594\">Durante cinco d\u00edas, el stand de Recer inspir\u00f3 a miles de visitantes, presentando cinco nuevas colecciones y recibiendo a profesionales de todo el mundo. Arquitectos, dise\u00f1adores, agentes, socios y curiosos tuvieron la oportunidad de conocer un espacio de contacto directo, marcado por el intercambio de ideas y la inspiraci\u00f3n en soluciones innovadoras que responden a los retos actuales del mercado.<\/p><p data-start=\"1596\" data-end=\"1685\">\u00a1Costa Verde agradece a Recer la invitaci\u00f3n y le desea los mayores \u00e9xitos en el futuro!<\/p>\t\t\t\t\t\t\t\t<\/div>\n\t\t\t\t<\/div>\n\t\t\t\t\t<\/div>\n\t\t<\/div>\n\t\t\t\t\t<\/div>\n\t\t<\/section>\n\t\t\t\t<\/div>\n\t\t","protected":false},"excerpt":{"rendered":"<p>Costa Verde estuvo presente en la m\u00e1s reciente edici\u00f3n de la feria Cersaie, celebrada en Bolonia, Italia. Invitada por Recer, Costa Verde suministr\u00f3 piezas de porcelana para los diferentes espacios del stand de esta reconocida empresa nacional e internacional del sector de la cer\u00e1mica de revestimiento. Durante cinco d\u00edas, el stand de Recer inspir\u00f3 a [&hellip;]<\/p>\n","protected":false},"author":438,"featured_media":67656,"parent":0,"menu_order":0,"comment_status":"open","ping_status":"closed","template":"","meta":{"footnotes":""},"class_list":["post-67596","page","type-page","status-publish","has-post-thumbnail","hentry"],"yoast_head":"<!-- This site is optimized with the Yoast SEO plugin v26.9 - https:\/\/yoast.com\/product\/yoast-seo-wordpress\/ -->\n<title>Costa Verde particip\u00f3 en Cersaie en colaboraci\u00f3n con Recer<\/title>\n<meta name=\"description\" content=\"Costa Verde estuvo presente en la m\u00e1s reciente edici\u00f3n de la feria Cersaie, celebrada en Bolonia, Italia. Sepa m\u00e1s!\" \/>\n<meta name=\"robots\" content=\"index, follow, max-snippet:-1, max-image-preview:large, max-video-preview:-1\" \/>\n<link rel=\"canonical\" href=\"https:\/\/pro.costa-verde.com\/es\/costa-verde-participo-en-cersaie-en-colaboracion-con-recer\/\" \/>\n<meta property=\"og:locale\" content=\"es_ES\" \/>\n<meta property=\"og:type\" content=\"article\" \/>\n<meta property=\"og:title\" content=\"Costa Verde particip\u00f3 en Cersaie en colaboraci\u00f3n con Recer\" \/>\n<meta property=\"og:description\" content=\"Costa Verde estuvo presente en la m\u00e1s reciente edici\u00f3n de la feria Cersaie, celebrada en Bolonia, Italia. Sepa m\u00e1s!\" \/>\n<meta property=\"og:url\" content=\"https:\/\/pro.costa-verde.com\/es\/costa-verde-participo-en-cersaie-en-colaboracion-con-recer\/\" \/>\n<meta property=\"og:site_name\" content=\"Costa Verde\" \/>\n<meta property=\"article:publisher\" content=\"https:\/\/www.facebook.com\/costaverdeporcelanas\/\" \/>\n<meta property=\"article:modified_time\" content=\"2025-10-31T09:13:42+00:00\" \/>\n<meta property=\"og:image\" content=\"https:\/\/pro.costa-verde.com\/wp-content\/uploads\/2025\/10\/Brown-Autumn-Photo-Collage.jpg\" \/>\n\t<meta property=\"og:image:width\" content=\"1920\" \/>\n\t<meta property=\"og:image:height\" content=\"1536\" \/>\n\t<meta property=\"og:image:type\" content=\"image\/jpeg\" \/>\n<meta name=\"twitter:card\" content=\"summary_large_image\" \/>\n<meta name=\"twitter:label1\" content=\"Tiempo de lectura\" \/>\n\t<meta name=\"twitter:data1\" content=\"1 minuto\" \/>\n<script type=\"application\/ld+json\" class=\"yoast-schema-graph\">{\"@context\":\"https:\/\/schema.org\",\"@graph\":[{\"@type\":\"WebPage\",\"@id\":\"https:\/\/pro.costa-verde.com\/es\/costa-verde-participo-en-cersaie-en-colaboracion-con-recer\/\",\"url\":\"https:\/\/pro.costa-verde.com\/es\/costa-verde-participo-en-cersaie-en-colaboracion-con-recer\/\",\"name\":\"Costa Verde particip\u00f3 en Cersaie en colaboraci\u00f3n con Recer\",\"isPartOf\":{\"@id\":\"https:\/\/pro.costa-verde.com\/#website\"},\"primaryImageOfPage\":{\"@id\":\"https:\/\/pro.costa-verde.com\/es\/costa-verde-participo-en-cersaie-en-colaboracion-con-recer\/#primaryimage\"},\"image\":{\"@id\":\"https:\/\/pro.costa-verde.com\/es\/costa-verde-participo-en-cersaie-en-colaboracion-con-recer\/#primaryimage\"},\"thumbnailUrl\":\"https:\/\/pro.costa-verde.com\/wp-content\/uploads\/2025\/10\/Brown-Autumn-Photo-Collage.jpg\",\"datePublished\":\"2025-10-30T12:48:44+00:00\",\"dateModified\":\"2025-10-31T09:13:42+00:00\",\"description\":\"Costa Verde estuvo presente en la m\u00e1s reciente edici\u00f3n de la feria Cersaie, celebrada en Bolonia, Italia. Sepa m\u00e1s!\",\"breadcrumb\":{\"@id\":\"https:\/\/pro.costa-verde.com\/es\/costa-verde-participo-en-cersaie-en-colaboracion-con-recer\/#breadcrumb\"},\"inLanguage\":\"es\",\"potentialAction\":[{\"@type\":\"ReadAction\",\"target\":[\"https:\/\/pro.costa-verde.com\/es\/costa-verde-participo-en-cersaie-en-colaboracion-con-recer\/\"]}]},{\"@type\":\"ImageObject\",\"inLanguage\":\"es\",\"@id\":\"https:\/\/pro.costa-verde.com\/es\/costa-verde-participo-en-cersaie-en-colaboracion-con-recer\/#primaryimage\",\"url\":\"https:\/\/pro.costa-verde.com\/wp-content\/uploads\/2025\/10\/Brown-Autumn-Photo-Collage.jpg\",\"contentUrl\":\"https:\/\/pro.costa-verde.com\/wp-content\/uploads\/2025\/10\/Brown-Autumn-Photo-Collage.jpg\",\"width\":1920,\"height\":1536},{\"@type\":\"BreadcrumbList\",\"@id\":\"https:\/\/pro.costa-verde.com\/es\/costa-verde-participo-en-cersaie-en-colaboracion-con-recer\/#breadcrumb\",\"itemListElement\":[{\"@type\":\"ListItem\",\"position\":1,\"name\":\"In\u00edcio\",\"item\":\"https:\/\/pro.costa-verde.com\/es\/\"},{\"@type\":\"ListItem\",\"position\":2,\"name\":\"Costa Verde particip\u00f3 en Cersaie en colaboraci\u00f3n con Recer\"}]},{\"@type\":\"WebSite\",\"@id\":\"https:\/\/pro.costa-verde.com\/#website\",\"url\":\"https:\/\/pro.costa-verde.com\/\",\"name\":\"Costa Verde\",\"description\":\"Loja Online\",\"potentialAction\":[{\"@type\":\"SearchAction\",\"target\":{\"@type\":\"EntryPoint\",\"urlTemplate\":\"https:\/\/pro.costa-verde.com\/?s={search_term_string}\"},\"query-input\":{\"@type\":\"PropertyValueSpecification\",\"valueRequired\":true,\"valueName\":\"search_term_string\"}}],\"inLanguage\":\"es\"}]}<\/script>\n<!-- \/ Yoast SEO plugin. -->","yoast_head_json":{"title":"Costa Verde particip\u00f3 en Cersaie en colaboraci\u00f3n con Recer","description":"Costa Verde estuvo presente en la m\u00e1s reciente edici\u00f3n de la feria Cersaie, celebrada en Bolonia, Italia. Sepa m\u00e1s!","robots":{"index":"index","follow":"follow","max-snippet":"max-snippet:-1","max-image-preview":"max-image-preview:large","max-video-preview":"max-video-preview:-1"},"canonical":"https:\/\/pro.costa-verde.com\/es\/costa-verde-participo-en-cersaie-en-colaboracion-con-recer\/","og_locale":"es_ES","og_type":"article","og_title":"Costa Verde particip\u00f3 en Cersaie en colaboraci\u00f3n con Recer","og_description":"Costa Verde estuvo presente en la m\u00e1s reciente edici\u00f3n de la feria Cersaie, celebrada en Bolonia, Italia. Sepa m\u00e1s!","og_url":"https:\/\/pro.costa-verde.com\/es\/costa-verde-participo-en-cersaie-en-colaboracion-con-recer\/","og_site_name":"Costa Verde","article_publisher":"https:\/\/www.facebook.com\/costaverdeporcelanas\/","article_modified_time":"2025-10-31T09:13:42+00:00","og_image":[{"width":1920,"height":1536,"url":"https:\/\/pro.costa-verde.com\/wp-content\/uploads\/2025\/10\/Brown-Autumn-Photo-Collage.jpg","type":"image\/jpeg"}],"twitter_card":"summary_large_image","twitter_misc":{"Tiempo de lectura":"1 minuto"},"schema":{"@context":"https:\/\/schema.org","@graph":[{"@type":"WebPage","@id":"https:\/\/pro.costa-verde.com\/es\/costa-verde-participo-en-cersaie-en-colaboracion-con-recer\/","url":"https:\/\/pro.costa-verde.com\/es\/costa-verde-participo-en-cersaie-en-colaboracion-con-recer\/","name":"Costa Verde particip\u00f3 en Cersaie en colaboraci\u00f3n con Recer","isPartOf":{"@id":"https:\/\/pro.costa-verde.com\/#website"},"primaryImageOfPage":{"@id":"https:\/\/pro.costa-verde.com\/es\/costa-verde-participo-en-cersaie-en-colaboracion-con-recer\/#primaryimage"},"image":{"@id":"https:\/\/pro.costa-verde.com\/es\/costa-verde-participo-en-cersaie-en-colaboracion-con-recer\/#primaryimage"},"thumbnailUrl":"https:\/\/pro.costa-verde.com\/wp-content\/uploads\/2025\/10\/Brown-Autumn-Photo-Collage.jpg","datePublished":"2025-10-30T12:48:44+00:00","dateModified":"2025-10-31T09:13:42+00:00","description":"Costa Verde estuvo presente en la m\u00e1s reciente edici\u00f3n de la feria Cersaie, celebrada en Bolonia, Italia. Sepa m\u00e1s!","breadcrumb":{"@id":"https:\/\/pro.costa-verde.com\/es\/costa-verde-participo-en-cersaie-en-colaboracion-con-recer\/#breadcrumb"},"inLanguage":"es","potentialAction":[{"@type":"ReadAction","target":["https:\/\/pro.costa-verde.com\/es\/costa-verde-participo-en-cersaie-en-colaboracion-con-recer\/"]}]},{"@type":"ImageObject","inLanguage":"es","@id":"https:\/\/pro.costa-verde.com\/es\/costa-verde-participo-en-cersaie-en-colaboracion-con-recer\/#primaryimage","url":"https:\/\/pro.costa-verde.com\/wp-content\/uploads\/2025\/10\/Brown-Autumn-Photo-Collage.jpg","contentUrl":"https:\/\/pro.costa-verde.com\/wp-content\/uploads\/2025\/10\/Brown-Autumn-Photo-Collage.jpg","width":1920,"height":1536},{"@type":"BreadcrumbList","@id":"https:\/\/pro.costa-verde.com\/es\/costa-verde-participo-en-cersaie-en-colaboracion-con-recer\/#breadcrumb","itemListElement":[{"@type":"ListItem","position":1,"name":"In\u00edcio","item":"https:\/\/pro.costa-verde.com\/es\/"},{"@type":"ListItem","position":2,"name":"Costa Verde particip\u00f3 en Cersaie en colaboraci\u00f3n con Recer"}]},{"@type":"WebSite","@id":"https:\/\/pro.costa-verde.com\/#website","url":"https:\/\/pro.costa-verde.com\/","name":"Costa Verde","description":"Loja Online","potentialAction":[{"@type":"SearchAction","target":{"@type":"EntryPoint","urlTemplate":"https:\/\/pro.costa-verde.com\/?s={search_term_string}"},"query-input":{"@type":"PropertyValueSpecification","valueRequired":true,"valueName":"search_term_string"}}],"inLanguage":"es"}]}},"_links":{"self":[{"href":"https:\/\/pro.costa-verde.com\/es\/wp-json\/wp\/v2\/pages\/67596","targetHints":{"allow":["GET"]}}],"collection":[{"href":"https:\/\/pro.costa-verde.com\/es\/wp-json\/wp\/v2\/pages"}],"about":[{"href":"https:\/\/pro.costa-verde.com\/es\/wp-json\/wp\/v2\/types\/page"}],"author":[{"embeddable":true,"href":"https:\/\/pro.costa-verde.com\/es\/wp-json\/wp\/v2\/users\/438"}],"replies":[{"embeddable":true,"href":"https:\/\/pro.costa-verde.com\/es\/wp-json\/wp\/v2\/comments?post=67596"}],"version-history":[{"count":10,"href":"https:\/\/pro.costa-verde.com\/es\/wp-json\/wp\/v2\/pages\/67596\/revisions"}],"predecessor-version":[{"id":67669,"href":"https:\/\/pro.costa-verde.com\/es\/wp-json\/wp\/v2\/pages\/67596\/revisions\/67669"}],"wp:featuredmedia":[{"embeddable":true,"href":"https:\/\/pro.costa-verde.com\/es\/wp-json\/wp\/v2\/media\/67656"}],"wp:attachment":[{"href":"https:\/\/pro.costa-verde.com\/es\/wp-json\/wp\/v2\/media?parent=67596"}],"curies":[{"name":"wp","href":"https:\/\/api.w.org\/{rel}","templated":true}]}}