{"id":67575,"date":"2025-10-31T11:09:21","date_gmt":"2025-10-31T11:09:21","guid":{"rendered":"https:\/\/pro.costa-verde.com\/?page_id=67575"},"modified":"2025-10-31T11:15:12","modified_gmt":"2025-10-31T11:15:12","slug":"porcelana-que-se-escucha-queria-ja-nao-quer","status":"publish","type":"page","link":"https:\/\/pro.costa-verde.com\/es\/porcelana-que-se-escucha-queria-ja-nao-quer\/","title":{"rendered":"Porcelana que se escucha: \u201cQueria? J\u00e1 n\u00e3o quer!?\u201d"},"content":{"rendered":"\t\t<div data-elementor-type=\"wp-page\" data-elementor-id=\"67575\" class=\"elementor elementor-67575 elementor-67573\" data-elementor-post-type=\"page\">\n\t\t\t\t\t\t<section class=\"elementor-section elementor-top-section elementor-element elementor-element-4e696d57 elementor-section-boxed elementor-section-height-default elementor-section-height-default\" data-id=\"4e696d57\" data-element_type=\"section\">\n\t\t\t\t\t\t<div class=\"elementor-container elementor-column-gap-default\">\n\t\t\t\t\t<div class=\"elementor-column elementor-col-100 elementor-top-column elementor-element elementor-element-7149df70\" data-id=\"7149df70\" data-element_type=\"column\">\n\t\t\t<div class=\"elementor-widget-wrap elementor-element-populated\">\n\t\t\t\t\t\t<div class=\"elementor-element elementor-element-3311861 elementor-widget elementor-widget-image\" data-id=\"3311861\" data-element_type=\"widget\" data-widget_type=\"image.default\">\n\t\t\t\t<div class=\"elementor-widget-container\">\n\t\t\t\t\t\t\t\t\t\t\t\t\t\t\t<img fetchpriority=\"high\" decoding=\"async\" width=\"1024\" height=\"683\" src=\"https:\/\/pro.costa-verde.com\/wp-content\/uploads\/2025\/10\/5966-1024x683.jpg\" class=\"attachment-large size-large wp-image-67579\" alt=\"\" srcset=\"https:\/\/pro.costa-verde.com\/wp-content\/uploads\/2025\/10\/5966-1024x683.jpg 1024w, https:\/\/pro.costa-verde.com\/wp-content\/uploads\/2025\/10\/5966-300x200.jpg 300w, https:\/\/pro.costa-verde.com\/wp-content\/uploads\/2025\/10\/5966-768x512.jpg 768w, https:\/\/pro.costa-verde.com\/wp-content\/uploads\/2025\/10\/5966-600x400.jpg 600w, https:\/\/pro.costa-verde.com\/wp-content\/uploads\/2025\/10\/5966-120x80.jpg 120w, https:\/\/pro.costa-verde.com\/wp-content\/uploads\/2025\/10\/5966.jpg 1120w\" sizes=\"(max-width: 1024px) 100vw, 1024px\" \/>\t\t\t\t\t\t\t\t\t\t\t\t\t\t\t<\/div>\n\t\t\t\t<\/div>\n\t\t\t\t<div class=\"elementor-element elementor-element-7843fbcb elementor-widget elementor-widget-text-editor\" data-id=\"7843fbcb\" data-element_type=\"widget\" data-widget_type=\"text-editor.default\">\n\t\t\t\t<div class=\"elementor-widget-container\">\n\t\t\t\t\t\t\t\t\t<p data-start=\"1537\" data-end=\"1783\">Cinco m\u00fasicos y un cuerpo sonoro hecho de porcelana. As\u00ed naci\u00f3 <em data-start=\"1600\" data-end=\"1625\">\u201cQueria? J\u00e1 n\u00e3o quer!?\u201d<\/em>, una creaci\u00f3n de la compa\u00f1\u00eda <a href=\"https:\/\/wetumtum.pt\/\">WeTumTum<\/a>, presentada en el marco de la Bienal Internacional de Cer\u00e1mica Art\u00edstica de Aveiro 2025, con el apoyo de Costa Verde.<\/p>\n<p data-start=\"1785\" data-end=\"2138\">En esta singular performance, la porcelana deja de ser solo materia y se transforma en instrumento, escenograf\u00eda e inspiraci\u00f3n. En un espect\u00e1culo itinerante donde la percusi\u00f3n adquiere nuevas texturas, la porcelana se convierte en objetos musicales, revelando sonidos inesperados e im\u00e1genes que reflejan el gesto, el toque y la vibraci\u00f3n de la tierra.<\/p>\n<p data-start=\"2140\" data-end=\"2402\">Entre la fragilidad y la fuerza, el ritmo y el silencio, se construye un paisaje sensorial que invit\u00f3 al p\u00fablico a escuchar con los ojos y ver con los o\u00eddos, una celebraci\u00f3n de la escucha t\u00e1ctil y de la belleza imperfecta, hecha de tierra, aliento y vibraci\u00f3n.<\/p>\n<p data-start=\"2404\" data-end=\"2794\">Al asociarse con este proyecto, Costa Verde refuerza su compromiso con la valorizaci\u00f3n de la porcelana portuguesa y con la promoci\u00f3n de la creatividad y la innovaci\u00f3n en el sector. La colaboraci\u00f3n simboliza el encuentro entre la tradici\u00f3n industrial y la experimentaci\u00f3n art\u00edstica, evidenciando el potencial expresivo de la porcelana como materia viva, sonora y culturalmente identitaria.<\/p>\n<p data-start=\"2796\" data-end=\"2990\"><strong data-start=\"2796\" data-end=\"2816\">Ficha art\u00edstica:<\/strong><br data-start=\"2816\" data-end=\"2819\">Direcci\u00f3n Art\u00edstica: Artur Carvalho y Bruno Estima | Int\u00e9rpretes: Artur Carvalho, Bruno Estima, David Calhau, Mariana Miguel y Matilde Cardoso | Producci\u00f3n: David Calhau<\/p>\t\t\t\t\t\t\t\t<\/div>\n\t\t\t\t<\/div>\n\t\t\t\t\t<\/div>\n\t\t<\/div>\n\t\t\t\t\t<\/div>\n\t\t<\/section>\n\t\t\t\t<\/div>\n\t\t","protected":false},"excerpt":{"rendered":"<p>Cinco m\u00fasicos y un cuerpo sonoro hecho de porcelana. As\u00ed naci\u00f3 \u201cQueria? J\u00e1 n\u00e3o quer!?\u201d, una creaci\u00f3n de la compa\u00f1\u00eda WeTumTum, presentada en el marco de la Bienal Internacional de Cer\u00e1mica Art\u00edstica de Aveiro 2025, con el apoyo de Costa Verde. En esta singular performance, la porcelana deja de ser solo materia y se transforma [&hellip;]<\/p>\n","protected":false},"author":438,"featured_media":67579,"parent":0,"menu_order":0,"comment_status":"open","ping_status":"closed","template":"","meta":{"footnotes":""},"class_list":["post-67575","page","type-page","status-publish","has-post-thumbnail","hentry"],"yoast_head":"<!-- This site is optimized with the Yoast SEO plugin v26.9 - https:\/\/yoast.com\/product\/yoast-seo-wordpress\/ -->\n<title>Porcelana que se escucha: \u201cQueria? J\u00e1 n\u00e3o quer!?\u201d - Costa Verde<\/title>\n<meta name=\"robots\" content=\"index, follow, max-snippet:-1, max-image-preview:large, max-video-preview:-1\" \/>\n<link rel=\"canonical\" href=\"https:\/\/pro.costa-verde.com\/es\/porcelana-que-se-escucha-queria-ja-nao-quer\/\" \/>\n<meta property=\"og:locale\" content=\"es_ES\" \/>\n<meta property=\"og:type\" content=\"article\" \/>\n<meta property=\"og:title\" content=\"Porcelana que se escucha: \u201cQueria? J\u00e1 n\u00e3o quer!?\u201d - Costa Verde\" \/>\n<meta property=\"og:description\" content=\"Cinco m\u00fasicos y un cuerpo sonoro hecho de porcelana. As\u00ed naci\u00f3 \u201cQueria? J\u00e1 n\u00e3o quer!?\u201d, una creaci\u00f3n de la compa\u00f1\u00eda WeTumTum, presentada en el marco de la Bienal Internacional de Cer\u00e1mica Art\u00edstica de Aveiro 2025, con el apoyo de Costa Verde. En esta singular performance, la porcelana deja de ser solo materia y se transforma [&hellip;]\" \/>\n<meta property=\"og:url\" content=\"https:\/\/pro.costa-verde.com\/es\/porcelana-que-se-escucha-queria-ja-nao-quer\/\" \/>\n<meta property=\"og:site_name\" content=\"Costa Verde\" \/>\n<meta property=\"article:publisher\" content=\"https:\/\/www.facebook.com\/costaverdeporcelanas\/\" \/>\n<meta property=\"article:modified_time\" content=\"2025-10-31T11:15:12+00:00\" \/>\n<meta property=\"og:image\" content=\"https:\/\/pro.costa-verde.com\/wp-content\/uploads\/2025\/10\/5966.jpg\" \/>\n\t<meta property=\"og:image:width\" content=\"1120\" \/>\n\t<meta property=\"og:image:height\" content=\"747\" \/>\n\t<meta property=\"og:image:type\" content=\"image\/jpeg\" \/>\n<meta name=\"twitter:card\" content=\"summary_large_image\" \/>\n<meta name=\"twitter:label1\" content=\"Tiempo de lectura\" \/>\n\t<meta name=\"twitter:data1\" content=\"2 minutos\" \/>\n<script type=\"application\/ld+json\" class=\"yoast-schema-graph\">{\"@context\":\"https:\/\/schema.org\",\"@graph\":[{\"@type\":\"WebPage\",\"@id\":\"https:\/\/pro.costa-verde.com\/es\/porcelana-que-se-escucha-queria-ja-nao-quer\/\",\"url\":\"https:\/\/pro.costa-verde.com\/es\/porcelana-que-se-escucha-queria-ja-nao-quer\/\",\"name\":\"Porcelana que se escucha: \u201cQueria? J\u00e1 n\u00e3o quer!?\u201d - Costa Verde\",\"isPartOf\":{\"@id\":\"https:\/\/pro.costa-verde.com\/#website\"},\"primaryImageOfPage\":{\"@id\":\"https:\/\/pro.costa-verde.com\/es\/porcelana-que-se-escucha-queria-ja-nao-quer\/#primaryimage\"},\"image\":{\"@id\":\"https:\/\/pro.costa-verde.com\/es\/porcelana-que-se-escucha-queria-ja-nao-quer\/#primaryimage\"},\"thumbnailUrl\":\"https:\/\/pro.costa-verde.com\/wp-content\/uploads\/2025\/10\/5966.jpg\",\"datePublished\":\"2025-10-31T11:09:21+00:00\",\"dateModified\":\"2025-10-31T11:15:12+00:00\",\"breadcrumb\":{\"@id\":\"https:\/\/pro.costa-verde.com\/es\/porcelana-que-se-escucha-queria-ja-nao-quer\/#breadcrumb\"},\"inLanguage\":\"es\",\"potentialAction\":[{\"@type\":\"ReadAction\",\"target\":[\"https:\/\/pro.costa-verde.com\/es\/porcelana-que-se-escucha-queria-ja-nao-quer\/\"]}]},{\"@type\":\"ImageObject\",\"inLanguage\":\"es\",\"@id\":\"https:\/\/pro.costa-verde.com\/es\/porcelana-que-se-escucha-queria-ja-nao-quer\/#primaryimage\",\"url\":\"https:\/\/pro.costa-verde.com\/wp-content\/uploads\/2025\/10\/5966.jpg\",\"contentUrl\":\"https:\/\/pro.costa-verde.com\/wp-content\/uploads\/2025\/10\/5966.jpg\",\"width\":1120,\"height\":747},{\"@type\":\"BreadcrumbList\",\"@id\":\"https:\/\/pro.costa-verde.com\/es\/porcelana-que-se-escucha-queria-ja-nao-quer\/#breadcrumb\",\"itemListElement\":[{\"@type\":\"ListItem\",\"position\":1,\"name\":\"In\u00edcio\",\"item\":\"https:\/\/pro.costa-verde.com\/es\/\"},{\"@type\":\"ListItem\",\"position\":2,\"name\":\"Porcelana que se escucha: \u201cQueria? J\u00e1 n\u00e3o quer!?\u201d\"}]},{\"@type\":\"WebSite\",\"@id\":\"https:\/\/pro.costa-verde.com\/#website\",\"url\":\"https:\/\/pro.costa-verde.com\/\",\"name\":\"Costa Verde\",\"description\":\"Loja Online\",\"potentialAction\":[{\"@type\":\"SearchAction\",\"target\":{\"@type\":\"EntryPoint\",\"urlTemplate\":\"https:\/\/pro.costa-verde.com\/?s={search_term_string}\"},\"query-input\":{\"@type\":\"PropertyValueSpecification\",\"valueRequired\":true,\"valueName\":\"search_term_string\"}}],\"inLanguage\":\"es\"}]}<\/script>\n<!-- \/ Yoast SEO plugin. -->","yoast_head_json":{"title":"Porcelana que se escucha: \u201cQueria? J\u00e1 n\u00e3o quer!?\u201d - Costa Verde","robots":{"index":"index","follow":"follow","max-snippet":"max-snippet:-1","max-image-preview":"max-image-preview:large","max-video-preview":"max-video-preview:-1"},"canonical":"https:\/\/pro.costa-verde.com\/es\/porcelana-que-se-escucha-queria-ja-nao-quer\/","og_locale":"es_ES","og_type":"article","og_title":"Porcelana que se escucha: \u201cQueria? J\u00e1 n\u00e3o quer!?\u201d - Costa Verde","og_description":"Cinco m\u00fasicos y un cuerpo sonoro hecho de porcelana. As\u00ed naci\u00f3 \u201cQueria? J\u00e1 n\u00e3o quer!?\u201d, una creaci\u00f3n de la compa\u00f1\u00eda WeTumTum, presentada en el marco de la Bienal Internacional de Cer\u00e1mica Art\u00edstica de Aveiro 2025, con el apoyo de Costa Verde. En esta singular performance, la porcelana deja de ser solo materia y se transforma [&hellip;]","og_url":"https:\/\/pro.costa-verde.com\/es\/porcelana-que-se-escucha-queria-ja-nao-quer\/","og_site_name":"Costa Verde","article_publisher":"https:\/\/www.facebook.com\/costaverdeporcelanas\/","article_modified_time":"2025-10-31T11:15:12+00:00","og_image":[{"width":1120,"height":747,"url":"https:\/\/pro.costa-verde.com\/wp-content\/uploads\/2025\/10\/5966.jpg","type":"image\/jpeg"}],"twitter_card":"summary_large_image","twitter_misc":{"Tiempo de lectura":"2 minutos"},"schema":{"@context":"https:\/\/schema.org","@graph":[{"@type":"WebPage","@id":"https:\/\/pro.costa-verde.com\/es\/porcelana-que-se-escucha-queria-ja-nao-quer\/","url":"https:\/\/pro.costa-verde.com\/es\/porcelana-que-se-escucha-queria-ja-nao-quer\/","name":"Porcelana que se escucha: \u201cQueria? J\u00e1 n\u00e3o quer!?\u201d - Costa Verde","isPartOf":{"@id":"https:\/\/pro.costa-verde.com\/#website"},"primaryImageOfPage":{"@id":"https:\/\/pro.costa-verde.com\/es\/porcelana-que-se-escucha-queria-ja-nao-quer\/#primaryimage"},"image":{"@id":"https:\/\/pro.costa-verde.com\/es\/porcelana-que-se-escucha-queria-ja-nao-quer\/#primaryimage"},"thumbnailUrl":"https:\/\/pro.costa-verde.com\/wp-content\/uploads\/2025\/10\/5966.jpg","datePublished":"2025-10-31T11:09:21+00:00","dateModified":"2025-10-31T11:15:12+00:00","breadcrumb":{"@id":"https:\/\/pro.costa-verde.com\/es\/porcelana-que-se-escucha-queria-ja-nao-quer\/#breadcrumb"},"inLanguage":"es","potentialAction":[{"@type":"ReadAction","target":["https:\/\/pro.costa-verde.com\/es\/porcelana-que-se-escucha-queria-ja-nao-quer\/"]}]},{"@type":"ImageObject","inLanguage":"es","@id":"https:\/\/pro.costa-verde.com\/es\/porcelana-que-se-escucha-queria-ja-nao-quer\/#primaryimage","url":"https:\/\/pro.costa-verde.com\/wp-content\/uploads\/2025\/10\/5966.jpg","contentUrl":"https:\/\/pro.costa-verde.com\/wp-content\/uploads\/2025\/10\/5966.jpg","width":1120,"height":747},{"@type":"BreadcrumbList","@id":"https:\/\/pro.costa-verde.com\/es\/porcelana-que-se-escucha-queria-ja-nao-quer\/#breadcrumb","itemListElement":[{"@type":"ListItem","position":1,"name":"In\u00edcio","item":"https:\/\/pro.costa-verde.com\/es\/"},{"@type":"ListItem","position":2,"name":"Porcelana que se escucha: \u201cQueria? J\u00e1 n\u00e3o quer!?\u201d"}]},{"@type":"WebSite","@id":"https:\/\/pro.costa-verde.com\/#website","url":"https:\/\/pro.costa-verde.com\/","name":"Costa Verde","description":"Loja Online","potentialAction":[{"@type":"SearchAction","target":{"@type":"EntryPoint","urlTemplate":"https:\/\/pro.costa-verde.com\/?s={search_term_string}"},"query-input":{"@type":"PropertyValueSpecification","valueRequired":true,"valueName":"search_term_string"}}],"inLanguage":"es"}]}},"_links":{"self":[{"href":"https:\/\/pro.costa-verde.com\/es\/wp-json\/wp\/v2\/pages\/67575","targetHints":{"allow":["GET"]}}],"collection":[{"href":"https:\/\/pro.costa-verde.com\/es\/wp-json\/wp\/v2\/pages"}],"about":[{"href":"https:\/\/pro.costa-verde.com\/es\/wp-json\/wp\/v2\/types\/page"}],"author":[{"embeddable":true,"href":"https:\/\/pro.costa-verde.com\/es\/wp-json\/wp\/v2\/users\/438"}],"replies":[{"embeddable":true,"href":"https:\/\/pro.costa-verde.com\/es\/wp-json\/wp\/v2\/comments?post=67575"}],"version-history":[{"count":7,"href":"https:\/\/pro.costa-verde.com\/es\/wp-json\/wp\/v2\/pages\/67575\/revisions"}],"predecessor-version":[{"id":67685,"href":"https:\/\/pro.costa-verde.com\/es\/wp-json\/wp\/v2\/pages\/67575\/revisions\/67685"}],"wp:featuredmedia":[{"embeddable":true,"href":"https:\/\/pro.costa-verde.com\/es\/wp-json\/wp\/v2\/media\/67579"}],"wp:attachment":[{"href":"https:\/\/pro.costa-verde.com\/es\/wp-json\/wp\/v2\/media?parent=67575"}],"curies":[{"name":"wp","href":"https:\/\/api.w.org\/{rel}","templated":true}]}}