{"id":67277,"date":"2025-09-08T11:00:35","date_gmt":"2025-09-08T10:00:35","guid":{"rendered":"https:\/\/pro.costa-verde.com\/?page_id=67277"},"modified":"2025-09-08T11:06:17","modified_gmt":"2025-09-08T10:06:17","slug":"lasermarker-costa-verde-apuesta-por-la-tecnologia-laser","status":"publish","type":"page","link":"https:\/\/pro.costa-verde.com\/es\/lasermarker-costa-verde-apuesta-por-la-tecnologia-laser\/","title":{"rendered":"LaserMarKer: Costa Verde apuesta por la tecnolog\u00eda l\u00e1ser"},"content":{"rendered":"\t\t<div data-elementor-type=\"wp-page\" data-elementor-id=\"67277\" class=\"elementor elementor-67277 elementor-67275\" data-elementor-post-type=\"page\">\n\t\t\t\t\t\t<section class=\"elementor-section elementor-top-section elementor-element elementor-element-4e696d57 elementor-section-boxed elementor-section-height-default elementor-section-height-default\" data-id=\"4e696d57\" data-element_type=\"section\">\n\t\t\t\t\t\t<div class=\"elementor-container elementor-column-gap-default\">\n\t\t\t\t\t<div class=\"elementor-column elementor-col-100 elementor-top-column elementor-element elementor-element-7149df70\" data-id=\"7149df70\" data-element_type=\"column\">\n\t\t\t<div class=\"elementor-widget-wrap elementor-element-populated\">\n\t\t\t\t\t\t<div class=\"elementor-element elementor-element-3311861 elementor-widget elementor-widget-image\" data-id=\"3311861\" data-element_type=\"widget\" data-widget_type=\"image.default\">\n\t\t\t\t<div class=\"elementor-widget-container\">\n\t\t\t\t\t\t\t\t\t\t\t\t\t\t\t<img fetchpriority=\"high\" decoding=\"async\" width=\"1024\" height=\"767\" src=\"https:\/\/pro.costa-verde.com\/wp-content\/uploads\/2025\/09\/LaserMarKer-1024x767.jpg\" class=\"attachment-large size-large wp-image-67281\" alt=\"\" srcset=\"https:\/\/pro.costa-verde.com\/wp-content\/uploads\/2025\/09\/LaserMarKer-1024x767.jpg 1024w, https:\/\/pro.costa-verde.com\/wp-content\/uploads\/2025\/09\/LaserMarKer-300x225.jpg 300w, https:\/\/pro.costa-verde.com\/wp-content\/uploads\/2025\/09\/LaserMarKer-768x575.jpg 768w, https:\/\/pro.costa-verde.com\/wp-content\/uploads\/2025\/09\/LaserMarKer-600x449.jpg 600w, https:\/\/pro.costa-verde.com\/wp-content\/uploads\/2025\/09\/LaserMarKer-120x90.jpg 120w, https:\/\/pro.costa-verde.com\/wp-content\/uploads\/2025\/09\/LaserMarKer.jpg 1209w\" sizes=\"(max-width: 1024px) 100vw, 1024px\" \/>\t\t\t\t\t\t\t\t\t\t\t\t\t\t\t<\/div>\n\t\t\t\t<\/div>\n\t\t\t\t<div class=\"elementor-element elementor-element-7843fbcb elementor-widget elementor-widget-text-editor\" data-id=\"7843fbcb\" data-element_type=\"widget\" data-widget_type=\"text-editor.default\">\n\t\t\t\t<div class=\"elementor-widget-container\">\n\t\t\t\t\t\t\t\t\t<p><a href=\"https:\/\/pro.costa-verde.com\/es\/\"><strong>Costa Verde<\/strong><\/a> puso en marcha el proyecto <strong>LaserMarKer<\/strong>, con una reuni\u00f3n celebrada en sus instalaciones que cont\u00f3 con la participaci\u00f3n de la <a href=\"https:\/\/www.ua.pt\/pt\/\"><strong>Universidad de Aveiro<\/strong> <\/a>y del <a href=\"https:\/\/www.ctcv.pt\/index.html\"><strong>Centro Tecnol\u00f3gico de la Cer\u00e1mica y del Vidrio<\/strong><\/a>, socios del consorcio.<\/p><p>La iniciativa tiene como objetivo introducir la tecnolog\u00eda l\u00e1ser en el sector de la porcelana, explorando nuevas soluciones que combinen innovaci\u00f3n y sostenibilidad. El proyecto contempla tres \u00e1reas de aplicaci\u00f3n: el grabado de c\u00f3digos en las piezas para garantizar la trazabilidad y posibilitar el pasaporte digital del producto; la decoraci\u00f3n de logotipos y patrones sin recurrir a tintas ni pigmentos; y la personalizaci\u00f3n en peque\u00f1as series, mediante un modelo de producci\u00f3n \u00e1gil y flexible.<\/p><p>Con <strong>LaserMarKer<\/strong>, Costa Verde busca reforzar la posici\u00f3n de Portugal a la vanguardia de la industria cer\u00e1mica europea, apostando por procesos m\u00e1s eficientes, sostenibles y orientados a las exigencias del futuro.<\/p><p>\u00a1Conozca nuestros <a href=\"https:\/\/pro.costa-verde.com\/es\/sostenibilidad\/investigacion-desarrollo-innovacion\/\">proyectos<\/a>!<\/p>\t\t\t\t\t\t\t\t<\/div>\n\t\t\t\t<\/div>\n\t\t\t\t\t<\/div>\n\t\t<\/div>\n\t\t\t\t\t<\/div>\n\t\t<\/section>\n\t\t\t\t<\/div>\n\t\t","protected":false},"excerpt":{"rendered":"<p>Costa Verde puso en marcha el proyecto LaserMarKer, con una reuni\u00f3n celebrada en sus instalaciones que cont\u00f3 con la participaci\u00f3n de la Universidad de Aveiro y del Centro Tecnol\u00f3gico de la Cer\u00e1mica y del Vidrio, socios del consorcio. La iniciativa tiene como objetivo introducir la tecnolog\u00eda l\u00e1ser en el sector de la porcelana, explorando nuevas [&hellip;]<\/p>\n","protected":false},"author":438,"featured_media":67281,"parent":0,"menu_order":0,"comment_status":"open","ping_status":"closed","template":"","meta":{"footnotes":""},"class_list":["post-67277","page","type-page","status-publish","has-post-thumbnail","hentry"],"yoast_head":"<!-- This site is optimized with the Yoast SEO plugin v26.9 - https:\/\/yoast.com\/product\/yoast-seo-wordpress\/ -->\n<title>LaserMarKer: Costa Verde apuesta por la tecnolog\u00eda l\u00e1ser - Costa Verde<\/title>\n<meta name=\"description\" content=\"Costa Verde puso en marcha el proyecto LaserMarKer, con una reuni\u00f3n que cont\u00f3 con la Universidad de Aveiro y el Centro Tecnol\u00f3gico de la Cer\u00e1mica y del Vidrio!\" \/>\n<meta name=\"robots\" content=\"index, follow, max-snippet:-1, max-image-preview:large, max-video-preview:-1\" \/>\n<link rel=\"canonical\" href=\"https:\/\/pro.costa-verde.com\/es\/lasermarker-costa-verde-apuesta-por-la-tecnologia-laser\/\" \/>\n<meta property=\"og:locale\" content=\"es_ES\" \/>\n<meta property=\"og:type\" content=\"article\" \/>\n<meta property=\"og:title\" content=\"LaserMarKer: Costa Verde apuesta por la tecnolog\u00eda l\u00e1ser - Costa Verde\" \/>\n<meta property=\"og:description\" content=\"Costa Verde puso en marcha el proyecto LaserMarKer, con una reuni\u00f3n que cont\u00f3 con la Universidad de Aveiro y el Centro Tecnol\u00f3gico de la Cer\u00e1mica y del Vidrio!\" \/>\n<meta property=\"og:url\" content=\"https:\/\/pro.costa-verde.com\/es\/lasermarker-costa-verde-apuesta-por-la-tecnologia-laser\/\" \/>\n<meta property=\"og:site_name\" content=\"Costa Verde\" \/>\n<meta property=\"article:publisher\" content=\"https:\/\/www.facebook.com\/costaverdeporcelanas\/\" \/>\n<meta property=\"article:modified_time\" content=\"2025-09-08T10:06:17+00:00\" \/>\n<meta property=\"og:image\" content=\"https:\/\/pro.costa-verde.com\/wp-content\/uploads\/2025\/09\/LaserMarKer.jpg\" \/>\n\t<meta property=\"og:image:width\" content=\"1209\" \/>\n\t<meta property=\"og:image:height\" content=\"905\" \/>\n\t<meta property=\"og:image:type\" content=\"image\/jpeg\" \/>\n<meta name=\"twitter:card\" content=\"summary_large_image\" \/>\n<meta name=\"twitter:label1\" content=\"Tiempo de lectura\" \/>\n\t<meta name=\"twitter:data1\" content=\"1 minuto\" \/>\n<script type=\"application\/ld+json\" class=\"yoast-schema-graph\">{\"@context\":\"https:\/\/schema.org\",\"@graph\":[{\"@type\":\"WebPage\",\"@id\":\"https:\/\/pro.costa-verde.com\/es\/lasermarker-costa-verde-apuesta-por-la-tecnologia-laser\/\",\"url\":\"https:\/\/pro.costa-verde.com\/es\/lasermarker-costa-verde-apuesta-por-la-tecnologia-laser\/\",\"name\":\"LaserMarKer: Costa Verde apuesta por la tecnolog\u00eda l\u00e1ser - Costa Verde\",\"isPartOf\":{\"@id\":\"https:\/\/pro.costa-verde.com\/#website\"},\"primaryImageOfPage\":{\"@id\":\"https:\/\/pro.costa-verde.com\/es\/lasermarker-costa-verde-apuesta-por-la-tecnologia-laser\/#primaryimage\"},\"image\":{\"@id\":\"https:\/\/pro.costa-verde.com\/es\/lasermarker-costa-verde-apuesta-por-la-tecnologia-laser\/#primaryimage\"},\"thumbnailUrl\":\"https:\/\/pro.costa-verde.com\/wp-content\/uploads\/2025\/09\/LaserMarKer.jpg\",\"datePublished\":\"2025-09-08T10:00:35+00:00\",\"dateModified\":\"2025-09-08T10:06:17+00:00\",\"description\":\"Costa Verde puso en marcha el proyecto LaserMarKer, con una reuni\u00f3n que cont\u00f3 con la Universidad de Aveiro y el Centro Tecnol\u00f3gico de la Cer\u00e1mica y del Vidrio!\",\"breadcrumb\":{\"@id\":\"https:\/\/pro.costa-verde.com\/es\/lasermarker-costa-verde-apuesta-por-la-tecnologia-laser\/#breadcrumb\"},\"inLanguage\":\"es\",\"potentialAction\":[{\"@type\":\"ReadAction\",\"target\":[\"https:\/\/pro.costa-verde.com\/es\/lasermarker-costa-verde-apuesta-por-la-tecnologia-laser\/\"]}]},{\"@type\":\"ImageObject\",\"inLanguage\":\"es\",\"@id\":\"https:\/\/pro.costa-verde.com\/es\/lasermarker-costa-verde-apuesta-por-la-tecnologia-laser\/#primaryimage\",\"url\":\"https:\/\/pro.costa-verde.com\/wp-content\/uploads\/2025\/09\/LaserMarKer.jpg\",\"contentUrl\":\"https:\/\/pro.costa-verde.com\/wp-content\/uploads\/2025\/09\/LaserMarKer.jpg\",\"width\":1209,\"height\":905},{\"@type\":\"BreadcrumbList\",\"@id\":\"https:\/\/pro.costa-verde.com\/es\/lasermarker-costa-verde-apuesta-por-la-tecnologia-laser\/#breadcrumb\",\"itemListElement\":[{\"@type\":\"ListItem\",\"position\":1,\"name\":\"In\u00edcio\",\"item\":\"https:\/\/pro.costa-verde.com\/es\/\"},{\"@type\":\"ListItem\",\"position\":2,\"name\":\"LaserMarKer: Costa Verde apuesta por la tecnolog\u00eda l\u00e1ser\"}]},{\"@type\":\"WebSite\",\"@id\":\"https:\/\/pro.costa-verde.com\/#website\",\"url\":\"https:\/\/pro.costa-verde.com\/\",\"name\":\"Costa Verde\",\"description\":\"Loja Online\",\"potentialAction\":[{\"@type\":\"SearchAction\",\"target\":{\"@type\":\"EntryPoint\",\"urlTemplate\":\"https:\/\/pro.costa-verde.com\/?s={search_term_string}\"},\"query-input\":{\"@type\":\"PropertyValueSpecification\",\"valueRequired\":true,\"valueName\":\"search_term_string\"}}],\"inLanguage\":\"es\"}]}<\/script>\n<!-- \/ Yoast SEO plugin. -->","yoast_head_json":{"title":"LaserMarKer: Costa Verde apuesta por la tecnolog\u00eda l\u00e1ser - Costa Verde","description":"Costa Verde puso en marcha el proyecto LaserMarKer, con una reuni\u00f3n que cont\u00f3 con la Universidad de Aveiro y el Centro Tecnol\u00f3gico de la Cer\u00e1mica y del Vidrio!","robots":{"index":"index","follow":"follow","max-snippet":"max-snippet:-1","max-image-preview":"max-image-preview:large","max-video-preview":"max-video-preview:-1"},"canonical":"https:\/\/pro.costa-verde.com\/es\/lasermarker-costa-verde-apuesta-por-la-tecnologia-laser\/","og_locale":"es_ES","og_type":"article","og_title":"LaserMarKer: Costa Verde apuesta por la tecnolog\u00eda l\u00e1ser - Costa Verde","og_description":"Costa Verde puso en marcha el proyecto LaserMarKer, con una reuni\u00f3n que cont\u00f3 con la Universidad de Aveiro y el Centro Tecnol\u00f3gico de la Cer\u00e1mica y del Vidrio!","og_url":"https:\/\/pro.costa-verde.com\/es\/lasermarker-costa-verde-apuesta-por-la-tecnologia-laser\/","og_site_name":"Costa Verde","article_publisher":"https:\/\/www.facebook.com\/costaverdeporcelanas\/","article_modified_time":"2025-09-08T10:06:17+00:00","og_image":[{"width":1209,"height":905,"url":"https:\/\/pro.costa-verde.com\/wp-content\/uploads\/2025\/09\/LaserMarKer.jpg","type":"image\/jpeg"}],"twitter_card":"summary_large_image","twitter_misc":{"Tiempo de lectura":"1 minuto"},"schema":{"@context":"https:\/\/schema.org","@graph":[{"@type":"WebPage","@id":"https:\/\/pro.costa-verde.com\/es\/lasermarker-costa-verde-apuesta-por-la-tecnologia-laser\/","url":"https:\/\/pro.costa-verde.com\/es\/lasermarker-costa-verde-apuesta-por-la-tecnologia-laser\/","name":"LaserMarKer: Costa Verde apuesta por la tecnolog\u00eda l\u00e1ser - Costa Verde","isPartOf":{"@id":"https:\/\/pro.costa-verde.com\/#website"},"primaryImageOfPage":{"@id":"https:\/\/pro.costa-verde.com\/es\/lasermarker-costa-verde-apuesta-por-la-tecnologia-laser\/#primaryimage"},"image":{"@id":"https:\/\/pro.costa-verde.com\/es\/lasermarker-costa-verde-apuesta-por-la-tecnologia-laser\/#primaryimage"},"thumbnailUrl":"https:\/\/pro.costa-verde.com\/wp-content\/uploads\/2025\/09\/LaserMarKer.jpg","datePublished":"2025-09-08T10:00:35+00:00","dateModified":"2025-09-08T10:06:17+00:00","description":"Costa Verde puso en marcha el proyecto LaserMarKer, con una reuni\u00f3n que cont\u00f3 con la Universidad de Aveiro y el Centro Tecnol\u00f3gico de la Cer\u00e1mica y del Vidrio!","breadcrumb":{"@id":"https:\/\/pro.costa-verde.com\/es\/lasermarker-costa-verde-apuesta-por-la-tecnologia-laser\/#breadcrumb"},"inLanguage":"es","potentialAction":[{"@type":"ReadAction","target":["https:\/\/pro.costa-verde.com\/es\/lasermarker-costa-verde-apuesta-por-la-tecnologia-laser\/"]}]},{"@type":"ImageObject","inLanguage":"es","@id":"https:\/\/pro.costa-verde.com\/es\/lasermarker-costa-verde-apuesta-por-la-tecnologia-laser\/#primaryimage","url":"https:\/\/pro.costa-verde.com\/wp-content\/uploads\/2025\/09\/LaserMarKer.jpg","contentUrl":"https:\/\/pro.costa-verde.com\/wp-content\/uploads\/2025\/09\/LaserMarKer.jpg","width":1209,"height":905},{"@type":"BreadcrumbList","@id":"https:\/\/pro.costa-verde.com\/es\/lasermarker-costa-verde-apuesta-por-la-tecnologia-laser\/#breadcrumb","itemListElement":[{"@type":"ListItem","position":1,"name":"In\u00edcio","item":"https:\/\/pro.costa-verde.com\/es\/"},{"@type":"ListItem","position":2,"name":"LaserMarKer: Costa Verde apuesta por la tecnolog\u00eda l\u00e1ser"}]},{"@type":"WebSite","@id":"https:\/\/pro.costa-verde.com\/#website","url":"https:\/\/pro.costa-verde.com\/","name":"Costa Verde","description":"Loja Online","potentialAction":[{"@type":"SearchAction","target":{"@type":"EntryPoint","urlTemplate":"https:\/\/pro.costa-verde.com\/?s={search_term_string}"},"query-input":{"@type":"PropertyValueSpecification","valueRequired":true,"valueName":"search_term_string"}}],"inLanguage":"es"}]}},"_links":{"self":[{"href":"https:\/\/pro.costa-verde.com\/es\/wp-json\/wp\/v2\/pages\/67277","targetHints":{"allow":["GET"]}}],"collection":[{"href":"https:\/\/pro.costa-verde.com\/es\/wp-json\/wp\/v2\/pages"}],"about":[{"href":"https:\/\/pro.costa-verde.com\/es\/wp-json\/wp\/v2\/types\/page"}],"author":[{"embeddable":true,"href":"https:\/\/pro.costa-verde.com\/es\/wp-json\/wp\/v2\/users\/438"}],"replies":[{"embeddable":true,"href":"https:\/\/pro.costa-verde.com\/es\/wp-json\/wp\/v2\/comments?post=67277"}],"version-history":[{"count":12,"href":"https:\/\/pro.costa-verde.com\/es\/wp-json\/wp\/v2\/pages\/67277\/revisions"}],"predecessor-version":[{"id":67308,"href":"https:\/\/pro.costa-verde.com\/es\/wp-json\/wp\/v2\/pages\/67277\/revisions\/67308"}],"wp:featuredmedia":[{"embeddable":true,"href":"https:\/\/pro.costa-verde.com\/es\/wp-json\/wp\/v2\/media\/67281"}],"wp:attachment":[{"href":"https:\/\/pro.costa-verde.com\/es\/wp-json\/wp\/v2\/media?parent=67277"}],"curies":[{"name":"wp","href":"https:\/\/api.w.org\/{rel}","templated":true}]}}