{"id":66538,"date":"2025-06-30T14:11:56","date_gmt":"2025-06-30T13:11:56","guid":{"rendered":"https:\/\/pro.costa-verde.com\/?page_id=66538"},"modified":"2025-06-30T14:26:27","modified_gmt":"2025-06-30T13:26:27","slug":"costa-verde-renueva-su-colaboracion-con-vagos-sensation-gourmet","status":"publish","type":"page","link":"https:\/\/pro.costa-verde.com\/es\/costa-verde-renueva-su-colaboracion-con-vagos-sensation-gourmet\/","title":{"rendered":"Costa Verde renueva su colaboraci\u00f3n con Vagos Sensation Gourmet"},"content":{"rendered":"\t\t<div data-elementor-type=\"wp-page\" data-elementor-id=\"66538\" class=\"elementor elementor-66538 elementor-66536\" data-elementor-post-type=\"page\">\n\t\t\t\t\t\t<section class=\"elementor-section elementor-top-section elementor-element elementor-element-4e696d57 elementor-section-boxed elementor-section-height-default elementor-section-height-default\" data-id=\"4e696d57\" data-element_type=\"section\">\n\t\t\t\t\t\t<div class=\"elementor-container elementor-column-gap-default\">\n\t\t\t\t\t<div class=\"elementor-column elementor-col-100 elementor-top-column elementor-element elementor-element-7149df70\" data-id=\"7149df70\" data-element_type=\"column\">\n\t\t\t<div class=\"elementor-widget-wrap elementor-element-populated\">\n\t\t\t\t\t\t<div class=\"elementor-element elementor-element-3311861 elementor-widget elementor-widget-image\" data-id=\"3311861\" data-element_type=\"widget\" data-widget_type=\"image.default\">\n\t\t\t\t<div class=\"elementor-widget-container\">\n\t\t\t\t\t\t\t\t\t\t\t\t\t\t\t<img fetchpriority=\"high\" decoding=\"async\" width=\"1024\" height=\"400\" src=\"https:\/\/pro.costa-verde.com\/wp-content\/uploads\/2025\/06\/503399962_1168331028644054_4691855758062715906_n-1024x400.jpg\" class=\"attachment-large size-large wp-image-66602\" alt=\"\" srcset=\"https:\/\/pro.costa-verde.com\/wp-content\/uploads\/2025\/06\/503399962_1168331028644054_4691855758062715906_n-1024x400.jpg 1024w, https:\/\/pro.costa-verde.com\/wp-content\/uploads\/2025\/06\/503399962_1168331028644054_4691855758062715906_n-300x117.jpg 300w, https:\/\/pro.costa-verde.com\/wp-content\/uploads\/2025\/06\/503399962_1168331028644054_4691855758062715906_n-768x300.jpg 768w, https:\/\/pro.costa-verde.com\/wp-content\/uploads\/2025\/06\/503399962_1168331028644054_4691855758062715906_n-1536x600.jpg 1536w, https:\/\/pro.costa-verde.com\/wp-content\/uploads\/2025\/06\/503399962_1168331028644054_4691855758062715906_n-600x234.jpg 600w, https:\/\/pro.costa-verde.com\/wp-content\/uploads\/2025\/06\/503399962_1168331028644054_4691855758062715906_n-120x47.jpg 120w, https:\/\/pro.costa-verde.com\/wp-content\/uploads\/2025\/06\/503399962_1168331028644054_4691855758062715906_n.jpg 1600w\" sizes=\"(max-width: 1024px) 100vw, 1024px\" \/>\t\t\t\t\t\t\t\t\t\t\t\t\t\t\t<\/div>\n\t\t\t\t<\/div>\n\t\t\t\t<div class=\"elementor-element elementor-element-7843fbcb elementor-widget elementor-widget-text-editor\" data-id=\"7843fbcb\" data-element_type=\"widget\" data-widget_type=\"text-editor.default\">\n\t\t\t\t<div class=\"elementor-widget-container\">\n\t\t\t\t\t\t\t\t\t<p data-start=\"257\" data-end=\"470\"><strong><a href=\"https:\/\/pro.costa-verde.com\/es\/\">Costa Verde<\/a><\/strong> ha renovado su <strong>colaboraci\u00f3n exclusiva con el <a href=\"https:\/\/vagossensationgourmet.com\/\">Vagos Sensation Gourmet<\/a><\/strong>. Esta alianza se mantiene desde la primera edici\u00f3n del evento, consolidado como una referencia en el panorama gastron\u00f3mico nacional.<\/p><p data-start=\"472\" data-end=\"885\">El <strong>Vagos Sensation Gourmet<\/strong> est\u00e1 organizado por un equipo de excelencia, liderado por <strong>Toni Martins<\/strong>, Chef del A\u00f1o, cuya visi\u00f3n y dedicaci\u00f3n han sido fundamentales para el \u00e9xito y reconocimiento del festival. Celebrado anualmente en la Playa de Vagueira, en Vagos, el evento re\u00fane a <strong>chefs<\/strong>, <strong>productores<\/strong>, <strong>marcas<\/strong> y <strong>amantes de la buena cocina<\/strong> en un ambiente de intercambio, creatividad y valorizaci\u00f3n de la autenticidad.<\/p><p data-start=\"887\" data-end=\"1352\">Como socio exclusivo, Costa Verde aporta el <strong>dise\u00f1o<\/strong>, la <strong>calidad<\/strong> y la <strong>funcionalidad de sus piezas de porcelana<\/strong>, que sirven de escenario para las creaciones de algunos de los mejores chefs. Sus colecciones, incluida la l\u00ednea <strong>Terra<\/strong>, inspirada en elementos naturales, est\u00e1n presentes en todos los momentos clave del evento: <strong>showcookings<\/strong>, <strong>catas comentadas<\/strong> y <strong>presentaciones de autor<\/strong>, realzando la est\u00e9tica de los platos y enriqueciendo la experiencia de los participantes.<\/p><p data-start=\"1354\" data-end=\"1575\">Esta colaboraci\u00f3n refuerza no solo el compromiso de Costa Verde con la <strong>excelencia gastron\u00f3mica<\/strong>, sino tambi\u00e9n su papel <strong>como marca socialmente responsable<\/strong>, promotora del <b>desarrollo local y de la valorizaci\u00f3n del territorio<\/b>.<\/p>\t\t\t\t\t\t\t\t<\/div>\n\t\t\t\t<\/div>\n\t\t\t\t\t<\/div>\n\t\t<\/div>\n\t\t\t\t\t<\/div>\n\t\t<\/section>\n\t\t\t\t<\/div>\n\t\t","protected":false},"excerpt":{"rendered":"<p>Costa Verde ha renovado su colaboraci\u00f3n exclusiva con el Vagos Sensation Gourmet. Esta alianza se mantiene desde la primera edici\u00f3n del evento, consolidado como una referencia en el panorama gastron\u00f3mico nacional. El Vagos Sensation Gourmet est\u00e1 organizado por un equipo de excelencia, liderado por Toni Martins, Chef del A\u00f1o, cuya visi\u00f3n y dedicaci\u00f3n han sido [&hellip;]<\/p>\n","protected":false},"author":783,"featured_media":66602,"parent":0,"menu_order":0,"comment_status":"open","ping_status":"closed","template":"","meta":{"footnotes":""},"class_list":["post-66538","page","type-page","status-publish","has-post-thumbnail","hentry"],"yoast_head":"<!-- This site is optimized with the Yoast SEO plugin v26.9 - https:\/\/yoast.com\/product\/yoast-seo-wordpress\/ -->\n<title>Costa Verde renueva su colaboraci\u00f3n con Vagos Sensation Gourmet<\/title>\n<meta name=\"description\" content=\"Costa Verde renueva su colaboraci\u00f3n con Vagos Sensation Gourmet, uniendo dise\u00f1o y excelencia a la gastronom\u00eda nacional.\" \/>\n<meta name=\"robots\" content=\"index, follow, max-snippet:-1, max-image-preview:large, max-video-preview:-1\" \/>\n<link rel=\"canonical\" href=\"https:\/\/pro.costa-verde.com\/es\/costa-verde-renueva-su-colaboracion-con-vagos-sensation-gourmet\/\" \/>\n<meta property=\"og:locale\" content=\"es_ES\" \/>\n<meta property=\"og:type\" content=\"article\" \/>\n<meta property=\"og:title\" content=\"Costa Verde renueva su colaboraci\u00f3n con Vagos Sensation Gourmet\" \/>\n<meta property=\"og:description\" content=\"Costa Verde renueva su colaboraci\u00f3n con Vagos Sensation Gourmet, uniendo dise\u00f1o y excelencia a la gastronom\u00eda nacional.\" \/>\n<meta property=\"og:url\" content=\"https:\/\/pro.costa-verde.com\/es\/costa-verde-renueva-su-colaboracion-con-vagos-sensation-gourmet\/\" \/>\n<meta property=\"og:site_name\" content=\"Costa Verde\" \/>\n<meta property=\"article:publisher\" content=\"https:\/\/www.facebook.com\/costaverdeporcelanas\/\" \/>\n<meta property=\"article:modified_time\" content=\"2025-06-30T13:26:27+00:00\" \/>\n<meta property=\"og:image\" content=\"https:\/\/pro.costa-verde.com\/wp-content\/uploads\/2025\/06\/503399962_1168331028644054_4691855758062715906_n.jpg\" \/>\n\t<meta property=\"og:image:width\" content=\"1600\" \/>\n\t<meta property=\"og:image:height\" content=\"625\" \/>\n\t<meta property=\"og:image:type\" content=\"image\/jpeg\" \/>\n<meta name=\"twitter:card\" content=\"summary_large_image\" \/>\n<meta name=\"twitter:label1\" content=\"Tiempo de lectura\" \/>\n\t<meta name=\"twitter:data1\" content=\"2 minutos\" \/>\n<script type=\"application\/ld+json\" class=\"yoast-schema-graph\">{\"@context\":\"https:\/\/schema.org\",\"@graph\":[{\"@type\":\"WebPage\",\"@id\":\"https:\/\/pro.costa-verde.com\/es\/costa-verde-renueva-su-colaboracion-con-vagos-sensation-gourmet\/\",\"url\":\"https:\/\/pro.costa-verde.com\/es\/costa-verde-renueva-su-colaboracion-con-vagos-sensation-gourmet\/\",\"name\":\"Costa Verde renueva su colaboraci\u00f3n con Vagos Sensation Gourmet\",\"isPartOf\":{\"@id\":\"https:\/\/pro.costa-verde.com\/#website\"},\"primaryImageOfPage\":{\"@id\":\"https:\/\/pro.costa-verde.com\/es\/costa-verde-renueva-su-colaboracion-con-vagos-sensation-gourmet\/#primaryimage\"},\"image\":{\"@id\":\"https:\/\/pro.costa-verde.com\/es\/costa-verde-renueva-su-colaboracion-con-vagos-sensation-gourmet\/#primaryimage\"},\"thumbnailUrl\":\"https:\/\/pro.costa-verde.com\/wp-content\/uploads\/2025\/06\/503399962_1168331028644054_4691855758062715906_n.jpg\",\"datePublished\":\"2025-06-30T13:11:56+00:00\",\"dateModified\":\"2025-06-30T13:26:27+00:00\",\"description\":\"Costa Verde renueva su colaboraci\u00f3n con Vagos Sensation Gourmet, uniendo dise\u00f1o y excelencia a la gastronom\u00eda nacional.\",\"breadcrumb\":{\"@id\":\"https:\/\/pro.costa-verde.com\/es\/costa-verde-renueva-su-colaboracion-con-vagos-sensation-gourmet\/#breadcrumb\"},\"inLanguage\":\"es\",\"potentialAction\":[{\"@type\":\"ReadAction\",\"target\":[\"https:\/\/pro.costa-verde.com\/es\/costa-verde-renueva-su-colaboracion-con-vagos-sensation-gourmet\/\"]}]},{\"@type\":\"ImageObject\",\"inLanguage\":\"es\",\"@id\":\"https:\/\/pro.costa-verde.com\/es\/costa-verde-renueva-su-colaboracion-con-vagos-sensation-gourmet\/#primaryimage\",\"url\":\"https:\/\/pro.costa-verde.com\/wp-content\/uploads\/2025\/06\/503399962_1168331028644054_4691855758062715906_n.jpg\",\"contentUrl\":\"https:\/\/pro.costa-verde.com\/wp-content\/uploads\/2025\/06\/503399962_1168331028644054_4691855758062715906_n.jpg\",\"width\":1600,\"height\":625},{\"@type\":\"BreadcrumbList\",\"@id\":\"https:\/\/pro.costa-verde.com\/es\/costa-verde-renueva-su-colaboracion-con-vagos-sensation-gourmet\/#breadcrumb\",\"itemListElement\":[{\"@type\":\"ListItem\",\"position\":1,\"name\":\"In\u00edcio\",\"item\":\"https:\/\/pro.costa-verde.com\/es\/\"},{\"@type\":\"ListItem\",\"position\":2,\"name\":\"Costa Verde renueva su colaboraci\u00f3n con Vagos Sensation Gourmet\"}]},{\"@type\":\"WebSite\",\"@id\":\"https:\/\/pro.costa-verde.com\/#website\",\"url\":\"https:\/\/pro.costa-verde.com\/\",\"name\":\"Costa Verde\",\"description\":\"Loja Online\",\"potentialAction\":[{\"@type\":\"SearchAction\",\"target\":{\"@type\":\"EntryPoint\",\"urlTemplate\":\"https:\/\/pro.costa-verde.com\/?s={search_term_string}\"},\"query-input\":{\"@type\":\"PropertyValueSpecification\",\"valueRequired\":true,\"valueName\":\"search_term_string\"}}],\"inLanguage\":\"es\"}]}<\/script>\n<!-- \/ Yoast SEO plugin. -->","yoast_head_json":{"title":"Costa Verde renueva su colaboraci\u00f3n con Vagos Sensation Gourmet","description":"Costa Verde renueva su colaboraci\u00f3n con Vagos Sensation Gourmet, uniendo dise\u00f1o y excelencia a la gastronom\u00eda nacional.","robots":{"index":"index","follow":"follow","max-snippet":"max-snippet:-1","max-image-preview":"max-image-preview:large","max-video-preview":"max-video-preview:-1"},"canonical":"https:\/\/pro.costa-verde.com\/es\/costa-verde-renueva-su-colaboracion-con-vagos-sensation-gourmet\/","og_locale":"es_ES","og_type":"article","og_title":"Costa Verde renueva su colaboraci\u00f3n con Vagos Sensation Gourmet","og_description":"Costa Verde renueva su colaboraci\u00f3n con Vagos Sensation Gourmet, uniendo dise\u00f1o y excelencia a la gastronom\u00eda nacional.","og_url":"https:\/\/pro.costa-verde.com\/es\/costa-verde-renueva-su-colaboracion-con-vagos-sensation-gourmet\/","og_site_name":"Costa Verde","article_publisher":"https:\/\/www.facebook.com\/costaverdeporcelanas\/","article_modified_time":"2025-06-30T13:26:27+00:00","og_image":[{"width":1600,"height":625,"url":"https:\/\/pro.costa-verde.com\/wp-content\/uploads\/2025\/06\/503399962_1168331028644054_4691855758062715906_n.jpg","type":"image\/jpeg"}],"twitter_card":"summary_large_image","twitter_misc":{"Tiempo de lectura":"2 minutos"},"schema":{"@context":"https:\/\/schema.org","@graph":[{"@type":"WebPage","@id":"https:\/\/pro.costa-verde.com\/es\/costa-verde-renueva-su-colaboracion-con-vagos-sensation-gourmet\/","url":"https:\/\/pro.costa-verde.com\/es\/costa-verde-renueva-su-colaboracion-con-vagos-sensation-gourmet\/","name":"Costa Verde renueva su colaboraci\u00f3n con Vagos Sensation Gourmet","isPartOf":{"@id":"https:\/\/pro.costa-verde.com\/#website"},"primaryImageOfPage":{"@id":"https:\/\/pro.costa-verde.com\/es\/costa-verde-renueva-su-colaboracion-con-vagos-sensation-gourmet\/#primaryimage"},"image":{"@id":"https:\/\/pro.costa-verde.com\/es\/costa-verde-renueva-su-colaboracion-con-vagos-sensation-gourmet\/#primaryimage"},"thumbnailUrl":"https:\/\/pro.costa-verde.com\/wp-content\/uploads\/2025\/06\/503399962_1168331028644054_4691855758062715906_n.jpg","datePublished":"2025-06-30T13:11:56+00:00","dateModified":"2025-06-30T13:26:27+00:00","description":"Costa Verde renueva su colaboraci\u00f3n con Vagos Sensation Gourmet, uniendo dise\u00f1o y excelencia a la gastronom\u00eda nacional.","breadcrumb":{"@id":"https:\/\/pro.costa-verde.com\/es\/costa-verde-renueva-su-colaboracion-con-vagos-sensation-gourmet\/#breadcrumb"},"inLanguage":"es","potentialAction":[{"@type":"ReadAction","target":["https:\/\/pro.costa-verde.com\/es\/costa-verde-renueva-su-colaboracion-con-vagos-sensation-gourmet\/"]}]},{"@type":"ImageObject","inLanguage":"es","@id":"https:\/\/pro.costa-verde.com\/es\/costa-verde-renueva-su-colaboracion-con-vagos-sensation-gourmet\/#primaryimage","url":"https:\/\/pro.costa-verde.com\/wp-content\/uploads\/2025\/06\/503399962_1168331028644054_4691855758062715906_n.jpg","contentUrl":"https:\/\/pro.costa-verde.com\/wp-content\/uploads\/2025\/06\/503399962_1168331028644054_4691855758062715906_n.jpg","width":1600,"height":625},{"@type":"BreadcrumbList","@id":"https:\/\/pro.costa-verde.com\/es\/costa-verde-renueva-su-colaboracion-con-vagos-sensation-gourmet\/#breadcrumb","itemListElement":[{"@type":"ListItem","position":1,"name":"In\u00edcio","item":"https:\/\/pro.costa-verde.com\/es\/"},{"@type":"ListItem","position":2,"name":"Costa Verde renueva su colaboraci\u00f3n con Vagos Sensation Gourmet"}]},{"@type":"WebSite","@id":"https:\/\/pro.costa-verde.com\/#website","url":"https:\/\/pro.costa-verde.com\/","name":"Costa Verde","description":"Loja Online","potentialAction":[{"@type":"SearchAction","target":{"@type":"EntryPoint","urlTemplate":"https:\/\/pro.costa-verde.com\/?s={search_term_string}"},"query-input":{"@type":"PropertyValueSpecification","valueRequired":true,"valueName":"search_term_string"}}],"inLanguage":"es"}]}},"_links":{"self":[{"href":"https:\/\/pro.costa-verde.com\/es\/wp-json\/wp\/v2\/pages\/66538","targetHints":{"allow":["GET"]}}],"collection":[{"href":"https:\/\/pro.costa-verde.com\/es\/wp-json\/wp\/v2\/pages"}],"about":[{"href":"https:\/\/pro.costa-verde.com\/es\/wp-json\/wp\/v2\/types\/page"}],"author":[{"embeddable":true,"href":"https:\/\/pro.costa-verde.com\/es\/wp-json\/wp\/v2\/users\/783"}],"replies":[{"embeddable":true,"href":"https:\/\/pro.costa-verde.com\/es\/wp-json\/wp\/v2\/comments?post=66538"}],"version-history":[{"count":8,"href":"https:\/\/pro.costa-verde.com\/es\/wp-json\/wp\/v2\/pages\/66538\/revisions"}],"predecessor-version":[{"id":66613,"href":"https:\/\/pro.costa-verde.com\/es\/wp-json\/wp\/v2\/pages\/66538\/revisions\/66613"}],"wp:featuredmedia":[{"embeddable":true,"href":"https:\/\/pro.costa-verde.com\/es\/wp-json\/wp\/v2\/media\/66602"}],"wp:attachment":[{"href":"https:\/\/pro.costa-verde.com\/es\/wp-json\/wp\/v2\/media?parent=66538"}],"curies":[{"name":"wp","href":"https:\/\/api.w.org\/{rel}","templated":true}]}}