{"id":66418,"date":"2025-07-16T09:42:05","date_gmt":"2025-07-16T08:42:05","guid":{"rendered":"https:\/\/pro.costa-verde.com\/?page_id=66418"},"modified":"2025-07-16T09:45:23","modified_gmt":"2025-07-16T08:45:23","slug":"costa-verde-distinguida-con-el-estatus-innovadora-cotec-2025","status":"publish","type":"page","link":"https:\/\/pro.costa-verde.com\/es\/costa-verde-distinguida-con-el-estatus-innovadora-cotec-2025\/","title":{"rendered":"Costa Verde distinguida con el Estatus Innovadora COTEC 2025"},"content":{"rendered":"\t\t<div data-elementor-type=\"wp-page\" data-elementor-id=\"66418\" class=\"elementor elementor-66418 elementor-66416\" data-elementor-post-type=\"page\">\n\t\t\t\t\t\t<section class=\"elementor-section elementor-top-section elementor-element elementor-element-4e696d57 elementor-section-boxed elementor-section-height-default elementor-section-height-default\" data-id=\"4e696d57\" data-element_type=\"section\">\n\t\t\t\t\t\t<div class=\"elementor-container elementor-column-gap-default\">\n\t\t\t\t\t<div class=\"elementor-column elementor-col-100 elementor-top-column elementor-element elementor-element-7149df70\" data-id=\"7149df70\" data-element_type=\"column\">\n\t\t\t<div class=\"elementor-widget-wrap elementor-element-populated\">\n\t\t\t\t\t\t<div class=\"elementor-element elementor-element-3311861 elementor-widget elementor-widget-image\" data-id=\"3311861\" data-element_type=\"widget\" data-widget_type=\"image.default\">\n\t\t\t\t<div class=\"elementor-widget-container\">\n\t\t\t\t\t\t\t\t\t\t\t\t\t\t\t<img fetchpriority=\"high\" decoding=\"async\" width=\"1024\" height=\"725\" src=\"https:\/\/pro.costa-verde.com\/wp-content\/uploads\/2025\/06\/Certificado-2025-Inovadora-COTEC_PORCELANASCOSTAVERDE-1024x725.png\" class=\"attachment-large size-large wp-image-66423\" alt=\"innovadora\" srcset=\"https:\/\/pro.costa-verde.com\/wp-content\/uploads\/2025\/06\/Certificado-2025-Inovadora-COTEC_PORCELANASCOSTAVERDE-1024x725.png 1024w, https:\/\/pro.costa-verde.com\/wp-content\/uploads\/2025\/06\/Certificado-2025-Inovadora-COTEC_PORCELANASCOSTAVERDE-300x212.png 300w, https:\/\/pro.costa-verde.com\/wp-content\/uploads\/2025\/06\/Certificado-2025-Inovadora-COTEC_PORCELANASCOSTAVERDE-768x543.png 768w, https:\/\/pro.costa-verde.com\/wp-content\/uploads\/2025\/06\/Certificado-2025-Inovadora-COTEC_PORCELANASCOSTAVERDE-1536x1087.png 1536w, https:\/\/pro.costa-verde.com\/wp-content\/uploads\/2025\/06\/Certificado-2025-Inovadora-COTEC_PORCELANASCOSTAVERDE-600x425.png 600w, https:\/\/pro.costa-verde.com\/wp-content\/uploads\/2025\/06\/Certificado-2025-Inovadora-COTEC_PORCELANASCOSTAVERDE-120x85.png 120w, https:\/\/pro.costa-verde.com\/wp-content\/uploads\/2025\/06\/Certificado-2025-Inovadora-COTEC_PORCELANASCOSTAVERDE.png 1754w\" sizes=\"(max-width: 1024px) 100vw, 1024px\" \/>\t\t\t\t\t\t\t\t\t\t\t\t\t\t\t<\/div>\n\t\t\t\t<\/div>\n\t\t\t\t<div class=\"elementor-element elementor-element-7843fbcb elementor-widget elementor-widget-text-editor\" data-id=\"7843fbcb\" data-element_type=\"widget\" data-widget_type=\"text-editor.default\">\n\t\t\t\t<div class=\"elementor-widget-container\">\n\t\t\t\t\t\t\t\t\t<p data-start=\"1156\" data-end=\"1340\"><a href=\"https:\/\/pro.costa-verde.com\/es\/\">Costa Verde<\/a> fue recientemente distinguida con el <a href=\"https:\/\/cotecportugal.pt\/pt\/\"><strong>Estatus Innovadora COTEC 2025<\/strong><\/a>, un reconocimiento de excelencia otorgado por COTEC Portugal \u2013 Asociaci\u00f3n Empresarial para la Innovaci\u00f3n.<\/p>\n<p data-start=\"1342\" data-end=\"1679\">Este estatus destaca a las empresas que se distinguen por su <strong>solidez financiera<\/strong>, <strong>inversi\u00f3n en innovaci\u00f3n<\/strong> y <strong>calidad de gesti\u00f3n<\/strong>, atributos fundamentales para reforzar la competitividad y la sostenibilidad econ\u00f3mica nacional. Costa Verde fue reconocida por su desempe\u00f1o ejemplar en estas \u00e1reas, destac\u00e1ndose entre <strong>1.551 empresas candidatas<\/strong>.<\/p>\n<p data-start=\"1681\" data-end=\"2020\">La concesi\u00f3n del sello Innovadora COTEC se basa en un conjunto exigente de indicadores financieros y de desempe\u00f1o en innovaci\u00f3n. Costa Verde cumpli\u00f3 con todos los <strong>criterios obligatorios<\/strong>, incluyendo resultados financieros consistentes, s\u00f3lida autonom\u00eda financiera, rentabilidad del capital propio y altos niveles de productividad operativa.<\/p>\n<p data-start=\"2022\" data-end=\"2238\">Este reconocimiento refuerza la posici\u00f3n de Costa Verde como una empresa de referencia en la industria nacional, comprometida con la<strong> innovaci\u00f3n sostenible<\/strong>, el <strong>desarrollo continuo<\/strong> y la <b>creaci\u00f3n de valor a largo plazo<\/b>.<\/p>\t\t\t\t\t\t\t\t<\/div>\n\t\t\t\t<\/div>\n\t\t\t\t\t<\/div>\n\t\t<\/div>\n\t\t\t\t\t<\/div>\n\t\t<\/section>\n\t\t\t\t<\/div>\n\t\t","protected":false},"excerpt":{"rendered":"<p>Costa Verde fue recientemente distinguida con el Estatus Innovadora COTEC 2025, un reconocimiento de excelencia otorgado por COTEC Portugal \u2013 Asociaci\u00f3n Empresarial para la Innovaci\u00f3n. Este estatus destaca a las empresas que se distinguen por su solidez financiera, inversi\u00f3n en innovaci\u00f3n y calidad de gesti\u00f3n, atributos fundamentales para reforzar la competitividad y la sostenibilidad econ\u00f3mica [&hellip;]<\/p>\n","protected":false},"author":783,"featured_media":66423,"parent":0,"menu_order":0,"comment_status":"open","ping_status":"closed","template":"","meta":{"footnotes":""},"class_list":["post-66418","page","type-page","status-publish","has-post-thumbnail","hentry"],"yoast_head":"<!-- This site is optimized with the Yoast SEO plugin v26.9 - https:\/\/yoast.com\/product\/yoast-seo-wordpress\/ -->\n<title>Costa Verde distinguida con el Estatus Innovadora COTEC 2025<\/title>\n<meta name=\"description\" content=\"Costa Verde obtuvo el Estatus Innovadora COTEC 2025 por su excelencia en innovaci\u00f3n, solidez financiera y gesti\u00f3n empresarial.\" \/>\n<meta name=\"robots\" content=\"index, follow, max-snippet:-1, max-image-preview:large, max-video-preview:-1\" \/>\n<link rel=\"canonical\" href=\"https:\/\/pro.costa-verde.com\/costa-verde-distinguida-com-o-estatuto-inovadora-cotec-2025\/\" \/>\n<meta property=\"og:locale\" content=\"es_ES\" \/>\n<meta property=\"og:type\" content=\"article\" \/>\n<meta property=\"og:title\" content=\"Costa Verde distinguida con el Estatus Innovadora COTEC 2025\" \/>\n<meta property=\"og:description\" content=\"Costa Verde obtuvo el Estatus Innovadora COTEC 2025 por su excelencia en innovaci\u00f3n, solidez financiera y gesti\u00f3n empresarial.\" \/>\n<meta property=\"og:url\" content=\"https:\/\/pro.costa-verde.com\/costa-verde-distinguida-com-o-estatuto-inovadora-cotec-2025\/\" \/>\n<meta property=\"og:site_name\" content=\"Costa Verde\" \/>\n<meta property=\"article:publisher\" content=\"https:\/\/www.facebook.com\/costaverdeporcelanas\/\" \/>\n<meta property=\"article:modified_time\" content=\"2025-07-16T08:45:23+00:00\" \/>\n<meta property=\"og:image\" content=\"https:\/\/pro.costa-verde.com\/wp-content\/uploads\/2025\/06\/Certificado-2025-Inovadora-COTEC_PORCELANASCOSTAVERDE.png\" \/>\n\t<meta property=\"og:image:width\" content=\"1754\" \/>\n\t<meta property=\"og:image:height\" content=\"1241\" \/>\n\t<meta property=\"og:image:type\" content=\"image\/png\" \/>\n<meta name=\"twitter:card\" content=\"summary_large_image\" \/>\n<meta name=\"twitter:label1\" content=\"Tiempo de lectura\" \/>\n\t<meta name=\"twitter:data1\" content=\"2 minutos\" \/>\n<script type=\"application\/ld+json\" class=\"yoast-schema-graph\">{\"@context\":\"https:\/\/schema.org\",\"@graph\":[{\"@type\":\"WebPage\",\"@id\":\"https:\/\/pro.costa-verde.com\/costa-verde-distinguida-com-o-estatuto-inovadora-cotec-2025\/\",\"url\":\"https:\/\/pro.costa-verde.com\/costa-verde-distinguida-com-o-estatuto-inovadora-cotec-2025\/\",\"name\":\"Costa Verde distinguida con el Estatus Innovadora COTEC 2025\",\"isPartOf\":{\"@id\":\"https:\/\/pro.costa-verde.com\/#website\"},\"primaryImageOfPage\":{\"@id\":\"https:\/\/pro.costa-verde.com\/costa-verde-distinguida-com-o-estatuto-inovadora-cotec-2025\/#primaryimage\"},\"image\":{\"@id\":\"https:\/\/pro.costa-verde.com\/costa-verde-distinguida-com-o-estatuto-inovadora-cotec-2025\/#primaryimage\"},\"thumbnailUrl\":\"https:\/\/pro.costa-verde.com\/wp-content\/uploads\/2025\/06\/Certificado-2025-Inovadora-COTEC_PORCELANASCOSTAVERDE.png\",\"datePublished\":\"2025-07-16T08:42:05+00:00\",\"dateModified\":\"2025-07-16T08:45:23+00:00\",\"description\":\"Costa Verde obtuvo el Estatus Innovadora COTEC 2025 por su excelencia en innovaci\u00f3n, solidez financiera y gesti\u00f3n empresarial.\",\"breadcrumb\":{\"@id\":\"https:\/\/pro.costa-verde.com\/costa-verde-distinguida-com-o-estatuto-inovadora-cotec-2025\/#breadcrumb\"},\"inLanguage\":\"es\",\"potentialAction\":[{\"@type\":\"ReadAction\",\"target\":[\"https:\/\/pro.costa-verde.com\/costa-verde-distinguida-com-o-estatuto-inovadora-cotec-2025\/\"]}]},{\"@type\":\"ImageObject\",\"inLanguage\":\"es\",\"@id\":\"https:\/\/pro.costa-verde.com\/costa-verde-distinguida-com-o-estatuto-inovadora-cotec-2025\/#primaryimage\",\"url\":\"https:\/\/pro.costa-verde.com\/wp-content\/uploads\/2025\/06\/Certificado-2025-Inovadora-COTEC_PORCELANASCOSTAVERDE.png\",\"contentUrl\":\"https:\/\/pro.costa-verde.com\/wp-content\/uploads\/2025\/06\/Certificado-2025-Inovadora-COTEC_PORCELANASCOSTAVERDE.png\",\"width\":1754,\"height\":1241,\"caption\":\"innovadora\"},{\"@type\":\"BreadcrumbList\",\"@id\":\"https:\/\/pro.costa-verde.com\/costa-verde-distinguida-com-o-estatuto-inovadora-cotec-2025\/#breadcrumb\",\"itemListElement\":[{\"@type\":\"ListItem\",\"position\":1,\"name\":\"In\u00edcio\",\"item\":\"https:\/\/pro.costa-verde.com\/es\/\"},{\"@type\":\"ListItem\",\"position\":2,\"name\":\"Costa Verde distinguida con el Estatus Innovadora COTEC 2025\"}]},{\"@type\":\"WebSite\",\"@id\":\"https:\/\/pro.costa-verde.com\/#website\",\"url\":\"https:\/\/pro.costa-verde.com\/\",\"name\":\"Costa Verde\",\"description\":\"Loja Online\",\"potentialAction\":[{\"@type\":\"SearchAction\",\"target\":{\"@type\":\"EntryPoint\",\"urlTemplate\":\"https:\/\/pro.costa-verde.com\/?s={search_term_string}\"},\"query-input\":{\"@type\":\"PropertyValueSpecification\",\"valueRequired\":true,\"valueName\":\"search_term_string\"}}],\"inLanguage\":\"es\"}]}<\/script>\n<!-- \/ Yoast SEO plugin. -->","yoast_head_json":{"title":"Costa Verde distinguida con el Estatus Innovadora COTEC 2025","description":"Costa Verde obtuvo el Estatus Innovadora COTEC 2025 por su excelencia en innovaci\u00f3n, solidez financiera y gesti\u00f3n empresarial.","robots":{"index":"index","follow":"follow","max-snippet":"max-snippet:-1","max-image-preview":"max-image-preview:large","max-video-preview":"max-video-preview:-1"},"canonical":"https:\/\/pro.costa-verde.com\/costa-verde-distinguida-com-o-estatuto-inovadora-cotec-2025\/","og_locale":"es_ES","og_type":"article","og_title":"Costa Verde distinguida con el Estatus Innovadora COTEC 2025","og_description":"Costa Verde obtuvo el Estatus Innovadora COTEC 2025 por su excelencia en innovaci\u00f3n, solidez financiera y gesti\u00f3n empresarial.","og_url":"https:\/\/pro.costa-verde.com\/costa-verde-distinguida-com-o-estatuto-inovadora-cotec-2025\/","og_site_name":"Costa Verde","article_publisher":"https:\/\/www.facebook.com\/costaverdeporcelanas\/","article_modified_time":"2025-07-16T08:45:23+00:00","og_image":[{"width":1754,"height":1241,"url":"https:\/\/pro.costa-verde.com\/wp-content\/uploads\/2025\/06\/Certificado-2025-Inovadora-COTEC_PORCELANASCOSTAVERDE.png","type":"image\/png"}],"twitter_card":"summary_large_image","twitter_misc":{"Tiempo de lectura":"2 minutos"},"schema":{"@context":"https:\/\/schema.org","@graph":[{"@type":"WebPage","@id":"https:\/\/pro.costa-verde.com\/costa-verde-distinguida-com-o-estatuto-inovadora-cotec-2025\/","url":"https:\/\/pro.costa-verde.com\/costa-verde-distinguida-com-o-estatuto-inovadora-cotec-2025\/","name":"Costa Verde distinguida con el Estatus Innovadora COTEC 2025","isPartOf":{"@id":"https:\/\/pro.costa-verde.com\/#website"},"primaryImageOfPage":{"@id":"https:\/\/pro.costa-verde.com\/costa-verde-distinguida-com-o-estatuto-inovadora-cotec-2025\/#primaryimage"},"image":{"@id":"https:\/\/pro.costa-verde.com\/costa-verde-distinguida-com-o-estatuto-inovadora-cotec-2025\/#primaryimage"},"thumbnailUrl":"https:\/\/pro.costa-verde.com\/wp-content\/uploads\/2025\/06\/Certificado-2025-Inovadora-COTEC_PORCELANASCOSTAVERDE.png","datePublished":"2025-07-16T08:42:05+00:00","dateModified":"2025-07-16T08:45:23+00:00","description":"Costa Verde obtuvo el Estatus Innovadora COTEC 2025 por su excelencia en innovaci\u00f3n, solidez financiera y gesti\u00f3n empresarial.","breadcrumb":{"@id":"https:\/\/pro.costa-verde.com\/costa-verde-distinguida-com-o-estatuto-inovadora-cotec-2025\/#breadcrumb"},"inLanguage":"es","potentialAction":[{"@type":"ReadAction","target":["https:\/\/pro.costa-verde.com\/costa-verde-distinguida-com-o-estatuto-inovadora-cotec-2025\/"]}]},{"@type":"ImageObject","inLanguage":"es","@id":"https:\/\/pro.costa-verde.com\/costa-verde-distinguida-com-o-estatuto-inovadora-cotec-2025\/#primaryimage","url":"https:\/\/pro.costa-verde.com\/wp-content\/uploads\/2025\/06\/Certificado-2025-Inovadora-COTEC_PORCELANASCOSTAVERDE.png","contentUrl":"https:\/\/pro.costa-verde.com\/wp-content\/uploads\/2025\/06\/Certificado-2025-Inovadora-COTEC_PORCELANASCOSTAVERDE.png","width":1754,"height":1241,"caption":"innovadora"},{"@type":"BreadcrumbList","@id":"https:\/\/pro.costa-verde.com\/costa-verde-distinguida-com-o-estatuto-inovadora-cotec-2025\/#breadcrumb","itemListElement":[{"@type":"ListItem","position":1,"name":"In\u00edcio","item":"https:\/\/pro.costa-verde.com\/es\/"},{"@type":"ListItem","position":2,"name":"Costa Verde distinguida con el Estatus Innovadora COTEC 2025"}]},{"@type":"WebSite","@id":"https:\/\/pro.costa-verde.com\/#website","url":"https:\/\/pro.costa-verde.com\/","name":"Costa Verde","description":"Loja Online","potentialAction":[{"@type":"SearchAction","target":{"@type":"EntryPoint","urlTemplate":"https:\/\/pro.costa-verde.com\/?s={search_term_string}"},"query-input":{"@type":"PropertyValueSpecification","valueRequired":true,"valueName":"search_term_string"}}],"inLanguage":"es"}]}},"_links":{"self":[{"href":"https:\/\/pro.costa-verde.com\/es\/wp-json\/wp\/v2\/pages\/66418","targetHints":{"allow":["GET"]}}],"collection":[{"href":"https:\/\/pro.costa-verde.com\/es\/wp-json\/wp\/v2\/pages"}],"about":[{"href":"https:\/\/pro.costa-verde.com\/es\/wp-json\/wp\/v2\/types\/page"}],"author":[{"embeddable":true,"href":"https:\/\/pro.costa-verde.com\/es\/wp-json\/wp\/v2\/users\/783"}],"replies":[{"embeddable":true,"href":"https:\/\/pro.costa-verde.com\/es\/wp-json\/wp\/v2\/comments?post=66418"}],"version-history":[{"count":12,"href":"https:\/\/pro.costa-verde.com\/es\/wp-json\/wp\/v2\/pages\/66418\/revisions"}],"predecessor-version":[{"id":66912,"href":"https:\/\/pro.costa-verde.com\/es\/wp-json\/wp\/v2\/pages\/66418\/revisions\/66912"}],"wp:featuredmedia":[{"embeddable":true,"href":"https:\/\/pro.costa-verde.com\/es\/wp-json\/wp\/v2\/media\/66423"}],"wp:attachment":[{"href":"https:\/\/pro.costa-verde.com\/es\/wp-json\/wp\/v2\/media?parent=66418"}],"curies":[{"name":"wp","href":"https:\/\/api.w.org\/{rel}","templated":true}]}}