{"id":66263,"date":"2025-06-13T15:49:14","date_gmt":"2025-06-13T14:49:14","guid":{"rendered":"https:\/\/pro.costa-verde.com\/?page_id=66263"},"modified":"2025-06-18T09:03:15","modified_gmt":"2025-06-18T08:03:15","slug":"costa-verde-fue-finalista-del-premio-innovacion-en-prevencion","status":"publish","type":"page","link":"https:\/\/pro.costa-verde.com\/es\/costa-verde-fue-finalista-del-premio-innovacion-en-prevencion\/","title":{"rendered":"Costa Verde fue finalista del Premio Innovaci\u00f3n en Prevenci\u00f3n"},"content":{"rendered":"\t\t<div data-elementor-type=\"wp-page\" data-elementor-id=\"66263\" class=\"elementor elementor-66263 elementor-66261\" data-elementor-post-type=\"page\">\n\t\t\t\t\t\t<section class=\"elementor-section elementor-top-section elementor-element elementor-element-4e696d57 elementor-section-boxed elementor-section-height-default elementor-section-height-default\" data-id=\"4e696d57\" data-element_type=\"section\">\n\t\t\t\t\t\t<div class=\"elementor-container elementor-column-gap-default\">\n\t\t\t\t\t<div class=\"elementor-column elementor-col-100 elementor-top-column elementor-element elementor-element-7149df70\" data-id=\"7149df70\" data-element_type=\"column\">\n\t\t\t<div class=\"elementor-widget-wrap elementor-element-populated\">\n\t\t\t\t\t\t<div class=\"elementor-element elementor-element-3311861 elementor-widget elementor-widget-image\" data-id=\"3311861\" data-element_type=\"widget\" data-widget_type=\"image.default\">\n\t\t\t\t<div class=\"elementor-widget-container\">\n\t\t\t\t\t\t\t\t\t\t\t\t\t\t\t<img fetchpriority=\"high\" decoding=\"async\" width=\"1024\" height=\"683\" src=\"https:\/\/pro.costa-verde.com\/wp-content\/uploads\/2025\/06\/FCZ4206_PIP_5a_edicao_Finalistas-1-1024x683.jpg\" class=\"attachment-large size-large wp-image-66268\" alt=\"\" srcset=\"https:\/\/pro.costa-verde.com\/wp-content\/uploads\/2025\/06\/FCZ4206_PIP_5a_edicao_Finalistas-1-1024x683.jpg 1024w, https:\/\/pro.costa-verde.com\/wp-content\/uploads\/2025\/06\/FCZ4206_PIP_5a_edicao_Finalistas-1-300x200.jpg 300w, https:\/\/pro.costa-verde.com\/wp-content\/uploads\/2025\/06\/FCZ4206_PIP_5a_edicao_Finalistas-1-768x512.jpg 768w, https:\/\/pro.costa-verde.com\/wp-content\/uploads\/2025\/06\/FCZ4206_PIP_5a_edicao_Finalistas-1-1536x1024.jpg 1536w, https:\/\/pro.costa-verde.com\/wp-content\/uploads\/2025\/06\/FCZ4206_PIP_5a_edicao_Finalistas-1-600x400.jpg 600w, https:\/\/pro.costa-verde.com\/wp-content\/uploads\/2025\/06\/FCZ4206_PIP_5a_edicao_Finalistas-1-120x80.jpg 120w, https:\/\/pro.costa-verde.com\/wp-content\/uploads\/2025\/06\/FCZ4206_PIP_5a_edicao_Finalistas-1.jpg 1920w\" sizes=\"(max-width: 1024px) 100vw, 1024px\" \/>\t\t\t\t\t\t\t\t\t\t\t\t\t\t\t<\/div>\n\t\t\t\t<\/div>\n\t\t\t\t<div class=\"elementor-element elementor-element-7843fbcb elementor-widget elementor-widget-text-editor\" data-id=\"7843fbcb\" data-element_type=\"widget\" data-widget_type=\"text-editor.default\">\n\t\t\t\t<div class=\"elementor-widget-container\">\n\t\t\t\t\t\t\t\t\t<p><b><a href=\"https:\/\/pro.costa-verde.com\/\">Costa Verde<\/a><\/b> ha sido recientemente distinguida como <b>finalista en la categor\u00eda Personas<\/b> de la 5.\u00aa edici\u00f3n del <b>Premio Innovaci\u00f3n en Prevenci\u00f3n<\/b>, promovido por <b>Ageas Seguros<\/b>. Este reconocimiento destaca el compromiso de la empresa con la implementaci\u00f3n de pr\u00e1cticas innovadoras que promueven la seguridad, el bienestar y el desarrollo de sus empleados.<\/p>\n<p><br>Este premio tiene como objetivo destacar a las empresas que implementan estrategias innovadoras para promover entornos de trabajo m\u00e1s seguros, sostenibles y eficientes, con un impacto positivo tanto en los costes directos como indirectos de las organizaciones.<\/p>\n<p><br>El <b><a href=\"https:\/\/www.ageas.pt\/empresas\/premio-inovacao-em-prevencao\/\">Premio Innovaci\u00f3n en Prevenci\u00f3n<\/a><\/b> tiene como objetivo distinguir a las organizaciones que se destacan en la adopci\u00f3n de estrategias eficaces en las \u00e1reas de <b>Personas, Patrimonio y Medio Ambiente<\/b>, contribuyendo a una gesti\u00f3n m\u00e1s eficiente y sostenible. <b>Costa Verde<\/b> ha sido reconocida por su proyecto en la categor\u00eda Personas, lo que demuestra el compromiso de la empresa con la mejora continua y con la implementaci\u00f3n de medidas preventivas que potencian la seguridad, la responsabilidad y la eficiencia organizativa.<\/p>\n<p><br>La iniciativa cuenta con la participaci\u00f3n de entidades de referencia al nivel nacional, como el <b>ISQ (Instituto de Soldadura y Calidad)<\/b>, la <b>CIP (Confederaci\u00f3n Empresarial de Portugal)<\/b>, <b>IAPMEI (Agencia para la Competitividad y la Innovaci\u00f3n)<\/b>, <b>AHP (Asociaci\u00f3n Hotelera de Portugal)<\/b>,<br><b>COTEC Portugal<\/b>, <b>Compete 2030<\/b>, <b>Colegio de Economistas<\/b>, <b>CCIP (C\u00e1mara de Comercio e Industria Portuguesa)<\/b>, <b>ANI (Agencia Nacional de<br>Innovaci\u00f3n)<\/b> y el programa <b>A Cor do Dinheiro<\/b>.<\/p>\n<p><br>Este reconocimiento refuerza el papel de <b>Costa Verde<\/b> en el panorama empresarial nacional, como ejemplo de buenas pr\u00e1cticas en el \u00e1mbito de la<br>prevenci\u00f3n y la innovaci\u00f3n, en l\u00ednea con los objetivos de este galard\u00f3n, quebusca promover una cultura empresarial m\u00e1s segura, resiliente y sostenible.<\/p>\n<p><br><\/p>\n<p>Vea <b><a href=\"https:\/\/www.youtube.com\/watch?v=iNo_4Do76kA&amp;t=51s\">aqu\u00ed<\/a><\/b> el v\u00eddeo que revela c\u00f3mo Costa Verde fue distinguida como finalista del Premio Innov\u00e1cion en Prevenci\u00f3n,&nbsp; disponible en nuestro <a href=\"https:\/\/www.youtube.com\/@costaverde2010\">canal<\/a> de YouTube.<\/p>\t\t\t\t\t\t\t\t<\/div>\n\t\t\t\t<\/div>\n\t\t\t\t\t<\/div>\n\t\t<\/div>\n\t\t\t\t\t<\/div>\n\t\t<\/section>\n\t\t\t\t<\/div>\n\t\t","protected":false},"excerpt":{"rendered":"<p>Costa Verde ha sido recientemente distinguida como finalista en la categor\u00eda Personas de la 5.\u00aa edici\u00f3n del Premio Innovaci\u00f3n en Prevenci\u00f3n, promovido por Ageas Seguros. Este reconocimiento destaca el compromiso de la empresa con la implementaci\u00f3n de pr\u00e1cticas innovadoras que promueven la seguridad, el bienestar y el desarrollo de sus empleados. Este premio tiene como [&hellip;]<\/p>\n","protected":false},"author":783,"featured_media":66268,"parent":0,"menu_order":0,"comment_status":"open","ping_status":"closed","template":"","meta":{"footnotes":""},"class_list":["post-66263","page","type-page","status-publish","has-post-thumbnail","hentry"],"yoast_head":"<!-- This site is optimized with the Yoast SEO plugin v26.9 - https:\/\/yoast.com\/product\/yoast-seo-wordpress\/ -->\n<title>Costa Verde fue finalista del Premio Innovaci\u00f3n en Prevenci\u00f3n<\/title>\n<meta name=\"description\" content=\"Costa Verde fue distinguida recientemente como finalista en la categor\u00eda Personas en la V edici\u00f3n del Premio Innovaci\u00f3n en Prevenci\u00f3n.\" \/>\n<meta name=\"robots\" content=\"index, follow, max-snippet:-1, max-image-preview:large, max-video-preview:-1\" \/>\n<link rel=\"canonical\" href=\"https:\/\/pro.costa-verde.com\/costa-verde-foi-finalista-do-premio-inovacao-em-prevencao\/\" \/>\n<meta property=\"og:locale\" content=\"es_ES\" \/>\n<meta property=\"og:type\" content=\"article\" \/>\n<meta property=\"og:title\" content=\"Costa Verde fue finalista del Premio Innovaci\u00f3n en Prevenci\u00f3n\" \/>\n<meta property=\"og:description\" content=\"Costa Verde fue distinguida recientemente como finalista en la categor\u00eda Personas en la V edici\u00f3n del Premio Innovaci\u00f3n en Prevenci\u00f3n.\" \/>\n<meta property=\"og:url\" content=\"https:\/\/pro.costa-verde.com\/costa-verde-foi-finalista-do-premio-inovacao-em-prevencao\/\" \/>\n<meta property=\"og:site_name\" content=\"Costa Verde\" \/>\n<meta property=\"article:publisher\" content=\"https:\/\/www.facebook.com\/costaverdeporcelanas\/\" \/>\n<meta property=\"article:modified_time\" content=\"2025-06-18T08:03:15+00:00\" \/>\n<meta property=\"og:image\" content=\"https:\/\/pro.costa-verde.com\/wp-content\/uploads\/2025\/06\/FCZ4206_PIP_5a_edicao_Finalistas-1.jpg\" \/>\n\t<meta property=\"og:image:width\" content=\"1920\" \/>\n\t<meta property=\"og:image:height\" content=\"1280\" \/>\n\t<meta property=\"og:image:type\" content=\"image\/jpeg\" \/>\n<meta name=\"twitter:card\" content=\"summary_large_image\" \/>\n<meta name=\"twitter:label1\" content=\"Tiempo de lectura\" \/>\n\t<meta name=\"twitter:data1\" content=\"2 minutos\" \/>\n<script type=\"application\/ld+json\" class=\"yoast-schema-graph\">{\"@context\":\"https:\/\/schema.org\",\"@graph\":[{\"@type\":\"WebPage\",\"@id\":\"https:\/\/pro.costa-verde.com\/costa-verde-foi-finalista-do-premio-inovacao-em-prevencao\/\",\"url\":\"https:\/\/pro.costa-verde.com\/costa-verde-foi-finalista-do-premio-inovacao-em-prevencao\/\",\"name\":\"Costa Verde fue finalista del Premio Innovaci\u00f3n en Prevenci\u00f3n\",\"isPartOf\":{\"@id\":\"https:\/\/pro.costa-verde.com\/#website\"},\"primaryImageOfPage\":{\"@id\":\"https:\/\/pro.costa-verde.com\/costa-verde-foi-finalista-do-premio-inovacao-em-prevencao\/#primaryimage\"},\"image\":{\"@id\":\"https:\/\/pro.costa-verde.com\/costa-verde-foi-finalista-do-premio-inovacao-em-prevencao\/#primaryimage\"},\"thumbnailUrl\":\"https:\/\/pro.costa-verde.com\/wp-content\/uploads\/2025\/06\/FCZ4206_PIP_5a_edicao_Finalistas-1.jpg\",\"datePublished\":\"2025-06-13T14:49:14+00:00\",\"dateModified\":\"2025-06-18T08:03:15+00:00\",\"description\":\"Costa Verde fue distinguida recientemente como finalista en la categor\u00eda Personas en la V edici\u00f3n del Premio Innovaci\u00f3n en Prevenci\u00f3n.\",\"breadcrumb\":{\"@id\":\"https:\/\/pro.costa-verde.com\/costa-verde-foi-finalista-do-premio-inovacao-em-prevencao\/#breadcrumb\"},\"inLanguage\":\"es\",\"potentialAction\":[{\"@type\":\"ReadAction\",\"target\":[\"https:\/\/pro.costa-verde.com\/costa-verde-foi-finalista-do-premio-inovacao-em-prevencao\/\"]}]},{\"@type\":\"ImageObject\",\"inLanguage\":\"es\",\"@id\":\"https:\/\/pro.costa-verde.com\/costa-verde-foi-finalista-do-premio-inovacao-em-prevencao\/#primaryimage\",\"url\":\"https:\/\/pro.costa-verde.com\/wp-content\/uploads\/2025\/06\/FCZ4206_PIP_5a_edicao_Finalistas-1.jpg\",\"contentUrl\":\"https:\/\/pro.costa-verde.com\/wp-content\/uploads\/2025\/06\/FCZ4206_PIP_5a_edicao_Finalistas-1.jpg\",\"width\":1920,\"height\":1280},{\"@type\":\"BreadcrumbList\",\"@id\":\"https:\/\/pro.costa-verde.com\/costa-verde-foi-finalista-do-premio-inovacao-em-prevencao\/#breadcrumb\",\"itemListElement\":[{\"@type\":\"ListItem\",\"position\":1,\"name\":\"In\u00edcio\",\"item\":\"https:\/\/pro.costa-verde.com\/es\/\"},{\"@type\":\"ListItem\",\"position\":2,\"name\":\"Costa Verde fue finalista del Premio Innovaci\u00f3n en Prevenci\u00f3n\"}]},{\"@type\":\"WebSite\",\"@id\":\"https:\/\/pro.costa-verde.com\/#website\",\"url\":\"https:\/\/pro.costa-verde.com\/\",\"name\":\"Costa Verde\",\"description\":\"Loja Online\",\"potentialAction\":[{\"@type\":\"SearchAction\",\"target\":{\"@type\":\"EntryPoint\",\"urlTemplate\":\"https:\/\/pro.costa-verde.com\/?s={search_term_string}\"},\"query-input\":{\"@type\":\"PropertyValueSpecification\",\"valueRequired\":true,\"valueName\":\"search_term_string\"}}],\"inLanguage\":\"es\"}]}<\/script>\n<!-- \/ Yoast SEO plugin. -->","yoast_head_json":{"title":"Costa Verde fue finalista del Premio Innovaci\u00f3n en Prevenci\u00f3n","description":"Costa Verde fue distinguida recientemente como finalista en la categor\u00eda Personas en la V edici\u00f3n del Premio Innovaci\u00f3n en Prevenci\u00f3n.","robots":{"index":"index","follow":"follow","max-snippet":"max-snippet:-1","max-image-preview":"max-image-preview:large","max-video-preview":"max-video-preview:-1"},"canonical":"https:\/\/pro.costa-verde.com\/costa-verde-foi-finalista-do-premio-inovacao-em-prevencao\/","og_locale":"es_ES","og_type":"article","og_title":"Costa Verde fue finalista del Premio Innovaci\u00f3n en Prevenci\u00f3n","og_description":"Costa Verde fue distinguida recientemente como finalista en la categor\u00eda Personas en la V edici\u00f3n del Premio Innovaci\u00f3n en Prevenci\u00f3n.","og_url":"https:\/\/pro.costa-verde.com\/costa-verde-foi-finalista-do-premio-inovacao-em-prevencao\/","og_site_name":"Costa Verde","article_publisher":"https:\/\/www.facebook.com\/costaverdeporcelanas\/","article_modified_time":"2025-06-18T08:03:15+00:00","og_image":[{"width":1920,"height":1280,"url":"https:\/\/pro.costa-verde.com\/wp-content\/uploads\/2025\/06\/FCZ4206_PIP_5a_edicao_Finalistas-1.jpg","type":"image\/jpeg"}],"twitter_card":"summary_large_image","twitter_misc":{"Tiempo de lectura":"2 minutos"},"schema":{"@context":"https:\/\/schema.org","@graph":[{"@type":"WebPage","@id":"https:\/\/pro.costa-verde.com\/costa-verde-foi-finalista-do-premio-inovacao-em-prevencao\/","url":"https:\/\/pro.costa-verde.com\/costa-verde-foi-finalista-do-premio-inovacao-em-prevencao\/","name":"Costa Verde fue finalista del Premio Innovaci\u00f3n en Prevenci\u00f3n","isPartOf":{"@id":"https:\/\/pro.costa-verde.com\/#website"},"primaryImageOfPage":{"@id":"https:\/\/pro.costa-verde.com\/costa-verde-foi-finalista-do-premio-inovacao-em-prevencao\/#primaryimage"},"image":{"@id":"https:\/\/pro.costa-verde.com\/costa-verde-foi-finalista-do-premio-inovacao-em-prevencao\/#primaryimage"},"thumbnailUrl":"https:\/\/pro.costa-verde.com\/wp-content\/uploads\/2025\/06\/FCZ4206_PIP_5a_edicao_Finalistas-1.jpg","datePublished":"2025-06-13T14:49:14+00:00","dateModified":"2025-06-18T08:03:15+00:00","description":"Costa Verde fue distinguida recientemente como finalista en la categor\u00eda Personas en la V edici\u00f3n del Premio Innovaci\u00f3n en Prevenci\u00f3n.","breadcrumb":{"@id":"https:\/\/pro.costa-verde.com\/costa-verde-foi-finalista-do-premio-inovacao-em-prevencao\/#breadcrumb"},"inLanguage":"es","potentialAction":[{"@type":"ReadAction","target":["https:\/\/pro.costa-verde.com\/costa-verde-foi-finalista-do-premio-inovacao-em-prevencao\/"]}]},{"@type":"ImageObject","inLanguage":"es","@id":"https:\/\/pro.costa-verde.com\/costa-verde-foi-finalista-do-premio-inovacao-em-prevencao\/#primaryimage","url":"https:\/\/pro.costa-verde.com\/wp-content\/uploads\/2025\/06\/FCZ4206_PIP_5a_edicao_Finalistas-1.jpg","contentUrl":"https:\/\/pro.costa-verde.com\/wp-content\/uploads\/2025\/06\/FCZ4206_PIP_5a_edicao_Finalistas-1.jpg","width":1920,"height":1280},{"@type":"BreadcrumbList","@id":"https:\/\/pro.costa-verde.com\/costa-verde-foi-finalista-do-premio-inovacao-em-prevencao\/#breadcrumb","itemListElement":[{"@type":"ListItem","position":1,"name":"In\u00edcio","item":"https:\/\/pro.costa-verde.com\/es\/"},{"@type":"ListItem","position":2,"name":"Costa Verde fue finalista del Premio Innovaci\u00f3n en Prevenci\u00f3n"}]},{"@type":"WebSite","@id":"https:\/\/pro.costa-verde.com\/#website","url":"https:\/\/pro.costa-verde.com\/","name":"Costa Verde","description":"Loja Online","potentialAction":[{"@type":"SearchAction","target":{"@type":"EntryPoint","urlTemplate":"https:\/\/pro.costa-verde.com\/?s={search_term_string}"},"query-input":{"@type":"PropertyValueSpecification","valueRequired":true,"valueName":"search_term_string"}}],"inLanguage":"es"}]}},"_links":{"self":[{"href":"https:\/\/pro.costa-verde.com\/es\/wp-json\/wp\/v2\/pages\/66263","targetHints":{"allow":["GET"]}}],"collection":[{"href":"https:\/\/pro.costa-verde.com\/es\/wp-json\/wp\/v2\/pages"}],"about":[{"href":"https:\/\/pro.costa-verde.com\/es\/wp-json\/wp\/v2\/types\/page"}],"author":[{"embeddable":true,"href":"https:\/\/pro.costa-verde.com\/es\/wp-json\/wp\/v2\/users\/783"}],"replies":[{"embeddable":true,"href":"https:\/\/pro.costa-verde.com\/es\/wp-json\/wp\/v2\/comments?post=66263"}],"version-history":[{"count":15,"href":"https:\/\/pro.costa-verde.com\/es\/wp-json\/wp\/v2\/pages\/66263\/revisions"}],"predecessor-version":[{"id":66384,"href":"https:\/\/pro.costa-verde.com\/es\/wp-json\/wp\/v2\/pages\/66263\/revisions\/66384"}],"wp:featuredmedia":[{"embeddable":true,"href":"https:\/\/pro.costa-verde.com\/es\/wp-json\/wp\/v2\/media\/66268"}],"wp:attachment":[{"href":"https:\/\/pro.costa-verde.com\/es\/wp-json\/wp\/v2\/media?parent=66263"}],"curies":[{"name":"wp","href":"https:\/\/api.w.org\/{rel}","templated":true}]}}