{"id":65996,"date":"2025-05-22T08:51:14","date_gmt":"2025-05-22T07:51:14","guid":{"rendered":"https:\/\/pro.costa-verde.com\/?page_id=65996"},"modified":"2025-05-27T08:51:10","modified_gmt":"2025-05-27T07:51:10","slug":"costa-verde-valoriza-mas-del-98-de-los-residuos-producidos","status":"publish","type":"page","link":"https:\/\/pro.costa-verde.com\/es\/costa-verde-valoriza-mas-del-98-de-los-residuos-producidos\/","title":{"rendered":"Costa Verde valoriza m\u00e1s del 98% de los residuos producidos"},"content":{"rendered":"\t\t<div data-elementor-type=\"wp-page\" data-elementor-id=\"65996\" class=\"elementor elementor-65996 elementor-65994\" data-elementor-post-type=\"page\">\n\t\t\t\t\t\t<section class=\"elementor-section elementor-top-section elementor-element elementor-element-4e696d57 elementor-section-boxed elementor-section-height-default elementor-section-height-default\" data-id=\"4e696d57\" data-element_type=\"section\">\n\t\t\t\t\t\t<div class=\"elementor-container elementor-column-gap-default\">\n\t\t\t\t\t<div class=\"elementor-column elementor-col-100 elementor-top-column elementor-element elementor-element-7149df70\" data-id=\"7149df70\" data-element_type=\"column\">\n\t\t\t<div class=\"elementor-widget-wrap elementor-element-populated\">\n\t\t\t\t\t\t<div class=\"elementor-element elementor-element-3311861 elementor-widget elementor-widget-image\" data-id=\"3311861\" data-element_type=\"widget\" data-widget_type=\"image.default\">\n\t\t\t\t<div class=\"elementor-widget-container\">\n\t\t\t\t\t\t\t\t\t\t\t\t\t\t\t<img fetchpriority=\"high\" decoding=\"async\" width=\"1024\" height=\"585\" src=\"https:\/\/pro.costa-verde.com\/wp-content\/uploads\/2025\/05\/ai-generated-8602864_1280-1024x585.jpg\" class=\"attachment-large size-large wp-image-66057\" alt=\"\" srcset=\"https:\/\/pro.costa-verde.com\/wp-content\/uploads\/2025\/05\/ai-generated-8602864_1280-1024x585.jpg 1024w, https:\/\/pro.costa-verde.com\/wp-content\/uploads\/2025\/05\/ai-generated-8602864_1280-300x171.jpg 300w, https:\/\/pro.costa-verde.com\/wp-content\/uploads\/2025\/05\/ai-generated-8602864_1280-768x439.jpg 768w, https:\/\/pro.costa-verde.com\/wp-content\/uploads\/2025\/05\/ai-generated-8602864_1280-600x343.jpg 600w, https:\/\/pro.costa-verde.com\/wp-content\/uploads\/2025\/05\/ai-generated-8602864_1280-120x69.jpg 120w, https:\/\/pro.costa-verde.com\/wp-content\/uploads\/2025\/05\/ai-generated-8602864_1280.jpg 1280w\" sizes=\"(max-width: 1024px) 100vw, 1024px\" \/>\t\t\t\t\t\t\t\t\t\t\t\t\t\t\t<\/div>\n\t\t\t\t<\/div>\n\t\t\t\t<div class=\"elementor-element elementor-element-7843fbcb elementor-widget elementor-widget-text-editor\" data-id=\"7843fbcb\" data-element_type=\"widget\" data-widget_type=\"text-editor.default\">\n\t\t\t\t<div class=\"elementor-widget-container\">\n\t\t\t\t\t\t\t\t\t<p><b><a href=\"https:\/\/pro.costa-verde.com\/\">Costa Verde<\/a><\/b> reforz\u00f3 en 2024 su compromiso con la sostenibilidad ambiental al valorizar m\u00e1s del <b>98%<\/b> de los residuos resultantes de su actividad industrial, demostrando una gesti\u00f3n ambiental responsable, en l\u00ednea con los requisitos de la <b><a href=\"https:\/\/costa-verde.com\/sustentabilidade\/ambiente\/\">norma ISO 14001:2015<\/a><\/b>. A lo largo del a\u00f1o, la empresa produjo un total de<b> 2.473.325 kg<\/b> de residuos, de los cuales <b>2.428.977 kg<\/b> se valorizaron mediante reutilizaci\u00f3n interna o reciclaje externo, mientras que solo se eliminaron <b>44.348 kg<\/b>, lo que representa menos del <b>2%<\/b> del total.<\/p>\n<p>Este rendimiento es el resultado de una rigurosa estrategia de segregaci\u00f3n y control operativo de los residuos, basada en pr\u00e1cticas eficaces de separaci\u00f3n, identificaci\u00f3n precisa de los materiales y prevenci\u00f3n de la contaminaci\u00f3n de los residuos reutilizables. La correcta gesti\u00f3n de estos residuos permite su reutilizaci\u00f3n de forma segura, de acuerdo con los principios medioambientales definidos por la organizaci\u00f3n.<\/p>\n<p>Entre los residuos valorizados se encuentran <b>el fragmento crudo y las virutas limpias<\/b>, que se reincorporan al proceso productivo interno, as\u00ed como <b>el fragmento esmaltado, los moldes de escayola y otros materiales<\/b> que, tras su tratamiento, se destinan a las industrias de pavimentos, productos sanitarios y refractarios.<\/p>\n<p>La<b> <a href=\"https:\/\/costa-verde.com\/wp-content\/uploads\/2024\/07\/PCV_ISO14001-Certificado.pdf\">certificaci\u00f3n ISO 14001:2015<\/a> <\/b>refuerza la importancia de la gesti\u00f3n ambiental integrada y de la mejora continua, garantizando que todos los procesos cumplen con altos est\u00e1ndares internacionales de sostenibilidad. <b><a href=\"https:\/\/pro.costa-verde.com\/\">Costa Verde<\/a><\/b> tambi\u00e9n reconoce el papel fundamental de sus empleados en este camino, promoviendo actividades de formaci\u00f3n y sensibilizaci\u00f3n que fomentan el reparto de responsabilidades en todas las \u00e1reas de la empresa.<\/p>\n<p>El firme compromiso con la valorizaci\u00f3n de los residuos, interrelacionado con el cumplimiento de los requisitos legales y reglamentarios, se traduce en un<b> impacto ambiental positivo y sostenido<\/b>. Este compromiso, basado en la responsabilidad, la innovaci\u00f3n y el respeto por el medio ambiente, sigue posicionando a <b><a href=\"https:\/\/pro.costa-verde.com\/\">Costa Verde<\/a><\/b> como una referencia en la gesti\u00f3n sostenible en el sector de la <b>porcelana<\/b>.<\/p>\t\t\t\t\t\t\t\t<\/div>\n\t\t\t\t<\/div>\n\t\t\t\t\t<\/div>\n\t\t<\/div>\n\t\t\t\t\t<\/div>\n\t\t<\/section>\n\t\t\t\t<\/div>\n\t\t","protected":false},"excerpt":{"rendered":"<p>Costa Verde reforz\u00f3 en 2024 su compromiso con la sostenibilidad ambiental al valorizar m\u00e1s del 98% de los residuos resultantes de su actividad industrial, demostrando una gesti\u00f3n ambiental responsable, en l\u00ednea con los requisitos de la norma ISO 14001:2015. A lo largo del a\u00f1o, la empresa produjo un total de 2.473.325 kg de residuos, de [&hellip;]<\/p>\n","protected":false},"author":783,"featured_media":66057,"parent":0,"menu_order":0,"comment_status":"open","ping_status":"closed","template":"","meta":{"footnotes":""},"class_list":["post-65996","page","type-page","status-publish","has-post-thumbnail","hentry"],"yoast_head":"<!-- This site is optimized with the Yoast SEO plugin v26.9 - https:\/\/yoast.com\/product\/yoast-seo-wordpress\/ -->\n<title>Costa Verde valoriza m\u00e1s del 98% de los residuos producidos<\/title>\n<meta name=\"description\" content=\"Costa Verde reforz\u00f3 en 2024 su compromiso con la sostenibilidad ambientalal valorizar m\u00e1s del 98% de los residuos. \u00a1Descubre m\u00e1s!\" \/>\n<meta name=\"robots\" content=\"index, follow, max-snippet:-1, max-image-preview:large, max-video-preview:-1\" \/>\n<link rel=\"canonical\" href=\"https:\/\/pro.costa-verde.com\/costa-verde-valoriza-mais-de-98-dos-residuos-produzidos\/\" \/>\n<meta property=\"og:locale\" content=\"es_ES\" \/>\n<meta property=\"og:type\" content=\"article\" \/>\n<meta property=\"og:title\" content=\"Costa Verde valoriza m\u00e1s del 98% de los residuos producidos\" \/>\n<meta property=\"og:description\" content=\"Costa Verde reforz\u00f3 en 2024 su compromiso con la sostenibilidad ambientalal valorizar m\u00e1s del 98% de los residuos. \u00a1Descubre m\u00e1s!\" \/>\n<meta property=\"og:url\" content=\"https:\/\/pro.costa-verde.com\/costa-verde-valoriza-mais-de-98-dos-residuos-produzidos\/\" \/>\n<meta property=\"og:site_name\" content=\"Costa Verde\" \/>\n<meta property=\"article:publisher\" content=\"https:\/\/www.facebook.com\/costaverdeporcelanas\/\" \/>\n<meta property=\"article:modified_time\" content=\"2025-05-27T07:51:10+00:00\" \/>\n<meta property=\"og:image\" content=\"https:\/\/pro.costa-verde.com\/wp-content\/uploads\/2025\/05\/ai-generated-8602864_1280.jpg\" \/>\n\t<meta property=\"og:image:width\" content=\"1280\" \/>\n\t<meta property=\"og:image:height\" content=\"731\" \/>\n\t<meta property=\"og:image:type\" content=\"image\/jpeg\" \/>\n<meta name=\"twitter:card\" content=\"summary_large_image\" \/>\n<meta name=\"twitter:label1\" content=\"Tiempo de lectura\" \/>\n\t<meta name=\"twitter:data1\" content=\"2 minutos\" \/>\n<script type=\"application\/ld+json\" class=\"yoast-schema-graph\">{\"@context\":\"https:\/\/schema.org\",\"@graph\":[{\"@type\":\"WebPage\",\"@id\":\"https:\/\/pro.costa-verde.com\/costa-verde-valoriza-mais-de-98-dos-residuos-produzidos\/\",\"url\":\"https:\/\/pro.costa-verde.com\/costa-verde-valoriza-mais-de-98-dos-residuos-produzidos\/\",\"name\":\"Costa Verde valoriza m\u00e1s del 98% de los residuos producidos\",\"isPartOf\":{\"@id\":\"https:\/\/pro.costa-verde.com\/#website\"},\"primaryImageOfPage\":{\"@id\":\"https:\/\/pro.costa-verde.com\/costa-verde-valoriza-mais-de-98-dos-residuos-produzidos\/#primaryimage\"},\"image\":{\"@id\":\"https:\/\/pro.costa-verde.com\/costa-verde-valoriza-mais-de-98-dos-residuos-produzidos\/#primaryimage\"},\"thumbnailUrl\":\"https:\/\/pro.costa-verde.com\/wp-content\/uploads\/2025\/05\/ai-generated-8602864_1280.jpg\",\"datePublished\":\"2025-05-22T07:51:14+00:00\",\"dateModified\":\"2025-05-27T07:51:10+00:00\",\"description\":\"Costa Verde reforz\u00f3 en 2024 su compromiso con la sostenibilidad ambientalal valorizar m\u00e1s del 98% de los residuos. \u00a1Descubre m\u00e1s!\",\"breadcrumb\":{\"@id\":\"https:\/\/pro.costa-verde.com\/costa-verde-valoriza-mais-de-98-dos-residuos-produzidos\/#breadcrumb\"},\"inLanguage\":\"es\",\"potentialAction\":[{\"@type\":\"ReadAction\",\"target\":[\"https:\/\/pro.costa-verde.com\/costa-verde-valoriza-mais-de-98-dos-residuos-produzidos\/\"]}]},{\"@type\":\"ImageObject\",\"inLanguage\":\"es\",\"@id\":\"https:\/\/pro.costa-verde.com\/costa-verde-valoriza-mais-de-98-dos-residuos-produzidos\/#primaryimage\",\"url\":\"https:\/\/pro.costa-verde.com\/wp-content\/uploads\/2025\/05\/ai-generated-8602864_1280.jpg\",\"contentUrl\":\"https:\/\/pro.costa-verde.com\/wp-content\/uploads\/2025\/05\/ai-generated-8602864_1280.jpg\",\"width\":1280,\"height\":731},{\"@type\":\"BreadcrumbList\",\"@id\":\"https:\/\/pro.costa-verde.com\/costa-verde-valoriza-mais-de-98-dos-residuos-produzidos\/#breadcrumb\",\"itemListElement\":[{\"@type\":\"ListItem\",\"position\":1,\"name\":\"In\u00edcio\",\"item\":\"https:\/\/pro.costa-verde.com\/es\/\"},{\"@type\":\"ListItem\",\"position\":2,\"name\":\"Costa Verde valoriza m\u00e1s del 98% de los residuos producidos\"}]},{\"@type\":\"WebSite\",\"@id\":\"https:\/\/pro.costa-verde.com\/#website\",\"url\":\"https:\/\/pro.costa-verde.com\/\",\"name\":\"Costa Verde\",\"description\":\"Loja Online\",\"potentialAction\":[{\"@type\":\"SearchAction\",\"target\":{\"@type\":\"EntryPoint\",\"urlTemplate\":\"https:\/\/pro.costa-verde.com\/?s={search_term_string}\"},\"query-input\":{\"@type\":\"PropertyValueSpecification\",\"valueRequired\":true,\"valueName\":\"search_term_string\"}}],\"inLanguage\":\"es\"}]}<\/script>\n<!-- \/ Yoast SEO plugin. -->","yoast_head_json":{"title":"Costa Verde valoriza m\u00e1s del 98% de los residuos producidos","description":"Costa Verde reforz\u00f3 en 2024 su compromiso con la sostenibilidad ambientalal valorizar m\u00e1s del 98% de los residuos. \u00a1Descubre m\u00e1s!","robots":{"index":"index","follow":"follow","max-snippet":"max-snippet:-1","max-image-preview":"max-image-preview:large","max-video-preview":"max-video-preview:-1"},"canonical":"https:\/\/pro.costa-verde.com\/costa-verde-valoriza-mais-de-98-dos-residuos-produzidos\/","og_locale":"es_ES","og_type":"article","og_title":"Costa Verde valoriza m\u00e1s del 98% de los residuos producidos","og_description":"Costa Verde reforz\u00f3 en 2024 su compromiso con la sostenibilidad ambientalal valorizar m\u00e1s del 98% de los residuos. \u00a1Descubre m\u00e1s!","og_url":"https:\/\/pro.costa-verde.com\/costa-verde-valoriza-mais-de-98-dos-residuos-produzidos\/","og_site_name":"Costa Verde","article_publisher":"https:\/\/www.facebook.com\/costaverdeporcelanas\/","article_modified_time":"2025-05-27T07:51:10+00:00","og_image":[{"width":1280,"height":731,"url":"https:\/\/pro.costa-verde.com\/wp-content\/uploads\/2025\/05\/ai-generated-8602864_1280.jpg","type":"image\/jpeg"}],"twitter_card":"summary_large_image","twitter_misc":{"Tiempo de lectura":"2 minutos"},"schema":{"@context":"https:\/\/schema.org","@graph":[{"@type":"WebPage","@id":"https:\/\/pro.costa-verde.com\/costa-verde-valoriza-mais-de-98-dos-residuos-produzidos\/","url":"https:\/\/pro.costa-verde.com\/costa-verde-valoriza-mais-de-98-dos-residuos-produzidos\/","name":"Costa Verde valoriza m\u00e1s del 98% de los residuos producidos","isPartOf":{"@id":"https:\/\/pro.costa-verde.com\/#website"},"primaryImageOfPage":{"@id":"https:\/\/pro.costa-verde.com\/costa-verde-valoriza-mais-de-98-dos-residuos-produzidos\/#primaryimage"},"image":{"@id":"https:\/\/pro.costa-verde.com\/costa-verde-valoriza-mais-de-98-dos-residuos-produzidos\/#primaryimage"},"thumbnailUrl":"https:\/\/pro.costa-verde.com\/wp-content\/uploads\/2025\/05\/ai-generated-8602864_1280.jpg","datePublished":"2025-05-22T07:51:14+00:00","dateModified":"2025-05-27T07:51:10+00:00","description":"Costa Verde reforz\u00f3 en 2024 su compromiso con la sostenibilidad ambientalal valorizar m\u00e1s del 98% de los residuos. \u00a1Descubre m\u00e1s!","breadcrumb":{"@id":"https:\/\/pro.costa-verde.com\/costa-verde-valoriza-mais-de-98-dos-residuos-produzidos\/#breadcrumb"},"inLanguage":"es","potentialAction":[{"@type":"ReadAction","target":["https:\/\/pro.costa-verde.com\/costa-verde-valoriza-mais-de-98-dos-residuos-produzidos\/"]}]},{"@type":"ImageObject","inLanguage":"es","@id":"https:\/\/pro.costa-verde.com\/costa-verde-valoriza-mais-de-98-dos-residuos-produzidos\/#primaryimage","url":"https:\/\/pro.costa-verde.com\/wp-content\/uploads\/2025\/05\/ai-generated-8602864_1280.jpg","contentUrl":"https:\/\/pro.costa-verde.com\/wp-content\/uploads\/2025\/05\/ai-generated-8602864_1280.jpg","width":1280,"height":731},{"@type":"BreadcrumbList","@id":"https:\/\/pro.costa-verde.com\/costa-verde-valoriza-mais-de-98-dos-residuos-produzidos\/#breadcrumb","itemListElement":[{"@type":"ListItem","position":1,"name":"In\u00edcio","item":"https:\/\/pro.costa-verde.com\/es\/"},{"@type":"ListItem","position":2,"name":"Costa Verde valoriza m\u00e1s del 98% de los residuos producidos"}]},{"@type":"WebSite","@id":"https:\/\/pro.costa-verde.com\/#website","url":"https:\/\/pro.costa-verde.com\/","name":"Costa Verde","description":"Loja Online","potentialAction":[{"@type":"SearchAction","target":{"@type":"EntryPoint","urlTemplate":"https:\/\/pro.costa-verde.com\/?s={search_term_string}"},"query-input":{"@type":"PropertyValueSpecification","valueRequired":true,"valueName":"search_term_string"}}],"inLanguage":"es"}]}},"_links":{"self":[{"href":"https:\/\/pro.costa-verde.com\/es\/wp-json\/wp\/v2\/pages\/65996","targetHints":{"allow":["GET"]}}],"collection":[{"href":"https:\/\/pro.costa-verde.com\/es\/wp-json\/wp\/v2\/pages"}],"about":[{"href":"https:\/\/pro.costa-verde.com\/es\/wp-json\/wp\/v2\/types\/page"}],"author":[{"embeddable":true,"href":"https:\/\/pro.costa-verde.com\/es\/wp-json\/wp\/v2\/users\/783"}],"replies":[{"embeddable":true,"href":"https:\/\/pro.costa-verde.com\/es\/wp-json\/wp\/v2\/comments?post=65996"}],"version-history":[{"count":15,"href":"https:\/\/pro.costa-verde.com\/es\/wp-json\/wp\/v2\/pages\/65996\/revisions"}],"predecessor-version":[{"id":66131,"href":"https:\/\/pro.costa-verde.com\/es\/wp-json\/wp\/v2\/pages\/65996\/revisions\/66131"}],"wp:featuredmedia":[{"embeddable":true,"href":"https:\/\/pro.costa-verde.com\/es\/wp-json\/wp\/v2\/media\/66057"}],"wp:attachment":[{"href":"https:\/\/pro.costa-verde.com\/es\/wp-json\/wp\/v2\/media?parent=65996"}],"curies":[{"name":"wp","href":"https:\/\/api.w.org\/{rel}","templated":true}]}}