{"id":65755,"date":"2025-05-16T16:30:34","date_gmt":"2025-05-16T15:30:34","guid":{"rendered":"https:\/\/pro.costa-verde.com\/?page_id=65755"},"modified":"2025-05-16T16:35:54","modified_gmt":"2025-05-16T15:35:54","slug":"costa-verde-participa-en-el-seminario-sobre-salud-mental-comunitaria","status":"publish","type":"page","link":"https:\/\/pro.costa-verde.com\/es\/costa-verde-participa-en-el-seminario-sobre-salud-mental-comunitaria\/","title":{"rendered":"Costa Verde participa en el seminario sobre Salud Mental Comunitaria"},"content":{"rendered":"\t\t<div data-elementor-type=\"wp-page\" data-elementor-id=\"65755\" class=\"elementor elementor-65755 elementor-65754\" data-elementor-post-type=\"page\">\n\t\t\t\t\t\t<section class=\"elementor-section elementor-top-section elementor-element elementor-element-4e696d57 elementor-section-boxed elementor-section-height-default elementor-section-height-default\" data-id=\"4e696d57\" data-element_type=\"section\">\n\t\t\t\t\t\t<div class=\"elementor-container elementor-column-gap-default\">\n\t\t\t\t\t<div class=\"elementor-column elementor-col-100 elementor-top-column elementor-element elementor-element-7149df70\" data-id=\"7149df70\" data-element_type=\"column\">\n\t\t\t<div class=\"elementor-widget-wrap elementor-element-populated\">\n\t\t\t\t\t\t<div class=\"elementor-element elementor-element-3311861 elementor-widget elementor-widget-image\" data-id=\"3311861\" data-element_type=\"widget\" data-widget_type=\"image.default\">\n\t\t\t\t<div class=\"elementor-widget-container\">\n\t\t\t\t\t\t\t\t\t\t\t\t\t\t\t<img fetchpriority=\"high\" decoding=\"async\" width=\"768\" height=\"1090\" src=\"https:\/\/pro.costa-verde.com\/wp-content\/uploads\/2025\/05\/WhatsApp-Image-2025-05-16-at-16.01.47-768x1090.jpeg\" class=\"attachment-medium_large size-medium_large wp-image-65761\" alt=\"Sa\u00fade Mental\" srcset=\"https:\/\/pro.costa-verde.com\/wp-content\/uploads\/2025\/05\/WhatsApp-Image-2025-05-16-at-16.01.47-768x1090.jpeg 768w, https:\/\/pro.costa-verde.com\/wp-content\/uploads\/2025\/05\/WhatsApp-Image-2025-05-16-at-16.01.47-211x300.jpeg 211w, https:\/\/pro.costa-verde.com\/wp-content\/uploads\/2025\/05\/WhatsApp-Image-2025-05-16-at-16.01.47-721x1024.jpeg 721w, https:\/\/pro.costa-verde.com\/wp-content\/uploads\/2025\/05\/WhatsApp-Image-2025-05-16-at-16.01.47-1082x1536.jpeg 1082w, https:\/\/pro.costa-verde.com\/wp-content\/uploads\/2025\/05\/WhatsApp-Image-2025-05-16-at-16.01.47-300x426.jpeg 300w, https:\/\/pro.costa-verde.com\/wp-content\/uploads\/2025\/05\/WhatsApp-Image-2025-05-16-at-16.01.47-600x852.jpeg 600w, https:\/\/pro.costa-verde.com\/wp-content\/uploads\/2025\/05\/WhatsApp-Image-2025-05-16-at-16.01.47-106x150.jpeg 106w, https:\/\/pro.costa-verde.com\/wp-content\/uploads\/2025\/05\/WhatsApp-Image-2025-05-16-at-16.01.47.jpeg 1127w\" sizes=\"(max-width: 768px) 100vw, 768px\" \/>\t\t\t\t\t\t\t\t\t\t\t\t\t\t\t<\/div>\n\t\t\t\t<\/div>\n\t\t\t\t<div class=\"elementor-element elementor-element-7843fbcb elementor-widget elementor-widget-text-editor\" data-id=\"7843fbcb\" data-element_type=\"widget\" data-widget_type=\"text-editor.default\">\n\t\t\t\t<div class=\"elementor-widget-container\">\n\t\t\t\t\t\t\t\t\t<p data-start=\"1076\" data-end=\"1502\"><a href=\"https:\/\/pro.costa-verde.com\/es\/?_gl=1%2Al3h139%2A_ga%2AMTg5OTI4OTExMi4xNzQzNTAzNDk1%2A_up%2AMQ..\"><strong>Costa Verde<\/strong><\/a> <strong data-start=\"1599\" data-end=\"1707\">particip\u00f3 en el seminario \u201cSalud Mental Comunitaria: Estar del lado correcto de la historia\u201d<\/strong>, por invitaci\u00f3n del <strong data-start=\"1728\" data-end=\"1753\">Ayuntamiento de Vagos<\/strong>, en colaboraci\u00f3n con la <strong data-start=\"1778\" data-end=\"1800\">Asociaci\u00f3n Alma S\u00e3<\/strong>.<\/p><p data-start=\"1076\" data-end=\"1502\">Representada por la <strong data-start=\"1824\" data-end=\"1878\">gestora del Sistema Integrado CVIS, Leonor Tavares<\/strong>, la intervenci\u00f3n de Costa Verde se centr\u00f3 en la <strong data-start=\"1927\" data-end=\"1954\">empleabilidad inclusiva<\/strong> y en la <strong data-start=\"1963\" data-end=\"2020\">apertura a nuevos modelos de colaboraci\u00f3n con Alma S\u00e3<\/strong>, en particular a trav\u00e9s de la <strong data-start=\"2051\" data-end=\"2103\">personalizaci\u00f3n art\u00edstica de piezas de porcelana<\/strong> desarrolladas por usuarios de la asociaci\u00f3n.<\/p><p data-start=\"1076\" data-end=\"1502\">El evento, que tuvo lugar el pasado 30 de abril, reuni\u00f3 a <strong data-start=\"2209\" data-end=\"2262\">profesionales, usuarios y entidades colaboradoras<\/strong> para reflexionar sobre los <strong data-start=\"2290\" data-end=\"2365\">desaf\u00edos de la desinstitucionalizaci\u00f3n, la inclusi\u00f3n y la empleabilidad<\/strong> de personas con experiencia en enfermedad mental, valorando el <strong data-start=\"2429\" data-end=\"2492\">papel del arte como medio de expresi\u00f3n e integraci\u00f3n social<\/strong>.<\/p><p data-start=\"1076\" data-end=\"1502\">Esta participaci\u00f3n forma parte del <strong data-start=\"2531\" data-end=\"2567\">compromiso social de Costa Verde<\/strong> y representa un <strong data-start=\"2584\" data-end=\"2687\">primer paso en un \u00e1mbito a\u00fan m\u00e1s amplio de la responsabilidad social de la empresa: la Salud Mental<\/strong>.<\/p><p data-start=\"1076\" data-end=\"1502\">Costa Verde <strong data-start=\"2703\" data-end=\"2773\">agradece la invitaci\u00f3n y la oportunidad de compartir sus proyectos<\/strong>, su <strong data-start=\"2778\" data-end=\"2799\">compromiso social<\/strong> y de formar parte de este movimiento que busca <strong data-start=\"2847\" data-end=\"2889\">estar del lado correcto de la Historia<\/strong>.<\/p>\t\t\t\t\t\t\t\t<\/div>\n\t\t\t\t<\/div>\n\t\t\t\t\t<\/div>\n\t\t<\/div>\n\t\t\t\t\t<\/div>\n\t\t<\/section>\n\t\t\t\t<\/div>\n\t\t","protected":false},"excerpt":{"rendered":"<p>Costa Verde particip\u00f3 en el seminario \u201cSalud Mental Comunitaria: Estar del lado correcto de la historia\u201d, por invitaci\u00f3n del Ayuntamiento de Vagos, en colaboraci\u00f3n con la Asociaci\u00f3n Alma S\u00e3. Representada por la gestora del Sistema Integrado CVIS, Leonor Tavares, la intervenci\u00f3n de Costa Verde se centr\u00f3 en la empleabilidad inclusiva y en la apertura a [&hellip;]<\/p>\n","protected":false},"author":649,"featured_media":65761,"parent":0,"menu_order":0,"comment_status":"open","ping_status":"closed","template":"","meta":{"footnotes":""},"class_list":["post-65755","page","type-page","status-publish","has-post-thumbnail","hentry"],"yoast_head":"<!-- This site is optimized with the Yoast SEO plugin v26.9 - https:\/\/yoast.com\/product\/yoast-seo-wordpress\/ -->\n<title>Costa Verde participa en el seminario sobre Salud Mental Comunitaria - Costa Verde<\/title>\n<meta name=\"description\" content=\"Costa Verde particip\u00f3 en el seminario \u201cSalud Mental Comunitaria: Estar del lado correcto de la historia\u201d\" \/>\n<meta name=\"robots\" content=\"index, follow, max-snippet:-1, max-image-preview:large, max-video-preview:-1\" \/>\n<link rel=\"canonical\" href=\"https:\/\/pro.costa-verde.com\/costa-verde-participa-no-seminario-sobre-saude-mental-comunitaria\/\" \/>\n<meta property=\"og:locale\" content=\"es_ES\" \/>\n<meta property=\"og:type\" content=\"article\" \/>\n<meta property=\"og:title\" content=\"Costa Verde participa en el seminario sobre Salud Mental Comunitaria - Costa Verde\" \/>\n<meta property=\"og:description\" content=\"Costa Verde particip\u00f3 en el seminario \u201cSalud Mental Comunitaria: Estar del lado correcto de la historia\u201d\" \/>\n<meta property=\"og:url\" content=\"https:\/\/pro.costa-verde.com\/costa-verde-participa-no-seminario-sobre-saude-mental-comunitaria\/\" \/>\n<meta property=\"og:site_name\" content=\"Costa Verde\" \/>\n<meta property=\"article:publisher\" content=\"https:\/\/www.facebook.com\/costaverdeporcelanas\/\" \/>\n<meta property=\"article:modified_time\" content=\"2025-05-16T15:35:54+00:00\" \/>\n<meta property=\"og:image\" content=\"https:\/\/pro.costa-verde.com\/wp-content\/uploads\/2025\/05\/WhatsApp-Image-2025-05-16-at-16.01.47.jpeg\" \/>\n\t<meta property=\"og:image:width\" content=\"1127\" \/>\n\t<meta property=\"og:image:height\" content=\"1600\" \/>\n\t<meta property=\"og:image:type\" content=\"image\/jpeg\" \/>\n<meta name=\"twitter:card\" content=\"summary_large_image\" \/>\n<meta name=\"twitter:label1\" content=\"Tiempo de lectura\" \/>\n\t<meta name=\"twitter:data1\" content=\"2 minutos\" \/>\n<script type=\"application\/ld+json\" class=\"yoast-schema-graph\">{\"@context\":\"https:\/\/schema.org\",\"@graph\":[{\"@type\":\"WebPage\",\"@id\":\"https:\/\/pro.costa-verde.com\/costa-verde-participa-no-seminario-sobre-saude-mental-comunitaria\/\",\"url\":\"https:\/\/pro.costa-verde.com\/costa-verde-participa-no-seminario-sobre-saude-mental-comunitaria\/\",\"name\":\"Costa Verde participa en el seminario sobre Salud Mental Comunitaria - Costa Verde\",\"isPartOf\":{\"@id\":\"https:\/\/pro.costa-verde.com\/#website\"},\"primaryImageOfPage\":{\"@id\":\"https:\/\/pro.costa-verde.com\/costa-verde-participa-no-seminario-sobre-saude-mental-comunitaria\/#primaryimage\"},\"image\":{\"@id\":\"https:\/\/pro.costa-verde.com\/costa-verde-participa-no-seminario-sobre-saude-mental-comunitaria\/#primaryimage\"},\"thumbnailUrl\":\"https:\/\/pro.costa-verde.com\/wp-content\/uploads\/2025\/05\/WhatsApp-Image-2025-05-16-at-16.01.47.jpeg\",\"datePublished\":\"2025-05-16T15:30:34+00:00\",\"dateModified\":\"2025-05-16T15:35:54+00:00\",\"description\":\"Costa Verde particip\u00f3 en el seminario \u201cSalud Mental Comunitaria: Estar del lado correcto de la historia\u201d\",\"breadcrumb\":{\"@id\":\"https:\/\/pro.costa-verde.com\/costa-verde-participa-no-seminario-sobre-saude-mental-comunitaria\/#breadcrumb\"},\"inLanguage\":\"es\",\"potentialAction\":[{\"@type\":\"ReadAction\",\"target\":[\"https:\/\/pro.costa-verde.com\/costa-verde-participa-no-seminario-sobre-saude-mental-comunitaria\/\"]}]},{\"@type\":\"ImageObject\",\"inLanguage\":\"es\",\"@id\":\"https:\/\/pro.costa-verde.com\/costa-verde-participa-no-seminario-sobre-saude-mental-comunitaria\/#primaryimage\",\"url\":\"https:\/\/pro.costa-verde.com\/wp-content\/uploads\/2025\/05\/WhatsApp-Image-2025-05-16-at-16.01.47.jpeg\",\"contentUrl\":\"https:\/\/pro.costa-verde.com\/wp-content\/uploads\/2025\/05\/WhatsApp-Image-2025-05-16-at-16.01.47.jpeg\",\"width\":1127,\"height\":1600,\"caption\":\"Sa\u00fade Mental\"},{\"@type\":\"BreadcrumbList\",\"@id\":\"https:\/\/pro.costa-verde.com\/costa-verde-participa-no-seminario-sobre-saude-mental-comunitaria\/#breadcrumb\",\"itemListElement\":[{\"@type\":\"ListItem\",\"position\":1,\"name\":\"In\u00edcio\",\"item\":\"https:\/\/pro.costa-verde.com\/es\/\"},{\"@type\":\"ListItem\",\"position\":2,\"name\":\"Costa Verde participa en el seminario sobre Salud Mental Comunitaria\"}]},{\"@type\":\"WebSite\",\"@id\":\"https:\/\/pro.costa-verde.com\/#website\",\"url\":\"https:\/\/pro.costa-verde.com\/\",\"name\":\"Costa Verde\",\"description\":\"Loja Online\",\"potentialAction\":[{\"@type\":\"SearchAction\",\"target\":{\"@type\":\"EntryPoint\",\"urlTemplate\":\"https:\/\/pro.costa-verde.com\/?s={search_term_string}\"},\"query-input\":{\"@type\":\"PropertyValueSpecification\",\"valueRequired\":true,\"valueName\":\"search_term_string\"}}],\"inLanguage\":\"es\"}]}<\/script>\n<!-- \/ Yoast SEO plugin. -->","yoast_head_json":{"title":"Costa Verde participa en el seminario sobre Salud Mental Comunitaria - Costa Verde","description":"Costa Verde particip\u00f3 en el seminario \u201cSalud Mental Comunitaria: Estar del lado correcto de la historia\u201d","robots":{"index":"index","follow":"follow","max-snippet":"max-snippet:-1","max-image-preview":"max-image-preview:large","max-video-preview":"max-video-preview:-1"},"canonical":"https:\/\/pro.costa-verde.com\/costa-verde-participa-no-seminario-sobre-saude-mental-comunitaria\/","og_locale":"es_ES","og_type":"article","og_title":"Costa Verde participa en el seminario sobre Salud Mental Comunitaria - Costa Verde","og_description":"Costa Verde particip\u00f3 en el seminario \u201cSalud Mental Comunitaria: Estar del lado correcto de la historia\u201d","og_url":"https:\/\/pro.costa-verde.com\/costa-verde-participa-no-seminario-sobre-saude-mental-comunitaria\/","og_site_name":"Costa Verde","article_publisher":"https:\/\/www.facebook.com\/costaverdeporcelanas\/","article_modified_time":"2025-05-16T15:35:54+00:00","og_image":[{"width":1127,"height":1600,"url":"https:\/\/pro.costa-verde.com\/wp-content\/uploads\/2025\/05\/WhatsApp-Image-2025-05-16-at-16.01.47.jpeg","type":"image\/jpeg"}],"twitter_card":"summary_large_image","twitter_misc":{"Tiempo de lectura":"2 minutos"},"schema":{"@context":"https:\/\/schema.org","@graph":[{"@type":"WebPage","@id":"https:\/\/pro.costa-verde.com\/costa-verde-participa-no-seminario-sobre-saude-mental-comunitaria\/","url":"https:\/\/pro.costa-verde.com\/costa-verde-participa-no-seminario-sobre-saude-mental-comunitaria\/","name":"Costa Verde participa en el seminario sobre Salud Mental Comunitaria - Costa Verde","isPartOf":{"@id":"https:\/\/pro.costa-verde.com\/#website"},"primaryImageOfPage":{"@id":"https:\/\/pro.costa-verde.com\/costa-verde-participa-no-seminario-sobre-saude-mental-comunitaria\/#primaryimage"},"image":{"@id":"https:\/\/pro.costa-verde.com\/costa-verde-participa-no-seminario-sobre-saude-mental-comunitaria\/#primaryimage"},"thumbnailUrl":"https:\/\/pro.costa-verde.com\/wp-content\/uploads\/2025\/05\/WhatsApp-Image-2025-05-16-at-16.01.47.jpeg","datePublished":"2025-05-16T15:30:34+00:00","dateModified":"2025-05-16T15:35:54+00:00","description":"Costa Verde particip\u00f3 en el seminario \u201cSalud Mental Comunitaria: Estar del lado correcto de la historia\u201d","breadcrumb":{"@id":"https:\/\/pro.costa-verde.com\/costa-verde-participa-no-seminario-sobre-saude-mental-comunitaria\/#breadcrumb"},"inLanguage":"es","potentialAction":[{"@type":"ReadAction","target":["https:\/\/pro.costa-verde.com\/costa-verde-participa-no-seminario-sobre-saude-mental-comunitaria\/"]}]},{"@type":"ImageObject","inLanguage":"es","@id":"https:\/\/pro.costa-verde.com\/costa-verde-participa-no-seminario-sobre-saude-mental-comunitaria\/#primaryimage","url":"https:\/\/pro.costa-verde.com\/wp-content\/uploads\/2025\/05\/WhatsApp-Image-2025-05-16-at-16.01.47.jpeg","contentUrl":"https:\/\/pro.costa-verde.com\/wp-content\/uploads\/2025\/05\/WhatsApp-Image-2025-05-16-at-16.01.47.jpeg","width":1127,"height":1600,"caption":"Sa\u00fade Mental"},{"@type":"BreadcrumbList","@id":"https:\/\/pro.costa-verde.com\/costa-verde-participa-no-seminario-sobre-saude-mental-comunitaria\/#breadcrumb","itemListElement":[{"@type":"ListItem","position":1,"name":"In\u00edcio","item":"https:\/\/pro.costa-verde.com\/es\/"},{"@type":"ListItem","position":2,"name":"Costa Verde participa en el seminario sobre Salud Mental Comunitaria"}]},{"@type":"WebSite","@id":"https:\/\/pro.costa-verde.com\/#website","url":"https:\/\/pro.costa-verde.com\/","name":"Costa Verde","description":"Loja Online","potentialAction":[{"@type":"SearchAction","target":{"@type":"EntryPoint","urlTemplate":"https:\/\/pro.costa-verde.com\/?s={search_term_string}"},"query-input":{"@type":"PropertyValueSpecification","valueRequired":true,"valueName":"search_term_string"}}],"inLanguage":"es"}]}},"_links":{"self":[{"href":"https:\/\/pro.costa-verde.com\/es\/wp-json\/wp\/v2\/pages\/65755","targetHints":{"allow":["GET"]}}],"collection":[{"href":"https:\/\/pro.costa-verde.com\/es\/wp-json\/wp\/v2\/pages"}],"about":[{"href":"https:\/\/pro.costa-verde.com\/es\/wp-json\/wp\/v2\/types\/page"}],"author":[{"embeddable":true,"href":"https:\/\/pro.costa-verde.com\/es\/wp-json\/wp\/v2\/users\/649"}],"replies":[{"embeddable":true,"href":"https:\/\/pro.costa-verde.com\/es\/wp-json\/wp\/v2\/comments?post=65755"}],"version-history":[{"count":4,"href":"https:\/\/pro.costa-verde.com\/es\/wp-json\/wp\/v2\/pages\/65755\/revisions"}],"predecessor-version":[{"id":65775,"href":"https:\/\/pro.costa-verde.com\/es\/wp-json\/wp\/v2\/pages\/65755\/revisions\/65775"}],"wp:featuredmedia":[{"embeddable":true,"href":"https:\/\/pro.costa-verde.com\/es\/wp-json\/wp\/v2\/media\/65761"}],"wp:attachment":[{"href":"https:\/\/pro.costa-verde.com\/es\/wp-json\/wp\/v2\/media?parent=65755"}],"curies":[{"name":"wp","href":"https:\/\/api.w.org\/{rel}","templated":true}]}}