{"id":65710,"date":"2025-05-16T12:57:14","date_gmt":"2025-05-16T11:57:14","guid":{"rendered":"https:\/\/pro.costa-verde.com\/?page_id=65710"},"modified":"2025-05-16T12:59:02","modified_gmt":"2025-05-16T11:59:02","slug":"costa-verde-da-forma-al-premio-nacional-de-sostenibilidad-2025","status":"publish","type":"page","link":"https:\/\/pro.costa-verde.com\/es\/costa-verde-da-forma-al-premio-nacional-de-sostenibilidad-2025\/","title":{"rendered":"Costa Verde da forma al Premio Nacional de Sostenibilidad 2025"},"content":{"rendered":"\t\t<div data-elementor-type=\"wp-page\" data-elementor-id=\"65710\" class=\"elementor elementor-65710 elementor-65708\" data-elementor-post-type=\"page\">\n\t\t\t\t\t\t<section class=\"elementor-section elementor-top-section elementor-element elementor-element-4e696d57 elementor-section-boxed elementor-section-height-default elementor-section-height-default\" data-id=\"4e696d57\" data-element_type=\"section\">\n\t\t\t\t\t\t<div class=\"elementor-container elementor-column-gap-default\">\n\t\t\t\t\t<div class=\"elementor-column elementor-col-100 elementor-top-column elementor-element elementor-element-7149df70\" data-id=\"7149df70\" data-element_type=\"column\">\n\t\t\t<div class=\"elementor-widget-wrap elementor-element-populated\">\n\t\t\t\t\t\t<div class=\"elementor-element elementor-element-3311861 elementor-widget elementor-widget-image\" data-id=\"3311861\" data-element_type=\"widget\" data-widget_type=\"image.default\">\n\t\t\t\t<div class=\"elementor-widget-container\">\n\t\t\t\t\t\t\t\t\t\t\t\t\t\t\t<img fetchpriority=\"high\" decoding=\"async\" width=\"1024\" height=\"683\" src=\"https:\/\/pro.costa-verde.com\/wp-content\/uploads\/2025\/05\/pre\u0301mio-sustentabilidade-1024x683.jpg\" class=\"attachment-large size-large wp-image-65724\" alt=\"\" srcset=\"https:\/\/pro.costa-verde.com\/wp-content\/uploads\/2025\/05\/pre\u0301mio-sustentabilidade-1024x683.jpg 1024w, https:\/\/pro.costa-verde.com\/wp-content\/uploads\/2025\/05\/pre\u0301mio-sustentabilidade-300x200.jpg 300w, https:\/\/pro.costa-verde.com\/wp-content\/uploads\/2025\/05\/pre\u0301mio-sustentabilidade-768x512.jpg 768w, https:\/\/pro.costa-verde.com\/wp-content\/uploads\/2025\/05\/pre\u0301mio-sustentabilidade-1536x1024.jpg 1536w, https:\/\/pro.costa-verde.com\/wp-content\/uploads\/2025\/05\/pre\u0301mio-sustentabilidade-600x400.jpg 600w, https:\/\/pro.costa-verde.com\/wp-content\/uploads\/2025\/05\/pre\u0301mio-sustentabilidade-120x80.jpg 120w, https:\/\/pro.costa-verde.com\/wp-content\/uploads\/2025\/05\/pre\u0301mio-sustentabilidade.jpg 1600w\" sizes=\"(max-width: 1024px) 100vw, 1024px\" \/>\t\t\t\t\t\t\t\t\t\t\t\t\t\t\t<\/div>\n\t\t\t\t<\/div>\n\t\t\t\t<div class=\"elementor-element elementor-element-7843fbcb elementor-widget elementor-widget-text-editor\" data-id=\"7843fbcb\" data-element_type=\"widget\" data-widget_type=\"text-editor.default\">\n\t\t\t\t<div class=\"elementor-widget-container\">\n\t\t\t\t\t\t\t\t\t<p data-start=\"1076\" data-end=\"1502\"><a href=\"https:\/\/pro.costa-verde.com\/es\/?_gl=1%2Al3h139%2A_ga%2AMTg5OTI4OTExMi4xNzQzNTAzNDk1%2A_up%2AMQ..\"><strong>Costa Verde<\/strong><\/a> <strong data-start=\"79\" data-end=\"202\">tuvo el privilegio de participar, como socio, en la edici\u00f3n 2024\/2025 del Premio Nacional de Sostenibilidad<\/strong>, promovido por Jornal de Neg\u00f3cios, <strong data-start=\"238\" data-end=\"320\">a trav\u00e9s de la creaci\u00f3n y producci\u00f3n de los trofeos entregados a los ganadores<\/strong>.<\/p><p class=\"\" data-start=\"324\" data-end=\"645\">La ceremonia, celebrada el pasado 8 de mayo, <strong data-start=\"369\" data-end=\"495\">premi\u00f3 17 proyectos innovadores y dos personalidades destacadas por su compromiso con el desarrollo sostenible en Portugal<\/strong>. Estos premios reconocen el trabajo de organizaciones e individuos que lideran la transformaci\u00f3n hacia un futuro m\u00e1s equilibrado, justo y ecol\u00f3gico.<\/p><p class=\"\" data-start=\"647\" data-end=\"956\"><strong data-start=\"647\" data-end=\"736\">Los trofeos entregados a los premiados fueron concebidos y producidos por Costa Verde<\/strong>, reflejando no solo nuestro saber t\u00e9cnico y art\u00edstico en la producci\u00f3n de porcelana de mesa de alta calidad, <strong data-start=\"846\" data-end=\"954\">sino tambi\u00e9n nuestro compromiso con la sostenibilidad, la innovaci\u00f3n y la responsabilidad medioambiental<\/strong>.<\/p><p class=\"\" data-start=\"958\" data-end=\"1361\"><strong data-start=\"958\" data-end=\"1053\">La creaci\u00f3n de los trofeos fue un verdadero ejercicio de colaboraci\u00f3n y creatividad interna<\/strong>. El equipo de Design y Marketing de Costa Verde uni\u00f3 esfuerzos con el equipo de Modelado, que dio vida a los conceptos mediante un meticuloso proceso manual. <strong data-start=\"1212\" data-end=\"1361\">El resultado final se materializa en piezas \u00fanicas, ahora al servicio de un prop\u00f3sito mayor: distinguir a quienes trabajan por la sostenibilidad.<\/strong><\/p><p class=\"\" data-start=\"1363\" data-end=\"1852\">Este proyecto tiene un significado a\u00fan mayor para Costa Verde, <strong data-start=\"1426\" data-end=\"1568\">teniendo en cuenta que nuestro proyecto Endless recibi\u00f3 una Menci\u00f3n de Honor en la edici\u00f3n 2023\/2024 del Premio Nacional de Sostenibilidad<\/strong>. <strong data-start=\"1570\" data-end=\"1723\">Este reconocimiento fue un hito importante en el reconocimiento p\u00fablico de nuestro compromiso con pr\u00e1cticas industriales m\u00e1s circulares y conscientes<\/strong>, reforzando la relevancia de participar activamente en iniciativas que impulsan la transici\u00f3n hacia una econom\u00eda m\u00e1s sostenible.<\/p>\t\t\t\t\t\t\t\t<\/div>\n\t\t\t\t<\/div>\n\t\t\t\t\t<\/div>\n\t\t<\/div>\n\t\t\t\t\t<\/div>\n\t\t<\/section>\n\t\t\t\t<\/div>\n\t\t","protected":false},"excerpt":{"rendered":"<p>Costa Verde tuvo el privilegio de participar, como socio, en la edici\u00f3n 2024\/2025 del Premio Nacional de Sostenibilidad, promovido por Jornal de Neg\u00f3cios, a trav\u00e9s de la creaci\u00f3n y producci\u00f3n de los trofeos entregados a los ganadores. La ceremonia, celebrada el pasado 8 de mayo, premi\u00f3 17 proyectos innovadores y dos personalidades destacadas por su [&hellip;]<\/p>\n","protected":false},"author":649,"featured_media":65724,"parent":0,"menu_order":0,"comment_status":"open","ping_status":"closed","template":"","meta":{"footnotes":""},"class_list":["post-65710","page","type-page","status-publish","has-post-thumbnail","hentry"],"yoast_head":"<!-- This site is optimized with the Yoast SEO plugin v26.9 - https:\/\/yoast.com\/product\/yoast-seo-wordpress\/ -->\n<title>Costa Verde da forma al Premio Nacional de Sostenibilidad 2025 - Costa Verde<\/title>\n<meta name=\"description\" content=\"Costa Verde tuvo el privilegio de participar, como socio, en la edici\u00f3n 2024\/2025 del Premio Nacional de Sostenibilidad.\" \/>\n<meta name=\"robots\" content=\"index, follow, max-snippet:-1, max-image-preview:large, max-video-preview:-1\" \/>\n<link rel=\"canonical\" href=\"https:\/\/pro.costa-verde.com\/costa-verde-da-forma-ao-premio-nacional-de-sustentabilidade-2025\/\" \/>\n<meta property=\"og:locale\" content=\"es_ES\" \/>\n<meta property=\"og:type\" content=\"article\" \/>\n<meta property=\"og:title\" content=\"Costa Verde da forma al Premio Nacional de Sostenibilidad 2025 - Costa Verde\" \/>\n<meta property=\"og:description\" content=\"Costa Verde tuvo el privilegio de participar, como socio, en la edici\u00f3n 2024\/2025 del Premio Nacional de Sostenibilidad.\" \/>\n<meta property=\"og:url\" content=\"https:\/\/pro.costa-verde.com\/costa-verde-da-forma-ao-premio-nacional-de-sustentabilidade-2025\/\" \/>\n<meta property=\"og:site_name\" content=\"Costa Verde\" \/>\n<meta property=\"article:publisher\" content=\"https:\/\/www.facebook.com\/costaverdeporcelanas\/\" \/>\n<meta property=\"article:modified_time\" content=\"2025-05-16T11:59:02+00:00\" \/>\n<meta property=\"og:image\" content=\"https:\/\/pro.costa-verde.com\/wp-content\/uploads\/2025\/05\/pre\u0301mio-sustentabilidade.jpg\" \/>\n\t<meta property=\"og:image:width\" content=\"1600\" \/>\n\t<meta property=\"og:image:height\" content=\"1067\" \/>\n\t<meta property=\"og:image:type\" content=\"image\/jpeg\" \/>\n<meta name=\"twitter:card\" content=\"summary_large_image\" \/>\n<meta name=\"twitter:label1\" content=\"Tiempo de lectura\" \/>\n\t<meta name=\"twitter:data1\" content=\"2 minutos\" \/>\n<script type=\"application\/ld+json\" class=\"yoast-schema-graph\">{\"@context\":\"https:\/\/schema.org\",\"@graph\":[{\"@type\":\"WebPage\",\"@id\":\"https:\/\/pro.costa-verde.com\/costa-verde-da-forma-ao-premio-nacional-de-sustentabilidade-2025\/\",\"url\":\"https:\/\/pro.costa-verde.com\/costa-verde-da-forma-ao-premio-nacional-de-sustentabilidade-2025\/\",\"name\":\"Costa Verde da forma al Premio Nacional de Sostenibilidad 2025 - Costa Verde\",\"isPartOf\":{\"@id\":\"https:\/\/pro.costa-verde.com\/#website\"},\"primaryImageOfPage\":{\"@id\":\"https:\/\/pro.costa-verde.com\/costa-verde-da-forma-ao-premio-nacional-de-sustentabilidade-2025\/#primaryimage\"},\"image\":{\"@id\":\"https:\/\/pro.costa-verde.com\/costa-verde-da-forma-ao-premio-nacional-de-sustentabilidade-2025\/#primaryimage\"},\"thumbnailUrl\":\"https:\/\/pro.costa-verde.com\/wp-content\/uploads\/2025\/05\/pre\u0301mio-sustentabilidade.jpg\",\"datePublished\":\"2025-05-16T11:57:14+00:00\",\"dateModified\":\"2025-05-16T11:59:02+00:00\",\"description\":\"Costa Verde tuvo el privilegio de participar, como socio, en la edici\u00f3n 2024\/2025 del Premio Nacional de Sostenibilidad.\",\"breadcrumb\":{\"@id\":\"https:\/\/pro.costa-verde.com\/costa-verde-da-forma-ao-premio-nacional-de-sustentabilidade-2025\/#breadcrumb\"},\"inLanguage\":\"es\",\"potentialAction\":[{\"@type\":\"ReadAction\",\"target\":[\"https:\/\/pro.costa-verde.com\/costa-verde-da-forma-ao-premio-nacional-de-sustentabilidade-2025\/\"]}]},{\"@type\":\"ImageObject\",\"inLanguage\":\"es\",\"@id\":\"https:\/\/pro.costa-verde.com\/costa-verde-da-forma-ao-premio-nacional-de-sustentabilidade-2025\/#primaryimage\",\"url\":\"https:\/\/pro.costa-verde.com\/wp-content\/uploads\/2025\/05\/pre\u0301mio-sustentabilidade.jpg\",\"contentUrl\":\"https:\/\/pro.costa-verde.com\/wp-content\/uploads\/2025\/05\/pre\u0301mio-sustentabilidade.jpg\",\"width\":1600,\"height\":1067},{\"@type\":\"BreadcrumbList\",\"@id\":\"https:\/\/pro.costa-verde.com\/costa-verde-da-forma-ao-premio-nacional-de-sustentabilidade-2025\/#breadcrumb\",\"itemListElement\":[{\"@type\":\"ListItem\",\"position\":1,\"name\":\"In\u00edcio\",\"item\":\"https:\/\/pro.costa-verde.com\/es\/\"},{\"@type\":\"ListItem\",\"position\":2,\"name\":\"Costa Verde da forma al Premio Nacional de Sostenibilidad 2025\"}]},{\"@type\":\"WebSite\",\"@id\":\"https:\/\/pro.costa-verde.com\/#website\",\"url\":\"https:\/\/pro.costa-verde.com\/\",\"name\":\"Costa Verde\",\"description\":\"Loja Online\",\"potentialAction\":[{\"@type\":\"SearchAction\",\"target\":{\"@type\":\"EntryPoint\",\"urlTemplate\":\"https:\/\/pro.costa-verde.com\/?s={search_term_string}\"},\"query-input\":{\"@type\":\"PropertyValueSpecification\",\"valueRequired\":true,\"valueName\":\"search_term_string\"}}],\"inLanguage\":\"es\"}]}<\/script>\n<!-- \/ Yoast SEO plugin. -->","yoast_head_json":{"title":"Costa Verde da forma al Premio Nacional de Sostenibilidad 2025 - Costa Verde","description":"Costa Verde tuvo el privilegio de participar, como socio, en la edici\u00f3n 2024\/2025 del Premio Nacional de Sostenibilidad.","robots":{"index":"index","follow":"follow","max-snippet":"max-snippet:-1","max-image-preview":"max-image-preview:large","max-video-preview":"max-video-preview:-1"},"canonical":"https:\/\/pro.costa-verde.com\/costa-verde-da-forma-ao-premio-nacional-de-sustentabilidade-2025\/","og_locale":"es_ES","og_type":"article","og_title":"Costa Verde da forma al Premio Nacional de Sostenibilidad 2025 - Costa Verde","og_description":"Costa Verde tuvo el privilegio de participar, como socio, en la edici\u00f3n 2024\/2025 del Premio Nacional de Sostenibilidad.","og_url":"https:\/\/pro.costa-verde.com\/costa-verde-da-forma-ao-premio-nacional-de-sustentabilidade-2025\/","og_site_name":"Costa Verde","article_publisher":"https:\/\/www.facebook.com\/costaverdeporcelanas\/","article_modified_time":"2025-05-16T11:59:02+00:00","og_image":[{"width":1600,"height":1067,"url":"https:\/\/pro.costa-verde.com\/wp-content\/uploads\/2025\/05\/pre\u0301mio-sustentabilidade.jpg","type":"image\/jpeg"}],"twitter_card":"summary_large_image","twitter_misc":{"Tiempo de lectura":"2 minutos"},"schema":{"@context":"https:\/\/schema.org","@graph":[{"@type":"WebPage","@id":"https:\/\/pro.costa-verde.com\/costa-verde-da-forma-ao-premio-nacional-de-sustentabilidade-2025\/","url":"https:\/\/pro.costa-verde.com\/costa-verde-da-forma-ao-premio-nacional-de-sustentabilidade-2025\/","name":"Costa Verde da forma al Premio Nacional de Sostenibilidad 2025 - Costa Verde","isPartOf":{"@id":"https:\/\/pro.costa-verde.com\/#website"},"primaryImageOfPage":{"@id":"https:\/\/pro.costa-verde.com\/costa-verde-da-forma-ao-premio-nacional-de-sustentabilidade-2025\/#primaryimage"},"image":{"@id":"https:\/\/pro.costa-verde.com\/costa-verde-da-forma-ao-premio-nacional-de-sustentabilidade-2025\/#primaryimage"},"thumbnailUrl":"https:\/\/pro.costa-verde.com\/wp-content\/uploads\/2025\/05\/pre\u0301mio-sustentabilidade.jpg","datePublished":"2025-05-16T11:57:14+00:00","dateModified":"2025-05-16T11:59:02+00:00","description":"Costa Verde tuvo el privilegio de participar, como socio, en la edici\u00f3n 2024\/2025 del Premio Nacional de Sostenibilidad.","breadcrumb":{"@id":"https:\/\/pro.costa-verde.com\/costa-verde-da-forma-ao-premio-nacional-de-sustentabilidade-2025\/#breadcrumb"},"inLanguage":"es","potentialAction":[{"@type":"ReadAction","target":["https:\/\/pro.costa-verde.com\/costa-verde-da-forma-ao-premio-nacional-de-sustentabilidade-2025\/"]}]},{"@type":"ImageObject","inLanguage":"es","@id":"https:\/\/pro.costa-verde.com\/costa-verde-da-forma-ao-premio-nacional-de-sustentabilidade-2025\/#primaryimage","url":"https:\/\/pro.costa-verde.com\/wp-content\/uploads\/2025\/05\/pre\u0301mio-sustentabilidade.jpg","contentUrl":"https:\/\/pro.costa-verde.com\/wp-content\/uploads\/2025\/05\/pre\u0301mio-sustentabilidade.jpg","width":1600,"height":1067},{"@type":"BreadcrumbList","@id":"https:\/\/pro.costa-verde.com\/costa-verde-da-forma-ao-premio-nacional-de-sustentabilidade-2025\/#breadcrumb","itemListElement":[{"@type":"ListItem","position":1,"name":"In\u00edcio","item":"https:\/\/pro.costa-verde.com\/es\/"},{"@type":"ListItem","position":2,"name":"Costa Verde da forma al Premio Nacional de Sostenibilidad 2025"}]},{"@type":"WebSite","@id":"https:\/\/pro.costa-verde.com\/#website","url":"https:\/\/pro.costa-verde.com\/","name":"Costa Verde","description":"Loja Online","potentialAction":[{"@type":"SearchAction","target":{"@type":"EntryPoint","urlTemplate":"https:\/\/pro.costa-verde.com\/?s={search_term_string}"},"query-input":{"@type":"PropertyValueSpecification","valueRequired":true,"valueName":"search_term_string"}}],"inLanguage":"es"}]}},"_links":{"self":[{"href":"https:\/\/pro.costa-verde.com\/es\/wp-json\/wp\/v2\/pages\/65710","targetHints":{"allow":["GET"]}}],"collection":[{"href":"https:\/\/pro.costa-verde.com\/es\/wp-json\/wp\/v2\/pages"}],"about":[{"href":"https:\/\/pro.costa-verde.com\/es\/wp-json\/wp\/v2\/types\/page"}],"author":[{"embeddable":true,"href":"https:\/\/pro.costa-verde.com\/es\/wp-json\/wp\/v2\/users\/649"}],"replies":[{"embeddable":true,"href":"https:\/\/pro.costa-verde.com\/es\/wp-json\/wp\/v2\/comments?post=65710"}],"version-history":[{"count":5,"href":"https:\/\/pro.costa-verde.com\/es\/wp-json\/wp\/v2\/pages\/65710\/revisions"}],"predecessor-version":[{"id":65742,"href":"https:\/\/pro.costa-verde.com\/es\/wp-json\/wp\/v2\/pages\/65710\/revisions\/65742"}],"wp:featuredmedia":[{"embeddable":true,"href":"https:\/\/pro.costa-verde.com\/es\/wp-json\/wp\/v2\/media\/65724"}],"wp:attachment":[{"href":"https:\/\/pro.costa-verde.com\/es\/wp-json\/wp\/v2\/media?parent=65710"}],"curies":[{"name":"wp","href":"https:\/\/api.w.org\/{rel}","templated":true}]}}