{"id":65585,"date":"2025-04-24T10:53:22","date_gmt":"2025-04-24T09:53:22","guid":{"rendered":"https:\/\/pro.costa-verde.com\/?page_id=65585"},"modified":"2025-05-05T12:03:11","modified_gmt":"2025-05-05T11:03:11","slug":"costa-verde-apoya-a-la-asociacion-terra-dos-sonhos-con-una-donacion-solidaria","status":"publish","type":"page","link":"https:\/\/pro.costa-verde.com\/es\/costa-verde-apoya-a-la-asociacion-terra-dos-sonhos-con-una-donacion-solidaria\/","title":{"rendered":"Costa Verde apoya a la Asociaci\u00f3n Terra dos Sonhos con una donaci\u00f3n solidaria"},"content":{"rendered":"\t\t<div data-elementor-type=\"wp-page\" data-elementor-id=\"65585\" class=\"elementor elementor-65585 elementor-65583\" data-elementor-post-type=\"page\">\n\t\t\t\t\t\t<section class=\"elementor-section elementor-top-section elementor-element elementor-element-4e696d57 elementor-section-boxed elementor-section-height-default elementor-section-height-default\" data-id=\"4e696d57\" data-element_type=\"section\">\n\t\t\t\t\t\t<div class=\"elementor-container elementor-column-gap-default\">\n\t\t\t\t\t<div class=\"elementor-column elementor-col-100 elementor-top-column elementor-element elementor-element-7149df70\" data-id=\"7149df70\" data-element_type=\"column\">\n\t\t\t<div class=\"elementor-widget-wrap elementor-element-populated\">\n\t\t\t\t\t\t<div class=\"elementor-element elementor-element-3311861 elementor-widget elementor-widget-image\" data-id=\"3311861\" data-element_type=\"widget\" data-widget_type=\"image.default\">\n\t\t\t\t<div class=\"elementor-widget-container\">\n\t\t\t\t\t\t\t\t\t\t\t\t\t\t\t<img fetchpriority=\"high\" decoding=\"async\" width=\"1024\" height=\"768\" src=\"https:\/\/pro.costa-verde.com\/wp-content\/uploads\/2025\/04\/IMG_3408-1024x768.jpg\" class=\"attachment-large size-large wp-image-65593\" alt=\"\" srcset=\"https:\/\/pro.costa-verde.com\/wp-content\/uploads\/2025\/04\/IMG_3408-1024x768.jpg 1024w, https:\/\/pro.costa-verde.com\/wp-content\/uploads\/2025\/04\/IMG_3408-300x225.jpg 300w, https:\/\/pro.costa-verde.com\/wp-content\/uploads\/2025\/04\/IMG_3408-768x576.jpg 768w, https:\/\/pro.costa-verde.com\/wp-content\/uploads\/2025\/04\/IMG_3408-1536x1152.jpg 1536w, https:\/\/pro.costa-verde.com\/wp-content\/uploads\/2025\/04\/IMG_3408-600x450.jpg 600w, https:\/\/pro.costa-verde.com\/wp-content\/uploads\/2025\/04\/IMG_3408-120x90.jpg 120w, https:\/\/pro.costa-verde.com\/wp-content\/uploads\/2025\/04\/IMG_3408.jpg 1920w\" sizes=\"(max-width: 1024px) 100vw, 1024px\" \/>\t\t\t\t\t\t\t\t\t\t\t\t\t\t\t<\/div>\n\t\t\t\t<\/div>\n\t\t\t\t<div class=\"elementor-element elementor-element-7843fbcb elementor-widget elementor-widget-text-editor\" data-id=\"7843fbcb\" data-element_type=\"widget\" data-widget_type=\"text-editor.default\">\n\t\t\t\t<div class=\"elementor-widget-container\">\n\t\t\t\t\t\t\t\t\t<p data-start=\"1076\" data-end=\"1502\"><a href=\"https:\/\/pro.costa-verde.com\/es\/?_gl=1%2Al3h139%2A_ga%2AMTg5OTI4OTExMi4xNzQzNTAzNDk1%2A_up%2AMQ..\"><strong>Costa Verde<\/strong><\/a>&nbsp;ha reforzado recientemente su compromiso con la <strong data-start=\"151\" data-end=\"177\">responsabilidad social<\/strong> al donar <strong data-start=\"187\" data-end=\"211\">tazas personalizadas<\/strong> a la Asociaci\u00f3n <strong data-start=\"228\" data-end=\"248\">Terra dos Sonhos<\/strong>, una organizaci\u00f3n portuguesa <strong data-start=\"278\" data-end=\"300\">sin \u00e1nimo de lucro<\/strong> que promueve el <strong data-start=\"317\" data-end=\"330\">bienestar<\/strong> de <strong data-start=\"334\" data-end=\"343\">ni\u00f1os<\/strong>, <strong data-start=\"345\" data-end=\"356\">j\u00f3venes<\/strong> y <strong data-start=\"359\" data-end=\"370\">adultos<\/strong> en situaci\u00f3n de <strong data-start=\"387\" data-end=\"405\">vulnerabilidad<\/strong>.<\/p>\n<p data-start=\"91\" data-end=\"2187\">\nEsta <strong data-start=\"414\" data-end=\"438\">iniciativa solidaria<\/strong> se enmarca dentro de la estrategia de <strong data-start=\"477\" data-end=\"495\">sostenibilidad<\/strong> y <strong data-start=\"498\" data-end=\"524\">ciudadan\u00eda corporativa<\/strong> de Costa Verde, que viene desarrollando <strong data-start=\"565\" data-end=\"578\">proyectos<\/strong> y <strong data-start=\"581\" data-end=\"593\">acciones<\/strong> con un <strong data-start=\"601\" data-end=\"621\">impacto positivo<\/strong> en la sociedad. Creemos que el verdadero <strong data-start=\"663\" data-end=\"672\">\u00e9xito<\/strong> de una empresa tambi\u00e9n se mide por su capacidad para <strong data-start=\"726\" data-end=\"736\">cuidar<\/strong>, <strong data-start=\"738\" data-end=\"748\">apoyar<\/strong> y <strong data-start=\"751\" data-end=\"766\">transformar<\/strong> comunidades.<\/p><p data-start=\"91\" data-end=\"2187\"><br data-start=\"779\" data-end=\"782\">La apuesta por la responsabilidad social es el resultado de un conjunto de preocupaciones de Costa Verde, tanto a nivel <strong data-start=\"902\" data-end=\"915\">ambiental<\/strong> como <strong data-start=\"921\" data-end=\"931\">social<\/strong>, que afectan directa o indirectamente la vida cotidiana de las personas. La empresa est\u00e1 <strong data-start=\"1021\" data-end=\"1036\">certificada<\/strong> por la norma internacional <strong data-start=\"1064\" data-end=\"1075\">SA 8000<\/strong> \u2013 <strong data-start=\"1078\" data-end=\"1104\">Responsabilidad Social<\/strong>, que reconoce <strong data-start=\"1119\" data-end=\"1149\">pr\u00e1cticas laborales \u00e9ticas<\/strong>, <strong data-start=\"1151\" data-end=\"1171\">derechos humanos<\/strong> y <strong data-start=\"1174\" data-end=\"1207\">condiciones de trabajo justas<\/strong>.<\/p>\n<p data-start=\"91\" data-end=\"2187\"><br data-start=\"1208\" data-end=\"1211\">Desde 2015, Costa Verde tambi\u00e9n es <strong data-start=\"1246\" data-end=\"1260\">signataria<\/strong> de los principios del <strong data-start=\"1283\" data-end=\"1300\">Pacto Mundial<\/strong> de las <strong data-start=\"1308\" data-end=\"1327\">Naciones Unidas<\/strong>, comprometi\u00e9ndose con <strong data-start=\"1350\" data-end=\"1375\">valores fundamentales<\/strong> en las \u00e1reas de <strong data-start=\"1392\" data-end=\"1412\">derechos humanos<\/strong>, <strong data-start=\"1414\" data-end=\"1425\">trabajo<\/strong>, <strong data-start=\"1427\" data-end=\"1445\">medio ambiente<\/strong> y <strong data-start=\"1448\" data-end=\"1478\">lucha contra la corrupci\u00f3n<\/strong>. En l\u00ednea con los conceptos de <strong data-start=\"1510\" data-end=\"1528\">Econom\u00eda Verde<\/strong>, la elaboraci\u00f3n de <strong data-start=\"1548\" data-end=\"1575\">informes no financieros<\/strong> y los <strong data-start=\"1582\" data-end=\"1626\">Objetivos de Desarrollo Sostenible (ODS)<\/strong>, la empresa forma parte de la <strong data-start=\"1657\" data-end=\"1672\">Alianza ODS<\/strong> en Portugal.<\/p><p data-start=\"91\" data-end=\"2187\"><br data-start=\"1685\" data-end=\"1688\">Reconocida por sus valores de <strong data-start=\"1718\" data-end=\"1729\">respeto<\/strong>, <strong data-start=\"1731\" data-end=\"1749\">medio ambiente<\/strong>, <strong data-start=\"1751\" data-end=\"1773\">esp\u00edritu de equipo<\/strong>, <strong data-start=\"1775\" data-end=\"1787\">gratitud<\/strong>, <strong data-start=\"1789\" data-end=\"1801\">justicia<\/strong> y <strong data-start=\"1804\" data-end=\"1818\">honestidad<\/strong>, Costa Verde ha desarrollado diversos <strong data-start=\"1857\" data-end=\"1879\">proyectos sociales<\/strong>, como <strong data-start=\"1886\" data-end=\"1911\">Costa Verde Solidaria<\/strong>, el proyecto de <strong data-start=\"1928\" data-end=\"1953\">Riesgos Psicosociales<\/strong> y la implementaci\u00f3n de un <strong data-start=\"1980\" data-end=\"2022\">Sistema de Gesti\u00f3n del Desempe\u00f1o (SGD)<\/strong>.<br data-start=\"2023\" data-end=\"2026\">Con esta <strong data-start=\"2035\" data-end=\"2047\">donaci\u00f3n<\/strong> a la Asociaci\u00f3n Terra dos Sonhos, Costa Verde refuerza su <strong data-start=\"2106\" data-end=\"2116\">misi\u00f3n<\/strong> de contribuir a un mundo m\u00e1s <strong data-start=\"2146\" data-end=\"2155\">justo<\/strong>, <strong data-start=\"2157\" data-end=\"2167\">humano<\/strong> y <strong data-start=\"2170\" data-end=\"2184\">sostenible<\/strong>.<\/p>\t\t\t\t\t\t\t\t<\/div>\n\t\t\t\t<\/div>\n\t\t\t\t\t<\/div>\n\t\t<\/div>\n\t\t\t\t\t<\/div>\n\t\t<\/section>\n\t\t\t\t<\/div>\n\t\t","protected":false},"excerpt":{"rendered":"<p>Costa Verde\u00a0ha reforzado recientemente su compromiso con la responsabilidad social al donar tazas personalizadas a la Asociaci\u00f3n Terra dos Sonhos, una organizaci\u00f3n portuguesa sin \u00e1nimo de lucro que promueve el bienestar de ni\u00f1os, j\u00f3venes y adultos en situaci\u00f3n de vulnerabilidad. Esta iniciativa solidaria se enmarca dentro de la estrategia de sostenibilidad y ciudadan\u00eda corporativa de [&hellip;]<\/p>\n","protected":false},"author":649,"featured_media":65593,"parent":0,"menu_order":0,"comment_status":"open","ping_status":"closed","template":"","meta":{"footnotes":""},"class_list":["post-65585","page","type-page","status-publish","has-post-thumbnail","hentry"],"yoast_head":"<!-- This site is optimized with the Yoast SEO plugin v26.9 - https:\/\/yoast.com\/product\/yoast-seo-wordpress\/ -->\n<title>Costa Verde apoya a la Asociaci\u00f3n Terra dos Sonhos con una donaci\u00f3n solidaria - Costa Verde<\/title>\n<meta name=\"description\" content=\"Costa Verde ha reforzado recientemente su compromiso con la responsabilidad social al donar tazas personalizadas a la Asociaci\u00f3n Terra dos Sonhos.\" \/>\n<meta name=\"robots\" content=\"index, follow, max-snippet:-1, max-image-preview:large, max-video-preview:-1\" \/>\n<link rel=\"canonical\" href=\"https:\/\/pro.costa-verde.com\/costa-verde-apoia-a-associacao-terra-dos-sonhos-com-doacao-solidaria\/\" \/>\n<meta property=\"og:locale\" content=\"es_ES\" \/>\n<meta property=\"og:type\" content=\"article\" \/>\n<meta property=\"og:title\" content=\"Costa Verde apoya a la Asociaci\u00f3n Terra dos Sonhos con una donaci\u00f3n solidaria - Costa Verde\" \/>\n<meta property=\"og:description\" content=\"Costa Verde ha reforzado recientemente su compromiso con la responsabilidad social al donar tazas personalizadas a la Asociaci\u00f3n Terra dos Sonhos.\" \/>\n<meta property=\"og:url\" content=\"https:\/\/pro.costa-verde.com\/costa-verde-apoia-a-associacao-terra-dos-sonhos-com-doacao-solidaria\/\" \/>\n<meta property=\"og:site_name\" content=\"Costa Verde\" \/>\n<meta property=\"article:publisher\" content=\"https:\/\/www.facebook.com\/costaverdeporcelanas\/\" \/>\n<meta property=\"article:modified_time\" content=\"2025-05-05T11:03:11+00:00\" \/>\n<meta property=\"og:image\" content=\"https:\/\/pro.costa-verde.com\/wp-content\/uploads\/2025\/04\/IMG_3408.jpg\" \/>\n\t<meta property=\"og:image:width\" content=\"1920\" \/>\n\t<meta property=\"og:image:height\" content=\"1440\" \/>\n\t<meta property=\"og:image:type\" content=\"image\/jpeg\" \/>\n<meta name=\"twitter:card\" content=\"summary_large_image\" \/>\n<meta name=\"twitter:label1\" content=\"Tiempo de lectura\" \/>\n\t<meta name=\"twitter:data1\" content=\"2 minutos\" \/>\n<script type=\"application\/ld+json\" class=\"yoast-schema-graph\">{\"@context\":\"https:\/\/schema.org\",\"@graph\":[{\"@type\":\"WebPage\",\"@id\":\"https:\/\/pro.costa-verde.com\/costa-verde-apoia-a-associacao-terra-dos-sonhos-com-doacao-solidaria\/\",\"url\":\"https:\/\/pro.costa-verde.com\/costa-verde-apoia-a-associacao-terra-dos-sonhos-com-doacao-solidaria\/\",\"name\":\"Costa Verde apoya a la Asociaci\u00f3n Terra dos Sonhos con una donaci\u00f3n solidaria - Costa Verde\",\"isPartOf\":{\"@id\":\"https:\/\/pro.costa-verde.com\/#website\"},\"primaryImageOfPage\":{\"@id\":\"https:\/\/pro.costa-verde.com\/costa-verde-apoia-a-associacao-terra-dos-sonhos-com-doacao-solidaria\/#primaryimage\"},\"image\":{\"@id\":\"https:\/\/pro.costa-verde.com\/costa-verde-apoia-a-associacao-terra-dos-sonhos-com-doacao-solidaria\/#primaryimage\"},\"thumbnailUrl\":\"https:\/\/pro.costa-verde.com\/wp-content\/uploads\/2025\/04\/IMG_3408.jpg\",\"datePublished\":\"2025-04-24T09:53:22+00:00\",\"dateModified\":\"2025-05-05T11:03:11+00:00\",\"description\":\"Costa Verde ha reforzado recientemente su compromiso con la responsabilidad social al donar tazas personalizadas a la Asociaci\u00f3n Terra dos Sonhos.\",\"breadcrumb\":{\"@id\":\"https:\/\/pro.costa-verde.com\/costa-verde-apoia-a-associacao-terra-dos-sonhos-com-doacao-solidaria\/#breadcrumb\"},\"inLanguage\":\"es\",\"potentialAction\":[{\"@type\":\"ReadAction\",\"target\":[\"https:\/\/pro.costa-verde.com\/costa-verde-apoia-a-associacao-terra-dos-sonhos-com-doacao-solidaria\/\"]}]},{\"@type\":\"ImageObject\",\"inLanguage\":\"es\",\"@id\":\"https:\/\/pro.costa-verde.com\/costa-verde-apoia-a-associacao-terra-dos-sonhos-com-doacao-solidaria\/#primaryimage\",\"url\":\"https:\/\/pro.costa-verde.com\/wp-content\/uploads\/2025\/04\/IMG_3408.jpg\",\"contentUrl\":\"https:\/\/pro.costa-verde.com\/wp-content\/uploads\/2025\/04\/IMG_3408.jpg\",\"width\":1920,\"height\":1440},{\"@type\":\"BreadcrumbList\",\"@id\":\"https:\/\/pro.costa-verde.com\/costa-verde-apoia-a-associacao-terra-dos-sonhos-com-doacao-solidaria\/#breadcrumb\",\"itemListElement\":[{\"@type\":\"ListItem\",\"position\":1,\"name\":\"In\u00edcio\",\"item\":\"https:\/\/pro.costa-verde.com\/es\/\"},{\"@type\":\"ListItem\",\"position\":2,\"name\":\"Costa Verde apoya a la Asociaci\u00f3n Terra dos Sonhos con una donaci\u00f3n solidaria\"}]},{\"@type\":\"WebSite\",\"@id\":\"https:\/\/pro.costa-verde.com\/#website\",\"url\":\"https:\/\/pro.costa-verde.com\/\",\"name\":\"Costa Verde\",\"description\":\"Loja Online\",\"potentialAction\":[{\"@type\":\"SearchAction\",\"target\":{\"@type\":\"EntryPoint\",\"urlTemplate\":\"https:\/\/pro.costa-verde.com\/?s={search_term_string}\"},\"query-input\":{\"@type\":\"PropertyValueSpecification\",\"valueRequired\":true,\"valueName\":\"search_term_string\"}}],\"inLanguage\":\"es\"}]}<\/script>\n<!-- \/ Yoast SEO plugin. -->","yoast_head_json":{"title":"Costa Verde apoya a la Asociaci\u00f3n Terra dos Sonhos con una donaci\u00f3n solidaria - Costa Verde","description":"Costa Verde ha reforzado recientemente su compromiso con la responsabilidad social al donar tazas personalizadas a la Asociaci\u00f3n Terra dos Sonhos.","robots":{"index":"index","follow":"follow","max-snippet":"max-snippet:-1","max-image-preview":"max-image-preview:large","max-video-preview":"max-video-preview:-1"},"canonical":"https:\/\/pro.costa-verde.com\/costa-verde-apoia-a-associacao-terra-dos-sonhos-com-doacao-solidaria\/","og_locale":"es_ES","og_type":"article","og_title":"Costa Verde apoya a la Asociaci\u00f3n Terra dos Sonhos con una donaci\u00f3n solidaria - Costa Verde","og_description":"Costa Verde ha reforzado recientemente su compromiso con la responsabilidad social al donar tazas personalizadas a la Asociaci\u00f3n Terra dos Sonhos.","og_url":"https:\/\/pro.costa-verde.com\/costa-verde-apoia-a-associacao-terra-dos-sonhos-com-doacao-solidaria\/","og_site_name":"Costa Verde","article_publisher":"https:\/\/www.facebook.com\/costaverdeporcelanas\/","article_modified_time":"2025-05-05T11:03:11+00:00","og_image":[{"width":1920,"height":1440,"url":"https:\/\/pro.costa-verde.com\/wp-content\/uploads\/2025\/04\/IMG_3408.jpg","type":"image\/jpeg"}],"twitter_card":"summary_large_image","twitter_misc":{"Tiempo de lectura":"2 minutos"},"schema":{"@context":"https:\/\/schema.org","@graph":[{"@type":"WebPage","@id":"https:\/\/pro.costa-verde.com\/costa-verde-apoia-a-associacao-terra-dos-sonhos-com-doacao-solidaria\/","url":"https:\/\/pro.costa-verde.com\/costa-verde-apoia-a-associacao-terra-dos-sonhos-com-doacao-solidaria\/","name":"Costa Verde apoya a la Asociaci\u00f3n Terra dos Sonhos con una donaci\u00f3n solidaria - Costa Verde","isPartOf":{"@id":"https:\/\/pro.costa-verde.com\/#website"},"primaryImageOfPage":{"@id":"https:\/\/pro.costa-verde.com\/costa-verde-apoia-a-associacao-terra-dos-sonhos-com-doacao-solidaria\/#primaryimage"},"image":{"@id":"https:\/\/pro.costa-verde.com\/costa-verde-apoia-a-associacao-terra-dos-sonhos-com-doacao-solidaria\/#primaryimage"},"thumbnailUrl":"https:\/\/pro.costa-verde.com\/wp-content\/uploads\/2025\/04\/IMG_3408.jpg","datePublished":"2025-04-24T09:53:22+00:00","dateModified":"2025-05-05T11:03:11+00:00","description":"Costa Verde ha reforzado recientemente su compromiso con la responsabilidad social al donar tazas personalizadas a la Asociaci\u00f3n Terra dos Sonhos.","breadcrumb":{"@id":"https:\/\/pro.costa-verde.com\/costa-verde-apoia-a-associacao-terra-dos-sonhos-com-doacao-solidaria\/#breadcrumb"},"inLanguage":"es","potentialAction":[{"@type":"ReadAction","target":["https:\/\/pro.costa-verde.com\/costa-verde-apoia-a-associacao-terra-dos-sonhos-com-doacao-solidaria\/"]}]},{"@type":"ImageObject","inLanguage":"es","@id":"https:\/\/pro.costa-verde.com\/costa-verde-apoia-a-associacao-terra-dos-sonhos-com-doacao-solidaria\/#primaryimage","url":"https:\/\/pro.costa-verde.com\/wp-content\/uploads\/2025\/04\/IMG_3408.jpg","contentUrl":"https:\/\/pro.costa-verde.com\/wp-content\/uploads\/2025\/04\/IMG_3408.jpg","width":1920,"height":1440},{"@type":"BreadcrumbList","@id":"https:\/\/pro.costa-verde.com\/costa-verde-apoia-a-associacao-terra-dos-sonhos-com-doacao-solidaria\/#breadcrumb","itemListElement":[{"@type":"ListItem","position":1,"name":"In\u00edcio","item":"https:\/\/pro.costa-verde.com\/es\/"},{"@type":"ListItem","position":2,"name":"Costa Verde apoya a la Asociaci\u00f3n Terra dos Sonhos con una donaci\u00f3n solidaria"}]},{"@type":"WebSite","@id":"https:\/\/pro.costa-verde.com\/#website","url":"https:\/\/pro.costa-verde.com\/","name":"Costa Verde","description":"Loja Online","potentialAction":[{"@type":"SearchAction","target":{"@type":"EntryPoint","urlTemplate":"https:\/\/pro.costa-verde.com\/?s={search_term_string}"},"query-input":{"@type":"PropertyValueSpecification","valueRequired":true,"valueName":"search_term_string"}}],"inLanguage":"es"}]}},"_links":{"self":[{"href":"https:\/\/pro.costa-verde.com\/es\/wp-json\/wp\/v2\/pages\/65585","targetHints":{"allow":["GET"]}}],"collection":[{"href":"https:\/\/pro.costa-verde.com\/es\/wp-json\/wp\/v2\/pages"}],"about":[{"href":"https:\/\/pro.costa-verde.com\/es\/wp-json\/wp\/v2\/types\/page"}],"author":[{"embeddable":true,"href":"https:\/\/pro.costa-verde.com\/es\/wp-json\/wp\/v2\/users\/649"}],"replies":[{"embeddable":true,"href":"https:\/\/pro.costa-verde.com\/es\/wp-json\/wp\/v2\/comments?post=65585"}],"version-history":[{"count":9,"href":"https:\/\/pro.costa-verde.com\/es\/wp-json\/wp\/v2\/pages\/65585\/revisions"}],"predecessor-version":[{"id":65686,"href":"https:\/\/pro.costa-verde.com\/es\/wp-json\/wp\/v2\/pages\/65585\/revisions\/65686"}],"wp:featuredmedia":[{"embeddable":true,"href":"https:\/\/pro.costa-verde.com\/es\/wp-json\/wp\/v2\/media\/65593"}],"wp:attachment":[{"href":"https:\/\/pro.costa-verde.com\/es\/wp-json\/wp\/v2\/media?parent=65585"}],"curies":[{"name":"wp","href":"https:\/\/api.w.org\/{rel}","templated":true}]}}