{"id":65554,"date":"2025-04-24T10:53:55","date_gmt":"2025-04-24T09:53:55","guid":{"rendered":"https:\/\/pro.costa-verde.com\/?page_id=65554"},"modified":"2025-04-24T10:53:55","modified_gmt":"2025-04-24T09:53:55","slug":"la-facultad-de-bellas-artes-de-la-universidad-de-lisboa-visita-costa-verde-para-desarrollar-un-proyecto-curricular","status":"publish","type":"page","link":"https:\/\/pro.costa-verde.com\/es\/la-facultad-de-bellas-artes-de-la-universidad-de-lisboa-visita-costa-verde-para-desarrollar-un-proyecto-curricular\/","title":{"rendered":"La Facultad de Bellas Artes de la Universidad de Lisboa visita Costa Verde para desarrollar un proyecto curricular"},"content":{"rendered":"\t\t<div data-elementor-type=\"wp-page\" data-elementor-id=\"65554\" class=\"elementor elementor-65554 elementor-65552\" data-elementor-post-type=\"page\">\n\t\t\t\t\t\t<section class=\"elementor-section elementor-top-section elementor-element elementor-element-4e696d57 elementor-section-boxed elementor-section-height-default elementor-section-height-default\" data-id=\"4e696d57\" data-element_type=\"section\">\n\t\t\t\t\t\t<div class=\"elementor-container elementor-column-gap-default\">\n\t\t\t\t\t<div class=\"elementor-column elementor-col-100 elementor-top-column elementor-element elementor-element-7149df70\" data-id=\"7149df70\" data-element_type=\"column\">\n\t\t\t<div class=\"elementor-widget-wrap elementor-element-populated\">\n\t\t\t\t\t\t<div class=\"elementor-element elementor-element-3311861 elementor-widget elementor-widget-image\" data-id=\"3311861\" data-element_type=\"widget\" data-widget_type=\"image.default\">\n\t\t\t\t<div class=\"elementor-widget-container\">\n\t\t\t\t\t\t\t\t\t\t\t\t\t\t\t<img fetchpriority=\"high\" decoding=\"async\" width=\"1024\" height=\"768\" src=\"https:\/\/pro.costa-verde.com\/wp-content\/uploads\/2025\/04\/WhatsApp-Image-2025-04-23-at-15.28.41-1024x768.jpeg\" class=\"attachment-large size-large wp-image-65561\" alt=\"\" srcset=\"https:\/\/pro.costa-verde.com\/wp-content\/uploads\/2025\/04\/WhatsApp-Image-2025-04-23-at-15.28.41-1024x768.jpeg 1024w, https:\/\/pro.costa-verde.com\/wp-content\/uploads\/2025\/04\/WhatsApp-Image-2025-04-23-at-15.28.41-300x225.jpeg 300w, https:\/\/pro.costa-verde.com\/wp-content\/uploads\/2025\/04\/WhatsApp-Image-2025-04-23-at-15.28.41-768x576.jpeg 768w, https:\/\/pro.costa-verde.com\/wp-content\/uploads\/2025\/04\/WhatsApp-Image-2025-04-23-at-15.28.41-1536x1152.jpeg 1536w, https:\/\/pro.costa-verde.com\/wp-content\/uploads\/2025\/04\/WhatsApp-Image-2025-04-23-at-15.28.41-600x450.jpeg 600w, https:\/\/pro.costa-verde.com\/wp-content\/uploads\/2025\/04\/WhatsApp-Image-2025-04-23-at-15.28.41-120x90.jpeg 120w, https:\/\/pro.costa-verde.com\/wp-content\/uploads\/2025\/04\/WhatsApp-Image-2025-04-23-at-15.28.41.jpeg 1600w\" sizes=\"(max-width: 1024px) 100vw, 1024px\" \/>\t\t\t\t\t\t\t\t\t\t\t\t\t\t\t<\/div>\n\t\t\t\t<\/div>\n\t\t\t\t<div class=\"elementor-element elementor-element-7843fbcb elementor-widget elementor-widget-text-editor\" data-id=\"7843fbcb\" data-element_type=\"widget\" data-widget_type=\"text-editor.default\">\n\t\t\t\t<div class=\"elementor-widget-container\">\n\t\t\t\t\t\t\t\t\t<p data-start=\"1076\" data-end=\"1502\"><a href=\"https:\/\/pro.costa-verde.com\/es\/?_gl=1%2Al3h139%2A_ga%2AMTg5OTI4OTExMi4xNzQzNTAzNDk1%2A_up%2AMQ..\"><strong>Costa Verde<\/strong><\/a>\u00a0tuvo el placer de recibir a <strong data-start=\"142\" data-end=\"262\">cerca de 50 estudiantes del tercer a\u00f1o de la licenciatura de la\u00a0<\/strong><a href=\"https:\/\/www.belasartes.ulisboa.pt\/\" target=\"_blank\" rel=\"noopener\">Facultad de Bellas Artes de la Universidad de Lisboa<\/a>, en una visita que <strong data-start=\"282\" data-end=\"355\">refuerza la conexi\u00f3n entre el sector industrial y el \u00e1mbito acad\u00e9mico<\/strong>.<\/p><p data-start=\"358\" data-end=\"686\">El principal objetivo de la visita fue <strong data-start=\"397\" data-end=\"488\">ofrecer a los estudiantes un contacto directo con el proceso productivo de la porcelana<\/strong>, en el marco de un <strong data-start=\"508\" data-end=\"607\">proyecto curricular centrado en el desarrollo de una colecci\u00f3n inspirada en el Sudeste Asi\u00e1tico<\/strong>, una regi\u00f3n caracterizada por sus <strong data-start=\"642\" data-end=\"685\">altos est\u00e1ndares est\u00e9ticos y culturales<\/strong>.<\/p><p data-start=\"688\" data-end=\"1127\">Durante la visita, los estudiantes tuvieron la oportunidad de <strong data-start=\"750\" data-end=\"844\">conocer, en detalle, las distintas etapas de producci\u00f3n en la unidad fabril de Costa Verde<\/strong>, desde el <strong data-start=\"855\" data-end=\"922\">dise\u00f1o y la modelaci\u00f3n hasta la cocci\u00f3n y el control de calidad<\/strong>. La iniciativa tambi\u00e9n permiti\u00f3 <strong data-start=\"955\" data-end=\"1015\">compartir conocimientos sobre las tendencias del mercado<\/strong>, la <strong data-start=\"1020\" data-end=\"1065\">importancia de la innovaci\u00f3n en el sector<\/strong> y los <strong data-start=\"1072\" data-end=\"1126\">retos de la exportaci\u00f3n a mercados internacionales<\/strong>.<\/p><p data-start=\"1129\" data-end=\"1401\">Este tipo de colaboraci\u00f3n refleja el <strong data-start=\"1166\" data-end=\"1262\">compromiso de Costa Verde con la formaci\u00f3n de nuevas generaciones de creadores y dise\u00f1adores<\/strong>, reforzando su apuesta por proyectos que fomenten la <strong data-start=\"1316\" data-end=\"1330\">innovaci\u00f3n<\/strong>, la <strong data-start=\"1335\" data-end=\"1359\">internacionalizaci\u00f3n<\/strong> y la <strong data-start=\"1365\" data-end=\"1400\">excelencia del dise\u00f1o portugu\u00e9s<\/strong>.<\/p><p data-start=\"1403\" data-end=\"1607\"><strong data-start=\"1403\" data-end=\"1522\">Costa Verde agradece a la Facultad de Bellas Artes de la Universidad de Lisboa su visita y el entusiasmo demostrado<\/strong>, y desea a todos los estudiantes <strong data-start=\"1556\" data-end=\"1606\">mucho \u00e9xito en el desarrollo de sus propuestas<\/strong>.<\/p>\t\t\t\t\t\t\t\t<\/div>\n\t\t\t\t<\/div>\n\t\t\t\t\t<\/div>\n\t\t<\/div>\n\t\t\t\t\t<\/div>\n\t\t<\/section>\n\t\t\t\t<\/div>\n\t\t","protected":false},"excerpt":{"rendered":"<p>Costa Verde\u00a0tuvo el placer de recibir a cerca de 50 estudiantes del tercer a\u00f1o de la licenciatura de la\u00a0Facultad de Bellas Artes de la Universidad de Lisboa, en una visita que refuerza la conexi\u00f3n entre el sector industrial y el \u00e1mbito acad\u00e9mico. El principal objetivo de la visita fue ofrecer a los estudiantes un contacto [&hellip;]<\/p>\n","protected":false},"author":649,"featured_media":65570,"parent":0,"menu_order":0,"comment_status":"open","ping_status":"closed","template":"","meta":{"footnotes":""},"class_list":["post-65554","page","type-page","status-publish","has-post-thumbnail","hentry"],"yoast_head":"<!-- This site is optimized with the Yoast SEO plugin v26.9 - https:\/\/yoast.com\/product\/yoast-seo-wordpress\/ -->\n<title>La Facultad de Bellas Artes de la Universidad de Lisboa visita Costa Verde para desarrollar un proyecto curricular - Costa Verde<\/title>\n<meta name=\"description\" content=\"Costa Verde tuvo el placer de recibir a cerca de 50 estudiantes del tercer a\u00f1o de la licenciatura de la Facultad de Bellas Artes de la Universidad de Lisboa.\" \/>\n<meta name=\"robots\" content=\"index, follow, max-snippet:-1, max-image-preview:large, max-video-preview:-1\" \/>\n<link rel=\"canonical\" href=\"https:\/\/pro.costa-verde.com\/faculdade-de-belas-artes-de-lisboa-visita-a-costa-verde-para-desenvolver-projeto-curricular\/\" \/>\n<meta property=\"og:locale\" content=\"es_ES\" \/>\n<meta property=\"og:type\" content=\"article\" \/>\n<meta property=\"og:title\" content=\"La Facultad de Bellas Artes de la Universidad de Lisboa visita Costa Verde para desarrollar un proyecto curricular - Costa Verde\" \/>\n<meta property=\"og:description\" content=\"Costa Verde tuvo el placer de recibir a cerca de 50 estudiantes del tercer a\u00f1o de la licenciatura de la Facultad de Bellas Artes de la Universidad de Lisboa.\" \/>\n<meta property=\"og:url\" content=\"https:\/\/pro.costa-verde.com\/faculdade-de-belas-artes-de-lisboa-visita-a-costa-verde-para-desenvolver-projeto-curricular\/\" \/>\n<meta property=\"og:site_name\" content=\"Costa Verde\" \/>\n<meta property=\"article:publisher\" content=\"https:\/\/www.facebook.com\/costaverdeporcelanas\/\" \/>\n<meta property=\"og:image\" content=\"https:\/\/pro.costa-verde.com\/wp-content\/uploads\/2025\/04\/WhatsApp-Image-2025-04-23-at-15.28.41-1.jpeg\" \/>\n\t<meta property=\"og:image:width\" content=\"1600\" \/>\n\t<meta property=\"og:image:height\" content=\"1200\" \/>\n\t<meta property=\"og:image:type\" content=\"image\/jpeg\" \/>\n<meta name=\"twitter:card\" content=\"summary_large_image\" \/>\n<meta name=\"twitter:label1\" content=\"Tiempo de lectura\" \/>\n\t<meta name=\"twitter:data1\" content=\"2 minutos\" \/>\n<script type=\"application\/ld+json\" class=\"yoast-schema-graph\">{\"@context\":\"https:\/\/schema.org\",\"@graph\":[{\"@type\":\"WebPage\",\"@id\":\"https:\/\/pro.costa-verde.com\/faculdade-de-belas-artes-de-lisboa-visita-a-costa-verde-para-desenvolver-projeto-curricular\/\",\"url\":\"https:\/\/pro.costa-verde.com\/faculdade-de-belas-artes-de-lisboa-visita-a-costa-verde-para-desenvolver-projeto-curricular\/\",\"name\":\"La Facultad de Bellas Artes de la Universidad de Lisboa visita Costa Verde para desarrollar un proyecto curricular - Costa Verde\",\"isPartOf\":{\"@id\":\"https:\/\/pro.costa-verde.com\/#website\"},\"primaryImageOfPage\":{\"@id\":\"https:\/\/pro.costa-verde.com\/faculdade-de-belas-artes-de-lisboa-visita-a-costa-verde-para-desenvolver-projeto-curricular\/#primaryimage\"},\"image\":{\"@id\":\"https:\/\/pro.costa-verde.com\/faculdade-de-belas-artes-de-lisboa-visita-a-costa-verde-para-desenvolver-projeto-curricular\/#primaryimage\"},\"thumbnailUrl\":\"https:\/\/pro.costa-verde.com\/wp-content\/uploads\/2025\/04\/WhatsApp-Image-2025-04-23-at-15.28.41-1.jpeg\",\"datePublished\":\"2025-04-24T09:53:55+00:00\",\"description\":\"Costa Verde tuvo el placer de recibir a cerca de 50 estudiantes del tercer a\u00f1o de la licenciatura de la Facultad de Bellas Artes de la Universidad de Lisboa.\",\"breadcrumb\":{\"@id\":\"https:\/\/pro.costa-verde.com\/faculdade-de-belas-artes-de-lisboa-visita-a-costa-verde-para-desenvolver-projeto-curricular\/#breadcrumb\"},\"inLanguage\":\"es\",\"potentialAction\":[{\"@type\":\"ReadAction\",\"target\":[\"https:\/\/pro.costa-verde.com\/faculdade-de-belas-artes-de-lisboa-visita-a-costa-verde-para-desenvolver-projeto-curricular\/\"]}]},{\"@type\":\"ImageObject\",\"inLanguage\":\"es\",\"@id\":\"https:\/\/pro.costa-verde.com\/faculdade-de-belas-artes-de-lisboa-visita-a-costa-verde-para-desenvolver-projeto-curricular\/#primaryimage\",\"url\":\"https:\/\/pro.costa-verde.com\/wp-content\/uploads\/2025\/04\/WhatsApp-Image-2025-04-23-at-15.28.41-1.jpeg\",\"contentUrl\":\"https:\/\/pro.costa-verde.com\/wp-content\/uploads\/2025\/04\/WhatsApp-Image-2025-04-23-at-15.28.41-1.jpeg\",\"width\":1600,\"height\":1200},{\"@type\":\"BreadcrumbList\",\"@id\":\"https:\/\/pro.costa-verde.com\/faculdade-de-belas-artes-de-lisboa-visita-a-costa-verde-para-desenvolver-projeto-curricular\/#breadcrumb\",\"itemListElement\":[{\"@type\":\"ListItem\",\"position\":1,\"name\":\"In\u00edcio\",\"item\":\"https:\/\/pro.costa-verde.com\/es\/\"},{\"@type\":\"ListItem\",\"position\":2,\"name\":\"La Facultad de Bellas Artes de la Universidad de Lisboa visita Costa Verde para desarrollar un proyecto curricular\"}]},{\"@type\":\"WebSite\",\"@id\":\"https:\/\/pro.costa-verde.com\/#website\",\"url\":\"https:\/\/pro.costa-verde.com\/\",\"name\":\"Costa Verde\",\"description\":\"Loja Online\",\"potentialAction\":[{\"@type\":\"SearchAction\",\"target\":{\"@type\":\"EntryPoint\",\"urlTemplate\":\"https:\/\/pro.costa-verde.com\/?s={search_term_string}\"},\"query-input\":{\"@type\":\"PropertyValueSpecification\",\"valueRequired\":true,\"valueName\":\"search_term_string\"}}],\"inLanguage\":\"es\"}]}<\/script>\n<!-- \/ Yoast SEO plugin. -->","yoast_head_json":{"title":"La Facultad de Bellas Artes de la Universidad de Lisboa visita Costa Verde para desarrollar un proyecto curricular - Costa Verde","description":"Costa Verde tuvo el placer de recibir a cerca de 50 estudiantes del tercer a\u00f1o de la licenciatura de la Facultad de Bellas Artes de la Universidad de Lisboa.","robots":{"index":"index","follow":"follow","max-snippet":"max-snippet:-1","max-image-preview":"max-image-preview:large","max-video-preview":"max-video-preview:-1"},"canonical":"https:\/\/pro.costa-verde.com\/faculdade-de-belas-artes-de-lisboa-visita-a-costa-verde-para-desenvolver-projeto-curricular\/","og_locale":"es_ES","og_type":"article","og_title":"La Facultad de Bellas Artes de la Universidad de Lisboa visita Costa Verde para desarrollar un proyecto curricular - Costa Verde","og_description":"Costa Verde tuvo el placer de recibir a cerca de 50 estudiantes del tercer a\u00f1o de la licenciatura de la Facultad de Bellas Artes de la Universidad de Lisboa.","og_url":"https:\/\/pro.costa-verde.com\/faculdade-de-belas-artes-de-lisboa-visita-a-costa-verde-para-desenvolver-projeto-curricular\/","og_site_name":"Costa Verde","article_publisher":"https:\/\/www.facebook.com\/costaverdeporcelanas\/","og_image":[{"width":1600,"height":1200,"url":"https:\/\/pro.costa-verde.com\/wp-content\/uploads\/2025\/04\/WhatsApp-Image-2025-04-23-at-15.28.41-1.jpeg","type":"image\/jpeg"}],"twitter_card":"summary_large_image","twitter_misc":{"Tiempo de lectura":"2 minutos"},"schema":{"@context":"https:\/\/schema.org","@graph":[{"@type":"WebPage","@id":"https:\/\/pro.costa-verde.com\/faculdade-de-belas-artes-de-lisboa-visita-a-costa-verde-para-desenvolver-projeto-curricular\/","url":"https:\/\/pro.costa-verde.com\/faculdade-de-belas-artes-de-lisboa-visita-a-costa-verde-para-desenvolver-projeto-curricular\/","name":"La Facultad de Bellas Artes de la Universidad de Lisboa visita Costa Verde para desarrollar un proyecto curricular - Costa Verde","isPartOf":{"@id":"https:\/\/pro.costa-verde.com\/#website"},"primaryImageOfPage":{"@id":"https:\/\/pro.costa-verde.com\/faculdade-de-belas-artes-de-lisboa-visita-a-costa-verde-para-desenvolver-projeto-curricular\/#primaryimage"},"image":{"@id":"https:\/\/pro.costa-verde.com\/faculdade-de-belas-artes-de-lisboa-visita-a-costa-verde-para-desenvolver-projeto-curricular\/#primaryimage"},"thumbnailUrl":"https:\/\/pro.costa-verde.com\/wp-content\/uploads\/2025\/04\/WhatsApp-Image-2025-04-23-at-15.28.41-1.jpeg","datePublished":"2025-04-24T09:53:55+00:00","description":"Costa Verde tuvo el placer de recibir a cerca de 50 estudiantes del tercer a\u00f1o de la licenciatura de la Facultad de Bellas Artes de la Universidad de Lisboa.","breadcrumb":{"@id":"https:\/\/pro.costa-verde.com\/faculdade-de-belas-artes-de-lisboa-visita-a-costa-verde-para-desenvolver-projeto-curricular\/#breadcrumb"},"inLanguage":"es","potentialAction":[{"@type":"ReadAction","target":["https:\/\/pro.costa-verde.com\/faculdade-de-belas-artes-de-lisboa-visita-a-costa-verde-para-desenvolver-projeto-curricular\/"]}]},{"@type":"ImageObject","inLanguage":"es","@id":"https:\/\/pro.costa-verde.com\/faculdade-de-belas-artes-de-lisboa-visita-a-costa-verde-para-desenvolver-projeto-curricular\/#primaryimage","url":"https:\/\/pro.costa-verde.com\/wp-content\/uploads\/2025\/04\/WhatsApp-Image-2025-04-23-at-15.28.41-1.jpeg","contentUrl":"https:\/\/pro.costa-verde.com\/wp-content\/uploads\/2025\/04\/WhatsApp-Image-2025-04-23-at-15.28.41-1.jpeg","width":1600,"height":1200},{"@type":"BreadcrumbList","@id":"https:\/\/pro.costa-verde.com\/faculdade-de-belas-artes-de-lisboa-visita-a-costa-verde-para-desenvolver-projeto-curricular\/#breadcrumb","itemListElement":[{"@type":"ListItem","position":1,"name":"In\u00edcio","item":"https:\/\/pro.costa-verde.com\/es\/"},{"@type":"ListItem","position":2,"name":"La Facultad de Bellas Artes de la Universidad de Lisboa visita Costa Verde para desarrollar un proyecto curricular"}]},{"@type":"WebSite","@id":"https:\/\/pro.costa-verde.com\/#website","url":"https:\/\/pro.costa-verde.com\/","name":"Costa Verde","description":"Loja Online","potentialAction":[{"@type":"SearchAction","target":{"@type":"EntryPoint","urlTemplate":"https:\/\/pro.costa-verde.com\/?s={search_term_string}"},"query-input":{"@type":"PropertyValueSpecification","valueRequired":true,"valueName":"search_term_string"}}],"inLanguage":"es"}]}},"_links":{"self":[{"href":"https:\/\/pro.costa-verde.com\/es\/wp-json\/wp\/v2\/pages\/65554","targetHints":{"allow":["GET"]}}],"collection":[{"href":"https:\/\/pro.costa-verde.com\/es\/wp-json\/wp\/v2\/pages"}],"about":[{"href":"https:\/\/pro.costa-verde.com\/es\/wp-json\/wp\/v2\/types\/page"}],"author":[{"embeddable":true,"href":"https:\/\/pro.costa-verde.com\/es\/wp-json\/wp\/v2\/users\/649"}],"replies":[{"embeddable":true,"href":"https:\/\/pro.costa-verde.com\/es\/wp-json\/wp\/v2\/comments?post=65554"}],"version-history":[{"count":5,"href":"https:\/\/pro.costa-verde.com\/es\/wp-json\/wp\/v2\/pages\/65554\/revisions"}],"predecessor-version":[{"id":65582,"href":"https:\/\/pro.costa-verde.com\/es\/wp-json\/wp\/v2\/pages\/65554\/revisions\/65582"}],"wp:featuredmedia":[{"embeddable":true,"href":"https:\/\/pro.costa-verde.com\/es\/wp-json\/wp\/v2\/media\/65570"}],"wp:attachment":[{"href":"https:\/\/pro.costa-verde.com\/es\/wp-json\/wp\/v2\/media?parent=65554"}],"curies":[{"name":"wp","href":"https:\/\/api.w.org\/{rel}","templated":true}]}}