{"id":64127,"date":"2025-04-14T16:01:46","date_gmt":"2025-04-14T15:01:46","guid":{"rendered":"https:\/\/pro.costa-verde.com\/?page_id=64127"},"modified":"2025-04-16T11:33:25","modified_gmt":"2025-04-16T10:33:25","slug":"costa-verde-presente-en-las-celebraciones-del-25-o-aniversario-de-la-un-global-compact","status":"publish","type":"page","link":"https:\/\/pro.costa-verde.com\/es\/costa-verde-presente-en-las-celebraciones-del-25-o-aniversario-de-la-un-global-compact\/","title":{"rendered":"Costa Verde presente en las celebraciones del 25.\u00ba aniversario de la UN Global Compact"},"content":{"rendered":"\t\t<div data-elementor-type=\"wp-page\" data-elementor-id=\"64127\" class=\"elementor elementor-64127 elementor-64041\" data-elementor-post-type=\"page\">\n\t\t\t\t\t\t<section class=\"elementor-section elementor-top-section elementor-element elementor-element-4e696d57 elementor-section-boxed elementor-section-height-default elementor-section-height-default\" data-id=\"4e696d57\" data-element_type=\"section\">\n\t\t\t\t\t\t<div class=\"elementor-container elementor-column-gap-default\">\n\t\t\t\t\t<div class=\"elementor-column elementor-col-100 elementor-top-column elementor-element elementor-element-7149df70\" data-id=\"7149df70\" data-element_type=\"column\">\n\t\t\t<div class=\"elementor-widget-wrap elementor-element-populated\">\n\t\t\t\t\t\t<div class=\"elementor-element elementor-element-3311861 elementor-widget elementor-widget-image\" data-id=\"3311861\" data-element_type=\"widget\" data-widget_type=\"image.default\">\n\t\t\t\t<div class=\"elementor-widget-container\">\n\t\t\t\t\t\t\t\t\t\t\t\t\t\t\t<img decoding=\"async\" src=\"https:\/\/pro.costa-verde.com\/wp-content\/uploads\/2025\/04\/Template-Article-Site-Web.jpg\" title=\"Template-Article-Site-Web\" alt=\"Template-Article-Site-Web\" loading=\"lazy\" \/>\t\t\t\t\t\t\t\t\t\t\t\t\t\t\t<\/div>\n\t\t\t\t<\/div>\n\t\t\t\t<div class=\"elementor-element elementor-element-7843fbcb elementor-widget elementor-widget-text-editor\" data-id=\"7843fbcb\" data-element_type=\"widget\" data-widget_type=\"text-editor.default\">\n\t\t\t\t<div class=\"elementor-widget-container\">\n\t\t\t\t\t\t\t\t\t<p data-start=\"119\" data-end=\"357\"><a href=\"https:\/\/pro.costa-verde.com\/\" target=\"_blank\" rel=\"noopener\">Costa Verde<\/a>, miembro activo de la&nbsp;<a href=\"https:\/\/unglobalcompact.org\/\" target=\"_blank\">UN Global Compact<\/a>, estuvo presente en las celebraciones del <strong data-start=\"98\" data-end=\"118\">25.\u00ba aniversario<\/strong> de esta iniciativa global, reafirmando su compromiso con la <strong data-start=\"179\" data-end=\"197\">sostenibilidad<\/strong> y la <strong data-start=\"203\" data-end=\"234\">responsabilidad corporativa<\/strong>.<\/p>\n<p>El <strong data-start=\"241\" data-end=\"274\">United Nations Global Compact<\/strong> es una iniciativa especial del Secretario General de las Naciones Unidas dedicada a la <strong data-start=\"362\" data-end=\"380\">sostenibilidad<\/strong>, lanzada en 2000 por <strong data-start=\"402\" data-end=\"416\">Kofi Annan<\/strong>. Creada mediante una resoluci\u00f3n de la Asamblea General de la ONU, se basa en <strong data-start=\"494\" data-end=\"527\">Diez Principios fundamentales<\/strong> en las \u00e1reas de <strong data-start=\"544\" data-end=\"564\">derechos humanos<\/strong>, <strong data-start=\"566\" data-end=\"589\">pr\u00e1cticas laborales<\/strong>, <strong data-start=\"591\" data-end=\"615\">protecci\u00f3n ambiental<\/strong> y <strong data-start=\"618\" data-end=\"636\">anticorrupci\u00f3n<\/strong>, promoviendo su integraci\u00f3n en la estrategia y las operaciones de las empresas.<\/p>\n<p>En este evento, la <strong data-start=\"738\" data-end=\"759\">UN Global Compact<\/strong> renov\u00f3 el compromiso de las empresas participantes con los <strong data-start=\"819\" data-end=\"838\">Diez Principios<\/strong> y con los <strong data-start=\"849\" data-end=\"893\">Objetivos de Desarrollo Sostenible (ODS)<\/strong>. La programaci\u00f3n incluy\u00f3 sesiones sobre temas clave de actualidad, como el <strong data-start=\"969\" data-end=\"993\">Pacto para el Futuro<\/strong>, el <strong data-start=\"998\" data-end=\"1024\">Global Digital Compact<\/strong>, el impacto de la <strong data-start=\"1043\" data-end=\"1066\">legislaci\u00f3n europea<\/strong>, la <strong data-start=\"1071\" data-end=\"1102\">sostenibilidad en las PYMEs<\/strong>, la <strong data-start=\"1107\" data-end=\"1127\">acci\u00f3n clim\u00e1tica<\/strong> y la <strong data-start=\"1133\" data-end=\"1156\">resiliencia h\u00eddrica<\/strong>, la <strong data-start=\"1161\" data-end=\"1190\">protecci\u00f3n de los oc\u00e9anos<\/strong>, entre otros desaf\u00edos globales, con m\u00faltiples intervenciones de <strong data-start=\"1255\" data-end=\"1296\">expertos nacionales e internacionales<\/strong>, debates, pitches, talleres y momentos de intercambio de conocimientos.<\/p>\n<p><strong data-start=\"1374\" data-end=\"1400\">Leonor Tavares<\/strong>, Gerente del <strong data-start=\"1414\" data-end=\"1447\">Costa Verde Integrated System<\/strong>, represent\u00f3 a la empresa y tuvo el honor de entregar la <strong data-start=\"1504\" data-end=\"1539\">Declaration of Commitment (DoC)<\/strong> a las organizaciones participantes, reforzando la importancia de adherirse a estos principios.<\/p>\n<p>Como miembro de la <strong data-start=\"1656\" data-end=\"1677\">UN Global Compact<\/strong> e integrante de su junta, <strong data-start=\"1704\" data-end=\"1719\">Costa Verde<\/strong> contin\u00faa desempe\u00f1ando un papel activo en la promoci\u00f3n de <strong data-start=\"1777\" data-end=\"1816\">pr\u00e1cticas empresariales sostenibles<\/strong>, alineadas con los desaf\u00edos globales del <strong data-start=\"1858\" data-end=\"1883\">desarrollo sostenible<\/strong>.<\/p>\t\t\t\t\t\t\t\t<\/div>\n\t\t\t\t<\/div>\n\t\t\t\t\t<\/div>\n\t\t<\/div>\n\t\t\t\t\t<\/div>\n\t\t<\/section>\n\t\t\t\t<section class=\"elementor-section elementor-top-section elementor-element elementor-element-fd7e509 elementor-section-boxed elementor-section-height-default elementor-section-height-default\" data-id=\"fd7e509\" data-element_type=\"section\">\n\t\t\t\t\t\t<div class=\"elementor-container elementor-column-gap-default\">\n\t\t\t\t\t<div class=\"elementor-column elementor-col-100 elementor-top-column elementor-element elementor-element-d7e7146\" data-id=\"d7e7146\" data-element_type=\"column\">\n\t\t\t<div class=\"elementor-widget-wrap\">\n\t\t\t\t\t\t\t<\/div>\n\t\t<\/div>\n\t\t\t\t\t<\/div>\n\t\t<\/section>\n\t\t\t\t<\/div>\n\t\t","protected":false},"excerpt":{"rendered":"<p>Costa Verde, miembro activo de la&nbsp;UN Global Compact, estuvo presente en las celebraciones del 25.\u00ba aniversario de esta iniciativa global, reafirmando su compromiso con la sostenibilidad y la responsabilidad corporativa. El United Nations Global Compact es una iniciativa especial del Secretario General de las Naciones Unidas dedicada a la sostenibilidad, lanzada en 2000 por Kofi [&hellip;]<\/p>\n","protected":false},"author":649,"featured_media":64054,"parent":0,"menu_order":0,"comment_status":"open","ping_status":"closed","template":"","meta":{"footnotes":""},"class_list":["post-64127","page","type-page","status-publish","has-post-thumbnail","hentry"],"yoast_head":"<!-- This site is optimized with the Yoast SEO plugin v26.9 - https:\/\/yoast.com\/product\/yoast-seo-wordpress\/ -->\n<title>Costa Verde presente en las celebraciones del 25.\u00ba aniversario de la UN Global Compact - Costa Verde<\/title>\n<meta name=\"description\" content=\"Costa Verde, miembro activo de la UN Global Compact, estuvo presente en las celebraciones del 25.\u00ba aniversario de esta iniciativa global.\" \/>\n<meta name=\"robots\" content=\"index, follow, max-snippet:-1, max-image-preview:large, max-video-preview:-1\" \/>\n<link rel=\"canonical\" href=\"https:\/\/pro.costa-verde.com\/costa-verde-nas-celebracoes-do-25-o-aniversario-da-un-global-compact\/\" \/>\n<meta property=\"og:locale\" content=\"es_ES\" \/>\n<meta property=\"og:type\" content=\"article\" \/>\n<meta property=\"og:title\" content=\"Costa Verde presente en las celebraciones del 25.\u00ba aniversario de la UN Global Compact - Costa Verde\" \/>\n<meta property=\"og:description\" content=\"Costa Verde, miembro activo de la UN Global Compact, estuvo presente en las celebraciones del 25.\u00ba aniversario de esta iniciativa global.\" \/>\n<meta property=\"og:url\" content=\"https:\/\/pro.costa-verde.com\/costa-verde-nas-celebracoes-do-25-o-aniversario-da-un-global-compact\/\" \/>\n<meta property=\"og:site_name\" content=\"Costa Verde\" \/>\n<meta property=\"article:publisher\" content=\"https:\/\/www.facebook.com\/costaverdeporcelanas\/\" \/>\n<meta property=\"article:modified_time\" content=\"2025-04-16T10:33:25+00:00\" \/>\n<meta property=\"og:image\" content=\"https:\/\/pro.costa-verde.com\/wp-content\/uploads\/2025\/04\/Template-Article-Site-Web.jpg\" \/>\n\t<meta property=\"og:image:width\" content=\"1220\" \/>\n\t<meta property=\"og:image:height\" content=\"578\" \/>\n\t<meta property=\"og:image:type\" content=\"image\/jpeg\" \/>\n<meta name=\"twitter:card\" content=\"summary_large_image\" \/>\n<meta name=\"twitter:label1\" content=\"Tiempo de lectura\" \/>\n\t<meta name=\"twitter:data1\" content=\"2 minutos\" \/>\n<script type=\"application\/ld+json\" class=\"yoast-schema-graph\">{\"@context\":\"https:\/\/schema.org\",\"@graph\":[{\"@type\":\"WebPage\",\"@id\":\"https:\/\/pro.costa-verde.com\/costa-verde-nas-celebracoes-do-25-o-aniversario-da-un-global-compact\/\",\"url\":\"https:\/\/pro.costa-verde.com\/costa-verde-nas-celebracoes-do-25-o-aniversario-da-un-global-compact\/\",\"name\":\"Costa Verde presente en las celebraciones del 25.\u00ba aniversario de la UN Global Compact - Costa Verde\",\"isPartOf\":{\"@id\":\"https:\/\/pro.costa-verde.com\/#website\"},\"primaryImageOfPage\":{\"@id\":\"https:\/\/pro.costa-verde.com\/costa-verde-nas-celebracoes-do-25-o-aniversario-da-un-global-compact\/#primaryimage\"},\"image\":{\"@id\":\"https:\/\/pro.costa-verde.com\/costa-verde-nas-celebracoes-do-25-o-aniversario-da-un-global-compact\/#primaryimage\"},\"thumbnailUrl\":\"https:\/\/pro.costa-verde.com\/wp-content\/uploads\/2025\/04\/Template-Article-Site-Web.jpg\",\"datePublished\":\"2025-04-14T15:01:46+00:00\",\"dateModified\":\"2025-04-16T10:33:25+00:00\",\"description\":\"Costa Verde, miembro activo de la UN Global Compact, estuvo presente en las celebraciones del 25.\u00ba aniversario de esta iniciativa global.\",\"breadcrumb\":{\"@id\":\"https:\/\/pro.costa-verde.com\/costa-verde-nas-celebracoes-do-25-o-aniversario-da-un-global-compact\/#breadcrumb\"},\"inLanguage\":\"es\",\"potentialAction\":[{\"@type\":\"ReadAction\",\"target\":[\"https:\/\/pro.costa-verde.com\/costa-verde-nas-celebracoes-do-25-o-aniversario-da-un-global-compact\/\"]}]},{\"@type\":\"ImageObject\",\"inLanguage\":\"es\",\"@id\":\"https:\/\/pro.costa-verde.com\/costa-verde-nas-celebracoes-do-25-o-aniversario-da-un-global-compact\/#primaryimage\",\"url\":\"https:\/\/pro.costa-verde.com\/wp-content\/uploads\/2025\/04\/Template-Article-Site-Web.jpg\",\"contentUrl\":\"https:\/\/pro.costa-verde.com\/wp-content\/uploads\/2025\/04\/Template-Article-Site-Web.jpg\",\"width\":1220,\"height\":578},{\"@type\":\"BreadcrumbList\",\"@id\":\"https:\/\/pro.costa-verde.com\/costa-verde-nas-celebracoes-do-25-o-aniversario-da-un-global-compact\/#breadcrumb\",\"itemListElement\":[{\"@type\":\"ListItem\",\"position\":1,\"name\":\"In\u00edcio\",\"item\":\"https:\/\/pro.costa-verde.com\/es\/\"},{\"@type\":\"ListItem\",\"position\":2,\"name\":\"Costa Verde presente en las celebraciones del 25.\u00ba aniversario de la UN Global Compact\"}]},{\"@type\":\"WebSite\",\"@id\":\"https:\/\/pro.costa-verde.com\/#website\",\"url\":\"https:\/\/pro.costa-verde.com\/\",\"name\":\"Costa Verde\",\"description\":\"Loja Online\",\"potentialAction\":[{\"@type\":\"SearchAction\",\"target\":{\"@type\":\"EntryPoint\",\"urlTemplate\":\"https:\/\/pro.costa-verde.com\/?s={search_term_string}\"},\"query-input\":{\"@type\":\"PropertyValueSpecification\",\"valueRequired\":true,\"valueName\":\"search_term_string\"}}],\"inLanguage\":\"es\"}]}<\/script>\n<!-- \/ Yoast SEO plugin. -->","yoast_head_json":{"title":"Costa Verde presente en las celebraciones del 25.\u00ba aniversario de la UN Global Compact - Costa Verde","description":"Costa Verde, miembro activo de la UN Global Compact, estuvo presente en las celebraciones del 25.\u00ba aniversario de esta iniciativa global.","robots":{"index":"index","follow":"follow","max-snippet":"max-snippet:-1","max-image-preview":"max-image-preview:large","max-video-preview":"max-video-preview:-1"},"canonical":"https:\/\/pro.costa-verde.com\/costa-verde-nas-celebracoes-do-25-o-aniversario-da-un-global-compact\/","og_locale":"es_ES","og_type":"article","og_title":"Costa Verde presente en las celebraciones del 25.\u00ba aniversario de la UN Global Compact - Costa Verde","og_description":"Costa Verde, miembro activo de la UN Global Compact, estuvo presente en las celebraciones del 25.\u00ba aniversario de esta iniciativa global.","og_url":"https:\/\/pro.costa-verde.com\/costa-verde-nas-celebracoes-do-25-o-aniversario-da-un-global-compact\/","og_site_name":"Costa Verde","article_publisher":"https:\/\/www.facebook.com\/costaverdeporcelanas\/","article_modified_time":"2025-04-16T10:33:25+00:00","og_image":[{"width":1220,"height":578,"url":"https:\/\/pro.costa-verde.com\/wp-content\/uploads\/2025\/04\/Template-Article-Site-Web.jpg","type":"image\/jpeg"}],"twitter_card":"summary_large_image","twitter_misc":{"Tiempo de lectura":"2 minutos"},"schema":{"@context":"https:\/\/schema.org","@graph":[{"@type":"WebPage","@id":"https:\/\/pro.costa-verde.com\/costa-verde-nas-celebracoes-do-25-o-aniversario-da-un-global-compact\/","url":"https:\/\/pro.costa-verde.com\/costa-verde-nas-celebracoes-do-25-o-aniversario-da-un-global-compact\/","name":"Costa Verde presente en las celebraciones del 25.\u00ba aniversario de la UN Global Compact - Costa Verde","isPartOf":{"@id":"https:\/\/pro.costa-verde.com\/#website"},"primaryImageOfPage":{"@id":"https:\/\/pro.costa-verde.com\/costa-verde-nas-celebracoes-do-25-o-aniversario-da-un-global-compact\/#primaryimage"},"image":{"@id":"https:\/\/pro.costa-verde.com\/costa-verde-nas-celebracoes-do-25-o-aniversario-da-un-global-compact\/#primaryimage"},"thumbnailUrl":"https:\/\/pro.costa-verde.com\/wp-content\/uploads\/2025\/04\/Template-Article-Site-Web.jpg","datePublished":"2025-04-14T15:01:46+00:00","dateModified":"2025-04-16T10:33:25+00:00","description":"Costa Verde, miembro activo de la UN Global Compact, estuvo presente en las celebraciones del 25.\u00ba aniversario de esta iniciativa global.","breadcrumb":{"@id":"https:\/\/pro.costa-verde.com\/costa-verde-nas-celebracoes-do-25-o-aniversario-da-un-global-compact\/#breadcrumb"},"inLanguage":"es","potentialAction":[{"@type":"ReadAction","target":["https:\/\/pro.costa-verde.com\/costa-verde-nas-celebracoes-do-25-o-aniversario-da-un-global-compact\/"]}]},{"@type":"ImageObject","inLanguage":"es","@id":"https:\/\/pro.costa-verde.com\/costa-verde-nas-celebracoes-do-25-o-aniversario-da-un-global-compact\/#primaryimage","url":"https:\/\/pro.costa-verde.com\/wp-content\/uploads\/2025\/04\/Template-Article-Site-Web.jpg","contentUrl":"https:\/\/pro.costa-verde.com\/wp-content\/uploads\/2025\/04\/Template-Article-Site-Web.jpg","width":1220,"height":578},{"@type":"BreadcrumbList","@id":"https:\/\/pro.costa-verde.com\/costa-verde-nas-celebracoes-do-25-o-aniversario-da-un-global-compact\/#breadcrumb","itemListElement":[{"@type":"ListItem","position":1,"name":"In\u00edcio","item":"https:\/\/pro.costa-verde.com\/es\/"},{"@type":"ListItem","position":2,"name":"Costa Verde presente en las celebraciones del 25.\u00ba aniversario de la UN Global Compact"}]},{"@type":"WebSite","@id":"https:\/\/pro.costa-verde.com\/#website","url":"https:\/\/pro.costa-verde.com\/","name":"Costa Verde","description":"Loja Online","potentialAction":[{"@type":"SearchAction","target":{"@type":"EntryPoint","urlTemplate":"https:\/\/pro.costa-verde.com\/?s={search_term_string}"},"query-input":{"@type":"PropertyValueSpecification","valueRequired":true,"valueName":"search_term_string"}}],"inLanguage":"es"}]}},"_links":{"self":[{"href":"https:\/\/pro.costa-verde.com\/es\/wp-json\/wp\/v2\/pages\/64127","targetHints":{"allow":["GET"]}}],"collection":[{"href":"https:\/\/pro.costa-verde.com\/es\/wp-json\/wp\/v2\/pages"}],"about":[{"href":"https:\/\/pro.costa-verde.com\/es\/wp-json\/wp\/v2\/types\/page"}],"author":[{"embeddable":true,"href":"https:\/\/pro.costa-verde.com\/es\/wp-json\/wp\/v2\/users\/649"}],"replies":[{"embeddable":true,"href":"https:\/\/pro.costa-verde.com\/es\/wp-json\/wp\/v2\/comments?post=64127"}],"version-history":[{"count":13,"href":"https:\/\/pro.costa-verde.com\/es\/wp-json\/wp\/v2\/pages\/64127\/revisions"}],"predecessor-version":[{"id":65276,"href":"https:\/\/pro.costa-verde.com\/es\/wp-json\/wp\/v2\/pages\/64127\/revisions\/65276"}],"wp:featuredmedia":[{"embeddable":true,"href":"https:\/\/pro.costa-verde.com\/es\/wp-json\/wp\/v2\/media\/64054"}],"wp:attachment":[{"href":"https:\/\/pro.costa-verde.com\/es\/wp-json\/wp\/v2\/media?parent=64127"}],"curies":[{"name":"wp","href":"https:\/\/api.w.org\/{rel}","templated":true}]}}