{"id":63918,"date":"2025-04-01T11:31:12","date_gmt":"2025-04-01T10:31:12","guid":{"rendered":"https:\/\/pro.costa-verde.com\/?page_id=63918"},"modified":"2025-04-01T11:35:08","modified_gmt":"2025-04-01T10:35:08","slug":"costa-verde-en-la-16a-edicion-de-atualiza-te","status":"publish","type":"page","link":"https:\/\/pro.costa-verde.com\/es\/costa-verde-en-la-16a-edicion-de-atualiza-te\/","title":{"rendered":"Costa Verde en la 16\u00aa Edici\u00f3n de atualiza-te!"},"content":{"rendered":"\t\t<div data-elementor-type=\"wp-page\" data-elementor-id=\"63918\" class=\"elementor elementor-63918 elementor-63916\" data-elementor-post-type=\"page\">\n\t\t\t\t\t\t<section class=\"elementor-section elementor-top-section elementor-element elementor-element-4e696d57 elementor-section-boxed elementor-section-height-default elementor-section-height-default\" data-id=\"4e696d57\" data-element_type=\"section\">\n\t\t\t\t\t\t<div class=\"elementor-container elementor-column-gap-default\">\n\t\t\t\t\t<div class=\"elementor-column elementor-col-100 elementor-top-column elementor-element elementor-element-7149df70\" data-id=\"7149df70\" data-element_type=\"column\">\n\t\t\t<div class=\"elementor-widget-wrap elementor-element-populated\">\n\t\t\t\t\t\t<div class=\"elementor-element elementor-element-3311861 elementor-widget elementor-widget-image\" data-id=\"3311861\" data-element_type=\"widget\" data-widget_type=\"image.default\">\n\t\t\t\t<div class=\"elementor-widget-container\">\n\t\t\t\t\t\t\t\t\t\t\t\t\t\t\t<img fetchpriority=\"high\" decoding=\"async\" width=\"820\" height=\"360\" src=\"https:\/\/pro.costa-verde.com\/wp-content\/uploads\/2025\/04\/Foto_atualiza-te.jpg\" class=\"attachment-large size-large wp-image-63928\" alt=\"\" srcset=\"https:\/\/pro.costa-verde.com\/wp-content\/uploads\/2025\/04\/Foto_atualiza-te.jpg 820w, https:\/\/pro.costa-verde.com\/wp-content\/uploads\/2025\/04\/Foto_atualiza-te-300x132.jpg 300w, https:\/\/pro.costa-verde.com\/wp-content\/uploads\/2025\/04\/Foto_atualiza-te-768x337.jpg 768w, https:\/\/pro.costa-verde.com\/wp-content\/uploads\/2025\/04\/Foto_atualiza-te-600x263.jpg 600w, https:\/\/pro.costa-verde.com\/wp-content\/uploads\/2025\/04\/Foto_atualiza-te-120x53.jpg 120w\" sizes=\"(max-width: 820px) 100vw, 820px\" \/>\t\t\t\t\t\t\t\t\t\t\t\t\t\t\t<\/div>\n\t\t\t\t<\/div>\n\t\t\t\t<div class=\"elementor-element elementor-element-7843fbcb elementor-widget elementor-widget-text-editor\" data-id=\"7843fbcb\" data-element_type=\"widget\" data-widget_type=\"text-editor.default\">\n\t\t\t\t<div class=\"elementor-widget-container\">\n\t\t\t\t\t\t\t\t\t<p class=\"\" data-start=\"1076\" data-end=\"1502\"><a href=\"https:\/\/pro.costa-verde.com\/es\/?_gl=1%2Al3h139%2A_ga%2AMTg5OTI4OTExMi4xNzQzNTAzNDk1%2A_up%2AMQ..\"><strong>Costa Verde<\/strong><\/a> fue socio de <strong>atualiza-te<\/strong>, un evento de marketing organizado por los estudiantes del \u00abInstituto Superior de Contabilidade e Administra\u00e7\u00e3o da Universidade de Aveiro (ISCA-UA)\u00bb, los d\u00edas 26 y 27 de marzo de 2025. Como parte de esta colaboraci\u00f3n, la empresa cre\u00f3 una pieza exclusiva, decorada con impresi\u00f3n digital, que fue entregada a los ponentes del evento, reforzando su compromiso con la innovaci\u00f3n y el dise\u00f1o.<\/p><p class=\"\" data-start=\"1504\" data-end=\"1861\">La 16\u00aa edici\u00f3n de Atualiza-te trajo como novedad la sesi\u00f3n especial \u201cMade in ISCA-UA\u201d, que destac\u00f3 a los exalumnos que sobresalen en el mercado laboral y cont\u00f3 con la presencia de especialistas de marcas como <strong>RFM<\/strong>, <strong>Bel Portugal<\/strong>, <strong>Adidas<\/strong> y <strong>Decathlon<\/strong>. Durante los dos d\u00edas, se debatieron temas como <strong>Tecnolog\u00eda de Marketing<\/strong>, <strong>Marketing Agility<\/strong> y <strong>Redes Sociales<\/strong>.<\/p><p class=\"\" data-start=\"1863\" data-end=\"2097\">Costa Verde se enorgullece de su continua colaboraci\u00f3n con la Universidad de Aveiro, contribuyendo a la formaci\u00f3n de los futuros profesionales del marketing y consolidando a\u00fan m\u00e1s los lazos entre el mundo acad\u00e9mico y el empresarial.<\/p>\t\t\t\t\t\t\t\t<\/div>\n\t\t\t\t<\/div>\n\t\t\t\t\t<\/div>\n\t\t<\/div>\n\t\t\t\t\t<\/div>\n\t\t<\/section>\n\t\t\t\t<\/div>\n\t\t","protected":false},"excerpt":{"rendered":"<p>Costa Verde fue socio de atualiza-te, un evento de marketing organizado por los estudiantes del \u00abInstituto Superior de Contabilidade e Administra\u00e7\u00e3o da Universidade de Aveiro (ISCA-UA)\u00bb, los d\u00edas 26 y 27 de marzo de 2025. Como parte de esta colaboraci\u00f3n, la empresa cre\u00f3 una pieza exclusiva, decorada con impresi\u00f3n digital, que fue entregada a los [&hellip;]<\/p>\n","protected":false},"author":438,"featured_media":63928,"parent":0,"menu_order":0,"comment_status":"open","ping_status":"closed","template":"","meta":{"footnotes":""},"class_list":["post-63918","page","type-page","status-publish","has-post-thumbnail","hentry"],"yoast_head":"<!-- This site is optimized with the Yoast SEO plugin v26.9 - https:\/\/yoast.com\/product\/yoast-seo-wordpress\/ -->\n<title>Costa Verde en la 16\u00aa Edici\u00f3n de atualiza-te! - Costa Verde<\/title>\n<meta name=\"description\" content=\"Costa Verde fue socio de Atualiza-te, un evento de marketing organizado por los estudiantes de (ISCA-UA). Sepa m\u00e1s!\" \/>\n<meta name=\"robots\" content=\"index, follow, max-snippet:-1, max-image-preview:large, max-video-preview:-1\" \/>\n<link rel=\"canonical\" href=\"https:\/\/pro.costa-verde.com\/costa-verde-na-16a-edicao-do-atualiza-te\/\" \/>\n<meta property=\"og:locale\" content=\"es_ES\" \/>\n<meta property=\"og:type\" content=\"article\" \/>\n<meta property=\"og:title\" content=\"Costa Verde en la 16\u00aa Edici\u00f3n de atualiza-te! - Costa Verde\" \/>\n<meta property=\"og:description\" content=\"Costa Verde fue socio de Atualiza-te, un evento de marketing organizado por los estudiantes de (ISCA-UA). Sepa m\u00e1s!\" \/>\n<meta property=\"og:url\" content=\"https:\/\/pro.costa-verde.com\/costa-verde-na-16a-edicao-do-atualiza-te\/\" \/>\n<meta property=\"og:site_name\" content=\"Costa Verde\" \/>\n<meta property=\"article:publisher\" content=\"https:\/\/www.facebook.com\/costaverdeporcelanas\/\" \/>\n<meta property=\"article:modified_time\" content=\"2025-04-01T10:35:08+00:00\" \/>\n<meta property=\"og:image\" content=\"https:\/\/pro.costa-verde.com\/wp-content\/uploads\/2025\/04\/Foto_atualiza-te.jpg\" \/>\n\t<meta property=\"og:image:width\" content=\"820\" \/>\n\t<meta property=\"og:image:height\" content=\"360\" \/>\n\t<meta property=\"og:image:type\" content=\"image\/jpeg\" \/>\n<meta name=\"twitter:card\" content=\"summary_large_image\" \/>\n<meta name=\"twitter:label1\" content=\"Tiempo de lectura\" \/>\n\t<meta name=\"twitter:data1\" content=\"1 minuto\" \/>\n<script type=\"application\/ld+json\" class=\"yoast-schema-graph\">{\"@context\":\"https:\/\/schema.org\",\"@graph\":[{\"@type\":\"WebPage\",\"@id\":\"https:\/\/pro.costa-verde.com\/costa-verde-na-16a-edicao-do-atualiza-te\/\",\"url\":\"https:\/\/pro.costa-verde.com\/costa-verde-na-16a-edicao-do-atualiza-te\/\",\"name\":\"Costa Verde en la 16\u00aa Edici\u00f3n de atualiza-te! - Costa Verde\",\"isPartOf\":{\"@id\":\"https:\/\/pro.costa-verde.com\/#website\"},\"primaryImageOfPage\":{\"@id\":\"https:\/\/pro.costa-verde.com\/costa-verde-na-16a-edicao-do-atualiza-te\/#primaryimage\"},\"image\":{\"@id\":\"https:\/\/pro.costa-verde.com\/costa-verde-na-16a-edicao-do-atualiza-te\/#primaryimage\"},\"thumbnailUrl\":\"https:\/\/pro.costa-verde.com\/wp-content\/uploads\/2025\/04\/Foto_atualiza-te.jpg\",\"datePublished\":\"2025-04-01T10:31:12+00:00\",\"dateModified\":\"2025-04-01T10:35:08+00:00\",\"description\":\"Costa Verde fue socio de Atualiza-te, un evento de marketing organizado por los estudiantes de (ISCA-UA). Sepa m\u00e1s!\",\"breadcrumb\":{\"@id\":\"https:\/\/pro.costa-verde.com\/costa-verde-na-16a-edicao-do-atualiza-te\/#breadcrumb\"},\"inLanguage\":\"es\",\"potentialAction\":[{\"@type\":\"ReadAction\",\"target\":[\"https:\/\/pro.costa-verde.com\/costa-verde-na-16a-edicao-do-atualiza-te\/\"]}]},{\"@type\":\"ImageObject\",\"inLanguage\":\"es\",\"@id\":\"https:\/\/pro.costa-verde.com\/costa-verde-na-16a-edicao-do-atualiza-te\/#primaryimage\",\"url\":\"https:\/\/pro.costa-verde.com\/wp-content\/uploads\/2025\/04\/Foto_atualiza-te.jpg\",\"contentUrl\":\"https:\/\/pro.costa-verde.com\/wp-content\/uploads\/2025\/04\/Foto_atualiza-te.jpg\",\"width\":820,\"height\":360},{\"@type\":\"BreadcrumbList\",\"@id\":\"https:\/\/pro.costa-verde.com\/costa-verde-na-16a-edicao-do-atualiza-te\/#breadcrumb\",\"itemListElement\":[{\"@type\":\"ListItem\",\"position\":1,\"name\":\"In\u00edcio\",\"item\":\"https:\/\/pro.costa-verde.com\/es\/\"},{\"@type\":\"ListItem\",\"position\":2,\"name\":\"Costa Verde en la 16\u00aa Edici\u00f3n de atualiza-te!\"}]},{\"@type\":\"WebSite\",\"@id\":\"https:\/\/pro.costa-verde.com\/#website\",\"url\":\"https:\/\/pro.costa-verde.com\/\",\"name\":\"Costa Verde\",\"description\":\"Loja Online\",\"potentialAction\":[{\"@type\":\"SearchAction\",\"target\":{\"@type\":\"EntryPoint\",\"urlTemplate\":\"https:\/\/pro.costa-verde.com\/?s={search_term_string}\"},\"query-input\":{\"@type\":\"PropertyValueSpecification\",\"valueRequired\":true,\"valueName\":\"search_term_string\"}}],\"inLanguage\":\"es\"}]}<\/script>\n<!-- \/ Yoast SEO plugin. -->","yoast_head_json":{"title":"Costa Verde en la 16\u00aa Edici\u00f3n de atualiza-te! - Costa Verde","description":"Costa Verde fue socio de Atualiza-te, un evento de marketing organizado por los estudiantes de (ISCA-UA). Sepa m\u00e1s!","robots":{"index":"index","follow":"follow","max-snippet":"max-snippet:-1","max-image-preview":"max-image-preview:large","max-video-preview":"max-video-preview:-1"},"canonical":"https:\/\/pro.costa-verde.com\/costa-verde-na-16a-edicao-do-atualiza-te\/","og_locale":"es_ES","og_type":"article","og_title":"Costa Verde en la 16\u00aa Edici\u00f3n de atualiza-te! - Costa Verde","og_description":"Costa Verde fue socio de Atualiza-te, un evento de marketing organizado por los estudiantes de (ISCA-UA). Sepa m\u00e1s!","og_url":"https:\/\/pro.costa-verde.com\/costa-verde-na-16a-edicao-do-atualiza-te\/","og_site_name":"Costa Verde","article_publisher":"https:\/\/www.facebook.com\/costaverdeporcelanas\/","article_modified_time":"2025-04-01T10:35:08+00:00","og_image":[{"width":820,"height":360,"url":"https:\/\/pro.costa-verde.com\/wp-content\/uploads\/2025\/04\/Foto_atualiza-te.jpg","type":"image\/jpeg"}],"twitter_card":"summary_large_image","twitter_misc":{"Tiempo de lectura":"1 minuto"},"schema":{"@context":"https:\/\/schema.org","@graph":[{"@type":"WebPage","@id":"https:\/\/pro.costa-verde.com\/costa-verde-na-16a-edicao-do-atualiza-te\/","url":"https:\/\/pro.costa-verde.com\/costa-verde-na-16a-edicao-do-atualiza-te\/","name":"Costa Verde en la 16\u00aa Edici\u00f3n de atualiza-te! - Costa Verde","isPartOf":{"@id":"https:\/\/pro.costa-verde.com\/#website"},"primaryImageOfPage":{"@id":"https:\/\/pro.costa-verde.com\/costa-verde-na-16a-edicao-do-atualiza-te\/#primaryimage"},"image":{"@id":"https:\/\/pro.costa-verde.com\/costa-verde-na-16a-edicao-do-atualiza-te\/#primaryimage"},"thumbnailUrl":"https:\/\/pro.costa-verde.com\/wp-content\/uploads\/2025\/04\/Foto_atualiza-te.jpg","datePublished":"2025-04-01T10:31:12+00:00","dateModified":"2025-04-01T10:35:08+00:00","description":"Costa Verde fue socio de Atualiza-te, un evento de marketing organizado por los estudiantes de (ISCA-UA). Sepa m\u00e1s!","breadcrumb":{"@id":"https:\/\/pro.costa-verde.com\/costa-verde-na-16a-edicao-do-atualiza-te\/#breadcrumb"},"inLanguage":"es","potentialAction":[{"@type":"ReadAction","target":["https:\/\/pro.costa-verde.com\/costa-verde-na-16a-edicao-do-atualiza-te\/"]}]},{"@type":"ImageObject","inLanguage":"es","@id":"https:\/\/pro.costa-verde.com\/costa-verde-na-16a-edicao-do-atualiza-te\/#primaryimage","url":"https:\/\/pro.costa-verde.com\/wp-content\/uploads\/2025\/04\/Foto_atualiza-te.jpg","contentUrl":"https:\/\/pro.costa-verde.com\/wp-content\/uploads\/2025\/04\/Foto_atualiza-te.jpg","width":820,"height":360},{"@type":"BreadcrumbList","@id":"https:\/\/pro.costa-verde.com\/costa-verde-na-16a-edicao-do-atualiza-te\/#breadcrumb","itemListElement":[{"@type":"ListItem","position":1,"name":"In\u00edcio","item":"https:\/\/pro.costa-verde.com\/es\/"},{"@type":"ListItem","position":2,"name":"Costa Verde en la 16\u00aa Edici\u00f3n de atualiza-te!"}]},{"@type":"WebSite","@id":"https:\/\/pro.costa-verde.com\/#website","url":"https:\/\/pro.costa-verde.com\/","name":"Costa Verde","description":"Loja Online","potentialAction":[{"@type":"SearchAction","target":{"@type":"EntryPoint","urlTemplate":"https:\/\/pro.costa-verde.com\/?s={search_term_string}"},"query-input":{"@type":"PropertyValueSpecification","valueRequired":true,"valueName":"search_term_string"}}],"inLanguage":"es"}]}},"_links":{"self":[{"href":"https:\/\/pro.costa-verde.com\/es\/wp-json\/wp\/v2\/pages\/63918","targetHints":{"allow":["GET"]}}],"collection":[{"href":"https:\/\/pro.costa-verde.com\/es\/wp-json\/wp\/v2\/pages"}],"about":[{"href":"https:\/\/pro.costa-verde.com\/es\/wp-json\/wp\/v2\/types\/page"}],"author":[{"embeddable":true,"href":"https:\/\/pro.costa-verde.com\/es\/wp-json\/wp\/v2\/users\/438"}],"replies":[{"embeddable":true,"href":"https:\/\/pro.costa-verde.com\/es\/wp-json\/wp\/v2\/comments?post=63918"}],"version-history":[{"count":7,"href":"https:\/\/pro.costa-verde.com\/es\/wp-json\/wp\/v2\/pages\/63918\/revisions"}],"predecessor-version":[{"id":63948,"href":"https:\/\/pro.costa-verde.com\/es\/wp-json\/wp\/v2\/pages\/63918\/revisions\/63948"}],"wp:featuredmedia":[{"embeddable":true,"href":"https:\/\/pro.costa-verde.com\/es\/wp-json\/wp\/v2\/media\/63928"}],"wp:attachment":[{"href":"https:\/\/pro.costa-verde.com\/es\/wp-json\/wp\/v2\/media?parent=63918"}],"curies":[{"name":"wp","href":"https:\/\/api.w.org\/{rel}","templated":true}]}}