{"id":63801,"date":"2025-03-14T15:33:31","date_gmt":"2025-03-14T15:33:31","guid":{"rendered":"https:\/\/pro.costa-verde.com\/?page_id=63801"},"modified":"2025-03-14T15:35:15","modified_gmt":"2025-03-14T15:35:15","slug":"la-hermandad-gastronomica-as-sainhas","status":"publish","type":"page","link":"https:\/\/pro.costa-verde.com\/es\/la-hermandad-gastronomica-as-sainhas\/","title":{"rendered":"La Hermandad Gastron\u00f3mica \u201cAs Sa\u00ednhas\u201d"},"content":{"rendered":"\t\t<div data-elementor-type=\"wp-page\" data-elementor-id=\"63801\" class=\"elementor elementor-63801 elementor-63799\" data-elementor-post-type=\"page\">\n\t\t\t\t\t\t<section class=\"elementor-section elementor-top-section elementor-element elementor-element-4e696d57 elementor-section-boxed elementor-section-height-default elementor-section-height-default\" data-id=\"4e696d57\" data-element_type=\"section\">\n\t\t\t\t\t\t<div class=\"elementor-container elementor-column-gap-default\">\n\t\t\t\t\t<div class=\"elementor-column elementor-col-100 elementor-top-column elementor-element elementor-element-7149df70\" data-id=\"7149df70\" data-element_type=\"column\">\n\t\t\t<div class=\"elementor-widget-wrap elementor-element-populated\">\n\t\t\t\t\t\t<div class=\"elementor-element elementor-element-3311861 elementor-widget elementor-widget-image\" data-id=\"3311861\" data-element_type=\"widget\" data-widget_type=\"image.default\">\n\t\t\t\t<div class=\"elementor-widget-container\">\n\t\t\t\t\t\t\t\t\t\t\t\t\t\t\t<img fetchpriority=\"high\" decoding=\"async\" width=\"1024\" height=\"731\" src=\"https:\/\/pro.costa-verde.com\/wp-content\/uploads\/2025\/03\/Sainhas-1-1024x731.jpg\" class=\"attachment-large size-large wp-image-63806\" alt=\"\" srcset=\"https:\/\/pro.costa-verde.com\/wp-content\/uploads\/2025\/03\/Sainhas-1-1024x731.jpg 1024w, https:\/\/pro.costa-verde.com\/wp-content\/uploads\/2025\/03\/Sainhas-1-300x214.jpg 300w, https:\/\/pro.costa-verde.com\/wp-content\/uploads\/2025\/03\/Sainhas-1-768x549.jpg 768w, https:\/\/pro.costa-verde.com\/wp-content\/uploads\/2025\/03\/Sainhas-1-600x429.jpg 600w, https:\/\/pro.costa-verde.com\/wp-content\/uploads\/2025\/03\/Sainhas-1-120x86.jpg 120w, https:\/\/pro.costa-verde.com\/wp-content\/uploads\/2025\/03\/Sainhas-1.jpg 1050w\" sizes=\"(max-width: 1024px) 100vw, 1024px\" \/>\t\t\t\t\t\t\t\t\t\t\t\t\t\t\t<\/div>\n\t\t\t\t<\/div>\n\t\t\t\t<div class=\"elementor-element elementor-element-7843fbcb elementor-widget elementor-widget-text-editor\" data-id=\"7843fbcb\" data-element_type=\"widget\" data-widget_type=\"text-editor.default\">\n\t\t\t\t<div class=\"elementor-widget-container\">\n\t\t\t\t\t\t\t\t\t<p><strong>La Hermandad Gastron\u00f3mica \u201cAs Sa\u00ednhas\u201d<\/strong> de Vagos celebr\u00f3 su XIII Cap\u00edtulo, un evento marcado por la uni\u00f3n de m\u00e1s de 50 hermandades de todo el pa\u00eds, dedicado a la celebraci\u00f3n de la figura ic\u00f3nica de la \u201cMujer Gandareza\u201d, un acto de reconocimiento a la fuerza, resiliencia y contribuci\u00f3n de las mujeres rurales y donde tambi\u00e9n se destac\u00f3 la importancia de preservar las tradiciones gastron\u00f3micas como forma de mantener viva la identidad cultural, conectando con las ra\u00edces profundas de la regi\u00f3n.\u00a0<\/p><p><strong>Costa Verde<\/strong>, Hermano de Honra, se sum\u00f3 un a\u00f1o m\u00e1s a este momento, estando presente y siendo responsable de la producci\u00f3n de la pieza oficial que se ofreci\u00f3 a todas las hermandades presentes y dem\u00e1s entidades oficiales. La Hermandad Gastron\u00f3mica \u00abAs Sa\u00ednhas\u00bb de Vagos fue fundada el 8 de marzo de 2009, con sede en Vagos, Portugal, y tiene como misi\u00f3n dignificar la gastronom\u00eda tradicional portuguesa, en particular la de Vagos. El nombre \u201cAs Sa\u00ednhas\u201d hace referencia a un manjar t\u00edpico de la regi\u00f3n, consistente en \u201croj\u00f5es\u201d elaborados a partir de intestinos de cerdo. Fritos hasta quedar crujientes y con una delicada apariencia de encaje, estas delicias culinarias son un testimonio del ingenio y la tradici\u00f3n gastron\u00f3mica local.\u00a0<\/p><p>Esta hermandad est\u00e1 formada exclusivamente por mujeres, destacando su importancia en la conservaci\u00f3n y promoci\u00f3n de las tradiciones culinarias de la regi\u00f3n. A trav\u00e9s de diversas actividades y eventos, la Hermandad Gastron\u00f3mica \u201cAs Sa\u00ednhas\u201d pretende mantener vivo el patrimonio cultural de Vagos, celebrando la riqueza y diversidad de su gastronom\u00eda.<\/p>\t\t\t\t\t\t\t\t<\/div>\n\t\t\t\t<\/div>\n\t\t\t\t\t<\/div>\n\t\t<\/div>\n\t\t\t\t\t<\/div>\n\t\t<\/section>\n\t\t\t\t<\/div>\n\t\t","protected":false},"excerpt":{"rendered":"<p>La Hermandad Gastron\u00f3mica \u201cAs Sa\u00ednhas\u201d de Vagos celebr\u00f3 su XIII Cap\u00edtulo, un evento marcado por la uni\u00f3n de m\u00e1s de 50 hermandades de todo el pa\u00eds, dedicado a la celebraci\u00f3n de la figura ic\u00f3nica de la \u201cMujer Gandareza\u201d, un acto de reconocimiento a la fuerza, resiliencia y contribuci\u00f3n de las mujeres rurales y donde tambi\u00e9n [&hellip;]<\/p>\n","protected":false},"author":438,"featured_media":63806,"parent":0,"menu_order":0,"comment_status":"open","ping_status":"closed","template":"","meta":{"footnotes":""},"class_list":["post-63801","page","type-page","status-publish","has-post-thumbnail","hentry"],"yoast_head":"<!-- This site is optimized with the Yoast SEO plugin v26.9 - https:\/\/yoast.com\/product\/yoast-seo-wordpress\/ -->\n<title>La Hermandad Gastron\u00f3mica \u201cAs Sa\u00ednhas\u201d - Costa Verde<\/title>\n<meta name=\"description\" content=\"La Hermandad Gastron\u00f3mica \u201cAs Sa\u00ednhas\u201d de Vagos celebr\u00f3 su XIII Cap\u00edtulo, un evento marcado por la uni\u00f3n de m\u00e1s de 50 hermandades!\" \/>\n<meta name=\"robots\" content=\"index, follow, max-snippet:-1, max-image-preview:large, max-video-preview:-1\" \/>\n<link rel=\"canonical\" href=\"https:\/\/pro.costa-verde.com\/confraria-gastronomica-as-sainhas-xiii-capitulo\/\" \/>\n<meta property=\"og:locale\" content=\"es_ES\" \/>\n<meta property=\"og:type\" content=\"article\" \/>\n<meta property=\"og:title\" content=\"La Hermandad Gastron\u00f3mica \u201cAs Sa\u00ednhas\u201d - Costa Verde\" \/>\n<meta property=\"og:description\" content=\"La Hermandad Gastron\u00f3mica \u201cAs Sa\u00ednhas\u201d de Vagos celebr\u00f3 su XIII Cap\u00edtulo, un evento marcado por la uni\u00f3n de m\u00e1s de 50 hermandades!\" \/>\n<meta property=\"og:url\" content=\"https:\/\/pro.costa-verde.com\/confraria-gastronomica-as-sainhas-xiii-capitulo\/\" \/>\n<meta property=\"og:site_name\" content=\"Costa Verde\" \/>\n<meta property=\"article:publisher\" content=\"https:\/\/www.facebook.com\/costaverdeporcelanas\/\" \/>\n<meta property=\"article:modified_time\" content=\"2025-03-14T15:35:15+00:00\" \/>\n<meta property=\"og:image\" content=\"https:\/\/pro.costa-verde.com\/wp-content\/uploads\/2025\/03\/Sainhas-1.jpg\" \/>\n\t<meta property=\"og:image:width\" content=\"1050\" \/>\n\t<meta property=\"og:image:height\" content=\"750\" \/>\n\t<meta property=\"og:image:type\" content=\"image\/jpeg\" \/>\n<meta name=\"twitter:card\" content=\"summary_large_image\" \/>\n<meta name=\"twitter:label1\" content=\"Tiempo de lectura\" \/>\n\t<meta name=\"twitter:data1\" content=\"2 minutos\" \/>\n<script type=\"application\/ld+json\" class=\"yoast-schema-graph\">{\"@context\":\"https:\/\/schema.org\",\"@graph\":[{\"@type\":\"WebPage\",\"@id\":\"https:\/\/pro.costa-verde.com\/confraria-gastronomica-as-sainhas-xiii-capitulo\/\",\"url\":\"https:\/\/pro.costa-verde.com\/confraria-gastronomica-as-sainhas-xiii-capitulo\/\",\"name\":\"La Hermandad Gastron\u00f3mica \u201cAs Sa\u00ednhas\u201d - Costa Verde\",\"isPartOf\":{\"@id\":\"https:\/\/pro.costa-verde.com\/#website\"},\"primaryImageOfPage\":{\"@id\":\"https:\/\/pro.costa-verde.com\/confraria-gastronomica-as-sainhas-xiii-capitulo\/#primaryimage\"},\"image\":{\"@id\":\"https:\/\/pro.costa-verde.com\/confraria-gastronomica-as-sainhas-xiii-capitulo\/#primaryimage\"},\"thumbnailUrl\":\"https:\/\/pro.costa-verde.com\/wp-content\/uploads\/2025\/03\/Sainhas-1.jpg\",\"datePublished\":\"2025-03-14T15:33:31+00:00\",\"dateModified\":\"2025-03-14T15:35:15+00:00\",\"description\":\"La Hermandad Gastron\u00f3mica \u201cAs Sa\u00ednhas\u201d de Vagos celebr\u00f3 su XIII Cap\u00edtulo, un evento marcado por la uni\u00f3n de m\u00e1s de 50 hermandades!\",\"breadcrumb\":{\"@id\":\"https:\/\/pro.costa-verde.com\/confraria-gastronomica-as-sainhas-xiii-capitulo\/#breadcrumb\"},\"inLanguage\":\"es\",\"potentialAction\":[{\"@type\":\"ReadAction\",\"target\":[\"https:\/\/pro.costa-verde.com\/confraria-gastronomica-as-sainhas-xiii-capitulo\/\"]}]},{\"@type\":\"ImageObject\",\"inLanguage\":\"es\",\"@id\":\"https:\/\/pro.costa-verde.com\/confraria-gastronomica-as-sainhas-xiii-capitulo\/#primaryimage\",\"url\":\"https:\/\/pro.costa-verde.com\/wp-content\/uploads\/2025\/03\/Sainhas-1.jpg\",\"contentUrl\":\"https:\/\/pro.costa-verde.com\/wp-content\/uploads\/2025\/03\/Sainhas-1.jpg\",\"width\":1050,\"height\":750},{\"@type\":\"BreadcrumbList\",\"@id\":\"https:\/\/pro.costa-verde.com\/confraria-gastronomica-as-sainhas-xiii-capitulo\/#breadcrumb\",\"itemListElement\":[{\"@type\":\"ListItem\",\"position\":1,\"name\":\"In\u00edcio\",\"item\":\"https:\/\/pro.costa-verde.com\/es\/\"},{\"@type\":\"ListItem\",\"position\":2,\"name\":\"La Hermandad Gastron\u00f3mica \u201cAs Sa\u00ednhas\u201d\"}]},{\"@type\":\"WebSite\",\"@id\":\"https:\/\/pro.costa-verde.com\/#website\",\"url\":\"https:\/\/pro.costa-verde.com\/\",\"name\":\"Costa Verde\",\"description\":\"Loja Online\",\"potentialAction\":[{\"@type\":\"SearchAction\",\"target\":{\"@type\":\"EntryPoint\",\"urlTemplate\":\"https:\/\/pro.costa-verde.com\/?s={search_term_string}\"},\"query-input\":{\"@type\":\"PropertyValueSpecification\",\"valueRequired\":true,\"valueName\":\"search_term_string\"}}],\"inLanguage\":\"es\"}]}<\/script>\n<!-- \/ Yoast SEO plugin. -->","yoast_head_json":{"title":"La Hermandad Gastron\u00f3mica \u201cAs Sa\u00ednhas\u201d - Costa Verde","description":"La Hermandad Gastron\u00f3mica \u201cAs Sa\u00ednhas\u201d de Vagos celebr\u00f3 su XIII Cap\u00edtulo, un evento marcado por la uni\u00f3n de m\u00e1s de 50 hermandades!","robots":{"index":"index","follow":"follow","max-snippet":"max-snippet:-1","max-image-preview":"max-image-preview:large","max-video-preview":"max-video-preview:-1"},"canonical":"https:\/\/pro.costa-verde.com\/confraria-gastronomica-as-sainhas-xiii-capitulo\/","og_locale":"es_ES","og_type":"article","og_title":"La Hermandad Gastron\u00f3mica \u201cAs Sa\u00ednhas\u201d - Costa Verde","og_description":"La Hermandad Gastron\u00f3mica \u201cAs Sa\u00ednhas\u201d de Vagos celebr\u00f3 su XIII Cap\u00edtulo, un evento marcado por la uni\u00f3n de m\u00e1s de 50 hermandades!","og_url":"https:\/\/pro.costa-verde.com\/confraria-gastronomica-as-sainhas-xiii-capitulo\/","og_site_name":"Costa Verde","article_publisher":"https:\/\/www.facebook.com\/costaverdeporcelanas\/","article_modified_time":"2025-03-14T15:35:15+00:00","og_image":[{"width":1050,"height":750,"url":"https:\/\/pro.costa-verde.com\/wp-content\/uploads\/2025\/03\/Sainhas-1.jpg","type":"image\/jpeg"}],"twitter_card":"summary_large_image","twitter_misc":{"Tiempo de lectura":"2 minutos"},"schema":{"@context":"https:\/\/schema.org","@graph":[{"@type":"WebPage","@id":"https:\/\/pro.costa-verde.com\/confraria-gastronomica-as-sainhas-xiii-capitulo\/","url":"https:\/\/pro.costa-verde.com\/confraria-gastronomica-as-sainhas-xiii-capitulo\/","name":"La Hermandad Gastron\u00f3mica \u201cAs Sa\u00ednhas\u201d - Costa Verde","isPartOf":{"@id":"https:\/\/pro.costa-verde.com\/#website"},"primaryImageOfPage":{"@id":"https:\/\/pro.costa-verde.com\/confraria-gastronomica-as-sainhas-xiii-capitulo\/#primaryimage"},"image":{"@id":"https:\/\/pro.costa-verde.com\/confraria-gastronomica-as-sainhas-xiii-capitulo\/#primaryimage"},"thumbnailUrl":"https:\/\/pro.costa-verde.com\/wp-content\/uploads\/2025\/03\/Sainhas-1.jpg","datePublished":"2025-03-14T15:33:31+00:00","dateModified":"2025-03-14T15:35:15+00:00","description":"La Hermandad Gastron\u00f3mica \u201cAs Sa\u00ednhas\u201d de Vagos celebr\u00f3 su XIII Cap\u00edtulo, un evento marcado por la uni\u00f3n de m\u00e1s de 50 hermandades!","breadcrumb":{"@id":"https:\/\/pro.costa-verde.com\/confraria-gastronomica-as-sainhas-xiii-capitulo\/#breadcrumb"},"inLanguage":"es","potentialAction":[{"@type":"ReadAction","target":["https:\/\/pro.costa-verde.com\/confraria-gastronomica-as-sainhas-xiii-capitulo\/"]}]},{"@type":"ImageObject","inLanguage":"es","@id":"https:\/\/pro.costa-verde.com\/confraria-gastronomica-as-sainhas-xiii-capitulo\/#primaryimage","url":"https:\/\/pro.costa-verde.com\/wp-content\/uploads\/2025\/03\/Sainhas-1.jpg","contentUrl":"https:\/\/pro.costa-verde.com\/wp-content\/uploads\/2025\/03\/Sainhas-1.jpg","width":1050,"height":750},{"@type":"BreadcrumbList","@id":"https:\/\/pro.costa-verde.com\/confraria-gastronomica-as-sainhas-xiii-capitulo\/#breadcrumb","itemListElement":[{"@type":"ListItem","position":1,"name":"In\u00edcio","item":"https:\/\/pro.costa-verde.com\/es\/"},{"@type":"ListItem","position":2,"name":"La Hermandad Gastron\u00f3mica \u201cAs Sa\u00ednhas\u201d"}]},{"@type":"WebSite","@id":"https:\/\/pro.costa-verde.com\/#website","url":"https:\/\/pro.costa-verde.com\/","name":"Costa Verde","description":"Loja Online","potentialAction":[{"@type":"SearchAction","target":{"@type":"EntryPoint","urlTemplate":"https:\/\/pro.costa-verde.com\/?s={search_term_string}"},"query-input":{"@type":"PropertyValueSpecification","valueRequired":true,"valueName":"search_term_string"}}],"inLanguage":"es"}]}},"_links":{"self":[{"href":"https:\/\/pro.costa-verde.com\/es\/wp-json\/wp\/v2\/pages\/63801","targetHints":{"allow":["GET"]}}],"collection":[{"href":"https:\/\/pro.costa-verde.com\/es\/wp-json\/wp\/v2\/pages"}],"about":[{"href":"https:\/\/pro.costa-verde.com\/es\/wp-json\/wp\/v2\/types\/page"}],"author":[{"embeddable":true,"href":"https:\/\/pro.costa-verde.com\/es\/wp-json\/wp\/v2\/users\/438"}],"replies":[{"embeddable":true,"href":"https:\/\/pro.costa-verde.com\/es\/wp-json\/wp\/v2\/comments?post=63801"}],"version-history":[{"count":7,"href":"https:\/\/pro.costa-verde.com\/es\/wp-json\/wp\/v2\/pages\/63801\/revisions"}],"predecessor-version":[{"id":63827,"href":"https:\/\/pro.costa-verde.com\/es\/wp-json\/wp\/v2\/pages\/63801\/revisions\/63827"}],"wp:featuredmedia":[{"embeddable":true,"href":"https:\/\/pro.costa-verde.com\/es\/wp-json\/wp\/v2\/media\/63806"}],"wp:attachment":[{"href":"https:\/\/pro.costa-verde.com\/es\/wp-json\/wp\/v2\/media?parent=63801"}],"curies":[{"name":"wp","href":"https:\/\/api.w.org\/{rel}","templated":true}]}}