{"id":63769,"date":"2025-03-14T14:14:51","date_gmt":"2025-03-14T14:14:51","guid":{"rendered":"https:\/\/pro.costa-verde.com\/?page_id=63769"},"modified":"2025-03-14T14:17:09","modified_gmt":"2025-03-14T14:17:09","slug":"costa-verde-participa-en-la-semana-abierta-de-estga-ua","status":"publish","type":"page","link":"https:\/\/pro.costa-verde.com\/es\/costa-verde-participa-en-la-semana-abierta-de-estga-ua\/","title":{"rendered":"Costa Verde participa en la Semana Abierta de ESTGA-UA"},"content":{"rendered":"\t\t<div data-elementor-type=\"wp-page\" data-elementor-id=\"63769\" class=\"elementor elementor-63769 elementor-63767\" data-elementor-post-type=\"page\">\n\t\t\t\t\t\t<section class=\"elementor-section elementor-top-section elementor-element elementor-element-4e696d57 elementor-section-boxed elementor-section-height-default elementor-section-height-default\" data-id=\"4e696d57\" data-element_type=\"section\">\n\t\t\t\t\t\t<div class=\"elementor-container elementor-column-gap-default\">\n\t\t\t\t\t<div class=\"elementor-column elementor-col-100 elementor-top-column elementor-element elementor-element-7149df70\" data-id=\"7149df70\" data-element_type=\"column\">\n\t\t\t<div class=\"elementor-widget-wrap elementor-element-populated\">\n\t\t\t\t\t\t<div class=\"elementor-element elementor-element-3311861 elementor-widget elementor-widget-image\" data-id=\"3311861\" data-element_type=\"widget\" data-widget_type=\"image.default\">\n\t\t\t\t<div class=\"elementor-widget-container\">\n\t\t\t\t\t\t\t\t\t\t\t\t\t\t\t<img fetchpriority=\"high\" decoding=\"async\" width=\"1024\" height=\"682\" src=\"https:\/\/pro.costa-verde.com\/wp-content\/uploads\/2025\/03\/1741272155831-1024x682.jpeg\" class=\"attachment-large size-large wp-image-63777\" alt=\"\" srcset=\"https:\/\/pro.costa-verde.com\/wp-content\/uploads\/2025\/03\/1741272155831-1024x682.jpeg 1024w, https:\/\/pro.costa-verde.com\/wp-content\/uploads\/2025\/03\/1741272155831-300x200.jpeg 300w, https:\/\/pro.costa-verde.com\/wp-content\/uploads\/2025\/03\/1741272155831-768x512.jpeg 768w, https:\/\/pro.costa-verde.com\/wp-content\/uploads\/2025\/03\/1741272155831-1536x1023.jpeg 1536w, https:\/\/pro.costa-verde.com\/wp-content\/uploads\/2025\/03\/1741272155831-600x400.jpeg 600w, https:\/\/pro.costa-verde.com\/wp-content\/uploads\/2025\/03\/1741272155831-120x80.jpeg 120w, https:\/\/pro.costa-verde.com\/wp-content\/uploads\/2025\/03\/1741272155831.jpeg 1600w\" sizes=\"(max-width: 1024px) 100vw, 1024px\" \/>\t\t\t\t\t\t\t\t\t\t\t\t\t\t\t<\/div>\n\t\t\t\t<\/div>\n\t\t\t\t<div class=\"elementor-element elementor-element-7843fbcb elementor-widget elementor-widget-text-editor\" data-id=\"7843fbcb\" data-element_type=\"widget\" data-widget_type=\"text-editor.default\">\n\t\t\t\t<div class=\"elementor-widget-container\">\n\t\t\t\t\t\t\t\t\t<p><a href=\"https:\/\/pro.costa-verde.com\/es\/\"><strong>Costa Verde<\/strong><\/a> estuvo presente en la <strong>Semana Abierta de ESTGA-UA&#8217;25<\/strong>, contribuyendo a la reflexi\u00f3n sobre innovaci\u00f3n y crecimiento empresarial, as\u00ed que integrando la charla de trabajo \u201cBusiness Fails &#8211; Errar para Inovar\u201d, evento donde <strong>Patr\u00edcia Villas-Boas<\/strong>, <strong>Paulo Pinto Santos<\/strong> y <strong>Tiago Pereira<\/strong> compartieron experiencias sobre c\u00f3mo los errores pueden transformarse en valiosas oportunidades.<\/p><p><span style=\"color: var( --e-global-color-text );\">La sesi\u00f3n trajo un momento enriquecedor de intercambio e inspiraci\u00f3n, demostrando que los desaf\u00edos y los fracasos son parte del camino hacia la innovaci\u00f3n. La participaci\u00f3n de Costa Verde, junto a empresas como <strong>Triangle\u2019s \u2013 Cycling Equipments, S.A.<\/strong> y <strong>Revigr\u00e9s<\/strong>, refuerza el compromiso de la marca con el desarrollo y el aprendizaje continuo.<\/span><\/p><p><strong>La Semana Abierta ESTGA-UA<\/strong> sigue siendo un espacio imprescindible de di\u00e1logo entre empresas, estudiantes y profesionales, fomentando el intercambio de conocimiento y nuevas perspectivas de futuro.<\/p>\t\t\t\t\t\t\t\t<\/div>\n\t\t\t\t<\/div>\n\t\t\t\t\t<\/div>\n\t\t<\/div>\n\t\t\t\t\t<\/div>\n\t\t<\/section>\n\t\t\t\t<\/div>\n\t\t","protected":false},"excerpt":{"rendered":"<p>Costa Verde estuvo presente en la Semana Abierta de ESTGA-UA&#8217;25, contribuyendo a la reflexi\u00f3n sobre innovaci\u00f3n y crecimiento empresarial, as\u00ed que integrando la charla de trabajo \u201cBusiness Fails &#8211; Errar para Inovar\u201d, evento donde Patr\u00edcia Villas-Boas, Paulo Pinto Santos y Tiago Pereira compartieron experiencias sobre c\u00f3mo los errores pueden transformarse en valiosas oportunidades. La sesi\u00f3n [&hellip;]<\/p>\n","protected":false},"author":438,"featured_media":63777,"parent":0,"menu_order":0,"comment_status":"open","ping_status":"closed","template":"","meta":{"footnotes":""},"class_list":["post-63769","page","type-page","status-publish","has-post-thumbnail","hentry"],"yoast_head":"<!-- This site is optimized with the Yoast SEO plugin v26.9 - https:\/\/yoast.com\/product\/yoast-seo-wordpress\/ -->\n<title>Costa Verde participa en la Semana Abierta de ESTGA-UA<\/title>\n<meta name=\"description\" content=\"Costa Verde estuvo presente en la Semana Abierta de ESTGA-UA&#039;25, contribuyendo a la reflexi\u00f3n sobre innovaci\u00f3n y crecimiento empresarial.\" \/>\n<meta name=\"robots\" content=\"index, follow, max-snippet:-1, max-image-preview:large, max-video-preview:-1\" \/>\n<link rel=\"canonical\" href=\"https:\/\/pro.costa-verde.com\/costa-verde-participa-na-semana-aberta-da-estga-ua\/\" \/>\n<meta property=\"og:locale\" content=\"es_ES\" \/>\n<meta property=\"og:type\" content=\"article\" \/>\n<meta property=\"og:title\" content=\"Costa Verde participa en la Semana Abierta de ESTGA-UA\" \/>\n<meta property=\"og:description\" content=\"Costa Verde estuvo presente en la Semana Abierta de ESTGA-UA&#039;25, contribuyendo a la reflexi\u00f3n sobre innovaci\u00f3n y crecimiento empresarial.\" \/>\n<meta property=\"og:url\" content=\"https:\/\/pro.costa-verde.com\/costa-verde-participa-na-semana-aberta-da-estga-ua\/\" \/>\n<meta property=\"og:site_name\" content=\"Costa Verde\" \/>\n<meta property=\"article:publisher\" content=\"https:\/\/www.facebook.com\/costaverdeporcelanas\/\" \/>\n<meta property=\"article:modified_time\" content=\"2025-03-14T14:17:09+00:00\" \/>\n<meta property=\"og:image\" content=\"https:\/\/pro.costa-verde.com\/wp-content\/uploads\/2025\/03\/1741272155831.jpeg\" \/>\n\t<meta property=\"og:image:width\" content=\"1600\" \/>\n\t<meta property=\"og:image:height\" content=\"1066\" \/>\n\t<meta property=\"og:image:type\" content=\"image\/jpeg\" \/>\n<meta name=\"twitter:card\" content=\"summary_large_image\" \/>\n<meta name=\"twitter:label1\" content=\"Tiempo de lectura\" \/>\n\t<meta name=\"twitter:data1\" content=\"1 minuto\" \/>\n<script type=\"application\/ld+json\" class=\"yoast-schema-graph\">{\"@context\":\"https:\/\/schema.org\",\"@graph\":[{\"@type\":\"WebPage\",\"@id\":\"https:\/\/pro.costa-verde.com\/costa-verde-participa-na-semana-aberta-da-estga-ua\/\",\"url\":\"https:\/\/pro.costa-verde.com\/costa-verde-participa-na-semana-aberta-da-estga-ua\/\",\"name\":\"Costa Verde participa en la Semana Abierta de ESTGA-UA\",\"isPartOf\":{\"@id\":\"https:\/\/pro.costa-verde.com\/#website\"},\"primaryImageOfPage\":{\"@id\":\"https:\/\/pro.costa-verde.com\/costa-verde-participa-na-semana-aberta-da-estga-ua\/#primaryimage\"},\"image\":{\"@id\":\"https:\/\/pro.costa-verde.com\/costa-verde-participa-na-semana-aberta-da-estga-ua\/#primaryimage\"},\"thumbnailUrl\":\"https:\/\/pro.costa-verde.com\/wp-content\/uploads\/2025\/03\/1741272155831.jpeg\",\"datePublished\":\"2025-03-14T14:14:51+00:00\",\"dateModified\":\"2025-03-14T14:17:09+00:00\",\"description\":\"Costa Verde estuvo presente en la Semana Abierta de ESTGA-UA'25, contribuyendo a la reflexi\u00f3n sobre innovaci\u00f3n y crecimiento empresarial.\",\"breadcrumb\":{\"@id\":\"https:\/\/pro.costa-verde.com\/costa-verde-participa-na-semana-aberta-da-estga-ua\/#breadcrumb\"},\"inLanguage\":\"es\",\"potentialAction\":[{\"@type\":\"ReadAction\",\"target\":[\"https:\/\/pro.costa-verde.com\/costa-verde-participa-na-semana-aberta-da-estga-ua\/\"]}]},{\"@type\":\"ImageObject\",\"inLanguage\":\"es\",\"@id\":\"https:\/\/pro.costa-verde.com\/costa-verde-participa-na-semana-aberta-da-estga-ua\/#primaryimage\",\"url\":\"https:\/\/pro.costa-verde.com\/wp-content\/uploads\/2025\/03\/1741272155831.jpeg\",\"contentUrl\":\"https:\/\/pro.costa-verde.com\/wp-content\/uploads\/2025\/03\/1741272155831.jpeg\",\"width\":1600,\"height\":1066},{\"@type\":\"BreadcrumbList\",\"@id\":\"https:\/\/pro.costa-verde.com\/costa-verde-participa-na-semana-aberta-da-estga-ua\/#breadcrumb\",\"itemListElement\":[{\"@type\":\"ListItem\",\"position\":1,\"name\":\"In\u00edcio\",\"item\":\"https:\/\/pro.costa-verde.com\/es\/\"},{\"@type\":\"ListItem\",\"position\":2,\"name\":\"Costa Verde participa en la Semana Abierta de ESTGA-UA\"}]},{\"@type\":\"WebSite\",\"@id\":\"https:\/\/pro.costa-verde.com\/#website\",\"url\":\"https:\/\/pro.costa-verde.com\/\",\"name\":\"Costa Verde\",\"description\":\"Loja Online\",\"potentialAction\":[{\"@type\":\"SearchAction\",\"target\":{\"@type\":\"EntryPoint\",\"urlTemplate\":\"https:\/\/pro.costa-verde.com\/?s={search_term_string}\"},\"query-input\":{\"@type\":\"PropertyValueSpecification\",\"valueRequired\":true,\"valueName\":\"search_term_string\"}}],\"inLanguage\":\"es\"}]}<\/script>\n<!-- \/ Yoast SEO plugin. -->","yoast_head_json":{"title":"Costa Verde participa en la Semana Abierta de ESTGA-UA","description":"Costa Verde estuvo presente en la Semana Abierta de ESTGA-UA'25, contribuyendo a la reflexi\u00f3n sobre innovaci\u00f3n y crecimiento empresarial.","robots":{"index":"index","follow":"follow","max-snippet":"max-snippet:-1","max-image-preview":"max-image-preview:large","max-video-preview":"max-video-preview:-1"},"canonical":"https:\/\/pro.costa-verde.com\/costa-verde-participa-na-semana-aberta-da-estga-ua\/","og_locale":"es_ES","og_type":"article","og_title":"Costa Verde participa en la Semana Abierta de ESTGA-UA","og_description":"Costa Verde estuvo presente en la Semana Abierta de ESTGA-UA'25, contribuyendo a la reflexi\u00f3n sobre innovaci\u00f3n y crecimiento empresarial.","og_url":"https:\/\/pro.costa-verde.com\/costa-verde-participa-na-semana-aberta-da-estga-ua\/","og_site_name":"Costa Verde","article_publisher":"https:\/\/www.facebook.com\/costaverdeporcelanas\/","article_modified_time":"2025-03-14T14:17:09+00:00","og_image":[{"width":1600,"height":1066,"url":"https:\/\/pro.costa-verde.com\/wp-content\/uploads\/2025\/03\/1741272155831.jpeg","type":"image\/jpeg"}],"twitter_card":"summary_large_image","twitter_misc":{"Tiempo de lectura":"1 minuto"},"schema":{"@context":"https:\/\/schema.org","@graph":[{"@type":"WebPage","@id":"https:\/\/pro.costa-verde.com\/costa-verde-participa-na-semana-aberta-da-estga-ua\/","url":"https:\/\/pro.costa-verde.com\/costa-verde-participa-na-semana-aberta-da-estga-ua\/","name":"Costa Verde participa en la Semana Abierta de ESTGA-UA","isPartOf":{"@id":"https:\/\/pro.costa-verde.com\/#website"},"primaryImageOfPage":{"@id":"https:\/\/pro.costa-verde.com\/costa-verde-participa-na-semana-aberta-da-estga-ua\/#primaryimage"},"image":{"@id":"https:\/\/pro.costa-verde.com\/costa-verde-participa-na-semana-aberta-da-estga-ua\/#primaryimage"},"thumbnailUrl":"https:\/\/pro.costa-verde.com\/wp-content\/uploads\/2025\/03\/1741272155831.jpeg","datePublished":"2025-03-14T14:14:51+00:00","dateModified":"2025-03-14T14:17:09+00:00","description":"Costa Verde estuvo presente en la Semana Abierta de ESTGA-UA'25, contribuyendo a la reflexi\u00f3n sobre innovaci\u00f3n y crecimiento empresarial.","breadcrumb":{"@id":"https:\/\/pro.costa-verde.com\/costa-verde-participa-na-semana-aberta-da-estga-ua\/#breadcrumb"},"inLanguage":"es","potentialAction":[{"@type":"ReadAction","target":["https:\/\/pro.costa-verde.com\/costa-verde-participa-na-semana-aberta-da-estga-ua\/"]}]},{"@type":"ImageObject","inLanguage":"es","@id":"https:\/\/pro.costa-verde.com\/costa-verde-participa-na-semana-aberta-da-estga-ua\/#primaryimage","url":"https:\/\/pro.costa-verde.com\/wp-content\/uploads\/2025\/03\/1741272155831.jpeg","contentUrl":"https:\/\/pro.costa-verde.com\/wp-content\/uploads\/2025\/03\/1741272155831.jpeg","width":1600,"height":1066},{"@type":"BreadcrumbList","@id":"https:\/\/pro.costa-verde.com\/costa-verde-participa-na-semana-aberta-da-estga-ua\/#breadcrumb","itemListElement":[{"@type":"ListItem","position":1,"name":"In\u00edcio","item":"https:\/\/pro.costa-verde.com\/es\/"},{"@type":"ListItem","position":2,"name":"Costa Verde participa en la Semana Abierta de ESTGA-UA"}]},{"@type":"WebSite","@id":"https:\/\/pro.costa-verde.com\/#website","url":"https:\/\/pro.costa-verde.com\/","name":"Costa Verde","description":"Loja Online","potentialAction":[{"@type":"SearchAction","target":{"@type":"EntryPoint","urlTemplate":"https:\/\/pro.costa-verde.com\/?s={search_term_string}"},"query-input":{"@type":"PropertyValueSpecification","valueRequired":true,"valueName":"search_term_string"}}],"inLanguage":"es"}]}},"_links":{"self":[{"href":"https:\/\/pro.costa-verde.com\/es\/wp-json\/wp\/v2\/pages\/63769","targetHints":{"allow":["GET"]}}],"collection":[{"href":"https:\/\/pro.costa-verde.com\/es\/wp-json\/wp\/v2\/pages"}],"about":[{"href":"https:\/\/pro.costa-verde.com\/es\/wp-json\/wp\/v2\/types\/page"}],"author":[{"embeddable":true,"href":"https:\/\/pro.costa-verde.com\/es\/wp-json\/wp\/v2\/users\/438"}],"replies":[{"embeddable":true,"href":"https:\/\/pro.costa-verde.com\/es\/wp-json\/wp\/v2\/comments?post=63769"}],"version-history":[{"count":4,"href":"https:\/\/pro.costa-verde.com\/es\/wp-json\/wp\/v2\/pages\/63769\/revisions"}],"predecessor-version":[{"id":63788,"href":"https:\/\/pro.costa-verde.com\/es\/wp-json\/wp\/v2\/pages\/63769\/revisions\/63788"}],"wp:featuredmedia":[{"embeddable":true,"href":"https:\/\/pro.costa-verde.com\/es\/wp-json\/wp\/v2\/media\/63777"}],"wp:attachment":[{"href":"https:\/\/pro.costa-verde.com\/es\/wp-json\/wp\/v2\/media?parent=63769"}],"curies":[{"name":"wp","href":"https:\/\/api.w.org\/{rel}","templated":true}]}}