{"id":63693,"date":"2025-03-14T12:04:20","date_gmt":"2025-03-14T12:04:20","guid":{"rendered":"https:\/\/pro.costa-verde.com\/?page_id=63693"},"modified":"2025-03-14T12:05:53","modified_gmt":"2025-03-14T12:05:53","slug":"costa-verde-refuerza-su-presencia-en-la-embajada-de-portugal-en-corea-del-sur","status":"publish","type":"page","link":"https:\/\/pro.costa-verde.com\/es\/costa-verde-refuerza-su-presencia-en-la-embajada-de-portugal-en-corea-del-sur\/","title":{"rendered":"Costa Verde refuerza su presencia en la Embajada de Portugal en Corea del Sur"},"content":{"rendered":"\t\t<div data-elementor-type=\"wp-page\" data-elementor-id=\"63693\" class=\"elementor elementor-63693 elementor-63691\" data-elementor-post-type=\"page\">\n\t\t\t\t\t\t<section class=\"elementor-section elementor-top-section elementor-element elementor-element-4e696d57 elementor-section-boxed elementor-section-height-default elementor-section-height-default\" data-id=\"4e696d57\" data-element_type=\"section\">\n\t\t\t\t\t\t<div class=\"elementor-container elementor-column-gap-default\">\n\t\t\t\t\t<div class=\"elementor-column elementor-col-100 elementor-top-column elementor-element elementor-element-7149df70\" data-id=\"7149df70\" data-element_type=\"column\">\n\t\t\t<div class=\"elementor-widget-wrap elementor-element-populated\">\n\t\t\t\t\t\t<div class=\"elementor-element elementor-element-3311861 elementor-widget elementor-widget-image\" data-id=\"3311861\" data-element_type=\"widget\" data-widget_type=\"image.default\">\n\t\t\t\t<div class=\"elementor-widget-container\">\n\t\t\t\t\t\t\t\t\t\t\t\t\t\t\t<img fetchpriority=\"high\" decoding=\"async\" width=\"1024\" height=\"768\" src=\"https:\/\/pro.costa-verde.com\/wp-content\/uploads\/2025\/03\/CostaVerdeVSEmbaixadaCoreiadoSul-1024x768.jpeg\" class=\"attachment-large size-large wp-image-63697\" alt=\"\" srcset=\"https:\/\/pro.costa-verde.com\/wp-content\/uploads\/2025\/03\/CostaVerdeVSEmbaixadaCoreiadoSul-1024x768.jpeg 1024w, https:\/\/pro.costa-verde.com\/wp-content\/uploads\/2025\/03\/CostaVerdeVSEmbaixadaCoreiadoSul-300x225.jpeg 300w, https:\/\/pro.costa-verde.com\/wp-content\/uploads\/2025\/03\/CostaVerdeVSEmbaixadaCoreiadoSul-768x576.jpeg 768w, https:\/\/pro.costa-verde.com\/wp-content\/uploads\/2025\/03\/CostaVerdeVSEmbaixadaCoreiadoSul-600x450.jpeg 600w, https:\/\/pro.costa-verde.com\/wp-content\/uploads\/2025\/03\/CostaVerdeVSEmbaixadaCoreiadoSul-120x90.jpeg 120w, https:\/\/pro.costa-verde.com\/wp-content\/uploads\/2025\/03\/CostaVerdeVSEmbaixadaCoreiadoSul.jpeg 1440w\" sizes=\"(max-width: 1024px) 100vw, 1024px\" \/>\t\t\t\t\t\t\t\t\t\t\t\t\t\t\t<\/div>\n\t\t\t\t<\/div>\n\t\t\t\t<div class=\"elementor-element elementor-element-7843fbcb elementor-widget elementor-widget-text-editor\" data-id=\"7843fbcb\" data-element_type=\"widget\" data-widget_type=\"text-editor.default\">\n\t\t\t\t<div class=\"elementor-widget-container\">\n\t\t\t\t\t\t\t\t\t<p style=\"text-align: justify;\"><a href=\"https:\/\/pro.costa-verde.com\/es\/\"><strong>Costa Verde<\/strong><\/a>, referencia en la producci\u00f3n de porcelana de alta calidad, se enorgullece de anunciar que sus piezas pasan a formar parte de los actos oficiales de la <a href=\"https:\/\/seul.embaixadaportugal.mne.gov.pt\/pt\/\"><strong>Embajada de Portugal en Corea del Sur<\/strong><\/a>. Este hito refuerza la presencia internacional de la marca, que ya est\u00e1 presente en m\u00e1s de 50 locales en todo el mundo.<\/p><p style=\"text-align: justify;\"><a href=\"https:\/\/seul.embaixadaportugal.mne.gov.pt\/pt\/\"><strong>La Embajada de Portugal en Se\u00fal<\/strong><\/a> ya puede contar con la excelencia y sofisticaci\u00f3n de la porcelana Costa Verde para sus eventos p\u00fablicos y privados, reafirmando el compromiso de la empresa con la calidad, la innovaci\u00f3n y la sostenibilidad. Este reconocimiento es un reflejo de la confianza depositada en la marca y de su contribuci\u00f3n a la proyecci\u00f3n de la cultura y tradici\u00f3n portuguesas m\u00e1s all\u00e1 de las fronteras.<\/p><p style=\"text-align: justify;\">Costa Verde desea expresar su m\u00e1s profundo agradecimiento a la Embajadora de Portugal en Corea del Sur, Dra. Susana Vaz Pato, as\u00ed como a Joana Bustamante Varros, Jefa de Misi\u00f3n para el Comercio y la Inversi\u00f3n, Consejera Econ\u00f3mica y Comercial de la Embajada de Portugal en Corea del Sur, por su elecci\u00f3n y distinci\u00f3n.<\/p><p style=\"text-align: justify;\">Con esta parcer\u00eda, Costa Verde refuerza su posici\u00f3n como marca global de excelencia, manteni\u00e9ndose fiel a su misi\u00f3n de llevar al mundo lo mejor de la porcelana portuguesa.<\/p><p style=\"text-align: justify;\">\u00a0<\/p>\t\t\t\t\t\t\t\t<\/div>\n\t\t\t\t<\/div>\n\t\t\t\t\t<\/div>\n\t\t<\/div>\n\t\t\t\t\t<\/div>\n\t\t<\/section>\n\t\t\t\t<\/div>\n\t\t","protected":false},"excerpt":{"rendered":"<p>Costa Verde, referencia en la producci\u00f3n de porcelana de alta calidad, se enorgullece de anunciar que sus piezas pasan a formar parte de los actos oficiales de la Embajada de Portugal en Corea del Sur. Este hito refuerza la presencia internacional de la marca, que ya est\u00e1 presente en m\u00e1s de 50 locales en todo [&hellip;]<\/p>\n","protected":false},"author":438,"featured_media":63697,"parent":0,"menu_order":0,"comment_status":"open","ping_status":"closed","template":"","meta":{"footnotes":""},"class_list":["post-63693","page","type-page","status-publish","has-post-thumbnail","hentry"],"yoast_head":"<!-- This site is optimized with the Yoast SEO plugin v26.9 - https:\/\/yoast.com\/product\/yoast-seo-wordpress\/ -->\n<title>Costa Verde refuerza su presencia en la Embajada de Portugal en Corea del Sur - Costa Verde<\/title>\n<meta name=\"description\" content=\"Las piezas de Costa Verde pasan a formar parte de los actos oficiales de la Embajada de Portugal en Corea del Sur. Sepa m\u00e1s!\" \/>\n<meta name=\"robots\" content=\"index, follow, max-snippet:-1, max-image-preview:large, max-video-preview:-1\" \/>\n<link rel=\"canonical\" href=\"https:\/\/pro.costa-verde.com\/costa-verde-reforca-presenca-na-embaixada-de-portugal-na-coreia-do-sul\/\" \/>\n<meta property=\"og:locale\" content=\"es_ES\" \/>\n<meta property=\"og:type\" content=\"article\" \/>\n<meta property=\"og:title\" content=\"Costa Verde refuerza su presencia en la Embajada de Portugal en Corea del Sur - Costa Verde\" \/>\n<meta property=\"og:description\" content=\"Las piezas de Costa Verde pasan a formar parte de los actos oficiales de la Embajada de Portugal en Corea del Sur. Sepa m\u00e1s!\" \/>\n<meta property=\"og:url\" content=\"https:\/\/pro.costa-verde.com\/costa-verde-reforca-presenca-na-embaixada-de-portugal-na-coreia-do-sul\/\" \/>\n<meta property=\"og:site_name\" content=\"Costa Verde\" \/>\n<meta property=\"article:publisher\" content=\"https:\/\/www.facebook.com\/costaverdeporcelanas\/\" \/>\n<meta property=\"article:modified_time\" content=\"2025-03-14T12:05:53+00:00\" \/>\n<meta property=\"og:image\" content=\"https:\/\/pro.costa-verde.com\/wp-content\/uploads\/2025\/03\/CostaVerdeVSEmbaixadaCoreiadoSul.jpeg\" \/>\n\t<meta property=\"og:image:width\" content=\"1440\" \/>\n\t<meta property=\"og:image:height\" content=\"1080\" \/>\n\t<meta property=\"og:image:type\" content=\"image\/jpeg\" \/>\n<meta name=\"twitter:card\" content=\"summary_large_image\" \/>\n<meta name=\"twitter:label1\" content=\"Tiempo de lectura\" \/>\n\t<meta name=\"twitter:data1\" content=\"2 minutos\" \/>\n<script type=\"application\/ld+json\" class=\"yoast-schema-graph\">{\"@context\":\"https:\/\/schema.org\",\"@graph\":[{\"@type\":\"WebPage\",\"@id\":\"https:\/\/pro.costa-verde.com\/costa-verde-reforca-presenca-na-embaixada-de-portugal-na-coreia-do-sul\/\",\"url\":\"https:\/\/pro.costa-verde.com\/costa-verde-reforca-presenca-na-embaixada-de-portugal-na-coreia-do-sul\/\",\"name\":\"Costa Verde refuerza su presencia en la Embajada de Portugal en Corea del Sur - Costa Verde\",\"isPartOf\":{\"@id\":\"https:\/\/pro.costa-verde.com\/#website\"},\"primaryImageOfPage\":{\"@id\":\"https:\/\/pro.costa-verde.com\/costa-verde-reforca-presenca-na-embaixada-de-portugal-na-coreia-do-sul\/#primaryimage\"},\"image\":{\"@id\":\"https:\/\/pro.costa-verde.com\/costa-verde-reforca-presenca-na-embaixada-de-portugal-na-coreia-do-sul\/#primaryimage\"},\"thumbnailUrl\":\"https:\/\/pro.costa-verde.com\/wp-content\/uploads\/2025\/03\/CostaVerdeVSEmbaixadaCoreiadoSul.jpeg\",\"datePublished\":\"2025-03-14T12:04:20+00:00\",\"dateModified\":\"2025-03-14T12:05:53+00:00\",\"description\":\"Las piezas de Costa Verde pasan a formar parte de los actos oficiales de la Embajada de Portugal en Corea del Sur. Sepa m\u00e1s!\",\"breadcrumb\":{\"@id\":\"https:\/\/pro.costa-verde.com\/costa-verde-reforca-presenca-na-embaixada-de-portugal-na-coreia-do-sul\/#breadcrumb\"},\"inLanguage\":\"es\",\"potentialAction\":[{\"@type\":\"ReadAction\",\"target\":[\"https:\/\/pro.costa-verde.com\/costa-verde-reforca-presenca-na-embaixada-de-portugal-na-coreia-do-sul\/\"]}]},{\"@type\":\"ImageObject\",\"inLanguage\":\"es\",\"@id\":\"https:\/\/pro.costa-verde.com\/costa-verde-reforca-presenca-na-embaixada-de-portugal-na-coreia-do-sul\/#primaryimage\",\"url\":\"https:\/\/pro.costa-verde.com\/wp-content\/uploads\/2025\/03\/CostaVerdeVSEmbaixadaCoreiadoSul.jpeg\",\"contentUrl\":\"https:\/\/pro.costa-verde.com\/wp-content\/uploads\/2025\/03\/CostaVerdeVSEmbaixadaCoreiadoSul.jpeg\",\"width\":1440,\"height\":1080},{\"@type\":\"BreadcrumbList\",\"@id\":\"https:\/\/pro.costa-verde.com\/costa-verde-reforca-presenca-na-embaixada-de-portugal-na-coreia-do-sul\/#breadcrumb\",\"itemListElement\":[{\"@type\":\"ListItem\",\"position\":1,\"name\":\"In\u00edcio\",\"item\":\"https:\/\/pro.costa-verde.com\/es\/\"},{\"@type\":\"ListItem\",\"position\":2,\"name\":\"Costa Verde refuerza su presencia en la Embajada de Portugal en Corea del Sur\"}]},{\"@type\":\"WebSite\",\"@id\":\"https:\/\/pro.costa-verde.com\/#website\",\"url\":\"https:\/\/pro.costa-verde.com\/\",\"name\":\"Costa Verde\",\"description\":\"Loja Online\",\"potentialAction\":[{\"@type\":\"SearchAction\",\"target\":{\"@type\":\"EntryPoint\",\"urlTemplate\":\"https:\/\/pro.costa-verde.com\/?s={search_term_string}\"},\"query-input\":{\"@type\":\"PropertyValueSpecification\",\"valueRequired\":true,\"valueName\":\"search_term_string\"}}],\"inLanguage\":\"es\"}]}<\/script>\n<!-- \/ Yoast SEO plugin. -->","yoast_head_json":{"title":"Costa Verde refuerza su presencia en la Embajada de Portugal en Corea del Sur - Costa Verde","description":"Las piezas de Costa Verde pasan a formar parte de los actos oficiales de la Embajada de Portugal en Corea del Sur. Sepa m\u00e1s!","robots":{"index":"index","follow":"follow","max-snippet":"max-snippet:-1","max-image-preview":"max-image-preview:large","max-video-preview":"max-video-preview:-1"},"canonical":"https:\/\/pro.costa-verde.com\/costa-verde-reforca-presenca-na-embaixada-de-portugal-na-coreia-do-sul\/","og_locale":"es_ES","og_type":"article","og_title":"Costa Verde refuerza su presencia en la Embajada de Portugal en Corea del Sur - Costa Verde","og_description":"Las piezas de Costa Verde pasan a formar parte de los actos oficiales de la Embajada de Portugal en Corea del Sur. Sepa m\u00e1s!","og_url":"https:\/\/pro.costa-verde.com\/costa-verde-reforca-presenca-na-embaixada-de-portugal-na-coreia-do-sul\/","og_site_name":"Costa Verde","article_publisher":"https:\/\/www.facebook.com\/costaverdeporcelanas\/","article_modified_time":"2025-03-14T12:05:53+00:00","og_image":[{"width":1440,"height":1080,"url":"https:\/\/pro.costa-verde.com\/wp-content\/uploads\/2025\/03\/CostaVerdeVSEmbaixadaCoreiadoSul.jpeg","type":"image\/jpeg"}],"twitter_card":"summary_large_image","twitter_misc":{"Tiempo de lectura":"2 minutos"},"schema":{"@context":"https:\/\/schema.org","@graph":[{"@type":"WebPage","@id":"https:\/\/pro.costa-verde.com\/costa-verde-reforca-presenca-na-embaixada-de-portugal-na-coreia-do-sul\/","url":"https:\/\/pro.costa-verde.com\/costa-verde-reforca-presenca-na-embaixada-de-portugal-na-coreia-do-sul\/","name":"Costa Verde refuerza su presencia en la Embajada de Portugal en Corea del Sur - Costa Verde","isPartOf":{"@id":"https:\/\/pro.costa-verde.com\/#website"},"primaryImageOfPage":{"@id":"https:\/\/pro.costa-verde.com\/costa-verde-reforca-presenca-na-embaixada-de-portugal-na-coreia-do-sul\/#primaryimage"},"image":{"@id":"https:\/\/pro.costa-verde.com\/costa-verde-reforca-presenca-na-embaixada-de-portugal-na-coreia-do-sul\/#primaryimage"},"thumbnailUrl":"https:\/\/pro.costa-verde.com\/wp-content\/uploads\/2025\/03\/CostaVerdeVSEmbaixadaCoreiadoSul.jpeg","datePublished":"2025-03-14T12:04:20+00:00","dateModified":"2025-03-14T12:05:53+00:00","description":"Las piezas de Costa Verde pasan a formar parte de los actos oficiales de la Embajada de Portugal en Corea del Sur. Sepa m\u00e1s!","breadcrumb":{"@id":"https:\/\/pro.costa-verde.com\/costa-verde-reforca-presenca-na-embaixada-de-portugal-na-coreia-do-sul\/#breadcrumb"},"inLanguage":"es","potentialAction":[{"@type":"ReadAction","target":["https:\/\/pro.costa-verde.com\/costa-verde-reforca-presenca-na-embaixada-de-portugal-na-coreia-do-sul\/"]}]},{"@type":"ImageObject","inLanguage":"es","@id":"https:\/\/pro.costa-verde.com\/costa-verde-reforca-presenca-na-embaixada-de-portugal-na-coreia-do-sul\/#primaryimage","url":"https:\/\/pro.costa-verde.com\/wp-content\/uploads\/2025\/03\/CostaVerdeVSEmbaixadaCoreiadoSul.jpeg","contentUrl":"https:\/\/pro.costa-verde.com\/wp-content\/uploads\/2025\/03\/CostaVerdeVSEmbaixadaCoreiadoSul.jpeg","width":1440,"height":1080},{"@type":"BreadcrumbList","@id":"https:\/\/pro.costa-verde.com\/costa-verde-reforca-presenca-na-embaixada-de-portugal-na-coreia-do-sul\/#breadcrumb","itemListElement":[{"@type":"ListItem","position":1,"name":"In\u00edcio","item":"https:\/\/pro.costa-verde.com\/es\/"},{"@type":"ListItem","position":2,"name":"Costa Verde refuerza su presencia en la Embajada de Portugal en Corea del Sur"}]},{"@type":"WebSite","@id":"https:\/\/pro.costa-verde.com\/#website","url":"https:\/\/pro.costa-verde.com\/","name":"Costa Verde","description":"Loja Online","potentialAction":[{"@type":"SearchAction","target":{"@type":"EntryPoint","urlTemplate":"https:\/\/pro.costa-verde.com\/?s={search_term_string}"},"query-input":{"@type":"PropertyValueSpecification","valueRequired":true,"valueName":"search_term_string"}}],"inLanguage":"es"}]}},"_links":{"self":[{"href":"https:\/\/pro.costa-verde.com\/es\/wp-json\/wp\/v2\/pages\/63693","targetHints":{"allow":["GET"]}}],"collection":[{"href":"https:\/\/pro.costa-verde.com\/es\/wp-json\/wp\/v2\/pages"}],"about":[{"href":"https:\/\/pro.costa-verde.com\/es\/wp-json\/wp\/v2\/types\/page"}],"author":[{"embeddable":true,"href":"https:\/\/pro.costa-verde.com\/es\/wp-json\/wp\/v2\/users\/438"}],"replies":[{"embeddable":true,"href":"https:\/\/pro.costa-verde.com\/es\/wp-json\/wp\/v2\/comments?post=63693"}],"version-history":[{"count":10,"href":"https:\/\/pro.costa-verde.com\/es\/wp-json\/wp\/v2\/pages\/63693\/revisions"}],"predecessor-version":[{"id":63752,"href":"https:\/\/pro.costa-verde.com\/es\/wp-json\/wp\/v2\/pages\/63693\/revisions\/63752"}],"wp:featuredmedia":[{"embeddable":true,"href":"https:\/\/pro.costa-verde.com\/es\/wp-json\/wp\/v2\/media\/63697"}],"wp:attachment":[{"href":"https:\/\/pro.costa-verde.com\/es\/wp-json\/wp\/v2\/media?parent=63693"}],"curies":[{"name":"wp","href":"https:\/\/api.w.org\/{rel}","templated":true}]}}