{"id":63572,"date":"2025-02-28T14:26:52","date_gmt":"2025-02-28T14:26:52","guid":{"rendered":"https:\/\/pro.costa-verde.com\/?page_id=63572"},"modified":"2025-02-28T14:41:21","modified_gmt":"2025-02-28T14:41:21","slug":"guia-michelin-2025","status":"publish","type":"page","link":"https:\/\/pro.costa-verde.com\/es\/guia-michelin-2025\/","title":{"rendered":"Guia Michelin 2025"},"content":{"rendered":"\t\t<div data-elementor-type=\"wp-page\" data-elementor-id=\"63572\" class=\"elementor elementor-63572 elementor-63570\" data-elementor-post-type=\"page\">\n\t\t\t\t\t\t<section class=\"elementor-section elementor-top-section elementor-element elementor-element-4e696d57 elementor-section-boxed elementor-section-height-default elementor-section-height-default\" data-id=\"4e696d57\" data-element_type=\"section\">\n\t\t\t\t\t\t<div class=\"elementor-container elementor-column-gap-default\">\n\t\t\t\t\t<div class=\"elementor-column elementor-col-100 elementor-top-column elementor-element elementor-element-7149df70\" data-id=\"7149df70\" data-element_type=\"column\">\n\t\t\t<div class=\"elementor-widget-wrap elementor-element-populated\">\n\t\t\t\t\t\t<div class=\"elementor-element elementor-element-3311861 elementor-widget elementor-widget-image\" data-id=\"3311861\" data-element_type=\"widget\" data-widget_type=\"image.default\">\n\t\t\t\t<div class=\"elementor-widget-container\">\n\t\t\t\t\t\t\t\t\t\t\t\t\t\t\t<img fetchpriority=\"high\" decoding=\"async\" width=\"800\" height=\"450\" src=\"https:\/\/pro.costa-verde.com\/wp-content\/uploads\/2025\/02\/Guia-Michelin-2025.jpg\" class=\"attachment-large size-large wp-image-63576\" alt=\"\" srcset=\"https:\/\/pro.costa-verde.com\/wp-content\/uploads\/2025\/02\/Guia-Michelin-2025.jpg 800w, https:\/\/pro.costa-verde.com\/wp-content\/uploads\/2025\/02\/Guia-Michelin-2025-300x169.jpg 300w, https:\/\/pro.costa-verde.com\/wp-content\/uploads\/2025\/02\/Guia-Michelin-2025-768x432.jpg 768w, https:\/\/pro.costa-verde.com\/wp-content\/uploads\/2025\/02\/Guia-Michelin-2025-600x338.jpg 600w, https:\/\/pro.costa-verde.com\/wp-content\/uploads\/2025\/02\/Guia-Michelin-2025-120x68.jpg 120w\" sizes=\"(max-width: 800px) 100vw, 800px\" \/>\t\t\t\t\t\t\t\t\t\t\t\t\t\t\t<\/div>\n\t\t\t\t<\/div>\n\t\t\t\t<div class=\"elementor-element elementor-element-7843fbcb elementor-widget elementor-widget-text-editor\" data-id=\"7843fbcb\" data-element_type=\"widget\" data-widget_type=\"text-editor.default\">\n\t\t\t\t<div class=\"elementor-widget-container\">\n\t\t\t\t\t\t\t\t\t<h5 data-start=\"1198\" data-end=\"1277\">Portugal brilla en la alta gastronom\u00eda con ocho nuevas estrellas Michelin.<\/h5>\n<p data-start=\"1198\" data-end=\"1277\">La gastronom\u00eda portuguesa ha vuelto a destacar en el panorama internacional con la concesi\u00f3n de ocho nuevas estrellas Michelin a restaurantes en Portugal.<\/p>\n<p data-start=\"1437\" data-end=\"1708\">Entre los galardonados, destaca <a href=\"https:\/\/www.marlenevieira.pt\/\"><strong>Marlene Vieira<\/strong><\/a>, quien ha recibido su primera estrella con el <a href=\"https:\/\/www.marlenevieira.pt\/\"><strong>restaurante Marlene<\/strong><\/a>, convirti\u00e9ndose en la primera mujer portuguesa en el Gu\u00eda Michelin. Actualmente, el pa\u00eds cuenta con 38 restaurantes con una estrella y 8 con dos.<\/p>\n<p data-start=\"1710\" data-end=\"1959\">Este reconocimiento internacional es un motivo de orgullo para Portugal y un gran incentivo para que la gastronom\u00eda nacional siga evolucionando, obteniendo cada vez m\u00e1s distinciones y posicionando al pa\u00eds a la vanguardia de la gastronom\u00eda mundial.<\/p>\n<p data-start=\"1961\" data-end=\"2239\"><a href=\"https:\/\/pro.costa-verde.com\/es\/?_gl=1%2Adwcvdt%2A_ga%2AMTg2MTE0MzE2Ni4xNzQwNzQ3NzMw%2A_up%2AMQ..\"><strong>Costa Verde<\/strong><\/a> trabaja diariamente en el desarrollo de nuevos productos para su uso en restaurantes de alta gastronom\u00eda. Tenemos el privilegio de colaborar con numerosos espacios de excelencia, proporcionando soluciones de vajilla que complementan la sofisticaci\u00f3n de los platos.<\/p>\n<p data-start=\"2241\" data-end=\"2447\" data-is-last-node=\"\" data-is-only-node=\"\">Nuestra dedicaci\u00f3n a la calidad y al dise\u00f1o est\u00e1 en sinton\u00eda con la exigencia de los grandes chefs, quienes buscan presentar sus creaciones en piezas que realzan cada detalle de la experiencia gastron\u00f3mica.<\/p>\n<p data-start=\"2241\" data-end=\"2447\" data-is-last-node=\"\" data-is-only-node=\"\">Sepa m\u00e1s <a href=\"https:\/\/guide.michelin.com\/pt\/pt_PT\/article\/michelin-guide-ceremony\/todas-as-estrelas-do-guia-michelin-portugal-2025\">aqu\u00ed<\/a>!<\/p>\n<p style=\"text-align: justify;\">\n<\/p>\t\t\t\t\t\t\t\t<\/div>\n\t\t\t\t<\/div>\n\t\t\t\t\t<\/div>\n\t\t<\/div>\n\t\t\t\t\t<\/div>\n\t\t<\/section>\n\t\t\t\t<\/div>\n\t\t","protected":false},"excerpt":{"rendered":"<p>Portugal brilla en la alta gastronom\u00eda con ocho nuevas estrellas Michelin. La gastronom\u00eda portuguesa ha vuelto a destacar en el panorama internacional con la concesi\u00f3n de ocho nuevas estrellas Michelin a restaurantes en Portugal. Entre los galardonados, destaca Marlene Vieira, quien ha recibido su primera estrella con el restaurante Marlene, convirti\u00e9ndose en la primera mujer [&hellip;]<\/p>\n","protected":false},"author":438,"featured_media":63576,"parent":0,"menu_order":0,"comment_status":"open","ping_status":"closed","template":"","meta":{"footnotes":""},"class_list":["post-63572","page","type-page","status-publish","has-post-thumbnail","hentry"],"yoast_head":"<!-- This site is optimized with the Yoast SEO plugin v26.9 - https:\/\/yoast.com\/product\/yoast-seo-wordpress\/ -->\n<title>Guia Michelin 2025 - Costa Verde<\/title>\n<meta name=\"description\" content=\"Portugal brilla en la alta gastronom\u00eda con ocho nuevas estrellas Michelin. Sepa m\u00e1s aqui!\" \/>\n<meta name=\"robots\" content=\"index, follow, max-snippet:-1, max-image-preview:large, max-video-preview:-1\" \/>\n<link rel=\"canonical\" href=\"https:\/\/pro.costa-verde.com\/guia-michelin-2025\/\" \/>\n<meta property=\"og:locale\" content=\"es_ES\" \/>\n<meta property=\"og:type\" content=\"article\" \/>\n<meta property=\"og:title\" content=\"Guia Michelin 2025 - Costa Verde\" \/>\n<meta property=\"og:description\" content=\"Portugal brilla en la alta gastronom\u00eda con ocho nuevas estrellas Michelin. Sepa m\u00e1s aqui!\" \/>\n<meta property=\"og:url\" content=\"https:\/\/pro.costa-verde.com\/guia-michelin-2025\/\" \/>\n<meta property=\"og:site_name\" content=\"Costa Verde\" \/>\n<meta property=\"article:publisher\" content=\"https:\/\/www.facebook.com\/costaverdeporcelanas\/\" \/>\n<meta property=\"article:modified_time\" content=\"2025-02-28T14:41:21+00:00\" \/>\n<meta property=\"og:image\" content=\"https:\/\/pro.costa-verde.com\/wp-content\/uploads\/2025\/02\/Guia-Michelin-2025.jpg\" \/>\n\t<meta property=\"og:image:width\" content=\"800\" \/>\n\t<meta property=\"og:image:height\" content=\"450\" \/>\n\t<meta property=\"og:image:type\" content=\"image\/jpeg\" \/>\n<meta name=\"twitter:card\" content=\"summary_large_image\" \/>\n<meta name=\"twitter:label1\" content=\"Tiempo de lectura\" \/>\n\t<meta name=\"twitter:data1\" content=\"2 minutos\" \/>\n<script type=\"application\/ld+json\" class=\"yoast-schema-graph\">{\"@context\":\"https:\/\/schema.org\",\"@graph\":[{\"@type\":\"WebPage\",\"@id\":\"https:\/\/pro.costa-verde.com\/guia-michelin-2025\/\",\"url\":\"https:\/\/pro.costa-verde.com\/guia-michelin-2025\/\",\"name\":\"Guia Michelin 2025 - Costa Verde\",\"isPartOf\":{\"@id\":\"https:\/\/pro.costa-verde.com\/#website\"},\"primaryImageOfPage\":{\"@id\":\"https:\/\/pro.costa-verde.com\/guia-michelin-2025\/#primaryimage\"},\"image\":{\"@id\":\"https:\/\/pro.costa-verde.com\/guia-michelin-2025\/#primaryimage\"},\"thumbnailUrl\":\"https:\/\/pro.costa-verde.com\/wp-content\/uploads\/2025\/02\/Guia-Michelin-2025.jpg\",\"datePublished\":\"2025-02-28T14:26:52+00:00\",\"dateModified\":\"2025-02-28T14:41:21+00:00\",\"description\":\"Portugal brilla en la alta gastronom\u00eda con ocho nuevas estrellas Michelin. Sepa m\u00e1s aqui!\",\"breadcrumb\":{\"@id\":\"https:\/\/pro.costa-verde.com\/guia-michelin-2025\/#breadcrumb\"},\"inLanguage\":\"es\",\"potentialAction\":[{\"@type\":\"ReadAction\",\"target\":[\"https:\/\/pro.costa-verde.com\/guia-michelin-2025\/\"]}]},{\"@type\":\"ImageObject\",\"inLanguage\":\"es\",\"@id\":\"https:\/\/pro.costa-verde.com\/guia-michelin-2025\/#primaryimage\",\"url\":\"https:\/\/pro.costa-verde.com\/wp-content\/uploads\/2025\/02\/Guia-Michelin-2025.jpg\",\"contentUrl\":\"https:\/\/pro.costa-verde.com\/wp-content\/uploads\/2025\/02\/Guia-Michelin-2025.jpg\",\"width\":800,\"height\":450},{\"@type\":\"BreadcrumbList\",\"@id\":\"https:\/\/pro.costa-verde.com\/guia-michelin-2025\/#breadcrumb\",\"itemListElement\":[{\"@type\":\"ListItem\",\"position\":1,\"name\":\"In\u00edcio\",\"item\":\"https:\/\/pro.costa-verde.com\/es\/\"},{\"@type\":\"ListItem\",\"position\":2,\"name\":\"Guia Michelin 2025\"}]},{\"@type\":\"WebSite\",\"@id\":\"https:\/\/pro.costa-verde.com\/#website\",\"url\":\"https:\/\/pro.costa-verde.com\/\",\"name\":\"Costa Verde\",\"description\":\"Loja Online\",\"potentialAction\":[{\"@type\":\"SearchAction\",\"target\":{\"@type\":\"EntryPoint\",\"urlTemplate\":\"https:\/\/pro.costa-verde.com\/?s={search_term_string}\"},\"query-input\":{\"@type\":\"PropertyValueSpecification\",\"valueRequired\":true,\"valueName\":\"search_term_string\"}}],\"inLanguage\":\"es\"}]}<\/script>\n<!-- \/ Yoast SEO plugin. -->","yoast_head_json":{"title":"Guia Michelin 2025 - Costa Verde","description":"Portugal brilla en la alta gastronom\u00eda con ocho nuevas estrellas Michelin. Sepa m\u00e1s aqui!","robots":{"index":"index","follow":"follow","max-snippet":"max-snippet:-1","max-image-preview":"max-image-preview:large","max-video-preview":"max-video-preview:-1"},"canonical":"https:\/\/pro.costa-verde.com\/guia-michelin-2025\/","og_locale":"es_ES","og_type":"article","og_title":"Guia Michelin 2025 - Costa Verde","og_description":"Portugal brilla en la alta gastronom\u00eda con ocho nuevas estrellas Michelin. Sepa m\u00e1s aqui!","og_url":"https:\/\/pro.costa-verde.com\/guia-michelin-2025\/","og_site_name":"Costa Verde","article_publisher":"https:\/\/www.facebook.com\/costaverdeporcelanas\/","article_modified_time":"2025-02-28T14:41:21+00:00","og_image":[{"width":800,"height":450,"url":"https:\/\/pro.costa-verde.com\/wp-content\/uploads\/2025\/02\/Guia-Michelin-2025.jpg","type":"image\/jpeg"}],"twitter_card":"summary_large_image","twitter_misc":{"Tiempo de lectura":"2 minutos"},"schema":{"@context":"https:\/\/schema.org","@graph":[{"@type":"WebPage","@id":"https:\/\/pro.costa-verde.com\/guia-michelin-2025\/","url":"https:\/\/pro.costa-verde.com\/guia-michelin-2025\/","name":"Guia Michelin 2025 - Costa Verde","isPartOf":{"@id":"https:\/\/pro.costa-verde.com\/#website"},"primaryImageOfPage":{"@id":"https:\/\/pro.costa-verde.com\/guia-michelin-2025\/#primaryimage"},"image":{"@id":"https:\/\/pro.costa-verde.com\/guia-michelin-2025\/#primaryimage"},"thumbnailUrl":"https:\/\/pro.costa-verde.com\/wp-content\/uploads\/2025\/02\/Guia-Michelin-2025.jpg","datePublished":"2025-02-28T14:26:52+00:00","dateModified":"2025-02-28T14:41:21+00:00","description":"Portugal brilla en la alta gastronom\u00eda con ocho nuevas estrellas Michelin. Sepa m\u00e1s aqui!","breadcrumb":{"@id":"https:\/\/pro.costa-verde.com\/guia-michelin-2025\/#breadcrumb"},"inLanguage":"es","potentialAction":[{"@type":"ReadAction","target":["https:\/\/pro.costa-verde.com\/guia-michelin-2025\/"]}]},{"@type":"ImageObject","inLanguage":"es","@id":"https:\/\/pro.costa-verde.com\/guia-michelin-2025\/#primaryimage","url":"https:\/\/pro.costa-verde.com\/wp-content\/uploads\/2025\/02\/Guia-Michelin-2025.jpg","contentUrl":"https:\/\/pro.costa-verde.com\/wp-content\/uploads\/2025\/02\/Guia-Michelin-2025.jpg","width":800,"height":450},{"@type":"BreadcrumbList","@id":"https:\/\/pro.costa-verde.com\/guia-michelin-2025\/#breadcrumb","itemListElement":[{"@type":"ListItem","position":1,"name":"In\u00edcio","item":"https:\/\/pro.costa-verde.com\/es\/"},{"@type":"ListItem","position":2,"name":"Guia Michelin 2025"}]},{"@type":"WebSite","@id":"https:\/\/pro.costa-verde.com\/#website","url":"https:\/\/pro.costa-verde.com\/","name":"Costa Verde","description":"Loja Online","potentialAction":[{"@type":"SearchAction","target":{"@type":"EntryPoint","urlTemplate":"https:\/\/pro.costa-verde.com\/?s={search_term_string}"},"query-input":{"@type":"PropertyValueSpecification","valueRequired":true,"valueName":"search_term_string"}}],"inLanguage":"es"}]}},"_links":{"self":[{"href":"https:\/\/pro.costa-verde.com\/es\/wp-json\/wp\/v2\/pages\/63572","targetHints":{"allow":["GET"]}}],"collection":[{"href":"https:\/\/pro.costa-verde.com\/es\/wp-json\/wp\/v2\/pages"}],"about":[{"href":"https:\/\/pro.costa-verde.com\/es\/wp-json\/wp\/v2\/types\/page"}],"author":[{"embeddable":true,"href":"https:\/\/pro.costa-verde.com\/es\/wp-json\/wp\/v2\/users\/438"}],"replies":[{"embeddable":true,"href":"https:\/\/pro.costa-verde.com\/es\/wp-json\/wp\/v2\/comments?post=63572"}],"version-history":[{"count":7,"href":"https:\/\/pro.costa-verde.com\/es\/wp-json\/wp\/v2\/pages\/63572\/revisions"}],"predecessor-version":[{"id":63600,"href":"https:\/\/pro.costa-verde.com\/es\/wp-json\/wp\/v2\/pages\/63572\/revisions\/63600"}],"wp:featuredmedia":[{"embeddable":true,"href":"https:\/\/pro.costa-verde.com\/es\/wp-json\/wp\/v2\/media\/63576"}],"wp:attachment":[{"href":"https:\/\/pro.costa-verde.com\/es\/wp-json\/wp\/v2\/media?parent=63572"}],"curies":[{"name":"wp","href":"https:\/\/api.w.org\/{rel}","templated":true}]}}