{"id":63418,"date":"2025-02-19T09:25:59","date_gmt":"2025-02-19T09:25:59","guid":{"rendered":"https:\/\/pro.costa-verde.com\/?page_id=63418"},"modified":"2025-02-19T09:28:11","modified_gmt":"2025-02-19T09:28:11","slug":"costa-verde-apoya-a-la-associacao-portuguesa-da-classe-vouga","status":"publish","type":"page","link":"https:\/\/pro.costa-verde.com\/es\/costa-verde-apoya-a-la-associacao-portuguesa-da-classe-vouga\/","title":{"rendered":"Costa Verde apoya a la Associa\u00e7\u00e3o Portuguesa da Classe Vouga"},"content":{"rendered":"\t\t<div data-elementor-type=\"wp-page\" data-elementor-id=\"63418\" class=\"elementor elementor-63418 elementor-63416\" data-elementor-post-type=\"page\">\n\t\t\t\t\t\t<section class=\"elementor-section elementor-top-section elementor-element elementor-element-4e696d57 elementor-section-boxed elementor-section-height-default elementor-section-height-default\" data-id=\"4e696d57\" data-element_type=\"section\">\n\t\t\t\t\t\t<div class=\"elementor-container elementor-column-gap-default\">\n\t\t\t\t\t<div class=\"elementor-column elementor-col-100 elementor-top-column elementor-element elementor-element-7149df70\" data-id=\"7149df70\" data-element_type=\"column\">\n\t\t\t<div class=\"elementor-widget-wrap elementor-element-populated\">\n\t\t\t\t\t\t<div class=\"elementor-element elementor-element-3311861 elementor-widget elementor-widget-image\" data-id=\"3311861\" data-element_type=\"widget\" data-widget_type=\"image.default\">\n\t\t\t\t<div class=\"elementor-widget-container\">\n\t\t\t\t\t\t\t\t\t\t\t\t\t\t\t<img fetchpriority=\"high\" decoding=\"async\" width=\"1024\" height=\"576\" src=\"https:\/\/pro.costa-verde.com\/wp-content\/uploads\/2025\/02\/178076_114010678740740_1898242274_o_1_2500_2500-1024x576.jpg\" class=\"attachment-large size-large wp-image-63422\" alt=\"\" srcset=\"https:\/\/pro.costa-verde.com\/wp-content\/uploads\/2025\/02\/178076_114010678740740_1898242274_o_1_2500_2500-1024x576.jpg 1024w, https:\/\/pro.costa-verde.com\/wp-content\/uploads\/2025\/02\/178076_114010678740740_1898242274_o_1_2500_2500-300x169.jpg 300w, https:\/\/pro.costa-verde.com\/wp-content\/uploads\/2025\/02\/178076_114010678740740_1898242274_o_1_2500_2500-768x432.jpg 768w, https:\/\/pro.costa-verde.com\/wp-content\/uploads\/2025\/02\/178076_114010678740740_1898242274_o_1_2500_2500-1536x864.jpg 1536w, https:\/\/pro.costa-verde.com\/wp-content\/uploads\/2025\/02\/178076_114010678740740_1898242274_o_1_2500_2500-600x338.jpg 600w, https:\/\/pro.costa-verde.com\/wp-content\/uploads\/2025\/02\/178076_114010678740740_1898242274_o_1_2500_2500-120x68.jpg 120w, https:\/\/pro.costa-verde.com\/wp-content\/uploads\/2025\/02\/178076_114010678740740_1898242274_o_1_2500_2500.jpg 2000w\" sizes=\"(max-width: 1024px) 100vw, 1024px\" \/>\t\t\t\t\t\t\t\t\t\t\t\t\t\t\t<\/div>\n\t\t\t\t<\/div>\n\t\t\t\t<div class=\"elementor-element elementor-element-7843fbcb elementor-widget elementor-widget-text-editor\" data-id=\"7843fbcb\" data-element_type=\"widget\" data-widget_type=\"text-editor.default\">\n\t\t\t\t<div class=\"elementor-widget-container\">\n\t\t\t\t\t\t\t\t\t<p><a href=\"https:\/\/pro.costa-verde.com\/es\/\"><strong>Costa Verde<\/strong><\/a> apoya a la <strong>Associa\u00e7\u00e3o Portuguesa da Classe Vouga<\/strong>, una organizaci\u00f3n que promueve el turismo n\u00e1utico en la R\u00eda de Aveiro ofreciendo actividades relacionadas con la clase Vouga.<\/p><p>Esta asociaci\u00f3n tiene una amplia experiencia en la organizaci\u00f3n de regatas y otros eventos n\u00e1uticos, los cuales enriquecen enormemente la oferta de la <strong>Estaci\u00f3n N\u00e1utica de \u00cdlhavo<\/strong>.<\/p><p>Vouga es la \u00fanica clase de vela de origen portuguesa reconocida por la <strong>Federaci\u00f3n Portuguesa de Vela<\/strong>. Creada a finales de los a\u00f1os 20 en Costa Nova, \u00cdlhavo, por el maestro constructor Ant\u00f3nio Gordinho, se extendi\u00f3 r\u00e1pidamente a otras regiones del pa\u00eds, como Lisboa, donde fue utilizada por la Mocidade Portuguesa para el entrenamiento de vela. Con una eslora de entre 6 y 6,25 metros y una superficie v\u00e9lica de 24 metros cuadrados, Vouga destacase por su elegancia, comodidad y velocidad. Originalmente construido \u00edntegramente en madera, ahora es posible utilizar un casco de fibra de vidrio, aun que los elementos esenciales, como la cubierta, el m\u00e1stil, la botavara y la ca\u00f1a del tim\u00f3n, sigan siendo de madera.<\/p><p>Esta colaboraci\u00f3n se produce en coordinaci\u00f3n con las diversas pol\u00edticas y estrategias asociadas a la sostenibilidad en Costa Verde, donde la toma de decisiones tiene en cuenta la comunidad en la que se incluye y el entorno en el que opera, teniendo en cuenta el respeto de los derechos humanos, la protecci\u00f3n del medio ambiente, el cumplimiento de las normas sociales, el respeto de los valores \u00e9ticos y la inversi\u00f3n en el desarrollo personal.<\/p>\t\t\t\t\t\t\t\t<\/div>\n\t\t\t\t<\/div>\n\t\t\t\t\t<\/div>\n\t\t<\/div>\n\t\t\t\t\t<\/div>\n\t\t<\/section>\n\t\t\t\t<\/div>\n\t\t","protected":false},"excerpt":{"rendered":"<p>Costa Verde apoya a la Associa\u00e7\u00e3o Portuguesa da Classe Vouga, una organizaci\u00f3n que promueve el turismo n\u00e1utico en la R\u00eda de Aveiro ofreciendo actividades relacionadas con la clase Vouga. Esta asociaci\u00f3n tiene una amplia experiencia en la organizaci\u00f3n de regatas y otros eventos n\u00e1uticos, los cuales enriquecen enormemente la oferta de la Estaci\u00f3n N\u00e1utica de [&hellip;]<\/p>\n","protected":false},"author":438,"featured_media":63422,"parent":0,"menu_order":0,"comment_status":"open","ping_status":"closed","template":"","meta":{"footnotes":""},"class_list":["post-63418","page","type-page","status-publish","has-post-thumbnail","hentry"],"yoast_head":"<!-- This site is optimized with the Yoast SEO plugin v26.9 - https:\/\/yoast.com\/product\/yoast-seo-wordpress\/ -->\n<title>Costa Verde apoya a la Associa\u00e7\u00e3o Portuguesa da Classe Vouga<\/title>\n<meta name=\"description\" content=\"Costa Verde apoya a la Associa\u00e7\u00e3o Portuguesa da Classe Vouga, una organizaci\u00f3n que promueve el turismo n\u00e1utico en la R\u00eda de Aveiro! Sepa m\u00e1s!\" \/>\n<meta name=\"robots\" content=\"index, follow, max-snippet:-1, max-image-preview:large, max-video-preview:-1\" \/>\n<link rel=\"canonical\" href=\"https:\/\/pro.costa-verde.com\/costa-verde-apoia-a-associacao-portuguesa-da-classe-vouga\/\" \/>\n<meta property=\"og:locale\" content=\"es_ES\" \/>\n<meta property=\"og:type\" content=\"article\" \/>\n<meta property=\"og:title\" content=\"Costa Verde apoya a la Associa\u00e7\u00e3o Portuguesa da Classe Vouga\" \/>\n<meta property=\"og:description\" content=\"Costa Verde apoya a la Associa\u00e7\u00e3o Portuguesa da Classe Vouga, una organizaci\u00f3n que promueve el turismo n\u00e1utico en la R\u00eda de Aveiro! Sepa m\u00e1s!\" \/>\n<meta property=\"og:url\" content=\"https:\/\/pro.costa-verde.com\/costa-verde-apoia-a-associacao-portuguesa-da-classe-vouga\/\" \/>\n<meta property=\"og:site_name\" content=\"Costa Verde\" \/>\n<meta property=\"article:publisher\" content=\"https:\/\/www.facebook.com\/costaverdeporcelanas\/\" \/>\n<meta property=\"article:modified_time\" content=\"2025-02-19T09:28:11+00:00\" \/>\n<meta property=\"og:image\" content=\"https:\/\/pro.costa-verde.com\/wp-content\/uploads\/2025\/02\/178076_114010678740740_1898242274_o_1_2500_2500.jpg\" \/>\n\t<meta property=\"og:image:width\" content=\"2000\" \/>\n\t<meta property=\"og:image:height\" content=\"1125\" \/>\n\t<meta property=\"og:image:type\" content=\"image\/jpeg\" \/>\n<meta name=\"twitter:card\" content=\"summary_large_image\" \/>\n<meta name=\"twitter:label1\" content=\"Tiempo de lectura\" \/>\n\t<meta name=\"twitter:data1\" content=\"2 minutos\" \/>\n<script type=\"application\/ld+json\" class=\"yoast-schema-graph\">{\"@context\":\"https:\/\/schema.org\",\"@graph\":[{\"@type\":\"WebPage\",\"@id\":\"https:\/\/pro.costa-verde.com\/costa-verde-apoia-a-associacao-portuguesa-da-classe-vouga\/\",\"url\":\"https:\/\/pro.costa-verde.com\/costa-verde-apoia-a-associacao-portuguesa-da-classe-vouga\/\",\"name\":\"Costa Verde apoya a la Associa\u00e7\u00e3o Portuguesa da Classe Vouga\",\"isPartOf\":{\"@id\":\"https:\/\/pro.costa-verde.com\/#website\"},\"primaryImageOfPage\":{\"@id\":\"https:\/\/pro.costa-verde.com\/costa-verde-apoia-a-associacao-portuguesa-da-classe-vouga\/#primaryimage\"},\"image\":{\"@id\":\"https:\/\/pro.costa-verde.com\/costa-verde-apoia-a-associacao-portuguesa-da-classe-vouga\/#primaryimage\"},\"thumbnailUrl\":\"https:\/\/pro.costa-verde.com\/wp-content\/uploads\/2025\/02\/178076_114010678740740_1898242274_o_1_2500_2500.jpg\",\"datePublished\":\"2025-02-19T09:25:59+00:00\",\"dateModified\":\"2025-02-19T09:28:11+00:00\",\"description\":\"Costa Verde apoya a la Associa\u00e7\u00e3o Portuguesa da Classe Vouga, una organizaci\u00f3n que promueve el turismo n\u00e1utico en la R\u00eda de Aveiro! Sepa m\u00e1s!\",\"breadcrumb\":{\"@id\":\"https:\/\/pro.costa-verde.com\/costa-verde-apoia-a-associacao-portuguesa-da-classe-vouga\/#breadcrumb\"},\"inLanguage\":\"es\",\"potentialAction\":[{\"@type\":\"ReadAction\",\"target\":[\"https:\/\/pro.costa-verde.com\/costa-verde-apoia-a-associacao-portuguesa-da-classe-vouga\/\"]}]},{\"@type\":\"ImageObject\",\"inLanguage\":\"es\",\"@id\":\"https:\/\/pro.costa-verde.com\/costa-verde-apoia-a-associacao-portuguesa-da-classe-vouga\/#primaryimage\",\"url\":\"https:\/\/pro.costa-verde.com\/wp-content\/uploads\/2025\/02\/178076_114010678740740_1898242274_o_1_2500_2500.jpg\",\"contentUrl\":\"https:\/\/pro.costa-verde.com\/wp-content\/uploads\/2025\/02\/178076_114010678740740_1898242274_o_1_2500_2500.jpg\",\"width\":2000,\"height\":1125},{\"@type\":\"BreadcrumbList\",\"@id\":\"https:\/\/pro.costa-verde.com\/costa-verde-apoia-a-associacao-portuguesa-da-classe-vouga\/#breadcrumb\",\"itemListElement\":[{\"@type\":\"ListItem\",\"position\":1,\"name\":\"In\u00edcio\",\"item\":\"https:\/\/pro.costa-verde.com\/es\/\"},{\"@type\":\"ListItem\",\"position\":2,\"name\":\"Costa Verde apoya a la Associa\u00e7\u00e3o Portuguesa da Classe Vouga\"}]},{\"@type\":\"WebSite\",\"@id\":\"https:\/\/pro.costa-verde.com\/#website\",\"url\":\"https:\/\/pro.costa-verde.com\/\",\"name\":\"Costa Verde\",\"description\":\"Loja Online\",\"potentialAction\":[{\"@type\":\"SearchAction\",\"target\":{\"@type\":\"EntryPoint\",\"urlTemplate\":\"https:\/\/pro.costa-verde.com\/?s={search_term_string}\"},\"query-input\":{\"@type\":\"PropertyValueSpecification\",\"valueRequired\":true,\"valueName\":\"search_term_string\"}}],\"inLanguage\":\"es\"}]}<\/script>\n<!-- \/ Yoast SEO plugin. -->","yoast_head_json":{"title":"Costa Verde apoya a la Associa\u00e7\u00e3o Portuguesa da Classe Vouga","description":"Costa Verde apoya a la Associa\u00e7\u00e3o Portuguesa da Classe Vouga, una organizaci\u00f3n que promueve el turismo n\u00e1utico en la R\u00eda de Aveiro! Sepa m\u00e1s!","robots":{"index":"index","follow":"follow","max-snippet":"max-snippet:-1","max-image-preview":"max-image-preview:large","max-video-preview":"max-video-preview:-1"},"canonical":"https:\/\/pro.costa-verde.com\/costa-verde-apoia-a-associacao-portuguesa-da-classe-vouga\/","og_locale":"es_ES","og_type":"article","og_title":"Costa Verde apoya a la Associa\u00e7\u00e3o Portuguesa da Classe Vouga","og_description":"Costa Verde apoya a la Associa\u00e7\u00e3o Portuguesa da Classe Vouga, una organizaci\u00f3n que promueve el turismo n\u00e1utico en la R\u00eda de Aveiro! Sepa m\u00e1s!","og_url":"https:\/\/pro.costa-verde.com\/costa-verde-apoia-a-associacao-portuguesa-da-classe-vouga\/","og_site_name":"Costa Verde","article_publisher":"https:\/\/www.facebook.com\/costaverdeporcelanas\/","article_modified_time":"2025-02-19T09:28:11+00:00","og_image":[{"width":2000,"height":1125,"url":"https:\/\/pro.costa-verde.com\/wp-content\/uploads\/2025\/02\/178076_114010678740740_1898242274_o_1_2500_2500.jpg","type":"image\/jpeg"}],"twitter_card":"summary_large_image","twitter_misc":{"Tiempo de lectura":"2 minutos"},"schema":{"@context":"https:\/\/schema.org","@graph":[{"@type":"WebPage","@id":"https:\/\/pro.costa-verde.com\/costa-verde-apoia-a-associacao-portuguesa-da-classe-vouga\/","url":"https:\/\/pro.costa-verde.com\/costa-verde-apoia-a-associacao-portuguesa-da-classe-vouga\/","name":"Costa Verde apoya a la Associa\u00e7\u00e3o Portuguesa da Classe Vouga","isPartOf":{"@id":"https:\/\/pro.costa-verde.com\/#website"},"primaryImageOfPage":{"@id":"https:\/\/pro.costa-verde.com\/costa-verde-apoia-a-associacao-portuguesa-da-classe-vouga\/#primaryimage"},"image":{"@id":"https:\/\/pro.costa-verde.com\/costa-verde-apoia-a-associacao-portuguesa-da-classe-vouga\/#primaryimage"},"thumbnailUrl":"https:\/\/pro.costa-verde.com\/wp-content\/uploads\/2025\/02\/178076_114010678740740_1898242274_o_1_2500_2500.jpg","datePublished":"2025-02-19T09:25:59+00:00","dateModified":"2025-02-19T09:28:11+00:00","description":"Costa Verde apoya a la Associa\u00e7\u00e3o Portuguesa da Classe Vouga, una organizaci\u00f3n que promueve el turismo n\u00e1utico en la R\u00eda de Aveiro! Sepa m\u00e1s!","breadcrumb":{"@id":"https:\/\/pro.costa-verde.com\/costa-verde-apoia-a-associacao-portuguesa-da-classe-vouga\/#breadcrumb"},"inLanguage":"es","potentialAction":[{"@type":"ReadAction","target":["https:\/\/pro.costa-verde.com\/costa-verde-apoia-a-associacao-portuguesa-da-classe-vouga\/"]}]},{"@type":"ImageObject","inLanguage":"es","@id":"https:\/\/pro.costa-verde.com\/costa-verde-apoia-a-associacao-portuguesa-da-classe-vouga\/#primaryimage","url":"https:\/\/pro.costa-verde.com\/wp-content\/uploads\/2025\/02\/178076_114010678740740_1898242274_o_1_2500_2500.jpg","contentUrl":"https:\/\/pro.costa-verde.com\/wp-content\/uploads\/2025\/02\/178076_114010678740740_1898242274_o_1_2500_2500.jpg","width":2000,"height":1125},{"@type":"BreadcrumbList","@id":"https:\/\/pro.costa-verde.com\/costa-verde-apoia-a-associacao-portuguesa-da-classe-vouga\/#breadcrumb","itemListElement":[{"@type":"ListItem","position":1,"name":"In\u00edcio","item":"https:\/\/pro.costa-verde.com\/es\/"},{"@type":"ListItem","position":2,"name":"Costa Verde apoya a la Associa\u00e7\u00e3o Portuguesa da Classe Vouga"}]},{"@type":"WebSite","@id":"https:\/\/pro.costa-verde.com\/#website","url":"https:\/\/pro.costa-verde.com\/","name":"Costa Verde","description":"Loja Online","potentialAction":[{"@type":"SearchAction","target":{"@type":"EntryPoint","urlTemplate":"https:\/\/pro.costa-verde.com\/?s={search_term_string}"},"query-input":{"@type":"PropertyValueSpecification","valueRequired":true,"valueName":"search_term_string"}}],"inLanguage":"es"}]}},"_links":{"self":[{"href":"https:\/\/pro.costa-verde.com\/es\/wp-json\/wp\/v2\/pages\/63418","targetHints":{"allow":["GET"]}}],"collection":[{"href":"https:\/\/pro.costa-verde.com\/es\/wp-json\/wp\/v2\/pages"}],"about":[{"href":"https:\/\/pro.costa-verde.com\/es\/wp-json\/wp\/v2\/types\/page"}],"author":[{"embeddable":true,"href":"https:\/\/pro.costa-verde.com\/es\/wp-json\/wp\/v2\/users\/438"}],"replies":[{"embeddable":true,"href":"https:\/\/pro.costa-verde.com\/es\/wp-json\/wp\/v2\/comments?post=63418"}],"version-history":[{"count":4,"href":"https:\/\/pro.costa-verde.com\/es\/wp-json\/wp\/v2\/pages\/63418\/revisions"}],"predecessor-version":[{"id":63437,"href":"https:\/\/pro.costa-verde.com\/es\/wp-json\/wp\/v2\/pages\/63418\/revisions\/63437"}],"wp:featuredmedia":[{"embeddable":true,"href":"https:\/\/pro.costa-verde.com\/es\/wp-json\/wp\/v2\/media\/63422"}],"wp:attachment":[{"href":"https:\/\/pro.costa-verde.com\/es\/wp-json\/wp\/v2\/media?parent=63418"}],"curies":[{"name":"wp","href":"https:\/\/api.w.org\/{rel}","templated":true}]}}